{"id":18207,"date":"2021-12-29T11:53:06","date_gmt":"2021-12-29T11:53:06","guid":{"rendered":"https:\/\/idecesos.com\/seguros\/companias\/active\/dar-de-baja\/"},"modified":"2022-01-31T16:50:52","modified_gmt":"2022-01-31T16:50:52","slug":"dar-de-baja","status":"publish","type":"page","link":"https:\/\/idecesos.com\/seguros\/companias\/active\/dar-de-baja\/","title":{"rendered":"\u00bfC\u00f3mo dar de baja seguro Active?"},"content":{"rendered":"<div id=\"ez-toc-container\" class=\"ez-toc-v2_0_82_2 ez-toc-wrap-center counter-hierarchy ez-toc-counter ez-toc-custom ez-toc-container-direction\">\n<div class=\"ez-toc-title-container\">\n<p class=\"ez-toc-title\" style=\"cursor:inherit\">Tabla de Contenido<\/p>\n<span class=\"ez-toc-title-toggle\"><a href=\"#\" class=\"ez-toc-pull-right ez-toc-btn ez-toc-btn-xs ez-toc-btn-default ez-toc-toggle\" aria-label=\"Alternar tabla de contenidos\"><span class=\"ez-toc-js-icon-con\"><span class=\"\"><span class=\"eztoc-hide\" style=\"display:none;\">Toggle<\/span><span class=\"ez-toc-icon-toggle-span\"><svg style=\"fill: #db6415;color:#db6415\" xmlns=\"http:\/\/www.w3.org\/2000\/svg\" class=\"list-377408\" width=\"20px\" height=\"20px\" viewBox=\"0 0 24 24\" fill=\"none\"><path d=\"M6 6H4v2h2V6zm14 0H8v2h12V6zM4 11h2v2H4v-2zm16 0H8v2h12v-2zM4 16h2v2H4v-2zm16 0H8v2h12v-2z\" fill=\"currentColor\"><\/path><\/svg><svg style=\"fill: #db6415;color:#db6415\" class=\"arrow-unsorted-368013\" xmlns=\"http:\/\/www.w3.org\/2000\/svg\" width=\"10px\" height=\"10px\" viewBox=\"0 0 24 24\" version=\"1.2\" baseProfile=\"tiny\"><path d=\"M18.2 9.3l-6.2-6.3-6.2 6.3c-.2.2-.3.4-.3.7s.1.5.3.7c.2.2.4.3.7.3h11c.3 0 .5-.1.7-.3.2-.2.3-.5.3-.7s-.1-.5-.3-.7zM5.8 14.7l6.2 6.3 6.2-6.3c.2-.2.3-.5.3-.7s-.1-.5-.3-.7c-.2-.2-.4-.3-.7-.3h-11c-.3 0-.5.1-.7.3-.2.2-.3.5-.3.7s.1.5.3.7z\"\/><\/svg><\/span><\/span><\/span><\/a><\/span><\/div>\n<nav><ul class='ez-toc-list ez-toc-list-level-1 ' ><li class='ez-toc-page-1 ez-toc-heading-level-2'><a class=\"ez-toc-link ez-toc-heading-1\" href=\"https:\/\/idecesos.com\/seguros\/companias\/active\/dar-de-baja\/#Diferentes_opciones_para_cancelar_un_contrato_con_Active\" >Diferentes opciones para cancelar un contrato con Active<\/a><ul class='ez-toc-list-level-3' ><li class='ez-toc-heading-level-3'><a class=\"ez-toc-link ez-toc-heading-2\" href=\"https:\/\/idecesos.com\/seguros\/companias\/active\/dar-de-baja\/#A_traves_de_la_web_de_Active\" >A trav\u00e9s de la web de Active<\/a><\/li><li class='ez-toc-page-1 ez-toc-heading-level-3'><a class=\"ez-toc-link ez-toc-heading-3\" href=\"https:\/\/idecesos.com\/seguros\/companias\/active\/dar-de-baja\/#Utilizando_el_correo_electronico_de_Active\" >Utilizando el correo electr\u00f3nico de Active<\/a><\/li><li class='ez-toc-page-1 ez-toc-heading-level-3'><a class=\"ez-toc-link ez-toc-heading-4\" href=\"https:\/\/idecesos.com\/seguros\/companias\/active\/dar-de-baja\/#Dar_de_baja_Active_por_fax\" >Dar de baja Active por fax<\/a><\/li><li class='ez-toc-page-1 ez-toc-heading-level-3'><a class=\"ez-toc-link ez-toc-heading-5\" href=\"https:\/\/idecesos.com\/seguros\/companias\/active\/dar-de-baja\/#En_la_oficina_de_Active\" >En la oficina de Active<\/a><\/li><li class='ez-toc-page-1 ez-toc-heading-level-3'><a class=\"ez-toc-link ez-toc-heading-6\" href=\"https:\/\/idecesos.com\/seguros\/companias\/active\/dar-de-baja\/#Telefono_para_dar_de_baja_Active\" >T\u00e9lefono para dar de baja Active<\/a><\/li><\/ul><\/li><li class='ez-toc-page-1 ez-toc-heading-level-2'><a class=\"ez-toc-link ez-toc-heading-7\" href=\"https:\/\/idecesos.com\/seguros\/companias\/active\/dar-de-baja\/#Dar_de_baja_seguro_Active_de_un_fallecido\" >Dar de baja seguro Active de un fallecido<\/a><ul class='ez-toc-list-level-3' ><li class='ez-toc-heading-level-3'><a class=\"ez-toc-link ez-toc-heading-8\" href=\"https:\/\/idecesos.com\/seguros\/companias\/active\/dar-de-baja\/#Paginas_relacionadas\" >P\u00e1ginas relacionadas<\/a><\/li><\/ul><\/li><\/ul><\/nav><\/div>\n<p> Sigue los pasos que te indicamos para que puedas dar de baja tu seguro de decesos. Para que puedas conocer los datos de tu aseguradora, deber\u00e1s revisar tu contrato o bien factura. Cuando sepas la informaci\u00f3n de tu compa\u00f1\u00eda, vas a poder conocer su direcci\u00f3n de forma m\u00e1s precisa merced a internet. Tras conseguir la direcci\u00f3n de la compa\u00f1\u00eda, debe llamar al tel\u00e9fono de atenci\u00f3n al usuario para poder dar de baja su seguro de decesos. Cuando finalices de charlar con atenci\u00f3n al usuario, te indicar\u00e1n que puedes pedir la baja del seguro mediante el tel\u00e9fono o bien mail. Comunica a tu compa\u00f1\u00eda aseguradora tu deseo de darte de baja de su seguro de decesos. <div class=\"colorf \"  ><div class=\"container clearfix\"><div class=\"col-md-7\"><\/p>\r\n<h2><span class=\"ez-toc-section\" id=\"Diferentes_opciones_para_cancelar_un_contrato_con_Active\"><\/span>Diferentes opciones para cancelar un contrato con Active<span class=\"ez-toc-section-end\"><\/span><\/h2>\r\n<!-- \/wp:post-content -->\r\n\r\n<!-- wp:paragraph -->\r\n<p>Cada empresa aseguradora de seguros de decesos funciona de una forma diferente, pero la gran mayor\u00eda le solicitan a sus clientes del servicio que rellenen un documento en el que ponga sus deseos de darse de baja de sus servicios. Para lograr el documento, puedes ponerte en contacto con nosotros en el 951 127 403 o en el info@idecesos. com. Como hemos comentado, son diferentes las formas que tienes para dar de baja tu seguro. Una de ellas es a trav\u00e9s de el env\u00edo de una carta certificada con la notificaci\u00f3n de la cancelaci\u00f3n del contrato. Si quieres evitar inconvenientes en un futuro, haz una backup a la cancelaci\u00f3n del contrato. Si no te persuade este procedimiento, puedes emplear otras formas para dar de baja tu seguro de decesos en la Active. <\/div><\/div><\/div><\/p>\r\n<h3><span class=\"ez-toc-section\" id=\"A_traves_de_la_web_de_Active\"><\/span>A trav\u00e9s de la web de Active<span class=\"ez-toc-section-end\"><\/span><\/h3>\r\n<p>Ya antes de proceder a efectuar la baja del seguro, haz una revisi\u00f3n y verifica que todos y cada uno de los datos est\u00e9n bien. \u00bfDe qu\u00e9 forma puedo anular mi seguro de decesos en internet a trav\u00e9s de la p\u00e1gina web de la compa\u00f1\u00eda de seguros?Para poder dar de baja tu seguro, deber\u00e1s asistir al buscador de su p\u00e1gina y elegir la opci\u00f3n m\u00e1s asequible. Si no encuentras la opci\u00f3n de dar de baja tu seguro por la p\u00e1gina de la compa\u00f1\u00eda, deber\u00e1s ponerte en contacto con ellos por tel\u00e9fono. De todas maneras, debe rellenar el formulario y descargar los documentos que se te solicitan a fin de que la petici\u00f3n sea v\u00e1lida. Si observas que no recibes la confirmaci\u00f3n de la baja del seguro, puede ser por el hecho de que los datos expuestos est\u00e9n mal escritos. <div class=\"colorf \"  ><div class=\"container clearfix\"><div class=\"col-md-7\"><\/p>\r\n<h3><span class=\"ez-toc-section\" id=\"Utilizando_el_correo_electronico_de_Active\"><\/span>Utilizando el correo electr\u00f3nico de Active<span class=\"ez-toc-section-end\"><\/span><\/h3>\r\n<p>Otra alternativa, es dar de baja su seguro de decesos Active por mail. Utilizando la direcci\u00f3n de correo email Active, tendr\u00e1s todo solucionado de forma r\u00e1pida. Va a deber enviar lo siguiente: copia de su documento de identidad y, la notificaci\u00f3n adecuadamente firmada con sus datos personales, que va a poder localizarla en la web de la compa\u00f1\u00eda o, poni\u00e9ndose en contacto con nosotros al 951 127 403 o bien info@idecesos. com. Va a deber guardar una copia sellada y tener un justificante de recibo a fin de que su ejecuci\u00f3n pueda realizarse. Es necesario, para prevenir futuros problemas, que guarde, de forma segura, una imitaci\u00f3n de la notificaci\u00f3n con la fecha adecuada de env\u00edo. <\/div><\/div><\/div><\/p>\r\n<h3><span class=\"ez-toc-section\" id=\"Dar_de_baja_Active_por_fax\"><\/span>Dar de baja Active por fax<span class=\"ez-toc-section-end\"><\/span><\/h3>\r\n<p>El fax es otro elemento por el que va a poder darse de baja del seguro de decesos de Active. Su procedimiento es muy semejante al que acabamos de explicar del correo ya que en vez de mandarlo por correo deber\u00e1 hacerlo v\u00eda fax. Env\u00edale a la compa\u00f1\u00eda una imitaci\u00f3n de tu DNI y el documento firmado con la petici\u00f3n de la baja del seguro de decesos. Si no la encuesta, ll\u00e1menos a este n\u00famero y te la vamos a facilitar 951 127 403. Le recordamos que, de la misma manera que en todas las opciones, debe guardar una copia sellada y tener un justificante de su recibo. La copia de la notificaci\u00f3n con la data de env\u00edo asimismo es importante que la guardes. <div class=\"colorf \"  ><div class=\"container clearfix\"><div class=\"col-md-7\"><\/p>\r\n<h3><span class=\"ez-toc-section\" id=\"En_la_oficina_de_Active\"><\/span>En la oficina de Active<span class=\"ez-toc-section-end\"><\/span><\/h3>\r\n<p>Si usted desea ir presencialmente a una oficina de Active asimismo podr\u00e1 darse de baja all\u00ed directamente. Hallar\u00e1 la oficina, m\u00e1s cercana a su casa, haciendo una b\u00fasqueda en Internet. Active dispone de unos expertos, altamente cualificados, que van a estar a su predisposici\u00f3n para ayudarle con los documentos que debe rellenar y firmar. Es tan f\u00e1cil como seguir los pasos que le vayan marcando. Debe recordar, llevar su DNI, en tanto que es preciso para llenar, agradablemente, el proceso. La finalidad del proceso ser\u00e1 muy r\u00e1pida y sencilla, los especialistas se encargar\u00e1n de entregarle copia de cada documento y, acabar de gestionar las gestiones. <\/div><\/div><\/div><\/p>\r\n<h3><span class=\"ez-toc-section\" id=\"Telefono_para_dar_de_baja_Active\"><\/span>T\u00e9lefono para dar de baja Active<span class=\"ez-toc-section-end\"><\/span><\/h3>\r\n<p>Ponerse en contacto con la compa\u00f1\u00eda mediante su tel\u00e9fono es uno de los m\u00e9todos m\u00e1s eficaces. Te aconsejamos que utilices el tel\u00e9fono que te se\u00f1alamos a continuaci\u00f3n para que la llamada sea gratis y contactes con un agente que te asesore. La solicitud de baja va a quedar grabada probando que es el tomador de la p\u00f3liza el que solicita el fin del contrato del seguro de decesos. Para facilitarte la tarea, vas a poder acceder a iDecesos y solicitar la baja de tu seguro de decesos con solo pedir una autorizaci\u00f3n legal. <div class=\"colorf \"  ><div class=\"container clearfix\"><div class=\"col-md-7\"><\/p>\r\n<h2><span class=\"ez-toc-section\" id=\"Dar_de_baja_seguro_Active_de_un_fallecido\"><\/span>Dar de baja seguro Active de un fallecido<span class=\"ez-toc-section-end\"><\/span><\/h2>\r\n<p>Una vez ocurre el siniestro por fallecimiento el servicio de asistencia del seguro de decesos de Active, lo notifica y expone en la intranet de la aseguradora a fin de que conste la baja y la descripci\u00f3n del servicio l\u00fagubre. Cuando el asegurado muere, todos y cada uno de los recibos se cancelan y se va a cobrar solo por aquellas personas que prosigan aseguradas. Los costes se efectuar\u00e1n teniendo en cuenta la tabla de las primas que los asegurados tienen contratados con la empresa de seguros en cuesti\u00f3n. <\/div><\/div><\/div> <div class=\"oficinas\"> <h3><span class=\"ez-toc-section\" id=\"Paginas_relacionadas\"><\/span>P\u00e1ginas relacionadas<span class=\"ez-toc-section-end\"><\/span><\/h3><div class=\"enlazado\"><ul> <li><a href=\"https:\/\/idecesos.com\/seguros\/companias\/active\/opiniones\/\">Opiniones Active<\/a><\/li> <li><a href=\"https:\/\/idecesos.com\/seguros\/companias\/active\/precio\/\">Precio seguro Active<\/a><\/li> <li><a href=\"https:\/\/idecesos.com\/seguros\/companias\/active\/prima-mixta\/\">Active Prima Mixta<\/a><\/li> <li><a href=\"https:\/\/idecesos.com\/seguros\/companias\/active\/prima-natural\/\">Active Prima Natural<\/a><\/li> <li><a href=\"https:\/\/idecesos.com\/seguros\/companias\/active\/prima-nivelada\/\">Active Prima Nivelada<\/a><\/li> <li><a href=\"https:\/\/idecesos.com\/seguros\/companias\/active\/prima-unica\/\">Active Prima \u00danica<\/a><\/li> <li><a href=\"https:\/\/idecesos.com\/seguros\/companias\/active\/repatriacion\/\">Active Repatriaci\u00f3n<\/a><\/li> <li><a href=\"https:\/\/idecesos.com\/seguros\/companias\/active\/telefono\/\">Tel\u00e9fono Gratuito Active<\/a><\/li><\/ul><\/div> <\/div><\/p>","protected":false},"excerpt":{"rendered":"<p>Sigue los pasos que te indicamos para que puedas dar de baja tu seguro de decesos. Para que puedas conocer los datos de tu aseguradora, deber\u00e1s revisar tu contrato o bien factura. Cuando sepas la informaci\u00f3n de tu compa\u00f1\u00eda, vas a poder conocer su direcci\u00f3n de forma m\u00e1s precisa merced a internet. Tras conseguir la&hellip; <\/p>\n","protected":false},"author":1,"featured_media":0,"parent":213,"menu_order":0,"comment_status":"closed","ping_status":"closed","template":"single.php","meta":{"footnotes":""},"class_list":["post-18207","page","type-page","status-publish","hentry"],"yoast_head":"<!-- This site is optimized with the Yoast SEO plugin v27.3 - https:\/\/yoast.com\/product\/yoast-seo-wordpress\/ -->\n<title>\u00bfC\u00f3mo dar de Baja o Cancelar Seguro de Decesos Active?<\/title>\n<meta name=\"description\" content=\"Obt\u00e9n aqu\u00ed\u3010c\u00f3mo dar de baja o cancelar seguro de decesos Active\u3011Modelo carta, fax, correo electr\u00f3nico (email), tel\u00e9fono gratis.\" \/>\n<meta name=\"robots\" content=\"index, follow, max-snippet:-1, max-image-preview:large, max-video-preview:-1\" \/>\n<link rel=\"canonical\" href=\"https:\/\/idecesos.com\/seguros\/companias\/active\/dar-de-baja\/\" \/>\n<meta property=\"og:locale\" content=\"es_ES\" \/>\n<meta property=\"og:type\" content=\"article\" \/>\n<meta property=\"og:title\" content=\"\u00bfC\u00f3mo dar de Baja o Cancelar Seguro de Decesos Active?\" \/>\n<meta property=\"og:description\" content=\"Obt\u00e9n aqu\u00ed\u3010c\u00f3mo dar de baja o cancelar seguro de decesos Active\u3011Modelo carta, fax, correo electr\u00f3nico (email), tel\u00e9fono gratis.\" \/>\n<meta property=\"og:url\" content=\"https:\/\/idecesos.com\/seguros\/companias\/active\/dar-de-baja\/\" \/>\n<meta property=\"article:modified_time\" content=\"2022-01-31T16:50:52+00:00\" \/>\n<meta name=\"twitter:card\" content=\"summary_large_image\" \/>\n<meta name=\"twitter:label1\" content=\"Tiempo de lectura\" \/>\n\t<meta name=\"twitter:data1\" content=\"15 minutos\" \/>\n<script type=\"application\/ld+json\" class=\"yoast-schema-graph\">{\"@context\":\"https:\\\/\\\/schema.org\",\"@graph\":[{\"@type\":\"WebPage\",\"@id\":\"https:\\\/\\\/idecesos.com\\\/seguros\\\/companias\\\/active\\\/dar-de-baja\\\/\",\"url\":\"https:\\\/\\\/idecesos.com\\\/seguros\\\/companias\\\/active\\\/dar-de-baja\\\/\",\"name\":\"\u00bfC\u00f3mo dar de Baja o Cancelar Seguro de Decesos Active?\",\"isPartOf\":{\"@id\":\"https:\\\/\\\/idecesos.com\\\/seguros\\\/#website\"},\"datePublished\":\"2021-12-29T11:53:06+00:00\",\"dateModified\":\"2022-01-31T16:50:52+00:00\",\"description\":\"Obt\u00e9n aqu\u00ed\u3010c\u00f3mo dar de baja o cancelar seguro de decesos Active\u3011Modelo carta, fax, correo electr\u00f3nico (email), tel\u00e9fono gratis.\",\"breadcrumb\":{\"@id\":\"https:\\\/\\\/idecesos.com\\\/seguros\\\/companias\\\/active\\\/dar-de-baja\\\/#breadcrumb\"},\"inLanguage\":\"es\",\"potentialAction\":[{\"@type\":\"ReadAction\",\"target\":[\"https:\\\/\\\/idecesos.com\\\/seguros\\\/companias\\\/active\\\/dar-de-baja\\\/\"]}]},{\"@type\":\"BreadcrumbList\",\"@id\":\"https:\\\/\\\/idecesos.com\\\/seguros\\\/companias\\\/active\\\/dar-de-baja\\\/#breadcrumb\",\"itemListElement\":[{\"@type\":\"ListItem\",\"position\":1,\"name\":\"Portada\",\"item\":\"https:\\\/\\\/idecesos.com\\\/seguros\\\/\"},{\"@type\":\"ListItem\",\"position\":2,\"name\":\"Compa\u00f1\u00edas de Seguros de Decesos en Espa\u00f1a\",\"item\":\"https:\\\/\\\/idecesos.com\\\/seguros\\\/companias\\\/\"},{\"@type\":\"ListItem\",\"position\":3,\"name\":\"Seguro de Decesos Active\",\"item\":\"https:\\\/\\\/idecesos.com\\\/seguros\\\/companias\\\/active\\\/\"},{\"@type\":\"ListItem\",\"position\":4,\"name\":\"\u00bfC\u00f3mo dar de baja seguro Active?\"}]},{\"@type\":\"WebSite\",\"@id\":\"https:\\\/\\\/idecesos.com\\\/seguros\\\/#website\",\"url\":\"https:\\\/\\\/idecesos.com\\\/seguros\\\/\",\"name\":\"\",\"description\":\"\",\"potentialAction\":[{\"@type\":\"SearchAction\",\"target\":{\"@type\":\"EntryPoint\",\"urlTemplate\":\"https:\\\/\\\/idecesos.com\\\/seguros\\\/?s={search_term_string}\"},\"query-input\":{\"@type\":\"PropertyValueSpecification\",\"valueRequired\":true,\"valueName\":\"search_term_string\"}}],\"inLanguage\":\"es\"}]}<\/script>\n<!-- \/ Yoast SEO plugin. -->","yoast_head_json":{"title":"\u00bfC\u00f3mo dar de Baja o Cancelar Seguro de Decesos Active?","description":"Obt\u00e9n aqu\u00ed\u3010c\u00f3mo dar de baja o cancelar seguro de decesos Active\u3011Modelo carta, fax, correo electr\u00f3nico (email), tel\u00e9fono gratis.","robots":{"index":"index","follow":"follow","max-snippet":"max-snippet:-1","max-image-preview":"max-image-preview:large","max-video-preview":"max-video-preview:-1"},"canonical":"https:\/\/idecesos.com\/seguros\/companias\/active\/dar-de-baja\/","og_locale":"es_ES","og_type":"article","og_title":"\u00bfC\u00f3mo dar de Baja o Cancelar Seguro de Decesos Active?","og_description":"Obt\u00e9n aqu\u00ed\u3010c\u00f3mo dar de baja o cancelar seguro de decesos Active\u3011Modelo carta, fax, correo electr\u00f3nico (email), tel\u00e9fono gratis.","og_url":"https:\/\/idecesos.com\/seguros\/companias\/active\/dar-de-baja\/","article_modified_time":"2022-01-31T16:50:52+00:00","twitter_card":"summary_large_image","twitter_misc":{"Tiempo de lectura":"15 minutos"},"schema":{"@context":"https:\/\/schema.org","@graph":[{"@type":"WebPage","@id":"https:\/\/idecesos.com\/seguros\/companias\/active\/dar-de-baja\/","url":"https:\/\/idecesos.com\/seguros\/companias\/active\/dar-de-baja\/","name":"\u00bfC\u00f3mo dar de Baja o Cancelar Seguro de Decesos Active?","isPartOf":{"@id":"https:\/\/idecesos.com\/seguros\/#website"},"datePublished":"2021-12-29T11:53:06+00:00","dateModified":"2022-01-31T16:50:52+00:00","description":"Obt\u00e9n aqu\u00ed\u3010c\u00f3mo dar de baja o cancelar seguro de decesos Active\u3011Modelo carta, fax, correo electr\u00f3nico (email), tel\u00e9fono gratis.","breadcrumb":{"@id":"https:\/\/idecesos.com\/seguros\/companias\/active\/dar-de-baja\/#breadcrumb"},"inLanguage":"es","potentialAction":[{"@type":"ReadAction","target":["https:\/\/idecesos.com\/seguros\/companias\/active\/dar-de-baja\/"]}]},{"@type":"BreadcrumbList","@id":"https:\/\/idecesos.com\/seguros\/companias\/active\/dar-de-baja\/#breadcrumb","itemListElement":[{"@type":"ListItem","position":1,"name":"Portada","item":"https:\/\/idecesos.com\/seguros\/"},{"@type":"ListItem","position":2,"name":"Compa\u00f1\u00edas de Seguros de Decesos en Espa\u00f1a","item":"https:\/\/idecesos.com\/seguros\/companias\/"},{"@type":"ListItem","position":3,"name":"Seguro de Decesos Active","item":"https:\/\/idecesos.com\/seguros\/companias\/active\/"},{"@type":"ListItem","position":4,"name":"\u00bfC\u00f3mo dar de baja seguro Active?"}]},{"@type":"WebSite","@id":"https:\/\/idecesos.com\/seguros\/#website","url":"https:\/\/idecesos.com\/seguros\/","name":"","description":"","potentialAction":[{"@type":"SearchAction","target":{"@type":"EntryPoint","urlTemplate":"https:\/\/idecesos.com\/seguros\/?s={search_term_string}"},"query-input":{"@type":"PropertyValueSpecification","valueRequired":true,"valueName":"search_term_string"}}],"inLanguage":"es"}]}},"_links":{"self":[{"href":"https:\/\/idecesos.com\/seguros\/wp-json\/wp\/v2\/pages\/18207","targetHints":{"allow":["GET"]}}],"collection":[{"href":"https:\/\/idecesos.com\/seguros\/wp-json\/wp\/v2\/pages"}],"about":[{"href":"https:\/\/idecesos.com\/seguros\/wp-json\/wp\/v2\/types\/page"}],"author":[{"embeddable":true,"href":"https:\/\/idecesos.com\/seguros\/wp-json\/wp\/v2\/users\/1"}],"replies":[{"embeddable":true,"href":"https:\/\/idecesos.com\/seguros\/wp-json\/wp\/v2\/comments?post=18207"}],"version-history":[{"count":1,"href":"https:\/\/idecesos.com\/seguros\/wp-json\/wp\/v2\/pages\/18207\/revisions"}],"predecessor-version":[{"id":19146,"href":"https:\/\/idecesos.com\/seguros\/wp-json\/wp\/v2\/pages\/18207\/revisions\/19146"}],"up":[{"embeddable":true,"href":"https:\/\/idecesos.com\/seguros\/wp-json\/wp\/v2\/pages\/213"}],"wp:attachment":[{"href":"https:\/\/idecesos.com\/seguros\/wp-json\/wp\/v2\/media?parent=18207"}],"curies":[{"name":"wp","href":"https:\/\/api.w.org\/{rel}","templated":true}]}}