{"id":18208,"date":"2021-12-29T11:53:07","date_gmt":"2021-12-29T11:53:07","guid":{"rendered":"https:\/\/idecesos.com\/seguros\/companias\/atlantis\/dar-de-baja\/"},"modified":"2022-01-31T16:50:17","modified_gmt":"2022-01-31T16:50:17","slug":"dar-de-baja","status":"publish","type":"page","link":"https:\/\/idecesos.com\/seguros\/companias\/atlantis\/dar-de-baja\/","title":{"rendered":"\u00bfC\u00f3mo dar de baja seguro Atlantis?"},"content":{"rendered":"<div id=\"ez-toc-container\" class=\"ez-toc-v2_0_83 ez-toc-wrap-center counter-hierarchy ez-toc-counter ez-toc-custom ez-toc-container-direction\">\n<div class=\"ez-toc-title-container\">\n<p class=\"ez-toc-title\" style=\"cursor:inherit\">Tabla de Contenido<\/p>\n<span class=\"ez-toc-title-toggle\"><a href=\"#\" class=\"ez-toc-pull-right ez-toc-btn ez-toc-btn-xs ez-toc-btn-default ez-toc-toggle\" aria-label=\"Alternar tabla de contenidos\"><span class=\"ez-toc-js-icon-con\"><span class=\"\"><span class=\"eztoc-hide\" style=\"display:none;\">Toggle<\/span><span class=\"ez-toc-icon-toggle-span\"><svg style=\"fill: #db6415;color:#db6415\" xmlns=\"http:\/\/www.w3.org\/2000\/svg\" class=\"list-377408\" width=\"20px\" height=\"20px\" viewBox=\"0 0 24 24\" fill=\"none\"><path d=\"M6 6H4v2h2V6zm14 0H8v2h12V6zM4 11h2v2H4v-2zm16 0H8v2h12v-2zM4 16h2v2H4v-2zm16 0H8v2h12v-2z\" fill=\"currentColor\"><\/path><\/svg><svg style=\"fill: #db6415;color:#db6415\" class=\"arrow-unsorted-368013\" xmlns=\"http:\/\/www.w3.org\/2000\/svg\" width=\"10px\" height=\"10px\" viewBox=\"0 0 24 24\" version=\"1.2\" baseProfile=\"tiny\"><path d=\"M18.2 9.3l-6.2-6.3-6.2 6.3c-.2.2-.3.4-.3.7s.1.5.3.7c.2.2.4.3.7.3h11c.3 0 .5-.1.7-.3.2-.2.3-.5.3-.7s-.1-.5-.3-.7zM5.8 14.7l6.2 6.3 6.2-6.3c.2-.2.3-.5.3-.7s-.1-.5-.3-.7c-.2-.2-.4-.3-.7-.3h-11c-.3 0-.5.1-.7.3-.2.2-.3.5-.3.7s.1.5.3.7z\"\/><\/svg><\/span><\/span><\/span><\/a><\/span><\/div>\n<nav><ul class='ez-toc-list ez-toc-list-level-1 ' ><li class='ez-toc-page-1 ez-toc-heading-level-2'><a class=\"ez-toc-link ez-toc-heading-1\" href=\"https:\/\/idecesos.com\/seguros\/companias\/atlantis\/dar-de-baja\/#Diferentes_opciones_para_cancelar_un_contrato_con_Atlantis\" >Diferentes opciones para cancelar un contrato con Atlantis<\/a><ul class='ez-toc-list-level-3' ><li class='ez-toc-heading-level-3'><a class=\"ez-toc-link ez-toc-heading-2\" href=\"https:\/\/idecesos.com\/seguros\/companias\/atlantis\/dar-de-baja\/#A_traves_de_la_web_de_Atlantis\" >A trav\u00e9s de la web de Atlantis<\/a><\/li><li class='ez-toc-page-1 ez-toc-heading-level-3'><a class=\"ez-toc-link ez-toc-heading-3\" href=\"https:\/\/idecesos.com\/seguros\/companias\/atlantis\/dar-de-baja\/#Utilizando_el_correo_electronico_de_Atlantis\" >Utilizando el correo electr\u00f3nico de Atlantis<\/a><\/li><li class='ez-toc-page-1 ez-toc-heading-level-3'><a class=\"ez-toc-link ez-toc-heading-4\" href=\"https:\/\/idecesos.com\/seguros\/companias\/atlantis\/dar-de-baja\/#Dar_de_baja_Atlantis_por_fax\" >Dar de baja Atlantis por fax<\/a><\/li><li class='ez-toc-page-1 ez-toc-heading-level-3'><a class=\"ez-toc-link ez-toc-heading-5\" href=\"https:\/\/idecesos.com\/seguros\/companias\/atlantis\/dar-de-baja\/#En_la_oficina_de_Atlantis\" >En la oficina de Atlantis<\/a><\/li><li class='ez-toc-page-1 ez-toc-heading-level-3'><a class=\"ez-toc-link ez-toc-heading-6\" href=\"https:\/\/idecesos.com\/seguros\/companias\/atlantis\/dar-de-baja\/#Telefono_para_dar_de_baja_Atlantis\" >T\u00e9lefono para dar de baja Atlantis<\/a><\/li><\/ul><\/li><li class='ez-toc-page-1 ez-toc-heading-level-2'><a class=\"ez-toc-link ez-toc-heading-7\" href=\"https:\/\/idecesos.com\/seguros\/companias\/atlantis\/dar-de-baja\/#Dar_de_baja_seguro_Atlantis_de_un_fallecido\" >Dar de baja seguro Atlantis de un fallecido<\/a><\/li><\/ul><\/nav><\/div>\n<p> En este apartado, vamos a mostrarte los pasos para anular tu seguro de fallecimiento. En iDecesos, deseamos facilitarte la labor y vamos a darte las explicaciones precisas a fin de que puedas dar de baja tu seguro sin ning\u00fan tipo de preocupaci\u00f3n. Ahora vas a conocer las distintas formas que tienes para dar de baja tu seguro y los pasos que tienes que continuar. Merced a iDecesos, vas a conocer las distintas opciones que tienes para dar de baja tu seguro de decesos. Te recomendamos proseguir con tu seguro de decesos ya que es clave para que puedas vivir m\u00e1s tranquilo y sin preocupaciones. <div class=\"colorf \"  ><div class=\"container clearfix\"><div class=\"col-md-7\"><\/p>\r\n<h2><span class=\"ez-toc-section\" id=\"Diferentes_opciones_para_cancelar_un_contrato_con_Atlantis\"><\/span>Diferentes opciones para cancelar un contrato con Atlantis<span class=\"ez-toc-section-end\"><\/span><\/h2>\r\n<!-- \/wp:post-content -->\r\n\r\n<!-- wp:paragraph -->\r\n<p>Algo que tienen en com\u00fan todas y cada una de las compa\u00f1\u00edas es que, solicitan un documento en el que exponga la baja de su seguro de decesos. Puede lograr el documento de Atlantis contactando a trav\u00e9s del n\u00famero o correo que tenemos a su disposici\u00f3n. La compa\u00f1\u00eda va a deber darle por v\u00e1lido el env\u00edo de la carta certificada, con el modelo est\u00e1ndar de cancelaci\u00f3n de su contrato, siendo una de las maneras de darse de baja. Es aconsejable que haga una copia del documento y la guarde junto al original. Ahora, se le ense\u00f1ar\u00e1 diferentes m\u00e9todos para dar de baja su seguro de decesos Atlantis. <\/div><\/div><\/div><\/p>\r\n<h3><span class=\"ez-toc-section\" id=\"A_traves_de_la_web_de_Atlantis\"><\/span>A trav\u00e9s de la web de Atlantis<span class=\"ez-toc-section-end\"><\/span><\/h3>\r\n<p>Otra de las formas m\u00e1s utilizadas es mediante la p\u00e1gina web de la compa\u00f1\u00eda del seguro. Vas a poder escribir en su buscador la informaci\u00f3n que necesitas saber en atlantis-seguros.es\/. Si no dispone de buscador, busque la secci\u00f3n que m\u00e1s se amolde a su necesidad. Para dar de baja de manera correcta tu seguro de decesos, tendr\u00e1s que seguir unos pasos que van desde rellenar el formulario o bien descargar documentos. Si de todas formas no encuentra lo que busca, no tiene que preocuparse, p\u00f3ngase en contacto con nosotros a fin de que podamos facilitarle toda la informaci\u00f3n que necesita a trav\u00e9s de nuestro n\u00famero de tel\u00e9fono 951 127 403 o por nuestro correo electr\u00f3nico info@idecesos. com. Si por otro lado, todo lo que busca est\u00e1 en la p\u00e1gina web, podr\u00e1s percibir en unos instantes un documento donde se te notifica de la baja de tu seguro de decesos. <div class=\"colorf \"  ><div class=\"container clearfix\"><div class=\"col-md-7\"><\/p>\r\n<h3><span class=\"ez-toc-section\" id=\"Utilizando_el_correo_electronico_de_Atlantis\"><\/span>Utilizando el correo electr\u00f3nico de Atlantis<span class=\"ez-toc-section-end\"><\/span><\/h3>\r\n<p>Si lo prefieres, puedes solicitar la baja del seguro de decesos a trav\u00e9s del email de la compa\u00f1\u00eda. Es muy f\u00e1cil, a\u00f1ade la siguiente direcci\u00f3n a tu correo email Atlantis y en solo un par de minutos vas a poder tenerlo todo solucionado. Tendr\u00e1s que mandar los siguientes documentos a fin de que puedas pedir la devoluci\u00f3n: copia del documento nacional de identidad del asegurado y la notificaci\u00f3n firmada con los datos personales de la persona asegurada. No olvides guardar una copia y el justificante para que no tengas ning\u00fan problema. Para tu mayor calma, guarda tambi\u00e9n una imitaci\u00f3n de la notificaci\u00f3n del d\u00eda en el que la enviastes. <\/div><\/div><\/div><\/p>\r\n<h3><span class=\"ez-toc-section\" id=\"Dar_de_baja_Atlantis_por_fax\"><\/span>Dar de baja Atlantis por fax<span class=\"ez-toc-section-end\"><\/span><\/h3>\r\n<p>Si lo prefieres, puedes enviar un fax a tu empresa aseguradora para solicitar la baja. Su procedimiento es muy similar al que terminamos de explicar del e mail en tanto que en vez de mandarlo por correo tendr\u00e1 que hacerlo v\u00eda fax. Mande a Atlantis por medio de esta herramienta una copia de su DNI y la notificaci\u00f3n firmada de baja que puede encontrar en la p\u00e1gina web de Atlantis. Ll\u00e1manos en el 951 127 403 y te informaremos sobre donde puedes encontrar la notificaci\u00f3n. Te recordamos que tendr\u00e1s que guardar la copia sellada y el justificante. Adem\u00e1s, por lo que pueda suceder en el futuro, guarde una imitaci\u00f3n de la notificaci\u00f3n con la data de env\u00edo para su tranquilidad. <div class=\"colorf \"  ><div class=\"container clearfix\"><div class=\"col-md-7\"><\/p>\r\n<h3><span class=\"ez-toc-section\" id=\"En_la_oficina_de_Atlantis\"><\/span>En la oficina de Atlantis<span class=\"ez-toc-section-end\"><\/span><\/h3>\r\n<p>Si lo quiere, podr\u00e1 dar de baja su seguro acudiendo, de manera presencial, a la oficina de Atlantis. Busque en la red la oficina m\u00e1s cerca a su hogar y dir\u00edjase a ella. Los agentes especializados de Atlantis le atender\u00e1n y le dar\u00e1n todos los documentos a fin de que los rellene y firme correctamente. Ser\u00e1 tan f\u00e1cil como proseguir los pasos que le indiquen. Adem\u00e1s, le recordamos que debe llevar su documento nacional de identidad a fin de que todo esto se pueda llevar a cabo, en tanto que es preciso en este proceso. Al concluir le dar\u00e1n una imitaci\u00f3n de todo y el agente va a pasar a gestionarlo todo para darle de baja, de este modo de f\u00e1cil y r\u00e1pido. <\/div><\/div><\/div><\/p>\r\n<h3><span class=\"ez-toc-section\" id=\"Telefono_para_dar_de_baja_Atlantis\"><\/span>T\u00e9lefono para dar de baja Atlantis<span class=\"ez-toc-section-end\"><\/span><\/h3>\r\n<p>Tambi\u00e9n podr\u00e1 darse de baja mediante una llamada telef\u00f3nica. Puede buscar su tel\u00e9fono en Internet o bien, llamando al 901 50 03 00. Va a deber comunicarle al experto el por qu\u00e9 de su llamada y le se\u00f1alar\u00e1 los pasos que ha de proseguir. En escaso tiempo, si sigue correctamente los pasos que le hayan indicado, el especialista se va a poner en contacto para la finalidad de la baja de su seguro. Si quiere contratar un seguro nuevo, iDecesos comparar\u00e1 todas las opciones y, le ayudar\u00e1 a encontrar el que se adapte mejor a sus necesidades. <div class=\"colorf \"  ><div class=\"container clearfix\"><div class=\"col-md-7\"><\/p>\r\n<h2><span class=\"ez-toc-section\" id=\"Dar_de_baja_seguro_Atlantis_de_un_fallecido\"><\/span>Dar de baja seguro Atlantis de un fallecido<span class=\"ez-toc-section-end\"><\/span><\/h2>\r\n<p>Finalmente, le explicaremos, con detalle, la manera en la que puede dar de baja su seguro de decesos, despu\u00e9s de finar la persona asegurada. Esta, es la manera m\u00e1s f\u00e1cil de anular el contrato de un seguro de estas caracter\u00edsticas. Los tr\u00e1mites que se han mentado anteriormente, van a quedar cerrados gracias a los expertos y, estar\u00e1 plenamente tranquilo. Atlantis se ocupar\u00e1 de cancelar el seguro de decesos que tenga contratado, tras su fallecimiento. Para Atlantis es fundamental la calma de los familiares y, por esta raz\u00f3n, al fenecer el asegurado, se encargar\u00e1 de dar de baja su seguro. <\/div><\/div><\/div> <div class=\"oficinas\"> <h3>P\u00e1ginas relacionadas<\/h3><div class=\"enlazado\"><ul> <li><a href=\"https:\/\/idecesos.com\/seguros\/companias\/atlantis\/coberturas\/\">Coberturas Seguro de Decesos Atlantis<\/a><\/li> <li><a href=\"https:\/\/idecesos.com\/seguros\/companias\/atlantis\/opiniones\/\">Opiniones Atlantis<\/a><\/li> <li><a href=\"https:\/\/idecesos.com\/seguros\/companias\/atlantis\/precio\/\">Precio seguro Atlantis<\/a><\/li> <li><a href=\"https:\/\/idecesos.com\/seguros\/companias\/atlantis\/prima-mixta\/\">Atlantis Prima Mixta<\/a><\/li> <li><a href=\"https:\/\/idecesos.com\/seguros\/companias\/atlantis\/prima-natural\/\">Atlantis Prima Natural<\/a><\/li> <li><a href=\"https:\/\/idecesos.com\/seguros\/companias\/atlantis\/prima-nivelada\/\">Atlantis Prima Nivelada<\/a><\/li> <li><a href=\"https:\/\/idecesos.com\/seguros\/companias\/atlantis\/prima-unica\/\">Atlantis Prima \u00danica<\/a><\/li> <li><a href=\"https:\/\/idecesos.com\/seguros\/companias\/atlantis\/repatriacion\/\">Atlantis Repatriaci\u00f3n<\/a><\/li> <li><a href=\"https:\/\/idecesos.com\/seguros\/companias\/atlantis\/telefono\/\">Tel\u00e9fono Gratuito Atlantis<\/a><\/li><\/ul><\/div> <\/div><\/p>","protected":false},"excerpt":{"rendered":"<p>En este apartado, vamos a mostrarte los pasos para anular tu seguro de fallecimiento. En iDecesos, deseamos facilitarte la labor y vamos a darte las explicaciones precisas a fin de que puedas dar de baja tu seguro sin ning\u00fan tipo de preocupaci\u00f3n. Ahora vas a conocer las distintas formas que tienes para dar de baja&hellip; <\/p>\n","protected":false},"author":1,"featured_media":0,"parent":233,"menu_order":0,"comment_status":"closed","ping_status":"closed","template":"single.php","meta":{"footnotes":""},"class_list":["post-18208","page","type-page","status-publish","hentry"],"yoast_head":"<!-- This site is optimized with the Yoast SEO plugin v27.6 - https:\/\/yoast.com\/product\/yoast-seo-wordpress\/ -->\n<title>\u00bfC\u00f3mo dar de Baja o Cancelar Seguro de Decesos Atlantis?<\/title>\n<meta name=\"description\" content=\"Obt\u00e9n aqu\u00ed\u3010c\u00f3mo dar de baja o cancelar seguro de decesos Atlantis\u3011Modelo carta, fax, correo electr\u00f3nico (email), tel\u00e9fono gratis.\" \/>\n<meta name=\"robots\" content=\"index, follow, max-snippet:-1, max-image-preview:large, max-video-preview:-1\" \/>\n<link rel=\"canonical\" href=\"https:\/\/idecesos.com\/seguros\/companias\/atlantis\/dar-de-baja\/\" \/>\n<meta property=\"og:locale\" content=\"es_ES\" \/>\n<meta property=\"og:type\" content=\"article\" \/>\n<meta property=\"og:title\" content=\"\u00bfC\u00f3mo dar de Baja o Cancelar Seguro de Decesos Atlantis?\" \/>\n<meta property=\"og:description\" content=\"Obt\u00e9n aqu\u00ed\u3010c\u00f3mo dar de baja o cancelar seguro de decesos Atlantis\u3011Modelo carta, fax, correo electr\u00f3nico (email), tel\u00e9fono gratis.\" \/>\n<meta property=\"og:url\" content=\"https:\/\/idecesos.com\/seguros\/companias\/atlantis\/dar-de-baja\/\" \/>\n<meta property=\"article:modified_time\" content=\"2022-01-31T16:50:17+00:00\" \/>\n<meta name=\"twitter:card\" content=\"summary_large_image\" \/>\n<meta name=\"twitter:label1\" content=\"Tiempo de lectura\" \/>\n\t<meta name=\"twitter:data1\" content=\"15 minutos\" \/>\n<script type=\"application\/ld+json\" class=\"yoast-schema-graph\">{\"@context\":\"https:\\\/\\\/schema.org\",\"@graph\":[{\"@type\":\"WebPage\",\"@id\":\"https:\\\/\\\/idecesos.com\\\/seguros\\\/companias\\\/atlantis\\\/dar-de-baja\\\/\",\"url\":\"https:\\\/\\\/idecesos.com\\\/seguros\\\/companias\\\/atlantis\\\/dar-de-baja\\\/\",\"name\":\"\u00bfC\u00f3mo dar de Baja o Cancelar Seguro de Decesos Atlantis?\",\"isPartOf\":{\"@id\":\"https:\\\/\\\/idecesos.com\\\/seguros\\\/#website\"},\"datePublished\":\"2021-12-29T11:53:07+00:00\",\"dateModified\":\"2022-01-31T16:50:17+00:00\",\"description\":\"Obt\u00e9n aqu\u00ed\u3010c\u00f3mo dar de baja o cancelar seguro de decesos Atlantis\u3011Modelo carta, fax, correo electr\u00f3nico (email), tel\u00e9fono gratis.\",\"breadcrumb\":{\"@id\":\"https:\\\/\\\/idecesos.com\\\/seguros\\\/companias\\\/atlantis\\\/dar-de-baja\\\/#breadcrumb\"},\"inLanguage\":\"es\",\"potentialAction\":[{\"@type\":\"ReadAction\",\"target\":[\"https:\\\/\\\/idecesos.com\\\/seguros\\\/companias\\\/atlantis\\\/dar-de-baja\\\/\"]}]},{\"@type\":\"BreadcrumbList\",\"@id\":\"https:\\\/\\\/idecesos.com\\\/seguros\\\/companias\\\/atlantis\\\/dar-de-baja\\\/#breadcrumb\",\"itemListElement\":[{\"@type\":\"ListItem\",\"position\":1,\"name\":\"Portada\",\"item\":\"https:\\\/\\\/idecesos.com\\\/seguros\\\/\"},{\"@type\":\"ListItem\",\"position\":2,\"name\":\"Compa\u00f1\u00edas de Seguros de Decesos en Espa\u00f1a\",\"item\":\"https:\\\/\\\/idecesos.com\\\/seguros\\\/companias\\\/\"},{\"@type\":\"ListItem\",\"position\":3,\"name\":\"Seguro de decesos Atlantis\",\"item\":\"https:\\\/\\\/idecesos.com\\\/seguros\\\/companias\\\/atlantis\\\/\"},{\"@type\":\"ListItem\",\"position\":4,\"name\":\"\u00bfC\u00f3mo dar de baja seguro Atlantis?\"}]},{\"@type\":\"WebSite\",\"@id\":\"https:\\\/\\\/idecesos.com\\\/seguros\\\/#website\",\"url\":\"https:\\\/\\\/idecesos.com\\\/seguros\\\/\",\"name\":\"\",\"description\":\"\",\"potentialAction\":[{\"@type\":\"SearchAction\",\"target\":{\"@type\":\"EntryPoint\",\"urlTemplate\":\"https:\\\/\\\/idecesos.com\\\/seguros\\\/?s={search_term_string}\"},\"query-input\":{\"@type\":\"PropertyValueSpecification\",\"valueRequired\":true,\"valueName\":\"search_term_string\"}}],\"inLanguage\":\"es\"}]}<\/script>\n<!-- \/ Yoast SEO plugin. -->","yoast_head_json":{"title":"\u00bfC\u00f3mo dar de Baja o Cancelar Seguro de Decesos Atlantis?","description":"Obt\u00e9n aqu\u00ed\u3010c\u00f3mo dar de baja o cancelar seguro de decesos Atlantis\u3011Modelo carta, fax, correo electr\u00f3nico (email), tel\u00e9fono gratis.","robots":{"index":"index","follow":"follow","max-snippet":"max-snippet:-1","max-image-preview":"max-image-preview:large","max-video-preview":"max-video-preview:-1"},"canonical":"https:\/\/idecesos.com\/seguros\/companias\/atlantis\/dar-de-baja\/","og_locale":"es_ES","og_type":"article","og_title":"\u00bfC\u00f3mo dar de Baja o Cancelar Seguro de Decesos Atlantis?","og_description":"Obt\u00e9n aqu\u00ed\u3010c\u00f3mo dar de baja o cancelar seguro de decesos Atlantis\u3011Modelo carta, fax, correo electr\u00f3nico (email), tel\u00e9fono gratis.","og_url":"https:\/\/idecesos.com\/seguros\/companias\/atlantis\/dar-de-baja\/","article_modified_time":"2022-01-31T16:50:17+00:00","twitter_card":"summary_large_image","twitter_misc":{"Tiempo de lectura":"15 minutos"},"schema":{"@context":"https:\/\/schema.org","@graph":[{"@type":"WebPage","@id":"https:\/\/idecesos.com\/seguros\/companias\/atlantis\/dar-de-baja\/","url":"https:\/\/idecesos.com\/seguros\/companias\/atlantis\/dar-de-baja\/","name":"\u00bfC\u00f3mo dar de Baja o Cancelar Seguro de Decesos Atlantis?","isPartOf":{"@id":"https:\/\/idecesos.com\/seguros\/#website"},"datePublished":"2021-12-29T11:53:07+00:00","dateModified":"2022-01-31T16:50:17+00:00","description":"Obt\u00e9n aqu\u00ed\u3010c\u00f3mo dar de baja o cancelar seguro de decesos Atlantis\u3011Modelo carta, fax, correo electr\u00f3nico (email), tel\u00e9fono gratis.","breadcrumb":{"@id":"https:\/\/idecesos.com\/seguros\/companias\/atlantis\/dar-de-baja\/#breadcrumb"},"inLanguage":"es","potentialAction":[{"@type":"ReadAction","target":["https:\/\/idecesos.com\/seguros\/companias\/atlantis\/dar-de-baja\/"]}]},{"@type":"BreadcrumbList","@id":"https:\/\/idecesos.com\/seguros\/companias\/atlantis\/dar-de-baja\/#breadcrumb","itemListElement":[{"@type":"ListItem","position":1,"name":"Portada","item":"https:\/\/idecesos.com\/seguros\/"},{"@type":"ListItem","position":2,"name":"Compa\u00f1\u00edas de Seguros de Decesos en Espa\u00f1a","item":"https:\/\/idecesos.com\/seguros\/companias\/"},{"@type":"ListItem","position":3,"name":"Seguro de decesos Atlantis","item":"https:\/\/idecesos.com\/seguros\/companias\/atlantis\/"},{"@type":"ListItem","position":4,"name":"\u00bfC\u00f3mo dar de baja seguro Atlantis?"}]},{"@type":"WebSite","@id":"https:\/\/idecesos.com\/seguros\/#website","url":"https:\/\/idecesos.com\/seguros\/","name":"","description":"","potentialAction":[{"@type":"SearchAction","target":{"@type":"EntryPoint","urlTemplate":"https:\/\/idecesos.com\/seguros\/?s={search_term_string}"},"query-input":{"@type":"PropertyValueSpecification","valueRequired":true,"valueName":"search_term_string"}}],"inLanguage":"es"}]}},"_links":{"self":[{"href":"https:\/\/idecesos.com\/seguros\/wp-json\/wp\/v2\/pages\/18208","targetHints":{"allow":["GET"]}}],"collection":[{"href":"https:\/\/idecesos.com\/seguros\/wp-json\/wp\/v2\/pages"}],"about":[{"href":"https:\/\/idecesos.com\/seguros\/wp-json\/wp\/v2\/types\/page"}],"author":[{"embeddable":true,"href":"https:\/\/idecesos.com\/seguros\/wp-json\/wp\/v2\/users\/1"}],"replies":[{"embeddable":true,"href":"https:\/\/idecesos.com\/seguros\/wp-json\/wp\/v2\/comments?post=18208"}],"version-history":[{"count":2,"href":"https:\/\/idecesos.com\/seguros\/wp-json\/wp\/v2\/pages\/18208\/revisions"}],"predecessor-version":[{"id":19145,"href":"https:\/\/idecesos.com\/seguros\/wp-json\/wp\/v2\/pages\/18208\/revisions\/19145"}],"up":[{"embeddable":true,"href":"https:\/\/idecesos.com\/seguros\/wp-json\/wp\/v2\/pages\/233"}],"wp:attachment":[{"href":"https:\/\/idecesos.com\/seguros\/wp-json\/wp\/v2\/media?parent=18208"}],"curies":[{"name":"wp","href":"https:\/\/api.w.org\/{rel}","templated":true}]}}