{"id":18210,"date":"2021-12-29T11:53:08","date_gmt":"2021-12-29T11:53:08","guid":{"rendered":"https:\/\/idecesos.com\/seguros\/companias\/banco-caixa-general\/dar-de-baja\/"},"modified":"2022-01-28T18:10:12","modified_gmt":"2022-01-28T18:10:12","slug":"dar-de-baja","status":"publish","type":"page","link":"https:\/\/idecesos.com\/seguros\/companias\/banco-caixa-general\/dar-de-baja\/","title":{"rendered":"\u00bfC\u00f3mo dar de baja seguro Caixa Geral?"},"content":{"rendered":"<div id=\"ez-toc-container\" class=\"ez-toc-v2_0_82_2 ez-toc-wrap-center counter-hierarchy ez-toc-counter ez-toc-custom ez-toc-container-direction\">\n<div class=\"ez-toc-title-container\">\n<p class=\"ez-toc-title\" style=\"cursor:inherit\">Tabla de Contenido<\/p>\n<span class=\"ez-toc-title-toggle\"><a href=\"#\" class=\"ez-toc-pull-right ez-toc-btn ez-toc-btn-xs ez-toc-btn-default ez-toc-toggle\" aria-label=\"Alternar tabla de contenidos\"><span class=\"ez-toc-js-icon-con\"><span class=\"\"><span class=\"eztoc-hide\" style=\"display:none;\">Toggle<\/span><span class=\"ez-toc-icon-toggle-span\"><svg style=\"fill: #db6415;color:#db6415\" xmlns=\"http:\/\/www.w3.org\/2000\/svg\" class=\"list-377408\" width=\"20px\" height=\"20px\" viewBox=\"0 0 24 24\" fill=\"none\"><path d=\"M6 6H4v2h2V6zm14 0H8v2h12V6zM4 11h2v2H4v-2zm16 0H8v2h12v-2zM4 16h2v2H4v-2zm16 0H8v2h12v-2z\" fill=\"currentColor\"><\/path><\/svg><svg style=\"fill: #db6415;color:#db6415\" class=\"arrow-unsorted-368013\" xmlns=\"http:\/\/www.w3.org\/2000\/svg\" width=\"10px\" height=\"10px\" viewBox=\"0 0 24 24\" version=\"1.2\" baseProfile=\"tiny\"><path d=\"M18.2 9.3l-6.2-6.3-6.2 6.3c-.2.2-.3.4-.3.7s.1.5.3.7c.2.2.4.3.7.3h11c.3 0 .5-.1.7-.3.2-.2.3-.5.3-.7s-.1-.5-.3-.7zM5.8 14.7l6.2 6.3 6.2-6.3c.2-.2.3-.5.3-.7s-.1-.5-.3-.7c-.2-.2-.4-.3-.7-.3h-11c-.3 0-.5.1-.7.3-.2.2-.3.5-.3.7s.1.5.3.7z\"\/><\/svg><\/span><\/span><\/span><\/a><\/span><\/div>\n<nav><ul class='ez-toc-list ez-toc-list-level-1 ' ><li class='ez-toc-page-1 ez-toc-heading-level-2'><a class=\"ez-toc-link ez-toc-heading-1\" href=\"https:\/\/idecesos.com\/seguros\/companias\/banco-caixa-general\/dar-de-baja\/#Diferentes_opciones_para_cancelar_un_contrato_con_Caixa_Geral\" >Diferentes opciones para cancelar un contrato con Caixa Geral<\/a><ul class='ez-toc-list-level-3' ><li class='ez-toc-heading-level-3'><a class=\"ez-toc-link ez-toc-heading-2\" href=\"https:\/\/idecesos.com\/seguros\/companias\/banco-caixa-general\/dar-de-baja\/#A_traves_de_la_web_de_Caixa_Geral\" >A trav\u00e9s de la web de Caixa Geral<\/a><\/li><li class='ez-toc-page-1 ez-toc-heading-level-3'><a class=\"ez-toc-link ez-toc-heading-3\" href=\"https:\/\/idecesos.com\/seguros\/companias\/banco-caixa-general\/dar-de-baja\/#Utilizando_el_correo_electronico_de_Caixa_Geral\" >Utilizando el correo electr\u00f3nico de Caixa Geral<\/a><\/li><li class='ez-toc-page-1 ez-toc-heading-level-3'><a class=\"ez-toc-link ez-toc-heading-4\" href=\"https:\/\/idecesos.com\/seguros\/companias\/banco-caixa-general\/dar-de-baja\/#Dar_de_baja_Caixa_Geral_por_fax\" >Dar de baja Caixa Geral por fax<\/a><\/li><li class='ez-toc-page-1 ez-toc-heading-level-3'><a class=\"ez-toc-link ez-toc-heading-5\" href=\"https:\/\/idecesos.com\/seguros\/companias\/banco-caixa-general\/dar-de-baja\/#En_la_oficina_de_Caixa_Geral\" >En la oficina de Caixa Geral<\/a><\/li><li class='ez-toc-page-1 ez-toc-heading-level-3'><a class=\"ez-toc-link ez-toc-heading-6\" href=\"https:\/\/idecesos.com\/seguros\/companias\/banco-caixa-general\/dar-de-baja\/#Telefono_para_dar_de_baja_Caixa_Geral\" >T\u00e9lefono para dar de baja Caixa Geral<\/a><\/li><\/ul><\/li><li class='ez-toc-page-1 ez-toc-heading-level-2'><a class=\"ez-toc-link ez-toc-heading-7\" href=\"https:\/\/idecesos.com\/seguros\/companias\/banco-caixa-general\/dar-de-baja\/#Dar_de_baja_seguro_Caixa_Geral_de_un_fallecido\" >Dar de baja seguro Caixa Geral de un fallecido<\/a><ul class='ez-toc-list-level-3' ><li class='ez-toc-heading-level-3'><a class=\"ez-toc-link ez-toc-heading-8\" href=\"https:\/\/idecesos.com\/seguros\/companias\/banco-caixa-general\/dar-de-baja\/#Paginas_relacionadas\" >P\u00e1ginas relacionadas<\/a><\/li><\/ul><\/li><\/ul><\/nav><\/div>\n<p> iDecesos se ha encargado de estudiar, pormenorizadamente, c\u00f3mo dar de baja su seguro de decesos. Ahora, expondremos los pasos que debe continuar y, no tendr\u00e1 que preocuparse por nada, es sencill\u00edsimo. Merced a la informaci\u00f3n que podr\u00e1s recabar, en pocos minutos, tendr\u00e1s la posibilidad de llevarlo a cabo y dar soluci\u00f3n a sus problemas. Es fundamental que sepa que, una vez dado de baja su seguro de decesos, es conveniente que busque otro que se adapte a sus necesidades, para tu futura calma y la de tus familiares. Para dar de baja su seguro apropiadamente, deber\u00e1 informar a la compa\u00f1\u00eda 30 d\u00edas ya antes de su data de renovaci\u00f3n. <div class=\"colorf \"  ><div class=\"container clearfix\"><div class=\"col-md-7\"><\/p>\r\n<h2><span class=\"ez-toc-section\" id=\"Diferentes_opciones_para_cancelar_un_contrato_con_Caixa_Geral\"><\/span>Diferentes opciones para cancelar un contrato con Caixa Geral<span class=\"ez-toc-section-end\"><\/span><\/h2>\r\n<!-- \/wp:post-content -->\r\n\r\n<!-- wp:paragraph -->\r\n<p>Estas opciones est\u00e1n basadas en la experiencia de los clientes del servicio que se dieron de baja y que asimismo le podr\u00edan servir a . Hay muchas formas de darse de baja de un seguro de decesos. Todas y cada una ellas son iguales en todas y cada una de las compa\u00f1\u00edas. Si bien en ciertas compa\u00f1\u00edas de seguros te pueden aceptar la cancelaci\u00f3n del seguro de forma telef\u00f3nica, para eludir que malgastes el tiempo, lo m\u00e1s normal es que asistas a una oficina y entregues el formulario de forma impresa. Si necesitas ayuda sobre de qu\u00e9 manera puedes anular tu seguro de decesos, puedes llamarnos por tel\u00e9fono o bien mandarnos un correo electr\u00f3nico a nuestro mail. <\/div><\/div><\/div><\/p>\r\n<h3><span class=\"ez-toc-section\" id=\"A_traves_de_la_web_de_Caixa_Geral\"><\/span>A trav\u00e9s de la web de Caixa Geral<span class=\"ez-toc-section-end\"><\/span><\/h3>\r\n<p>Puede optar por la posibilidad de acceder a la web www.abanca.com\/es\/ y escribir en su buscador lo que desee saber. En ese instante, obtendr\u00e1 diferentes respuestas. Deber\u00e1s seleccionar la indicada y continuar los pasos. Es bastante f\u00e1cil. Si alg\u00fan momento le surgen dudas o bien tiene problemas, va a poder contactar con Caixa Geral por medio de su n\u00famero 917911390. Si se da el en caso de que le aparezca, solo deber\u00e1 rellenar el formulario o bien descargar el documento para llenar la petici\u00f3n. <div class=\"colorf \"  ><div class=\"container clearfix\"><div class=\"col-md-7\"><\/p>\r\n<h3><span class=\"ez-toc-section\" id=\"Utilizando_el_correo_electronico_de_Caixa_Geral\"><\/span>Utilizando el correo electr\u00f3nico de Caixa Geral<span class=\"ez-toc-section-end\"><\/span><\/h3>\r\n<p>Por correo electr\u00f3nico tambi\u00e9n puedes solicitar la baja de tu seguro de decesos. Es muy f\u00e1cil, a\u00f1ade la siguiente direcci\u00f3n a tu correo email Caixa Geral y en solo un par de minutos vas a poder tenerlo todo solucionado. Env\u00edeles los siguientes documentos: una copia del DNI del contratante y la notificaci\u00f3n firmada por el asegurado con sus datos personales, que puedes localizarla en la web de Caixa Geral o bien puedes ped\u00edrnosla a nosotros a trav\u00e9s de nuestro n\u00famero de tel\u00e9fono 951 127 403 o bien e-mail info@idecesos. com, como ya hemos comentado anteriormente. No olvides guardar una copia y el justificante a fin de que no tengas ning\u00fan problema. Con una imitaci\u00f3n de la notificaci\u00f3n te aseguras de no tener ning\u00fan tipo de problema en el futuro. <\/div><\/div><\/div><\/p>\r\n<h3><span class=\"ez-toc-section\" id=\"Dar_de_baja_Caixa_Geral_por_fax\"><\/span>Dar de baja Caixa Geral por fax<span class=\"ez-toc-section-end\"><\/span><\/h3>\r\n<p>Vas a poder contactar con tu compa\u00f1\u00eda aseguradora a trav\u00e9s de el fax indicando tus datos personales y el n\u00famero de la p\u00f3liza y de esta manera solicitar la baja del seguro de decesos. A fin de que puedas realizar la baja de tu seguro de una manera correcta, no te olvides de adjuntar las dos caras de tu DNI. Deber\u00e1s enviar todos y cada uno de los datos al fax de la compa\u00f1\u00eda. Tambi\u00e9n recomendamos que guarde la confirmaci\u00f3n de env\u00edo por si le demandan la prima a su renovaci\u00f3n. <div class=\"colorf \"  ><div class=\"container clearfix\"><div class=\"col-md-7\"><\/p>\r\n<h3><span class=\"ez-toc-section\" id=\"En_la_oficina_de_Caixa_Geral\"><\/span>En la oficina de Caixa Geral<span class=\"ez-toc-section-end\"><\/span><\/h3>\r\n<p>Si no le gustan los precedentes m\u00e9todos, va a poder dar de baja a su seguro de decesos, presencialmente, acudiendo a la oficina correspondiente de Caixa Geral. Pregunte o busque en su buscador la oficina de Caixa Geral m\u00e1s cercana a su casa y dir\u00edjase en el horario estipulado para poder ser atendido. A fin de que pueda rellenar, de forma perfecta, los documentos y, m\u00e1s tarde firmarlos, un experto le va a ayudar. Tan solo deber\u00e1 de ir siguiendo los pasos que le vayan indicando durante todo el proceso. Es preciso, que lleve su DNI, para el adecuado funcionamiento del tr\u00e1mite. Para finiquitar el proceso apropiadamente, los profesionales le van a dar una imitaci\u00f3n de cada documento firmado y, se encargar\u00e1n de cerrar el tr\u00e1mite de su baja. <\/div><\/div><\/div><\/p>\r\n<h3><span class=\"ez-toc-section\" id=\"Telefono_para_dar_de_baja_Caixa_Geral\"><\/span>T\u00e9lefono para dar de baja Caixa Geral<span class=\"ez-toc-section-end\"><\/span><\/h3>\r\n<p>Otro procedimiento es haciendo una llamada a la compa\u00f1\u00eda. Puede buscar su tel\u00e9fono en Internet o bien, llamando al 917911390. Deber\u00e1 comunicarle al especialista el motivo de su llamada y le indicar\u00e1 los pasos que ha de seguir. Prosiga, los pasos que le indiquen y en solo dos minutos todo estar\u00e1 solucionado y el agente se pondra en ese instante con su petici\u00f3n para darle de baja con lo que se puede quedar tranquilo tras colgar la llamada. Si quiere contratar un seguro nuevo, iDecesos equiparar\u00e1 todas y cada una de las opciones y, le ayudar\u00e1 a encontrar el que se adapte mejor a sus necesidades. <div class=\"colorf \"  ><div class=\"container clearfix\"><div class=\"col-md-7\"><\/p>\r\n<h2><span class=\"ez-toc-section\" id=\"Dar_de_baja_seguro_Caixa_Geral_de_un_fallecido\"><\/span>Dar de baja seguro Caixa Geral de un fallecido<span class=\"ez-toc-section-end\"><\/span><\/h2>\r\n<p>Para terminar, le vamos a dar las claves para que, tras el fallecimiento del asegurado, pueda dar de baja su seguro de decesos. Esta, es la manera m\u00e1s simple de cancelar el contrato de un seguro de estas peculiaridades. Para su total calma, los profesionales se encargar\u00e1n de cerrar y gestionar los tr\u00e1mites pertinentes. Despu\u00e9s de su fallecimiento, su seguro de decesos va a quedar cancelado, merced a Caixa Geral. Para Caixa Geral es muy importante la calma de los familiares y, por este motivo, al morir el asegurado, se encargar\u00e1 de dar de baja su seguro. <\/div><\/div><\/div> <div class=\"oficinas\"> <h3><span class=\"ez-toc-section\" id=\"Paginas_relacionadas\"><\/span>P\u00e1ginas relacionadas<span class=\"ez-toc-section-end\"><\/span><\/h3><div class=\"enlazado\"><ul> <li><a href=\"https:\/\/idecesos.com\/seguros\/companias\/banco-caixa-general\/opiniones\/\">Opiniones Caixa Geral<\/a><\/li> <li><a href=\"https:\/\/idecesos.com\/seguros\/companias\/banco-caixa-general\/precio\/\">Precio seguro Caixa Geral<\/a><\/li> <li><a href=\"https:\/\/idecesos.com\/seguros\/companias\/banco-caixa-general\/prima-mixta\/\">Caixa Geral Prima Mixta<\/a><\/li> <li><a href=\"https:\/\/idecesos.com\/seguros\/companias\/banco-caixa-general\/prima-natural\/\">Caixa Geral Prima Natural<\/a><\/li> <li><a href=\"https:\/\/idecesos.com\/seguros\/companias\/banco-caixa-general\/prima-nivelada\/\">Caixa Geral Prima Nivelada<\/a><\/li> <li><a href=\"https:\/\/idecesos.com\/seguros\/companias\/banco-caixa-general\/prima-unica\/\">Caixa Geral Prima \u00danica<\/a><\/li> <li><a href=\"https:\/\/idecesos.com\/seguros\/companias\/banco-caixa-general\/repatriacion\/\">Caixa Geral Repatriaci\u00f3n<\/a><\/li> <li><a href=\"https:\/\/idecesos.com\/seguros\/companias\/banco-caixa-general\/telefono\/\">Tel\u00e9fono Gratuito Caixa Geral<\/a><\/li><\/ul><\/div> <\/div><\/p>","protected":false},"excerpt":{"rendered":"<p>iDecesos se ha encargado de estudiar, pormenorizadamente, c\u00f3mo dar de baja su seguro de decesos. Ahora, expondremos los pasos que debe continuar y, no tendr\u00e1 que preocuparse por nada, es sencill\u00edsimo. Merced a la informaci\u00f3n que podr\u00e1s recabar, en pocos minutos, tendr\u00e1s la posibilidad de llevarlo a cabo y dar soluci\u00f3n a sus problemas. Es&hellip; <\/p>\n","protected":false},"author":1,"featured_media":0,"parent":275,"menu_order":0,"comment_status":"closed","ping_status":"closed","template":"single.php","meta":{"footnotes":""},"class_list":["post-18210","page","type-page","status-publish","hentry"],"yoast_head":"<!-- This site is optimized with the Yoast SEO plugin v27.3 - https:\/\/yoast.com\/product\/yoast-seo-wordpress\/ -->\n<title>\u00bfC\u00f3mo dar de Baja o Cancelar Seguro de Decesos Caixa Geral?<\/title>\n<meta name=\"description\" content=\"Obt\u00e9n aqu\u00ed\u3010c\u00f3mo dar de baja o cancelar seguro de decesos Caixa Geral\u3011Modelo carta, fax, correo electr\u00f3nico (email), tel\u00e9fono gratis.\" \/>\n<meta name=\"robots\" content=\"index, follow, max-snippet:-1, max-image-preview:large, max-video-preview:-1\" \/>\n<link rel=\"canonical\" href=\"https:\/\/idecesos.com\/seguros\/companias\/banco-caixa-general\/dar-de-baja\/\" \/>\n<meta property=\"og:locale\" content=\"es_ES\" \/>\n<meta property=\"og:type\" content=\"article\" \/>\n<meta property=\"og:title\" content=\"\u00bfC\u00f3mo dar de Baja o Cancelar Seguro de Decesos Caixa Geral?\" \/>\n<meta property=\"og:description\" content=\"Obt\u00e9n aqu\u00ed\u3010c\u00f3mo dar de baja o cancelar seguro de decesos Caixa Geral\u3011Modelo carta, fax, correo electr\u00f3nico (email), tel\u00e9fono gratis.\" \/>\n<meta property=\"og:url\" content=\"https:\/\/idecesos.com\/seguros\/companias\/banco-caixa-general\/dar-de-baja\/\" \/>\n<meta property=\"article:modified_time\" content=\"2022-01-28T18:10:12+00:00\" \/>\n<meta name=\"twitter:card\" content=\"summary_large_image\" \/>\n<meta name=\"twitter:label1\" content=\"Tiempo de lectura\" \/>\n\t<meta name=\"twitter:data1\" content=\"15 minutos\" \/>\n<script type=\"application\/ld+json\" class=\"yoast-schema-graph\">{\"@context\":\"https:\\\/\\\/schema.org\",\"@graph\":[{\"@type\":\"WebPage\",\"@id\":\"https:\\\/\\\/idecesos.com\\\/seguros\\\/companias\\\/banco-caixa-general\\\/dar-de-baja\\\/\",\"url\":\"https:\\\/\\\/idecesos.com\\\/seguros\\\/companias\\\/banco-caixa-general\\\/dar-de-baja\\\/\",\"name\":\"\u00bfC\u00f3mo dar de Baja o Cancelar Seguro de Decesos Caixa Geral?\",\"isPartOf\":{\"@id\":\"https:\\\/\\\/idecesos.com\\\/seguros\\\/#website\"},\"datePublished\":\"2021-12-29T11:53:08+00:00\",\"dateModified\":\"2022-01-28T18:10:12+00:00\",\"description\":\"Obt\u00e9n aqu\u00ed\u3010c\u00f3mo dar de baja o cancelar seguro de decesos Caixa Geral\u3011Modelo carta, fax, correo electr\u00f3nico (email), tel\u00e9fono gratis.\",\"breadcrumb\":{\"@id\":\"https:\\\/\\\/idecesos.com\\\/seguros\\\/companias\\\/banco-caixa-general\\\/dar-de-baja\\\/#breadcrumb\"},\"inLanguage\":\"es\",\"potentialAction\":[{\"@type\":\"ReadAction\",\"target\":[\"https:\\\/\\\/idecesos.com\\\/seguros\\\/companias\\\/banco-caixa-general\\\/dar-de-baja\\\/\"]}]},{\"@type\":\"BreadcrumbList\",\"@id\":\"https:\\\/\\\/idecesos.com\\\/seguros\\\/companias\\\/banco-caixa-general\\\/dar-de-baja\\\/#breadcrumb\",\"itemListElement\":[{\"@type\":\"ListItem\",\"position\":1,\"name\":\"Portada\",\"item\":\"https:\\\/\\\/idecesos.com\\\/seguros\\\/\"},{\"@type\":\"ListItem\",\"position\":2,\"name\":\"Compa\u00f1\u00edas de Seguros de Decesos en Espa\u00f1a\",\"item\":\"https:\\\/\\\/idecesos.com\\\/seguros\\\/companias\\\/\"},{\"@type\":\"ListItem\",\"position\":3,\"name\":\"Seguro de decesos Caixa Geral\",\"item\":\"https:\\\/\\\/idecesos.com\\\/seguros\\\/companias\\\/banco-caixa-general\\\/\"},{\"@type\":\"ListItem\",\"position\":4,\"name\":\"\u00bfC\u00f3mo dar de baja seguro Caixa Geral?\"}]},{\"@type\":\"WebSite\",\"@id\":\"https:\\\/\\\/idecesos.com\\\/seguros\\\/#website\",\"url\":\"https:\\\/\\\/idecesos.com\\\/seguros\\\/\",\"name\":\"\",\"description\":\"\",\"potentialAction\":[{\"@type\":\"SearchAction\",\"target\":{\"@type\":\"EntryPoint\",\"urlTemplate\":\"https:\\\/\\\/idecesos.com\\\/seguros\\\/?s={search_term_string}\"},\"query-input\":{\"@type\":\"PropertyValueSpecification\",\"valueRequired\":true,\"valueName\":\"search_term_string\"}}],\"inLanguage\":\"es\"}]}<\/script>\n<!-- \/ Yoast SEO plugin. -->","yoast_head_json":{"title":"\u00bfC\u00f3mo dar de Baja o Cancelar Seguro de Decesos Caixa Geral?","description":"Obt\u00e9n aqu\u00ed\u3010c\u00f3mo dar de baja o cancelar seguro de decesos Caixa Geral\u3011Modelo carta, fax, correo electr\u00f3nico (email), tel\u00e9fono gratis.","robots":{"index":"index","follow":"follow","max-snippet":"max-snippet:-1","max-image-preview":"max-image-preview:large","max-video-preview":"max-video-preview:-1"},"canonical":"https:\/\/idecesos.com\/seguros\/companias\/banco-caixa-general\/dar-de-baja\/","og_locale":"es_ES","og_type":"article","og_title":"\u00bfC\u00f3mo dar de Baja o Cancelar Seguro de Decesos Caixa Geral?","og_description":"Obt\u00e9n aqu\u00ed\u3010c\u00f3mo dar de baja o cancelar seguro de decesos Caixa Geral\u3011Modelo carta, fax, correo electr\u00f3nico (email), tel\u00e9fono gratis.","og_url":"https:\/\/idecesos.com\/seguros\/companias\/banco-caixa-general\/dar-de-baja\/","article_modified_time":"2022-01-28T18:10:12+00:00","twitter_card":"summary_large_image","twitter_misc":{"Tiempo de lectura":"15 minutos"},"schema":{"@context":"https:\/\/schema.org","@graph":[{"@type":"WebPage","@id":"https:\/\/idecesos.com\/seguros\/companias\/banco-caixa-general\/dar-de-baja\/","url":"https:\/\/idecesos.com\/seguros\/companias\/banco-caixa-general\/dar-de-baja\/","name":"\u00bfC\u00f3mo dar de Baja o Cancelar Seguro de Decesos Caixa Geral?","isPartOf":{"@id":"https:\/\/idecesos.com\/seguros\/#website"},"datePublished":"2021-12-29T11:53:08+00:00","dateModified":"2022-01-28T18:10:12+00:00","description":"Obt\u00e9n aqu\u00ed\u3010c\u00f3mo dar de baja o cancelar seguro de decesos Caixa Geral\u3011Modelo carta, fax, correo electr\u00f3nico (email), tel\u00e9fono gratis.","breadcrumb":{"@id":"https:\/\/idecesos.com\/seguros\/companias\/banco-caixa-general\/dar-de-baja\/#breadcrumb"},"inLanguage":"es","potentialAction":[{"@type":"ReadAction","target":["https:\/\/idecesos.com\/seguros\/companias\/banco-caixa-general\/dar-de-baja\/"]}]},{"@type":"BreadcrumbList","@id":"https:\/\/idecesos.com\/seguros\/companias\/banco-caixa-general\/dar-de-baja\/#breadcrumb","itemListElement":[{"@type":"ListItem","position":1,"name":"Portada","item":"https:\/\/idecesos.com\/seguros\/"},{"@type":"ListItem","position":2,"name":"Compa\u00f1\u00edas de Seguros de Decesos en Espa\u00f1a","item":"https:\/\/idecesos.com\/seguros\/companias\/"},{"@type":"ListItem","position":3,"name":"Seguro de decesos Caixa Geral","item":"https:\/\/idecesos.com\/seguros\/companias\/banco-caixa-general\/"},{"@type":"ListItem","position":4,"name":"\u00bfC\u00f3mo dar de baja seguro Caixa Geral?"}]},{"@type":"WebSite","@id":"https:\/\/idecesos.com\/seguros\/#website","url":"https:\/\/idecesos.com\/seguros\/","name":"","description":"","potentialAction":[{"@type":"SearchAction","target":{"@type":"EntryPoint","urlTemplate":"https:\/\/idecesos.com\/seguros\/?s={search_term_string}"},"query-input":{"@type":"PropertyValueSpecification","valueRequired":true,"valueName":"search_term_string"}}],"inLanguage":"es"}]}},"_links":{"self":[{"href":"https:\/\/idecesos.com\/seguros\/wp-json\/wp\/v2\/pages\/18210","targetHints":{"allow":["GET"]}}],"collection":[{"href":"https:\/\/idecesos.com\/seguros\/wp-json\/wp\/v2\/pages"}],"about":[{"href":"https:\/\/idecesos.com\/seguros\/wp-json\/wp\/v2\/types\/page"}],"author":[{"embeddable":true,"href":"https:\/\/idecesos.com\/seguros\/wp-json\/wp\/v2\/users\/1"}],"replies":[{"embeddable":true,"href":"https:\/\/idecesos.com\/seguros\/wp-json\/wp\/v2\/comments?post=18210"}],"version-history":[{"count":2,"href":"https:\/\/idecesos.com\/seguros\/wp-json\/wp\/v2\/pages\/18210\/revisions"}],"predecessor-version":[{"id":19122,"href":"https:\/\/idecesos.com\/seguros\/wp-json\/wp\/v2\/pages\/18210\/revisions\/19122"}],"up":[{"embeddable":true,"href":"https:\/\/idecesos.com\/seguros\/wp-json\/wp\/v2\/pages\/275"}],"wp:attachment":[{"href":"https:\/\/idecesos.com\/seguros\/wp-json\/wp\/v2\/media?parent=18210"}],"curies":[{"name":"wp","href":"https:\/\/api.w.org\/{rel}","templated":true}]}}