{"id":18211,"date":"2021-12-29T11:53:08","date_gmt":"2021-12-29T11:53:08","guid":{"rendered":"https:\/\/idecesos.com\/seguros\/companias\/banco-caminos\/dar-de-baja\/"},"modified":"2022-01-28T18:11:36","modified_gmt":"2022-01-28T18:11:36","slug":"dar-de-baja","status":"publish","type":"page","link":"https:\/\/idecesos.com\/seguros\/companias\/banco-caminos\/dar-de-baja\/","title":{"rendered":"\u00bfC\u00f3mo dar de baja seguro Banco Caminos?"},"content":{"rendered":"<div id=\"ez-toc-container\" class=\"ez-toc-v2_0_82_2 ez-toc-wrap-center counter-hierarchy ez-toc-counter ez-toc-custom ez-toc-container-direction\">\n<div class=\"ez-toc-title-container\">\n<p class=\"ez-toc-title\" style=\"cursor:inherit\">Tabla de Contenido<\/p>\n<span class=\"ez-toc-title-toggle\"><a href=\"#\" class=\"ez-toc-pull-right ez-toc-btn ez-toc-btn-xs ez-toc-btn-default ez-toc-toggle\" aria-label=\"Alternar tabla de contenidos\"><span class=\"ez-toc-js-icon-con\"><span class=\"\"><span class=\"eztoc-hide\" style=\"display:none;\">Toggle<\/span><span class=\"ez-toc-icon-toggle-span\"><svg style=\"fill: #db6415;color:#db6415\" xmlns=\"http:\/\/www.w3.org\/2000\/svg\" class=\"list-377408\" width=\"20px\" height=\"20px\" viewBox=\"0 0 24 24\" fill=\"none\"><path d=\"M6 6H4v2h2V6zm14 0H8v2h12V6zM4 11h2v2H4v-2zm16 0H8v2h12v-2zM4 16h2v2H4v-2zm16 0H8v2h12v-2z\" fill=\"currentColor\"><\/path><\/svg><svg style=\"fill: #db6415;color:#db6415\" class=\"arrow-unsorted-368013\" xmlns=\"http:\/\/www.w3.org\/2000\/svg\" width=\"10px\" height=\"10px\" viewBox=\"0 0 24 24\" version=\"1.2\" baseProfile=\"tiny\"><path d=\"M18.2 9.3l-6.2-6.3-6.2 6.3c-.2.2-.3.4-.3.7s.1.5.3.7c.2.2.4.3.7.3h11c.3 0 .5-.1.7-.3.2-.2.3-.5.3-.7s-.1-.5-.3-.7zM5.8 14.7l6.2 6.3 6.2-6.3c.2-.2.3-.5.3-.7s-.1-.5-.3-.7c-.2-.2-.4-.3-.7-.3h-11c-.3 0-.5.1-.7.3-.2.2-.3.5-.3.7s.1.5.3.7z\"\/><\/svg><\/span><\/span><\/span><\/a><\/span><\/div>\n<nav><ul class='ez-toc-list ez-toc-list-level-1 ' ><li class='ez-toc-page-1 ez-toc-heading-level-2'><a class=\"ez-toc-link ez-toc-heading-1\" href=\"https:\/\/idecesos.com\/seguros\/companias\/banco-caminos\/dar-de-baja\/#Diferentes_opciones_para_cancelar_un_contrato_con_Banco_Caminos\" >Diferentes opciones para cancelar un contrato con Banco Caminos<\/a><ul class='ez-toc-list-level-3' ><li class='ez-toc-heading-level-3'><a class=\"ez-toc-link ez-toc-heading-2\" href=\"https:\/\/idecesos.com\/seguros\/companias\/banco-caminos\/dar-de-baja\/#A_traves_de_la_web_de_Banco_Caminos\" >A trav\u00e9s de la web de Banco Caminos<\/a><\/li><li class='ez-toc-page-1 ez-toc-heading-level-3'><a class=\"ez-toc-link ez-toc-heading-3\" href=\"https:\/\/idecesos.com\/seguros\/companias\/banco-caminos\/dar-de-baja\/#Utilizando_el_correo_electronico_de_Banco_Caminos\" >Utilizando el correo electr\u00f3nico de Banco Caminos<\/a><\/li><li class='ez-toc-page-1 ez-toc-heading-level-3'><a class=\"ez-toc-link ez-toc-heading-4\" href=\"https:\/\/idecesos.com\/seguros\/companias\/banco-caminos\/dar-de-baja\/#Dar_de_baja_Banco_Caminos_por_fax\" >Dar de baja Banco Caminos por fax<\/a><\/li><li class='ez-toc-page-1 ez-toc-heading-level-3'><a class=\"ez-toc-link ez-toc-heading-5\" href=\"https:\/\/idecesos.com\/seguros\/companias\/banco-caminos\/dar-de-baja\/#En_la_oficina_de_Banco_Caminos\" >En la oficina de Banco Caminos<\/a><\/li><li class='ez-toc-page-1 ez-toc-heading-level-3'><a class=\"ez-toc-link ez-toc-heading-6\" href=\"https:\/\/idecesos.com\/seguros\/companias\/banco-caminos\/dar-de-baja\/#Telefono_para_dar_de_baja_Banco_Caminos\" >T\u00e9lefono para dar de baja Banco Caminos<\/a><\/li><\/ul><\/li><li class='ez-toc-page-1 ez-toc-heading-level-2'><a class=\"ez-toc-link ez-toc-heading-7\" href=\"https:\/\/idecesos.com\/seguros\/companias\/banco-caminos\/dar-de-baja\/#Dar_de_baja_seguro_Banco_Caminos_de_un_fallecido\" >Dar de baja seguro Banco Caminos de un fallecido<\/a><ul class='ez-toc-list-level-3' ><li class='ez-toc-heading-level-3'><a class=\"ez-toc-link ez-toc-heading-8\" href=\"https:\/\/idecesos.com\/seguros\/companias\/banco-caminos\/dar-de-baja\/#Paginas_relacionadas\" >P\u00e1ginas relacionadas<\/a><\/li><\/ul><\/li><\/ul><\/nav><\/div>\n<p> A continuaci\u00f3n, le vamos a explicar de qu\u00e9 manera dar de baja su seguro de decesos. iDecesos ha trabajado para explicarte de qu\u00e9 manera hacerlo y para que no se tenga que preocupar por nada ya que esto puede parecer algo dif\u00edcil o complejo. Ahora conocer\u00e1s las diferentes formas que tienes para dar de baja tu seguro y los pasos que debes continuar. En unos instantes, podr\u00e1s tener todos los datos detallados para que escojas la mejor manera de dar de baja tu seguro de decesos. Le recomendamos que no se quede con un seguro de esta clase ya que en el futuro va a ser importante tener ese instante de su vida asegurado, por su calma y por la de sus familiares o bien amigos. <div class=\"colorf \"  ><div class=\"container clearfix\"><div class=\"col-md-7\"><\/p>\r\n<h2><span class=\"ez-toc-section\" id=\"Diferentes_opciones_para_cancelar_un_contrato_con_Banco_Caminos\"><\/span>Diferentes opciones para cancelar un contrato con Banco Caminos<span class=\"ez-toc-section-end\"><\/span><\/h2>\r\n<!-- \/wp:post-content -->\r\n\r\n<!-- wp:paragraph -->\r\n<p>Cada una de las diferentes empresas de seguros trabajan de forma diferente aunque en casi todas se les pide a los clientes del servicio que notifiquen su deseo de darse de baja del seguro. Si quiere conseguir el documento que terminamos de nombrar, contacte con nosotros por medio de nuestro n\u00famero 951 127 403 o bien por nuestro e-mail info@idecesos. com. Hay diferentes formas de darse de baja, pero, de cualquier forma, si usted decide enviar una carta certificada con un modelo est\u00e1ndar de cancelaci\u00f3n de su contrato con Banco Caminos esta va a deber d\u00e1rselo por v\u00e1lido. Guarde el resguardo del documento y haz una imitaci\u00f3n de este con lo que pueda pasar en un futuro. Si usted, por \u00faltimo, no decide seleccionar este m\u00e9todo, ahora, le mostramos otras formas por las que va a poder darse de baja del seguro de decesos de Banco Caminos. <\/div><\/div><\/div><\/p>\r\n<h3><span class=\"ez-toc-section\" id=\"A_traves_de_la_web_de_Banco_Caminos\"><\/span>A trav\u00e9s de la web de Banco Caminos<span class=\"ez-toc-section-end\"><\/span><\/h3>\r\n<p>Uno de los diferentes m\u00e9todos para darse de bajas en el seguro de decesos de Banco Caminos es desde su p\u00e1gina web www.bancocaminos.es\/seguros. Va a ser tan sencillo como entrar en la secci\u00f3n de bajas o, poner en el buscador de la p\u00e1gina web lo que quieras saber. Entonces, vas a tener 2 opciones: rellenar el formulario que le proporcionan o, bajar el documento pertinente. Puede llamar al n\u00famero de tel\u00e9fono 900 107 411\u00a0o mandar un correo a esta direcci\u00f3n email Banco Caminos, si ocurre alguna incidencia en el proceso. En el caso de que todo vaya bien, en tan solo dos minutos recibir\u00e1 una notificaci\u00f3n v\u00eda correo informando de su baja del seguro de decesos de Banco Caminos. <div class=\"colorf \"  ><div class=\"container clearfix\"><div class=\"col-md-7\"><\/p>\r\n<h3><span class=\"ez-toc-section\" id=\"Utilizando_el_correo_electronico_de_Banco_Caminos\"><\/span>Utilizando el correo electr\u00f3nico de Banco Caminos<span class=\"ez-toc-section-end\"><\/span><\/h3>\r\n<p>Por e mail tambi\u00e9n puedes solicitar la baja de tu seguro de decesos. Es muy f\u00e1cil, a\u00f1ade la siguiente direcci\u00f3n a tu correo email Banco Caminos y en solo dos minutos podr\u00e1s tenerlo todo solucionado. Tendr\u00e1s que enviarle a la compa\u00f1\u00eda la copia de tu documento nacional de identidad y el documento firmado con tus datos personales para proceder a la baja del contrato del seguro de decesos. Si necesitas solucionar alguna pregunta, contacta con nosotros en el 951 127 403 o en el info@idecesos. com. Si no quieres tener problemas, guarda una copia sellada y el justificante. Si quieres estar m\u00e1s sosegado, no olvides guardar una copia de la notificaci\u00f3n con la data de env\u00edo. <\/div><\/div><\/div><\/p>\r\n<h3><span class=\"ez-toc-section\" id=\"Dar_de_baja_Banco_Caminos_por_fax\"><\/span>Dar de baja Banco Caminos por fax<span class=\"ez-toc-section-end\"><\/span><\/h3>\r\n<p>Fax, es otra de las posibilidades para darse de baja. Es muy af\u00edn al correo electr\u00f3nico. Tendr\u00e1 que seguir exactamente los mismos pasos, en lugar de digital, enviarlo mediante fax. Es esencial que env\u00ede la notificaci\u00f3n firmada, que hallar\u00e1 en la p\u00e1gina web de Banco Caminos o llamando a nuestro n\u00famero de tel\u00e9fono 900 107 411, al lado de una copia de su documento nacional de identidad. Va a deber tener y, guardar, una copia, correctamente sellada, y el justificante del recibo. Para prevenir futuras incidencias, tenga a buen recaudo la copia de la notificaci\u00f3n, con su data de env\u00edo correcta. <div class=\"colorf \"  ><div class=\"container clearfix\"><div class=\"col-md-7\"><\/p>\r\n<h3><span class=\"ez-toc-section\" id=\"En_la_oficina_de_Banco_Caminos\"><\/span>En la oficina de Banco Caminos<span class=\"ez-toc-section-end\"><\/span><\/h3>\r\n<p>Existen todav\u00eda otros m\u00e9todos por si acaso no eres un buen amigo de las tecnolog\u00edas. La manera m\u00e1s veloz para dar de baja tu seguro es acudiendo a tu oficina. Pregunte a su buscador por la oficina m\u00e1s pr\u00f3xima a su casa o bien al sitio donde se encuentre de Banco Caminos. Coge cita para que los agentes puedan atenderte de una manera m\u00e1s adaptada en la oficina de tu compa\u00f1\u00eda. Con solo proseguirse los pasos detallados, podr\u00e1s llenar tu solicitud de baja del seguro. <\/div><\/div><\/div><\/p>\r\n<h3><span class=\"ez-toc-section\" id=\"Telefono_para_dar_de_baja_Banco_Caminos\"><\/span>T\u00e9lefono para dar de baja Banco Caminos<span class=\"ez-toc-section-end\"><\/span><\/h3>\r\n<p>Dar de baja su seguro de decesos por tel\u00e9fono, ser\u00e1 tan simple como proseguir adecuadamente los pasos que le indiquen los trabajadores especialistas de Banco Caminos. Entonces, deber\u00e1 buscar en Intenet su n\u00famero de contacto o, llamar de forma directa a 900 107 411. En muy poco tiempo, si prosigue con exactitud cada paso recomendado, tendr\u00e1 su contrato de baja correctamente cerrado, gracias tambi\u00e9n, a la colaboraci\u00f3n de los expertos para completar los tr\u00e1mites. <div class=\"colorf \"  ><div class=\"container clearfix\"><div class=\"col-md-7\"><\/p>\r\n<h2><span class=\"ez-toc-section\" id=\"Dar_de_baja_seguro_Banco_Caminos_de_un_fallecido\"><\/span>Dar de baja seguro Banco Caminos de un fallecido<span class=\"ez-toc-section-end\"><\/span><\/h2>\r\n<p>Finalmente, vamos a informarte de qu\u00e9 manera puedes dar de baja tu seguro si el asegurado muere. Es un proceso sencillo que no te va a llevar mucho tiempo. Cuando la prestaci\u00f3n del servicio f\u00fanebre se realiza, la compa\u00f1\u00eda de seguros se encarga de dar de baja el seguro a fin de que los familiares no tengan que estar pendientes de realizar esos tr\u00e1mites en esos duros momentos. <\/div><\/div><\/div> <div class=\"oficinas\"> <h3><span class=\"ez-toc-section\" id=\"Paginas_relacionadas\"><\/span>P\u00e1ginas relacionadas<span class=\"ez-toc-section-end\"><\/span><\/h3><div class=\"enlazado\"><ul> <li><a href=\"https:\/\/idecesos.com\/seguros\/companias\/banco-caminos\/opiniones\/\">Opiniones Banco Caminos<\/a><\/li> <li><a href=\"https:\/\/idecesos.com\/seguros\/companias\/banco-caminos\/precio\/\">Precio seguro Banco Caminos<\/a><\/li> <li><a href=\"https:\/\/idecesos.com\/seguros\/companias\/banco-caminos\/prima-mixta\/\">Banco Caminos Prima Mixta<\/a><\/li> <li><a href=\"https:\/\/idecesos.com\/seguros\/companias\/banco-caminos\/prima-natural\/\">Banco Caminos Prima Natural<\/a><\/li> <li><a href=\"https:\/\/idecesos.com\/seguros\/companias\/banco-caminos\/prima-nivelada\/\">Banco Caminos Prima Nivelada<\/a><\/li> <li><a href=\"https:\/\/idecesos.com\/seguros\/companias\/banco-caminos\/prima-unica\/\">Banco Caminos Prima \u00danica<\/a><\/li> <li><a href=\"https:\/\/idecesos.com\/seguros\/companias\/banco-caminos\/repatriacion\/\">Banco Caminos Repatriaci\u00f3n<\/a><\/li> <li><a href=\"https:\/\/idecesos.com\/seguros\/companias\/banco-caminos\/telefono\/\">Tel\u00e9fono Gratuito Banco Caminos<\/a><\/li><\/ul><\/div> <\/div><\/p>","protected":false},"excerpt":{"rendered":"<p>A continuaci\u00f3n, le vamos a explicar de qu\u00e9 manera dar de baja su seguro de decesos. iDecesos ha trabajado para explicarte de qu\u00e9 manera hacerlo y para que no se tenga que preocupar por nada ya que esto puede parecer algo dif\u00edcil o complejo. Ahora conocer\u00e1s las diferentes formas que tienes para dar de baja&hellip; <\/p>\n","protected":false},"author":1,"featured_media":0,"parent":285,"menu_order":0,"comment_status":"closed","ping_status":"closed","template":"single.php","meta":{"footnotes":""},"class_list":["post-18211","page","type-page","status-publish","hentry"],"yoast_head":"<!-- This site is optimized with the Yoast SEO plugin v27.3 - https:\/\/yoast.com\/product\/yoast-seo-wordpress\/ -->\n<title>\u00bfC\u00f3mo dar de Baja o Cancelar Seguro de Decesos Banco Caminos?<\/title>\n<meta name=\"description\" content=\"Obt\u00e9n aqu\u00ed\u3010c\u00f3mo dar de baja o cancelar seguro de decesos Banco Caminos\u3011Modelo carta, fax, correo electr\u00f3nico (email), tel\u00e9fono gratis.\" \/>\n<meta name=\"robots\" content=\"index, follow, max-snippet:-1, max-image-preview:large, max-video-preview:-1\" \/>\n<link rel=\"canonical\" href=\"https:\/\/idecesos.com\/seguros\/companias\/banco-caminos\/dar-de-baja\/\" \/>\n<meta property=\"og:locale\" content=\"es_ES\" \/>\n<meta property=\"og:type\" content=\"article\" \/>\n<meta property=\"og:title\" content=\"\u00bfC\u00f3mo dar de Baja o Cancelar Seguro de Decesos Banco Caminos?\" \/>\n<meta property=\"og:description\" content=\"Obt\u00e9n aqu\u00ed\u3010c\u00f3mo dar de baja o cancelar seguro de decesos Banco Caminos\u3011Modelo carta, fax, correo electr\u00f3nico (email), tel\u00e9fono gratis.\" \/>\n<meta property=\"og:url\" content=\"https:\/\/idecesos.com\/seguros\/companias\/banco-caminos\/dar-de-baja\/\" \/>\n<meta property=\"article:modified_time\" content=\"2022-01-28T18:11:36+00:00\" \/>\n<meta name=\"twitter:card\" content=\"summary_large_image\" \/>\n<meta name=\"twitter:label1\" content=\"Tiempo de lectura\" \/>\n\t<meta name=\"twitter:data1\" content=\"15 minutos\" \/>\n<script type=\"application\/ld+json\" class=\"yoast-schema-graph\">{\"@context\":\"https:\\\/\\\/schema.org\",\"@graph\":[{\"@type\":\"WebPage\",\"@id\":\"https:\\\/\\\/idecesos.com\\\/seguros\\\/companias\\\/banco-caminos\\\/dar-de-baja\\\/\",\"url\":\"https:\\\/\\\/idecesos.com\\\/seguros\\\/companias\\\/banco-caminos\\\/dar-de-baja\\\/\",\"name\":\"\u00bfC\u00f3mo dar de Baja o Cancelar Seguro de Decesos Banco Caminos?\",\"isPartOf\":{\"@id\":\"https:\\\/\\\/idecesos.com\\\/seguros\\\/#website\"},\"datePublished\":\"2021-12-29T11:53:08+00:00\",\"dateModified\":\"2022-01-28T18:11:36+00:00\",\"description\":\"Obt\u00e9n aqu\u00ed\u3010c\u00f3mo dar de baja o cancelar seguro de decesos Banco Caminos\u3011Modelo carta, fax, correo electr\u00f3nico (email), tel\u00e9fono gratis.\",\"breadcrumb\":{\"@id\":\"https:\\\/\\\/idecesos.com\\\/seguros\\\/companias\\\/banco-caminos\\\/dar-de-baja\\\/#breadcrumb\"},\"inLanguage\":\"es\",\"potentialAction\":[{\"@type\":\"ReadAction\",\"target\":[\"https:\\\/\\\/idecesos.com\\\/seguros\\\/companias\\\/banco-caminos\\\/dar-de-baja\\\/\"]}]},{\"@type\":\"BreadcrumbList\",\"@id\":\"https:\\\/\\\/idecesos.com\\\/seguros\\\/companias\\\/banco-caminos\\\/dar-de-baja\\\/#breadcrumb\",\"itemListElement\":[{\"@type\":\"ListItem\",\"position\":1,\"name\":\"Portada\",\"item\":\"https:\\\/\\\/idecesos.com\\\/seguros\\\/\"},{\"@type\":\"ListItem\",\"position\":2,\"name\":\"Compa\u00f1\u00edas de Seguros de Decesos en Espa\u00f1a\",\"item\":\"https:\\\/\\\/idecesos.com\\\/seguros\\\/companias\\\/\"},{\"@type\":\"ListItem\",\"position\":3,\"name\":\"Seguro de decesos Banco Caminos\",\"item\":\"https:\\\/\\\/idecesos.com\\\/seguros\\\/companias\\\/banco-caminos\\\/\"},{\"@type\":\"ListItem\",\"position\":4,\"name\":\"\u00bfC\u00f3mo dar de baja seguro Banco Caminos?\"}]},{\"@type\":\"WebSite\",\"@id\":\"https:\\\/\\\/idecesos.com\\\/seguros\\\/#website\",\"url\":\"https:\\\/\\\/idecesos.com\\\/seguros\\\/\",\"name\":\"\",\"description\":\"\",\"potentialAction\":[{\"@type\":\"SearchAction\",\"target\":{\"@type\":\"EntryPoint\",\"urlTemplate\":\"https:\\\/\\\/idecesos.com\\\/seguros\\\/?s={search_term_string}\"},\"query-input\":{\"@type\":\"PropertyValueSpecification\",\"valueRequired\":true,\"valueName\":\"search_term_string\"}}],\"inLanguage\":\"es\"}]}<\/script>\n<!-- \/ Yoast SEO plugin. -->","yoast_head_json":{"title":"\u00bfC\u00f3mo dar de Baja o Cancelar Seguro de Decesos Banco Caminos?","description":"Obt\u00e9n aqu\u00ed\u3010c\u00f3mo dar de baja o cancelar seguro de decesos Banco Caminos\u3011Modelo carta, fax, correo electr\u00f3nico (email), tel\u00e9fono gratis.","robots":{"index":"index","follow":"follow","max-snippet":"max-snippet:-1","max-image-preview":"max-image-preview:large","max-video-preview":"max-video-preview:-1"},"canonical":"https:\/\/idecesos.com\/seguros\/companias\/banco-caminos\/dar-de-baja\/","og_locale":"es_ES","og_type":"article","og_title":"\u00bfC\u00f3mo dar de Baja o Cancelar Seguro de Decesos Banco Caminos?","og_description":"Obt\u00e9n aqu\u00ed\u3010c\u00f3mo dar de baja o cancelar seguro de decesos Banco Caminos\u3011Modelo carta, fax, correo electr\u00f3nico (email), tel\u00e9fono gratis.","og_url":"https:\/\/idecesos.com\/seguros\/companias\/banco-caminos\/dar-de-baja\/","article_modified_time":"2022-01-28T18:11:36+00:00","twitter_card":"summary_large_image","twitter_misc":{"Tiempo de lectura":"15 minutos"},"schema":{"@context":"https:\/\/schema.org","@graph":[{"@type":"WebPage","@id":"https:\/\/idecesos.com\/seguros\/companias\/banco-caminos\/dar-de-baja\/","url":"https:\/\/idecesos.com\/seguros\/companias\/banco-caminos\/dar-de-baja\/","name":"\u00bfC\u00f3mo dar de Baja o Cancelar Seguro de Decesos Banco Caminos?","isPartOf":{"@id":"https:\/\/idecesos.com\/seguros\/#website"},"datePublished":"2021-12-29T11:53:08+00:00","dateModified":"2022-01-28T18:11:36+00:00","description":"Obt\u00e9n aqu\u00ed\u3010c\u00f3mo dar de baja o cancelar seguro de decesos Banco Caminos\u3011Modelo carta, fax, correo electr\u00f3nico (email), tel\u00e9fono gratis.","breadcrumb":{"@id":"https:\/\/idecesos.com\/seguros\/companias\/banco-caminos\/dar-de-baja\/#breadcrumb"},"inLanguage":"es","potentialAction":[{"@type":"ReadAction","target":["https:\/\/idecesos.com\/seguros\/companias\/banco-caminos\/dar-de-baja\/"]}]},{"@type":"BreadcrumbList","@id":"https:\/\/idecesos.com\/seguros\/companias\/banco-caminos\/dar-de-baja\/#breadcrumb","itemListElement":[{"@type":"ListItem","position":1,"name":"Portada","item":"https:\/\/idecesos.com\/seguros\/"},{"@type":"ListItem","position":2,"name":"Compa\u00f1\u00edas de Seguros de Decesos en Espa\u00f1a","item":"https:\/\/idecesos.com\/seguros\/companias\/"},{"@type":"ListItem","position":3,"name":"Seguro de decesos Banco Caminos","item":"https:\/\/idecesos.com\/seguros\/companias\/banco-caminos\/"},{"@type":"ListItem","position":4,"name":"\u00bfC\u00f3mo dar de baja seguro Banco Caminos?"}]},{"@type":"WebSite","@id":"https:\/\/idecesos.com\/seguros\/#website","url":"https:\/\/idecesos.com\/seguros\/","name":"","description":"","potentialAction":[{"@type":"SearchAction","target":{"@type":"EntryPoint","urlTemplate":"https:\/\/idecesos.com\/seguros\/?s={search_term_string}"},"query-input":{"@type":"PropertyValueSpecification","valueRequired":true,"valueName":"search_term_string"}}],"inLanguage":"es"}]}},"_links":{"self":[{"href":"https:\/\/idecesos.com\/seguros\/wp-json\/wp\/v2\/pages\/18211","targetHints":{"allow":["GET"]}}],"collection":[{"href":"https:\/\/idecesos.com\/seguros\/wp-json\/wp\/v2\/pages"}],"about":[{"href":"https:\/\/idecesos.com\/seguros\/wp-json\/wp\/v2\/types\/page"}],"author":[{"embeddable":true,"href":"https:\/\/idecesos.com\/seguros\/wp-json\/wp\/v2\/users\/1"}],"replies":[{"embeddable":true,"href":"https:\/\/idecesos.com\/seguros\/wp-json\/wp\/v2\/comments?post=18211"}],"version-history":[{"count":1,"href":"https:\/\/idecesos.com\/seguros\/wp-json\/wp\/v2\/pages\/18211\/revisions"}],"predecessor-version":[{"id":19123,"href":"https:\/\/idecesos.com\/seguros\/wp-json\/wp\/v2\/pages\/18211\/revisions\/19123"}],"up":[{"embeddable":true,"href":"https:\/\/idecesos.com\/seguros\/wp-json\/wp\/v2\/pages\/285"}],"wp:attachment":[{"href":"https:\/\/idecesos.com\/seguros\/wp-json\/wp\/v2\/media?parent=18211"}],"curies":[{"name":"wp","href":"https:\/\/api.w.org\/{rel}","templated":true}]}}