{"id":18212,"date":"2021-12-29T11:53:09","date_gmt":"2021-12-29T11:53:09","guid":{"rendered":"https:\/\/idecesos.com\/seguros\/companias\/banco-evo\/dar-de-baja\/"},"modified":"2021-12-29T11:53:09","modified_gmt":"2021-12-29T11:53:09","slug":"dar-de-baja","status":"publish","type":"page","link":"https:\/\/idecesos.com\/seguros\/companias\/banco-evo\/dar-de-baja\/","title":{"rendered":"\u00bfC\u00f3mo dar de baja seguro EVO?"},"content":{"rendered":"<div id=\"ez-toc-container\" class=\"ez-toc-v2_0_82_2 ez-toc-wrap-center counter-hierarchy ez-toc-counter ez-toc-custom ez-toc-container-direction\">\n<div class=\"ez-toc-title-container\">\n<p class=\"ez-toc-title\" style=\"cursor:inherit\">Tabla de Contenido<\/p>\n<span class=\"ez-toc-title-toggle\"><a href=\"#\" class=\"ez-toc-pull-right ez-toc-btn ez-toc-btn-xs ez-toc-btn-default ez-toc-toggle\" aria-label=\"Alternar tabla de contenidos\"><span class=\"ez-toc-js-icon-con\"><span class=\"\"><span class=\"eztoc-hide\" style=\"display:none;\">Toggle<\/span><span class=\"ez-toc-icon-toggle-span\"><svg style=\"fill: #db6415;color:#db6415\" xmlns=\"http:\/\/www.w3.org\/2000\/svg\" class=\"list-377408\" width=\"20px\" height=\"20px\" viewBox=\"0 0 24 24\" fill=\"none\"><path d=\"M6 6H4v2h2V6zm14 0H8v2h12V6zM4 11h2v2H4v-2zm16 0H8v2h12v-2zM4 16h2v2H4v-2zm16 0H8v2h12v-2z\" fill=\"currentColor\"><\/path><\/svg><svg style=\"fill: #db6415;color:#db6415\" class=\"arrow-unsorted-368013\" xmlns=\"http:\/\/www.w3.org\/2000\/svg\" width=\"10px\" height=\"10px\" viewBox=\"0 0 24 24\" version=\"1.2\" baseProfile=\"tiny\"><path d=\"M18.2 9.3l-6.2-6.3-6.2 6.3c-.2.2-.3.4-.3.7s.1.5.3.7c.2.2.4.3.7.3h11c.3 0 .5-.1.7-.3.2-.2.3-.5.3-.7s-.1-.5-.3-.7zM5.8 14.7l6.2 6.3 6.2-6.3c.2-.2.3-.5.3-.7s-.1-.5-.3-.7c-.2-.2-.4-.3-.7-.3h-11c-.3 0-.5.1-.7.3-.2.2-.3.5-.3.7s.1.5.3.7z\"\/><\/svg><\/span><\/span><\/span><\/a><\/span><\/div>\n<nav><ul class='ez-toc-list ez-toc-list-level-1 ' ><li class='ez-toc-page-1 ez-toc-heading-level-2'><a class=\"ez-toc-link ez-toc-heading-1\" href=\"https:\/\/idecesos.com\/seguros\/companias\/banco-evo\/dar-de-baja\/#Diferentes_opciones_para_cancelar_un_contrato_con_EVO\" >Diferentes opciones para cancelar un contrato con EVO<\/a><ul class='ez-toc-list-level-3' ><li class='ez-toc-heading-level-3'><a class=\"ez-toc-link ez-toc-heading-2\" href=\"https:\/\/idecesos.com\/seguros\/companias\/banco-evo\/dar-de-baja\/#A_traves_de_la_web_de_EVO\" >A trav\u00e9s de la web de EVO<\/a><\/li><li class='ez-toc-page-1 ez-toc-heading-level-3'><a class=\"ez-toc-link ez-toc-heading-3\" href=\"https:\/\/idecesos.com\/seguros\/companias\/banco-evo\/dar-de-baja\/#Utilizando_el_correo_electronico_de_EVO\" >Utilizando el correo electr\u00f3nico de EVO<\/a><\/li><li class='ez-toc-page-1 ez-toc-heading-level-3'><a class=\"ez-toc-link ez-toc-heading-4\" href=\"https:\/\/idecesos.com\/seguros\/companias\/banco-evo\/dar-de-baja\/#Dar_de_baja_EVO_por_fax\" >Dar de baja EVO por fax<\/a><\/li><li class='ez-toc-page-1 ez-toc-heading-level-3'><a class=\"ez-toc-link ez-toc-heading-5\" href=\"https:\/\/idecesos.com\/seguros\/companias\/banco-evo\/dar-de-baja\/#En_la_oficina_de_EVO\" >En la oficina de EVO<\/a><\/li><li class='ez-toc-page-1 ez-toc-heading-level-3'><a class=\"ez-toc-link ez-toc-heading-6\" href=\"https:\/\/idecesos.com\/seguros\/companias\/banco-evo\/dar-de-baja\/#Telefono_para_dar_de_baja_EVO\" >T\u00e9lefono para dar de baja EVO<\/a><\/li><\/ul><\/li><li class='ez-toc-page-1 ez-toc-heading-level-2'><a class=\"ez-toc-link ez-toc-heading-7\" href=\"https:\/\/idecesos.com\/seguros\/companias\/banco-evo\/dar-de-baja\/#Dar_de_baja_seguro_EVO_de_un_fallecido\" >Dar de baja seguro EVO de un fallecido<\/a><ul class='ez-toc-list-level-3' ><li class='ez-toc-heading-level-3'><a class=\"ez-toc-link ez-toc-heading-8\" href=\"https:\/\/idecesos.com\/seguros\/companias\/banco-evo\/dar-de-baja\/#Paginas_relacionadas\" >P\u00e1ginas relacionadas<\/a><\/li><\/ul><\/li><\/ul><\/nav><\/div>\n\r\n\r\nPara dar de baja su seguro de decesos en EVO va a deber continuar los siguientes pasos. Hay que empezar por repasar su factura o bien contrato de seguro de decesos, ah\u00ed hallar\u00e1 los datos de EVO a la que pertenece su seguro de decesos. En el momento en que tenga esta informaci\u00f3n podr\u00e1 buscar la direcci\u00f3n de la compa\u00f1\u00eda en Internet. Para proceder a dar de baja su seguro de decesos, deber\u00e1s llamar al tel\u00e9fono de atenci\u00f3n al usuario que te indiquen en internet. Puedes dar de baja tu seguro de decesos mediante email o bien por tel\u00e9fono. Cuando realices la baja de tu seguro, podr\u00e1s contactar con tu compa\u00f1\u00eda de seguros para dejar por escrito tu resoluci\u00f3n. \r\n<div class=\"colorf \"  ><div class=\"container clearfix\"><div class=\"col-md-7\">\r\n\r\n<h2><span class=\"ez-toc-section\" id=\"Diferentes_opciones_para_cancelar_un_contrato_con_EVO\"><\/span>Diferentes opciones para cancelar un contrato con EVO<span class=\"ez-toc-section-end\"><\/span><\/h2>\r\n<!-- \/wp:post-content -->\r\n\r\n<!-- wp:paragraph --> Basadas en la experiencia de los clientes del servicio, puedes conocer las distintas opciones de esas personas que dieron de baja su seguro. La forma de dar de baja un seguro de decesos es igual en todas las aseguradoras. Aunque en algunas empresas de seguros te pueden admitir la cancelaci\u00f3n del seguro de forma telef\u00f3nica, para eludir que malgastes el tiempo, lo m\u00e1s normal es que acudas a una oficina y entregues el formulario de forma impresa. Si  desea darse de baja de un seguro de decesos de EVO a trav\u00e9s de tel\u00e9fono, no dude en contactar con nosotros mediante nuestro correo o nuestro n\u00famero. \r\n\r\n<\/div><\/div><\/div>\r\n\r\n<h3><span class=\"ez-toc-section\" id=\"A_traves_de_la_web_de_EVO\"><\/span>A trav\u00e9s de la web de EVO<span class=\"ez-toc-section-end\"><\/span><\/h3>\r\n\r\nNo olvides comprobar los datos ya que si algunos est\u00e1n mal, la empresa de seguros no proceder\u00e1 a efectuar la baja de tu seguro de decesos. \u00bfDe qu\u00e9 manera se puede darse de baja en el portal de EVO en el seguro de decesos?. La manera m\u00e1s f\u00e1cil es usando el buscador que podr\u00e1s localizar en la p\u00e1gina de la compa\u00f1\u00eda y escribiendo lo que precisas saber. Si tiene alguna duda o bien no le aparece esta opci\u00f3n puede ponerse en contacto con EVO por tel\u00e9fono para que le solucionen el problema directamente a trav\u00e9s de el n\u00famero de tel\u00e9fono que le facilitamos. Para lograr que la petici\u00f3n de la baja sea gestionada de forma correcta, deber\u00e1s rellenar un formulario. Si observas que no recibes la confirmaci\u00f3n de la baja del seguro, puede ser por el hecho de que los datos expuestos est\u00e9n mal escritos. \r\n\r\n<div class=\"colorf \"  ><div class=\"container clearfix\"><div class=\"col-md-7\">\r\n\r\n<h3><span class=\"ez-toc-section\" id=\"Utilizando_el_correo_electronico_de_EVO\"><\/span>Utilizando el correo electr\u00f3nico de EVO<span class=\"ez-toc-section-end\"><\/span><\/h3>\r\n\r\nPor correo electr\u00f3nico asimismo puedes pedir la baja de tu seguro de decesos. Solo tienes que a\u00f1adir la direcci\u00f3n de e mail siguiente para tener la baja de tu seguro de decesos solucionada. Deber\u00e1s mandar los siguientes documentos para que puedas pedir la devoluci\u00f3n: copia del documento de identidad del asegurado y la notificaci\u00f3n firmada con los datos personales de la persona asegurada. Si no quieres tener problemas, guarda una copia sellada y el justificante. Guarde tambi\u00e9n una copia de la notificaci\u00f3n con su fecha de env\u00edo, para quedarse todav\u00eda m\u00e1s tranquilos y no puedan ponerle ninguna pega en un futuro, todo por seguridad. \r\n<\/div><\/div><\/div>\r\n\r\n<h3><span class=\"ez-toc-section\" id=\"Dar_de_baja_EVO_por_fax\"><\/span>Dar de baja EVO por fax<span class=\"ez-toc-section-end\"><\/span><\/h3>\r\n\r\nDar de baja su seguro por fax tambi\u00e9n es otro procedimiento. Solo cambia respecto al anterior, la manera en la que env\u00ede los documentos. Con el fax, debe enviar a la compa\u00f1\u00eda la copia de su DNI y la notificaci\u00f3n sobre su baja, apropiadamente firmada, que podr\u00e1 hallarla en la web de la compa\u00f1\u00eda o bien, llam\u00e1ndonos al 951 127 403. Como en m\u00e9todos anteriores, deber\u00e1 guardar el justificante de su recibo y, una copia apropiadamente sellada. Y, como es natural, no olvide asimismo guardar una imitaci\u00f3n de la notificaci\u00f3n, en la que aparezca la fecha de env\u00edo correspondiente. \r\n<div class=\"colorf \"  ><div class=\"container clearfix\"><div class=\"col-md-7\">\r\n\r\n\r\n<h3><span class=\"ez-toc-section\" id=\"En_la_oficina_de_EVO\"><\/span>En la oficina de EVO<span class=\"ez-toc-section-end\"><\/span><\/h3>\r\n\r\nSi todav\u00eda no se ha decidido por un m\u00e9todo, ac\u00e1 le dejamos otro por si acaso no controla realmente bien las nuevas tecnolog\u00edas y estos m\u00e9todos de env\u00edo. La forma m\u00e1s veloz para dar de baja tu seguro es acudiendo a tu oficina. Utiliza un buscador de internet para obtener la informaci\u00f3n de la oficina m\u00e1s pr\u00f3xima a tu domicilio. Coge cita a fin de que los agentes puedan atenderte de una forma m\u00e1s personalizada en la oficina de tu compa\u00f1\u00eda. Tan solo deber\u00e1 ir siguiendo los pasos que le vayan se\u00f1alando para finiquitar de concluir su baja. \r\n<\/div><\/div><\/div>\r\n\r\n<h3><span class=\"ez-toc-section\" id=\"Telefono_para_dar_de_baja_EVO\"><\/span>T\u00e9lefono para dar de baja EVO<span class=\"ez-toc-section-end\"><\/span><\/h3>\r\n\r\nPara darse de baja de un seguro de decesos, muchos clientes del servicio asisten al tel\u00e9fono de la compa\u00f1\u00eda para realizar los tr\u00e1mites. Si te pones en contacto con el n\u00famero que te se\u00f1alamos, te pondremos en contacto con una persona que te va a ayudar y te aconsejar\u00e1 en todo el proceso. Cuando se pongan en contacto contigo, certificar\u00e1n que eres el asegurado de la p\u00f3liza y que puedes pedir la baja al estar dentro del periodo. En esta web, vas a poder proceder a pedir la baja de tu seguro de decesos sin ning\u00fan tipo de costo. \r\n\r\n<div class=\"colorf \"  ><div class=\"container clearfix\"><div class=\"col-md-7\">\r\n<h2><span class=\"ez-toc-section\" id=\"Dar_de_baja_seguro_EVO_de_un_fallecido\"><\/span>Dar de baja seguro EVO de un fallecido<span class=\"ez-toc-section-end\"><\/span><\/h2>\r\n\r\nSi no conoces c\u00f3mo puedes dar de baja tu seguro tras el fallecimiento del asegurado, te lo vamos a explicar. No se preocupe, aunque semeja algo complejo es considerablemente m\u00e1s f\u00e1cil. Es la propia compa\u00f1\u00eda aseguradora la que proceder\u00e1 a dar la baja del seguro de decesos de la persona asegurada tras su fallecimiento. \r\n\r\n<\/div><\/div><\/div> \r\n<div class=\"oficinas\">\r\n<h3><span class=\"ez-toc-section\" id=\"Paginas_relacionadas\"><\/span>P\u00e1ginas relacionadas<span class=\"ez-toc-section-end\"><\/span><\/h3><div class=\"enlazado\"><ul> <li><a href=\"https:\/\/idecesos.com\/seguros\/companias\/banco-evo\/opiniones\/\">Opiniones EVO<\/a><\/li> <li><a href=\"https:\/\/idecesos.com\/seguros\/companias\/banco-evo\/precio\/\">Precio seguro EVO<\/a><\/li> <li><a href=\"https:\/\/idecesos.com\/seguros\/companias\/banco-evo\/prima-mixta\/\">EVO Prima Mixta<\/a><\/li> <li><a href=\"https:\/\/idecesos.com\/seguros\/companias\/banco-evo\/prima-natural\/\">EVO Prima Natural<\/a><\/li> <li><a href=\"https:\/\/idecesos.com\/seguros\/companias\/banco-evo\/prima-nivelada\/\">EVO Prima Nivelada<\/a><\/li> <li><a href=\"https:\/\/idecesos.com\/seguros\/companias\/banco-evo\/prima-unica\/\">EVO Prima \u00danica<\/a><\/li> <li><a href=\"https:\/\/idecesos.com\/seguros\/companias\/banco-evo\/repatriacion\/\">EVO Repatriaci\u00f3n<\/a><\/li> <li><a href=\"https:\/\/idecesos.com\/seguros\/companias\/banco-evo\/telefono\/\">Tel\u00e9fono Gratuito EVO<\/a><\/li><\/ul><\/div>\r\n\r\n<\/div>\r\n\r\n","protected":false},"excerpt":{"rendered":"<p>Para dar de baja su seguro de decesos en EVO va a deber continuar los siguientes pasos. Hay que empezar por repasar su factura o bien contrato de seguro de decesos, ah\u00ed hallar\u00e1 los datos de EVO a la que pertenece su seguro de decesos. En el momento en que tenga esta informaci\u00f3n podr\u00e1 buscar&hellip; <\/p>\n","protected":false},"author":0,"featured_media":0,"parent":288,"menu_order":0,"comment_status":"closed","ping_status":"closed","template":"single.php","meta":{"footnotes":""},"class_list":["post-18212","page","type-page","status-publish","hentry"],"yoast_head":"<!-- This site is optimized with the Yoast SEO plugin v27.5 - https:\/\/yoast.com\/product\/yoast-seo-wordpress\/ -->\n<title>\u00bfC\u00f3mo dar de Baja o Cancelar Seguro de Decesos EVO?<\/title>\n<meta name=\"description\" content=\"Obt\u00e9n aqu\u00ed\u3010c\u00f3mo dar de baja o cancelar seguro de decesos EVO\u3011Modelo carta, fax, correo electr\u00f3nico (email), tel\u00e9fono gratis.\" \/>\n<meta name=\"robots\" content=\"index, follow, max-snippet:-1, max-image-preview:large, max-video-preview:-1\" \/>\n<link rel=\"canonical\" href=\"https:\/\/idecesos.com\/seguros\/companias\/banco-evo\/dar-de-baja\/\" \/>\n<meta property=\"og:locale\" content=\"es_ES\" \/>\n<meta property=\"og:type\" content=\"article\" \/>\n<meta property=\"og:title\" content=\"\u00bfC\u00f3mo dar de Baja o Cancelar Seguro de Decesos EVO?\" \/>\n<meta property=\"og:description\" content=\"Obt\u00e9n aqu\u00ed\u3010c\u00f3mo dar de baja o cancelar seguro de decesos EVO\u3011Modelo carta, fax, correo electr\u00f3nico (email), tel\u00e9fono gratis.\" \/>\n<meta property=\"og:url\" content=\"https:\/\/idecesos.com\/seguros\/companias\/banco-evo\/dar-de-baja\/\" \/>\n<meta name=\"twitter:card\" content=\"summary_large_image\" \/>\n<meta name=\"twitter:label1\" content=\"Tiempo de lectura\" \/>\n\t<meta name=\"twitter:data1\" content=\"15 minutos\" \/>\n<script type=\"application\/ld+json\" class=\"yoast-schema-graph\">{\"@context\":\"https:\\\/\\\/schema.org\",\"@graph\":[{\"@type\":\"WebPage\",\"@id\":\"https:\\\/\\\/idecesos.com\\\/seguros\\\/companias\\\/banco-evo\\\/dar-de-baja\\\/\",\"url\":\"https:\\\/\\\/idecesos.com\\\/seguros\\\/companias\\\/banco-evo\\\/dar-de-baja\\\/\",\"name\":\"\u00bfC\u00f3mo dar de Baja o Cancelar Seguro de Decesos EVO?\",\"isPartOf\":{\"@id\":\"https:\\\/\\\/idecesos.com\\\/seguros\\\/#website\"},\"datePublished\":\"2021-12-29T11:53:09+00:00\",\"description\":\"Obt\u00e9n aqu\u00ed\u3010c\u00f3mo dar de baja o cancelar seguro de decesos EVO\u3011Modelo carta, fax, correo electr\u00f3nico (email), tel\u00e9fono gratis.\",\"breadcrumb\":{\"@id\":\"https:\\\/\\\/idecesos.com\\\/seguros\\\/companias\\\/banco-evo\\\/dar-de-baja\\\/#breadcrumb\"},\"inLanguage\":\"es\",\"potentialAction\":[{\"@type\":\"ReadAction\",\"target\":[\"https:\\\/\\\/idecesos.com\\\/seguros\\\/companias\\\/banco-evo\\\/dar-de-baja\\\/\"]}]},{\"@type\":\"BreadcrumbList\",\"@id\":\"https:\\\/\\\/idecesos.com\\\/seguros\\\/companias\\\/banco-evo\\\/dar-de-baja\\\/#breadcrumb\",\"itemListElement\":[{\"@type\":\"ListItem\",\"position\":1,\"name\":\"Portada\",\"item\":\"https:\\\/\\\/idecesos.com\\\/seguros\\\/\"},{\"@type\":\"ListItem\",\"position\":2,\"name\":\"Compa\u00f1\u00edas de Seguros de Decesos en Espa\u00f1a\",\"item\":\"https:\\\/\\\/idecesos.com\\\/seguros\\\/companias\\\/\"},{\"@type\":\"ListItem\",\"position\":3,\"name\":\"Seguro de decesos EVO\",\"item\":\"https:\\\/\\\/idecesos.com\\\/seguros\\\/companias\\\/banco-evo\\\/\"},{\"@type\":\"ListItem\",\"position\":4,\"name\":\"\u00bfC\u00f3mo dar de baja seguro EVO?\"}]},{\"@type\":\"WebSite\",\"@id\":\"https:\\\/\\\/idecesos.com\\\/seguros\\\/#website\",\"url\":\"https:\\\/\\\/idecesos.com\\\/seguros\\\/\",\"name\":\"\",\"description\":\"\",\"potentialAction\":[{\"@type\":\"SearchAction\",\"target\":{\"@type\":\"EntryPoint\",\"urlTemplate\":\"https:\\\/\\\/idecesos.com\\\/seguros\\\/?s={search_term_string}\"},\"query-input\":{\"@type\":\"PropertyValueSpecification\",\"valueRequired\":true,\"valueName\":\"search_term_string\"}}],\"inLanguage\":\"es\"}]}<\/script>\n<!-- \/ Yoast SEO plugin. -->","yoast_head_json":{"title":"\u00bfC\u00f3mo dar de Baja o Cancelar Seguro de Decesos EVO?","description":"Obt\u00e9n aqu\u00ed\u3010c\u00f3mo dar de baja o cancelar seguro de decesos EVO\u3011Modelo carta, fax, correo electr\u00f3nico (email), tel\u00e9fono gratis.","robots":{"index":"index","follow":"follow","max-snippet":"max-snippet:-1","max-image-preview":"max-image-preview:large","max-video-preview":"max-video-preview:-1"},"canonical":"https:\/\/idecesos.com\/seguros\/companias\/banco-evo\/dar-de-baja\/","og_locale":"es_ES","og_type":"article","og_title":"\u00bfC\u00f3mo dar de Baja o Cancelar Seguro de Decesos EVO?","og_description":"Obt\u00e9n aqu\u00ed\u3010c\u00f3mo dar de baja o cancelar seguro de decesos EVO\u3011Modelo carta, fax, correo electr\u00f3nico (email), tel\u00e9fono gratis.","og_url":"https:\/\/idecesos.com\/seguros\/companias\/banco-evo\/dar-de-baja\/","twitter_card":"summary_large_image","twitter_misc":{"Tiempo de lectura":"15 minutos"},"schema":{"@context":"https:\/\/schema.org","@graph":[{"@type":"WebPage","@id":"https:\/\/idecesos.com\/seguros\/companias\/banco-evo\/dar-de-baja\/","url":"https:\/\/idecesos.com\/seguros\/companias\/banco-evo\/dar-de-baja\/","name":"\u00bfC\u00f3mo dar de Baja o Cancelar Seguro de Decesos EVO?","isPartOf":{"@id":"https:\/\/idecesos.com\/seguros\/#website"},"datePublished":"2021-12-29T11:53:09+00:00","description":"Obt\u00e9n aqu\u00ed\u3010c\u00f3mo dar de baja o cancelar seguro de decesos EVO\u3011Modelo carta, fax, correo electr\u00f3nico (email), tel\u00e9fono gratis.","breadcrumb":{"@id":"https:\/\/idecesos.com\/seguros\/companias\/banco-evo\/dar-de-baja\/#breadcrumb"},"inLanguage":"es","potentialAction":[{"@type":"ReadAction","target":["https:\/\/idecesos.com\/seguros\/companias\/banco-evo\/dar-de-baja\/"]}]},{"@type":"BreadcrumbList","@id":"https:\/\/idecesos.com\/seguros\/companias\/banco-evo\/dar-de-baja\/#breadcrumb","itemListElement":[{"@type":"ListItem","position":1,"name":"Portada","item":"https:\/\/idecesos.com\/seguros\/"},{"@type":"ListItem","position":2,"name":"Compa\u00f1\u00edas de Seguros de Decesos en Espa\u00f1a","item":"https:\/\/idecesos.com\/seguros\/companias\/"},{"@type":"ListItem","position":3,"name":"Seguro de decesos EVO","item":"https:\/\/idecesos.com\/seguros\/companias\/banco-evo\/"},{"@type":"ListItem","position":4,"name":"\u00bfC\u00f3mo dar de baja seguro EVO?"}]},{"@type":"WebSite","@id":"https:\/\/idecesos.com\/seguros\/#website","url":"https:\/\/idecesos.com\/seguros\/","name":"","description":"","potentialAction":[{"@type":"SearchAction","target":{"@type":"EntryPoint","urlTemplate":"https:\/\/idecesos.com\/seguros\/?s={search_term_string}"},"query-input":{"@type":"PropertyValueSpecification","valueRequired":true,"valueName":"search_term_string"}}],"inLanguage":"es"}]}},"_links":{"self":[{"href":"https:\/\/idecesos.com\/seguros\/wp-json\/wp\/v2\/pages\/18212","targetHints":{"allow":["GET"]}}],"collection":[{"href":"https:\/\/idecesos.com\/seguros\/wp-json\/wp\/v2\/pages"}],"about":[{"href":"https:\/\/idecesos.com\/seguros\/wp-json\/wp\/v2\/types\/page"}],"replies":[{"embeddable":true,"href":"https:\/\/idecesos.com\/seguros\/wp-json\/wp\/v2\/comments?post=18212"}],"version-history":[{"count":0,"href":"https:\/\/idecesos.com\/seguros\/wp-json\/wp\/v2\/pages\/18212\/revisions"}],"up":[{"embeddable":true,"href":"https:\/\/idecesos.com\/seguros\/wp-json\/wp\/v2\/pages\/288"}],"wp:attachment":[{"href":"https:\/\/idecesos.com\/seguros\/wp-json\/wp\/v2\/media?parent=18212"}],"curies":[{"name":"wp","href":"https:\/\/api.w.org\/{rel}","templated":true}]}}