{"id":18213,"date":"2021-12-29T11:53:10","date_gmt":"2021-12-29T11:53:10","guid":{"rendered":"https:\/\/idecesos.com\/seguros\/companias\/divina-pastora\/dar-de-baja\/"},"modified":"2022-01-28T18:02:31","modified_gmt":"2022-01-28T18:02:31","slug":"dar-de-baja","status":"publish","type":"page","link":"https:\/\/idecesos.com\/seguros\/companias\/divina-pastora\/dar-de-baja\/","title":{"rendered":"\u00bfC\u00f3mo dar de baja seguro Divina Pastora?"},"content":{"rendered":"<div id=\"ez-toc-container\" class=\"ez-toc-v2_0_82_2 ez-toc-wrap-center counter-hierarchy ez-toc-counter ez-toc-custom ez-toc-container-direction\">\n<div class=\"ez-toc-title-container\">\n<p class=\"ez-toc-title\" style=\"cursor:inherit\">Tabla de Contenido<\/p>\n<span class=\"ez-toc-title-toggle\"><a href=\"#\" class=\"ez-toc-pull-right ez-toc-btn ez-toc-btn-xs ez-toc-btn-default ez-toc-toggle\" aria-label=\"Alternar tabla de contenidos\"><span class=\"ez-toc-js-icon-con\"><span class=\"\"><span class=\"eztoc-hide\" style=\"display:none;\">Toggle<\/span><span class=\"ez-toc-icon-toggle-span\"><svg style=\"fill: #db6415;color:#db6415\" xmlns=\"http:\/\/www.w3.org\/2000\/svg\" class=\"list-377408\" width=\"20px\" height=\"20px\" viewBox=\"0 0 24 24\" fill=\"none\"><path d=\"M6 6H4v2h2V6zm14 0H8v2h12V6zM4 11h2v2H4v-2zm16 0H8v2h12v-2zM4 16h2v2H4v-2zm16 0H8v2h12v-2z\" fill=\"currentColor\"><\/path><\/svg><svg style=\"fill: #db6415;color:#db6415\" class=\"arrow-unsorted-368013\" xmlns=\"http:\/\/www.w3.org\/2000\/svg\" width=\"10px\" height=\"10px\" viewBox=\"0 0 24 24\" version=\"1.2\" baseProfile=\"tiny\"><path d=\"M18.2 9.3l-6.2-6.3-6.2 6.3c-.2.2-.3.4-.3.7s.1.5.3.7c.2.2.4.3.7.3h11c.3 0 .5-.1.7-.3.2-.2.3-.5.3-.7s-.1-.5-.3-.7zM5.8 14.7l6.2 6.3 6.2-6.3c.2-.2.3-.5.3-.7s-.1-.5-.3-.7c-.2-.2-.4-.3-.7-.3h-11c-.3 0-.5.1-.7.3-.2.2-.3.5-.3.7s.1.5.3.7z\"\/><\/svg><\/span><\/span><\/span><\/a><\/span><\/div>\n<nav><ul class='ez-toc-list ez-toc-list-level-1 ' ><li class='ez-toc-page-1 ez-toc-heading-level-2'><a class=\"ez-toc-link ez-toc-heading-1\" href=\"https:\/\/idecesos.com\/seguros\/companias\/divina-pastora\/dar-de-baja\/#Diferentes_opciones_para_cancelar_un_contrato_con_Divina_Pastora\" >Diferentes opciones para cancelar un contrato con Divina Pastora<\/a><ul class='ez-toc-list-level-3' ><li class='ez-toc-heading-level-3'><a class=\"ez-toc-link ez-toc-heading-2\" href=\"https:\/\/idecesos.com\/seguros\/companias\/divina-pastora\/dar-de-baja\/#A_traves_de_la_web_de_Divina_Pastora\" >A trav\u00e9s de la web de Divina Pastora<\/a><\/li><li class='ez-toc-page-1 ez-toc-heading-level-3'><a class=\"ez-toc-link ez-toc-heading-3\" href=\"https:\/\/idecesos.com\/seguros\/companias\/divina-pastora\/dar-de-baja\/#Utilizando_el_correo_electronico_de_Divina_Pastora\" >Utilizando el correo electr\u00f3nico de Divina Pastora<\/a><\/li><li class='ez-toc-page-1 ez-toc-heading-level-3'><a class=\"ez-toc-link ez-toc-heading-4\" href=\"https:\/\/idecesos.com\/seguros\/companias\/divina-pastora\/dar-de-baja\/#Dar_de_baja_Divina_Pastora_por_fax\" >Dar de baja Divina Pastora por fax<\/a><\/li><li class='ez-toc-page-1 ez-toc-heading-level-3'><a class=\"ez-toc-link ez-toc-heading-5\" href=\"https:\/\/idecesos.com\/seguros\/companias\/divina-pastora\/dar-de-baja\/#En_la_oficina_de_Divina_Pastora\" >En la oficina de Divina Pastora<\/a><\/li><li class='ez-toc-page-1 ez-toc-heading-level-3'><a class=\"ez-toc-link ez-toc-heading-6\" href=\"https:\/\/idecesos.com\/seguros\/companias\/divina-pastora\/dar-de-baja\/#Telefono_para_dar_de_baja_Divina_Pastora\" >T\u00e9lefono para dar de baja Divina Pastora<\/a><\/li><\/ul><\/li><li class='ez-toc-page-1 ez-toc-heading-level-2'><a class=\"ez-toc-link ez-toc-heading-7\" href=\"https:\/\/idecesos.com\/seguros\/companias\/divina-pastora\/dar-de-baja\/#Dar_de_baja_seguro_Divina_Pastora_de_un_fallecido\" >Dar de baja seguro Divina Pastora de un fallecido<\/a><ul class='ez-toc-list-level-3' ><li class='ez-toc-heading-level-3'><a class=\"ez-toc-link ez-toc-heading-8\" href=\"https:\/\/idecesos.com\/seguros\/companias\/divina-pastora\/dar-de-baja\/#Paginas_relacionadas\" >P\u00e1ginas relacionadas<\/a><\/li><\/ul><\/li><\/ul><\/nav><\/div>\n<p> Prosigue los pasos que te indicamos para que puedas dar de baja tu seguro de decesos. A fin de que puedas conocer los datos de tu compa\u00f1\u00eda aseguradora, tendr\u00e1s que revisar tu contrato o bien factura. Cuando conozcas la informaci\u00f3n precisa de tu compa\u00f1\u00eda aseguradora, vas a poder buscar en la red de redes la direcci\u00f3n de la compa\u00f1\u00eda. Cuando conozcas la direcci\u00f3n de tu compa\u00f1\u00eda de seguros, ponte en contacto con ellos a trav\u00e9s de su tel\u00e9fono de atenci\u00f3n al cliente. Tras contactar con atenci\u00f3n al usuario, puedes pedir la baja mediante tel\u00e9fono o bien correo. Cuando efect\u00faes la baja de tu seguro, vas a poder ponerte en contacto con tu compa\u00f1\u00eda de seguros para dejar por escrito tu resoluci\u00f3n. <div class=\"colorf \"  ><div class=\"container clearfix\"><div class=\"col-md-7\"><\/p>\r\n<h2><span class=\"ez-toc-section\" id=\"Diferentes_opciones_para_cancelar_un_contrato_con_Divina_Pastora\"><\/span>Diferentes opciones para cancelar un contrato con Divina Pastora<span class=\"ez-toc-section-end\"><\/span><\/h2>\r\n<!-- \/wp:post-content -->\r\n\r\n<!-- wp:paragraph -->\r\n<p>Puede servirte conocer las diferentes opciones de las personas que se dieron de baja en el seguro de fallecimiento. Recuerde que el proceso de darse de baja es exactamente el mismo para todos y cada uno de los seguros de decesos, ac\u00e1 le mostramos otras alternativas sobre de qu\u00e9 forma darse de baja del seguro de decesos de Divina Pastora. Si no quieres perder el tiempo haciendo llamadas a tu empresa aseguradora para poder cancelar el seguro, te recomendamos que acudas directamente a una oficina y entregues el formulario de cancelaci\u00f3n en papel. Puedes ponerte en contacto con nosotros si deseas anular tu seguro de decesos de forma telef\u00f3nica. <\/div><\/div><\/div><\/p>\r\n<h3><span class=\"ez-toc-section\" id=\"A_traves_de_la_web_de_Divina_Pastora\"><\/span>A trav\u00e9s de la web de Divina Pastora<span class=\"ez-toc-section-end\"><\/span><\/h3>\r\n<p>Mediante la p\u00e1gina web divinaseguros.com\/ de Divina Pastora, tambi\u00e9n va a poder dar de baja su seguro. Va a ser tan f\u00e1cil como entrar en la secci\u00f3n de bajas o, poner en el buscador de la web lo que quieras saber. Entonces, tendr\u00e1s dos opciones: rellenar el formulario que le dan o, bajar el documento pertinente. Puede llamar al n\u00famero 900 027 400\u00a0o bien enviar un correo a esta direcci\u00f3n email Divina Pastora, si ocurre alguna incidencia en el proceso. En el caso de que todo vaya bien, en solo dos minutos recibir\u00e1 una notificaci\u00f3n v\u00eda e-mail informando de su baja del seguro de decesos de Divina Pastora. <div class=\"colorf \"  ><div class=\"container clearfix\"><div class=\"col-md-7\"><\/p>\r\n<h3><span class=\"ez-toc-section\" id=\"Utilizando_el_correo_electronico_de_Divina_Pastora\"><\/span>Utilizando el correo electr\u00f3nico de Divina Pastora<span class=\"ez-toc-section-end\"><\/span><\/h3>\r\n<p>Otra forma de darse de baja del seguro de decesos de Divina Pastora es a trav\u00e9s de su e-mail email Divina Pastora. Le conllevar\u00e1 unas escasos minutos. Tendr\u00e1 que enviar la pr\u00f3xima informaci\u00f3n al apartado de correos de la compa\u00f1\u00eda: copia del DNI y, notificaci\u00f3n firmada y completa con sus datos personales. Es importante, para finalizar el proceso correctamente, guardar la copia sellada y el justificante de recibo. Tambi\u00e9n, es esencial que guarde, a buen recaudo, una copia de la notificaci\u00f3n, por si acaso brota alg\u00fan problema en el futuro. <\/div><\/div><\/div><\/p>\r\n<h3><span class=\"ez-toc-section\" id=\"Dar_de_baja_Divina_Pastora_por_fax\"><\/span>Dar de baja Divina Pastora por fax<span class=\"ez-toc-section-end\"><\/span><\/h3>\r\n<p>La baja con Divina Pastora v\u00eda fax es muy similar a la de mail, simplemente debes remitir los datos personales del tomador de la p\u00f3liza o bien contratante e indicando con el n\u00famero de p\u00f3liza. Para que puedas efectuar la baja de tu seguro de una manera correcta, no te olvides de anexar las 2 caras de tu documento de identidad. Deber\u00e1s mandar todos los datos al fax de la compa\u00f1\u00eda. Tu compa\u00f1\u00eda puede reclamarte la prima con lo que deber\u00e1s guardar la confirmaci\u00f3n de la solicitud de la baja. <div class=\"colorf \"  ><div class=\"container clearfix\"><div class=\"col-md-7\"><\/p>\r\n<h3><span class=\"ez-toc-section\" id=\"En_la_oficina_de_Divina_Pastora\"><\/span>En la oficina de Divina Pastora<span class=\"ez-toc-section-end\"><\/span><\/h3>\r\n<p>Asimismo puedes decantarse por otras formas para dar de baja tu seguro que no son de forma on-line. Acude a la oficina de tu empresa de seguros para proceder a dar de baja el seguro de decesos. Pregunte a su buscador por la oficina m\u00e1s cercana a su casa o al sitio donde se encuentre de Divina Pastora. Vaya en el horario indicado en la web y si es preciso coja cita a fin de que sus agente puedan atenderle. Con solo proseguirse los pasos detallados, vas a poder completar tu solicitud de baja del seguro. <\/div><\/div><\/div><\/p>\r\n<h3><span class=\"ez-toc-section\" id=\"Telefono_para_dar_de_baja_Divina_Pastora\"><\/span>T\u00e9lefono para dar de baja Divina Pastora<span class=\"ez-toc-section-end\"><\/span><\/h3>\r\n<p>Finalmente su contrato con Divina Pastora, de forma telef\u00f3nica, solo deber\u00e1 proseguir los f\u00e1ciles pasos que el especialista le vaya se\u00f1alando. Entonces, deber\u00e1 buscar en Intenet su n\u00famero de contacto o bien, llamar directamente a 900 027 400. Siguiendo los pasos que le indiquen, en tan solo un par de minutos todo estar\u00e1 solucionado y el agente se pondr\u00e1 inmediatamente con todos y cada uno de los tr\u00e1mites para terminar con su contrato de baja, por lo que puede estar tranquilo. <div class=\"colorf \"  ><div class=\"container clearfix\"><div class=\"col-md-7\"><\/p>\r\n<h2><span class=\"ez-toc-section\" id=\"Dar_de_baja_seguro_Divina_Pastora_de_un_fallecido\"><\/span>Dar de baja seguro Divina Pastora de un fallecido<span class=\"ez-toc-section-end\"><\/span><\/h2>\r\n<p>Para finiquitar, va a tener una explicaci\u00f3n en detalle de de qu\u00e9 manera dar de baja el seguro, tras el fallecimiento de la persona asegurada. Semeja algo complejo puesto que el contratante del seguro ya no se halla con nosotros pero es la manera m\u00e1s f\u00e1cil de anular un seguro de decesos. Es muy, muy diferente a los otros m\u00e9todos, no deber\u00e1 hacer ning\u00fan tr\u00e1mite de los explicados previamente. En el momento que muera el asegurado\/a, Divina Pastora anular\u00e1 de manera inmediata su seguro. Para la calma de sus familiares, cuando ocurra el fallecimiento del ser querido, la compa\u00f1\u00eda se va a hacer cargo de todos los tr\u00e1mites precisos. <\/div><\/div><\/div> <div class=\"oficinas\"> <h3><span class=\"ez-toc-section\" id=\"Paginas_relacionadas\"><\/span>P\u00e1ginas relacionadas<span class=\"ez-toc-section-end\"><\/span><\/h3><div class=\"enlazado\"><ul> <li><a href=\"https:\/\/idecesos.com\/seguros\/companias\/divina-pastora\/coberturas\/\">Coberturas Seguro de Decesos Divina Pastora<\/a><\/li> <li><a href=\"https:\/\/idecesos.com\/seguros\/companias\/divina-pastora\/opiniones\/\">Opiniones Divina Pastora<\/a><\/li> <li><a href=\"https:\/\/idecesos.com\/seguros\/companias\/divina-pastora\/precio\/\">Precio seguro Divina Pastora<\/a><\/li> <li><a href=\"https:\/\/idecesos.com\/seguros\/companias\/divina-pastora\/prima-mixta\/\">Divina Pastora Prima Mixta<\/a><\/li> <li><a href=\"https:\/\/idecesos.com\/seguros\/companias\/divina-pastora\/prima-natural\/\">Divina Pastora Prima Natural<\/a><\/li> <li><a href=\"https:\/\/idecesos.com\/seguros\/companias\/divina-pastora\/prima-nivelada\/\">Divina Pastora Prima Nivelada<\/a><\/li> <li><a href=\"https:\/\/idecesos.com\/seguros\/companias\/divina-pastora\/prima-unica\/\">Divina Pastora Prima \u00danica<\/a><\/li> <li><a href=\"https:\/\/idecesos.com\/seguros\/companias\/divina-pastora\/repatriacion\/\">Divina Pastora Repatriaci\u00f3n<\/a><\/li> <li><a href=\"https:\/\/idecesos.com\/seguros\/companias\/divina-pastora\/telefono\/\">Tel\u00e9fono Gratuito Divina Pastora<\/a><\/li><\/ul><\/div> <\/div><\/p>","protected":false},"excerpt":{"rendered":"<p>Prosigue los pasos que te indicamos para que puedas dar de baja tu seguro de decesos. A fin de que puedas conocer los datos de tu compa\u00f1\u00eda aseguradora, tendr\u00e1s que revisar tu contrato o bien factura. Cuando conozcas la informaci\u00f3n precisa de tu compa\u00f1\u00eda aseguradora, vas a poder buscar en la red de redes la&hellip; <\/p>\n","protected":false},"author":1,"featured_media":0,"parent":304,"menu_order":0,"comment_status":"closed","ping_status":"closed","template":"single.php","meta":{"footnotes":""},"class_list":["post-18213","page","type-page","status-publish","hentry"],"yoast_head":"<!-- This site is optimized with the Yoast SEO plugin v27.3 - https:\/\/yoast.com\/product\/yoast-seo-wordpress\/ -->\n<title>\u00bfC\u00f3mo dar de Baja o Cancelar Seguro de Decesos Divina Pastora?<\/title>\n<meta name=\"description\" content=\"Obt\u00e9n aqu\u00ed\u3010c\u00f3mo dar de baja o cancelar seguro de decesos Divina Pastora\u3011Modelo carta, fax, correo electr\u00f3nico (email), tel\u00e9fono gratis.\" \/>\n<meta name=\"robots\" content=\"index, follow, max-snippet:-1, max-image-preview:large, max-video-preview:-1\" \/>\n<link rel=\"canonical\" href=\"https:\/\/idecesos.com\/seguros\/companias\/divina-pastora\/dar-de-baja\/\" \/>\n<meta property=\"og:locale\" content=\"es_ES\" \/>\n<meta property=\"og:type\" content=\"article\" \/>\n<meta property=\"og:title\" content=\"\u00bfC\u00f3mo dar de Baja o Cancelar Seguro de Decesos Divina Pastora?\" \/>\n<meta property=\"og:description\" content=\"Obt\u00e9n aqu\u00ed\u3010c\u00f3mo dar de baja o cancelar seguro de decesos Divina Pastora\u3011Modelo carta, fax, correo electr\u00f3nico (email), tel\u00e9fono gratis.\" \/>\n<meta property=\"og:url\" content=\"https:\/\/idecesos.com\/seguros\/companias\/divina-pastora\/dar-de-baja\/\" \/>\n<meta property=\"article:modified_time\" content=\"2022-01-28T18:02:31+00:00\" \/>\n<meta name=\"twitter:card\" content=\"summary_large_image\" \/>\n<meta name=\"twitter:label1\" content=\"Tiempo de lectura\" \/>\n\t<meta name=\"twitter:data1\" content=\"15 minutos\" \/>\n<script type=\"application\/ld+json\" class=\"yoast-schema-graph\">{\"@context\":\"https:\\\/\\\/schema.org\",\"@graph\":[{\"@type\":\"WebPage\",\"@id\":\"https:\\\/\\\/idecesos.com\\\/seguros\\\/companias\\\/divina-pastora\\\/dar-de-baja\\\/\",\"url\":\"https:\\\/\\\/idecesos.com\\\/seguros\\\/companias\\\/divina-pastora\\\/dar-de-baja\\\/\",\"name\":\"\u00bfC\u00f3mo dar de Baja o Cancelar Seguro de Decesos Divina Pastora?\",\"isPartOf\":{\"@id\":\"https:\\\/\\\/idecesos.com\\\/seguros\\\/#website\"},\"datePublished\":\"2021-12-29T11:53:10+00:00\",\"dateModified\":\"2022-01-28T18:02:31+00:00\",\"description\":\"Obt\u00e9n aqu\u00ed\u3010c\u00f3mo dar de baja o cancelar seguro de decesos Divina Pastora\u3011Modelo carta, fax, correo electr\u00f3nico (email), tel\u00e9fono gratis.\",\"breadcrumb\":{\"@id\":\"https:\\\/\\\/idecesos.com\\\/seguros\\\/companias\\\/divina-pastora\\\/dar-de-baja\\\/#breadcrumb\"},\"inLanguage\":\"es\",\"potentialAction\":[{\"@type\":\"ReadAction\",\"target\":[\"https:\\\/\\\/idecesos.com\\\/seguros\\\/companias\\\/divina-pastora\\\/dar-de-baja\\\/\"]}]},{\"@type\":\"BreadcrumbList\",\"@id\":\"https:\\\/\\\/idecesos.com\\\/seguros\\\/companias\\\/divina-pastora\\\/dar-de-baja\\\/#breadcrumb\",\"itemListElement\":[{\"@type\":\"ListItem\",\"position\":1,\"name\":\"Portada\",\"item\":\"https:\\\/\\\/idecesos.com\\\/seguros\\\/\"},{\"@type\":\"ListItem\",\"position\":2,\"name\":\"Compa\u00f1\u00edas de Seguros de Decesos en Espa\u00f1a\",\"item\":\"https:\\\/\\\/idecesos.com\\\/seguros\\\/companias\\\/\"},{\"@type\":\"ListItem\",\"position\":3,\"name\":\"Seguro de decesos Divina Pastora\",\"item\":\"https:\\\/\\\/idecesos.com\\\/seguros\\\/companias\\\/divina-pastora\\\/\"},{\"@type\":\"ListItem\",\"position\":4,\"name\":\"\u00bfC\u00f3mo dar de baja seguro Divina Pastora?\"}]},{\"@type\":\"WebSite\",\"@id\":\"https:\\\/\\\/idecesos.com\\\/seguros\\\/#website\",\"url\":\"https:\\\/\\\/idecesos.com\\\/seguros\\\/\",\"name\":\"\",\"description\":\"\",\"potentialAction\":[{\"@type\":\"SearchAction\",\"target\":{\"@type\":\"EntryPoint\",\"urlTemplate\":\"https:\\\/\\\/idecesos.com\\\/seguros\\\/?s={search_term_string}\"},\"query-input\":{\"@type\":\"PropertyValueSpecification\",\"valueRequired\":true,\"valueName\":\"search_term_string\"}}],\"inLanguage\":\"es\"}]}<\/script>\n<!-- \/ Yoast SEO plugin. -->","yoast_head_json":{"title":"\u00bfC\u00f3mo dar de Baja o Cancelar Seguro de Decesos Divina Pastora?","description":"Obt\u00e9n aqu\u00ed\u3010c\u00f3mo dar de baja o cancelar seguro de decesos Divina Pastora\u3011Modelo carta, fax, correo electr\u00f3nico (email), tel\u00e9fono gratis.","robots":{"index":"index","follow":"follow","max-snippet":"max-snippet:-1","max-image-preview":"max-image-preview:large","max-video-preview":"max-video-preview:-1"},"canonical":"https:\/\/idecesos.com\/seguros\/companias\/divina-pastora\/dar-de-baja\/","og_locale":"es_ES","og_type":"article","og_title":"\u00bfC\u00f3mo dar de Baja o Cancelar Seguro de Decesos Divina Pastora?","og_description":"Obt\u00e9n aqu\u00ed\u3010c\u00f3mo dar de baja o cancelar seguro de decesos Divina Pastora\u3011Modelo carta, fax, correo electr\u00f3nico (email), tel\u00e9fono gratis.","og_url":"https:\/\/idecesos.com\/seguros\/companias\/divina-pastora\/dar-de-baja\/","article_modified_time":"2022-01-28T18:02:31+00:00","twitter_card":"summary_large_image","twitter_misc":{"Tiempo de lectura":"15 minutos"},"schema":{"@context":"https:\/\/schema.org","@graph":[{"@type":"WebPage","@id":"https:\/\/idecesos.com\/seguros\/companias\/divina-pastora\/dar-de-baja\/","url":"https:\/\/idecesos.com\/seguros\/companias\/divina-pastora\/dar-de-baja\/","name":"\u00bfC\u00f3mo dar de Baja o Cancelar Seguro de Decesos Divina Pastora?","isPartOf":{"@id":"https:\/\/idecesos.com\/seguros\/#website"},"datePublished":"2021-12-29T11:53:10+00:00","dateModified":"2022-01-28T18:02:31+00:00","description":"Obt\u00e9n aqu\u00ed\u3010c\u00f3mo dar de baja o cancelar seguro de decesos Divina Pastora\u3011Modelo carta, fax, correo electr\u00f3nico (email), tel\u00e9fono gratis.","breadcrumb":{"@id":"https:\/\/idecesos.com\/seguros\/companias\/divina-pastora\/dar-de-baja\/#breadcrumb"},"inLanguage":"es","potentialAction":[{"@type":"ReadAction","target":["https:\/\/idecesos.com\/seguros\/companias\/divina-pastora\/dar-de-baja\/"]}]},{"@type":"BreadcrumbList","@id":"https:\/\/idecesos.com\/seguros\/companias\/divina-pastora\/dar-de-baja\/#breadcrumb","itemListElement":[{"@type":"ListItem","position":1,"name":"Portada","item":"https:\/\/idecesos.com\/seguros\/"},{"@type":"ListItem","position":2,"name":"Compa\u00f1\u00edas de Seguros de Decesos en Espa\u00f1a","item":"https:\/\/idecesos.com\/seguros\/companias\/"},{"@type":"ListItem","position":3,"name":"Seguro de decesos Divina Pastora","item":"https:\/\/idecesos.com\/seguros\/companias\/divina-pastora\/"},{"@type":"ListItem","position":4,"name":"\u00bfC\u00f3mo dar de baja seguro Divina Pastora?"}]},{"@type":"WebSite","@id":"https:\/\/idecesos.com\/seguros\/#website","url":"https:\/\/idecesos.com\/seguros\/","name":"","description":"","potentialAction":[{"@type":"SearchAction","target":{"@type":"EntryPoint","urlTemplate":"https:\/\/idecesos.com\/seguros\/?s={search_term_string}"},"query-input":{"@type":"PropertyValueSpecification","valueRequired":true,"valueName":"search_term_string"}}],"inLanguage":"es"}]}},"_links":{"self":[{"href":"https:\/\/idecesos.com\/seguros\/wp-json\/wp\/v2\/pages\/18213","targetHints":{"allow":["GET"]}}],"collection":[{"href":"https:\/\/idecesos.com\/seguros\/wp-json\/wp\/v2\/pages"}],"about":[{"href":"https:\/\/idecesos.com\/seguros\/wp-json\/wp\/v2\/types\/page"}],"author":[{"embeddable":true,"href":"https:\/\/idecesos.com\/seguros\/wp-json\/wp\/v2\/users\/1"}],"replies":[{"embeddable":true,"href":"https:\/\/idecesos.com\/seguros\/wp-json\/wp\/v2\/comments?post=18213"}],"version-history":[{"count":1,"href":"https:\/\/idecesos.com\/seguros\/wp-json\/wp\/v2\/pages\/18213\/revisions"}],"predecessor-version":[{"id":19116,"href":"https:\/\/idecesos.com\/seguros\/wp-json\/wp\/v2\/pages\/18213\/revisions\/19116"}],"up":[{"embeddable":true,"href":"https:\/\/idecesos.com\/seguros\/wp-json\/wp\/v2\/pages\/304"}],"wp:attachment":[{"href":"https:\/\/idecesos.com\/seguros\/wp-json\/wp\/v2\/media?parent=18213"}],"curies":[{"name":"wp","href":"https:\/\/api.w.org\/{rel}","templated":true}]}}