{"id":18216,"date":"2021-12-29T11:53:11","date_gmt":"2021-12-29T11:53:11","guid":{"rendered":"https:\/\/idecesos.com\/seguros\/companias\/imq\/dar-de-baja\/"},"modified":"2022-01-31T16:48:39","modified_gmt":"2022-01-31T16:48:39","slug":"dar-de-baja","status":"publish","type":"page","link":"https:\/\/idecesos.com\/seguros\/companias\/imq\/dar-de-baja\/","title":{"rendered":"\u00bfC\u00f3mo dar de baja seguro IMQ?"},"content":{"rendered":"<div id=\"ez-toc-container\" class=\"ez-toc-v2_0_82_2 ez-toc-wrap-center counter-hierarchy ez-toc-counter ez-toc-custom ez-toc-container-direction\">\n<div class=\"ez-toc-title-container\">\n<p class=\"ez-toc-title\" style=\"cursor:inherit\">Tabla de Contenido<\/p>\n<span class=\"ez-toc-title-toggle\"><a href=\"#\" class=\"ez-toc-pull-right ez-toc-btn ez-toc-btn-xs ez-toc-btn-default ez-toc-toggle\" aria-label=\"Alternar tabla de contenidos\"><span class=\"ez-toc-js-icon-con\"><span class=\"\"><span class=\"eztoc-hide\" style=\"display:none;\">Toggle<\/span><span class=\"ez-toc-icon-toggle-span\"><svg style=\"fill: #db6415;color:#db6415\" xmlns=\"http:\/\/www.w3.org\/2000\/svg\" class=\"list-377408\" width=\"20px\" height=\"20px\" viewBox=\"0 0 24 24\" fill=\"none\"><path d=\"M6 6H4v2h2V6zm14 0H8v2h12V6zM4 11h2v2H4v-2zm16 0H8v2h12v-2zM4 16h2v2H4v-2zm16 0H8v2h12v-2z\" fill=\"currentColor\"><\/path><\/svg><svg style=\"fill: #db6415;color:#db6415\" class=\"arrow-unsorted-368013\" xmlns=\"http:\/\/www.w3.org\/2000\/svg\" width=\"10px\" height=\"10px\" viewBox=\"0 0 24 24\" version=\"1.2\" baseProfile=\"tiny\"><path d=\"M18.2 9.3l-6.2-6.3-6.2 6.3c-.2.2-.3.4-.3.7s.1.5.3.7c.2.2.4.3.7.3h11c.3 0 .5-.1.7-.3.2-.2.3-.5.3-.7s-.1-.5-.3-.7zM5.8 14.7l6.2 6.3 6.2-6.3c.2-.2.3-.5.3-.7s-.1-.5-.3-.7c-.2-.2-.4-.3-.7-.3h-11c-.3 0-.5.1-.7.3-.2.2-.3.5-.3.7s.1.5.3.7z\"\/><\/svg><\/span><\/span><\/span><\/a><\/span><\/div>\n<nav><ul class='ez-toc-list ez-toc-list-level-1 ' ><li class='ez-toc-page-1 ez-toc-heading-level-2'><a class=\"ez-toc-link ez-toc-heading-1\" href=\"https:\/\/idecesos.com\/seguros\/companias\/imq\/dar-de-baja\/#Diferentes_opciones_para_cancelar_un_contrato_con_IMQ\" >Diferentes opciones para cancelar un contrato con IMQ<\/a><ul class='ez-toc-list-level-3' ><li class='ez-toc-heading-level-3'><a class=\"ez-toc-link ez-toc-heading-2\" href=\"https:\/\/idecesos.com\/seguros\/companias\/imq\/dar-de-baja\/#A_traves_de_la_web_de_IMQ\" >A trav\u00e9s de la web de IMQ<\/a><\/li><li class='ez-toc-page-1 ez-toc-heading-level-3'><a class=\"ez-toc-link ez-toc-heading-3\" href=\"https:\/\/idecesos.com\/seguros\/companias\/imq\/dar-de-baja\/#Utilizando_el_correo_electronico_de_IMQ\" >Utilizando el correo electr\u00f3nico de IMQ<\/a><\/li><li class='ez-toc-page-1 ez-toc-heading-level-3'><a class=\"ez-toc-link ez-toc-heading-4\" href=\"https:\/\/idecesos.com\/seguros\/companias\/imq\/dar-de-baja\/#Dar_de_baja_IMQ_por_fax\" >Dar de baja IMQ por fax<\/a><\/li><li class='ez-toc-page-1 ez-toc-heading-level-3'><a class=\"ez-toc-link ez-toc-heading-5\" href=\"https:\/\/idecesos.com\/seguros\/companias\/imq\/dar-de-baja\/#En_la_oficina_de_IMQ\" >En la oficina de IMQ<\/a><\/li><li class='ez-toc-page-1 ez-toc-heading-level-3'><a class=\"ez-toc-link ez-toc-heading-6\" href=\"https:\/\/idecesos.com\/seguros\/companias\/imq\/dar-de-baja\/#Telefono_para_dar_de_baja_IMQ\" >T\u00e9lefono para dar de baja IMQ<\/a><\/li><\/ul><\/li><li class='ez-toc-page-1 ez-toc-heading-level-2'><a class=\"ez-toc-link ez-toc-heading-7\" href=\"https:\/\/idecesos.com\/seguros\/companias\/imq\/dar-de-baja\/#Dar_de_baja_seguro_IMQ_de_un_fallecido\" >Dar de baja seguro IMQ de un fallecido<\/a><ul class='ez-toc-list-level-3' ><li class='ez-toc-heading-level-3'><a class=\"ez-toc-link ez-toc-heading-8\" href=\"https:\/\/idecesos.com\/seguros\/companias\/imq\/dar-de-baja\/#Paginas_relacionadas\" >P\u00e1ginas relacionadas<\/a><\/li><\/ul><\/li><\/ul><\/nav><\/div>\n<p> En este apartado, vamos a mostrarte los pasos para anular tu seguro de fallecimiento. Si consideras que dar de baja el seguro de decesos es complicado, en esta p\u00e1gina vamos a explic\u00e1rtelo de la forma m\u00e1s sencilla posible. A continuaci\u00f3n, vas a localizar de forma detallada los pasos que tienes realizar y las maneras que tienes para darte de baja. Gracias a iDecesos, conocer\u00e1s las diferentes opciones que tienes para dar de baja tu seguro de decesos. Si deseas eludir preocupaciones a tus familiares o amigos, te invitamos a tener tu seguro de decesos para que todo quede cubierto en el momento de la defunci\u00f3n. <div class=\"colorf \"  ><div class=\"container clearfix\"><div class=\"col-md-7\"><\/p>\r\n<h2><span class=\"ez-toc-section\" id=\"Diferentes_opciones_para_cancelar_un_contrato_con_IMQ\"><\/span>Diferentes opciones para cancelar un contrato con IMQ<span class=\"ez-toc-section-end\"><\/span><\/h2>\r\n<!-- \/wp:post-content -->\r\n\r\n<!-- wp:paragraph -->\r\n<p>Cada compa\u00f1\u00eda de seguro de decesos marcha de una manera diferente, mas la mayor parte le solicitan a sus clientes del servicio un documento en el que ponga sus deseos de dar de baja sus servicios de su seguro de decesos. La compa\u00f1\u00eda deber\u00e1 darle por v\u00e1lido el env\u00edo una carta certificada con la cancelaci\u00f3n de su contrato. Le recomendamos que conserve el resguardo del documento y, posteriormente, haga una copia. Si decide no escoger este procedimiento, ahora, le mostramos otras formas por las que podr\u00e1 darse de baja del seguro de decesos de IMQ. <\/div><\/div><\/div><\/p>\r\n<h3><span class=\"ez-toc-section\" id=\"A_traves_de_la_web_de_IMQ\"><\/span>A trav\u00e9s de la web de IMQ<span class=\"ez-toc-section-end\"><\/span><\/h3>\r\n<p>Una de las maneras de darse de baja en el seguro de decesos de IMQ es meti\u00e9ndose en su web imq.es\/ y poner en su buscador lo que necesitas. Entonces, tendr\u00e1 la posibilidad de seleccionar entre diferentes opciones. Seleccione la m\u00e1s indicada y prosiga los pasos que le indican. Es sencill\u00edsimo. Si tiene alguna duda o bien no le aparece esta alternativa puede ponerse en contacto con IMQ v\u00eda telef\u00f3nica para que le solventen el problema directamente a trav\u00e9s de este n\u00famero 900 53 37 06. En caso de que s\u00ed le aparezca, rellene el formulario o descargue el documento que se le solicita para poder llenar su solicitud. <div class=\"colorf \"  ><div class=\"container clearfix\"><div class=\"col-md-7\"><\/p>\r\n<h3><span class=\"ez-toc-section\" id=\"Utilizando_el_correo_electronico_de_IMQ\"><\/span>Utilizando el correo electr\u00f3nico de IMQ<span class=\"ez-toc-section-end\"><\/span><\/h3>\r\n<p>Otro modo de darse de baja del seguro de decesos de IMQ es v\u00eda e-mail. En pocos minutos podr\u00e1s tener tu contestaci\u00f3n sobre tu petici\u00f3n de darte de baja de tu seguro. Tendr\u00e1s que mandarle a la compa\u00f1\u00eda la copia de tu DNI y el documento firmado con tus datos personales para proceder a la baja del contrato del seguro de decesos. Si necesitas resolver alguna pregunta, contacta con nosotros en el 951 127 403 o bien en el info@idecesos. com. Le recordamos que va a deber guardar una copia sellada y tener un justificante de recibo para que su ejecuci\u00f3n pueda llevarse a cabo. Si deseas estar m\u00e1s apacible, no olvides guardar una copia de la notificaci\u00f3n con la data de env\u00edo. <\/div><\/div><\/div><\/p>\r\n<h3><span class=\"ez-toc-section\" id=\"Dar_de_baja_IMQ_por_fax\"><\/span>Dar de baja IMQ por fax<span class=\"ez-toc-section-end\"><\/span><\/h3>\r\n<p>Darse de baja por fax tambi\u00e9n es una alternativa. Es muy semejante a la opci\u00f3n del correo electr\u00f3nico. Deber\u00e1 seguir los mismos pasos, en vez de digital, mandarlo a trav\u00e9s de fax. Podr\u00e1 hallar en la p\u00e1gina web de IMQ o llam\u00e1ndonos al 900 53 37 06\u00a0la notificaci\u00f3n que debe mandar, firmada, as\u00ed como una imitaci\u00f3n de su documento nacional de identidad. Debe rememorar, tener a su predisposici\u00f3n y, guardar, una copia sellada y el justificante de su recibo. Para prevenir futuras incidencias, tenga a buen recaudo la copia de la notificaci\u00f3n, con su fecha de env\u00edo correcta. <div class=\"colorf \"  ><div class=\"container clearfix\"><div class=\"col-md-7\"><\/p>\r\n<h3><span class=\"ez-toc-section\" id=\"En_la_oficina_de_IMQ\"><\/span>En la oficina de IMQ<span class=\"ez-toc-section-end\"><\/span><\/h3>\r\n<p>Si no le gustan los anteriores m\u00e9todos, va a poder dar de baja a su seguro de decesos, presencialmente, acudiendo a la oficina pertinente de IMQ. Buscando las oficinas m\u00e1s pr\u00f3ximas a su residencia en Internet, le aparecer\u00e1n las opciones y va a poder acudir en el horario que tengan estipulado. Sus agentes especializados le atender\u00e1n y dar\u00e1n todos y cada uno de los documentos precisos a fin de que los rellene y firme apropiadamente. Tan solo deber\u00e1 ir siguiendo los pasos que le vayan indicando a lo largo de todo el proceso. Es esencial que no olvide llevar su documento de identidad. Al acabar, le van a dar una copia de todos los documentos y, los especialistas, se encargar\u00e1n de acabar el proceso de baja de su seguro de decesos. <\/div><\/div><\/div><\/p>\r\n<h3><span class=\"ez-toc-section\" id=\"Telefono_para_dar_de_baja_IMQ\"><\/span>T\u00e9lefono para dar de baja IMQ<span class=\"ez-toc-section-end\"><\/span><\/h3>\r\n<p>Tambi\u00e9n podr\u00e1 darse de baja mediante una llamada telef\u00f3nica. Tiene la posibilidad de buscar el tel\u00e9fono de la compa\u00f1\u00eda en Internet o bien, llamar al 900 53 37 06. Indique al asistente para qu\u00e9 exactamente ha llamado y siga los pasos que este le vaya indicando. Prosiga cada paso apropiadamente y, en nada de tiempo, el profesional se va a poner en contacto para comunicarle la finalizaci\u00f3n de su contrato. Con iDecesos podr\u00e1 hallar un nuevo seguro que se adapte a sus necesidades, comparando todas las opciones posibles. <div class=\"colorf \"  ><div class=\"container clearfix\"><div class=\"col-md-7\"><\/p>\r\n<h2><span class=\"ez-toc-section\" id=\"Dar_de_baja_seguro_IMQ_de_un_fallecido\"><\/span>Dar de baja seguro IMQ de un fallecido<span class=\"ez-toc-section-end\"><\/span><\/h2>\r\n<p>Por \u00faltimo, le daremos las claves para que sepa de qu\u00e9 manera puede dar de baja el seguro, si la persona asegurada ha fallecido. Debido a la ausencia de la persona que ha contratado el seguro, puede parecer bastante dif\u00edcil su baja pero, con nosotros, ser\u00e1 considerablemente m\u00e1s simple de lo que parece. No debe preocuparse por los tr\u00e1mites ya mencionados. En el momento que fallezca el asegurado\/a, IMQ anular\u00e1 inmediatamente su seguro. Al prestar su servicio tras el sepelio del cliente, IMQ se encargar\u00e1 de dar de baja a la persona fallecida de su compa\u00f1\u00eda aseguradora, por lo que sus familiares no tienen de qu\u00e9 preocuparse, ellos ser\u00e1n los encargados de hacerlo todo y sus familiares no tendr\u00e1n que hacer nada a este respecto, por lo que puede estar tranquilo. <\/div><\/div><\/div> <div class=\"oficinas\"> <h3><span class=\"ez-toc-section\" id=\"Paginas_relacionadas\"><\/span>P\u00e1ginas relacionadas<span class=\"ez-toc-section-end\"><\/span><\/h3><div class=\"enlazado\"><ul> <li><a href=\"https:\/\/idecesos.com\/seguros\/companias\/imq\/opiniones\/\">Opiniones IMQ<\/a><\/li> <li><a href=\"https:\/\/idecesos.com\/seguros\/companias\/imq\/precio\/\">Precio seguro IMQ<\/a><\/li> <li><a href=\"https:\/\/idecesos.com\/seguros\/companias\/imq\/prima-mixta\/\">IMQ Prima Mixta<\/a><\/li> <li><a href=\"https:\/\/idecesos.com\/seguros\/companias\/imq\/prima-natural\/\">IMQ Prima Natural<\/a><\/li> <li><a href=\"https:\/\/idecesos.com\/seguros\/companias\/imq\/prima-nivelada\/\">IMQ Prima Nivelada<\/a><\/li> <li><a href=\"https:\/\/idecesos.com\/seguros\/companias\/imq\/prima-unica\/\">IMQ Prima \u00danica<\/a><\/li> <li><a href=\"https:\/\/idecesos.com\/seguros\/companias\/imq\/repatriacion\/\">IMQ Repatriaci\u00f3n<\/a><\/li> <li><a href=\"https:\/\/idecesos.com\/seguros\/companias\/imq\/telefono\/\">Tel\u00e9fono Gratuito IMQ<\/a><\/li><\/ul><\/div> <\/div><\/p>","protected":false},"excerpt":{"rendered":"<p>En este apartado, vamos a mostrarte los pasos para anular tu seguro de fallecimiento. Si consideras que dar de baja el seguro de decesos es complicado, en esta p\u00e1gina vamos a explic\u00e1rtelo de la forma m\u00e1s sencilla posible. A continuaci\u00f3n, vas a localizar de forma detallada los pasos que tienes realizar y las maneras que&hellip; <\/p>\n","protected":false},"author":1,"featured_media":0,"parent":372,"menu_order":0,"comment_status":"closed","ping_status":"closed","template":"single.php","meta":{"footnotes":""},"class_list":["post-18216","page","type-page","status-publish","hentry"],"yoast_head":"<!-- This site is optimized with the Yoast SEO plugin v27.3 - https:\/\/yoast.com\/product\/yoast-seo-wordpress\/ -->\n<title>\u00bfC\u00f3mo dar de Baja o Cancelar Seguro de Decesos IMQ?<\/title>\n<meta name=\"description\" content=\"Obt\u00e9n aqu\u00ed\u3010c\u00f3mo dar de baja o cancelar seguro de decesos IMQ\u3011Modelo carta, fax, correo electr\u00f3nico (email), tel\u00e9fono gratis.\" \/>\n<meta name=\"robots\" content=\"index, follow, max-snippet:-1, max-image-preview:large, max-video-preview:-1\" \/>\n<link rel=\"canonical\" href=\"https:\/\/idecesos.com\/seguros\/companias\/imq\/dar-de-baja\/\" \/>\n<meta property=\"og:locale\" content=\"es_ES\" \/>\n<meta property=\"og:type\" content=\"article\" \/>\n<meta property=\"og:title\" content=\"\u00bfC\u00f3mo dar de Baja o Cancelar Seguro de Decesos IMQ?\" \/>\n<meta property=\"og:description\" content=\"Obt\u00e9n aqu\u00ed\u3010c\u00f3mo dar de baja o cancelar seguro de decesos IMQ\u3011Modelo carta, fax, correo electr\u00f3nico (email), tel\u00e9fono gratis.\" \/>\n<meta property=\"og:url\" content=\"https:\/\/idecesos.com\/seguros\/companias\/imq\/dar-de-baja\/\" \/>\n<meta property=\"article:modified_time\" content=\"2022-01-31T16:48:39+00:00\" \/>\n<meta name=\"twitter:card\" content=\"summary_large_image\" \/>\n<meta name=\"twitter:label1\" content=\"Tiempo de lectura\" \/>\n\t<meta name=\"twitter:data1\" content=\"5 minutos\" \/>\n<script type=\"application\/ld+json\" class=\"yoast-schema-graph\">{\"@context\":\"https:\\\/\\\/schema.org\",\"@graph\":[{\"@type\":\"WebPage\",\"@id\":\"https:\\\/\\\/idecesos.com\\\/seguros\\\/companias\\\/imq\\\/dar-de-baja\\\/\",\"url\":\"https:\\\/\\\/idecesos.com\\\/seguros\\\/companias\\\/imq\\\/dar-de-baja\\\/\",\"name\":\"\u00bfC\u00f3mo dar de Baja o Cancelar Seguro de Decesos IMQ?\",\"isPartOf\":{\"@id\":\"https:\\\/\\\/idecesos.com\\\/seguros\\\/#website\"},\"datePublished\":\"2021-12-29T11:53:11+00:00\",\"dateModified\":\"2022-01-31T16:48:39+00:00\",\"description\":\"Obt\u00e9n aqu\u00ed\u3010c\u00f3mo dar de baja o cancelar seguro de decesos IMQ\u3011Modelo carta, fax, correo electr\u00f3nico (email), tel\u00e9fono gratis.\",\"breadcrumb\":{\"@id\":\"https:\\\/\\\/idecesos.com\\\/seguros\\\/companias\\\/imq\\\/dar-de-baja\\\/#breadcrumb\"},\"inLanguage\":\"es\",\"potentialAction\":[{\"@type\":\"ReadAction\",\"target\":[\"https:\\\/\\\/idecesos.com\\\/seguros\\\/companias\\\/imq\\\/dar-de-baja\\\/\"]}]},{\"@type\":\"BreadcrumbList\",\"@id\":\"https:\\\/\\\/idecesos.com\\\/seguros\\\/companias\\\/imq\\\/dar-de-baja\\\/#breadcrumb\",\"itemListElement\":[{\"@type\":\"ListItem\",\"position\":1,\"name\":\"Portada\",\"item\":\"https:\\\/\\\/idecesos.com\\\/seguros\\\/\"},{\"@type\":\"ListItem\",\"position\":2,\"name\":\"Compa\u00f1\u00edas de Seguros de Decesos en Espa\u00f1a\",\"item\":\"https:\\\/\\\/idecesos.com\\\/seguros\\\/companias\\\/\"},{\"@type\":\"ListItem\",\"position\":3,\"name\":\"Seguro de decesos IMQ\",\"item\":\"https:\\\/\\\/idecesos.com\\\/seguros\\\/companias\\\/imq\\\/\"},{\"@type\":\"ListItem\",\"position\":4,\"name\":\"\u00bfC\u00f3mo dar de baja seguro IMQ?\"}]},{\"@type\":\"WebSite\",\"@id\":\"https:\\\/\\\/idecesos.com\\\/seguros\\\/#website\",\"url\":\"https:\\\/\\\/idecesos.com\\\/seguros\\\/\",\"name\":\"\",\"description\":\"\",\"potentialAction\":[{\"@type\":\"SearchAction\",\"target\":{\"@type\":\"EntryPoint\",\"urlTemplate\":\"https:\\\/\\\/idecesos.com\\\/seguros\\\/?s={search_term_string}\"},\"query-input\":{\"@type\":\"PropertyValueSpecification\",\"valueRequired\":true,\"valueName\":\"search_term_string\"}}],\"inLanguage\":\"es\"}]}<\/script>\n<!-- \/ Yoast SEO plugin. -->","yoast_head_json":{"title":"\u00bfC\u00f3mo dar de Baja o Cancelar Seguro de Decesos IMQ?","description":"Obt\u00e9n aqu\u00ed\u3010c\u00f3mo dar de baja o cancelar seguro de decesos IMQ\u3011Modelo carta, fax, correo electr\u00f3nico (email), tel\u00e9fono gratis.","robots":{"index":"index","follow":"follow","max-snippet":"max-snippet:-1","max-image-preview":"max-image-preview:large","max-video-preview":"max-video-preview:-1"},"canonical":"https:\/\/idecesos.com\/seguros\/companias\/imq\/dar-de-baja\/","og_locale":"es_ES","og_type":"article","og_title":"\u00bfC\u00f3mo dar de Baja o Cancelar Seguro de Decesos IMQ?","og_description":"Obt\u00e9n aqu\u00ed\u3010c\u00f3mo dar de baja o cancelar seguro de decesos IMQ\u3011Modelo carta, fax, correo electr\u00f3nico (email), tel\u00e9fono gratis.","og_url":"https:\/\/idecesos.com\/seguros\/companias\/imq\/dar-de-baja\/","article_modified_time":"2022-01-31T16:48:39+00:00","twitter_card":"summary_large_image","twitter_misc":{"Tiempo de lectura":"5 minutos"},"schema":{"@context":"https:\/\/schema.org","@graph":[{"@type":"WebPage","@id":"https:\/\/idecesos.com\/seguros\/companias\/imq\/dar-de-baja\/","url":"https:\/\/idecesos.com\/seguros\/companias\/imq\/dar-de-baja\/","name":"\u00bfC\u00f3mo dar de Baja o Cancelar Seguro de Decesos IMQ?","isPartOf":{"@id":"https:\/\/idecesos.com\/seguros\/#website"},"datePublished":"2021-12-29T11:53:11+00:00","dateModified":"2022-01-31T16:48:39+00:00","description":"Obt\u00e9n aqu\u00ed\u3010c\u00f3mo dar de baja o cancelar seguro de decesos IMQ\u3011Modelo carta, fax, correo electr\u00f3nico (email), tel\u00e9fono gratis.","breadcrumb":{"@id":"https:\/\/idecesos.com\/seguros\/companias\/imq\/dar-de-baja\/#breadcrumb"},"inLanguage":"es","potentialAction":[{"@type":"ReadAction","target":["https:\/\/idecesos.com\/seguros\/companias\/imq\/dar-de-baja\/"]}]},{"@type":"BreadcrumbList","@id":"https:\/\/idecesos.com\/seguros\/companias\/imq\/dar-de-baja\/#breadcrumb","itemListElement":[{"@type":"ListItem","position":1,"name":"Portada","item":"https:\/\/idecesos.com\/seguros\/"},{"@type":"ListItem","position":2,"name":"Compa\u00f1\u00edas de Seguros de Decesos en Espa\u00f1a","item":"https:\/\/idecesos.com\/seguros\/companias\/"},{"@type":"ListItem","position":3,"name":"Seguro de decesos IMQ","item":"https:\/\/idecesos.com\/seguros\/companias\/imq\/"},{"@type":"ListItem","position":4,"name":"\u00bfC\u00f3mo dar de baja seguro IMQ?"}]},{"@type":"WebSite","@id":"https:\/\/idecesos.com\/seguros\/#website","url":"https:\/\/idecesos.com\/seguros\/","name":"","description":"","potentialAction":[{"@type":"SearchAction","target":{"@type":"EntryPoint","urlTemplate":"https:\/\/idecesos.com\/seguros\/?s={search_term_string}"},"query-input":{"@type":"PropertyValueSpecification","valueRequired":true,"valueName":"search_term_string"}}],"inLanguage":"es"}]}},"_links":{"self":[{"href":"https:\/\/idecesos.com\/seguros\/wp-json\/wp\/v2\/pages\/18216","targetHints":{"allow":["GET"]}}],"collection":[{"href":"https:\/\/idecesos.com\/seguros\/wp-json\/wp\/v2\/pages"}],"about":[{"href":"https:\/\/idecesos.com\/seguros\/wp-json\/wp\/v2\/types\/page"}],"author":[{"embeddable":true,"href":"https:\/\/idecesos.com\/seguros\/wp-json\/wp\/v2\/users\/1"}],"replies":[{"embeddable":true,"href":"https:\/\/idecesos.com\/seguros\/wp-json\/wp\/v2\/comments?post=18216"}],"version-history":[{"count":1,"href":"https:\/\/idecesos.com\/seguros\/wp-json\/wp\/v2\/pages\/18216\/revisions"}],"predecessor-version":[{"id":19143,"href":"https:\/\/idecesos.com\/seguros\/wp-json\/wp\/v2\/pages\/18216\/revisions\/19143"}],"up":[{"embeddable":true,"href":"https:\/\/idecesos.com\/seguros\/wp-json\/wp\/v2\/pages\/372"}],"wp:attachment":[{"href":"https:\/\/idecesos.com\/seguros\/wp-json\/wp\/v2\/media?parent=18216"}],"curies":[{"name":"wp","href":"https:\/\/api.w.org\/{rel}","templated":true}]}}