{"id":18221,"date":"2021-12-29T11:53:14","date_gmt":"2021-12-29T11:53:14","guid":{"rendered":"https:\/\/idecesos.com\/seguros\/companias\/plus-ultra\/dar-de-baja\/"},"modified":"2022-01-31T16:54:02","modified_gmt":"2022-01-31T16:54:02","slug":"dar-de-baja","status":"publish","type":"page","link":"https:\/\/idecesos.com\/seguros\/companias\/plus-ultra\/dar-de-baja\/","title":{"rendered":"\u00bfC\u00f3mo dar de baja seguro Plus Ultra?"},"content":{"rendered":"<div id=\"ez-toc-container\" class=\"ez-toc-v2_0_82_2 ez-toc-wrap-center counter-hierarchy ez-toc-counter ez-toc-custom ez-toc-container-direction\">\n<div class=\"ez-toc-title-container\">\n<p class=\"ez-toc-title\" style=\"cursor:inherit\">Tabla de Contenido<\/p>\n<span class=\"ez-toc-title-toggle\"><a href=\"#\" class=\"ez-toc-pull-right ez-toc-btn ez-toc-btn-xs ez-toc-btn-default ez-toc-toggle\" aria-label=\"Alternar tabla de contenidos\"><span class=\"ez-toc-js-icon-con\"><span class=\"\"><span class=\"eztoc-hide\" style=\"display:none;\">Toggle<\/span><span class=\"ez-toc-icon-toggle-span\"><svg style=\"fill: #db6415;color:#db6415\" xmlns=\"http:\/\/www.w3.org\/2000\/svg\" class=\"list-377408\" width=\"20px\" height=\"20px\" viewBox=\"0 0 24 24\" fill=\"none\"><path d=\"M6 6H4v2h2V6zm14 0H8v2h12V6zM4 11h2v2H4v-2zm16 0H8v2h12v-2zM4 16h2v2H4v-2zm16 0H8v2h12v-2z\" fill=\"currentColor\"><\/path><\/svg><svg style=\"fill: #db6415;color:#db6415\" class=\"arrow-unsorted-368013\" xmlns=\"http:\/\/www.w3.org\/2000\/svg\" width=\"10px\" height=\"10px\" viewBox=\"0 0 24 24\" version=\"1.2\" baseProfile=\"tiny\"><path d=\"M18.2 9.3l-6.2-6.3-6.2 6.3c-.2.2-.3.4-.3.7s.1.5.3.7c.2.2.4.3.7.3h11c.3 0 .5-.1.7-.3.2-.2.3-.5.3-.7s-.1-.5-.3-.7zM5.8 14.7l6.2 6.3 6.2-6.3c.2-.2.3-.5.3-.7s-.1-.5-.3-.7c-.2-.2-.4-.3-.7-.3h-11c-.3 0-.5.1-.7.3-.2.2-.3.5-.3.7s.1.5.3.7z\"\/><\/svg><\/span><\/span><\/span><\/a><\/span><\/div>\n<nav><ul class='ez-toc-list ez-toc-list-level-1 ' ><li class='ez-toc-page-1 ez-toc-heading-level-2'><a class=\"ez-toc-link ez-toc-heading-1\" href=\"https:\/\/idecesos.com\/seguros\/companias\/plus-ultra\/dar-de-baja\/#Diferentes_opciones_para_cancelar_un_contrato_con_Plus_Ultra\" >Diferentes opciones para cancelar un contrato con Plus Ultra<\/a><ul class='ez-toc-list-level-3' ><li class='ez-toc-heading-level-3'><a class=\"ez-toc-link ez-toc-heading-2\" href=\"https:\/\/idecesos.com\/seguros\/companias\/plus-ultra\/dar-de-baja\/#A_traves_de_la_web_de_Plus_Ultra\" >A trav\u00e9s de la web de Plus Ultra<\/a><\/li><li class='ez-toc-page-1 ez-toc-heading-level-3'><a class=\"ez-toc-link ez-toc-heading-3\" href=\"https:\/\/idecesos.com\/seguros\/companias\/plus-ultra\/dar-de-baja\/#Utilizando_el_correo_electronico_de_Plus_Ultra\" >Utilizando el correo electr\u00f3nico de Plus Ultra<\/a><\/li><li class='ez-toc-page-1 ez-toc-heading-level-3'><a class=\"ez-toc-link ez-toc-heading-4\" href=\"https:\/\/idecesos.com\/seguros\/companias\/plus-ultra\/dar-de-baja\/#Dar_de_baja_Plus_Ultra_por_fax\" >Dar de baja Plus Ultra por fax<\/a><\/li><li class='ez-toc-page-1 ez-toc-heading-level-3'><a class=\"ez-toc-link ez-toc-heading-5\" href=\"https:\/\/idecesos.com\/seguros\/companias\/plus-ultra\/dar-de-baja\/#En_la_oficina_de_Plus_Ultra\" >En la oficina de Plus Ultra<\/a><\/li><li class='ez-toc-page-1 ez-toc-heading-level-3'><a class=\"ez-toc-link ez-toc-heading-6\" href=\"https:\/\/idecesos.com\/seguros\/companias\/plus-ultra\/dar-de-baja\/#Telefono_para_dar_de_baja_Plus_Ultra\" >T\u00e9lefono para dar de baja Plus Ultra<\/a><\/li><\/ul><\/li><li class='ez-toc-page-1 ez-toc-heading-level-2'><a class=\"ez-toc-link ez-toc-heading-7\" href=\"https:\/\/idecesos.com\/seguros\/companias\/plus-ultra\/dar-de-baja\/#Dar_de_baja_seguro_Plus_Ultra_de_un_fallecido\" >Dar de baja seguro Plus Ultra de un fallecido<\/a><ul class='ez-toc-list-level-3' ><li class='ez-toc-heading-level-3'><a class=\"ez-toc-link ez-toc-heading-8\" href=\"https:\/\/idecesos.com\/seguros\/companias\/plus-ultra\/dar-de-baja\/#Paginas_relacionadas\" >P\u00e1ginas relacionadas<\/a><\/li><\/ul><\/li><\/ul><\/nav><\/div>\n<p> iDecesos ha efectuado una investigaci\u00f3n para poder explicarle la manera en la que puede dar de baja su seguro de decesos. Llevarlo a cabo es muy f\u00e1cil y, nosotros, le vamos a mostrar cada paso que tiene que proseguir a fin de que no tenga que preocuparse. Merced a la informaci\u00f3n que podr\u00e1s recabar, en pocos minutos, tendr\u00e1s la posibilidad de realizarlo y dar soluci\u00f3n a sus problemas. Asimismo va a poder buscar una nueva alternativa a su seguro en tanto que le aconsejamos que no se quede sin uno puesto que el seguro de decesos le ofrece a usted y a sus familiares una enorme tranquilidad por todo cuanto pueda ocurrir en un futuro. Le recordamos antes de comenzar que dar es importante informar a Plus Ultra al menos con 30 d\u00edas de antelaci\u00f3n de la fecha de renovaci\u00f3n de su seguro a fin de que de esta forma no tenga ning\u00fan inconveniente en el futuro y poder dar de baja su seguro de decesos sencillamente. <div class=\"colorf \"  ><div class=\"container clearfix\"><div class=\"col-md-7\"><\/p>\r\n<h2><span class=\"ez-toc-section\" id=\"Diferentes_opciones_para_cancelar_un_contrato_con_Plus_Ultra\"><\/span>Diferentes opciones para cancelar un contrato con Plus Ultra<span class=\"ez-toc-section-end\"><\/span><\/h2>\r\n<!-- \/wp:post-content -->\r\n\r\n<!-- wp:paragraph -->\r\n<p>Si bien las compa\u00f1\u00edas sean muy diferentes, casi todas tienen algo en com\u00fan, requieren que el cliente entregue un documento, en el conste su deseo de dar de baja los servicios ofrecidos por esta. Hay diferentes formas de darse de baja, mas, de cualquier forma, si usted quiere mandar una carta certificada con un modelo est\u00e1ndar de cancelaci\u00f3n de su contrato con Plus Ultra esta va a deber d\u00e1rselo por v\u00e1lido. Le recomendamos que conserve el resguardo del documento y, posteriormente, haga una copia. Si de este modo lo prefiere, le mostraremos m\u00e1s formas para dar de baja su seguro. <\/div><\/div><\/div><\/p>\r\n<h3><span class=\"ez-toc-section\" id=\"A_traves_de_la_web_de_Plus_Ultra\"><\/span>A trav\u00e9s de la web de Plus Ultra<span class=\"ez-toc-section-end\"><\/span><\/h3>\r\n<p>Es de vital relevancia que revises que todos y cada uno de los datos est\u00e1n bien expuestos. \u00bfDe qu\u00e9 forma darse de baja a trav\u00e9s de la p\u00e1gina web de la compa\u00f1\u00eda?Para poder dar de baja tu seguro, deber\u00e1s asistir al buscador de su web y escoger la opci\u00f3n m\u00e1s asequible. Puedes llamar al tel\u00e9fono de atenci\u00f3n al usuario de tu compa\u00f1\u00eda para pedir m\u00e1s informaci\u00f3n sobre de qu\u00e9 forma puedes dar de baja tu seguro en internet. Asimismo cumplimente el formulario o bien descargue el documento que se le pide para poder llenar su petici\u00f3n. Examina los datos antes de mandar la petici\u00f3n ya que si est\u00e1n mal expuestos, vas a tener inconvenientes para recibir la confirmaci\u00f3n de la baja del seguro. <div class=\"colorf \"  ><div class=\"container clearfix\"><div class=\"col-md-7\"><\/p>\r\n<h3><span class=\"ez-toc-section\" id=\"Utilizando_el_correo_electronico_de_Plus_Ultra\"><\/span>Utilizando el correo electr\u00f3nico de Plus Ultra<span class=\"ez-toc-section-end\"><\/span><\/h3>\r\n<p>Puedes ponerte en contacto con tu aseguradora por e mail si deseas acabar un contrato de tu seguro de decesos con ellos. Tendr\u00e1s que enviarles una copia del documento de identidad del asegurado y una notificaci\u00f3n donde se pida el fin del contrato del seguro de decesos firmada con los datos personales. No pierdas de vista la copia sellada y el justificante del recibo por si acaso en un futuro te lo solicitase la compa\u00f1\u00eda aseguradora. Para eludir inconvenientes y sobre todo, para que est\u00e9s m\u00e1s tranquilo, te recomendamos guardar una imitaci\u00f3n de la notificaci\u00f3n del correo. Tendr\u00e1s que enviar a tu empresa aseguradora tu n\u00famero de p\u00f3liza 30 d\u00edas antes del fin del contrato. <\/div><\/div><\/div><\/p>\r\n<h3><span class=\"ez-toc-section\" id=\"Dar_de_baja_Plus_Ultra_por_fax\"><\/span>Dar de baja Plus Ultra por fax<span class=\"ez-toc-section-end\"><\/span><\/h3>\r\n<p>Fax, es otra de las posibilidades para darse de baja. Esto es muy parecido al mail. Solo debe seguir exactamente los mismos pasos mas en lugar de mandarlo digitalmente tendr\u00e1 que hacerlo v\u00eda fax. Debe mandar una imitaci\u00f3n de su documento de identidad y, la notificaci\u00f3n con su firma, que podr\u00e1 encontrarla en la web de la compa\u00f1\u00eda o, si lo prefiere, se la podemos facilitar , a trav\u00e9s del tel\u00e9fono de contacto 917 83 83 83. Le hacemos un recordatorio importante: debe tener guardada una copia sellada y un justificante del recibo. Adem\u00e1s, con lo que pueda suceder en el futuro, le recomendamos que guarde una imitaci\u00f3n de la notificaci\u00f3n con la fecha de env\u00edo como si lo hace por correo. <div class=\"colorf \"  ><div class=\"container clearfix\"><div class=\"col-md-7\"><\/p>\r\n<h3><span class=\"ez-toc-section\" id=\"En_la_oficina_de_Plus_Ultra\"><\/span>En la oficina de Plus Ultra<span class=\"ez-toc-section-end\"><\/span><\/h3>\r\n<p>Si todos los m\u00e9todos precedentes le parecen realmente dif\u00edciles por el hecho de que no controla muy bien las nuevas tecnolog\u00edas asimismo puede decantarse por ir presencialmente a una oficina de Plus Ultra y all\u00ed va a poder darse de baja asimismo de su seguro de decesos. Buscando las oficinas m\u00e1s cercanas a su vivienda en Internet, le aparecer\u00e1n las opciones y podr\u00e1 acudir en el horario que tengan estipulado. Sus agentes especializados le atender\u00e1n y van a dar todos los documentos precisos a fin de que los rellene y firme correctamente. Solo deber\u00e1 de ir siguiendo los pasos que le vayan indicando a lo largo de todo el proceso. Tenga presente que debe llevar el DNI, a fin de que se puedan llevar las gestiones eficientemente. Al acabar, le van a dar una copia de todo lo rellenado y el agente pasar\u00e1 a gestionarlo para darle de baja por lo que no tendr\u00e1 que preocuparse por solamente. <\/div><\/div><\/div><\/p>\r\n<h3><span class=\"ez-toc-section\" id=\"Telefono_para_dar_de_baja_Plus_Ultra\"><\/span>T\u00e9lefono para dar de baja Plus Ultra<span class=\"ez-toc-section-end\"><\/span><\/h3>\r\n<p>Si desea dar de baja su seguro, telef\u00f3nicamente, va a deber continuar los pasos que Plus Ultra le indique. As\u00ed, podr\u00e1 ponerse en contacto tras efectuar una b\u00fasqueda en Internet del n\u00famero de tel\u00e9fono adecuado o, llamando al 917 83 83 83. Si prosigue los pasos indicados, apropiadamente, en poco tiempo tendr\u00e1 solucionado cada aspecto de su seguro de baja y, los profesionales, cerrar\u00e1n los tr\u00e1mites, de manera inmejorable, para su tranquilidad. <div class=\"colorf \"  ><div class=\"container clearfix\"><div class=\"col-md-7\"><\/p>\r\n<h2><span class=\"ez-toc-section\" id=\"Dar_de_baja_seguro_Plus_Ultra_de_un_fallecido\"><\/span>Dar de baja seguro Plus Ultra de un fallecido<span class=\"ez-toc-section-end\"><\/span><\/h2>\r\n<p>Finalmente, le vamos a explicar, con detalle, la forma en la que puede dar de baja su seguro de decesos, tras finar la persona asegurada. Este, es el procedimiento m\u00e1s simple y sencillo para poder anularlo. Los tr\u00e1mites que se han citado anteriormente, van a quedar cerrados merced a los expertos y, estar\u00e1 plenamente tranquilo. Tras su fallecimiento, su seguro de decesos va a quedar cancelado, gracias a Plus Ultra. Tras la prestaci\u00f3n del servicio del sepelio, Plus Ultra se har\u00e1 cargo de dar de baja el seguro de decesos del fallecido y, no tendr\u00e1 que preocuparse por nada. <\/div><\/div><\/div> <div class=\"oficinas\"> <h3><span class=\"ez-toc-section\" id=\"Paginas_relacionadas\"><\/span>P\u00e1ginas relacionadas<span class=\"ez-toc-section-end\"><\/span><\/h3><div class=\"enlazado\"><ul> <li><a href=\"https:\/\/idecesos.com\/seguros\/companias\/plus-ultra\/opiniones\/\">Opiniones Plus Ultra<\/a><\/li> <li><a href=\"https:\/\/idecesos.com\/seguros\/companias\/plus-ultra\/precio\/\">Precio seguro Plus Ultra<\/a><\/li> <li><a href=\"https:\/\/idecesos.com\/seguros\/companias\/plus-ultra\/prima-mixta\/\">Plus Ultra Prima Mixta<\/a><\/li> <li><a href=\"https:\/\/idecesos.com\/seguros\/companias\/plus-ultra\/prima-natural\/\">Plus Ultra Prima Natural<\/a><\/li> <li><a href=\"https:\/\/idecesos.com\/seguros\/companias\/plus-ultra\/prima-nivelada\/\">Plus Ultra Prima Nivelada<\/a><\/li> <li><a href=\"https:\/\/idecesos.com\/seguros\/companias\/plus-ultra\/prima-unica\/\">Plus Ultra Prima \u00danica<\/a><\/li> <li><a href=\"https:\/\/idecesos.com\/seguros\/companias\/plus-ultra\/repatriacion\/\">Plus Ultra Repatriaci\u00f3n<\/a><\/li> <li><a href=\"https:\/\/idecesos.com\/seguros\/companias\/plus-ultra\/telefono\/\">Tel\u00e9fono Gratuito Plus Ultra<\/a><\/li><\/ul><\/div> <\/div><\/p>","protected":false},"excerpt":{"rendered":"<p>iDecesos ha efectuado una investigaci\u00f3n para poder explicarle la manera en la que puede dar de baja su seguro de decesos. Llevarlo a cabo es muy f\u00e1cil y, nosotros, le vamos a mostrar cada paso que tiene que proseguir a fin de que no tenga que preocuparse. Merced a la informaci\u00f3n que podr\u00e1s recabar, en&hellip; <\/p>\n","protected":false},"author":1,"featured_media":0,"parent":445,"menu_order":0,"comment_status":"closed","ping_status":"closed","template":"single.php","meta":{"footnotes":""},"class_list":["post-18221","page","type-page","status-publish","hentry"],"yoast_head":"<!-- This site is optimized with the Yoast SEO plugin v27.3 - https:\/\/yoast.com\/product\/yoast-seo-wordpress\/ -->\n<title>\u00bfC\u00f3mo dar de Baja o Cancelar Seguro de Decesos Plus Ultra?<\/title>\n<meta name=\"description\" content=\"Obt\u00e9n aqu\u00ed\u3010c\u00f3mo dar de baja o cancelar seguro de decesos Plus Ultra\u3011Modelo carta, fax, correo electr\u00f3nico (email), tel\u00e9fono gratis.\" \/>\n<meta name=\"robots\" content=\"index, follow, max-snippet:-1, max-image-preview:large, max-video-preview:-1\" \/>\n<link rel=\"canonical\" href=\"https:\/\/idecesos.com\/seguros\/companias\/plus-ultra\/dar-de-baja\/\" \/>\n<meta property=\"og:locale\" content=\"es_ES\" \/>\n<meta property=\"og:type\" content=\"article\" \/>\n<meta property=\"og:title\" content=\"\u00bfC\u00f3mo dar de Baja o Cancelar Seguro de Decesos Plus Ultra?\" \/>\n<meta property=\"og:description\" content=\"Obt\u00e9n aqu\u00ed\u3010c\u00f3mo dar de baja o cancelar seguro de decesos Plus Ultra\u3011Modelo carta, fax, correo electr\u00f3nico (email), tel\u00e9fono gratis.\" \/>\n<meta property=\"og:url\" content=\"https:\/\/idecesos.com\/seguros\/companias\/plus-ultra\/dar-de-baja\/\" \/>\n<meta property=\"article:modified_time\" content=\"2022-01-31T16:54:02+00:00\" \/>\n<meta name=\"twitter:card\" content=\"summary_large_image\" \/>\n<meta name=\"twitter:label1\" content=\"Tiempo de lectura\" \/>\n\t<meta name=\"twitter:data1\" content=\"5 minutos\" \/>\n<script type=\"application\/ld+json\" class=\"yoast-schema-graph\">{\"@context\":\"https:\\\/\\\/schema.org\",\"@graph\":[{\"@type\":\"WebPage\",\"@id\":\"https:\\\/\\\/idecesos.com\\\/seguros\\\/companias\\\/plus-ultra\\\/dar-de-baja\\\/\",\"url\":\"https:\\\/\\\/idecesos.com\\\/seguros\\\/companias\\\/plus-ultra\\\/dar-de-baja\\\/\",\"name\":\"\u00bfC\u00f3mo dar de Baja o Cancelar Seguro de Decesos Plus Ultra?\",\"isPartOf\":{\"@id\":\"https:\\\/\\\/idecesos.com\\\/seguros\\\/#website\"},\"datePublished\":\"2021-12-29T11:53:14+00:00\",\"dateModified\":\"2022-01-31T16:54:02+00:00\",\"description\":\"Obt\u00e9n aqu\u00ed\u3010c\u00f3mo dar de baja o cancelar seguro de decesos Plus Ultra\u3011Modelo carta, fax, correo electr\u00f3nico (email), tel\u00e9fono gratis.\",\"breadcrumb\":{\"@id\":\"https:\\\/\\\/idecesos.com\\\/seguros\\\/companias\\\/plus-ultra\\\/dar-de-baja\\\/#breadcrumb\"},\"inLanguage\":\"es\",\"potentialAction\":[{\"@type\":\"ReadAction\",\"target\":[\"https:\\\/\\\/idecesos.com\\\/seguros\\\/companias\\\/plus-ultra\\\/dar-de-baja\\\/\"]}]},{\"@type\":\"BreadcrumbList\",\"@id\":\"https:\\\/\\\/idecesos.com\\\/seguros\\\/companias\\\/plus-ultra\\\/dar-de-baja\\\/#breadcrumb\",\"itemListElement\":[{\"@type\":\"ListItem\",\"position\":1,\"name\":\"Portada\",\"item\":\"https:\\\/\\\/idecesos.com\\\/seguros\\\/\"},{\"@type\":\"ListItem\",\"position\":2,\"name\":\"Compa\u00f1\u00edas de Seguros de Decesos en Espa\u00f1a\",\"item\":\"https:\\\/\\\/idecesos.com\\\/seguros\\\/companias\\\/\"},{\"@type\":\"ListItem\",\"position\":3,\"name\":\"Seguro de decesos Plus Ultra\",\"item\":\"https:\\\/\\\/idecesos.com\\\/seguros\\\/companias\\\/plus-ultra\\\/\"},{\"@type\":\"ListItem\",\"position\":4,\"name\":\"\u00bfC\u00f3mo dar de baja seguro Plus Ultra?\"}]},{\"@type\":\"WebSite\",\"@id\":\"https:\\\/\\\/idecesos.com\\\/seguros\\\/#website\",\"url\":\"https:\\\/\\\/idecesos.com\\\/seguros\\\/\",\"name\":\"\",\"description\":\"\",\"potentialAction\":[{\"@type\":\"SearchAction\",\"target\":{\"@type\":\"EntryPoint\",\"urlTemplate\":\"https:\\\/\\\/idecesos.com\\\/seguros\\\/?s={search_term_string}\"},\"query-input\":{\"@type\":\"PropertyValueSpecification\",\"valueRequired\":true,\"valueName\":\"search_term_string\"}}],\"inLanguage\":\"es\"}]}<\/script>\n<!-- \/ Yoast SEO plugin. -->","yoast_head_json":{"title":"\u00bfC\u00f3mo dar de Baja o Cancelar Seguro de Decesos Plus Ultra?","description":"Obt\u00e9n aqu\u00ed\u3010c\u00f3mo dar de baja o cancelar seguro de decesos Plus Ultra\u3011Modelo carta, fax, correo electr\u00f3nico (email), tel\u00e9fono gratis.","robots":{"index":"index","follow":"follow","max-snippet":"max-snippet:-1","max-image-preview":"max-image-preview:large","max-video-preview":"max-video-preview:-1"},"canonical":"https:\/\/idecesos.com\/seguros\/companias\/plus-ultra\/dar-de-baja\/","og_locale":"es_ES","og_type":"article","og_title":"\u00bfC\u00f3mo dar de Baja o Cancelar Seguro de Decesos Plus Ultra?","og_description":"Obt\u00e9n aqu\u00ed\u3010c\u00f3mo dar de baja o cancelar seguro de decesos Plus Ultra\u3011Modelo carta, fax, correo electr\u00f3nico (email), tel\u00e9fono gratis.","og_url":"https:\/\/idecesos.com\/seguros\/companias\/plus-ultra\/dar-de-baja\/","article_modified_time":"2022-01-31T16:54:02+00:00","twitter_card":"summary_large_image","twitter_misc":{"Tiempo de lectura":"5 minutos"},"schema":{"@context":"https:\/\/schema.org","@graph":[{"@type":"WebPage","@id":"https:\/\/idecesos.com\/seguros\/companias\/plus-ultra\/dar-de-baja\/","url":"https:\/\/idecesos.com\/seguros\/companias\/plus-ultra\/dar-de-baja\/","name":"\u00bfC\u00f3mo dar de Baja o Cancelar Seguro de Decesos Plus Ultra?","isPartOf":{"@id":"https:\/\/idecesos.com\/seguros\/#website"},"datePublished":"2021-12-29T11:53:14+00:00","dateModified":"2022-01-31T16:54:02+00:00","description":"Obt\u00e9n aqu\u00ed\u3010c\u00f3mo dar de baja o cancelar seguro de decesos Plus Ultra\u3011Modelo carta, fax, correo electr\u00f3nico (email), tel\u00e9fono gratis.","breadcrumb":{"@id":"https:\/\/idecesos.com\/seguros\/companias\/plus-ultra\/dar-de-baja\/#breadcrumb"},"inLanguage":"es","potentialAction":[{"@type":"ReadAction","target":["https:\/\/idecesos.com\/seguros\/companias\/plus-ultra\/dar-de-baja\/"]}]},{"@type":"BreadcrumbList","@id":"https:\/\/idecesos.com\/seguros\/companias\/plus-ultra\/dar-de-baja\/#breadcrumb","itemListElement":[{"@type":"ListItem","position":1,"name":"Portada","item":"https:\/\/idecesos.com\/seguros\/"},{"@type":"ListItem","position":2,"name":"Compa\u00f1\u00edas de Seguros de Decesos en Espa\u00f1a","item":"https:\/\/idecesos.com\/seguros\/companias\/"},{"@type":"ListItem","position":3,"name":"Seguro de decesos Plus Ultra","item":"https:\/\/idecesos.com\/seguros\/companias\/plus-ultra\/"},{"@type":"ListItem","position":4,"name":"\u00bfC\u00f3mo dar de baja seguro Plus Ultra?"}]},{"@type":"WebSite","@id":"https:\/\/idecesos.com\/seguros\/#website","url":"https:\/\/idecesos.com\/seguros\/","name":"","description":"","potentialAction":[{"@type":"SearchAction","target":{"@type":"EntryPoint","urlTemplate":"https:\/\/idecesos.com\/seguros\/?s={search_term_string}"},"query-input":{"@type":"PropertyValueSpecification","valueRequired":true,"valueName":"search_term_string"}}],"inLanguage":"es"}]}},"_links":{"self":[{"href":"https:\/\/idecesos.com\/seguros\/wp-json\/wp\/v2\/pages\/18221","targetHints":{"allow":["GET"]}}],"collection":[{"href":"https:\/\/idecesos.com\/seguros\/wp-json\/wp\/v2\/pages"}],"about":[{"href":"https:\/\/idecesos.com\/seguros\/wp-json\/wp\/v2\/types\/page"}],"author":[{"embeddable":true,"href":"https:\/\/idecesos.com\/seguros\/wp-json\/wp\/v2\/users\/1"}],"replies":[{"embeddable":true,"href":"https:\/\/idecesos.com\/seguros\/wp-json\/wp\/v2\/comments?post=18221"}],"version-history":[{"count":2,"href":"https:\/\/idecesos.com\/seguros\/wp-json\/wp\/v2\/pages\/18221\/revisions"}],"predecessor-version":[{"id":19149,"href":"https:\/\/idecesos.com\/seguros\/wp-json\/wp\/v2\/pages\/18221\/revisions\/19149"}],"up":[{"embeddable":true,"href":"https:\/\/idecesos.com\/seguros\/wp-json\/wp\/v2\/pages\/445"}],"wp:attachment":[{"href":"https:\/\/idecesos.com\/seguros\/wp-json\/wp\/v2\/media?parent=18221"}],"curies":[{"name":"wp","href":"https:\/\/api.w.org\/{rel}","templated":true}]}}