{"id":18224,"date":"2021-12-29T11:53:16","date_gmt":"2021-12-29T11:53:16","guid":{"rendered":"https:\/\/idecesos.com\/seguros\/companias\/caixa-rural\/dar-de-baja\/"},"modified":"2022-01-28T18:07:35","modified_gmt":"2022-01-28T18:07:35","slug":"dar-de-baja","status":"publish","type":"page","link":"https:\/\/idecesos.com\/seguros\/companias\/caixa-rural\/dar-de-baja\/","title":{"rendered":"\u00bfC\u00f3mo dar de baja seguro Caixa Rural?"},"content":{"rendered":"<div id=\"ez-toc-container\" class=\"ez-toc-v2_0_82_2 ez-toc-wrap-center counter-hierarchy ez-toc-counter ez-toc-custom ez-toc-container-direction\">\n<div class=\"ez-toc-title-container\">\n<p class=\"ez-toc-title\" style=\"cursor:inherit\">Tabla de Contenido<\/p>\n<span class=\"ez-toc-title-toggle\"><a href=\"#\" class=\"ez-toc-pull-right ez-toc-btn ez-toc-btn-xs ez-toc-btn-default ez-toc-toggle\" aria-label=\"Alternar tabla de contenidos\"><span class=\"ez-toc-js-icon-con\"><span class=\"\"><span class=\"eztoc-hide\" style=\"display:none;\">Toggle<\/span><span class=\"ez-toc-icon-toggle-span\"><svg style=\"fill: #db6415;color:#db6415\" xmlns=\"http:\/\/www.w3.org\/2000\/svg\" class=\"list-377408\" width=\"20px\" height=\"20px\" viewBox=\"0 0 24 24\" fill=\"none\"><path d=\"M6 6H4v2h2V6zm14 0H8v2h12V6zM4 11h2v2H4v-2zm16 0H8v2h12v-2zM4 16h2v2H4v-2zm16 0H8v2h12v-2z\" fill=\"currentColor\"><\/path><\/svg><svg style=\"fill: #db6415;color:#db6415\" class=\"arrow-unsorted-368013\" xmlns=\"http:\/\/www.w3.org\/2000\/svg\" width=\"10px\" height=\"10px\" viewBox=\"0 0 24 24\" version=\"1.2\" baseProfile=\"tiny\"><path d=\"M18.2 9.3l-6.2-6.3-6.2 6.3c-.2.2-.3.4-.3.7s.1.5.3.7c.2.2.4.3.7.3h11c.3 0 .5-.1.7-.3.2-.2.3-.5.3-.7s-.1-.5-.3-.7zM5.8 14.7l6.2 6.3 6.2-6.3c.2-.2.3-.5.3-.7s-.1-.5-.3-.7c-.2-.2-.4-.3-.7-.3h-11c-.3 0-.5.1-.7.3-.2.2-.3.5-.3.7s.1.5.3.7z\"\/><\/svg><\/span><\/span><\/span><\/a><\/span><\/div>\n<nav><ul class='ez-toc-list ez-toc-list-level-1 ' ><li class='ez-toc-page-1 ez-toc-heading-level-2'><a class=\"ez-toc-link ez-toc-heading-1\" href=\"https:\/\/idecesos.com\/seguros\/companias\/caixa-rural\/dar-de-baja\/#Diferentes_opciones_para_cancelar_un_contrato_con_Caixa_Rural\" >Diferentes opciones para cancelar un contrato con Caixa Rural<\/a><ul class='ez-toc-list-level-3' ><li class='ez-toc-heading-level-3'><a class=\"ez-toc-link ez-toc-heading-2\" href=\"https:\/\/idecesos.com\/seguros\/companias\/caixa-rural\/dar-de-baja\/#A_traves_de_la_web_de_Caixa_Rural\" >A trav\u00e9s de la web de Caixa Rural<\/a><\/li><li class='ez-toc-page-1 ez-toc-heading-level-3'><a class=\"ez-toc-link ez-toc-heading-3\" href=\"https:\/\/idecesos.com\/seguros\/companias\/caixa-rural\/dar-de-baja\/#Utilizando_el_correo_electronico_de_Caixa_Rural\" >Utilizando el correo electr\u00f3nico de Caixa Rural<\/a><\/li><li class='ez-toc-page-1 ez-toc-heading-level-3'><a class=\"ez-toc-link ez-toc-heading-4\" href=\"https:\/\/idecesos.com\/seguros\/companias\/caixa-rural\/dar-de-baja\/#Dar_de_baja_Caixa_Rural_por_fax\" >Dar de baja Caixa Rural por fax<\/a><\/li><li class='ez-toc-page-1 ez-toc-heading-level-3'><a class=\"ez-toc-link ez-toc-heading-5\" href=\"https:\/\/idecesos.com\/seguros\/companias\/caixa-rural\/dar-de-baja\/#En_la_oficina_de_Caixa_Rural\" >En la oficina de Caixa Rural<\/a><\/li><li class='ez-toc-page-1 ez-toc-heading-level-3'><a class=\"ez-toc-link ez-toc-heading-6\" href=\"https:\/\/idecesos.com\/seguros\/companias\/caixa-rural\/dar-de-baja\/#Telefono_para_dar_de_baja_Caixa_Rural\" >T\u00e9lefono para dar de baja Caixa Rural<\/a><\/li><\/ul><\/li><li class='ez-toc-page-1 ez-toc-heading-level-2'><a class=\"ez-toc-link ez-toc-heading-7\" href=\"https:\/\/idecesos.com\/seguros\/companias\/caixa-rural\/dar-de-baja\/#Dar_de_baja_seguro_Caixa_Rural_de_un_fallecido\" >Dar de baja seguro Caixa Rural de un fallecido<\/a><ul class='ez-toc-list-level-3' ><li class='ez-toc-heading-level-3'><a class=\"ez-toc-link ez-toc-heading-8\" href=\"https:\/\/idecesos.com\/seguros\/companias\/caixa-rural\/dar-de-baja\/#Paginas_relacionadas\" >P\u00e1ginas relacionadas<\/a><\/li><\/ul><\/li><\/ul><\/nav><\/div>\n<p> Para dar de baja a su seguro de decesos, solo debe seguir unos f\u00e1ciles pasos y, de esta manera, no tendr\u00e1 que preocuparse por nada. iDecesos te va a mostrar todos sus conocimientos para dar de baja su seguro de decesos. En solo dos minutos ya va a tener todo solucionado y va a poder buscar una nueva opci\u00f3n alternativa si de esta manera lo desea puesto que te invitamos a que no se quede sin un seguro de decesos en tanto que la calma que este te brinda le va a ser muy rentable a sus familiares en el instante que ocurra alg\u00fan imprevisible. Es fundamental que sepa que, para poder dar de baja su seguro de decesos, debe informar a la compa\u00f1\u00eda 30 d\u00edas ya antes de su renovaci\u00f3n y, as\u00ed, no tendr\u00e1 ning\u00fan inconveniente. <div class=\"colorf \"  ><div class=\"container clearfix\"><div class=\"col-md-7\"><\/p>\r\n<h2><span class=\"ez-toc-section\" id=\"Diferentes_opciones_para_cancelar_un_contrato_con_Caixa_Rural\"><\/span>Diferentes opciones para cancelar un contrato con Caixa Rural<span class=\"ez-toc-section-end\"><\/span><\/h2>\r\n<!-- \/wp:post-content -->\r\n\r\n<!-- wp:paragraph -->\r\n<p>Cada compa\u00f1\u00eda de seguro de decesos funciona de una manera diferente, mas la mayor\u00eda le solicitan a sus clientes un documento en el que ponga sus deseos de dar de baja sus servicios de su seguro de decesos. Aunque haya muchas formas de realizar la cancelaci\u00f3n de su contrato, es v\u00e1lido el env\u00edo de una carta certificada, con el modelo est\u00e1ndar. Le recomendamos que conserve el resguardo del documento y, posteriormente, haga una copia. Si decide no seleccionar este m\u00e9todo, ahora, le mostramos otras formas por las que va a poder darse de baja del seguro de decesos de Caixa Rural. <\/div><\/div><\/div><\/p>\r\n<h3><span class=\"ez-toc-section\" id=\"A_traves_de_la_web_de_Caixa_Rural\"><\/span>A trav\u00e9s de la web de Caixa Rural<span class=\"ez-toc-section-end\"><\/span><\/h3>\r\n<p>Puedes anular tu seguro de fallecimiento de manera directa por medio de la compa\u00f1\u00eda del seguro. Escribe el sitio web www.segurosrga.es\/ en su buscador para conocer la informaci\u00f3n que precisas saber. Para conseguir la informaci\u00f3n y si no tiene buscador, intenta localizar la secci\u00f3n donde creas que puede estar tu respuesta. Seguramente debas rellenar un formulario para poder notificar de forma correcta tu deseo de dar de baja el seguro de decesos. Si todav\u00eda de esta forma, sigues sin encontrar de qu\u00e9 manera puedes dar de baja el seguro, solo debes ponerte en contacto con nosotros en el 951 127 403 o bien en el info@idecesos. com. Si has rellenado de manera correcta el formulario para dar de baja el seguro, no tardar\u00e1s en recibir un documento donde se te informe de la baja tanto por forma online como por carta. <div class=\"colorf \"  ><div class=\"container clearfix\"><div class=\"col-md-7\"><\/p>\r\n<h3><span class=\"ez-toc-section\" id=\"Utilizando_el_correo_electronico_de_Caixa_Rural\"><\/span>Utilizando el correo electr\u00f3nico de Caixa Rural<span class=\"ez-toc-section-end\"><\/span><\/h3>\r\n<p>Otro procedimiento para darse de baja del seguro de decesos de Caixa Rural es a trav\u00e9s de su correo electr\u00f3nico. La direcci\u00f3n de correo de la compa\u00f1\u00eda es la pr\u00f3xima email Caixa Rural. Deber\u00e1 enviarle los documentos siguientes: una copia del documento nacional de identidad y, la notificaci\u00f3n firmada, que la hallar\u00e1 en la p\u00e1gina web de Caixa Rural y, si no es de este modo, llame a nuestro n\u00famero de tel\u00e9fono 951 127 403 o m\u00e1ndenos un correo info@idecesos. com. Es necesario que tenga un justificante del recibo y, una copia sellada, para una adecuada ejecuci\u00f3n. Para su tranquilidad, guarde una copia de la notificaci\u00f3n, en la que aparezca la fecha de env\u00edo. <\/div><\/div><\/div><\/p>\r\n<h3><span class=\"ez-toc-section\" id=\"Dar_de_baja_Caixa_Rural_por_fax\"><\/span>Dar de baja Caixa Rural por fax<span class=\"ez-toc-section-end\"><\/span><\/h3>\r\n<p>Otro m\u00e9todo, es el uso del fax. Se asemeja bastante al anterior, solo cambia la manera en la que se mandan los documentos. Mediante un fax deber\u00e1 expedir a Caixa Rural una imitaci\u00f3n de su documento de identidad y la notificaci\u00f3n firma de baja que puede encontrarla en la p\u00e1gina web de Caixa Rural o bien te la podemos facilitar nosotros si nos llamas al 951 127 403. Igual que en las otras opciones, le recordamos que debe guardar una copia sellada y tener un justificante de su recibo. No debe olvidar, guardar junto a los precedentes documentos, una copia de la notificaci\u00f3n y, su fecha de env\u00edo. <div class=\"colorf \"  ><div class=\"container clearfix\"><div class=\"col-md-7\"><\/p>\r\n<h3><span class=\"ez-toc-section\" id=\"En_la_oficina_de_Caixa_Rural\"><\/span>En la oficina de Caixa Rural<span class=\"ez-toc-section-end\"><\/span><\/h3>\r\n<p>Asimismo va a tener la posibilidad de asistir presencialmente a la oficina de Caixa Rural, para dar de baja su seguro de decesos. Para dirigirse a la oficina m\u00e1s pr\u00f3xima, haga su busca en Internet y la hallar\u00e1. Los trabajadores de Caixa Rural dedicar\u00e1n, el tiempo que haga falta, en ayudarle a rellenar y firmar los documentos, apropiadamente. Es tan sencillo como proseguir los pasos que le vayan marcando. Es muy necesario que no olvide su DNI, a fin de que, cada parte del proceso, se pueda realizar adecuadamente. Todo este proceso es muy f\u00e1cil y sencillo, le entregar\u00e1n las copias de los documentos y el equipo profesional se encargar\u00e1 de finalizar todos y cada uno de los tr\u00e1mites. <\/div><\/div><\/div><\/p>\r\n<h3><span class=\"ez-toc-section\" id=\"Telefono_para_dar_de_baja_Caixa_Rural\"><\/span>T\u00e9lefono para dar de baja Caixa Rural<span class=\"ez-toc-section-end\"><\/span><\/h3>\r\n<p>Dar de baja su seguro de decesos por tel\u00e9fono, ser\u00e1 tan simple como continuar apropiadamente los pasos que le indiquen los trabajadores expertos de Caixa Rural. Para esto, deber\u00e1 buscar en la red de redes el n\u00famero de contacto adecuado o bien llamar directamente a este n\u00famero de tel\u00e9fono 91 700 7000. Si prosigue los pasos indicados, apropiadamente, en escaso tiempo tendr\u00e1 solucionado cada aspecto de su seguro de baja y, los profesionales, van a cerrar los tr\u00e1mites, de forma \u00f3ptima, para su tranquilidad. <div class=\"colorf \"  ><div class=\"container clearfix\"><div class=\"col-md-7\"><\/p>\r\n<h2><span class=\"ez-toc-section\" id=\"Dar_de_baja_seguro_Caixa_Rural_de_un_fallecido\"><\/span>Dar de baja seguro Caixa Rural de un fallecido<span class=\"ez-toc-section-end\"><\/span><\/h2>\r\n<p>Finalmente, le vamos a explicar, con detalle, la forma en la que puede dar de baja su seguro de decesos, despu\u00e9s de fenecer la persona asegurada. Es la manera m\u00e1s f\u00e1cil de anular un seguro de esta clase. No tienes que preocuparte por nada ni hacer ninguno de los tr\u00e1mites que hemos explicado anteriormente, no tiene que hacer nada. Tras su fallecimiento, su seguro de decesos va a quedar anulado, merced a Caixa Rural. Para Caixa Rural es muy importante la calma de los familiares y, por esta raz\u00f3n, al morir el asegurado, se encargar\u00e1 de dar de baja su seguro. <\/div><\/div><\/div> <div class=\"oficinas\"> <h3><span class=\"ez-toc-section\" id=\"Paginas_relacionadas\"><\/span>P\u00e1ginas relacionadas<span class=\"ez-toc-section-end\"><\/span><\/h3><div class=\"enlazado\"><ul> <li><a href=\"https:\/\/idecesos.com\/seguros\/companias\/caixa-rural\/opiniones\/\">Opiniones Caixa Rural<\/a><\/li> <li><a href=\"https:\/\/idecesos.com\/seguros\/companias\/caixa-rural\/precio\/\">Precio seguro Caixa Rural<\/a><\/li> <li><a href=\"https:\/\/idecesos.com\/seguros\/companias\/caixa-rural\/prima-mixta\/\">Caixa Rural Prima Mixta<\/a><\/li> <li><a href=\"https:\/\/idecesos.com\/seguros\/companias\/caixa-rural\/prima-natural\/\">Caixa Rural Prima Natural<\/a><\/li> <li><a href=\"https:\/\/idecesos.com\/seguros\/companias\/caixa-rural\/prima-nivelada\/\">Caixa Rural Prima Nivelada<\/a><\/li> <li><a href=\"https:\/\/idecesos.com\/seguros\/companias\/caixa-rural\/prima-unica\/\">Caixa Rural Prima \u00danica<\/a><\/li> <li><a href=\"https:\/\/idecesos.com\/seguros\/companias\/caixa-rural\/repatriacion\/\">Caixa Rural Repatriaci\u00f3n<\/a><\/li> <li><a href=\"https:\/\/idecesos.com\/seguros\/companias\/caixa-rural\/telefono\/\">Tel\u00e9fono Gratuito Caixa Rural<\/a><\/li><\/ul><\/div> <\/div><\/p>","protected":false},"excerpt":{"rendered":"<p>Para dar de baja a su seguro de decesos, solo debe seguir unos f\u00e1ciles pasos y, de esta manera, no tendr\u00e1 que preocuparse por nada. iDecesos te va a mostrar todos sus conocimientos para dar de baja su seguro de decesos. En solo dos minutos ya va a tener todo solucionado y va a poder&hellip; <\/p>\n","protected":false},"author":1,"featured_media":0,"parent":529,"menu_order":0,"comment_status":"closed","ping_status":"closed","template":"single.php","meta":{"footnotes":""},"class_list":["post-18224","page","type-page","status-publish","hentry"],"yoast_head":"<!-- This site is optimized with the Yoast SEO plugin v27.3 - https:\/\/yoast.com\/product\/yoast-seo-wordpress\/ -->\n<title>\u00bfC\u00f3mo dar de Baja o Cancelar Seguro de Decesos Caixa Rural?<\/title>\n<meta name=\"description\" content=\"Obt\u00e9n aqu\u00ed\u3010c\u00f3mo dar de baja o cancelar seguro de decesos Caixa Rural\u3011Modelo carta, fax, correo electr\u00f3nico (email), tel\u00e9fono gratis.\" \/>\n<meta name=\"robots\" content=\"index, follow, max-snippet:-1, max-image-preview:large, max-video-preview:-1\" \/>\n<link rel=\"canonical\" href=\"https:\/\/idecesos.com\/seguros\/companias\/caixa-rural\/dar-de-baja\/\" \/>\n<meta property=\"og:locale\" content=\"es_ES\" \/>\n<meta property=\"og:type\" content=\"article\" \/>\n<meta property=\"og:title\" content=\"\u00bfC\u00f3mo dar de Baja o Cancelar Seguro de Decesos Caixa Rural?\" \/>\n<meta property=\"og:description\" content=\"Obt\u00e9n aqu\u00ed\u3010c\u00f3mo dar de baja o cancelar seguro de decesos Caixa Rural\u3011Modelo carta, fax, correo electr\u00f3nico (email), tel\u00e9fono gratis.\" \/>\n<meta property=\"og:url\" content=\"https:\/\/idecesos.com\/seguros\/companias\/caixa-rural\/dar-de-baja\/\" \/>\n<meta property=\"article:modified_time\" content=\"2022-01-28T18:07:35+00:00\" \/>\n<meta name=\"twitter:card\" content=\"summary_large_image\" \/>\n<meta name=\"twitter:label1\" content=\"Tiempo de lectura\" \/>\n\t<meta name=\"twitter:data1\" content=\"15 minutos\" \/>\n<script type=\"application\/ld+json\" class=\"yoast-schema-graph\">{\"@context\":\"https:\\\/\\\/schema.org\",\"@graph\":[{\"@type\":\"WebPage\",\"@id\":\"https:\\\/\\\/idecesos.com\\\/seguros\\\/companias\\\/caixa-rural\\\/dar-de-baja\\\/\",\"url\":\"https:\\\/\\\/idecesos.com\\\/seguros\\\/companias\\\/caixa-rural\\\/dar-de-baja\\\/\",\"name\":\"\u00bfC\u00f3mo dar de Baja o Cancelar Seguro de Decesos Caixa Rural?\",\"isPartOf\":{\"@id\":\"https:\\\/\\\/idecesos.com\\\/seguros\\\/#website\"},\"datePublished\":\"2021-12-29T11:53:16+00:00\",\"dateModified\":\"2022-01-28T18:07:35+00:00\",\"description\":\"Obt\u00e9n aqu\u00ed\u3010c\u00f3mo dar de baja o cancelar seguro de decesos Caixa Rural\u3011Modelo carta, fax, correo electr\u00f3nico (email), tel\u00e9fono gratis.\",\"breadcrumb\":{\"@id\":\"https:\\\/\\\/idecesos.com\\\/seguros\\\/companias\\\/caixa-rural\\\/dar-de-baja\\\/#breadcrumb\"},\"inLanguage\":\"es\",\"potentialAction\":[{\"@type\":\"ReadAction\",\"target\":[\"https:\\\/\\\/idecesos.com\\\/seguros\\\/companias\\\/caixa-rural\\\/dar-de-baja\\\/\"]}]},{\"@type\":\"BreadcrumbList\",\"@id\":\"https:\\\/\\\/idecesos.com\\\/seguros\\\/companias\\\/caixa-rural\\\/dar-de-baja\\\/#breadcrumb\",\"itemListElement\":[{\"@type\":\"ListItem\",\"position\":1,\"name\":\"Portada\",\"item\":\"https:\\\/\\\/idecesos.com\\\/seguros\\\/\"},{\"@type\":\"ListItem\",\"position\":2,\"name\":\"Compa\u00f1\u00edas de Seguros de Decesos en Espa\u00f1a\",\"item\":\"https:\\\/\\\/idecesos.com\\\/seguros\\\/companias\\\/\"},{\"@type\":\"ListItem\",\"position\":3,\"name\":\"Seguro de decesos Caixa Rural\",\"item\":\"https:\\\/\\\/idecesos.com\\\/seguros\\\/companias\\\/caixa-rural\\\/\"},{\"@type\":\"ListItem\",\"position\":4,\"name\":\"\u00bfC\u00f3mo dar de baja seguro Caixa Rural?\"}]},{\"@type\":\"WebSite\",\"@id\":\"https:\\\/\\\/idecesos.com\\\/seguros\\\/#website\",\"url\":\"https:\\\/\\\/idecesos.com\\\/seguros\\\/\",\"name\":\"\",\"description\":\"\",\"potentialAction\":[{\"@type\":\"SearchAction\",\"target\":{\"@type\":\"EntryPoint\",\"urlTemplate\":\"https:\\\/\\\/idecesos.com\\\/seguros\\\/?s={search_term_string}\"},\"query-input\":{\"@type\":\"PropertyValueSpecification\",\"valueRequired\":true,\"valueName\":\"search_term_string\"}}],\"inLanguage\":\"es\"}]}<\/script>\n<!-- \/ Yoast SEO plugin. -->","yoast_head_json":{"title":"\u00bfC\u00f3mo dar de Baja o Cancelar Seguro de Decesos Caixa Rural?","description":"Obt\u00e9n aqu\u00ed\u3010c\u00f3mo dar de baja o cancelar seguro de decesos Caixa Rural\u3011Modelo carta, fax, correo electr\u00f3nico (email), tel\u00e9fono gratis.","robots":{"index":"index","follow":"follow","max-snippet":"max-snippet:-1","max-image-preview":"max-image-preview:large","max-video-preview":"max-video-preview:-1"},"canonical":"https:\/\/idecesos.com\/seguros\/companias\/caixa-rural\/dar-de-baja\/","og_locale":"es_ES","og_type":"article","og_title":"\u00bfC\u00f3mo dar de Baja o Cancelar Seguro de Decesos Caixa Rural?","og_description":"Obt\u00e9n aqu\u00ed\u3010c\u00f3mo dar de baja o cancelar seguro de decesos Caixa Rural\u3011Modelo carta, fax, correo electr\u00f3nico (email), tel\u00e9fono gratis.","og_url":"https:\/\/idecesos.com\/seguros\/companias\/caixa-rural\/dar-de-baja\/","article_modified_time":"2022-01-28T18:07:35+00:00","twitter_card":"summary_large_image","twitter_misc":{"Tiempo de lectura":"15 minutos"},"schema":{"@context":"https:\/\/schema.org","@graph":[{"@type":"WebPage","@id":"https:\/\/idecesos.com\/seguros\/companias\/caixa-rural\/dar-de-baja\/","url":"https:\/\/idecesos.com\/seguros\/companias\/caixa-rural\/dar-de-baja\/","name":"\u00bfC\u00f3mo dar de Baja o Cancelar Seguro de Decesos Caixa Rural?","isPartOf":{"@id":"https:\/\/idecesos.com\/seguros\/#website"},"datePublished":"2021-12-29T11:53:16+00:00","dateModified":"2022-01-28T18:07:35+00:00","description":"Obt\u00e9n aqu\u00ed\u3010c\u00f3mo dar de baja o cancelar seguro de decesos Caixa Rural\u3011Modelo carta, fax, correo electr\u00f3nico (email), tel\u00e9fono gratis.","breadcrumb":{"@id":"https:\/\/idecesos.com\/seguros\/companias\/caixa-rural\/dar-de-baja\/#breadcrumb"},"inLanguage":"es","potentialAction":[{"@type":"ReadAction","target":["https:\/\/idecesos.com\/seguros\/companias\/caixa-rural\/dar-de-baja\/"]}]},{"@type":"BreadcrumbList","@id":"https:\/\/idecesos.com\/seguros\/companias\/caixa-rural\/dar-de-baja\/#breadcrumb","itemListElement":[{"@type":"ListItem","position":1,"name":"Portada","item":"https:\/\/idecesos.com\/seguros\/"},{"@type":"ListItem","position":2,"name":"Compa\u00f1\u00edas de Seguros de Decesos en Espa\u00f1a","item":"https:\/\/idecesos.com\/seguros\/companias\/"},{"@type":"ListItem","position":3,"name":"Seguro de decesos Caixa Rural","item":"https:\/\/idecesos.com\/seguros\/companias\/caixa-rural\/"},{"@type":"ListItem","position":4,"name":"\u00bfC\u00f3mo dar de baja seguro Caixa Rural?"}]},{"@type":"WebSite","@id":"https:\/\/idecesos.com\/seguros\/#website","url":"https:\/\/idecesos.com\/seguros\/","name":"","description":"","potentialAction":[{"@type":"SearchAction","target":{"@type":"EntryPoint","urlTemplate":"https:\/\/idecesos.com\/seguros\/?s={search_term_string}"},"query-input":{"@type":"PropertyValueSpecification","valueRequired":true,"valueName":"search_term_string"}}],"inLanguage":"es"}]}},"_links":{"self":[{"href":"https:\/\/idecesos.com\/seguros\/wp-json\/wp\/v2\/pages\/18224","targetHints":{"allow":["GET"]}}],"collection":[{"href":"https:\/\/idecesos.com\/seguros\/wp-json\/wp\/v2\/pages"}],"about":[{"href":"https:\/\/idecesos.com\/seguros\/wp-json\/wp\/v2\/types\/page"}],"author":[{"embeddable":true,"href":"https:\/\/idecesos.com\/seguros\/wp-json\/wp\/v2\/users\/1"}],"replies":[{"embeddable":true,"href":"https:\/\/idecesos.com\/seguros\/wp-json\/wp\/v2\/comments?post=18224"}],"version-history":[{"count":2,"href":"https:\/\/idecesos.com\/seguros\/wp-json\/wp\/v2\/pages\/18224\/revisions"}],"predecessor-version":[{"id":19120,"href":"https:\/\/idecesos.com\/seguros\/wp-json\/wp\/v2\/pages\/18224\/revisions\/19120"}],"up":[{"embeddable":true,"href":"https:\/\/idecesos.com\/seguros\/wp-json\/wp\/v2\/pages\/529"}],"wp:attachment":[{"href":"https:\/\/idecesos.com\/seguros\/wp-json\/wp\/v2\/media?parent=18224"}],"curies":[{"name":"wp","href":"https:\/\/api.w.org\/{rel}","templated":true}]}}