{"id":18225,"date":"2021-12-29T11:53:16","date_gmt":"2021-12-29T11:53:16","guid":{"rendered":"https:\/\/idecesos.com\/seguros\/companias\/burriana\/dar-de-baja\/"},"modified":"2022-01-28T18:13:34","modified_gmt":"2022-01-28T18:13:34","slug":"dar-de-baja","status":"publish","type":"page","link":"https:\/\/idecesos.com\/seguros\/companias\/burriana\/dar-de-baja\/","title":{"rendered":"\u00bfC\u00f3mo dar de baja seguro Caixa Rural Burriana?"},"content":{"rendered":"<div id=\"ez-toc-container\" class=\"ez-toc-v2_0_83 ez-toc-wrap-center counter-hierarchy ez-toc-counter ez-toc-custom ez-toc-container-direction\">\n<div class=\"ez-toc-title-container\">\n<p class=\"ez-toc-title\" style=\"cursor:inherit\">Tabla de Contenido<\/p>\n<span class=\"ez-toc-title-toggle\"><a href=\"#\" class=\"ez-toc-pull-right ez-toc-btn ez-toc-btn-xs ez-toc-btn-default ez-toc-toggle\" aria-label=\"Alternar tabla de contenidos\"><span class=\"ez-toc-js-icon-con\"><span class=\"\"><span class=\"eztoc-hide\" style=\"display:none;\">Toggle<\/span><span class=\"ez-toc-icon-toggle-span\"><svg style=\"fill: #db6415;color:#db6415\" xmlns=\"http:\/\/www.w3.org\/2000\/svg\" class=\"list-377408\" width=\"20px\" height=\"20px\" viewBox=\"0 0 24 24\" fill=\"none\"><path d=\"M6 6H4v2h2V6zm14 0H8v2h12V6zM4 11h2v2H4v-2zm16 0H8v2h12v-2zM4 16h2v2H4v-2zm16 0H8v2h12v-2z\" fill=\"currentColor\"><\/path><\/svg><svg style=\"fill: #db6415;color:#db6415\" class=\"arrow-unsorted-368013\" xmlns=\"http:\/\/www.w3.org\/2000\/svg\" width=\"10px\" height=\"10px\" viewBox=\"0 0 24 24\" version=\"1.2\" baseProfile=\"tiny\"><path d=\"M18.2 9.3l-6.2-6.3-6.2 6.3c-.2.2-.3.4-.3.7s.1.5.3.7c.2.2.4.3.7.3h11c.3 0 .5-.1.7-.3.2-.2.3-.5.3-.7s-.1-.5-.3-.7zM5.8 14.7l6.2 6.3 6.2-6.3c.2-.2.3-.5.3-.7s-.1-.5-.3-.7c-.2-.2-.4-.3-.7-.3h-11c-.3 0-.5.1-.7.3-.2.2-.3.5-.3.7s.1.5.3.7z\"\/><\/svg><\/span><\/span><\/span><\/a><\/span><\/div>\n<nav><ul class='ez-toc-list ez-toc-list-level-1 ' ><li class='ez-toc-page-1 ez-toc-heading-level-2'><a class=\"ez-toc-link ez-toc-heading-1\" href=\"https:\/\/idecesos.com\/seguros\/companias\/burriana\/dar-de-baja\/#Diferentes_opciones_para_cancelar_un_contrato_con_Caixa_Rural_Burriana\" >Diferentes opciones para cancelar un contrato con Caixa Rural Burriana<\/a><ul class='ez-toc-list-level-3' ><li class='ez-toc-heading-level-3'><a class=\"ez-toc-link ez-toc-heading-2\" href=\"https:\/\/idecesos.com\/seguros\/companias\/burriana\/dar-de-baja\/#A_traves_de_la_web_de_Caixa_Rural_Burriana\" >A trav\u00e9s de la web de Caixa Rural Burriana<\/a><\/li><li class='ez-toc-page-1 ez-toc-heading-level-3'><a class=\"ez-toc-link ez-toc-heading-3\" href=\"https:\/\/idecesos.com\/seguros\/companias\/burriana\/dar-de-baja\/#Utilizando_el_correo_electronico_de_Caixa_Rural_Burriana\" >Utilizando el correo electr\u00f3nico de Caixa Rural Burriana<\/a><\/li><li class='ez-toc-page-1 ez-toc-heading-level-3'><a class=\"ez-toc-link ez-toc-heading-4\" href=\"https:\/\/idecesos.com\/seguros\/companias\/burriana\/dar-de-baja\/#Dar_de_baja_Caixa_Rural_Burriana_por_fax\" >Dar de baja Caixa Rural Burriana por fax<\/a><\/li><li class='ez-toc-page-1 ez-toc-heading-level-3'><a class=\"ez-toc-link ez-toc-heading-5\" href=\"https:\/\/idecesos.com\/seguros\/companias\/burriana\/dar-de-baja\/#En_la_oficina_de_Caixa_Rural_Burriana\" >En la oficina de Caixa Rural Burriana<\/a><\/li><li class='ez-toc-page-1 ez-toc-heading-level-3'><a class=\"ez-toc-link ez-toc-heading-6\" href=\"https:\/\/idecesos.com\/seguros\/companias\/burriana\/dar-de-baja\/#Telefono_para_dar_de_baja_Caixa_Rural_Burriana\" >T\u00e9lefono para dar de baja Caixa Rural Burriana<\/a><\/li><\/ul><\/li><li class='ez-toc-page-1 ez-toc-heading-level-2'><a class=\"ez-toc-link ez-toc-heading-7\" href=\"https:\/\/idecesos.com\/seguros\/companias\/burriana\/dar-de-baja\/#Dar_de_baja_seguro_Caixa_Rural_Burriana_de_un_fallecido\" >Dar de baja seguro Caixa Rural Burriana de un fallecido<\/a><\/li><\/ul><\/nav><\/div>\n<p> A continuaci\u00f3n, le vamos a explicar de qu\u00e9 manera dar de baja su seguro de decesos. En iDecesos, deseamos facilitarte la tarea y vamos a darte las explicaciones necesarias a fin de que puedas dar de baja tu seguro sin ning\u00fan tipo de preocupaci\u00f3n. En este apartado, vas a ver los pasos a seguir y de qu\u00e9 manera puedes dar de baja el seguro de decesos. Merced a esto, en tan solo unos minutos tendr\u00e1 toda la informaci\u00f3n suficiente a fin de que pueda elegir que opci\u00f3n tomar y dar de baja usted mismo su seguro de decesos. Nuestra recomendaci\u00f3n es que no des de baja tu seguro puesto que en el futuro va a poder servirte para asegurarte y evitarle inconvenientes a tus familiares. <div class=\"colorf \"  ><div class=\"container clearfix\"><div class=\"col-md-7\"><\/p>\r\n<h2><span class=\"ez-toc-section\" id=\"Diferentes_opciones_para_cancelar_un_contrato_con_Caixa_Rural_Burriana\"><\/span>Diferentes opciones para cancelar un contrato con Caixa Rural Burriana<span class=\"ez-toc-section-end\"><\/span><\/h2>\r\n<!-- \/wp:post-content -->\r\n\r\n<!-- wp:paragraph -->\r\n<p>Es importante que los clientes notifiquen a la aseguradora el deseo de darse de baja del seguro de decesos. En nuestro 951 127 403 o bien en nuestro info@idecesos. com te daremos toda la informaci\u00f3n precisa para lograr ese documento. La aseguradora no puede rechazarte el env\u00edo de una carta certificada donde se incluya el modelo de cancelaci\u00f3n del contrato del seguro de decesos. Debes guardar el resguardo y hacerle una copia para una mayor seguridad. Si no te persuade este m\u00e9todo, puedes usar otras formas para dar de baja tu seguro de decesos en la Caixa Rural Burriana. <\/div><\/div><\/div><\/p>\r\n<h3><span class=\"ez-toc-section\" id=\"A_traves_de_la_web_de_Caixa_Rural_Burriana\"><\/span>A trav\u00e9s de la web de Caixa Rural Burriana<span class=\"ez-toc-section-end\"><\/span><\/h3>\r\n<p>El acceso a su p\u00e1gina www.grupocooperativocajamar.es\/ y teclear en su buscador lo que precises saber, es una de las opciones para dar de baja su seguro de decesos. En ese momento, le aparecer\u00e1n m\u00faltiples opciones. Deber\u00e1 escoger la m\u00e1s conveniente a usted y proseguir sus pasos. Es bastante sencillo. El n\u00famero de tel\u00e9fono 900 15 10 10\u00a0que tiene disponible Caixa Rural Burriana, podr\u00e1 usarlo, en exactamente el mismo momento, que le brote una duda o no le aparezca esta alternativa. Caso de que s\u00ed le aparezca, rellene el formulario o bien descargue el documento que se le pide para poder llenar su petici\u00f3n. <div class=\"colorf \"  ><div class=\"container clearfix\"><div class=\"col-md-7\"><\/p>\r\n<h3><span class=\"ez-toc-section\" id=\"Utilizando_el_correo_electronico_de_Caixa_Rural_Burriana\"><\/span>Utilizando el correo electr\u00f3nico de Caixa Rural Burriana<span class=\"ez-toc-section-end\"><\/span><\/h3>\r\n<p>Si no quieres seguir contando con un seguro de decesos en la compa\u00f1\u00eda en la que est\u00e1s, notif\u00edcalo a su correo electr\u00f3nico. A fin de que la aseguradora pueda dar de baja tu seguro de decesos tendr\u00e1s que hacerles llegar una imitaci\u00f3n de tu DNI y el documento firmado con tus datos personales pidiendo la baja. No pierdas de vista la copia sellada y el justificante del recibo por si en un futuro te lo pidiese la empresa aseguradora. Para evitar problemas y sobre todo, a fin de que est\u00e9s m\u00e1s apacible, te recomendamos guardar una copia de la notificaci\u00f3n del correo. Debes mandar en los 30 d\u00edas antes del fin del contrato el n\u00famero de tu p\u00f3liza a tu aseguradora por e-mail. <\/div><\/div><\/div><\/p>\r\n<h3><span class=\"ez-toc-section\" id=\"Dar_de_baja_Caixa_Rural_Burriana_por_fax\"><\/span>Dar de baja Caixa Rural Burriana por fax<span class=\"ez-toc-section-end\"><\/span><\/h3>\r\n<p>Especificando tus datos personales y tu n\u00famero de p\u00f3liza podr\u00e1s solicitar la baja de tu seguro de decesos mediante el fax. Con un mes de antelaci\u00f3n que se cancele su contrato a vencimiento para que no se le pase el recibo de Caixa Rural Burriana referente a su p\u00f3liza de decesos y deber\u00e1s adjuntar en exactamente el mismo folio las 2 caras del documento nacional de identidad para que sea eficaz y legal. Tendr\u00e1s que mandar todos los datos al fax de la compa\u00f1\u00eda. Tu compa\u00f1\u00eda puede reclamarte la prima por lo que deber\u00e1s guardar la confirmaci\u00f3n de la petici\u00f3n de la baja. <div class=\"colorf \"  ><div class=\"container clearfix\"><div class=\"col-md-7\"><\/p>\r\n<h3><span class=\"ez-toc-section\" id=\"En_la_oficina_de_Caixa_Rural_Burriana\"><\/span>En la oficina de Caixa Rural Burriana<span class=\"ez-toc-section-end\"><\/span><\/h3>\r\n<p>Si prefiere dar de baja su seguro, teniendo contacto directo con los profesionales, va a poder hacerlo acudiendo a las oficinas de Caixa Rural Burriana. Para acudir a la oficina m\u00e1s cercana, solo deber\u00e1 teclear en Internet el nombre de Caixa Rural Burriana. Los trabajadores de Caixa Rural Burriana dedicar\u00e1n, el tiempo que haga falta, en ayudarle a rellenar y firmar los documentos, adecuadamente. Es tan sencillo como seguir los pasos que le vayan marcando. Adem\u00e1s de esto, le recordamos que debe llevar su documento nacional de identidad para que todo esto se pueda llevar a cabo, puesto que es preciso en este proceso. Para acabar, le har\u00e1n entrega de una imitaci\u00f3n de cada documento y, el especialista realizar\u00e1 los tr\u00e1mites pertinentes. <\/div><\/div><\/div><\/p>\r\n<h3><span class=\"ez-toc-section\" id=\"Telefono_para_dar_de_baja_Caixa_Rural_Burriana\"><\/span>T\u00e9lefono para dar de baja Caixa Rural Burriana<span class=\"ez-toc-section-end\"><\/span><\/h3>\r\n<p>Dar de baja su seguro de decesos por tel\u00e9fono, ser\u00e1 tan f\u00e1cil como proseguir apropiadamente los pasos que le se\u00f1alen los trabajadores especialistas de Caixa Rural Burriana. Entonces, deber\u00e1 buscar en Intenet su n\u00famero de contacto o bien, llamar directamente a 900 15 10 10. En poqu\u00edsimo tiempo, si sigue con precisi\u00f3n cada paso recomendado, va a tener su contrato de baja apropiadamente cerrado, gracias asimismo, a la colaboraci\u00f3n de los especialistas para completar los tr\u00e1mites. <div class=\"colorf \"  ><div class=\"container clearfix\"><div class=\"col-md-7\"><\/p>\r\n<h2><span class=\"ez-toc-section\" id=\"Dar_de_baja_seguro_Caixa_Rural_Burriana_de_un_fallecido\"><\/span>Dar de baja seguro Caixa Rural Burriana de un fallecido<span class=\"ez-toc-section-end\"><\/span><\/h2>\r\n<p>Finalmente, le vamos a dar los pasos clave para dar de baja su seguro de decesos, una vez fallecido el asegurado. Este, es el procedimiento m\u00e1s simple y sencillo para poder anularlo. No debes preocuparte por nada ni hacer ninguno de los tr\u00e1mites que hemos explicado previamente, no tiene que hacer nada. Despu\u00e9s de su fallecimiento, su seguro de decesos va a quedar cancelado, gracias a Caixa Rural Burriana. Una vez finalizados los servicios del sepelio, los profesionales de Caixa Rural Burriana van a dar de baja el seguro de decesos de la persona fallecida y, los familiares no deber\u00e1n preocuparse por nada. <\/div><\/div><\/div> <div class=\"oficinas\"> <h3>P\u00e1ginas relacionadas<\/h3><div class=\"enlazado\"><ul> <li><a href=\"https:\/\/idecesos.com\/seguros\/companias\/burriana\/opiniones\/\">Opiniones Caixa Rural Burriana<\/a><\/li> <li><a href=\"https:\/\/idecesos.com\/seguros\/companias\/burriana\/precio\/\">Precio seguro Caixa Rural Burriana<\/a><\/li> <li><a href=\"https:\/\/idecesos.com\/seguros\/companias\/burriana\/prima-mixta\/\">Caixa Rural Burriana Prima Mixta<\/a><\/li> <li><a href=\"https:\/\/idecesos.com\/seguros\/companias\/burriana\/prima-natural\/\">Caixa Rural Burriana Prima Natural<\/a><\/li> <li><a href=\"https:\/\/idecesos.com\/seguros\/companias\/burriana\/prima-nivelada\/\">Caixa Rural Burriana Prima Nivelada<\/a><\/li> <li><a href=\"https:\/\/idecesos.com\/seguros\/companias\/burriana\/prima-unica\/\">Caixa Rural Burriana Prima \u00danica<\/a><\/li> <li><a href=\"https:\/\/idecesos.com\/seguros\/companias\/burriana\/repatriacion\/\">Caixa Rural Burriana Repatriaci\u00f3n<\/a><\/li> <li><a href=\"https:\/\/idecesos.com\/seguros\/companias\/burriana\/telefono\/\">Tel\u00e9fono Gratuito Caixa Rural Burriana<\/a><\/li><\/ul><\/div> <\/div><\/p>","protected":false},"excerpt":{"rendered":"<p>A continuaci\u00f3n, le vamos a explicar de qu\u00e9 manera dar de baja su seguro de decesos. En iDecesos, deseamos facilitarte la tarea y vamos a darte las explicaciones necesarias a fin de que puedas dar de baja tu seguro sin ning\u00fan tipo de preocupaci\u00f3n. En este apartado, vas a ver los pasos a seguir y&hellip; <\/p>\n","protected":false},"author":1,"featured_media":0,"parent":558,"menu_order":0,"comment_status":"closed","ping_status":"closed","template":"single.php","meta":{"footnotes":""},"class_list":["post-18225","page","type-page","status-publish","hentry"],"yoast_head":"<!-- This site is optimized with the Yoast SEO plugin v27.5 - https:\/\/yoast.com\/product\/yoast-seo-wordpress\/ -->\n<title>\u00bfC\u00f3mo dar de Baja o Cancelar Seguro de Decesos Caixa Rural Burriana?<\/title>\n<meta name=\"description\" content=\"Obt\u00e9n aqu\u00ed\u3010c\u00f3mo dar de baja o cancelar seguro de decesos Caixa Rural Burriana\u3011Modelo carta, fax, correo electr\u00f3nico (email), tel\u00e9fono gratis.\" \/>\n<meta name=\"robots\" content=\"index, follow, max-snippet:-1, max-image-preview:large, max-video-preview:-1\" \/>\n<link rel=\"canonical\" href=\"https:\/\/idecesos.com\/seguros\/companias\/burriana\/dar-de-baja\/\" \/>\n<meta property=\"og:locale\" content=\"es_ES\" \/>\n<meta property=\"og:type\" content=\"article\" \/>\n<meta property=\"og:title\" content=\"\u00bfC\u00f3mo dar de Baja o Cancelar Seguro de Decesos Caixa Rural Burriana?\" \/>\n<meta property=\"og:description\" content=\"Obt\u00e9n aqu\u00ed\u3010c\u00f3mo dar de baja o cancelar seguro de decesos Caixa Rural Burriana\u3011Modelo carta, fax, correo electr\u00f3nico (email), tel\u00e9fono gratis.\" \/>\n<meta property=\"og:url\" content=\"https:\/\/idecesos.com\/seguros\/companias\/burriana\/dar-de-baja\/\" \/>\n<meta property=\"article:modified_time\" content=\"2022-01-28T18:13:34+00:00\" \/>\n<meta name=\"twitter:card\" content=\"summary_large_image\" \/>\n<meta name=\"twitter:label1\" content=\"Tiempo de lectura\" \/>\n\t<meta name=\"twitter:data1\" content=\"5 minutos\" \/>\n<script type=\"application\/ld+json\" class=\"yoast-schema-graph\">{\"@context\":\"https:\\\/\\\/schema.org\",\"@graph\":[{\"@type\":\"WebPage\",\"@id\":\"https:\\\/\\\/idecesos.com\\\/seguros\\\/companias\\\/burriana\\\/dar-de-baja\\\/\",\"url\":\"https:\\\/\\\/idecesos.com\\\/seguros\\\/companias\\\/burriana\\\/dar-de-baja\\\/\",\"name\":\"\u00bfC\u00f3mo dar de Baja o Cancelar Seguro de Decesos Caixa Rural Burriana?\",\"isPartOf\":{\"@id\":\"https:\\\/\\\/idecesos.com\\\/seguros\\\/#website\"},\"datePublished\":\"2021-12-29T11:53:16+00:00\",\"dateModified\":\"2022-01-28T18:13:34+00:00\",\"description\":\"Obt\u00e9n aqu\u00ed\u3010c\u00f3mo dar de baja o cancelar seguro de decesos Caixa Rural Burriana\u3011Modelo carta, fax, correo electr\u00f3nico (email), tel\u00e9fono gratis.\",\"breadcrumb\":{\"@id\":\"https:\\\/\\\/idecesos.com\\\/seguros\\\/companias\\\/burriana\\\/dar-de-baja\\\/#breadcrumb\"},\"inLanguage\":\"es\",\"potentialAction\":[{\"@type\":\"ReadAction\",\"target\":[\"https:\\\/\\\/idecesos.com\\\/seguros\\\/companias\\\/burriana\\\/dar-de-baja\\\/\"]}]},{\"@type\":\"BreadcrumbList\",\"@id\":\"https:\\\/\\\/idecesos.com\\\/seguros\\\/companias\\\/burriana\\\/dar-de-baja\\\/#breadcrumb\",\"itemListElement\":[{\"@type\":\"ListItem\",\"position\":1,\"name\":\"Portada\",\"item\":\"https:\\\/\\\/idecesos.com\\\/seguros\\\/\"},{\"@type\":\"ListItem\",\"position\":2,\"name\":\"Compa\u00f1\u00edas de Seguros de Decesos en Espa\u00f1a\",\"item\":\"https:\\\/\\\/idecesos.com\\\/seguros\\\/companias\\\/\"},{\"@type\":\"ListItem\",\"position\":3,\"name\":\"Seguro de decesos Caixa Rural Burriana\",\"item\":\"https:\\\/\\\/idecesos.com\\\/seguros\\\/companias\\\/burriana\\\/\"},{\"@type\":\"ListItem\",\"position\":4,\"name\":\"\u00bfC\u00f3mo dar de baja seguro Caixa Rural Burriana?\"}]},{\"@type\":\"WebSite\",\"@id\":\"https:\\\/\\\/idecesos.com\\\/seguros\\\/#website\",\"url\":\"https:\\\/\\\/idecesos.com\\\/seguros\\\/\",\"name\":\"\",\"description\":\"\",\"potentialAction\":[{\"@type\":\"SearchAction\",\"target\":{\"@type\":\"EntryPoint\",\"urlTemplate\":\"https:\\\/\\\/idecesos.com\\\/seguros\\\/?s={search_term_string}\"},\"query-input\":{\"@type\":\"PropertyValueSpecification\",\"valueRequired\":true,\"valueName\":\"search_term_string\"}}],\"inLanguage\":\"es\"}]}<\/script>\n<!-- \/ Yoast SEO plugin. -->","yoast_head_json":{"title":"\u00bfC\u00f3mo dar de Baja o Cancelar Seguro de Decesos Caixa Rural Burriana?","description":"Obt\u00e9n aqu\u00ed\u3010c\u00f3mo dar de baja o cancelar seguro de decesos Caixa Rural Burriana\u3011Modelo carta, fax, correo electr\u00f3nico (email), tel\u00e9fono gratis.","robots":{"index":"index","follow":"follow","max-snippet":"max-snippet:-1","max-image-preview":"max-image-preview:large","max-video-preview":"max-video-preview:-1"},"canonical":"https:\/\/idecesos.com\/seguros\/companias\/burriana\/dar-de-baja\/","og_locale":"es_ES","og_type":"article","og_title":"\u00bfC\u00f3mo dar de Baja o Cancelar Seguro de Decesos Caixa Rural Burriana?","og_description":"Obt\u00e9n aqu\u00ed\u3010c\u00f3mo dar de baja o cancelar seguro de decesos Caixa Rural Burriana\u3011Modelo carta, fax, correo electr\u00f3nico (email), tel\u00e9fono gratis.","og_url":"https:\/\/idecesos.com\/seguros\/companias\/burriana\/dar-de-baja\/","article_modified_time":"2022-01-28T18:13:34+00:00","twitter_card":"summary_large_image","twitter_misc":{"Tiempo de lectura":"5 minutos"},"schema":{"@context":"https:\/\/schema.org","@graph":[{"@type":"WebPage","@id":"https:\/\/idecesos.com\/seguros\/companias\/burriana\/dar-de-baja\/","url":"https:\/\/idecesos.com\/seguros\/companias\/burriana\/dar-de-baja\/","name":"\u00bfC\u00f3mo dar de Baja o Cancelar Seguro de Decesos Caixa Rural Burriana?","isPartOf":{"@id":"https:\/\/idecesos.com\/seguros\/#website"},"datePublished":"2021-12-29T11:53:16+00:00","dateModified":"2022-01-28T18:13:34+00:00","description":"Obt\u00e9n aqu\u00ed\u3010c\u00f3mo dar de baja o cancelar seguro de decesos Caixa Rural Burriana\u3011Modelo carta, fax, correo electr\u00f3nico (email), tel\u00e9fono gratis.","breadcrumb":{"@id":"https:\/\/idecesos.com\/seguros\/companias\/burriana\/dar-de-baja\/#breadcrumb"},"inLanguage":"es","potentialAction":[{"@type":"ReadAction","target":["https:\/\/idecesos.com\/seguros\/companias\/burriana\/dar-de-baja\/"]}]},{"@type":"BreadcrumbList","@id":"https:\/\/idecesos.com\/seguros\/companias\/burriana\/dar-de-baja\/#breadcrumb","itemListElement":[{"@type":"ListItem","position":1,"name":"Portada","item":"https:\/\/idecesos.com\/seguros\/"},{"@type":"ListItem","position":2,"name":"Compa\u00f1\u00edas de Seguros de Decesos en Espa\u00f1a","item":"https:\/\/idecesos.com\/seguros\/companias\/"},{"@type":"ListItem","position":3,"name":"Seguro de decesos Caixa Rural Burriana","item":"https:\/\/idecesos.com\/seguros\/companias\/burriana\/"},{"@type":"ListItem","position":4,"name":"\u00bfC\u00f3mo dar de baja seguro Caixa Rural Burriana?"}]},{"@type":"WebSite","@id":"https:\/\/idecesos.com\/seguros\/#website","url":"https:\/\/idecesos.com\/seguros\/","name":"","description":"","potentialAction":[{"@type":"SearchAction","target":{"@type":"EntryPoint","urlTemplate":"https:\/\/idecesos.com\/seguros\/?s={search_term_string}"},"query-input":{"@type":"PropertyValueSpecification","valueRequired":true,"valueName":"search_term_string"}}],"inLanguage":"es"}]}},"_links":{"self":[{"href":"https:\/\/idecesos.com\/seguros\/wp-json\/wp\/v2\/pages\/18225","targetHints":{"allow":["GET"]}}],"collection":[{"href":"https:\/\/idecesos.com\/seguros\/wp-json\/wp\/v2\/pages"}],"about":[{"href":"https:\/\/idecesos.com\/seguros\/wp-json\/wp\/v2\/types\/page"}],"author":[{"embeddable":true,"href":"https:\/\/idecesos.com\/seguros\/wp-json\/wp\/v2\/users\/1"}],"replies":[{"embeddable":true,"href":"https:\/\/idecesos.com\/seguros\/wp-json\/wp\/v2\/comments?post=18225"}],"version-history":[{"count":2,"href":"https:\/\/idecesos.com\/seguros\/wp-json\/wp\/v2\/pages\/18225\/revisions"}],"predecessor-version":[{"id":19125,"href":"https:\/\/idecesos.com\/seguros\/wp-json\/wp\/v2\/pages\/18225\/revisions\/19125"}],"up":[{"embeddable":true,"href":"https:\/\/idecesos.com\/seguros\/wp-json\/wp\/v2\/pages\/558"}],"wp:attachment":[{"href":"https:\/\/idecesos.com\/seguros\/wp-json\/wp\/v2\/media?parent=18225"}],"curies":[{"name":"wp","href":"https:\/\/api.w.org\/{rel}","templated":true}]}}