{"id":18226,"date":"2021-12-29T11:53:17","date_gmt":"2021-12-29T11:53:17","guid":{"rendered":"https:\/\/idecesos.com\/seguros\/companias\/caja-laboral\/dar-de-baja\/"},"modified":"2022-01-28T18:16:40","modified_gmt":"2022-01-28T18:16:40","slug":"dar-de-baja","status":"publish","type":"page","link":"https:\/\/idecesos.com\/seguros\/companias\/caja-laboral\/dar-de-baja\/","title":{"rendered":"\u00bfC\u00f3mo dar de baja seguro Caja Laboral?"},"content":{"rendered":"<div id=\"ez-toc-container\" class=\"ez-toc-v2_0_82_2 ez-toc-wrap-center counter-hierarchy ez-toc-counter ez-toc-custom ez-toc-container-direction\">\n<div class=\"ez-toc-title-container\">\n<p class=\"ez-toc-title\" style=\"cursor:inherit\">Tabla de Contenido<\/p>\n<span class=\"ez-toc-title-toggle\"><a href=\"#\" class=\"ez-toc-pull-right ez-toc-btn ez-toc-btn-xs ez-toc-btn-default ez-toc-toggle\" aria-label=\"Alternar tabla de contenidos\"><span class=\"ez-toc-js-icon-con\"><span class=\"\"><span class=\"eztoc-hide\" style=\"display:none;\">Toggle<\/span><span class=\"ez-toc-icon-toggle-span\"><svg style=\"fill: #db6415;color:#db6415\" xmlns=\"http:\/\/www.w3.org\/2000\/svg\" class=\"list-377408\" width=\"20px\" height=\"20px\" viewBox=\"0 0 24 24\" fill=\"none\"><path d=\"M6 6H4v2h2V6zm14 0H8v2h12V6zM4 11h2v2H4v-2zm16 0H8v2h12v-2zM4 16h2v2H4v-2zm16 0H8v2h12v-2z\" fill=\"currentColor\"><\/path><\/svg><svg style=\"fill: #db6415;color:#db6415\" class=\"arrow-unsorted-368013\" xmlns=\"http:\/\/www.w3.org\/2000\/svg\" width=\"10px\" height=\"10px\" viewBox=\"0 0 24 24\" version=\"1.2\" baseProfile=\"tiny\"><path d=\"M18.2 9.3l-6.2-6.3-6.2 6.3c-.2.2-.3.4-.3.7s.1.5.3.7c.2.2.4.3.7.3h11c.3 0 .5-.1.7-.3.2-.2.3-.5.3-.7s-.1-.5-.3-.7zM5.8 14.7l6.2 6.3 6.2-6.3c.2-.2.3-.5.3-.7s-.1-.5-.3-.7c-.2-.2-.4-.3-.7-.3h-11c-.3 0-.5.1-.7.3-.2.2-.3.5-.3.7s.1.5.3.7z\"\/><\/svg><\/span><\/span><\/span><\/a><\/span><\/div>\n<nav><ul class='ez-toc-list ez-toc-list-level-1 ' ><li class='ez-toc-page-1 ez-toc-heading-level-2'><a class=\"ez-toc-link ez-toc-heading-1\" href=\"https:\/\/idecesos.com\/seguros\/companias\/caja-laboral\/dar-de-baja\/#Diferentes_opciones_para_cancelar_un_contrato_con_Caja_Laboral\" >Diferentes opciones para cancelar un contrato con Caja Laboral<\/a><ul class='ez-toc-list-level-3' ><li class='ez-toc-heading-level-3'><a class=\"ez-toc-link ez-toc-heading-2\" href=\"https:\/\/idecesos.com\/seguros\/companias\/caja-laboral\/dar-de-baja\/#A_traves_de_la_web_de_Caja_Laboral\" >A trav\u00e9s de la web de Caja Laboral<\/a><\/li><li class='ez-toc-page-1 ez-toc-heading-level-3'><a class=\"ez-toc-link ez-toc-heading-3\" href=\"https:\/\/idecesos.com\/seguros\/companias\/caja-laboral\/dar-de-baja\/#Utilizando_el_correo_electronico_de_Caja_Laboral\" >Utilizando el correo electr\u00f3nico de Caja Laboral<\/a><\/li><li class='ez-toc-page-1 ez-toc-heading-level-3'><a class=\"ez-toc-link ez-toc-heading-4\" href=\"https:\/\/idecesos.com\/seguros\/companias\/caja-laboral\/dar-de-baja\/#Dar_de_baja_Caja_Laboral_por_fax\" >Dar de baja Caja Laboral por fax<\/a><\/li><li class='ez-toc-page-1 ez-toc-heading-level-3'><a class=\"ez-toc-link ez-toc-heading-5\" href=\"https:\/\/idecesos.com\/seguros\/companias\/caja-laboral\/dar-de-baja\/#En_la_oficina_de_Caja_Laboral\" >En la oficina de Caja Laboral<\/a><\/li><li class='ez-toc-page-1 ez-toc-heading-level-3'><a class=\"ez-toc-link ez-toc-heading-6\" href=\"https:\/\/idecesos.com\/seguros\/companias\/caja-laboral\/dar-de-baja\/#Telefono_para_dar_de_baja_Caja_Laboral\" >T\u00e9lefono para dar de baja Caja Laboral<\/a><\/li><\/ul><\/li><li class='ez-toc-page-1 ez-toc-heading-level-2'><a class=\"ez-toc-link ez-toc-heading-7\" href=\"https:\/\/idecesos.com\/seguros\/companias\/caja-laboral\/dar-de-baja\/#Dar_de_baja_seguro_Caja_Laboral_de_un_fallecido\" >Dar de baja seguro Caja Laboral de un fallecido<\/a><ul class='ez-toc-list-level-3' ><li class='ez-toc-heading-level-3'><a class=\"ez-toc-link ez-toc-heading-8\" href=\"https:\/\/idecesos.com\/seguros\/companias\/caja-laboral\/dar-de-baja\/#Paginas_relacionadas\" >P\u00e1ginas relacionadas<\/a><\/li><\/ul><\/li><\/ul><\/nav><\/div>\n<p> iDecesos ha trabajado para explicarle de qu\u00e9 forma dar de baja un seguro de decesos. Hacerlo puede parecer algo complicado, mas no tiene de qu\u00e9 preocuparse, a continuaci\u00f3n, le mostraremos los pasos que a de seguir. De esta forma, con la informaci\u00f3n recogida, podr\u00e1s hacerlo t\u00fa mismo y solucionar los inconvenientes que le haya acarreado. Para la tranquilidad de su familia y, la suya, es conveniente que se haga de un seguro de decesos que cumpla sus requisitos para prevenir, de este modo, posibles incidencias en un futuro. Para eludir inconvenientes, deber\u00e1 informar a la compa\u00f1\u00eda de la baja de su seguro, treinta d\u00edas antes de su renovaci\u00f3n. <div class=\"colorf \"  ><div class=\"container clearfix\"><div class=\"col-md-7\"><\/p>\r\n<h2><span class=\"ez-toc-section\" id=\"Diferentes_opciones_para_cancelar_un_contrato_con_Caja_Laboral\"><\/span>Diferentes opciones para cancelar un contrato con Caja Laboral<span class=\"ez-toc-section-end\"><\/span><\/h2>\r\n<!-- \/wp:post-content -->\r\n\r\n<!-- wp:paragraph -->\r\n<p>Es esencial que los clientes del servicio notifiquen a la empresa aseguradora el deseo de darse de baja del seguro de decesos. Si quiere conseguir el documento que terminamos de nombrar, contacte con nosotros a trav\u00e9s de nuestro n\u00famero de tel\u00e9fono 951 127 403 o bien por nuestro correo info@idecesos. com. La empresa aseguradora no puede rechazarte el env\u00edo de una carta certificada donde se incluya el modelo de cancelaci\u00f3n del contrato del seguro de decesos. Guarde el resguardo del documento y haz una imitaci\u00f3n de este con lo que pueda pasar en un futuro. Si no te persuade este procedimiento, puedes utilizar otras formas para dar de baja tu seguro de decesos en la Caja Laboral. <\/div><\/div><\/div><\/p>\r\n<h3><span class=\"ez-toc-section\" id=\"A_traves_de_la_web_de_Caja_Laboral\"><\/span>A trav\u00e9s de la web de Caja Laboral<span class=\"ez-toc-section-end\"><\/span><\/h3>\r\n<p>Es fundamental que revise con detenimiento si tiene todos los datos que pide Caja Laboral en tanto que de lo contrario no lo va a recibir. \u00bfDe qu\u00e9 forma se puede darse de baja en el portal de Caja Laboral en el seguro de decesos?. La forma m\u00e1s f\u00e1cil es utilizando el buscador que vas a poder hallar en la p\u00e1gina de la compa\u00f1\u00eda y escribiendo lo que precisas saber. Puedes llamar al tel\u00e9fono de atenci\u00f3n al cliente de tu compa\u00f1\u00eda para pedir m\u00e1s informaci\u00f3n sobre c\u00f3mo puedes dar de baja tu seguro por la red. De todos modos, debe rellenar el formulario y descargar los documentos que se te solicitan para que la petici\u00f3n sea v\u00e1lida. No olvides revisar los datos que tu empresa de seguros te pide para poder gestionar la baja del seguro de decesos. <div class=\"colorf \"  ><div class=\"container clearfix\"><div class=\"col-md-7\"><\/p>\r\n<h3><span class=\"ez-toc-section\" id=\"Utilizando_el_correo_electronico_de_Caja_Laboral\"><\/span>Utilizando el correo electr\u00f3nico de Caja Laboral<span class=\"ez-toc-section-end\"><\/span><\/h3>\r\n<p>Una manera diferente de darse de baja en Caja Laboral, es mediante su correo electr\u00f3nico email Caja Laboral. Tan solo le va a llevar unos minutos. La informaci\u00f3n que debe precisar en el mensaje, que mande al c\u00f3digo postal de Caja Laboral, ser\u00e1 una copia de su documento nacional de identidad y la notificaci\u00f3n firmada, complet\u00e1ndola con sus datos personales. Deber\u00e1 guardar una copia sellada y tener un justificante de recibo a fin de que su ejecuci\u00f3n pueda llevarse a cabo. Para evitar futuros problemas, es esencial que guarde una copia de la notificaci\u00f3n, detallando la fecha de env\u00edo. <\/div><\/div><\/div><\/p>\r\n<h3><span class=\"ez-toc-section\" id=\"Dar_de_baja_Caja_Laboral_por_fax\"><\/span>Dar de baja Caja Laboral por fax<span class=\"ez-toc-section-end\"><\/span><\/h3>\r\n<p>Puedes pedir la baja de tu seguro de decesos a trav\u00e9s del fax de una forma f\u00e1cil y r\u00e1pida con solo mandar los datos personales y tu n\u00famero de p\u00f3liza. Debes fotocopiar tu DNI y enviarlo tanto por delante como por detr\u00e1s 1 mes antes del fin del contrato de tu seguro de decesos a fin de que se pueda gestionar correctamente. Tendr\u00e1s que mandar todos los datos al fax de la compa\u00f1\u00eda. No pierdas ning\u00fan documento por si en un futuro tu compa\u00f1\u00eda de seguros te lo solicitase. <div class=\"colorf \"  ><div class=\"container clearfix\"><div class=\"col-md-7\"><\/p>\r\n<h3><span class=\"ez-toc-section\" id=\"En_la_oficina_de_Caja_Laboral\"><\/span>En la oficina de Caja Laboral<span class=\"ez-toc-section-end\"><\/span><\/h3>\r\n<p>Si desea ir presencialmente a una oficina de Caja Laboral asimismo va a poder darse de baja all\u00ed directamente. Para acudir a la oficina m\u00e1s pr\u00f3xima, solo va a deber teclear en Internet el nombre de Caja Laboral. Los trabajadores de Caja Laboral dedicar\u00e1n, el tiempo que haga falta, en asistirle a rellenar y firmar los documentos, correctamente. Ser\u00e1 tan simple como continuar los pasos que le indiquen. Adem\u00e1s, le recordamos que debe llevar su documento nacional de identidad a fin de que todo esto se pueda llevar a cabo, ya que es necesario en este proceso. Todo este proceso es muy f\u00e1cil y f\u00e1cil, le entregar\u00e1n las copias de los documentos y el equipo profesional se encargar\u00e1 de terminar todos los tr\u00e1mites. <\/div><\/div><\/div><\/p>\r\n<h3><span class=\"ez-toc-section\" id=\"Telefono_para_dar_de_baja_Caja_Laboral\"><\/span>T\u00e9lefono para dar de baja Caja Laboral<span class=\"ez-toc-section-end\"><\/span><\/h3>\r\n<p>Si quiere dar de baja su seguro, por tel\u00e9fono, va a deber continuar los pasos que Caja Laboral le indique. Por ende, podr\u00e1 contactar buscando su n\u00famero de tel\u00e9fono en Internet o bien, llamando al 900 929 029. Para su tranquilidad, siguiendo los pasos indicados, cada aspecto estar\u00e1 solucionado y, los expertos se encargar\u00e1n de los tr\u00e1mites que falten para cerrar su contrato de baja. <div class=\"colorf \"  ><div class=\"container clearfix\"><div class=\"col-md-7\"><\/p>\r\n<h2><span class=\"ez-toc-section\" id=\"Dar_de_baja_seguro_Caja_Laboral_de_un_fallecido\"><\/span>Dar de baja seguro Caja Laboral de un fallecido<span class=\"ez-toc-section-end\"><\/span><\/h2>\r\n<p>Cuando el asegurado fallece, se notifica a la compa\u00f1\u00eda de seguros para que empiecen a realizarse los tr\u00e1mites para realizar la baja. Cuando el asegurado fallece, todos y cada uno de los recibos se anulan y se cobrar\u00e1 solo por aquellas personas que prosigan aseguradas. Los c\u00e1lculos se hacen en base a las estimaciones autom\u00e1ticas y actuariales de la tabla de primas que tengan contratados con Caja Laboral. <\/div><\/div><\/div> <div class=\"oficinas\"> <h3><span class=\"ez-toc-section\" id=\"Paginas_relacionadas\"><\/span>P\u00e1ginas relacionadas<span class=\"ez-toc-section-end\"><\/span><\/h3><div class=\"enlazado\"><ul> <li><a href=\"https:\/\/idecesos.com\/seguros\/companias\/caja-laboral\/opiniones\/\">Opiniones Caja Laboral<\/a><\/li> <li><a href=\"https:\/\/idecesos.com\/seguros\/companias\/caja-laboral\/precio\/\">Precio seguro Caja Laboral<\/a><\/li> <li><a href=\"https:\/\/idecesos.com\/seguros\/companias\/caja-laboral\/prima-mixta\/\">Caja Laboral Prima Mixta<\/a><\/li> <li><a href=\"https:\/\/idecesos.com\/seguros\/companias\/caja-laboral\/prima-natural\/\">Caja Laboral Prima Natural<\/a><\/li> <li><a href=\"https:\/\/idecesos.com\/seguros\/companias\/caja-laboral\/prima-nivelada\/\">Caja Laboral Prima Nivelada<\/a><\/li> <li><a href=\"https:\/\/idecesos.com\/seguros\/companias\/caja-laboral\/prima-unica\/\">Caja Laboral Prima \u00danica<\/a><\/li> <li><a href=\"https:\/\/idecesos.com\/seguros\/companias\/caja-laboral\/repatriacion\/\">Caja Laboral Repatriaci\u00f3n<\/a><\/li> <li><a href=\"https:\/\/idecesos.com\/seguros\/companias\/caja-laboral\/telefono\/\">Tel\u00e9fono Gratuito Caja Laboral<\/a><\/li><\/ul><\/div> <\/div><\/p>","protected":false},"excerpt":{"rendered":"<p>iDecesos ha trabajado para explicarle de qu\u00e9 forma dar de baja un seguro de decesos. Hacerlo puede parecer algo complicado, mas no tiene de qu\u00e9 preocuparse, a continuaci\u00f3n, le mostraremos los pasos que a de seguir. De esta forma, con la informaci\u00f3n recogida, podr\u00e1s hacerlo t\u00fa mismo y solucionar los inconvenientes que le haya acarreado.&hellip; <\/p>\n","protected":false},"author":1,"featured_media":0,"parent":593,"menu_order":0,"comment_status":"closed","ping_status":"closed","template":"single.php","meta":{"footnotes":""},"class_list":["post-18226","page","type-page","status-publish","hentry"],"yoast_head":"<!-- This site is optimized with the Yoast SEO plugin v27.3 - https:\/\/yoast.com\/product\/yoast-seo-wordpress\/ -->\n<title>\u00bfC\u00f3mo dar de Baja o Cancelar Seguro de Decesos Caja Laboral?<\/title>\n<meta name=\"description\" content=\"Obt\u00e9n aqu\u00ed\u3010c\u00f3mo dar de baja o cancelar seguro de decesos Caja Laboral\u3011Modelo carta, fax, correo electr\u00f3nico (email), tel\u00e9fono gratis.\" \/>\n<meta name=\"robots\" content=\"index, follow, max-snippet:-1, max-image-preview:large, max-video-preview:-1\" \/>\n<link rel=\"canonical\" href=\"https:\/\/idecesos.com\/seguros\/companias\/caja-laboral\/dar-de-baja\/\" \/>\n<meta property=\"og:locale\" content=\"es_ES\" \/>\n<meta property=\"og:type\" content=\"article\" \/>\n<meta property=\"og:title\" content=\"\u00bfC\u00f3mo dar de Baja o Cancelar Seguro de Decesos Caja Laboral?\" \/>\n<meta property=\"og:description\" content=\"Obt\u00e9n aqu\u00ed\u3010c\u00f3mo dar de baja o cancelar seguro de decesos Caja Laboral\u3011Modelo carta, fax, correo electr\u00f3nico (email), tel\u00e9fono gratis.\" \/>\n<meta property=\"og:url\" content=\"https:\/\/idecesos.com\/seguros\/companias\/caja-laboral\/dar-de-baja\/\" \/>\n<meta property=\"article:modified_time\" content=\"2022-01-28T18:16:40+00:00\" \/>\n<meta name=\"twitter:card\" content=\"summary_large_image\" \/>\n<meta name=\"twitter:label1\" content=\"Tiempo de lectura\" \/>\n\t<meta name=\"twitter:data1\" content=\"5 minutos\" \/>\n<script type=\"application\/ld+json\" class=\"yoast-schema-graph\">{\"@context\":\"https:\\\/\\\/schema.org\",\"@graph\":[{\"@type\":\"WebPage\",\"@id\":\"https:\\\/\\\/idecesos.com\\\/seguros\\\/companias\\\/caja-laboral\\\/dar-de-baja\\\/\",\"url\":\"https:\\\/\\\/idecesos.com\\\/seguros\\\/companias\\\/caja-laboral\\\/dar-de-baja\\\/\",\"name\":\"\u00bfC\u00f3mo dar de Baja o Cancelar Seguro de Decesos Caja Laboral?\",\"isPartOf\":{\"@id\":\"https:\\\/\\\/idecesos.com\\\/seguros\\\/#website\"},\"datePublished\":\"2021-12-29T11:53:17+00:00\",\"dateModified\":\"2022-01-28T18:16:40+00:00\",\"description\":\"Obt\u00e9n aqu\u00ed\u3010c\u00f3mo dar de baja o cancelar seguro de decesos Caja Laboral\u3011Modelo carta, fax, correo electr\u00f3nico (email), tel\u00e9fono gratis.\",\"breadcrumb\":{\"@id\":\"https:\\\/\\\/idecesos.com\\\/seguros\\\/companias\\\/caja-laboral\\\/dar-de-baja\\\/#breadcrumb\"},\"inLanguage\":\"es\",\"potentialAction\":[{\"@type\":\"ReadAction\",\"target\":[\"https:\\\/\\\/idecesos.com\\\/seguros\\\/companias\\\/caja-laboral\\\/dar-de-baja\\\/\"]}]},{\"@type\":\"BreadcrumbList\",\"@id\":\"https:\\\/\\\/idecesos.com\\\/seguros\\\/companias\\\/caja-laboral\\\/dar-de-baja\\\/#breadcrumb\",\"itemListElement\":[{\"@type\":\"ListItem\",\"position\":1,\"name\":\"Portada\",\"item\":\"https:\\\/\\\/idecesos.com\\\/seguros\\\/\"},{\"@type\":\"ListItem\",\"position\":2,\"name\":\"Compa\u00f1\u00edas de Seguros de Decesos en Espa\u00f1a\",\"item\":\"https:\\\/\\\/idecesos.com\\\/seguros\\\/companias\\\/\"},{\"@type\":\"ListItem\",\"position\":3,\"name\":\"Seguro de decesos Caja Laboral\",\"item\":\"https:\\\/\\\/idecesos.com\\\/seguros\\\/companias\\\/caja-laboral\\\/\"},{\"@type\":\"ListItem\",\"position\":4,\"name\":\"\u00bfC\u00f3mo dar de baja seguro Caja Laboral?\"}]},{\"@type\":\"WebSite\",\"@id\":\"https:\\\/\\\/idecesos.com\\\/seguros\\\/#website\",\"url\":\"https:\\\/\\\/idecesos.com\\\/seguros\\\/\",\"name\":\"\",\"description\":\"\",\"potentialAction\":[{\"@type\":\"SearchAction\",\"target\":{\"@type\":\"EntryPoint\",\"urlTemplate\":\"https:\\\/\\\/idecesos.com\\\/seguros\\\/?s={search_term_string}\"},\"query-input\":{\"@type\":\"PropertyValueSpecification\",\"valueRequired\":true,\"valueName\":\"search_term_string\"}}],\"inLanguage\":\"es\"}]}<\/script>\n<!-- \/ Yoast SEO plugin. -->","yoast_head_json":{"title":"\u00bfC\u00f3mo dar de Baja o Cancelar Seguro de Decesos Caja Laboral?","description":"Obt\u00e9n aqu\u00ed\u3010c\u00f3mo dar de baja o cancelar seguro de decesos Caja Laboral\u3011Modelo carta, fax, correo electr\u00f3nico (email), tel\u00e9fono gratis.","robots":{"index":"index","follow":"follow","max-snippet":"max-snippet:-1","max-image-preview":"max-image-preview:large","max-video-preview":"max-video-preview:-1"},"canonical":"https:\/\/idecesos.com\/seguros\/companias\/caja-laboral\/dar-de-baja\/","og_locale":"es_ES","og_type":"article","og_title":"\u00bfC\u00f3mo dar de Baja o Cancelar Seguro de Decesos Caja Laboral?","og_description":"Obt\u00e9n aqu\u00ed\u3010c\u00f3mo dar de baja o cancelar seguro de decesos Caja Laboral\u3011Modelo carta, fax, correo electr\u00f3nico (email), tel\u00e9fono gratis.","og_url":"https:\/\/idecesos.com\/seguros\/companias\/caja-laboral\/dar-de-baja\/","article_modified_time":"2022-01-28T18:16:40+00:00","twitter_card":"summary_large_image","twitter_misc":{"Tiempo de lectura":"5 minutos"},"schema":{"@context":"https:\/\/schema.org","@graph":[{"@type":"WebPage","@id":"https:\/\/idecesos.com\/seguros\/companias\/caja-laboral\/dar-de-baja\/","url":"https:\/\/idecesos.com\/seguros\/companias\/caja-laboral\/dar-de-baja\/","name":"\u00bfC\u00f3mo dar de Baja o Cancelar Seguro de Decesos Caja Laboral?","isPartOf":{"@id":"https:\/\/idecesos.com\/seguros\/#website"},"datePublished":"2021-12-29T11:53:17+00:00","dateModified":"2022-01-28T18:16:40+00:00","description":"Obt\u00e9n aqu\u00ed\u3010c\u00f3mo dar de baja o cancelar seguro de decesos Caja Laboral\u3011Modelo carta, fax, correo electr\u00f3nico (email), tel\u00e9fono gratis.","breadcrumb":{"@id":"https:\/\/idecesos.com\/seguros\/companias\/caja-laboral\/dar-de-baja\/#breadcrumb"},"inLanguage":"es","potentialAction":[{"@type":"ReadAction","target":["https:\/\/idecesos.com\/seguros\/companias\/caja-laboral\/dar-de-baja\/"]}]},{"@type":"BreadcrumbList","@id":"https:\/\/idecesos.com\/seguros\/companias\/caja-laboral\/dar-de-baja\/#breadcrumb","itemListElement":[{"@type":"ListItem","position":1,"name":"Portada","item":"https:\/\/idecesos.com\/seguros\/"},{"@type":"ListItem","position":2,"name":"Compa\u00f1\u00edas de Seguros de Decesos en Espa\u00f1a","item":"https:\/\/idecesos.com\/seguros\/companias\/"},{"@type":"ListItem","position":3,"name":"Seguro de decesos Caja Laboral","item":"https:\/\/idecesos.com\/seguros\/companias\/caja-laboral\/"},{"@type":"ListItem","position":4,"name":"\u00bfC\u00f3mo dar de baja seguro Caja Laboral?"}]},{"@type":"WebSite","@id":"https:\/\/idecesos.com\/seguros\/#website","url":"https:\/\/idecesos.com\/seguros\/","name":"","description":"","potentialAction":[{"@type":"SearchAction","target":{"@type":"EntryPoint","urlTemplate":"https:\/\/idecesos.com\/seguros\/?s={search_term_string}"},"query-input":{"@type":"PropertyValueSpecification","valueRequired":true,"valueName":"search_term_string"}}],"inLanguage":"es"}]}},"_links":{"self":[{"href":"https:\/\/idecesos.com\/seguros\/wp-json\/wp\/v2\/pages\/18226","targetHints":{"allow":["GET"]}}],"collection":[{"href":"https:\/\/idecesos.com\/seguros\/wp-json\/wp\/v2\/pages"}],"about":[{"href":"https:\/\/idecesos.com\/seguros\/wp-json\/wp\/v2\/types\/page"}],"author":[{"embeddable":true,"href":"https:\/\/idecesos.com\/seguros\/wp-json\/wp\/v2\/users\/1"}],"replies":[{"embeddable":true,"href":"https:\/\/idecesos.com\/seguros\/wp-json\/wp\/v2\/comments?post=18226"}],"version-history":[{"count":1,"href":"https:\/\/idecesos.com\/seguros\/wp-json\/wp\/v2\/pages\/18226\/revisions"}],"predecessor-version":[{"id":19128,"href":"https:\/\/idecesos.com\/seguros\/wp-json\/wp\/v2\/pages\/18226\/revisions\/19128"}],"up":[{"embeddable":true,"href":"https:\/\/idecesos.com\/seguros\/wp-json\/wp\/v2\/pages\/593"}],"wp:attachment":[{"href":"https:\/\/idecesos.com\/seguros\/wp-json\/wp\/v2\/media?parent=18226"}],"curies":[{"name":"wp","href":"https:\/\/api.w.org\/{rel}","templated":true}]}}