{"id":18229,"date":"2021-12-29T11:53:18","date_gmt":"2021-12-29T11:53:18","guid":{"rendered":"https:\/\/idecesos.com\/seguros\/companias\/ges\/dar-de-baja\/"},"modified":"2022-01-31T16:58:12","modified_gmt":"2022-01-31T16:58:12","slug":"dar-de-baja","status":"publish","type":"page","link":"https:\/\/idecesos.com\/seguros\/companias\/ges\/dar-de-baja\/","title":{"rendered":"\u00bfC\u00f3mo dar de baja seguro GES?"},"content":{"rendered":"<div id=\"ez-toc-container\" class=\"ez-toc-v2_0_82_2 ez-toc-wrap-center counter-hierarchy ez-toc-counter ez-toc-custom ez-toc-container-direction\">\n<div class=\"ez-toc-title-container\">\n<p class=\"ez-toc-title\" style=\"cursor:inherit\">Tabla de Contenido<\/p>\n<span class=\"ez-toc-title-toggle\"><a href=\"#\" class=\"ez-toc-pull-right ez-toc-btn ez-toc-btn-xs ez-toc-btn-default ez-toc-toggle\" aria-label=\"Alternar tabla de contenidos\"><span class=\"ez-toc-js-icon-con\"><span class=\"\"><span class=\"eztoc-hide\" style=\"display:none;\">Toggle<\/span><span class=\"ez-toc-icon-toggle-span\"><svg style=\"fill: #db6415;color:#db6415\" xmlns=\"http:\/\/www.w3.org\/2000\/svg\" class=\"list-377408\" width=\"20px\" height=\"20px\" viewBox=\"0 0 24 24\" fill=\"none\"><path d=\"M6 6H4v2h2V6zm14 0H8v2h12V6zM4 11h2v2H4v-2zm16 0H8v2h12v-2zM4 16h2v2H4v-2zm16 0H8v2h12v-2z\" fill=\"currentColor\"><\/path><\/svg><svg style=\"fill: #db6415;color:#db6415\" class=\"arrow-unsorted-368013\" xmlns=\"http:\/\/www.w3.org\/2000\/svg\" width=\"10px\" height=\"10px\" viewBox=\"0 0 24 24\" version=\"1.2\" baseProfile=\"tiny\"><path d=\"M18.2 9.3l-6.2-6.3-6.2 6.3c-.2.2-.3.4-.3.7s.1.5.3.7c.2.2.4.3.7.3h11c.3 0 .5-.1.7-.3.2-.2.3-.5.3-.7s-.1-.5-.3-.7zM5.8 14.7l6.2 6.3 6.2-6.3c.2-.2.3-.5.3-.7s-.1-.5-.3-.7c-.2-.2-.4-.3-.7-.3h-11c-.3 0-.5.1-.7.3-.2.2-.3.5-.3.7s.1.5.3.7z\"\/><\/svg><\/span><\/span><\/span><\/a><\/span><\/div>\n<nav><ul class='ez-toc-list ez-toc-list-level-1 ' ><li class='ez-toc-page-1 ez-toc-heading-level-2'><a class=\"ez-toc-link ez-toc-heading-1\" href=\"https:\/\/idecesos.com\/seguros\/companias\/ges\/dar-de-baja\/#Diferentes_opciones_para_cancelar_un_contrato_con_GES\" >Diferentes opciones para cancelar un contrato con GES<\/a><ul class='ez-toc-list-level-3' ><li class='ez-toc-heading-level-3'><a class=\"ez-toc-link ez-toc-heading-2\" href=\"https:\/\/idecesos.com\/seguros\/companias\/ges\/dar-de-baja\/#A_traves_de_la_web_de_GES\" >A trav\u00e9s de la web de GES<\/a><\/li><li class='ez-toc-page-1 ez-toc-heading-level-3'><a class=\"ez-toc-link ez-toc-heading-3\" href=\"https:\/\/idecesos.com\/seguros\/companias\/ges\/dar-de-baja\/#Utilizando_el_correo_electronico_de_GES\" >Utilizando el correo electr\u00f3nico de GES<\/a><\/li><li class='ez-toc-page-1 ez-toc-heading-level-3'><a class=\"ez-toc-link ez-toc-heading-4\" href=\"https:\/\/idecesos.com\/seguros\/companias\/ges\/dar-de-baja\/#Dar_de_baja_GES_por_fax\" >Dar de baja GES por fax<\/a><\/li><li class='ez-toc-page-1 ez-toc-heading-level-3'><a class=\"ez-toc-link ez-toc-heading-5\" href=\"https:\/\/idecesos.com\/seguros\/companias\/ges\/dar-de-baja\/#En_la_oficina_de_GES\" >En la oficina de GES<\/a><\/li><li class='ez-toc-page-1 ez-toc-heading-level-3'><a class=\"ez-toc-link ez-toc-heading-6\" href=\"https:\/\/idecesos.com\/seguros\/companias\/ges\/dar-de-baja\/#Telefono_para_dar_de_baja_GES\" >T\u00e9lefono para dar de baja GES<\/a><\/li><\/ul><\/li><li class='ez-toc-page-1 ez-toc-heading-level-2'><a class=\"ez-toc-link ez-toc-heading-7\" href=\"https:\/\/idecesos.com\/seguros\/companias\/ges\/dar-de-baja\/#Dar_de_baja_seguro_GES_de_un_fallecido\" >Dar de baja seguro GES de un fallecido<\/a><ul class='ez-toc-list-level-3' ><li class='ez-toc-heading-level-3'><a class=\"ez-toc-link ez-toc-heading-8\" href=\"https:\/\/idecesos.com\/seguros\/companias\/ges\/dar-de-baja\/#Paginas_relacionadas\" >P\u00e1ginas relacionadas<\/a><\/li><\/ul><\/li><\/ul><\/nav><\/div>\n<p> iDecesos ha efectuado una investigaci\u00f3n para poder explicarle la forma en la que puede dar de baja su seguro de decesos. Llevarlo a cabo es muy simple y, nosotros, le vamos a mostrar cada paso que debe proseguir para que no deba preocuparse. De este modo, en muy poco tiempo tendr\u00e1s toda la informaci\u00f3n necesaria para hacerlo y solucionar su inconveniente. Tambi\u00e9n podr\u00e1 buscar una nueva alternativa a su seguro puesto que le recomendamos que no se quede sin uno en tanto que el seguro de decesos le brinda a y a sus familiares una enorme tranquilidad por todo cuanto pueda suceder en un futuro. Le recordamos ya antes de comenzar que dar es importante informar a GES por lo menos con treinta d\u00edas de antelaci\u00f3n de la fecha de renovaci\u00f3n de su seguro para que de esta forma no tenga ning\u00fan problema en el futuro y poder dar de baja su seguro de decesos de forma f\u00e1cil. <div class=\"colorf \"  ><div class=\"container clearfix\"><div class=\"col-md-7\"><\/p>\r\n<h2><span class=\"ez-toc-section\" id=\"Diferentes_opciones_para_cancelar_un_contrato_con_GES\"><\/span>Diferentes opciones para cancelar un contrato con GES<span class=\"ez-toc-section-end\"><\/span><\/h2>\r\n<!-- \/wp:post-content -->\r\n\r\n<!-- wp:paragraph -->\r\n<p>Cada compa\u00f1\u00eda marcha de una manera diferente mas, en pr\u00e1cticamente todas , va a deber entregar un documento en el que pida la baja de su seguro de decesos y, en consecuencia, sus servicios. Puede lograr el documento de GES contactando a trav\u00e9s del n\u00famero de tel\u00e9fono o correo electr\u00f3nico que tenemos a su disposici\u00f3n. La compa\u00f1\u00eda deber\u00e1 darle por v\u00e1lido el env\u00edo de la carta certificada, con el modelo est\u00e1ndar de cancelaci\u00f3n de su contrato, siendo una de las formas de darse de baja. Es recomendable que haga una copia del documento y la guarde al lado del original. Seguidamente, podr\u00e1 conocer m\u00e1s m\u00e9todos que le sirva de ayuda para dar de baja su seguro de decesos contratado con GES. <\/div><\/div><\/div><\/p>\r\n<h3><span class=\"ez-toc-section\" id=\"A_traves_de_la_web_de_GES\"><\/span>A trav\u00e9s de la web de GES<span class=\"ez-toc-section-end\"><\/span><\/h3>\r\n<p>El acceso a su p\u00e1gina bienvenido.ges.es\/ y teclear en su buscador lo que necesites saber, es una de las opciones para dar de baja su seguro de decesos. En ese momento, obtendr\u00e1 diferentes contestaciones. Escoja la indicada y prosiga los pasos que le se\u00f1alan. Es bastante sencillo. Si alg\u00fan momento le brotan dudas o tiene problemas, podr\u00e1 contactar con GES por medio de su n\u00famero 91 330 85 85. Si le aparece, rellenando el formulario o bien descargando el documento que le pida, podr\u00e1 llenar la petici\u00f3n. <div class=\"colorf \"  ><div class=\"container clearfix\"><div class=\"col-md-7\"><\/p>\r\n<h3><span class=\"ez-toc-section\" id=\"Utilizando_el_correo_electronico_de_GES\"><\/span>Utilizando el correo electr\u00f3nico de GES<span class=\"ez-toc-section-end\"><\/span><\/h3>\r\n<p>Otra alternativa, es dar de baja su seguro de decesos GES por e-mail. Va a tener la soluci\u00f3n utilizando el apartado de correo email GES de la compa\u00f1\u00eda. Deber\u00e1 expedir lo siguiente: copia de su DNI y, la notificaci\u00f3n apropiadamente firmada con sus datos personales, que podr\u00e1 encontrarla en la web de la compa\u00f1\u00eda o, poni\u00e9ndose en contacto con nosotros al 951 127 403 o info@idecesos. com. A fin de que el proceso prosiga un buen camino, debe guardar su justificante del recibo y, una copia adecuadamente sellada. Su calma y la de su familia, es fundamental y, para esto, debe guardar una copia de la notificaci\u00f3n, en la que conste la data de su env\u00edo. <\/div><\/div><\/div><\/p>\r\n<h3><span class=\"ez-toc-section\" id=\"Dar_de_baja_GES_por_fax\"><\/span>Dar de baja GES por fax<span class=\"ez-toc-section-end\"><\/span><\/h3>\r\n<p>Usar la funci\u00f3n del fax, es otra opci\u00f3n para su baja. Es muy similar al e mail. Para realizar el env\u00edo, debe proseguir los mismos pasos que de manera digital. Debe enviar una imitaci\u00f3n de su documento nacional de identidad y, la notificaci\u00f3n con su firma, que podr\u00e1 encontrarla en la web de la compa\u00f1\u00eda o, si usted lo prefiere, se la podemos facilitar a trav\u00e9s del tel\u00e9fono de contacto 91 330 85 85. Le recordamos que debe guardar una copia sellada y tener un justificante de su recibo. No tendr\u00e1 ning\u00fan tipo de incidencia en el futuro, si guarda una copia de la notificaci\u00f3n, con la fecha correcta de env\u00edo. <div class=\"colorf \"  ><div class=\"container clearfix\"><div class=\"col-md-7\"><\/p>\r\n<h3><span class=\"ez-toc-section\" id=\"En_la_oficina_de_GES\"><\/span>En la oficina de GES<span class=\"ez-toc-section-end\"><\/span><\/h3>\r\n<p>En la oficina de tu seguro de decesos GES darse de baja, va a ser mucho m\u00e1s comprometedor y sus empleados le har\u00e1n todas y cada una de las t\u00e9cnicas comerciales posibles para su retenci\u00f3n como cliente. Para que la cancelaci\u00f3n del seguro de decesos se realice de forma m\u00e1s eficaz, tendr\u00e1s que presentar un escrito con tu copia del documento de identidad en una oficina que te sellar\u00e1n posteriormente con la data del d\u00eda. En el momento en que te ponen el sello, se entiende que todos los recibos entregados se han efectuado de forma correcta. Respecto al tiempo la data certifica que ha solicitado su ca\u00edda como usuario en el periodo establecido por la Ley General de Seguros (m\u00ednimo un mes de antelaci\u00f3n). <\/div><\/div><\/div><\/p>\r\n<h3><span class=\"ez-toc-section\" id=\"Telefono_para_dar_de_baja_GES\"><\/span>T\u00e9lefono para dar de baja GES<span class=\"ez-toc-section-end\"><\/span><\/h3>\r\n<p>Puedes pedir la baja de tu seguro de fallecimiento a trav\u00e9s del tel\u00e9fono de atenci\u00f3n al usuario de la compa\u00f1\u00eda. Lo m\u00e1s importante es que asista al n\u00famero que le facilitamos a fin de que sea gratuito y charles con la persona indicada, eludiendo un tour por todos los departamentos de GES seguro de decesos. En el momento en que te atiendan seguramente le grabar\u00e1n la solicitud de baja con unos factores de seguridad para garantizar que es usted el tomador de la p\u00f3liza y que no debe ning\u00fan recibo a GES y que no ha sobrepasado el periodo legal. En esta p\u00e1gina, vas a poder proceder a pedir la baja de tu seguro de decesos sin ning\u00fan tipo de coste. <div class=\"colorf \"  ><div class=\"container clearfix\"><div class=\"col-md-7\"><\/p>\r\n<h2><span class=\"ez-toc-section\" id=\"Dar_de_baja_seguro_GES_de_un_fallecido\"><\/span>Dar de baja seguro GES de un fallecido<span class=\"ez-toc-section-end\"><\/span><\/h2>\r\n<p>Si el asegurado fallece, autom\u00e1ticamente la empresa de seguros se encarga de dar de baja al cliente del servicio. El expediente se cerrar\u00e1 a fin de que no se manden m\u00e1s recibos a esa persona que acaba de fallecer. Se calcular\u00e1 de acuerdo a estimaciones autom\u00e1ticas de la tabla de las primas. <\/div><\/div><\/div> <div class=\"oficinas\"> <h3><span class=\"ez-toc-section\" id=\"Paginas_relacionadas\"><\/span>P\u00e1ginas relacionadas<span class=\"ez-toc-section-end\"><\/span><\/h3><div class=\"enlazado\"><ul> <li><a href=\"https:\/\/idecesos.com\/seguros\/companias\/ges\/opiniones\/\">Opiniones GES<\/a><\/li> <li><a href=\"https:\/\/idecesos.com\/seguros\/companias\/ges\/precio\/\">Precio seguro GES<\/a><\/li> <li><a href=\"https:\/\/idecesos.com\/seguros\/companias\/ges\/prima-mixta\/\">GES Prima Mixta<\/a><\/li> <li><a href=\"https:\/\/idecesos.com\/seguros\/companias\/ges\/prima-natural\/\">GES Prima Natural<\/a><\/li> <li><a href=\"https:\/\/idecesos.com\/seguros\/companias\/ges\/prima-nivelada\/\">GES Prima Nivelada<\/a><\/li> <li><a href=\"https:\/\/idecesos.com\/seguros\/companias\/ges\/prima-unica\/\">GES Prima \u00danica<\/a><\/li> <li><a href=\"https:\/\/idecesos.com\/seguros\/companias\/ges\/repatriacion\/\">GES Repatriaci\u00f3n<\/a><\/li> <li><a href=\"https:\/\/idecesos.com\/seguros\/companias\/ges\/telefono\/\">Tel\u00e9fono Gratuito GES<\/a><\/li><\/ul><\/div> <\/div><\/p>","protected":false},"excerpt":{"rendered":"<p>iDecesos ha efectuado una investigaci\u00f3n para poder explicarle la forma en la que puede dar de baja su seguro de decesos. Llevarlo a cabo es muy simple y, nosotros, le vamos a mostrar cada paso que debe proseguir para que no deba preocuparse. De este modo, en muy poco tiempo tendr\u00e1s toda la informaci\u00f3n necesaria&hellip; <\/p>\n","protected":false},"author":1,"featured_media":0,"parent":648,"menu_order":0,"comment_status":"closed","ping_status":"closed","template":"single.php","meta":{"footnotes":""},"class_list":["post-18229","page","type-page","status-publish","hentry"],"yoast_head":"<!-- This site is optimized with the Yoast SEO plugin v27.3 - https:\/\/yoast.com\/product\/yoast-seo-wordpress\/ -->\n<title>\u00bfC\u00f3mo dar de Baja o Cancelar Seguro de Decesos GES?<\/title>\n<meta name=\"description\" content=\"Obt\u00e9n aqu\u00ed\u3010c\u00f3mo dar de baja o cancelar seguro de decesos GES\u3011Modelo carta, fax, correo electr\u00f3nico (email), tel\u00e9fono gratis.\" \/>\n<meta name=\"robots\" content=\"index, follow, max-snippet:-1, max-image-preview:large, max-video-preview:-1\" \/>\n<link rel=\"canonical\" href=\"https:\/\/idecesos.com\/seguros\/companias\/ges\/dar-de-baja\/\" \/>\n<meta property=\"og:locale\" content=\"es_ES\" \/>\n<meta property=\"og:type\" content=\"article\" \/>\n<meta property=\"og:title\" content=\"\u00bfC\u00f3mo dar de Baja o Cancelar Seguro de Decesos GES?\" \/>\n<meta property=\"og:description\" content=\"Obt\u00e9n aqu\u00ed\u3010c\u00f3mo dar de baja o cancelar seguro de decesos GES\u3011Modelo carta, fax, correo electr\u00f3nico (email), tel\u00e9fono gratis.\" \/>\n<meta property=\"og:url\" content=\"https:\/\/idecesos.com\/seguros\/companias\/ges\/dar-de-baja\/\" \/>\n<meta property=\"article:modified_time\" content=\"2022-01-31T16:58:12+00:00\" \/>\n<meta name=\"twitter:card\" content=\"summary_large_image\" \/>\n<meta name=\"twitter:label1\" content=\"Tiempo de lectura\" \/>\n\t<meta name=\"twitter:data1\" content=\"5 minutos\" \/>\n<script type=\"application\/ld+json\" class=\"yoast-schema-graph\">{\"@context\":\"https:\\\/\\\/schema.org\",\"@graph\":[{\"@type\":\"WebPage\",\"@id\":\"https:\\\/\\\/idecesos.com\\\/seguros\\\/companias\\\/ges\\\/dar-de-baja\\\/\",\"url\":\"https:\\\/\\\/idecesos.com\\\/seguros\\\/companias\\\/ges\\\/dar-de-baja\\\/\",\"name\":\"\u00bfC\u00f3mo dar de Baja o Cancelar Seguro de Decesos GES?\",\"isPartOf\":{\"@id\":\"https:\\\/\\\/idecesos.com\\\/seguros\\\/#website\"},\"datePublished\":\"2021-12-29T11:53:18+00:00\",\"dateModified\":\"2022-01-31T16:58:12+00:00\",\"description\":\"Obt\u00e9n aqu\u00ed\u3010c\u00f3mo dar de baja o cancelar seguro de decesos GES\u3011Modelo carta, fax, correo electr\u00f3nico (email), tel\u00e9fono gratis.\",\"breadcrumb\":{\"@id\":\"https:\\\/\\\/idecesos.com\\\/seguros\\\/companias\\\/ges\\\/dar-de-baja\\\/#breadcrumb\"},\"inLanguage\":\"es\",\"potentialAction\":[{\"@type\":\"ReadAction\",\"target\":[\"https:\\\/\\\/idecesos.com\\\/seguros\\\/companias\\\/ges\\\/dar-de-baja\\\/\"]}]},{\"@type\":\"BreadcrumbList\",\"@id\":\"https:\\\/\\\/idecesos.com\\\/seguros\\\/companias\\\/ges\\\/dar-de-baja\\\/#breadcrumb\",\"itemListElement\":[{\"@type\":\"ListItem\",\"position\":1,\"name\":\"Portada\",\"item\":\"https:\\\/\\\/idecesos.com\\\/seguros\\\/\"},{\"@type\":\"ListItem\",\"position\":2,\"name\":\"Compa\u00f1\u00edas de Seguros de Decesos en Espa\u00f1a\",\"item\":\"https:\\\/\\\/idecesos.com\\\/seguros\\\/companias\\\/\"},{\"@type\":\"ListItem\",\"position\":3,\"name\":\"Seguro de decesos GES\",\"item\":\"https:\\\/\\\/idecesos.com\\\/seguros\\\/companias\\\/ges\\\/\"},{\"@type\":\"ListItem\",\"position\":4,\"name\":\"\u00bfC\u00f3mo dar de baja seguro GES?\"}]},{\"@type\":\"WebSite\",\"@id\":\"https:\\\/\\\/idecesos.com\\\/seguros\\\/#website\",\"url\":\"https:\\\/\\\/idecesos.com\\\/seguros\\\/\",\"name\":\"\",\"description\":\"\",\"potentialAction\":[{\"@type\":\"SearchAction\",\"target\":{\"@type\":\"EntryPoint\",\"urlTemplate\":\"https:\\\/\\\/idecesos.com\\\/seguros\\\/?s={search_term_string}\"},\"query-input\":{\"@type\":\"PropertyValueSpecification\",\"valueRequired\":true,\"valueName\":\"search_term_string\"}}],\"inLanguage\":\"es\"}]}<\/script>\n<!-- \/ Yoast SEO plugin. -->","yoast_head_json":{"title":"\u00bfC\u00f3mo dar de Baja o Cancelar Seguro de Decesos GES?","description":"Obt\u00e9n aqu\u00ed\u3010c\u00f3mo dar de baja o cancelar seguro de decesos GES\u3011Modelo carta, fax, correo electr\u00f3nico (email), tel\u00e9fono gratis.","robots":{"index":"index","follow":"follow","max-snippet":"max-snippet:-1","max-image-preview":"max-image-preview:large","max-video-preview":"max-video-preview:-1"},"canonical":"https:\/\/idecesos.com\/seguros\/companias\/ges\/dar-de-baja\/","og_locale":"es_ES","og_type":"article","og_title":"\u00bfC\u00f3mo dar de Baja o Cancelar Seguro de Decesos GES?","og_description":"Obt\u00e9n aqu\u00ed\u3010c\u00f3mo dar de baja o cancelar seguro de decesos GES\u3011Modelo carta, fax, correo electr\u00f3nico (email), tel\u00e9fono gratis.","og_url":"https:\/\/idecesos.com\/seguros\/companias\/ges\/dar-de-baja\/","article_modified_time":"2022-01-31T16:58:12+00:00","twitter_card":"summary_large_image","twitter_misc":{"Tiempo de lectura":"5 minutos"},"schema":{"@context":"https:\/\/schema.org","@graph":[{"@type":"WebPage","@id":"https:\/\/idecesos.com\/seguros\/companias\/ges\/dar-de-baja\/","url":"https:\/\/idecesos.com\/seguros\/companias\/ges\/dar-de-baja\/","name":"\u00bfC\u00f3mo dar de Baja o Cancelar Seguro de Decesos GES?","isPartOf":{"@id":"https:\/\/idecesos.com\/seguros\/#website"},"datePublished":"2021-12-29T11:53:18+00:00","dateModified":"2022-01-31T16:58:12+00:00","description":"Obt\u00e9n aqu\u00ed\u3010c\u00f3mo dar de baja o cancelar seguro de decesos GES\u3011Modelo carta, fax, correo electr\u00f3nico (email), tel\u00e9fono gratis.","breadcrumb":{"@id":"https:\/\/idecesos.com\/seguros\/companias\/ges\/dar-de-baja\/#breadcrumb"},"inLanguage":"es","potentialAction":[{"@type":"ReadAction","target":["https:\/\/idecesos.com\/seguros\/companias\/ges\/dar-de-baja\/"]}]},{"@type":"BreadcrumbList","@id":"https:\/\/idecesos.com\/seguros\/companias\/ges\/dar-de-baja\/#breadcrumb","itemListElement":[{"@type":"ListItem","position":1,"name":"Portada","item":"https:\/\/idecesos.com\/seguros\/"},{"@type":"ListItem","position":2,"name":"Compa\u00f1\u00edas de Seguros de Decesos en Espa\u00f1a","item":"https:\/\/idecesos.com\/seguros\/companias\/"},{"@type":"ListItem","position":3,"name":"Seguro de decesos GES","item":"https:\/\/idecesos.com\/seguros\/companias\/ges\/"},{"@type":"ListItem","position":4,"name":"\u00bfC\u00f3mo dar de baja seguro GES?"}]},{"@type":"WebSite","@id":"https:\/\/idecesos.com\/seguros\/#website","url":"https:\/\/idecesos.com\/seguros\/","name":"","description":"","potentialAction":[{"@type":"SearchAction","target":{"@type":"EntryPoint","urlTemplate":"https:\/\/idecesos.com\/seguros\/?s={search_term_string}"},"query-input":{"@type":"PropertyValueSpecification","valueRequired":true,"valueName":"search_term_string"}}],"inLanguage":"es"}]}},"_links":{"self":[{"href":"https:\/\/idecesos.com\/seguros\/wp-json\/wp\/v2\/pages\/18229","targetHints":{"allow":["GET"]}}],"collection":[{"href":"https:\/\/idecesos.com\/seguros\/wp-json\/wp\/v2\/pages"}],"about":[{"href":"https:\/\/idecesos.com\/seguros\/wp-json\/wp\/v2\/types\/page"}],"author":[{"embeddable":true,"href":"https:\/\/idecesos.com\/seguros\/wp-json\/wp\/v2\/users\/1"}],"replies":[{"embeddable":true,"href":"https:\/\/idecesos.com\/seguros\/wp-json\/wp\/v2\/comments?post=18229"}],"version-history":[{"count":1,"href":"https:\/\/idecesos.com\/seguros\/wp-json\/wp\/v2\/pages\/18229\/revisions"}],"predecessor-version":[{"id":19153,"href":"https:\/\/idecesos.com\/seguros\/wp-json\/wp\/v2\/pages\/18229\/revisions\/19153"}],"up":[{"embeddable":true,"href":"https:\/\/idecesos.com\/seguros\/wp-json\/wp\/v2\/pages\/648"}],"wp:attachment":[{"href":"https:\/\/idecesos.com\/seguros\/wp-json\/wp\/v2\/media?parent=18229"}],"curies":[{"name":"wp","href":"https:\/\/api.w.org\/{rel}","templated":true}]}}