{"id":18230,"date":"2021-12-29T11:53:19","date_gmt":"2021-12-29T11:53:19","guid":{"rendered":"https:\/\/idecesos.com\/seguros\/companias\/groupama\/dar-de-baja\/"},"modified":"2022-01-31T16:52:07","modified_gmt":"2022-01-31T16:52:07","slug":"dar-de-baja","status":"publish","type":"page","link":"https:\/\/idecesos.com\/seguros\/companias\/groupama\/dar-de-baja\/","title":{"rendered":"\u00bfC\u00f3mo dar de baja seguro Groupama?"},"content":{"rendered":"<div id=\"ez-toc-container\" class=\"ez-toc-v2_0_82_2 ez-toc-wrap-center counter-hierarchy ez-toc-counter ez-toc-custom ez-toc-container-direction\">\n<div class=\"ez-toc-title-container\">\n<p class=\"ez-toc-title\" style=\"cursor:inherit\">Tabla de Contenido<\/p>\n<span class=\"ez-toc-title-toggle\"><a href=\"#\" class=\"ez-toc-pull-right ez-toc-btn ez-toc-btn-xs ez-toc-btn-default ez-toc-toggle\" aria-label=\"Alternar tabla de contenidos\"><span class=\"ez-toc-js-icon-con\"><span class=\"\"><span class=\"eztoc-hide\" style=\"display:none;\">Toggle<\/span><span class=\"ez-toc-icon-toggle-span\"><svg style=\"fill: #db6415;color:#db6415\" xmlns=\"http:\/\/www.w3.org\/2000\/svg\" class=\"list-377408\" width=\"20px\" height=\"20px\" viewBox=\"0 0 24 24\" fill=\"none\"><path d=\"M6 6H4v2h2V6zm14 0H8v2h12V6zM4 11h2v2H4v-2zm16 0H8v2h12v-2zM4 16h2v2H4v-2zm16 0H8v2h12v-2z\" fill=\"currentColor\"><\/path><\/svg><svg style=\"fill: #db6415;color:#db6415\" class=\"arrow-unsorted-368013\" xmlns=\"http:\/\/www.w3.org\/2000\/svg\" width=\"10px\" height=\"10px\" viewBox=\"0 0 24 24\" version=\"1.2\" baseProfile=\"tiny\"><path d=\"M18.2 9.3l-6.2-6.3-6.2 6.3c-.2.2-.3.4-.3.7s.1.5.3.7c.2.2.4.3.7.3h11c.3 0 .5-.1.7-.3.2-.2.3-.5.3-.7s-.1-.5-.3-.7zM5.8 14.7l6.2 6.3 6.2-6.3c.2-.2.3-.5.3-.7s-.1-.5-.3-.7c-.2-.2-.4-.3-.7-.3h-11c-.3 0-.5.1-.7.3-.2.2-.3.5-.3.7s.1.5.3.7z\"\/><\/svg><\/span><\/span><\/span><\/a><\/span><\/div>\n<nav><ul class='ez-toc-list ez-toc-list-level-1 ' ><li class='ez-toc-page-1 ez-toc-heading-level-2'><a class=\"ez-toc-link ez-toc-heading-1\" href=\"https:\/\/idecesos.com\/seguros\/companias\/groupama\/dar-de-baja\/#Diferentes_opciones_para_cancelar_un_contrato_con_Groupama\" >Diferentes opciones para cancelar un contrato con Groupama<\/a><ul class='ez-toc-list-level-3' ><li class='ez-toc-heading-level-3'><a class=\"ez-toc-link ez-toc-heading-2\" href=\"https:\/\/idecesos.com\/seguros\/companias\/groupama\/dar-de-baja\/#A_traves_de_la_web_de_Groupama\" >A trav\u00e9s de la web de Groupama<\/a><\/li><li class='ez-toc-page-1 ez-toc-heading-level-3'><a class=\"ez-toc-link ez-toc-heading-3\" href=\"https:\/\/idecesos.com\/seguros\/companias\/groupama\/dar-de-baja\/#Utilizando_el_correo_electronico_de_Groupama\" >Utilizando el correo electr\u00f3nico de Groupama<\/a><\/li><li class='ez-toc-page-1 ez-toc-heading-level-3'><a class=\"ez-toc-link ez-toc-heading-4\" href=\"https:\/\/idecesos.com\/seguros\/companias\/groupama\/dar-de-baja\/#Dar_de_baja_Groupama_por_fax\" >Dar de baja Groupama por fax<\/a><\/li><li class='ez-toc-page-1 ez-toc-heading-level-3'><a class=\"ez-toc-link ez-toc-heading-5\" href=\"https:\/\/idecesos.com\/seguros\/companias\/groupama\/dar-de-baja\/#En_la_oficina_de_Groupama\" >En la oficina de Groupama<\/a><\/li><li class='ez-toc-page-1 ez-toc-heading-level-3'><a class=\"ez-toc-link ez-toc-heading-6\" href=\"https:\/\/idecesos.com\/seguros\/companias\/groupama\/dar-de-baja\/#Telefono_para_dar_de_baja_Groupama\" >T\u00e9lefono para dar de baja Groupama<\/a><\/li><\/ul><\/li><li class='ez-toc-page-1 ez-toc-heading-level-2'><a class=\"ez-toc-link ez-toc-heading-7\" href=\"https:\/\/idecesos.com\/seguros\/companias\/groupama\/dar-de-baja\/#Dar_de_baja_seguro_Groupama_de_un_fallecido\" >Dar de baja seguro Groupama de un fallecido<\/a><ul class='ez-toc-list-level-3' ><li class='ez-toc-heading-level-3'><a class=\"ez-toc-link ez-toc-heading-8\" href=\"https:\/\/idecesos.com\/seguros\/companias\/groupama\/dar-de-baja\/#Paginas_relacionadas\" >P\u00e1ginas relacionadas<\/a><\/li><\/ul><\/li><\/ul><\/nav><\/div>\n<p> Para dar de baja a su seguro de decesos, solo debe continuar unos sencillos pasos y, de esta manera, no deber\u00e1 preocuparse por nada. iDecesos te mostrar\u00e1 todos sus conocimientos para dar de baja su seguro de decesos. Va a tener su problema solucionado en unos minutos y, es aconsejable que busque otro seguro de decesos que se ajuste a sus necesidades, para la calma y estabilidad en su vida y la de su familia. Es de vital relevancia, para dar de baja apropiadamente su seguro y que no ocurra ning\u00fan problema al hacer la acci\u00f3n, que avise a la compa\u00f1\u00eda treinta d\u00edas antes de su renovaci\u00f3n. <div class=\"colorf \"  ><div class=\"container clearfix\"><div class=\"col-md-7\"><\/p>\r\n<h2><span class=\"ez-toc-section\" id=\"Diferentes_opciones_para_cancelar_un_contrato_con_Groupama\"><\/span>Diferentes opciones para cancelar un contrato con Groupama<span class=\"ez-toc-section-end\"><\/span><\/h2>\r\n<!-- \/wp:post-content -->\r\n\r\n<!-- wp:paragraph -->\r\n<p>De qu\u00e9 manera funciona una compa\u00f1\u00eda puede ser muy diferente a otras mas, todas le solicitar\u00e1n el documento en el que conste su deseo de dar de baja los servicios ofrecidos por esta. El documento de Groupama va a poder conseguirlo poni\u00e9ndose en contacto con nosotros, a trav\u00e9s del e-mail o n\u00famero de tel\u00e9fono. Como ya hemos comentado hay diferentes formas de darse de baja, pero, de cualquier forma, si usted decide mandar una carta certificada con un modelo est\u00e1ndar de cancelaci\u00f3n de su contrato Groupama deber\u00e1 d\u00e1rselo como v\u00e1lido. Es recomendable que haga una copia del documento y la guarde al lado del original. Ahora, le mostramos otras alternativas diferentes sobre c\u00f3mo darse de baja del seguro de decesos de Groupama. <\/div><\/div><\/div><\/p>\r\n<h3><span class=\"ez-toc-section\" id=\"A_traves_de_la_web_de_Groupama\"><\/span>A trav\u00e9s de la web de Groupama<span class=\"ez-toc-section-end\"><\/span><\/h3>\r\n<p>Otra de las formas m\u00e1s utilizadas es por medio de la web de la compa\u00f1\u00eda del seguro. Tan solo tendr\u00e1 que poner en su buscador la pr\u00f3xima p\u00e1gina www.groupama-am.com\/ y poner en su buscador lo que busca. Si no dispone de buscador, busque la secci\u00f3n que m\u00e1s se amolde a su necesidad. Para proceder a dar de baja el seguro, deber\u00e1s rellenar el formulario que se te indique. Si de todas formas no encuentra lo que busca, no tiene que preocuparse, p\u00f3ngase en contacto con nosotros a fin de que podamos facilitarle toda la informaci\u00f3n que necesita por medio de nuestro n\u00famero 951 127 403 o bien por nuestro correo electr\u00f3nico info@idecesos. com. Si por otra parte, todo cuanto busca est\u00e1 en la p\u00e1gina web, podr\u00e1s recibir en unos momentos un documento donde se te notifica de la baja de tu seguro de decesos. <div class=\"colorf \"  ><div class=\"container clearfix\"><div class=\"col-md-7\"><\/p>\r\n<h3><span class=\"ez-toc-section\" id=\"Utilizando_el_correo_electronico_de_Groupama\"><\/span>Utilizando el correo electr\u00f3nico de Groupama<span class=\"ez-toc-section-end\"><\/span><\/h3>\r\n<p>Otra de las formas de dar de baja el seguro de decesos de Groupama, es escribiendo un mensaje a trav\u00e9s del siguiente e mail email Groupama. Le acarrear\u00e1 unas escasos minutos. La informaci\u00f3n que debe especificar en el mensaje, que env\u00ede al apartado de correos de Groupama, ser\u00e1 una copia de su DNI y la notificaci\u00f3n firmada, complet\u00e1ndola con sus datos personales. Va a deber guardar una copia sellada y tener un justificante de recibo para que su ejecuci\u00f3n pueda realizarse. Adem\u00e1s de esto, por lo que pueda pasar, le aconsejamos que guarde una imitaci\u00f3n de la notificaci\u00f3n con su fecha de env\u00edo con lo que pueda acontecer en el futuro. <\/div><\/div><\/div><\/p>\r\n<h3><span class=\"ez-toc-section\" id=\"Dar_de_baja_Groupama_por_fax\"><\/span>Dar de baja Groupama por fax<span class=\"ez-toc-section-end\"><\/span><\/h3>\r\n<p>Dar de baja su seguro por fax tambi\u00e9n es otro procedimiento. Se asemeja bastante al precedente, solo cambia la forma en la que se mandan los documentos. En el fax que mande, deber\u00e1 aparecer una copia de su DNI, al lado de la notificaci\u00f3n firmada y, si no la tiene, puede buscarla en la web de Groupama o bien poni\u00e9ndose en contacto con nosotros a trav\u00e9s de el tel\u00e9fono 951 127 403. Igual que en las otras alternativas, le recordamos que debe guardar una copia sellada y tener un justificante de su recibo. No debe olvidar, guardar junto a los anteriores documentos, una imitaci\u00f3n de la notificaci\u00f3n y, su fecha de env\u00edo. <div class=\"colorf \"  ><div class=\"container clearfix\"><div class=\"col-md-7\"><\/p>\r\n<h3><span class=\"ez-toc-section\" id=\"En_la_oficina_de_Groupama\"><\/span>En la oficina de Groupama<span class=\"ez-toc-section-end\"><\/span><\/h3>\r\n<p>El m\u00e9todo m\u00e1s f\u00e1cil y veloz para dar de baja tu seguro de decesos es personandote en la oficina de tu aseguradora. Esto puede provocar un momento embarazoso para usted y si tiene claro que desea cancelar su contrato va a deber aportar un escrito solicit\u00e1ndolo con copia de su dni y que en la misma oficina le apliquen un sello de entrada con el logotipo oficial de Groupama y con la fecha de ese mismo d\u00eda. Cuando te ponen el sello, se entiende que todos los recibos entregados se han realizado de forma correcta. Respecto al tiempo la data certifica que ha solicitado su ca\u00edda como usuario en el periodo establecido por la Ley General de Seguros (m\u00ednimo un mes de antelaci\u00f3n). <\/div><\/div><\/div><\/p>\r\n<h3><span class=\"ez-toc-section\" id=\"Telefono_para_dar_de_baja_Groupama\"><\/span>T\u00e9lefono para dar de baja Groupama<span class=\"ez-toc-section-end\"><\/span><\/h3>\r\n<p>Asimismo podr\u00e1 darse de baja mediante una llamada telef\u00f3nica. Busque el tel\u00e9fono de Groupama en internet o bien llame de forma directa desde aqu\u00ed 911 120 814. Indique al asistente para qu\u00e9 ha llamado y prosiga los pasos que este le vaya se\u00f1alando. Siguiendo los pasos indicados, lo va a tener todo solucionado velozmente y, el especialista, se encargar\u00e1 de dar fin a su seguro de decesos. iDecesos puede asistirle y aconsejarle a fin de que halle un nuevo seguro, que se amolde bien a sus necesidades. <div class=\"colorf \"  ><div class=\"container clearfix\"><div class=\"col-md-7\"><\/p>\r\n<h2><span class=\"ez-toc-section\" id=\"Dar_de_baja_seguro_Groupama_de_un_fallecido\"><\/span>Dar de baja seguro Groupama de un fallecido<span class=\"ez-toc-section-end\"><\/span><\/h2>\r\n<p>Finalmente, vamos a informarte de qu\u00e9 forma puedes dar de baja tu seguro si el asegurado fallece. Es un proceso f\u00e1cil que no te llevar\u00e1 un buen tiempo. Es la propia aseguradora la que proceder\u00e1 a dar la baja del seguro de decesos de la persona asegurada tras su fallecimiento. <\/div><\/div><\/div> <div class=\"oficinas\"> <h3><span class=\"ez-toc-section\" id=\"Paginas_relacionadas\"><\/span>P\u00e1ginas relacionadas<span class=\"ez-toc-section-end\"><\/span><\/h3><div class=\"enlazado\"><ul> <li><a href=\"https:\/\/idecesos.com\/seguros\/companias\/groupama\/opiniones\/\">Opiniones Groupama<\/a><\/li> <li><a href=\"https:\/\/idecesos.com\/seguros\/companias\/groupama\/precio\/\">Precio seguro Groupama<\/a><\/li> <li><a href=\"https:\/\/idecesos.com\/seguros\/companias\/groupama\/prima-mixta\/\">Groupama Prima Mixta<\/a><\/li> <li><a href=\"https:\/\/idecesos.com\/seguros\/companias\/groupama\/prima-natural\/\">Groupama Prima Natural<\/a><\/li> <li><a href=\"https:\/\/idecesos.com\/seguros\/companias\/groupama\/prima-nivelada\/\">Groupama Prima Nivelada<\/a><\/li> <li><a href=\"https:\/\/idecesos.com\/seguros\/companias\/groupama\/prima-unica\/\">Groupama Prima \u00danica<\/a><\/li> <li><a href=\"https:\/\/idecesos.com\/seguros\/companias\/groupama\/repatriacion\/\">Groupama Repatriaci\u00f3n<\/a><\/li> <li><a href=\"https:\/\/idecesos.com\/seguros\/companias\/groupama\/telefono\/\">Tel\u00e9fono Gratuito Groupama<\/a><\/li><\/ul><\/div> <\/div><\/p>","protected":false},"excerpt":{"rendered":"<p>Para dar de baja a su seguro de decesos, solo debe continuar unos sencillos pasos y, de esta manera, no deber\u00e1 preocuparse por nada. iDecesos te mostrar\u00e1 todos sus conocimientos para dar de baja su seguro de decesos. Va a tener su problema solucionado en unos minutos y, es aconsejable que busque otro seguro de&hellip; <\/p>\n","protected":false},"author":1,"featured_media":0,"parent":650,"menu_order":0,"comment_status":"closed","ping_status":"closed","template":"single.php","meta":{"footnotes":""},"class_list":["post-18230","page","type-page","status-publish","hentry"],"yoast_head":"<!-- This site is optimized with the Yoast SEO plugin v27.3 - https:\/\/yoast.com\/product\/yoast-seo-wordpress\/ -->\n<title>\u00bfC\u00f3mo dar de Baja o Cancelar Seguro de Decesos Groupama?<\/title>\n<meta name=\"description\" content=\"Obt\u00e9n aqu\u00ed\u3010c\u00f3mo dar de baja o cancelar seguro de decesos Groupama\u3011Modelo carta, fax, correo electr\u00f3nico (email), tel\u00e9fono gratis.\" \/>\n<meta name=\"robots\" content=\"index, follow, max-snippet:-1, max-image-preview:large, max-video-preview:-1\" \/>\n<link rel=\"canonical\" href=\"https:\/\/idecesos.com\/seguros\/companias\/groupama\/dar-de-baja\/\" \/>\n<meta property=\"og:locale\" content=\"es_ES\" \/>\n<meta property=\"og:type\" content=\"article\" \/>\n<meta property=\"og:title\" content=\"\u00bfC\u00f3mo dar de Baja o Cancelar Seguro de Decesos Groupama?\" \/>\n<meta property=\"og:description\" content=\"Obt\u00e9n aqu\u00ed\u3010c\u00f3mo dar de baja o cancelar seguro de decesos Groupama\u3011Modelo carta, fax, correo electr\u00f3nico (email), tel\u00e9fono gratis.\" \/>\n<meta property=\"og:url\" content=\"https:\/\/idecesos.com\/seguros\/companias\/groupama\/dar-de-baja\/\" \/>\n<meta property=\"article:modified_time\" content=\"2022-01-31T16:52:07+00:00\" \/>\n<meta name=\"twitter:card\" content=\"summary_large_image\" \/>\n<meta name=\"twitter:label1\" content=\"Tiempo de lectura\" \/>\n\t<meta name=\"twitter:data1\" content=\"5 minutos\" \/>\n<script type=\"application\/ld+json\" class=\"yoast-schema-graph\">{\"@context\":\"https:\\\/\\\/schema.org\",\"@graph\":[{\"@type\":\"WebPage\",\"@id\":\"https:\\\/\\\/idecesos.com\\\/seguros\\\/companias\\\/groupama\\\/dar-de-baja\\\/\",\"url\":\"https:\\\/\\\/idecesos.com\\\/seguros\\\/companias\\\/groupama\\\/dar-de-baja\\\/\",\"name\":\"\u00bfC\u00f3mo dar de Baja o Cancelar Seguro de Decesos Groupama?\",\"isPartOf\":{\"@id\":\"https:\\\/\\\/idecesos.com\\\/seguros\\\/#website\"},\"datePublished\":\"2021-12-29T11:53:19+00:00\",\"dateModified\":\"2022-01-31T16:52:07+00:00\",\"description\":\"Obt\u00e9n aqu\u00ed\u3010c\u00f3mo dar de baja o cancelar seguro de decesos Groupama\u3011Modelo carta, fax, correo electr\u00f3nico (email), tel\u00e9fono gratis.\",\"breadcrumb\":{\"@id\":\"https:\\\/\\\/idecesos.com\\\/seguros\\\/companias\\\/groupama\\\/dar-de-baja\\\/#breadcrumb\"},\"inLanguage\":\"es\",\"potentialAction\":[{\"@type\":\"ReadAction\",\"target\":[\"https:\\\/\\\/idecesos.com\\\/seguros\\\/companias\\\/groupama\\\/dar-de-baja\\\/\"]}]},{\"@type\":\"BreadcrumbList\",\"@id\":\"https:\\\/\\\/idecesos.com\\\/seguros\\\/companias\\\/groupama\\\/dar-de-baja\\\/#breadcrumb\",\"itemListElement\":[{\"@type\":\"ListItem\",\"position\":1,\"name\":\"Portada\",\"item\":\"https:\\\/\\\/idecesos.com\\\/seguros\\\/\"},{\"@type\":\"ListItem\",\"position\":2,\"name\":\"Compa\u00f1\u00edas de Seguros de Decesos en Espa\u00f1a\",\"item\":\"https:\\\/\\\/idecesos.com\\\/seguros\\\/companias\\\/\"},{\"@type\":\"ListItem\",\"position\":3,\"name\":\"Seguro de decesos Groupama\",\"item\":\"https:\\\/\\\/idecesos.com\\\/seguros\\\/companias\\\/groupama\\\/\"},{\"@type\":\"ListItem\",\"position\":4,\"name\":\"\u00bfC\u00f3mo dar de baja seguro Groupama?\"}]},{\"@type\":\"WebSite\",\"@id\":\"https:\\\/\\\/idecesos.com\\\/seguros\\\/#website\",\"url\":\"https:\\\/\\\/idecesos.com\\\/seguros\\\/\",\"name\":\"\",\"description\":\"\",\"potentialAction\":[{\"@type\":\"SearchAction\",\"target\":{\"@type\":\"EntryPoint\",\"urlTemplate\":\"https:\\\/\\\/idecesos.com\\\/seguros\\\/?s={search_term_string}\"},\"query-input\":{\"@type\":\"PropertyValueSpecification\",\"valueRequired\":true,\"valueName\":\"search_term_string\"}}],\"inLanguage\":\"es\"}]}<\/script>\n<!-- \/ Yoast SEO plugin. -->","yoast_head_json":{"title":"\u00bfC\u00f3mo dar de Baja o Cancelar Seguro de Decesos Groupama?","description":"Obt\u00e9n aqu\u00ed\u3010c\u00f3mo dar de baja o cancelar seguro de decesos Groupama\u3011Modelo carta, fax, correo electr\u00f3nico (email), tel\u00e9fono gratis.","robots":{"index":"index","follow":"follow","max-snippet":"max-snippet:-1","max-image-preview":"max-image-preview:large","max-video-preview":"max-video-preview:-1"},"canonical":"https:\/\/idecesos.com\/seguros\/companias\/groupama\/dar-de-baja\/","og_locale":"es_ES","og_type":"article","og_title":"\u00bfC\u00f3mo dar de Baja o Cancelar Seguro de Decesos Groupama?","og_description":"Obt\u00e9n aqu\u00ed\u3010c\u00f3mo dar de baja o cancelar seguro de decesos Groupama\u3011Modelo carta, fax, correo electr\u00f3nico (email), tel\u00e9fono gratis.","og_url":"https:\/\/idecesos.com\/seguros\/companias\/groupama\/dar-de-baja\/","article_modified_time":"2022-01-31T16:52:07+00:00","twitter_card":"summary_large_image","twitter_misc":{"Tiempo de lectura":"5 minutos"},"schema":{"@context":"https:\/\/schema.org","@graph":[{"@type":"WebPage","@id":"https:\/\/idecesos.com\/seguros\/companias\/groupama\/dar-de-baja\/","url":"https:\/\/idecesos.com\/seguros\/companias\/groupama\/dar-de-baja\/","name":"\u00bfC\u00f3mo dar de Baja o Cancelar Seguro de Decesos Groupama?","isPartOf":{"@id":"https:\/\/idecesos.com\/seguros\/#website"},"datePublished":"2021-12-29T11:53:19+00:00","dateModified":"2022-01-31T16:52:07+00:00","description":"Obt\u00e9n aqu\u00ed\u3010c\u00f3mo dar de baja o cancelar seguro de decesos Groupama\u3011Modelo carta, fax, correo electr\u00f3nico (email), tel\u00e9fono gratis.","breadcrumb":{"@id":"https:\/\/idecesos.com\/seguros\/companias\/groupama\/dar-de-baja\/#breadcrumb"},"inLanguage":"es","potentialAction":[{"@type":"ReadAction","target":["https:\/\/idecesos.com\/seguros\/companias\/groupama\/dar-de-baja\/"]}]},{"@type":"BreadcrumbList","@id":"https:\/\/idecesos.com\/seguros\/companias\/groupama\/dar-de-baja\/#breadcrumb","itemListElement":[{"@type":"ListItem","position":1,"name":"Portada","item":"https:\/\/idecesos.com\/seguros\/"},{"@type":"ListItem","position":2,"name":"Compa\u00f1\u00edas de Seguros de Decesos en Espa\u00f1a","item":"https:\/\/idecesos.com\/seguros\/companias\/"},{"@type":"ListItem","position":3,"name":"Seguro de decesos Groupama","item":"https:\/\/idecesos.com\/seguros\/companias\/groupama\/"},{"@type":"ListItem","position":4,"name":"\u00bfC\u00f3mo dar de baja seguro Groupama?"}]},{"@type":"WebSite","@id":"https:\/\/idecesos.com\/seguros\/#website","url":"https:\/\/idecesos.com\/seguros\/","name":"","description":"","potentialAction":[{"@type":"SearchAction","target":{"@type":"EntryPoint","urlTemplate":"https:\/\/idecesos.com\/seguros\/?s={search_term_string}"},"query-input":{"@type":"PropertyValueSpecification","valueRequired":true,"valueName":"search_term_string"}}],"inLanguage":"es"}]}},"_links":{"self":[{"href":"https:\/\/idecesos.com\/seguros\/wp-json\/wp\/v2\/pages\/18230","targetHints":{"allow":["GET"]}}],"collection":[{"href":"https:\/\/idecesos.com\/seguros\/wp-json\/wp\/v2\/pages"}],"about":[{"href":"https:\/\/idecesos.com\/seguros\/wp-json\/wp\/v2\/types\/page"}],"author":[{"embeddable":true,"href":"https:\/\/idecesos.com\/seguros\/wp-json\/wp\/v2\/users\/1"}],"replies":[{"embeddable":true,"href":"https:\/\/idecesos.com\/seguros\/wp-json\/wp\/v2\/comments?post=18230"}],"version-history":[{"count":1,"href":"https:\/\/idecesos.com\/seguros\/wp-json\/wp\/v2\/pages\/18230\/revisions"}],"predecessor-version":[{"id":19147,"href":"https:\/\/idecesos.com\/seguros\/wp-json\/wp\/v2\/pages\/18230\/revisions\/19147"}],"up":[{"embeddable":true,"href":"https:\/\/idecesos.com\/seguros\/wp-json\/wp\/v2\/pages\/650"}],"wp:attachment":[{"href":"https:\/\/idecesos.com\/seguros\/wp-json\/wp\/v2\/media?parent=18230"}],"curies":[{"name":"wp","href":"https:\/\/api.w.org\/{rel}","templated":true}]}}