{"id":18232,"date":"2021-12-29T11:53:21","date_gmt":"2021-12-29T11:53:21","guid":{"rendered":"https:\/\/idecesos.com\/seguros\/companias\/terranea\/dar-de-baja\/"},"modified":"2022-01-31T16:39:14","modified_gmt":"2022-01-31T16:39:14","slug":"dar-de-baja","status":"publish","type":"page","link":"https:\/\/idecesos.com\/seguros\/companias\/terranea\/dar-de-baja\/","title":{"rendered":"\u00bfC\u00f3mo dar de baja seguro Terranea?"},"content":{"rendered":"<div id=\"ez-toc-container\" class=\"ez-toc-v2_0_82_2 ez-toc-wrap-center counter-hierarchy ez-toc-counter ez-toc-custom ez-toc-container-direction\">\n<div class=\"ez-toc-title-container\">\n<p class=\"ez-toc-title\" style=\"cursor:inherit\">Tabla de Contenido<\/p>\n<span class=\"ez-toc-title-toggle\"><a href=\"#\" class=\"ez-toc-pull-right ez-toc-btn ez-toc-btn-xs ez-toc-btn-default ez-toc-toggle\" aria-label=\"Alternar tabla de contenidos\"><span class=\"ez-toc-js-icon-con\"><span class=\"\"><span class=\"eztoc-hide\" style=\"display:none;\">Toggle<\/span><span class=\"ez-toc-icon-toggle-span\"><svg style=\"fill: #db6415;color:#db6415\" xmlns=\"http:\/\/www.w3.org\/2000\/svg\" class=\"list-377408\" width=\"20px\" height=\"20px\" viewBox=\"0 0 24 24\" fill=\"none\"><path d=\"M6 6H4v2h2V6zm14 0H8v2h12V6zM4 11h2v2H4v-2zm16 0H8v2h12v-2zM4 16h2v2H4v-2zm16 0H8v2h12v-2z\" fill=\"currentColor\"><\/path><\/svg><svg style=\"fill: #db6415;color:#db6415\" class=\"arrow-unsorted-368013\" xmlns=\"http:\/\/www.w3.org\/2000\/svg\" width=\"10px\" height=\"10px\" viewBox=\"0 0 24 24\" version=\"1.2\" baseProfile=\"tiny\"><path d=\"M18.2 9.3l-6.2-6.3-6.2 6.3c-.2.2-.3.4-.3.7s.1.5.3.7c.2.2.4.3.7.3h11c.3 0 .5-.1.7-.3.2-.2.3-.5.3-.7s-.1-.5-.3-.7zM5.8 14.7l6.2 6.3 6.2-6.3c.2-.2.3-.5.3-.7s-.1-.5-.3-.7c-.2-.2-.4-.3-.7-.3h-11c-.3 0-.5.1-.7.3-.2.2-.3.5-.3.7s.1.5.3.7z\"\/><\/svg><\/span><\/span><\/span><\/a><\/span><\/div>\n<nav><ul class='ez-toc-list ez-toc-list-level-1 ' ><li class='ez-toc-page-1 ez-toc-heading-level-2'><a class=\"ez-toc-link ez-toc-heading-1\" href=\"https:\/\/idecesos.com\/seguros\/companias\/terranea\/dar-de-baja\/#Diferentes_opciones_para_cancelar_un_contrato_con_Terranea\" >Diferentes opciones para cancelar un contrato con Terranea<\/a><ul class='ez-toc-list-level-3' ><li class='ez-toc-heading-level-3'><a class=\"ez-toc-link ez-toc-heading-2\" href=\"https:\/\/idecesos.com\/seguros\/companias\/terranea\/dar-de-baja\/#A_traves_de_la_web_de_Terranea\" >A trav\u00e9s de la web de Terranea<\/a><\/li><li class='ez-toc-page-1 ez-toc-heading-level-3'><a class=\"ez-toc-link ez-toc-heading-3\" href=\"https:\/\/idecesos.com\/seguros\/companias\/terranea\/dar-de-baja\/#Utilizando_el_correo_electronico_de_Terranea\" >Utilizando el correo electr\u00f3nico de Terranea<\/a><\/li><li class='ez-toc-page-1 ez-toc-heading-level-3'><a class=\"ez-toc-link ez-toc-heading-4\" href=\"https:\/\/idecesos.com\/seguros\/companias\/terranea\/dar-de-baja\/#Dar_de_baja_Terranea_por_fax\" >Dar de baja Terranea por fax<\/a><\/li><li class='ez-toc-page-1 ez-toc-heading-level-3'><a class=\"ez-toc-link ez-toc-heading-5\" href=\"https:\/\/idecesos.com\/seguros\/companias\/terranea\/dar-de-baja\/#En_la_oficina_de_Terranea\" >En la oficina de Terranea<\/a><\/li><li class='ez-toc-page-1 ez-toc-heading-level-3'><a class=\"ez-toc-link ez-toc-heading-6\" href=\"https:\/\/idecesos.com\/seguros\/companias\/terranea\/dar-de-baja\/#Telefono_para_dar_de_baja_Terranea\" >T\u00e9lefono para dar de baja Terranea<\/a><\/li><\/ul><\/li><li class='ez-toc-page-1 ez-toc-heading-level-2'><a class=\"ez-toc-link ez-toc-heading-7\" href=\"https:\/\/idecesos.com\/seguros\/companias\/terranea\/dar-de-baja\/#Dar_de_baja_seguro_Terranea_de_un_fallecido\" >Dar de baja seguro Terranea de un fallecido<\/a><ul class='ez-toc-list-level-3' ><li class='ez-toc-heading-level-3'><a class=\"ez-toc-link ez-toc-heading-8\" href=\"https:\/\/idecesos.com\/seguros\/companias\/terranea\/dar-de-baja\/#Paginas_relacionadas\" >P\u00e1ginas relacionadas<\/a><\/li><\/ul><\/li><\/ul><\/nav><\/div>\n<p> iDecesos ha realizado un estudio para poder explicarle la manera en la que puede dar de baja su seguro de decesos. Llevarlo a cabo es muy f\u00e1cil y, nosotros, le mostraremos cada paso que tiene que continuar a fin de que no tenga que preocuparse. Merced a esto, en tan solo un par de minutos tendr\u00e1 la informaci\u00f3n suficiente para poder hacerlo usted mismo y solucionar el inconveniente que le haya causado. Es conveniente que busque un nuevo seguro de decesos, despu\u00e9s de dar de baja el suyo y, de esta manera, va a poder prevenir futuras incidencias y, usted y su familia estar\u00e1n muchos m\u00e1s apacibles. Para dar de baja su seguro apropiadamente, va a deber informar a la compa\u00f1\u00eda treinta d\u00edas antes de su data de renovaci\u00f3n. <div class=\"colorf \"  ><div class=\"container clearfix\"><div class=\"col-md-7\"><\/p>\r\n<h2><span class=\"ez-toc-section\" id=\"Diferentes_opciones_para_cancelar_un_contrato_con_Terranea\"><\/span>Diferentes opciones para cancelar un contrato con Terranea<span class=\"ez-toc-section-end\"><\/span><\/h2>\r\n<!-- \/wp:post-content -->\r\n\r\n<!-- wp:paragraph -->\r\n<p>Algo que tienen en com\u00fan todas las compa\u00f1\u00edas es que, piden un documento en el que exponga la baja de su seguro de decesos. El documento de Terranea va a poder lograrlo poni\u00e9ndose en contacto con nosotros, a trav\u00e9s del e-mail o bien n\u00famero. Sea como sea, la forma que decida en la que darse de baja, si elige la opci\u00f3n de enviar una carta certificada, en la que conste la cancelaci\u00f3n del contrato Terranea, esta deber\u00e1 aceptarlo y darlo por v\u00e1lido. Le recomendamos que guarde el resguardo del documento y que haga una copia. Ahora, se le va a ense\u00f1ar diferentes m\u00e9todos para dar de baja su seguro de decesos Terranea. <\/div><\/div><\/div><\/p>\r\n<h3><span class=\"ez-toc-section\" id=\"A_traves_de_la_web_de_Terranea\"><\/span>A trav\u00e9s de la web de Terranea<span class=\"ez-toc-section-end\"><\/span><\/h3>\r\n<p>Mediante la web de Terranea es uno de los m\u00e9todos que pueda utilizar para darse de baja de su seguro de decesos. Tan solo tendr\u00e1 que poner en su buscador la pr\u00f3xima p\u00e1gina web www.terranea.es\/ y poner en su buscador lo que est\u00e1 buscando. Si no dispone de buscador, busque la secci\u00f3n que m\u00e1s se amolde a su necesidad. Ahora solo tendr\u00e1 que rellenar el formulario que se le cita ah\u00ed o descargar los documentos que se le solicitan para poder darse de baja. Si todav\u00eda as\u00ed, sigues sin hallar de qu\u00e9 manera puedes dar de baja el seguro, solo tienes que ponerte en contacto con nosotros en el 951 127 403 o bien en el info@idecesos. com. Si has rellenado correctamente el formulario para dar de baja el seguro, no vas a tardar en percibir un documento donde se te informe de la baja tanto por forma online como por carta. <div class=\"colorf \"  ><div class=\"container clearfix\"><div class=\"col-md-7\"><\/p>\r\n<h3><span class=\"ez-toc-section\" id=\"Utilizando_el_correo_electronico_de_Terranea\"><\/span>Utilizando el correo electr\u00f3nico de Terranea<span class=\"ez-toc-section-end\"><\/span><\/h3>\r\n<p>Puedes dar de baja tambi\u00e9n tu seguro de fallecimiento a trav\u00e9s de e-mail. Solo debes a\u00f1adir la direcci\u00f3n de e mail siguiente para tener la baja de tu seguro de decesos solucionada. Deber\u00e1s mandarle a la compa\u00f1\u00eda la copia de tu DNI y el documento firmado con tus datos personales para proceder a la baja del contrato del seguro de decesos. Si precisas solucionar alguna pregunta, contacta con nosotros en el 951 127 403 o bien en el info@idecesos. com. Si no deseas tener problemas, guarda una copia sellada y el justificante. Con una copia de la notificaci\u00f3n te aseguras de no tener ning\u00fan g\u00e9nero de problema en el futuro. <\/div><\/div><\/div><\/p>\r\n<h3><span class=\"ez-toc-section\" id=\"Dar_de_baja_Terranea_por_fax\"><\/span>Dar de baja Terranea por fax<span class=\"ez-toc-section-end\"><\/span><\/h3>\r\n<p>A trav\u00e9s de fax, tambi\u00e9n puede dar de baja a su seguro. Se semeja bastante al anterior, solo cambia la forma en la que se env\u00edan los documentos. A trav\u00e9s de un fax tendr\u00e1 que expedir a Terranea una copia de su documento nacional de identidad y la notificaci\u00f3n firma de baja que puede encontrarla en la web de Terranea o bien te la podemos facilitar si nos llamas al 951 127 403. De la misma manera que en los otros m\u00e9todos, debe tener a buen recaudo el justificante del recibo y una copia sellada. Y, como es natural, no olvide tambi\u00e9n guardar una copia de la notificaci\u00f3n, en la que aparezca la fecha de env\u00edo correspondiente. <div class=\"colorf \"  ><div class=\"container clearfix\"><div class=\"col-md-7\"><\/p>\r\n<h3><span class=\"ez-toc-section\" id=\"En_la_oficina_de_Terranea\"><\/span>En la oficina de Terranea<span class=\"ez-toc-section-end\"><\/span><\/h3>\r\n<p>Si no le agradan los anteriores m\u00e9todos, va a poder dar de baja a su seguro de decesos, presencialmente, acudiendo a la oficina pertinente de Terranea. Pregunte o busque en su buscador la oficina de Terranea m\u00e1s cercana a su casa y dir\u00edjase en el horario estipulado para poder ser atendido. Sus agentes especializados le atender\u00e1n y dar\u00e1n todos y cada uno de los documentos precisos para que los rellene y firme adecuadamente. Todo ser\u00e1 muy f\u00e1cil, prosiga las indicaciones que le vayan diciendo. Es importante que no olvide llevar su DNI. Para su tranquilidad, el experto se ocupar\u00e1 de cerrar los tr\u00e1mites de la baja de su seguro y, le dar\u00e1n todas las copias de los documentos a fin de que las guarde. <\/div><\/div><\/div><\/p>\r\n<h3><span class=\"ez-toc-section\" id=\"Telefono_para_dar_de_baja_Terranea\"><\/span>T\u00e9lefono para dar de baja Terranea<span class=\"ez-toc-section-end\"><\/span><\/h3>\r\n<p>Si quiere dar de baja su seguro, por tel\u00e9fono, deber\u00e1 proseguir los pasos que Terranea le indique. Entonces, deber\u00e1 buscar en Intenet su n\u00famero de contacto o bien, llamar de manera directa a 91 640 30 01. En poqu\u00edsimo tiempo, si sigue con precisi\u00f3n cada paso recomendado, va a tener su contrato de baja correctamente cerrado, gracias tambi\u00e9n, a la cooperaci\u00f3n de los expertos para completar los tr\u00e1mites. <div class=\"colorf \"  ><div class=\"container clearfix\"><div class=\"col-md-7\"><\/p>\r\n<h2><span class=\"ez-toc-section\" id=\"Dar_de_baja_seguro_Terranea_de_un_fallecido\"><\/span>Dar de baja seguro Terranea de un fallecido<span class=\"ez-toc-section-end\"><\/span><\/h2>\r\n<p>Para finalizar, le daremos las claves a fin de que, tras el fallecimiento del asegurado, pueda dar de baja su seguro de decesos. Esta, es la manera m\u00e1s sencilla de cancelar este g\u00e9nero de seguro. Para su total calma, los profesionales se ocupar\u00e1n de cerrar y administrar los tr\u00e1mites pertinentes. Terranea se encargar\u00e1 de cancelar el seguro de decesos que tenga contratado, tras su fallecimiento. Una vez finalizados los servicios del sepelio, los profesionales de Terranea van a dar de baja el seguro de decesos de la persona fallecida y, los familiares no deber\u00e1n preocuparse por nada. <\/div><\/div><\/div> <div class=\"oficinas\"> <h3><span class=\"ez-toc-section\" id=\"Paginas_relacionadas\"><\/span>P\u00e1ginas relacionadas<span class=\"ez-toc-section-end\"><\/span><\/h3><div class=\"enlazado\"><ul> <li><a href=\"https:\/\/idecesos.com\/seguros\/companias\/terranea\/opiniones\/\">Opiniones Terranea<\/a><\/li> <li><a href=\"https:\/\/idecesos.com\/seguros\/companias\/terranea\/precio\/\">Precio seguro Terranea<\/a><\/li> <li><a href=\"https:\/\/idecesos.com\/seguros\/companias\/terranea\/prima-mixta\/\">Terranea Prima Mixta<\/a><\/li> <li><a href=\"https:\/\/idecesos.com\/seguros\/companias\/terranea\/prima-natural\/\">Terranea Prima Natural<\/a><\/li> <li><a href=\"https:\/\/idecesos.com\/seguros\/companias\/terranea\/prima-nivelada\/\">Terranea Prima Nivelada<\/a><\/li> <li><a href=\"https:\/\/idecesos.com\/seguros\/companias\/terranea\/prima-unica\/\">Terranea Prima \u00danica<\/a><\/li> <li><a href=\"https:\/\/idecesos.com\/seguros\/companias\/terranea\/repatriacion\/\">Terranea Repatriaci\u00f3n<\/a><\/li> <li><a href=\"https:\/\/idecesos.com\/seguros\/companias\/terranea\/telefono\/\">Tel\u00e9fono Gratuito Terranea<\/a><\/li>                                                                                                                                                                                                                                                                                                                                                                                                                                                                                                                                                                                                                                                                                                                                                                                                                                                                                                                                                                                                                                                                                                                                                                                                                                                                                                                                                                                                                                                                                                                                                                                                                                                                                                                                                                                                                                                                                                                                                                                                                                                                                                                                                                                                                                                                                                                                                                                                                                                                                                                                                                                                                                                                                                                                                                                                                                                                                                                                                                                                                                                                                                                              <\/ul><\/div> <\/div><\/p>","protected":false},"excerpt":{"rendered":"<p>iDecesos ha realizado un estudio para poder explicarle la manera en la que puede dar de baja su seguro de decesos. Llevarlo a cabo es muy f\u00e1cil y, nosotros, le mostraremos cada paso que tiene que continuar a fin de que no tenga que preocuparse. Merced a esto, en tan solo un par de minutos&hellip; <\/p>\n","protected":false},"author":1,"featured_media":0,"parent":841,"menu_order":0,"comment_status":"closed","ping_status":"closed","template":"single.php","meta":{"footnotes":""},"class_list":["post-18232","page","type-page","status-publish","hentry"],"yoast_head":"<!-- This site is optimized with the Yoast SEO plugin v27.3 - https:\/\/yoast.com\/product\/yoast-seo-wordpress\/ -->\n<title>\u00bfC\u00f3mo dar de Baja o Cancelar Seguro de Decesos Terranea?<\/title>\n<meta name=\"description\" content=\"Obt\u00e9n aqu\u00ed\u3010c\u00f3mo dar de baja o cancelar seguro de decesos Terranea\u3011Modelo carta, fax, correo electr\u00f3nico (email), tel\u00e9fono gratis.\" \/>\n<meta name=\"robots\" content=\"index, follow, max-snippet:-1, max-image-preview:large, max-video-preview:-1\" \/>\n<link rel=\"canonical\" href=\"https:\/\/idecesos.com\/seguros\/companias\/terranea\/dar-de-baja\/\" \/>\n<meta property=\"og:locale\" content=\"es_ES\" \/>\n<meta property=\"og:type\" content=\"article\" \/>\n<meta property=\"og:title\" content=\"\u00bfC\u00f3mo dar de Baja o Cancelar Seguro de Decesos Terranea?\" \/>\n<meta property=\"og:description\" content=\"Obt\u00e9n aqu\u00ed\u3010c\u00f3mo dar de baja o cancelar seguro de decesos Terranea\u3011Modelo carta, fax, correo electr\u00f3nico (email), tel\u00e9fono gratis.\" \/>\n<meta property=\"og:url\" content=\"https:\/\/idecesos.com\/seguros\/companias\/terranea\/dar-de-baja\/\" \/>\n<meta property=\"article:modified_time\" content=\"2022-01-31T16:39:14+00:00\" \/>\n<meta name=\"twitter:card\" content=\"summary_large_image\" \/>\n<meta name=\"twitter:label1\" content=\"Tiempo de lectura\" \/>\n\t<meta name=\"twitter:data1\" content=\"5 minutos\" \/>\n<script type=\"application\/ld+json\" class=\"yoast-schema-graph\">{\"@context\":\"https:\\\/\\\/schema.org\",\"@graph\":[{\"@type\":\"WebPage\",\"@id\":\"https:\\\/\\\/idecesos.com\\\/seguros\\\/companias\\\/terranea\\\/dar-de-baja\\\/\",\"url\":\"https:\\\/\\\/idecesos.com\\\/seguros\\\/companias\\\/terranea\\\/dar-de-baja\\\/\",\"name\":\"\u00bfC\u00f3mo dar de Baja o Cancelar Seguro de Decesos Terranea?\",\"isPartOf\":{\"@id\":\"https:\\\/\\\/idecesos.com\\\/seguros\\\/#website\"},\"datePublished\":\"2021-12-29T11:53:21+00:00\",\"dateModified\":\"2022-01-31T16:39:14+00:00\",\"description\":\"Obt\u00e9n aqu\u00ed\u3010c\u00f3mo dar de baja o cancelar seguro de decesos Terranea\u3011Modelo carta, fax, correo electr\u00f3nico (email), tel\u00e9fono gratis.\",\"breadcrumb\":{\"@id\":\"https:\\\/\\\/idecesos.com\\\/seguros\\\/companias\\\/terranea\\\/dar-de-baja\\\/#breadcrumb\"},\"inLanguage\":\"es\",\"potentialAction\":[{\"@type\":\"ReadAction\",\"target\":[\"https:\\\/\\\/idecesos.com\\\/seguros\\\/companias\\\/terranea\\\/dar-de-baja\\\/\"]}]},{\"@type\":\"BreadcrumbList\",\"@id\":\"https:\\\/\\\/idecesos.com\\\/seguros\\\/companias\\\/terranea\\\/dar-de-baja\\\/#breadcrumb\",\"itemListElement\":[{\"@type\":\"ListItem\",\"position\":1,\"name\":\"Portada\",\"item\":\"https:\\\/\\\/idecesos.com\\\/seguros\\\/\"},{\"@type\":\"ListItem\",\"position\":2,\"name\":\"Compa\u00f1\u00edas de Seguros de Decesos en Espa\u00f1a\",\"item\":\"https:\\\/\\\/idecesos.com\\\/seguros\\\/companias\\\/\"},{\"@type\":\"ListItem\",\"position\":3,\"name\":\"Seguro de decesos Terr\u00e1nea\",\"item\":\"https:\\\/\\\/idecesos.com\\\/seguros\\\/companias\\\/terranea\\\/\"},{\"@type\":\"ListItem\",\"position\":4,\"name\":\"\u00bfC\u00f3mo dar de baja seguro Terranea?\"}]},{\"@type\":\"WebSite\",\"@id\":\"https:\\\/\\\/idecesos.com\\\/seguros\\\/#website\",\"url\":\"https:\\\/\\\/idecesos.com\\\/seguros\\\/\",\"name\":\"\",\"description\":\"\",\"potentialAction\":[{\"@type\":\"SearchAction\",\"target\":{\"@type\":\"EntryPoint\",\"urlTemplate\":\"https:\\\/\\\/idecesos.com\\\/seguros\\\/?s={search_term_string}\"},\"query-input\":{\"@type\":\"PropertyValueSpecification\",\"valueRequired\":true,\"valueName\":\"search_term_string\"}}],\"inLanguage\":\"es\"}]}<\/script>\n<!-- \/ Yoast SEO plugin. -->","yoast_head_json":{"title":"\u00bfC\u00f3mo dar de Baja o Cancelar Seguro de Decesos Terranea?","description":"Obt\u00e9n aqu\u00ed\u3010c\u00f3mo dar de baja o cancelar seguro de decesos Terranea\u3011Modelo carta, fax, correo electr\u00f3nico (email), tel\u00e9fono gratis.","robots":{"index":"index","follow":"follow","max-snippet":"max-snippet:-1","max-image-preview":"max-image-preview:large","max-video-preview":"max-video-preview:-1"},"canonical":"https:\/\/idecesos.com\/seguros\/companias\/terranea\/dar-de-baja\/","og_locale":"es_ES","og_type":"article","og_title":"\u00bfC\u00f3mo dar de Baja o Cancelar Seguro de Decesos Terranea?","og_description":"Obt\u00e9n aqu\u00ed\u3010c\u00f3mo dar de baja o cancelar seguro de decesos Terranea\u3011Modelo carta, fax, correo electr\u00f3nico (email), tel\u00e9fono gratis.","og_url":"https:\/\/idecesos.com\/seguros\/companias\/terranea\/dar-de-baja\/","article_modified_time":"2022-01-31T16:39:14+00:00","twitter_card":"summary_large_image","twitter_misc":{"Tiempo de lectura":"5 minutos"},"schema":{"@context":"https:\/\/schema.org","@graph":[{"@type":"WebPage","@id":"https:\/\/idecesos.com\/seguros\/companias\/terranea\/dar-de-baja\/","url":"https:\/\/idecesos.com\/seguros\/companias\/terranea\/dar-de-baja\/","name":"\u00bfC\u00f3mo dar de Baja o Cancelar Seguro de Decesos Terranea?","isPartOf":{"@id":"https:\/\/idecesos.com\/seguros\/#website"},"datePublished":"2021-12-29T11:53:21+00:00","dateModified":"2022-01-31T16:39:14+00:00","description":"Obt\u00e9n aqu\u00ed\u3010c\u00f3mo dar de baja o cancelar seguro de decesos Terranea\u3011Modelo carta, fax, correo electr\u00f3nico (email), tel\u00e9fono gratis.","breadcrumb":{"@id":"https:\/\/idecesos.com\/seguros\/companias\/terranea\/dar-de-baja\/#breadcrumb"},"inLanguage":"es","potentialAction":[{"@type":"ReadAction","target":["https:\/\/idecesos.com\/seguros\/companias\/terranea\/dar-de-baja\/"]}]},{"@type":"BreadcrumbList","@id":"https:\/\/idecesos.com\/seguros\/companias\/terranea\/dar-de-baja\/#breadcrumb","itemListElement":[{"@type":"ListItem","position":1,"name":"Portada","item":"https:\/\/idecesos.com\/seguros\/"},{"@type":"ListItem","position":2,"name":"Compa\u00f1\u00edas de Seguros de Decesos en Espa\u00f1a","item":"https:\/\/idecesos.com\/seguros\/companias\/"},{"@type":"ListItem","position":3,"name":"Seguro de decesos Terr\u00e1nea","item":"https:\/\/idecesos.com\/seguros\/companias\/terranea\/"},{"@type":"ListItem","position":4,"name":"\u00bfC\u00f3mo dar de baja seguro Terranea?"}]},{"@type":"WebSite","@id":"https:\/\/idecesos.com\/seguros\/#website","url":"https:\/\/idecesos.com\/seguros\/","name":"","description":"","potentialAction":[{"@type":"SearchAction","target":{"@type":"EntryPoint","urlTemplate":"https:\/\/idecesos.com\/seguros\/?s={search_term_string}"},"query-input":{"@type":"PropertyValueSpecification","valueRequired":true,"valueName":"search_term_string"}}],"inLanguage":"es"}]}},"_links":{"self":[{"href":"https:\/\/idecesos.com\/seguros\/wp-json\/wp\/v2\/pages\/18232","targetHints":{"allow":["GET"]}}],"collection":[{"href":"https:\/\/idecesos.com\/seguros\/wp-json\/wp\/v2\/pages"}],"about":[{"href":"https:\/\/idecesos.com\/seguros\/wp-json\/wp\/v2\/types\/page"}],"author":[{"embeddable":true,"href":"https:\/\/idecesos.com\/seguros\/wp-json\/wp\/v2\/users\/1"}],"replies":[{"embeddable":true,"href":"https:\/\/idecesos.com\/seguros\/wp-json\/wp\/v2\/comments?post=18232"}],"version-history":[{"count":1,"href":"https:\/\/idecesos.com\/seguros\/wp-json\/wp\/v2\/pages\/18232\/revisions"}],"predecessor-version":[{"id":19136,"href":"https:\/\/idecesos.com\/seguros\/wp-json\/wp\/v2\/pages\/18232\/revisions\/19136"}],"up":[{"embeddable":true,"href":"https:\/\/idecesos.com\/seguros\/wp-json\/wp\/v2\/pages\/841"}],"wp:attachment":[{"href":"https:\/\/idecesos.com\/seguros\/wp-json\/wp\/v2\/media?parent=18232"}],"curies":[{"name":"wp","href":"https:\/\/api.w.org\/{rel}","templated":true}]}}