{"id":18234,"date":"2021-12-29T11:53:22","date_gmt":"2021-12-29T11:53:22","guid":{"rendered":"https:\/\/idecesos.com\/seguros\/companias\/universal\/dar-de-baja\/"},"modified":"2022-01-31T16:38:29","modified_gmt":"2022-01-31T16:38:29","slug":"dar-de-baja","status":"publish","type":"page","link":"https:\/\/idecesos.com\/seguros\/companias\/universal\/dar-de-baja\/","title":{"rendered":"\u00bfC\u00f3mo dar de baja seguro Seguro Universal Decesos?"},"content":{"rendered":"<div id=\"ez-toc-container\" class=\"ez-toc-v2_0_82_2 ez-toc-wrap-center counter-hierarchy ez-toc-counter ez-toc-custom ez-toc-container-direction\">\n<div class=\"ez-toc-title-container\">\n<p class=\"ez-toc-title\" style=\"cursor:inherit\">Tabla de Contenido<\/p>\n<span class=\"ez-toc-title-toggle\"><a href=\"#\" class=\"ez-toc-pull-right ez-toc-btn ez-toc-btn-xs ez-toc-btn-default ez-toc-toggle\" aria-label=\"Alternar tabla de contenidos\"><span class=\"ez-toc-js-icon-con\"><span class=\"\"><span class=\"eztoc-hide\" style=\"display:none;\">Toggle<\/span><span class=\"ez-toc-icon-toggle-span\"><svg style=\"fill: #db6415;color:#db6415\" xmlns=\"http:\/\/www.w3.org\/2000\/svg\" class=\"list-377408\" width=\"20px\" height=\"20px\" viewBox=\"0 0 24 24\" fill=\"none\"><path d=\"M6 6H4v2h2V6zm14 0H8v2h12V6zM4 11h2v2H4v-2zm16 0H8v2h12v-2zM4 16h2v2H4v-2zm16 0H8v2h12v-2z\" fill=\"currentColor\"><\/path><\/svg><svg style=\"fill: #db6415;color:#db6415\" class=\"arrow-unsorted-368013\" xmlns=\"http:\/\/www.w3.org\/2000\/svg\" width=\"10px\" height=\"10px\" viewBox=\"0 0 24 24\" version=\"1.2\" baseProfile=\"tiny\"><path d=\"M18.2 9.3l-6.2-6.3-6.2 6.3c-.2.2-.3.4-.3.7s.1.5.3.7c.2.2.4.3.7.3h11c.3 0 .5-.1.7-.3.2-.2.3-.5.3-.7s-.1-.5-.3-.7zM5.8 14.7l6.2 6.3 6.2-6.3c.2-.2.3-.5.3-.7s-.1-.5-.3-.7c-.2-.2-.4-.3-.7-.3h-11c-.3 0-.5.1-.7.3-.2.2-.3.5-.3.7s.1.5.3.7z\"\/><\/svg><\/span><\/span><\/span><\/a><\/span><\/div>\n<nav><ul class='ez-toc-list ez-toc-list-level-1 ' ><li class='ez-toc-page-1 ez-toc-heading-level-2'><a class=\"ez-toc-link ez-toc-heading-1\" href=\"https:\/\/idecesos.com\/seguros\/companias\/universal\/dar-de-baja\/#Diferentes_opciones_para_cancelar_un_contrato_con_Seguro_Universal_Decesos\" >Diferentes opciones para cancelar un contrato con Seguro Universal Decesos<\/a><ul class='ez-toc-list-level-3' ><li class='ez-toc-heading-level-3'><a class=\"ez-toc-link ez-toc-heading-2\" href=\"https:\/\/idecesos.com\/seguros\/companias\/universal\/dar-de-baja\/#A_traves_de_la_web_de_Seguro_Universal_Decesos\" >A trav\u00e9s de la web de Seguro Universal Decesos<\/a><\/li><li class='ez-toc-page-1 ez-toc-heading-level-3'><a class=\"ez-toc-link ez-toc-heading-3\" href=\"https:\/\/idecesos.com\/seguros\/companias\/universal\/dar-de-baja\/#Utilizando_el_correo_electronico_de_Seguro_Universal_Decesos\" >Utilizando el correo electr\u00f3nico de Seguro Universal Decesos<\/a><\/li><li class='ez-toc-page-1 ez-toc-heading-level-3'><a class=\"ez-toc-link ez-toc-heading-4\" href=\"https:\/\/idecesos.com\/seguros\/companias\/universal\/dar-de-baja\/#Dar_de_baja_Seguro_Universal_Decesos_por_fax\" >Dar de baja Seguro Universal Decesos por fax<\/a><\/li><li class='ez-toc-page-1 ez-toc-heading-level-3'><a class=\"ez-toc-link ez-toc-heading-5\" href=\"https:\/\/idecesos.com\/seguros\/companias\/universal\/dar-de-baja\/#En_la_oficina_de_Seguro_Universal_Decesos\" >En la oficina de Seguro Universal Decesos<\/a><\/li><li class='ez-toc-page-1 ez-toc-heading-level-3'><a class=\"ez-toc-link ez-toc-heading-6\" href=\"https:\/\/idecesos.com\/seguros\/companias\/universal\/dar-de-baja\/#Telefono_para_dar_de_baja_Seguro_Universal_Decesos\" >T\u00e9lefono para dar de baja Seguro Universal Decesos<\/a><\/li><\/ul><\/li><li class='ez-toc-page-1 ez-toc-heading-level-2'><a class=\"ez-toc-link ez-toc-heading-7\" href=\"https:\/\/idecesos.com\/seguros\/companias\/universal\/dar-de-baja\/#Dar_de_baja_seguro_Seguro_Universal_Decesos_de_un_fallecido\" >Dar de baja seguro Seguro Universal Decesos de un fallecido<\/a><ul class='ez-toc-list-level-3' ><li class='ez-toc-heading-level-3'><a class=\"ez-toc-link ez-toc-heading-8\" href=\"https:\/\/idecesos.com\/seguros\/companias\/universal\/dar-de-baja\/#Paginas_relacionadas\" >P\u00e1ginas relacionadas<\/a><\/li><\/ul><\/li><\/ul><\/nav><\/div>\n<p> Para dar de baja a su seguro de decesos, solo debe continuar unos f\u00e1ciles pasos y, as\u00ed, no tendr\u00e1 que preocuparse por nada. iDecesos se hace cargo de explicarte c\u00f3mo dar de baja el seguro de decesos que tengas contratado. En poqu\u00edsimo tiempo estar\u00e1 solucionado su inconveniente y, resulta conveniente que, contrate un seguro de decesos con el que est\u00e9 satisfecho\/a para su tranquilidad y la de su familia. Debe saber que, debe de informar a la compa\u00f1\u00eda 30 d\u00edas ya antes de la renovaci\u00f3n de su seguro de decesos para poder darlo de baja. <div class=\"colorf \"  ><div class=\"container clearfix\"><div class=\"col-md-7\"><\/p>\r\n<h2><span class=\"ez-toc-section\" id=\"Diferentes_opciones_para_cancelar_un_contrato_con_Seguro_Universal_Decesos\"><\/span>Diferentes opciones para cancelar un contrato con Seguro Universal Decesos<span class=\"ez-toc-section-end\"><\/span><\/h2>\r\n<!-- \/wp:post-content -->\r\n\r\n<!-- wp:paragraph -->\r\n<p>En la mayor\u00eda de las empresas de seguros se solicita a los clientes un documento en el que se deje por escrito el deseo de darse de baja del seguro o bien alg\u00fan servicio. Si no sabes de qu\u00e9 documento hablamos, puedes llamarnos al tel\u00e9fono 951 127 403 o contactar con nosotros en nuestro info@idecesos. com. Hay diferentes formas de darse de baja, pero, de cualquier forma, si usted decide mandar una carta certificada con un modelo est\u00e1ndar de cancelaci\u00f3n de su contrato con Seguro Universal Decesos esta deber\u00e1 d\u00e1rselo por v\u00e1lido. Debes guardar el resguardo y hacerle una copia para una mayor seguridad. Si no te convence este procedimiento, puedes utilizar otras formas para dar de baja tu seguro de decesos en la Seguro Universal Decesos. <\/div><\/div><\/div><\/p>\r\n<h3><span class=\"ez-toc-section\" id=\"A_traves_de_la_web_de_Seguro_Universal_Decesos\"><\/span>A trav\u00e9s de la web de Seguro Universal Decesos<span class=\"ez-toc-section-end\"><\/span><\/h3>\r\n<p>Otros de los m\u00e9todos es desde la web de Seguro Universal Decesos: www.mapfre.es\/. Lo lograr\u00e1s con el sencillo acto de teclear en el buscador lo que desees saber o bien, entrar en la secci\u00f3n correspondiente. Despu\u00e9s prosiga los pasos que le indican y podr\u00e1 darse de baja de sus servicios, o rellenando el formulario que le indican o baj\u00e1ndose el documento que Seguro Universal Decesos le proporciona. Si no halla el resultado esperado no se preocupe, p\u00f3ngase en contacto por tel\u00e9fono con Seguro Universal Decesos o m\u00e1ndales un correo al siguiente apartado comentando el inconveniente que le ha ocurrido email Seguro Universal Decesos. Por el contrario, si sale todo bien, va a recibir instant\u00e1neamente un mail por la parte de la compa\u00f1\u00eda, con la confirmaci\u00f3n de baja de su seguro. <div class=\"colorf \"  ><div class=\"container clearfix\"><div class=\"col-md-7\"><\/p>\r\n<h3><span class=\"ez-toc-section\" id=\"Utilizando_el_correo_electronico_de_Seguro_Universal_Decesos\"><\/span>Utilizando el correo electr\u00f3nico de Seguro Universal Decesos<span class=\"ez-toc-section-end\"><\/span><\/h3>\r\n<p>Otra opci\u00f3n, es dar de baja su seguro de decesos Seguro Universal Decesos por e-mail. La direcci\u00f3n de correo de la compa\u00f1\u00eda es la pr\u00f3xima email Seguro Universal Decesos. Le indicamos que, debe enviar los siguientes documentos a Seguro Universal Decesos: una imitaci\u00f3n de su documento de identidad y, la notificaci\u00f3n firmada por usted y, si no la tiene, puede encontrarla en la p\u00e1gina web de la compa\u00f1\u00eda o nosotros mismos se la proporcionaremos, mediante el n\u00famero 951 127 403 o el e-mail info@idecesos. com. Para poder llevar una adecuada ejecuci\u00f3n del proceso, deber\u00e1s guardar una copia sellada y, el justificante del recibo. Su calma y la de su familia, es muy importante y, para esto, debe guardar una imitaci\u00f3n de la notificaci\u00f3n, en la que conste la fecha de su env\u00edo. <\/div><\/div><\/div><\/p>\r\n<h3><span class=\"ez-toc-section\" id=\"Dar_de_baja_Seguro_Universal_Decesos_por_fax\"><\/span>Dar de baja Seguro Universal Decesos por fax<span class=\"ez-toc-section-end\"><\/span><\/h3>\r\n<p>Darse de baja por fax asimismo es una alternativa. Esto es muy parecido al mail. Deber\u00e1 seguir exactamente los mismos pasos, en vez de digital, enviarlo mediante fax. Debe mandar una imitaci\u00f3n de su DNI y, la notificaci\u00f3n con su firma, que va a poder localizarla en la p\u00e1gina web de la compa\u00f1\u00eda o, si usted lo prefiere, se la podemos facilitar , a trav\u00e9s del tel\u00e9fono de contacto 918 36 53 65. Va a deber tener y, guardar, una copia, apropiadamente sellada, y el justificante del recibo. Adem\u00e1s de esto, por lo que pueda ocurrir en el futuro, le aconsejamos que guarde una imitaci\u00f3n de la notificaci\u00f3n con la data de env\u00edo de la misma manera que si lo hace por correo. <div class=\"colorf \"  ><div class=\"container clearfix\"><div class=\"col-md-7\"><\/p>\r\n<h3><span class=\"ez-toc-section\" id=\"En_la_oficina_de_Seguro_Universal_Decesos\"><\/span>En la oficina de Seguro Universal Decesos<span class=\"ez-toc-section-end\"><\/span><\/h3>\r\n<p>Si no le agradan los anteriores m\u00e9todos, va a poder dar de baja a su seguro de decesos, presencialmente, acudiendo a la oficina pertinente de Seguro Universal Decesos. Haciendo una busca en Internet, podr\u00e1 localizar las oficinas m\u00e1s cercanas y, el horario en el que puede asistir. Los expertos le atender\u00e1n y van a ayudar en todo lo que necesite para rellenar y firmar correctamente los documentos. Solo deber\u00e1 ir siguiendo los pasos que le vayan indicando a lo largo de todo el proceso. Es necesario, que lleve su documento nacional de identidad, para el adecuado funcionamiento del tr\u00e1mite. Para su calma, el especialista se encargar\u00e1 de cerrar los tr\u00e1mites de la baja de su seguro y, le dar\u00e1n todas las copias de los documentos a fin de que las guarde. <\/div><\/div><\/div><\/p>\r\n<h3><span class=\"ez-toc-section\" id=\"Telefono_para_dar_de_baja_Seguro_Universal_Decesos\"><\/span>T\u00e9lefono para dar de baja Seguro Universal Decesos<span class=\"ez-toc-section-end\"><\/span><\/h3>\r\n<p>Otro de los m\u00e9todos es a trav\u00e9s de una llamada telef\u00f3nica a la compa\u00f1\u00eda. Puede buscar su tel\u00e9fono en Internet o, llamando al 918 36 53 65. Comun\u00edquele a la persona que le atienda lo que desee y le dar\u00e1n los pasos pertinentes que debe proseguir. Siguiendo los pasos indicados, lo tendr\u00e1 todo solucionado de forma r\u00e1pida y, el experto, se encargar\u00e1 de dar fin a su seguro de decesos. Si tras esto quiere contratar un nuevo seguro, no dude en ver todas las opciones y comparar todas las ofertas con iDecesos. <div class=\"colorf \"  ><div class=\"container clearfix\"><div class=\"col-md-7\"><\/p>\r\n<h2><span class=\"ez-toc-section\" id=\"Dar_de_baja_seguro_Seguro_Universal_Decesos_de_un_fallecido\"><\/span>Dar de baja seguro Seguro Universal Decesos de un fallecido<span class=\"ez-toc-section-end\"><\/span><\/h2>\r\n<p>Finalmente, le explicaremos c\u00f3mo dar de baja el seguro de decesos tras el fallecimiento del asegurado. Debido a la ausencia de la persona que ha contratado el seguro, puede parecer bastante dif\u00edcil su baja mas, con nosotros, va a ser mucho m\u00e1s simple de lo que semeja. No deber\u00e1 preocuparse por los tr\u00e1mites mentados anteriormente. En exactamente el mismo instante de la muerte de la persona asegurada, Seguro Universal Decesos se encargar\u00e1 de cancelar el seguro que ten\u00eda contratado. Al prestar su servicio tras el sepelio del usuario, Seguro Universal Decesos se ocupar\u00e1 de dar de baja a la persona fallecida de su empresa de seguros, con lo que sus familiares no tienen de qu\u00e9 preocuparse, ellos van a ser los encargados de hacerlo todo y sus familiares no deber\u00e1n hacer nada a este respecto, con lo que puede estar apacible. <\/div><\/div><\/div> <div class=\"oficinas\"> <h3><span class=\"ez-toc-section\" id=\"Paginas_relacionadas\"><\/span>P\u00e1ginas relacionadas<span class=\"ez-toc-section-end\"><\/span><\/h3><div class=\"enlazado\"><ul> <li><a href=\"https:\/\/idecesos.com\/seguros\/companias\/universal\/opiniones\/\">Opiniones Universal<\/a><\/li> <li><a href=\"https:\/\/idecesos.com\/seguros\/companias\/universal\/pago-unico\/\">Seguro de Decesos Universal: Pago \u00danico<\/a><\/li> <li><a href=\"https:\/\/idecesos.com\/seguros\/companias\/universal\/precio\/\">Precio seguro Universal Decesos<\/a><\/li> <li><a href=\"https:\/\/idecesos.com\/seguros\/companias\/universal\/prima-mixta\/\">Seguro Universal Decesos Prima Mixta<\/a><\/li> <li><a href=\"https:\/\/idecesos.com\/seguros\/companias\/universal\/prima-natural\/\">Seguro Universal Decesos Prima Natural<\/a><\/li> <li><a href=\"https:\/\/idecesos.com\/seguros\/companias\/universal\/prima-nivelada\/\">Seguro Universal Decesos Prima Nivelada<\/a><\/li> <li><a href=\"https:\/\/idecesos.com\/seguros\/companias\/universal\/prima-unica\/\">Seguro Universal Decesos Prima \u00danica<\/a><\/li> <li><a href=\"https:\/\/idecesos.com\/seguros\/companias\/universal\/repatriacion\/\">Seguro Universal Decesos Repatriaci\u00f3n<\/a><\/li> <li><a href=\"https:\/\/idecesos.com\/seguros\/companias\/universal\/telefono\/\">Tel\u00e9fono Gratuito Seguro Universal Decesos<\/a><\/li>                                                                                                                                                                                                                                                                                                                                                                                                                                                                                                                                                                                                                                                                                                                                                                                                                                                                                                                                                                                                                                                                                                                                                                                                                                                                                                                                                                                                                                                                                                                                                                                                                                                                                                                                                                                                                                                                                                                                                                                                                                                                                                                                                                                                                                                                                                                                                                                                                                                                                                                                                                                                                                                                                                                                                                                                                                                                                                                                                                                                                                                                                                                             <\/ul><\/div> <\/div><\/p>","protected":false},"excerpt":{"rendered":"<p>Para dar de baja a su seguro de decesos, solo debe continuar unos f\u00e1ciles pasos y, as\u00ed, no tendr\u00e1 que preocuparse por nada. iDecesos se hace cargo de explicarte c\u00f3mo dar de baja el seguro de decesos que tengas contratado. En poqu\u00edsimo tiempo estar\u00e1 solucionado su inconveniente y, resulta conveniente que, contrate un seguro de&hellip; <\/p>\n","protected":false},"author":1,"featured_media":0,"parent":853,"menu_order":0,"comment_status":"closed","ping_status":"closed","template":"single.php","meta":{"footnotes":""},"class_list":["post-18234","page","type-page","status-publish","hentry"],"yoast_head":"<!-- This site is optimized with the Yoast SEO plugin v27.5 - https:\/\/yoast.com\/product\/yoast-seo-wordpress\/ -->\n<title>\u00bfC\u00f3mo dar de Baja o Cancelar Seguro de Decesos Seguro Universal Decesos?<\/title>\n<meta name=\"description\" content=\"Obt\u00e9n aqu\u00ed\u3010c\u00f3mo dar de baja o cancelar seguro de decesos Seguro Universal Decesos\u3011Modelo carta, fax, correo electr\u00f3nico (email), tel\u00e9fono gratis.\" \/>\n<meta name=\"robots\" content=\"index, follow, max-snippet:-1, max-image-preview:large, max-video-preview:-1\" \/>\n<link rel=\"canonical\" href=\"https:\/\/idecesos.com\/seguros\/companias\/universal\/dar-de-baja\/\" \/>\n<meta property=\"og:locale\" content=\"es_ES\" \/>\n<meta property=\"og:type\" content=\"article\" \/>\n<meta property=\"og:title\" content=\"\u00bfC\u00f3mo dar de Baja o Cancelar Seguro de Decesos Seguro Universal Decesos?\" \/>\n<meta property=\"og:description\" content=\"Obt\u00e9n aqu\u00ed\u3010c\u00f3mo dar de baja o cancelar seguro de decesos Seguro Universal Decesos\u3011Modelo carta, fax, correo electr\u00f3nico (email), tel\u00e9fono gratis.\" \/>\n<meta property=\"og:url\" content=\"https:\/\/idecesos.com\/seguros\/companias\/universal\/dar-de-baja\/\" \/>\n<meta property=\"article:modified_time\" content=\"2022-01-31T16:38:29+00:00\" \/>\n<meta name=\"twitter:card\" content=\"summary_large_image\" \/>\n<meta name=\"twitter:label1\" content=\"Tiempo de lectura\" \/>\n\t<meta name=\"twitter:data1\" content=\"5 minutos\" \/>\n<script type=\"application\/ld+json\" class=\"yoast-schema-graph\">{\"@context\":\"https:\\\/\\\/schema.org\",\"@graph\":[{\"@type\":\"WebPage\",\"@id\":\"https:\\\/\\\/idecesos.com\\\/seguros\\\/companias\\\/universal\\\/dar-de-baja\\\/\",\"url\":\"https:\\\/\\\/idecesos.com\\\/seguros\\\/companias\\\/universal\\\/dar-de-baja\\\/\",\"name\":\"\u00bfC\u00f3mo dar de Baja o Cancelar Seguro de Decesos Seguro Universal Decesos?\",\"isPartOf\":{\"@id\":\"https:\\\/\\\/idecesos.com\\\/seguros\\\/#website\"},\"datePublished\":\"2021-12-29T11:53:22+00:00\",\"dateModified\":\"2022-01-31T16:38:29+00:00\",\"description\":\"Obt\u00e9n aqu\u00ed\u3010c\u00f3mo dar de baja o cancelar seguro de decesos Seguro Universal Decesos\u3011Modelo carta, fax, correo electr\u00f3nico (email), tel\u00e9fono gratis.\",\"breadcrumb\":{\"@id\":\"https:\\\/\\\/idecesos.com\\\/seguros\\\/companias\\\/universal\\\/dar-de-baja\\\/#breadcrumb\"},\"inLanguage\":\"es\",\"potentialAction\":[{\"@type\":\"ReadAction\",\"target\":[\"https:\\\/\\\/idecesos.com\\\/seguros\\\/companias\\\/universal\\\/dar-de-baja\\\/\"]}]},{\"@type\":\"BreadcrumbList\",\"@id\":\"https:\\\/\\\/idecesos.com\\\/seguros\\\/companias\\\/universal\\\/dar-de-baja\\\/#breadcrumb\",\"itemListElement\":[{\"@type\":\"ListItem\",\"position\":1,\"name\":\"Portada\",\"item\":\"https:\\\/\\\/idecesos.com\\\/seguros\\\/\"},{\"@type\":\"ListItem\",\"position\":2,\"name\":\"Compa\u00f1\u00edas de Seguros de Decesos en Espa\u00f1a\",\"item\":\"https:\\\/\\\/idecesos.com\\\/seguros\\\/companias\\\/\"},{\"@type\":\"ListItem\",\"position\":3,\"name\":\"Seguro de decesos Universal\",\"item\":\"https:\\\/\\\/idecesos.com\\\/seguros\\\/companias\\\/universal\\\/\"},{\"@type\":\"ListItem\",\"position\":4,\"name\":\"\u00bfC\u00f3mo dar de baja seguro Seguro Universal Decesos?\"}]},{\"@type\":\"WebSite\",\"@id\":\"https:\\\/\\\/idecesos.com\\\/seguros\\\/#website\",\"url\":\"https:\\\/\\\/idecesos.com\\\/seguros\\\/\",\"name\":\"\",\"description\":\"\",\"potentialAction\":[{\"@type\":\"SearchAction\",\"target\":{\"@type\":\"EntryPoint\",\"urlTemplate\":\"https:\\\/\\\/idecesos.com\\\/seguros\\\/?s={search_term_string}\"},\"query-input\":{\"@type\":\"PropertyValueSpecification\",\"valueRequired\":true,\"valueName\":\"search_term_string\"}}],\"inLanguage\":\"es\"}]}<\/script>\n<!-- \/ Yoast SEO plugin. -->","yoast_head_json":{"title":"\u00bfC\u00f3mo dar de Baja o Cancelar Seguro de Decesos Seguro Universal Decesos?","description":"Obt\u00e9n aqu\u00ed\u3010c\u00f3mo dar de baja o cancelar seguro de decesos Seguro Universal Decesos\u3011Modelo carta, fax, correo electr\u00f3nico (email), tel\u00e9fono gratis.","robots":{"index":"index","follow":"follow","max-snippet":"max-snippet:-1","max-image-preview":"max-image-preview:large","max-video-preview":"max-video-preview:-1"},"canonical":"https:\/\/idecesos.com\/seguros\/companias\/universal\/dar-de-baja\/","og_locale":"es_ES","og_type":"article","og_title":"\u00bfC\u00f3mo dar de Baja o Cancelar Seguro de Decesos Seguro Universal Decesos?","og_description":"Obt\u00e9n aqu\u00ed\u3010c\u00f3mo dar de baja o cancelar seguro de decesos Seguro Universal Decesos\u3011Modelo carta, fax, correo electr\u00f3nico (email), tel\u00e9fono gratis.","og_url":"https:\/\/idecesos.com\/seguros\/companias\/universal\/dar-de-baja\/","article_modified_time":"2022-01-31T16:38:29+00:00","twitter_card":"summary_large_image","twitter_misc":{"Tiempo de lectura":"5 minutos"},"schema":{"@context":"https:\/\/schema.org","@graph":[{"@type":"WebPage","@id":"https:\/\/idecesos.com\/seguros\/companias\/universal\/dar-de-baja\/","url":"https:\/\/idecesos.com\/seguros\/companias\/universal\/dar-de-baja\/","name":"\u00bfC\u00f3mo dar de Baja o Cancelar Seguro de Decesos Seguro Universal Decesos?","isPartOf":{"@id":"https:\/\/idecesos.com\/seguros\/#website"},"datePublished":"2021-12-29T11:53:22+00:00","dateModified":"2022-01-31T16:38:29+00:00","description":"Obt\u00e9n aqu\u00ed\u3010c\u00f3mo dar de baja o cancelar seguro de decesos Seguro Universal Decesos\u3011Modelo carta, fax, correo electr\u00f3nico (email), tel\u00e9fono gratis.","breadcrumb":{"@id":"https:\/\/idecesos.com\/seguros\/companias\/universal\/dar-de-baja\/#breadcrumb"},"inLanguage":"es","potentialAction":[{"@type":"ReadAction","target":["https:\/\/idecesos.com\/seguros\/companias\/universal\/dar-de-baja\/"]}]},{"@type":"BreadcrumbList","@id":"https:\/\/idecesos.com\/seguros\/companias\/universal\/dar-de-baja\/#breadcrumb","itemListElement":[{"@type":"ListItem","position":1,"name":"Portada","item":"https:\/\/idecesos.com\/seguros\/"},{"@type":"ListItem","position":2,"name":"Compa\u00f1\u00edas de Seguros de Decesos en Espa\u00f1a","item":"https:\/\/idecesos.com\/seguros\/companias\/"},{"@type":"ListItem","position":3,"name":"Seguro de decesos Universal","item":"https:\/\/idecesos.com\/seguros\/companias\/universal\/"},{"@type":"ListItem","position":4,"name":"\u00bfC\u00f3mo dar de baja seguro Seguro Universal Decesos?"}]},{"@type":"WebSite","@id":"https:\/\/idecesos.com\/seguros\/#website","url":"https:\/\/idecesos.com\/seguros\/","name":"","description":"","potentialAction":[{"@type":"SearchAction","target":{"@type":"EntryPoint","urlTemplate":"https:\/\/idecesos.com\/seguros\/?s={search_term_string}"},"query-input":{"@type":"PropertyValueSpecification","valueRequired":true,"valueName":"search_term_string"}}],"inLanguage":"es"}]}},"_links":{"self":[{"href":"https:\/\/idecesos.com\/seguros\/wp-json\/wp\/v2\/pages\/18234","targetHints":{"allow":["GET"]}}],"collection":[{"href":"https:\/\/idecesos.com\/seguros\/wp-json\/wp\/v2\/pages"}],"about":[{"href":"https:\/\/idecesos.com\/seguros\/wp-json\/wp\/v2\/types\/page"}],"author":[{"embeddable":true,"href":"https:\/\/idecesos.com\/seguros\/wp-json\/wp\/v2\/users\/1"}],"replies":[{"embeddable":true,"href":"https:\/\/idecesos.com\/seguros\/wp-json\/wp\/v2\/comments?post=18234"}],"version-history":[{"count":1,"href":"https:\/\/idecesos.com\/seguros\/wp-json\/wp\/v2\/pages\/18234\/revisions"}],"predecessor-version":[{"id":19135,"href":"https:\/\/idecesos.com\/seguros\/wp-json\/wp\/v2\/pages\/18234\/revisions\/19135"}],"up":[{"embeddable":true,"href":"https:\/\/idecesos.com\/seguros\/wp-json\/wp\/v2\/pages\/853"}],"wp:attachment":[{"href":"https:\/\/idecesos.com\/seguros\/wp-json\/wp\/v2\/media?parent=18234"}],"curies":[{"name":"wp","href":"https:\/\/api.w.org\/{rel}","templated":true}]}}