{"id":18235,"date":"2021-12-29T11:53:22","date_gmt":"2021-12-29T11:53:22","guid":{"rendered":"https:\/\/idecesos.com\/seguros\/companias\/rga\/dar-de-baja\/"},"modified":"2022-01-31T17:55:15","modified_gmt":"2022-01-31T17:55:15","slug":"dar-de-baja","status":"publish","type":"page","link":"https:\/\/idecesos.com\/seguros\/companias\/rga\/dar-de-baja\/","title":{"rendered":"\u00bfC\u00f3mo dar de baja seguro RGA?"},"content":{"rendered":"<div id=\"ez-toc-container\" class=\"ez-toc-v2_0_82_2 ez-toc-wrap-center counter-hierarchy ez-toc-counter ez-toc-custom ez-toc-container-direction\">\n<div class=\"ez-toc-title-container\">\n<p class=\"ez-toc-title\" style=\"cursor:inherit\">Tabla de Contenido<\/p>\n<span class=\"ez-toc-title-toggle\"><a href=\"#\" class=\"ez-toc-pull-right ez-toc-btn ez-toc-btn-xs ez-toc-btn-default ez-toc-toggle\" aria-label=\"Alternar tabla de contenidos\"><span class=\"ez-toc-js-icon-con\"><span class=\"\"><span class=\"eztoc-hide\" style=\"display:none;\">Toggle<\/span><span class=\"ez-toc-icon-toggle-span\"><svg style=\"fill: #db6415;color:#db6415\" xmlns=\"http:\/\/www.w3.org\/2000\/svg\" class=\"list-377408\" width=\"20px\" height=\"20px\" viewBox=\"0 0 24 24\" fill=\"none\"><path d=\"M6 6H4v2h2V6zm14 0H8v2h12V6zM4 11h2v2H4v-2zm16 0H8v2h12v-2zM4 16h2v2H4v-2zm16 0H8v2h12v-2z\" fill=\"currentColor\"><\/path><\/svg><svg style=\"fill: #db6415;color:#db6415\" class=\"arrow-unsorted-368013\" xmlns=\"http:\/\/www.w3.org\/2000\/svg\" width=\"10px\" height=\"10px\" viewBox=\"0 0 24 24\" version=\"1.2\" baseProfile=\"tiny\"><path d=\"M18.2 9.3l-6.2-6.3-6.2 6.3c-.2.2-.3.4-.3.7s.1.5.3.7c.2.2.4.3.7.3h11c.3 0 .5-.1.7-.3.2-.2.3-.5.3-.7s-.1-.5-.3-.7zM5.8 14.7l6.2 6.3 6.2-6.3c.2-.2.3-.5.3-.7s-.1-.5-.3-.7c-.2-.2-.4-.3-.7-.3h-11c-.3 0-.5.1-.7.3-.2.2-.3.5-.3.7s.1.5.3.7z\"\/><\/svg><\/span><\/span><\/span><\/a><\/span><\/div>\n<nav><ul class='ez-toc-list ez-toc-list-level-1 ' ><li class='ez-toc-page-1 ez-toc-heading-level-2'><a class=\"ez-toc-link ez-toc-heading-1\" href=\"https:\/\/idecesos.com\/seguros\/companias\/rga\/dar-de-baja\/#Diferentes_opciones_para_cancelar_un_contrato_con_RGA\" >Diferentes opciones para cancelar un contrato con RGA<\/a><ul class='ez-toc-list-level-3' ><li class='ez-toc-heading-level-3'><a class=\"ez-toc-link ez-toc-heading-2\" href=\"https:\/\/idecesos.com\/seguros\/companias\/rga\/dar-de-baja\/#A_traves_de_la_web_de_RGA\" >A trav\u00e9s de la web de RGA<\/a><\/li><li class='ez-toc-page-1 ez-toc-heading-level-3'><a class=\"ez-toc-link ez-toc-heading-3\" href=\"https:\/\/idecesos.com\/seguros\/companias\/rga\/dar-de-baja\/#Utilizando_el_correo_electronico_de_RGA\" >Utilizando el correo electr\u00f3nico de RGA<\/a><\/li><li class='ez-toc-page-1 ez-toc-heading-level-3'><a class=\"ez-toc-link ez-toc-heading-4\" href=\"https:\/\/idecesos.com\/seguros\/companias\/rga\/dar-de-baja\/#Dar_de_baja_RGA_por_fax\" >Dar de baja RGA por fax<\/a><\/li><li class='ez-toc-page-1 ez-toc-heading-level-3'><a class=\"ez-toc-link ez-toc-heading-5\" href=\"https:\/\/idecesos.com\/seguros\/companias\/rga\/dar-de-baja\/#En_la_oficina_de_RGA\" >En la oficina de RGA<\/a><\/li><li class='ez-toc-page-1 ez-toc-heading-level-3'><a class=\"ez-toc-link ez-toc-heading-6\" href=\"https:\/\/idecesos.com\/seguros\/companias\/rga\/dar-de-baja\/#Telefono_para_dar_de_baja_RGA\" >T\u00e9lefono para dar de baja RGA<\/a><\/li><\/ul><\/li><li class='ez-toc-page-1 ez-toc-heading-level-2'><a class=\"ez-toc-link ez-toc-heading-7\" href=\"https:\/\/idecesos.com\/seguros\/companias\/rga\/dar-de-baja\/#Dar_de_baja_seguro_RGA_de_un_fallecido\" >Dar de baja seguro RGA de un fallecido<\/a><ul class='ez-toc-list-level-3' ><li class='ez-toc-heading-level-3'><a class=\"ez-toc-link ez-toc-heading-8\" href=\"https:\/\/idecesos.com\/seguros\/companias\/rga\/dar-de-baja\/#Paginas_relacionadas\" >P\u00e1ginas relacionadas<\/a><\/li><\/ul><\/li><\/ul><\/nav><\/div>\n<p> iDecesos se ha encargado de estudiar, exhaustivamente, de qu\u00e9 forma dar de baja su seguro de decesos. Hacerlo puede parecer algo complicado, pero no tiene de qu\u00e9 preocuparse, a continuaci\u00f3n, le mostraremos los pasos que a de proseguir. As\u00ed, con la informaci\u00f3n recogida, vas a poder hacerlo mismo y solventar los inconvenientes que le haya acarreado. Es conveniente que busque un nuevo seguro de decesos, despu\u00e9s de dar de baja el suyo y, de esta forma, va a poder prevenir futuras incidencias y, y su familia estar\u00e1n considerablemente m\u00e1s sosegados. Para dar de baja su seguro correctamente, va a deber informar a la compa\u00f1\u00eda 30 d\u00edas antes de su data de renovaci\u00f3n. <div class=\"colorf \"  ><div class=\"container clearfix\"><div class=\"col-md-7\"><\/p>\r\n<h2><span class=\"ez-toc-section\" id=\"Diferentes_opciones_para_cancelar_un_contrato_con_RGA\"><\/span>Diferentes opciones para cancelar un contrato con RGA<span class=\"ez-toc-section-end\"><\/span><\/h2>\r\n<!-- \/wp:post-content -->\r\n\r\n<!-- wp:paragraph -->\r\n<p>Cada compa\u00f1\u00eda marcha de una manera diferente pero, en casi todas ellas, va a deber dar un documento en el que pida la baja de su seguro de decesos y, en consecuencia, sus servicios. Si quiere conseguir el documento de RGA no dude en contactar con nosotros a trav\u00e9s del correo electr\u00f3nico o bien mediante nuestro n\u00famero. Como ya hemos comentado hay diferentes formas de darse de baja, pero, de cualquier forma, si usted decide enviar una carta certificada con un modelo est\u00e1ndar de cancelaci\u00f3n de su contrato RGA deber\u00e1 de d\u00e1rselo como v\u00e1lido. Se le recomienda que, no pierda el resguardo del documento y guarde con \u00e9l una copia. Seguidamente, va a poder conocer m\u00e1s m\u00e9todos que le sirva de ayuda para dar de baja su seguro de decesos contratado con RGA. <\/div><\/div><\/div><\/p>\r\n<h3><span class=\"ez-toc-section\" id=\"A_traves_de_la_web_de_RGA\"><\/span>A trav\u00e9s de la web de RGA<span class=\"ez-toc-section-end\"><\/span><\/h3>\r\n<p>Puede decantarse por la posibilidad de acceder a la web www.segurosrga.es\/ y escribir en su buscador lo que desee saber. En ese instante, hallar\u00e1 un abanico de opciones. Escoja la m\u00e1s indicada y prosiga los pasos que le indican. Es verdaderamente f\u00e1cil. Si tiene alguna duda o bien no le aparece esta opci\u00f3n puede ponerse en contacto con RGA v\u00eda telef\u00f3nica para que le solucionen el inconveniente directamente mediante este n\u00famero de tel\u00e9fono 91 700 7000. Finalmente su petici\u00f3n y, en el caso de que s\u00ed le aparezca esa opci\u00f3n, va a deber rellenar un formulario o bien descargar el documento que se le solicite. <div class=\"colorf \"  ><div class=\"container clearfix\"><div class=\"col-md-7\"><\/p>\r\n<h3><span class=\"ez-toc-section\" id=\"Utilizando_el_correo_electronico_de_RGA\"><\/span>Utilizando el correo electr\u00f3nico de RGA<span class=\"ez-toc-section-end\"><\/span><\/h3>\r\n<p>Otro modo de darse de baja del seguro de decesos de RGA es v\u00eda correo electr\u00f3nico. Es muy simple, a\u00f1ade la siguiente direcci\u00f3n a tu correo email RGA y en solo un par de minutos vas a poder tenerlo todo solucionado. Para solicitar la solicitud de baja del seguro, tendr\u00e1s que enviar una copia del documento nacional de identidad y el documento firmado con los datos personales donde se especifica el deseo de darse de baja. Esto puedes pedirlo en el 951 127 403 o en el info@idecesos. com. No olvides guardar una copia y el justificante a fin de que no tengas ning\u00fan problema. Para tu mayor tranquilidad, guarda asimismo una imitaci\u00f3n de la notificaci\u00f3n del d\u00eda en el que la enviastes. <\/div><\/div><\/div><\/p>\r\n<h3><span class=\"ez-toc-section\" id=\"Dar_de_baja_RGA_por_fax\"><\/span>Dar de baja RGA por fax<span class=\"ez-toc-section-end\"><\/span><\/h3>\r\n<p>Otro m\u00e9todo, es el uso del fax. Se semeja bastante al precedente, solo cambia la forma en la que se env\u00edan los documentos. En el fax que mande, va a deber aparecer una copia de su DNI, al lado de la notificaci\u00f3n firmada y, si no la tiene, puede buscarla en la p\u00e1gina web de RGA o bien poni\u00e9ndose en contacto con nosotros mediante el tel\u00e9fono 951 127 403. Como en los otros m\u00e9todos, debe tener a buen recaudo el justificante del recibo y una copia sellada. No debe olvidar, guardar junto a los precedentes documentos, una imitaci\u00f3n de la notificaci\u00f3n y, su data de env\u00edo. <div class=\"colorf \"  ><div class=\"container clearfix\"><div class=\"col-md-7\"><\/p>\r\n<h3><span class=\"ez-toc-section\" id=\"En_la_oficina_de_RGA\"><\/span>En la oficina de RGA<span class=\"ez-toc-section-end\"><\/span><\/h3>\r\n<p>Tambi\u00e9n puedes optar por otras formas para dar de baja tu seguro que no son de forma on-line. Puedes acudir a la oficina de tu empresa de seguros para dar de baja tu seguro. Pregunte a su buscador por la oficina m\u00e1s cercana a su casa o al lugar donde se halle de RGA. No olvides ir a tu oficina en los horarios indicados y si es preciso, solicita cita. Solo debes proseguirse los pasos que te indican a fin de que puedas completar tu solicitud de baja del seguro de decesos. <\/div><\/div><\/div><\/p>\r\n<h3><span class=\"ez-toc-section\" id=\"Telefono_para_dar_de_baja_RGA\"><\/span>T\u00e9lefono para dar de baja RGA<span class=\"ez-toc-section-end\"><\/span><\/h3>\r\n<p>Asimismo puedes solicitar la baja mediante v\u00eda telef\u00f3nica. Busque el tel\u00e9fono de RGA en internet o bien llame de forma directa al tel\u00e9fono que le facilitamos a continuaci\u00f3n 91 700 7000. Para solucionar tus dudas, un agente se pondr\u00e1 en contacto contigo y as\u00ed poder ayudarte de una manera plenamente adaptada. Tras las indicaciones del agente, este se encargar\u00e1 de solucionar todas y cada una de las cuestiones para que puedes dar de baja tu seguro de decesos. No es conveniente continuar sin un seguro de decesos puesto que este te permitir\u00e1 estar considerablemente m\u00e1s tranquilo. Puedes optar por emplear nuestro comparador en iDecesos para saber cu\u00e1l es el mejor seguro para ti. <div class=\"colorf \"  ><div class=\"container clearfix\"><div class=\"col-md-7\"><\/p>\r\n<h2><span class=\"ez-toc-section\" id=\"Dar_de_baja_seguro_RGA_de_un_fallecido\"><\/span>Dar de baja seguro RGA de un fallecido<span class=\"ez-toc-section-end\"><\/span><\/h2>\r\n<p>Si el asegurado muere, de forma autom\u00e1tica la compa\u00f1\u00eda de seguros se hace cargo de dar de baja al usuario. Todos los recibos van a quedar anulados en el momento en el que esa persona fallezca. Los c\u00e1lculos se hacen bas\u00e1ndonos en las estimaciones autom\u00e1ticas y actuariales de la tabla de primas que tengan contratados con RGA. <\/div><\/div><\/div> <div class=\"oficinas\"> <h3><span class=\"ez-toc-section\" id=\"Paginas_relacionadas\"><\/span>P\u00e1ginas relacionadas<span class=\"ez-toc-section-end\"><\/span><\/h3><div class=\"enlazado\"><ul> <li><a href=\"https:\/\/idecesos.com\/seguros\/companias\/rga\/opiniones\/\">Opiniones RGA<\/a><\/li> <li><a href=\"https:\/\/idecesos.com\/seguros\/companias\/rga\/precio\/\">Precio seguro RGA<\/a><\/li> <li><a href=\"https:\/\/idecesos.com\/seguros\/companias\/rga\/prima-mixta\/\">RGA Prima Mixta<\/a><\/li> <li><a href=\"https:\/\/idecesos.com\/seguros\/companias\/rga\/prima-natural\/\">RGA Prima Natural<\/a><\/li> <li><a href=\"https:\/\/idecesos.com\/seguros\/companias\/rga\/prima-nivelada\/\">RGA Prima Nivelada<\/a><\/li> <li><a href=\"https:\/\/idecesos.com\/seguros\/companias\/rga\/prima-unica\/\">RGA Prima \u00danica<\/a><\/li> <li><a href=\"https:\/\/idecesos.com\/seguros\/companias\/rga\/repatriacion\/\">RGA Repatriaci\u00f3n<\/a><\/li> <li><a href=\"https:\/\/idecesos.com\/seguros\/companias\/rga\/telefono\/\">Tel\u00e9fono Gratuito RGA<\/a><\/li><\/ul><\/div> <\/div><\/p>","protected":false},"excerpt":{"rendered":"<p>iDecesos se ha encargado de estudiar, exhaustivamente, de qu\u00e9 forma dar de baja su seguro de decesos. Hacerlo puede parecer algo complicado, pero no tiene de qu\u00e9 preocuparse, a continuaci\u00f3n, le mostraremos los pasos que a de proseguir. As\u00ed, con la informaci\u00f3n recogida, vas a poder hacerlo mismo y solventar los inconvenientes que le haya&hellip; <\/p>\n","protected":false},"author":1,"featured_media":0,"parent":5993,"menu_order":0,"comment_status":"closed","ping_status":"closed","template":"single.php","meta":{"footnotes":""},"class_list":["post-18235","page","type-page","status-publish","hentry"],"yoast_head":"<!-- This site is optimized with the Yoast SEO plugin v27.3 - https:\/\/yoast.com\/product\/yoast-seo-wordpress\/ -->\n<title>\u00bfC\u00f3mo dar de Baja o Cancelar Seguro de Decesos RGA?<\/title>\n<meta name=\"description\" content=\"Obt\u00e9n aqu\u00ed\u3010c\u00f3mo dar de baja o cancelar seguro de decesos RGA\u3011Modelo carta, fax, correo electr\u00f3nico (email), tel\u00e9fono gratis.\" \/>\n<meta name=\"robots\" content=\"index, follow, max-snippet:-1, max-image-preview:large, max-video-preview:-1\" \/>\n<link rel=\"canonical\" href=\"https:\/\/idecesos.com\/seguros\/companias\/rga\/dar-de-baja\/\" \/>\n<meta property=\"og:locale\" content=\"es_ES\" \/>\n<meta property=\"og:type\" content=\"article\" \/>\n<meta property=\"og:title\" content=\"\u00bfC\u00f3mo dar de Baja o Cancelar Seguro de Decesos RGA?\" \/>\n<meta property=\"og:description\" content=\"Obt\u00e9n aqu\u00ed\u3010c\u00f3mo dar de baja o cancelar seguro de decesos RGA\u3011Modelo carta, fax, correo electr\u00f3nico (email), tel\u00e9fono gratis.\" \/>\n<meta property=\"og:url\" content=\"https:\/\/idecesos.com\/seguros\/companias\/rga\/dar-de-baja\/\" \/>\n<meta property=\"article:modified_time\" content=\"2022-01-31T17:55:15+00:00\" \/>\n<meta name=\"twitter:card\" content=\"summary_large_image\" \/>\n<meta name=\"twitter:label1\" content=\"Tiempo de lectura\" \/>\n\t<meta name=\"twitter:data1\" content=\"5 minutos\" \/>\n<script type=\"application\/ld+json\" class=\"yoast-schema-graph\">{\"@context\":\"https:\\\/\\\/schema.org\",\"@graph\":[{\"@type\":\"WebPage\",\"@id\":\"https:\\\/\\\/idecesos.com\\\/seguros\\\/companias\\\/rga\\\/dar-de-baja\\\/\",\"url\":\"https:\\\/\\\/idecesos.com\\\/seguros\\\/companias\\\/rga\\\/dar-de-baja\\\/\",\"name\":\"\u00bfC\u00f3mo dar de Baja o Cancelar Seguro de Decesos RGA?\",\"isPartOf\":{\"@id\":\"https:\\\/\\\/idecesos.com\\\/seguros\\\/#website\"},\"datePublished\":\"2021-12-29T11:53:22+00:00\",\"dateModified\":\"2022-01-31T17:55:15+00:00\",\"description\":\"Obt\u00e9n aqu\u00ed\u3010c\u00f3mo dar de baja o cancelar seguro de decesos RGA\u3011Modelo carta, fax, correo electr\u00f3nico (email), tel\u00e9fono gratis.\",\"breadcrumb\":{\"@id\":\"https:\\\/\\\/idecesos.com\\\/seguros\\\/companias\\\/rga\\\/dar-de-baja\\\/#breadcrumb\"},\"inLanguage\":\"es\",\"potentialAction\":[{\"@type\":\"ReadAction\",\"target\":[\"https:\\\/\\\/idecesos.com\\\/seguros\\\/companias\\\/rga\\\/dar-de-baja\\\/\"]}]},{\"@type\":\"BreadcrumbList\",\"@id\":\"https:\\\/\\\/idecesos.com\\\/seguros\\\/companias\\\/rga\\\/dar-de-baja\\\/#breadcrumb\",\"itemListElement\":[{\"@type\":\"ListItem\",\"position\":1,\"name\":\"Portada\",\"item\":\"https:\\\/\\\/idecesos.com\\\/seguros\\\/\"},{\"@type\":\"ListItem\",\"position\":2,\"name\":\"Compa\u00f1\u00edas de Seguros de Decesos en Espa\u00f1a\",\"item\":\"https:\\\/\\\/idecesos.com\\\/seguros\\\/companias\\\/\"},{\"@type\":\"ListItem\",\"position\":3,\"name\":\"Seguro de Decesos RGA\",\"item\":\"https:\\\/\\\/idecesos.com\\\/seguros\\\/companias\\\/rga\\\/\"},{\"@type\":\"ListItem\",\"position\":4,\"name\":\"\u00bfC\u00f3mo dar de baja seguro RGA?\"}]},{\"@type\":\"WebSite\",\"@id\":\"https:\\\/\\\/idecesos.com\\\/seguros\\\/#website\",\"url\":\"https:\\\/\\\/idecesos.com\\\/seguros\\\/\",\"name\":\"\",\"description\":\"\",\"potentialAction\":[{\"@type\":\"SearchAction\",\"target\":{\"@type\":\"EntryPoint\",\"urlTemplate\":\"https:\\\/\\\/idecesos.com\\\/seguros\\\/?s={search_term_string}\"},\"query-input\":{\"@type\":\"PropertyValueSpecification\",\"valueRequired\":true,\"valueName\":\"search_term_string\"}}],\"inLanguage\":\"es\"}]}<\/script>\n<!-- \/ Yoast SEO plugin. -->","yoast_head_json":{"title":"\u00bfC\u00f3mo dar de Baja o Cancelar Seguro de Decesos RGA?","description":"Obt\u00e9n aqu\u00ed\u3010c\u00f3mo dar de baja o cancelar seguro de decesos RGA\u3011Modelo carta, fax, correo electr\u00f3nico (email), tel\u00e9fono gratis.","robots":{"index":"index","follow":"follow","max-snippet":"max-snippet:-1","max-image-preview":"max-image-preview:large","max-video-preview":"max-video-preview:-1"},"canonical":"https:\/\/idecesos.com\/seguros\/companias\/rga\/dar-de-baja\/","og_locale":"es_ES","og_type":"article","og_title":"\u00bfC\u00f3mo dar de Baja o Cancelar Seguro de Decesos RGA?","og_description":"Obt\u00e9n aqu\u00ed\u3010c\u00f3mo dar de baja o cancelar seguro de decesos RGA\u3011Modelo carta, fax, correo electr\u00f3nico (email), tel\u00e9fono gratis.","og_url":"https:\/\/idecesos.com\/seguros\/companias\/rga\/dar-de-baja\/","article_modified_time":"2022-01-31T17:55:15+00:00","twitter_card":"summary_large_image","twitter_misc":{"Tiempo de lectura":"5 minutos"},"schema":{"@context":"https:\/\/schema.org","@graph":[{"@type":"WebPage","@id":"https:\/\/idecesos.com\/seguros\/companias\/rga\/dar-de-baja\/","url":"https:\/\/idecesos.com\/seguros\/companias\/rga\/dar-de-baja\/","name":"\u00bfC\u00f3mo dar de Baja o Cancelar Seguro de Decesos RGA?","isPartOf":{"@id":"https:\/\/idecesos.com\/seguros\/#website"},"datePublished":"2021-12-29T11:53:22+00:00","dateModified":"2022-01-31T17:55:15+00:00","description":"Obt\u00e9n aqu\u00ed\u3010c\u00f3mo dar de baja o cancelar seguro de decesos RGA\u3011Modelo carta, fax, correo electr\u00f3nico (email), tel\u00e9fono gratis.","breadcrumb":{"@id":"https:\/\/idecesos.com\/seguros\/companias\/rga\/dar-de-baja\/#breadcrumb"},"inLanguage":"es","potentialAction":[{"@type":"ReadAction","target":["https:\/\/idecesos.com\/seguros\/companias\/rga\/dar-de-baja\/"]}]},{"@type":"BreadcrumbList","@id":"https:\/\/idecesos.com\/seguros\/companias\/rga\/dar-de-baja\/#breadcrumb","itemListElement":[{"@type":"ListItem","position":1,"name":"Portada","item":"https:\/\/idecesos.com\/seguros\/"},{"@type":"ListItem","position":2,"name":"Compa\u00f1\u00edas de Seguros de Decesos en Espa\u00f1a","item":"https:\/\/idecesos.com\/seguros\/companias\/"},{"@type":"ListItem","position":3,"name":"Seguro de Decesos RGA","item":"https:\/\/idecesos.com\/seguros\/companias\/rga\/"},{"@type":"ListItem","position":4,"name":"\u00bfC\u00f3mo dar de baja seguro RGA?"}]},{"@type":"WebSite","@id":"https:\/\/idecesos.com\/seguros\/#website","url":"https:\/\/idecesos.com\/seguros\/","name":"","description":"","potentialAction":[{"@type":"SearchAction","target":{"@type":"EntryPoint","urlTemplate":"https:\/\/idecesos.com\/seguros\/?s={search_term_string}"},"query-input":{"@type":"PropertyValueSpecification","valueRequired":true,"valueName":"search_term_string"}}],"inLanguage":"es"}]}},"_links":{"self":[{"href":"https:\/\/idecesos.com\/seguros\/wp-json\/wp\/v2\/pages\/18235","targetHints":{"allow":["GET"]}}],"collection":[{"href":"https:\/\/idecesos.com\/seguros\/wp-json\/wp\/v2\/pages"}],"about":[{"href":"https:\/\/idecesos.com\/seguros\/wp-json\/wp\/v2\/types\/page"}],"author":[{"embeddable":true,"href":"https:\/\/idecesos.com\/seguros\/wp-json\/wp\/v2\/users\/1"}],"replies":[{"embeddable":true,"href":"https:\/\/idecesos.com\/seguros\/wp-json\/wp\/v2\/comments?post=18235"}],"version-history":[{"count":1,"href":"https:\/\/idecesos.com\/seguros\/wp-json\/wp\/v2\/pages\/18235\/revisions"}],"predecessor-version":[{"id":19183,"href":"https:\/\/idecesos.com\/seguros\/wp-json\/wp\/v2\/pages\/18235\/revisions\/19183"}],"up":[{"embeddable":true,"href":"https:\/\/idecesos.com\/seguros\/wp-json\/wp\/v2\/pages\/5993"}],"wp:attachment":[{"href":"https:\/\/idecesos.com\/seguros\/wp-json\/wp\/v2\/media?parent=18235"}],"curies":[{"name":"wp","href":"https:\/\/api.w.org\/{rel}","templated":true}]}}