{"id":18236,"date":"2021-12-29T11:53:23","date_gmt":"2021-12-29T11:53:23","guid":{"rendered":"https:\/\/idecesos.com\/seguros\/companias\/union-madrilena\/dar-de-baja\/"},"modified":"2022-01-31T17:56:02","modified_gmt":"2022-01-31T17:56:02","slug":"dar-de-baja","status":"publish","type":"page","link":"https:\/\/idecesos.com\/seguros\/companias\/union-madrilena\/dar-de-baja\/","title":{"rendered":"\u00bfC\u00f3mo dar de baja seguro Uni\u00f3n Madrile\u00f1a?"},"content":{"rendered":"<div id=\"ez-toc-container\" class=\"ez-toc-v2_0_82_2 ez-toc-wrap-center counter-hierarchy ez-toc-counter ez-toc-custom ez-toc-container-direction\">\n<div class=\"ez-toc-title-container\">\n<p class=\"ez-toc-title\" style=\"cursor:inherit\">Tabla de Contenido<\/p>\n<span class=\"ez-toc-title-toggle\"><a href=\"#\" class=\"ez-toc-pull-right ez-toc-btn ez-toc-btn-xs ez-toc-btn-default ez-toc-toggle\" aria-label=\"Alternar tabla de contenidos\"><span class=\"ez-toc-js-icon-con\"><span class=\"\"><span class=\"eztoc-hide\" style=\"display:none;\">Toggle<\/span><span class=\"ez-toc-icon-toggle-span\"><svg style=\"fill: #db6415;color:#db6415\" xmlns=\"http:\/\/www.w3.org\/2000\/svg\" class=\"list-377408\" width=\"20px\" height=\"20px\" viewBox=\"0 0 24 24\" fill=\"none\"><path d=\"M6 6H4v2h2V6zm14 0H8v2h12V6zM4 11h2v2H4v-2zm16 0H8v2h12v-2zM4 16h2v2H4v-2zm16 0H8v2h12v-2z\" fill=\"currentColor\"><\/path><\/svg><svg style=\"fill: #db6415;color:#db6415\" class=\"arrow-unsorted-368013\" xmlns=\"http:\/\/www.w3.org\/2000\/svg\" width=\"10px\" height=\"10px\" viewBox=\"0 0 24 24\" version=\"1.2\" baseProfile=\"tiny\"><path d=\"M18.2 9.3l-6.2-6.3-6.2 6.3c-.2.2-.3.4-.3.7s.1.5.3.7c.2.2.4.3.7.3h11c.3 0 .5-.1.7-.3.2-.2.3-.5.3-.7s-.1-.5-.3-.7zM5.8 14.7l6.2 6.3 6.2-6.3c.2-.2.3-.5.3-.7s-.1-.5-.3-.7c-.2-.2-.4-.3-.7-.3h-11c-.3 0-.5.1-.7.3-.2.2-.3.5-.3.7s.1.5.3.7z\"\/><\/svg><\/span><\/span><\/span><\/a><\/span><\/div>\n<nav><ul class='ez-toc-list ez-toc-list-level-1 ' ><li class='ez-toc-page-1 ez-toc-heading-level-2'><a class=\"ez-toc-link ez-toc-heading-1\" href=\"https:\/\/idecesos.com\/seguros\/companias\/union-madrilena\/dar-de-baja\/#Diferentes_opciones_para_cancelar_un_contrato_con_Union_Madrilena\" >Diferentes opciones para cancelar un contrato con Uni\u00f3n Madrile\u00f1a<\/a><ul class='ez-toc-list-level-3' ><li class='ez-toc-heading-level-3'><a class=\"ez-toc-link ez-toc-heading-2\" href=\"https:\/\/idecesos.com\/seguros\/companias\/union-madrilena\/dar-de-baja\/#A_traves_de_la_web_de_Union_Madrilena\" >A trav\u00e9s de la web de Uni\u00f3n Madrile\u00f1a<\/a><\/li><li class='ez-toc-page-1 ez-toc-heading-level-3'><a class=\"ez-toc-link ez-toc-heading-3\" href=\"https:\/\/idecesos.com\/seguros\/companias\/union-madrilena\/dar-de-baja\/#Utilizando_el_correo_electronico_de_Union_Madrilena\" >Utilizando el correo electr\u00f3nico de Uni\u00f3n Madrile\u00f1a<\/a><\/li><li class='ez-toc-page-1 ez-toc-heading-level-3'><a class=\"ez-toc-link ez-toc-heading-4\" href=\"https:\/\/idecesos.com\/seguros\/companias\/union-madrilena\/dar-de-baja\/#Dar_de_baja_Union_Madrilena_por_fax\" >Dar de baja Uni\u00f3n Madrile\u00f1a por fax<\/a><\/li><li class='ez-toc-page-1 ez-toc-heading-level-3'><a class=\"ez-toc-link ez-toc-heading-5\" href=\"https:\/\/idecesos.com\/seguros\/companias\/union-madrilena\/dar-de-baja\/#En_la_oficina_de_Union_Madrilena\" >En la oficina de Uni\u00f3n Madrile\u00f1a<\/a><\/li><li class='ez-toc-page-1 ez-toc-heading-level-3'><a class=\"ez-toc-link ez-toc-heading-6\" href=\"https:\/\/idecesos.com\/seguros\/companias\/union-madrilena\/dar-de-baja\/#Telefono_para_dar_de_baja_Union_Madrilena\" >T\u00e9lefono para dar de baja Uni\u00f3n Madrile\u00f1a<\/a><\/li><\/ul><\/li><li class='ez-toc-page-1 ez-toc-heading-level-2'><a class=\"ez-toc-link ez-toc-heading-7\" href=\"https:\/\/idecesos.com\/seguros\/companias\/union-madrilena\/dar-de-baja\/#Dar_de_baja_seguro_Union_Madrilena_de_un_fallecido\" >Dar de baja seguro Uni\u00f3n Madrile\u00f1a de un fallecido<\/a><ul class='ez-toc-list-level-3' ><li class='ez-toc-heading-level-3'><a class=\"ez-toc-link ez-toc-heading-8\" href=\"https:\/\/idecesos.com\/seguros\/companias\/union-madrilena\/dar-de-baja\/#Paginas_relacionadas\" >P\u00e1ginas relacionadas<\/a><\/li><\/ul><\/li><\/ul><\/nav><\/div>\n<p> Es muy sencillo dar de baja su seguro de decesos y, le diremos c\u00f3mo hacerlo. iDecesos se encarga de explicarte c\u00f3mo dar de baja el seguro de decesos que tengas contratado. Va a tener su inconveniente solucionado en unos minutos y, es aconsejable que busque otro seguro de decesos que se ajuste a sus necesidades, para la calma y estabilidad en su vida y la de su familia. Es muy importante que sepa que, para poder dar de baja su seguro de decesos, debe avisar a la compa\u00f1\u00eda 30 d\u00edas ya antes de su renovaci\u00f3n y, de esta forma, no tendr\u00e1 ning\u00fan inconveniente. <div class=\"colorf \"  ><div class=\"container clearfix\"><div class=\"col-md-7\"><\/p>\r\n<h2><span class=\"ez-toc-section\" id=\"Diferentes_opciones_para_cancelar_un_contrato_con_Union_Madrilena\"><\/span>Diferentes opciones para cancelar un contrato con Uni\u00f3n Madrile\u00f1a<span class=\"ez-toc-section-end\"><\/span><\/h2>\r\n<!-- \/wp:post-content -->\r\n\r\n<!-- wp:paragraph -->\r\n<p>Algo que tienen en com\u00fan todas las compa\u00f1\u00edas es que, piden un documento en el que exponga la baja de su seguro de decesos. El documento de Uni\u00f3n Madrile\u00f1a podr\u00e1 lograrlo poni\u00e9ndose en contacto con nosotros, a trav\u00e9s del correo electr\u00f3nico o n\u00famero. Como ya hemos comentado hay diferentes formas de darse de baja, mas, de cualquier manera, si usted decide enviar una carta certificada con un modelo est\u00e1ndar de cancelaci\u00f3n de su contrato Uni\u00f3n Madrile\u00f1a deber\u00e1 de d\u00e1rselo como v\u00e1lido. Le aconsejamos que guarde el resguardo del documento y que haga una copia. Seguidamente, va a poder conocer m\u00e1s m\u00e9todos que le sirva de ayuda para dar de baja su seguro de decesos contratado con Uni\u00f3n Madrile\u00f1a. <\/div><\/div><\/div><\/p>\r\n<h3><span class=\"ez-toc-section\" id=\"A_traves_de_la_web_de_Union_Madrilena\"><\/span>A trav\u00e9s de la web de Uni\u00f3n Madrile\u00f1a<span class=\"ez-toc-section-end\"><\/span><\/h3>\r\n<p>Uno de los diferentes m\u00e9todos para darse de bajas en el seguro de decesos de Uni\u00f3n Madrile\u00f1a es desde su web unionmadrilena.es\/. Solo vas a deber consultar al buscador de su p\u00e1gina web lo que desees saber o bien, entrar en su secci\u00f3n de bajas. Siguiendo los pasos indicados, va a poder efectuar su baja rellenando un formulario en la web o, descargando el documento que le indique Uni\u00f3n Madrile\u00f1a. En el caso de tener alg\u00fan problema, llame al n\u00famero de la compa\u00f1\u00eda 914 477 162\u00a0o mande un correo coment\u00e1ndole lo sucedido email Uni\u00f3n Madrile\u00f1a. Por contra, si sale todo bien, recibir\u00e1 de forma instant\u00e1nea un e-mail por parte de la compa\u00f1\u00eda, con la confirmaci\u00f3n de baja de su seguro. <div class=\"colorf \"  ><div class=\"container clearfix\"><div class=\"col-md-7\"><\/p>\r\n<h3><span class=\"ez-toc-section\" id=\"Utilizando_el_correo_electronico_de_Union_Madrilena\"><\/span>Utilizando el correo electr\u00f3nico de Uni\u00f3n Madrile\u00f1a<span class=\"ez-toc-section-end\"><\/span><\/h3>\r\n<p>Si lo quieres, asimismo puede darse de baja con el env\u00edo de un correo. Tendr\u00e1 la soluci\u00f3n usando el apartado de correo email Uni\u00f3n Madrile\u00f1a de la compa\u00f1\u00eda. Va a deber mandar lo siguiente: copia de su DNI y, la notificaci\u00f3n correctamente firmada con sus datos personales, que podr\u00e1 hallarla en la p\u00e1gina web de la compa\u00f1\u00eda o, poni\u00e9ndose en contacto con nosotros al 951 127 403 o info@idecesos. com. Deber\u00e1 guardar una copia sellada y tener un justificante de recibo para que su ejecuci\u00f3n pueda hacerse. Por lo que pueda pasar en un futuro, le aconsejamos que guarde una imitaci\u00f3n de la notificaci\u00f3n con su fecha de env\u00edo, para quedarse todav\u00eda m\u00e1s apacibles y no puedan ponerle ninguna queja. <\/div><\/div><\/div><\/p>\r\n<h3><span class=\"ez-toc-section\" id=\"Dar_de_baja_Union_Madrilena_por_fax\"><\/span>Dar de baja Uni\u00f3n Madrile\u00f1a por fax<span class=\"ez-toc-section-end\"><\/span><\/h3>\r\n<p>Mediante fax, tambi\u00e9n puede dar de baja a su seguro. Solo cambia respecto al anterior, la manera en la que env\u00ede los documentos. Podr\u00e1 localizar la notificaci\u00f3n de la baja de su seguro de decesos en la web de Uni\u00f3n Madrile\u00f1a o bien contactando con nosotros al 951 127 403 y, en el caso de que la tenga, deber\u00e1 mandarla firmada as\u00ed como la copia de su documento nacional de identidad. Igual que en las otras opciones, le recordamos que debe guardar una copia sellada y tener un justificante de su recibo. Y, evidentemente, no olvide asimismo guardar una imitaci\u00f3n de la notificaci\u00f3n, en la que aparezca la fecha de env\u00edo correspondiente. <div class=\"colorf \"  ><div class=\"container clearfix\"><div class=\"col-md-7\"><\/p>\r\n<h3><span class=\"ez-toc-section\" id=\"En_la_oficina_de_Union_Madrilena\"><\/span>En la oficina de Uni\u00f3n Madrile\u00f1a<span class=\"ez-toc-section-end\"><\/span><\/h3>\r\n<p>Si prefiere llevar el proceso de su baja, forma presencial, podr\u00e1 hacerlo acudiendo a las oficinas de Uni\u00f3n Madrile\u00f1a. Haciendo una b\u00fasqueda en Internet, podr\u00e1 localizar las oficinas m\u00e1s pr\u00f3ximas y, el horario en el que puede asistir. Los expertos le atender\u00e1n y ayudar\u00e1n en todo lo que necesite para rellenar y firmar apropiadamente los documentos. Tan solo deber\u00e1 de ir siguiendo los pasos que le vayan se\u00f1alando durante todo el proceso. Es esencial que no olvide llevar su DNI. Para su calma, el especialista se ocupar\u00e1 de cerrar los tr\u00e1mites de la baja de su seguro y, le van a dar todas las copias de los documentos para que las guarde. <\/div><\/div><\/div><\/p>\r\n<h3><span class=\"ez-toc-section\" id=\"Telefono_para_dar_de_baja_Union_Madrilena\"><\/span>T\u00e9lefono para dar de baja Uni\u00f3n Madrile\u00f1a<span class=\"ez-toc-section-end\"><\/span><\/h3>\r\n<p>Ponerse en contacto con la compa\u00f1\u00eda a trav\u00e9s de su tel\u00e9fono es uno de los m\u00e9todos m\u00e1s eficientes. Como seguramente tengas dudas sobre qu\u00e9 tel\u00e9fono llamar, puedes acudir al tel\u00e9fono gratuito que te indicamos a fin de que hables con un agente especializado. Cuando te atiendan seguramente le grabar\u00e1n la solicitud de baja con unos factores de seguridad para garantizar que es el tomador de la p\u00f3liza y que no debe ning\u00fan recibo a Uni\u00f3n Madrile\u00f1a y que no ha sobrepasado el periodo legal. En esta p\u00e1gina, podr\u00e1s proceder a pedir la baja de tu seguro de decesos sin ning\u00fan g\u00e9nero de costo. <div class=\"colorf \"  ><div class=\"container clearfix\"><div class=\"col-md-7\"><\/p>\r\n<h2><span class=\"ez-toc-section\" id=\"Dar_de_baja_seguro_Union_Madrilena_de_un_fallecido\"><\/span>Dar de baja seguro Uni\u00f3n Madrile\u00f1a de un fallecido<span class=\"ez-toc-section-end\"><\/span><\/h2>\r\n<p>Cuando el asegurado muere, se notifica a la compa\u00f1\u00eda de seguros a fin de que empiecen a realizarse los tr\u00e1mites para realizar la baja. Todos y cada uno de los recibos van a quedar cancelados en el instante en el que esa persona fallezca. Los c\u00e1lculos se hacen bas\u00e1ndonos en las estimaciones autom\u00e1ticas y actuariales de la tabla de primas que tengan contratados con Uni\u00f3n Madrile\u00f1a. <\/div><\/div><\/div> <div class=\"oficinas\"> <h3><span class=\"ez-toc-section\" id=\"Paginas_relacionadas\"><\/span>P\u00e1ginas relacionadas<span class=\"ez-toc-section-end\"><\/span><\/h3><div class=\"enlazado\"><ul> <li><a href=\"https:\/\/idecesos.com\/seguros\/companias\/union-madrilena\/opiniones\/\">Opiniones Uni\u00f3n Madrile\u00f1a<\/a><\/li> <li><a href=\"https:\/\/idecesos.com\/seguros\/companias\/union-madrilena\/precio\/\">Precio seguro Uni\u00f3n Madrile\u00f1a<\/a><\/li> <li><a href=\"https:\/\/idecesos.com\/seguros\/companias\/union-madrilena\/prima-mixta\/\">Uni\u00f3n Madrile\u00f1a Prima Mixta<\/a><\/li> <li><a href=\"https:\/\/idecesos.com\/seguros\/companias\/union-madrilena\/prima-natural\/\">Uni\u00f3n Madrile\u00f1a Prima Natural<\/a><\/li> <li><a href=\"https:\/\/idecesos.com\/seguros\/companias\/union-madrilena\/prima-nivelada\/\">Uni\u00f3n Madrile\u00f1a Prima Nivelada<\/a><\/li> <li><a href=\"https:\/\/idecesos.com\/seguros\/companias\/union-madrilena\/prima-unica\/\">Uni\u00f3n Madrile\u00f1a Prima \u00danica<\/a><\/li> <li><a href=\"https:\/\/idecesos.com\/seguros\/companias\/union-madrilena\/repatriacion\/\">Uni\u00f3n Madrile\u00f1a Repatriaci\u00f3n<\/a><\/li> <li><a href=\"https:\/\/idecesos.com\/seguros\/companias\/union-madrilena\/telefono\/\">Tel\u00e9fono Gratuito Uni\u00f3n Madrile\u00f1a<\/a><\/li>                                                                                                                                                                                                                                                                                                                                                                                                                                                                                                                                                                                                                                                                                                                                                                                                                                                                                                                                                                                                                                                                                                                                                                                                                                                                                                                                                                                                                                                                                                                                                                                                                                                                                                                                                                                                                                                                                                                                                                                                                                                                                                                                                                                                                                                                                                                                                                                                                                                                                                                                                                                                                                                                                                                                                                                                                                                                                                                                                                                                                                                                                                                              <\/ul><\/div> <\/div><\/p>","protected":false},"excerpt":{"rendered":"<p>Es muy sencillo dar de baja su seguro de decesos y, le diremos c\u00f3mo hacerlo. iDecesos se encarga de explicarte c\u00f3mo dar de baja el seguro de decesos que tengas contratado. Va a tener su inconveniente solucionado en unos minutos y, es aconsejable que busque otro seguro de decesos que se ajuste a sus necesidades,&hellip; <\/p>\n","protected":false},"author":1,"featured_media":0,"parent":5995,"menu_order":0,"comment_status":"closed","ping_status":"closed","template":"single.php","meta":{"footnotes":""},"class_list":["post-18236","page","type-page","status-publish","hentry"],"yoast_head":"<!-- This site is optimized with the Yoast SEO plugin v27.3 - https:\/\/yoast.com\/product\/yoast-seo-wordpress\/ -->\n<title>\u00bfC\u00f3mo dar de Baja o Cancelar Seguro de Decesos Uni\u00f3n Madrile\u00f1a?<\/title>\n<meta name=\"description\" content=\"Obt\u00e9n aqu\u00ed\u3010c\u00f3mo dar de baja o cancelar seguro de decesos Uni\u00f3n Madrile\u00f1a\u3011Modelo carta, fax, correo electr\u00f3nico (email), tel\u00e9fono gratis.\" \/>\n<meta name=\"robots\" content=\"index, follow, max-snippet:-1, max-image-preview:large, max-video-preview:-1\" \/>\n<link rel=\"canonical\" href=\"https:\/\/idecesos.com\/seguros\/companias\/union-madrilena\/dar-de-baja\/\" \/>\n<meta property=\"og:locale\" content=\"es_ES\" \/>\n<meta property=\"og:type\" content=\"article\" \/>\n<meta property=\"og:title\" content=\"\u00bfC\u00f3mo dar de Baja o Cancelar Seguro de Decesos Uni\u00f3n Madrile\u00f1a?\" \/>\n<meta property=\"og:description\" content=\"Obt\u00e9n aqu\u00ed\u3010c\u00f3mo dar de baja o cancelar seguro de decesos Uni\u00f3n Madrile\u00f1a\u3011Modelo carta, fax, correo electr\u00f3nico (email), tel\u00e9fono gratis.\" \/>\n<meta property=\"og:url\" content=\"https:\/\/idecesos.com\/seguros\/companias\/union-madrilena\/dar-de-baja\/\" \/>\n<meta property=\"article:modified_time\" content=\"2022-01-31T17:56:02+00:00\" \/>\n<meta name=\"twitter:card\" content=\"summary_large_image\" \/>\n<meta name=\"twitter:label1\" content=\"Tiempo de lectura\" \/>\n\t<meta name=\"twitter:data1\" content=\"5 minutos\" \/>\n<script type=\"application\/ld+json\" class=\"yoast-schema-graph\">{\"@context\":\"https:\\\/\\\/schema.org\",\"@graph\":[{\"@type\":\"WebPage\",\"@id\":\"https:\\\/\\\/idecesos.com\\\/seguros\\\/companias\\\/union-madrilena\\\/dar-de-baja\\\/\",\"url\":\"https:\\\/\\\/idecesos.com\\\/seguros\\\/companias\\\/union-madrilena\\\/dar-de-baja\\\/\",\"name\":\"\u00bfC\u00f3mo dar de Baja o Cancelar Seguro de Decesos Uni\u00f3n Madrile\u00f1a?\",\"isPartOf\":{\"@id\":\"https:\\\/\\\/idecesos.com\\\/seguros\\\/#website\"},\"datePublished\":\"2021-12-29T11:53:23+00:00\",\"dateModified\":\"2022-01-31T17:56:02+00:00\",\"description\":\"Obt\u00e9n aqu\u00ed\u3010c\u00f3mo dar de baja o cancelar seguro de decesos Uni\u00f3n Madrile\u00f1a\u3011Modelo carta, fax, correo electr\u00f3nico (email), tel\u00e9fono gratis.\",\"breadcrumb\":{\"@id\":\"https:\\\/\\\/idecesos.com\\\/seguros\\\/companias\\\/union-madrilena\\\/dar-de-baja\\\/#breadcrumb\"},\"inLanguage\":\"es\",\"potentialAction\":[{\"@type\":\"ReadAction\",\"target\":[\"https:\\\/\\\/idecesos.com\\\/seguros\\\/companias\\\/union-madrilena\\\/dar-de-baja\\\/\"]}]},{\"@type\":\"BreadcrumbList\",\"@id\":\"https:\\\/\\\/idecesos.com\\\/seguros\\\/companias\\\/union-madrilena\\\/dar-de-baja\\\/#breadcrumb\",\"itemListElement\":[{\"@type\":\"ListItem\",\"position\":1,\"name\":\"Portada\",\"item\":\"https:\\\/\\\/idecesos.com\\\/seguros\\\/\"},{\"@type\":\"ListItem\",\"position\":2,\"name\":\"Compa\u00f1\u00edas de Seguros de Decesos en Espa\u00f1a\",\"item\":\"https:\\\/\\\/idecesos.com\\\/seguros\\\/companias\\\/\"},{\"@type\":\"ListItem\",\"position\":3,\"name\":\"Seguro de Decesos Uni\u00f3n Madrile\u00f1a\",\"item\":\"https:\\\/\\\/idecesos.com\\\/seguros\\\/companias\\\/union-madrilena\\\/\"},{\"@type\":\"ListItem\",\"position\":4,\"name\":\"\u00bfC\u00f3mo dar de baja seguro Uni\u00f3n Madrile\u00f1a?\"}]},{\"@type\":\"WebSite\",\"@id\":\"https:\\\/\\\/idecesos.com\\\/seguros\\\/#website\",\"url\":\"https:\\\/\\\/idecesos.com\\\/seguros\\\/\",\"name\":\"\",\"description\":\"\",\"potentialAction\":[{\"@type\":\"SearchAction\",\"target\":{\"@type\":\"EntryPoint\",\"urlTemplate\":\"https:\\\/\\\/idecesos.com\\\/seguros\\\/?s={search_term_string}\"},\"query-input\":{\"@type\":\"PropertyValueSpecification\",\"valueRequired\":true,\"valueName\":\"search_term_string\"}}],\"inLanguage\":\"es\"}]}<\/script>\n<!-- \/ Yoast SEO plugin. -->","yoast_head_json":{"title":"\u00bfC\u00f3mo dar de Baja o Cancelar Seguro de Decesos Uni\u00f3n Madrile\u00f1a?","description":"Obt\u00e9n aqu\u00ed\u3010c\u00f3mo dar de baja o cancelar seguro de decesos Uni\u00f3n Madrile\u00f1a\u3011Modelo carta, fax, correo electr\u00f3nico (email), tel\u00e9fono gratis.","robots":{"index":"index","follow":"follow","max-snippet":"max-snippet:-1","max-image-preview":"max-image-preview:large","max-video-preview":"max-video-preview:-1"},"canonical":"https:\/\/idecesos.com\/seguros\/companias\/union-madrilena\/dar-de-baja\/","og_locale":"es_ES","og_type":"article","og_title":"\u00bfC\u00f3mo dar de Baja o Cancelar Seguro de Decesos Uni\u00f3n Madrile\u00f1a?","og_description":"Obt\u00e9n aqu\u00ed\u3010c\u00f3mo dar de baja o cancelar seguro de decesos Uni\u00f3n Madrile\u00f1a\u3011Modelo carta, fax, correo electr\u00f3nico (email), tel\u00e9fono gratis.","og_url":"https:\/\/idecesos.com\/seguros\/companias\/union-madrilena\/dar-de-baja\/","article_modified_time":"2022-01-31T17:56:02+00:00","twitter_card":"summary_large_image","twitter_misc":{"Tiempo de lectura":"5 minutos"},"schema":{"@context":"https:\/\/schema.org","@graph":[{"@type":"WebPage","@id":"https:\/\/idecesos.com\/seguros\/companias\/union-madrilena\/dar-de-baja\/","url":"https:\/\/idecesos.com\/seguros\/companias\/union-madrilena\/dar-de-baja\/","name":"\u00bfC\u00f3mo dar de Baja o Cancelar Seguro de Decesos Uni\u00f3n Madrile\u00f1a?","isPartOf":{"@id":"https:\/\/idecesos.com\/seguros\/#website"},"datePublished":"2021-12-29T11:53:23+00:00","dateModified":"2022-01-31T17:56:02+00:00","description":"Obt\u00e9n aqu\u00ed\u3010c\u00f3mo dar de baja o cancelar seguro de decesos Uni\u00f3n Madrile\u00f1a\u3011Modelo carta, fax, correo electr\u00f3nico (email), tel\u00e9fono gratis.","breadcrumb":{"@id":"https:\/\/idecesos.com\/seguros\/companias\/union-madrilena\/dar-de-baja\/#breadcrumb"},"inLanguage":"es","potentialAction":[{"@type":"ReadAction","target":["https:\/\/idecesos.com\/seguros\/companias\/union-madrilena\/dar-de-baja\/"]}]},{"@type":"BreadcrumbList","@id":"https:\/\/idecesos.com\/seguros\/companias\/union-madrilena\/dar-de-baja\/#breadcrumb","itemListElement":[{"@type":"ListItem","position":1,"name":"Portada","item":"https:\/\/idecesos.com\/seguros\/"},{"@type":"ListItem","position":2,"name":"Compa\u00f1\u00edas de Seguros de Decesos en Espa\u00f1a","item":"https:\/\/idecesos.com\/seguros\/companias\/"},{"@type":"ListItem","position":3,"name":"Seguro de Decesos Uni\u00f3n Madrile\u00f1a","item":"https:\/\/idecesos.com\/seguros\/companias\/union-madrilena\/"},{"@type":"ListItem","position":4,"name":"\u00bfC\u00f3mo dar de baja seguro Uni\u00f3n Madrile\u00f1a?"}]},{"@type":"WebSite","@id":"https:\/\/idecesos.com\/seguros\/#website","url":"https:\/\/idecesos.com\/seguros\/","name":"","description":"","potentialAction":[{"@type":"SearchAction","target":{"@type":"EntryPoint","urlTemplate":"https:\/\/idecesos.com\/seguros\/?s={search_term_string}"},"query-input":{"@type":"PropertyValueSpecification","valueRequired":true,"valueName":"search_term_string"}}],"inLanguage":"es"}]}},"_links":{"self":[{"href":"https:\/\/idecesos.com\/seguros\/wp-json\/wp\/v2\/pages\/18236","targetHints":{"allow":["GET"]}}],"collection":[{"href":"https:\/\/idecesos.com\/seguros\/wp-json\/wp\/v2\/pages"}],"about":[{"href":"https:\/\/idecesos.com\/seguros\/wp-json\/wp\/v2\/types\/page"}],"author":[{"embeddable":true,"href":"https:\/\/idecesos.com\/seguros\/wp-json\/wp\/v2\/users\/1"}],"replies":[{"embeddable":true,"href":"https:\/\/idecesos.com\/seguros\/wp-json\/wp\/v2\/comments?post=18236"}],"version-history":[{"count":1,"href":"https:\/\/idecesos.com\/seguros\/wp-json\/wp\/v2\/pages\/18236\/revisions"}],"predecessor-version":[{"id":19184,"href":"https:\/\/idecesos.com\/seguros\/wp-json\/wp\/v2\/pages\/18236\/revisions\/19184"}],"up":[{"embeddable":true,"href":"https:\/\/idecesos.com\/seguros\/wp-json\/wp\/v2\/pages\/5995"}],"wp:attachment":[{"href":"https:\/\/idecesos.com\/seguros\/wp-json\/wp\/v2\/media?parent=18236"}],"curies":[{"name":"wp","href":"https:\/\/api.w.org\/{rel}","templated":true}]}}