{"id":18237,"date":"2021-12-29T11:53:24","date_gmt":"2021-12-29T11:53:24","guid":{"rendered":"https:\/\/idecesos.com\/seguros\/companias\/eterna\/dar-de-baja\/"},"modified":"2022-01-31T17:59:45","modified_gmt":"2022-01-31T17:59:45","slug":"dar-de-baja","status":"publish","type":"page","link":"https:\/\/idecesos.com\/seguros\/companias\/eterna\/dar-de-baja\/","title":{"rendered":"\u00bfC\u00f3mo dar de baja seguro Eterna?"},"content":{"rendered":"<div id=\"ez-toc-container\" class=\"ez-toc-v2_0_82_2 ez-toc-wrap-center counter-hierarchy ez-toc-counter ez-toc-custom ez-toc-container-direction\">\n<div class=\"ez-toc-title-container\">\n<p class=\"ez-toc-title\" style=\"cursor:inherit\">Tabla de Contenido<\/p>\n<span class=\"ez-toc-title-toggle\"><a href=\"#\" class=\"ez-toc-pull-right ez-toc-btn ez-toc-btn-xs ez-toc-btn-default ez-toc-toggle\" aria-label=\"Alternar tabla de contenidos\"><span class=\"ez-toc-js-icon-con\"><span class=\"\"><span class=\"eztoc-hide\" style=\"display:none;\">Toggle<\/span><span class=\"ez-toc-icon-toggle-span\"><svg style=\"fill: #db6415;color:#db6415\" xmlns=\"http:\/\/www.w3.org\/2000\/svg\" class=\"list-377408\" width=\"20px\" height=\"20px\" viewBox=\"0 0 24 24\" fill=\"none\"><path d=\"M6 6H4v2h2V6zm14 0H8v2h12V6zM4 11h2v2H4v-2zm16 0H8v2h12v-2zM4 16h2v2H4v-2zm16 0H8v2h12v-2z\" fill=\"currentColor\"><\/path><\/svg><svg style=\"fill: #db6415;color:#db6415\" class=\"arrow-unsorted-368013\" xmlns=\"http:\/\/www.w3.org\/2000\/svg\" width=\"10px\" height=\"10px\" viewBox=\"0 0 24 24\" version=\"1.2\" baseProfile=\"tiny\"><path d=\"M18.2 9.3l-6.2-6.3-6.2 6.3c-.2.2-.3.4-.3.7s.1.5.3.7c.2.2.4.3.7.3h11c.3 0 .5-.1.7-.3.2-.2.3-.5.3-.7s-.1-.5-.3-.7zM5.8 14.7l6.2 6.3 6.2-6.3c.2-.2.3-.5.3-.7s-.1-.5-.3-.7c-.2-.2-.4-.3-.7-.3h-11c-.3 0-.5.1-.7.3-.2.2-.3.5-.3.7s.1.5.3.7z\"\/><\/svg><\/span><\/span><\/span><\/a><\/span><\/div>\n<nav><ul class='ez-toc-list ez-toc-list-level-1 ' ><li class='ez-toc-page-1 ez-toc-heading-level-2'><a class=\"ez-toc-link ez-toc-heading-1\" href=\"https:\/\/idecesos.com\/seguros\/companias\/eterna\/dar-de-baja\/#Diferentes_opciones_para_cancelar_un_contrato_con_Eterna\" >Diferentes opciones para cancelar un contrato con Eterna<\/a><ul class='ez-toc-list-level-3' ><li class='ez-toc-heading-level-3'><a class=\"ez-toc-link ez-toc-heading-2\" href=\"https:\/\/idecesos.com\/seguros\/companias\/eterna\/dar-de-baja\/#A_traves_de_la_web_de_Eterna\" >A trav\u00e9s de la web de Eterna<\/a><\/li><li class='ez-toc-page-1 ez-toc-heading-level-3'><a class=\"ez-toc-link ez-toc-heading-3\" href=\"https:\/\/idecesos.com\/seguros\/companias\/eterna\/dar-de-baja\/#Utilizando_el_correo_electronico_de_Eterna\" >Utilizando el correo electr\u00f3nico de Eterna<\/a><\/li><li class='ez-toc-page-1 ez-toc-heading-level-3'><a class=\"ez-toc-link ez-toc-heading-4\" href=\"https:\/\/idecesos.com\/seguros\/companias\/eterna\/dar-de-baja\/#Dar_de_baja_Eterna_por_fax\" >Dar de baja Eterna por fax<\/a><\/li><li class='ez-toc-page-1 ez-toc-heading-level-3'><a class=\"ez-toc-link ez-toc-heading-5\" href=\"https:\/\/idecesos.com\/seguros\/companias\/eterna\/dar-de-baja\/#En_la_oficina_de_Eterna\" >En la oficina de Eterna<\/a><\/li><li class='ez-toc-page-1 ez-toc-heading-level-3'><a class=\"ez-toc-link ez-toc-heading-6\" href=\"https:\/\/idecesos.com\/seguros\/companias\/eterna\/dar-de-baja\/#Telefono_para_dar_de_baja_Eterna\" >T\u00e9lefono para dar de baja Eterna<\/a><\/li><\/ul><\/li><li class='ez-toc-page-1 ez-toc-heading-level-2'><a class=\"ez-toc-link ez-toc-heading-7\" href=\"https:\/\/idecesos.com\/seguros\/companias\/eterna\/dar-de-baja\/#Dar_de_baja_seguro_Eterna_de_un_fallecido\" >Dar de baja seguro Eterna de un fallecido<\/a><ul class='ez-toc-list-level-3' ><li class='ez-toc-heading-level-3'><a class=\"ez-toc-link ez-toc-heading-8\" href=\"https:\/\/idecesos.com\/seguros\/companias\/eterna\/dar-de-baja\/#Paginas_relacionadas\" >P\u00e1ginas relacionadas<\/a><\/li><\/ul><\/li><\/ul><\/nav><\/div>\n<p> Dar de baja un seguro de decesos puede parecer algo complejo, pero no se preocupe, ahora, le vamos a mostrar los pasos que debe proseguir. iDecesos ha trabajado para explicarte paso por paso de qu\u00e9 manera darse de baja en el seguro de decesos que tiene contratado. Tendr\u00e1 su problema solucionado en unos minutos y, es recomendable que busque otro seguro de decesos que se ajuste a sus necesidades, para la calma y estabilidad en su vida y la de su familia. Debe saber que, ha de avisar a la compa\u00f1\u00eda 30 d\u00edas ya antes de la renovaci\u00f3n de su seguro de decesos para poder darlo de baja. <div class=\"colorf \"  ><div class=\"container clearfix\"><div class=\"col-md-7\"><\/p>\r\n<h2><span class=\"ez-toc-section\" id=\"Diferentes_opciones_para_cancelar_un_contrato_con_Eterna\"><\/span>Diferentes opciones para cancelar un contrato con Eterna<span class=\"ez-toc-section-end\"><\/span><\/h2>\r\n<!-- \/wp:post-content -->\r\n\r\n<!-- wp:paragraph -->\r\n<p>Cada compa\u00f1\u00eda de seguro de decesos funciona de una forma diferente, mas la mayor\u00eda le solicitan a sus clientes del servicio un documento en el que usted ponga sus deseos de dar de baja sus servicios de su seguro de decesos. Hay diferentes formas de darse de baja, pero, de cualquier forma, si usted desea enviar una carta certificada con un modelo est\u00e1ndar de cancelaci\u00f3n de su contrato con Eterna esta deber\u00e1 d\u00e1rselo por v\u00e1lido. Le recomendamos que conserve el resguardo del documento y, posteriormente, haga una copia. Si decide no seleccionar este m\u00e9todo, a continuaci\u00f3n, le mostramos otras formas por las que va a poder darse de baja del seguro de decesos de Eterna. <\/div><\/div><\/div><\/p>\r\n<h3><span class=\"ez-toc-section\" id=\"A_traves_de_la_web_de_Eterna\"><\/span>A trav\u00e9s de la web de Eterna<span class=\"ez-toc-section-end\"><\/span><\/h3>\r\n<p>Otra de las formas m\u00e1s usadas es mediante la web de la compa\u00f1\u00eda del seguro. Vas a poder redactar en su buscador la informaci\u00f3n que precisas saber en www.eterna-aseguradora.es\/es. Si la p\u00e1gina web no tiene buscador, encuentra aquella secci\u00f3n que m\u00e1s se le parezca. Para dar de baja de forma correcta tu seguro de decesos, deber\u00e1s seguir unos pasos que van desde rellenar el formulario o bien descargar documentos. Si de todas y cada una maneras no halla lo que busca, no debe preocuparse, p\u00f3ngase en contacto con nosotros para que podamos facilitarle toda la informaci\u00f3n que precisa mediante nuestro n\u00famero 951 127 403 o por nuestro mail info@idecesos. com. En el caso de que s\u00ed le aparezca lo que busca, tras rellenar y enviar todo cuanto le piden, en solo unos minutos recibir\u00e1 un documento de Eterna notificando de su baja a trav\u00e9s de correo electr\u00f3nico y carta. <div class=\"colorf \"  ><div class=\"container clearfix\"><div class=\"col-md-7\"><\/p>\r\n<h3><span class=\"ez-toc-section\" id=\"Utilizando_el_correo_electronico_de_Eterna\"><\/span>Utilizando el correo electr\u00f3nico de Eterna<span class=\"ez-toc-section-end\"><\/span><\/h3>\r\n<p>Tiene la posibilidad de dar de baja a su seguro, a trav\u00e9s de correo. La direcci\u00f3n de correo de la compa\u00f1\u00eda es la siguiente email Eterna. Le indicamos que, debe expedir los siguientes documentos a Eterna: una imitaci\u00f3n de su documento de identidad y, la notificaci\u00f3n firmada por usted y, si no la tiene, puede encontrarla en la p\u00e1gina web de la compa\u00f1\u00eda o nosotros mismos se la daremos, a trav\u00e9s de el n\u00famero 951 127 403 o bien el mail info@idecesos. com. Es necesario que tenga un justificante del recibo y, una copia sellada, para una correcta ejecuci\u00f3n. Para su calma, guarde una imitaci\u00f3n de la notificaci\u00f3n, en la que aparezca la fecha de env\u00edo. <\/div><\/div><\/div><\/p>\r\n<h3><span class=\"ez-toc-section\" id=\"Dar_de_baja_Eterna_por_fax\"><\/span>Dar de baja Eterna por fax<span class=\"ez-toc-section-end\"><\/span><\/h3>\r\n<p>Fax es otro procedimiento para dar de baja su seguro de decesos. Se asemeja bastante al anterior, solo cambia la manera en la que se mandan los documentos. En el fax que env\u00ede, va a deber aparecer una copia de su documento nacional de identidad, junto a la notificaci\u00f3n firmada y, si no la tiene, puede procurarla en la p\u00e1gina web de Eterna o poni\u00e9ndose en contacto con nosotros mediante el tel\u00e9fono 951 127 403. Igual que en las otras alternativas, le recordamos que debe guardar una copia sellada y tener un justificante de su recibo. No debe olvidar, guardar al lado de los anteriores documentos, una imitaci\u00f3n de la notificaci\u00f3n y, su fecha de env\u00edo. <div class=\"colorf \"  ><div class=\"container clearfix\"><div class=\"col-md-7\"><\/p>\r\n<h3><span class=\"ez-toc-section\" id=\"En_la_oficina_de_Eterna\"><\/span>En la oficina de Eterna<span class=\"ez-toc-section-end\"><\/span><\/h3>\r\n<p>Si prefiere llevar el proceso de su baja, manera presencial, va a poder hacerlo acudiendo a las oficinas de Eterna. Pregunte o bien busque en su buscador la oficina de Eterna m\u00e1s cercana a su casa y dir\u00edjase en el horario estipulado para poder ser atendido. Para que pueda rellenar, de manera inmejorable, los documentos y, m\u00e1s tarde firmarlos, un experto le ayudar\u00e1. Todo va a ser muy simple, prosiga las indicaciones que le vayan diciendo. Tenga presente que debe llevar el documento nacional de identidad, para que se puedan llevar las gestiones eficientemente. Para su calma, el experto se encargar\u00e1 de cerrar los tr\u00e1mites de la baja de su seguro y, le van a dar todas las copias de los documentos a fin de que las guarde. <\/div><\/div><\/div><\/p>\r\n<h3><span class=\"ez-toc-section\" id=\"Telefono_para_dar_de_baja_Eterna\"><\/span>T\u00e9lefono para dar de baja Eterna<span class=\"ez-toc-section-end\"><\/span><\/h3>\r\n<p>Dar de baja su seguro de decesos por tel\u00e9fono, va a ser tan simple como proseguir adecuadamente los pasos que le indiquen los trabajadores expertos de Eterna. Por ende, va a poder contactar buscando su n\u00famero en Internet o bien, llamando al 91 703 90 00. Para su calma, siguiendo los pasos indicados, cada aspecto va a estar solucionado y, los expertos se ocupar\u00e1n de los tr\u00e1mites que falten para cerrar su contrato de baja. <div class=\"colorf \"  ><div class=\"container clearfix\"><div class=\"col-md-7\"><\/p>\r\n<h2><span class=\"ez-toc-section\" id=\"Dar_de_baja_seguro_Eterna_de_un_fallecido\"><\/span>Dar de baja seguro Eterna de un fallecido<span class=\"ez-toc-section-end\"><\/span><\/h2>\r\n<p>Para terminar, tendr\u00e1 una explicaci\u00f3n en detalle de de qu\u00e9 forma dar de baja el seguro, tras el fallecimiento de la persona asegurada. Debido a la ausencia de la persona que ha contratado el seguro, puede parecer bastante dif\u00edcil su baja mas, con nosotros, va a ser mucho m\u00e1s simple de lo que semeja. No debe preocuparse por nada ni hacer ninguno de los tr\u00e1mites que le hemos explicado previamente. Eterna es la responsable de cancelar su seguro de decesos de manera autom\u00e1tica tras la muerte de su asegurado. Eterna, tras el sepelio de la persona asegurada, se encargar\u00e1 de todos y cada uno de los tr\u00e1mites legales para darle de baja y, los familiares no deber\u00e1n preocuparse, van a poder estar tranquilos. <\/div><\/div><\/div> <div class=\"oficinas\"> <h3><span class=\"ez-toc-section\" id=\"Paginas_relacionadas\"><\/span>P\u00e1ginas relacionadas<span class=\"ez-toc-section-end\"><\/span><\/h3><div class=\"enlazado\"><ul> <li><a href=\"https:\/\/idecesos.com\/seguros\/companias\/eterna\/opiniones\/\">Opiniones Eterna<\/a><\/li> <li><a href=\"https:\/\/idecesos.com\/seguros\/companias\/eterna\/precio\/\">Precio seguro Eterna<\/a><\/li> <li><a href=\"https:\/\/idecesos.com\/seguros\/companias\/eterna\/prima-mixta\/\">Eterna Prima Mixta<\/a><\/li> <li><a href=\"https:\/\/idecesos.com\/seguros\/companias\/eterna\/prima-natural\/\">Eterna Prima Natural<\/a><\/li> <li><a href=\"https:\/\/idecesos.com\/seguros\/companias\/eterna\/prima-nivelada\/\">Eterna Prima Nivelada<\/a><\/li> <li><a href=\"https:\/\/idecesos.com\/seguros\/companias\/eterna\/prima-unica\/\">Eterna Prima \u00danica<\/a><\/li> <li><a href=\"https:\/\/idecesos.com\/seguros\/companias\/eterna\/repatriacion\/\">Eterna Repatriaci\u00f3n<\/a><\/li> <li><a href=\"https:\/\/idecesos.com\/seguros\/companias\/eterna\/telefono\/\">Tel\u00e9fono Gratuito Eterna<\/a><\/li><\/ul><\/div> <\/div><\/p>","protected":false},"excerpt":{"rendered":"<p>Dar de baja un seguro de decesos puede parecer algo complejo, pero no se preocupe, ahora, le vamos a mostrar los pasos que debe proseguir. iDecesos ha trabajado para explicarte paso por paso de qu\u00e9 manera darse de baja en el seguro de decesos que tiene contratado. Tendr\u00e1 su problema solucionado en unos minutos y,&hellip; <\/p>\n","protected":false},"author":1,"featured_media":0,"parent":5997,"menu_order":0,"comment_status":"closed","ping_status":"closed","template":"single.php","meta":{"footnotes":""},"class_list":["post-18237","page","type-page","status-publish","hentry"],"yoast_head":"<!-- This site is optimized with the Yoast SEO plugin v27.3 - https:\/\/yoast.com\/product\/yoast-seo-wordpress\/ -->\n<title>\u00bfC\u00f3mo dar de Baja o Cancelar Seguro de Decesos Eterna?<\/title>\n<meta name=\"description\" content=\"Obt\u00e9n aqu\u00ed\u3010c\u00f3mo dar de baja o cancelar seguro de decesos Eterna\u3011Modelo carta, fax, correo electr\u00f3nico (email), tel\u00e9fono gratis.\" \/>\n<meta name=\"robots\" content=\"index, follow, max-snippet:-1, max-image-preview:large, max-video-preview:-1\" \/>\n<link rel=\"canonical\" href=\"https:\/\/idecesos.com\/seguros\/companias\/eterna\/dar-de-baja\/\" \/>\n<meta property=\"og:locale\" content=\"es_ES\" \/>\n<meta property=\"og:type\" content=\"article\" \/>\n<meta property=\"og:title\" content=\"\u00bfC\u00f3mo dar de Baja o Cancelar Seguro de Decesos Eterna?\" \/>\n<meta property=\"og:description\" content=\"Obt\u00e9n aqu\u00ed\u3010c\u00f3mo dar de baja o cancelar seguro de decesos Eterna\u3011Modelo carta, fax, correo electr\u00f3nico (email), tel\u00e9fono gratis.\" \/>\n<meta property=\"og:url\" content=\"https:\/\/idecesos.com\/seguros\/companias\/eterna\/dar-de-baja\/\" \/>\n<meta property=\"article:modified_time\" content=\"2022-01-31T17:59:45+00:00\" \/>\n<meta name=\"twitter:card\" content=\"summary_large_image\" \/>\n<meta name=\"twitter:label1\" content=\"Tiempo de lectura\" \/>\n\t<meta name=\"twitter:data1\" content=\"5 minutos\" \/>\n<script type=\"application\/ld+json\" class=\"yoast-schema-graph\">{\"@context\":\"https:\\\/\\\/schema.org\",\"@graph\":[{\"@type\":\"WebPage\",\"@id\":\"https:\\\/\\\/idecesos.com\\\/seguros\\\/companias\\\/eterna\\\/dar-de-baja\\\/\",\"url\":\"https:\\\/\\\/idecesos.com\\\/seguros\\\/companias\\\/eterna\\\/dar-de-baja\\\/\",\"name\":\"\u00bfC\u00f3mo dar de Baja o Cancelar Seguro de Decesos Eterna?\",\"isPartOf\":{\"@id\":\"https:\\\/\\\/idecesos.com\\\/seguros\\\/#website\"},\"datePublished\":\"2021-12-29T11:53:24+00:00\",\"dateModified\":\"2022-01-31T17:59:45+00:00\",\"description\":\"Obt\u00e9n aqu\u00ed\u3010c\u00f3mo dar de baja o cancelar seguro de decesos Eterna\u3011Modelo carta, fax, correo electr\u00f3nico (email), tel\u00e9fono gratis.\",\"breadcrumb\":{\"@id\":\"https:\\\/\\\/idecesos.com\\\/seguros\\\/companias\\\/eterna\\\/dar-de-baja\\\/#breadcrumb\"},\"inLanguage\":\"es\",\"potentialAction\":[{\"@type\":\"ReadAction\",\"target\":[\"https:\\\/\\\/idecesos.com\\\/seguros\\\/companias\\\/eterna\\\/dar-de-baja\\\/\"]}]},{\"@type\":\"BreadcrumbList\",\"@id\":\"https:\\\/\\\/idecesos.com\\\/seguros\\\/companias\\\/eterna\\\/dar-de-baja\\\/#breadcrumb\",\"itemListElement\":[{\"@type\":\"ListItem\",\"position\":1,\"name\":\"Portada\",\"item\":\"https:\\\/\\\/idecesos.com\\\/seguros\\\/\"},{\"@type\":\"ListItem\",\"position\":2,\"name\":\"Compa\u00f1\u00edas de Seguros de Decesos en Espa\u00f1a\",\"item\":\"https:\\\/\\\/idecesos.com\\\/seguros\\\/companias\\\/\"},{\"@type\":\"ListItem\",\"position\":3,\"name\":\"Seguro de Decesos Eterna\",\"item\":\"https:\\\/\\\/idecesos.com\\\/seguros\\\/companias\\\/eterna\\\/\"},{\"@type\":\"ListItem\",\"position\":4,\"name\":\"\u00bfC\u00f3mo dar de baja seguro Eterna?\"}]},{\"@type\":\"WebSite\",\"@id\":\"https:\\\/\\\/idecesos.com\\\/seguros\\\/#website\",\"url\":\"https:\\\/\\\/idecesos.com\\\/seguros\\\/\",\"name\":\"\",\"description\":\"\",\"potentialAction\":[{\"@type\":\"SearchAction\",\"target\":{\"@type\":\"EntryPoint\",\"urlTemplate\":\"https:\\\/\\\/idecesos.com\\\/seguros\\\/?s={search_term_string}\"},\"query-input\":{\"@type\":\"PropertyValueSpecification\",\"valueRequired\":true,\"valueName\":\"search_term_string\"}}],\"inLanguage\":\"es\"}]}<\/script>\n<!-- \/ Yoast SEO plugin. -->","yoast_head_json":{"title":"\u00bfC\u00f3mo dar de Baja o Cancelar Seguro de Decesos Eterna?","description":"Obt\u00e9n aqu\u00ed\u3010c\u00f3mo dar de baja o cancelar seguro de decesos Eterna\u3011Modelo carta, fax, correo electr\u00f3nico (email), tel\u00e9fono gratis.","robots":{"index":"index","follow":"follow","max-snippet":"max-snippet:-1","max-image-preview":"max-image-preview:large","max-video-preview":"max-video-preview:-1"},"canonical":"https:\/\/idecesos.com\/seguros\/companias\/eterna\/dar-de-baja\/","og_locale":"es_ES","og_type":"article","og_title":"\u00bfC\u00f3mo dar de Baja o Cancelar Seguro de Decesos Eterna?","og_description":"Obt\u00e9n aqu\u00ed\u3010c\u00f3mo dar de baja o cancelar seguro de decesos Eterna\u3011Modelo carta, fax, correo electr\u00f3nico (email), tel\u00e9fono gratis.","og_url":"https:\/\/idecesos.com\/seguros\/companias\/eterna\/dar-de-baja\/","article_modified_time":"2022-01-31T17:59:45+00:00","twitter_card":"summary_large_image","twitter_misc":{"Tiempo de lectura":"5 minutos"},"schema":{"@context":"https:\/\/schema.org","@graph":[{"@type":"WebPage","@id":"https:\/\/idecesos.com\/seguros\/companias\/eterna\/dar-de-baja\/","url":"https:\/\/idecesos.com\/seguros\/companias\/eterna\/dar-de-baja\/","name":"\u00bfC\u00f3mo dar de Baja o Cancelar Seguro de Decesos Eterna?","isPartOf":{"@id":"https:\/\/idecesos.com\/seguros\/#website"},"datePublished":"2021-12-29T11:53:24+00:00","dateModified":"2022-01-31T17:59:45+00:00","description":"Obt\u00e9n aqu\u00ed\u3010c\u00f3mo dar de baja o cancelar seguro de decesos Eterna\u3011Modelo carta, fax, correo electr\u00f3nico (email), tel\u00e9fono gratis.","breadcrumb":{"@id":"https:\/\/idecesos.com\/seguros\/companias\/eterna\/dar-de-baja\/#breadcrumb"},"inLanguage":"es","potentialAction":[{"@type":"ReadAction","target":["https:\/\/idecesos.com\/seguros\/companias\/eterna\/dar-de-baja\/"]}]},{"@type":"BreadcrumbList","@id":"https:\/\/idecesos.com\/seguros\/companias\/eterna\/dar-de-baja\/#breadcrumb","itemListElement":[{"@type":"ListItem","position":1,"name":"Portada","item":"https:\/\/idecesos.com\/seguros\/"},{"@type":"ListItem","position":2,"name":"Compa\u00f1\u00edas de Seguros de Decesos en Espa\u00f1a","item":"https:\/\/idecesos.com\/seguros\/companias\/"},{"@type":"ListItem","position":3,"name":"Seguro de Decesos Eterna","item":"https:\/\/idecesos.com\/seguros\/companias\/eterna\/"},{"@type":"ListItem","position":4,"name":"\u00bfC\u00f3mo dar de baja seguro Eterna?"}]},{"@type":"WebSite","@id":"https:\/\/idecesos.com\/seguros\/#website","url":"https:\/\/idecesos.com\/seguros\/","name":"","description":"","potentialAction":[{"@type":"SearchAction","target":{"@type":"EntryPoint","urlTemplate":"https:\/\/idecesos.com\/seguros\/?s={search_term_string}"},"query-input":{"@type":"PropertyValueSpecification","valueRequired":true,"valueName":"search_term_string"}}],"inLanguage":"es"}]}},"_links":{"self":[{"href":"https:\/\/idecesos.com\/seguros\/wp-json\/wp\/v2\/pages\/18237","targetHints":{"allow":["GET"]}}],"collection":[{"href":"https:\/\/idecesos.com\/seguros\/wp-json\/wp\/v2\/pages"}],"about":[{"href":"https:\/\/idecesos.com\/seguros\/wp-json\/wp\/v2\/types\/page"}],"author":[{"embeddable":true,"href":"https:\/\/idecesos.com\/seguros\/wp-json\/wp\/v2\/users\/1"}],"replies":[{"embeddable":true,"href":"https:\/\/idecesos.com\/seguros\/wp-json\/wp\/v2\/comments?post=18237"}],"version-history":[{"count":2,"href":"https:\/\/idecesos.com\/seguros\/wp-json\/wp\/v2\/pages\/18237\/revisions"}],"predecessor-version":[{"id":19188,"href":"https:\/\/idecesos.com\/seguros\/wp-json\/wp\/v2\/pages\/18237\/revisions\/19188"}],"up":[{"embeddable":true,"href":"https:\/\/idecesos.com\/seguros\/wp-json\/wp\/v2\/pages\/5997"}],"wp:attachment":[{"href":"https:\/\/idecesos.com\/seguros\/wp-json\/wp\/v2\/media?parent=18237"}],"curies":[{"name":"wp","href":"https:\/\/api.w.org\/{rel}","templated":true}]}}