{"id":18238,"date":"2021-12-29T11:53:24","date_gmt":"2021-12-29T11:53:24","guid":{"rendered":"https:\/\/idecesos.com\/seguros\/companias\/asociacion-europea\/dar-de-baja\/"},"modified":"2022-01-31T18:10:46","modified_gmt":"2022-01-31T18:10:46","slug":"dar-de-baja","status":"publish","type":"page","link":"https:\/\/idecesos.com\/seguros\/companias\/asociacion-europea\/dar-de-baja\/","title":{"rendered":"\u00bfC\u00f3mo dar de baja seguro Asociaci\u00f3n Europea?"},"content":{"rendered":"<div id=\"ez-toc-container\" class=\"ez-toc-v2_0_82_2 ez-toc-wrap-center counter-hierarchy ez-toc-counter ez-toc-custom ez-toc-container-direction\">\n<div class=\"ez-toc-title-container\">\n<p class=\"ez-toc-title\" style=\"cursor:inherit\">Tabla de Contenido<\/p>\n<span class=\"ez-toc-title-toggle\"><a href=\"#\" class=\"ez-toc-pull-right ez-toc-btn ez-toc-btn-xs ez-toc-btn-default ez-toc-toggle\" aria-label=\"Alternar tabla de contenidos\"><span class=\"ez-toc-js-icon-con\"><span class=\"\"><span class=\"eztoc-hide\" style=\"display:none;\">Toggle<\/span><span class=\"ez-toc-icon-toggle-span\"><svg style=\"fill: #db6415;color:#db6415\" xmlns=\"http:\/\/www.w3.org\/2000\/svg\" class=\"list-377408\" width=\"20px\" height=\"20px\" viewBox=\"0 0 24 24\" fill=\"none\"><path d=\"M6 6H4v2h2V6zm14 0H8v2h12V6zM4 11h2v2H4v-2zm16 0H8v2h12v-2zM4 16h2v2H4v-2zm16 0H8v2h12v-2z\" fill=\"currentColor\"><\/path><\/svg><svg style=\"fill: #db6415;color:#db6415\" class=\"arrow-unsorted-368013\" xmlns=\"http:\/\/www.w3.org\/2000\/svg\" width=\"10px\" height=\"10px\" viewBox=\"0 0 24 24\" version=\"1.2\" baseProfile=\"tiny\"><path d=\"M18.2 9.3l-6.2-6.3-6.2 6.3c-.2.2-.3.4-.3.7s.1.5.3.7c.2.2.4.3.7.3h11c.3 0 .5-.1.7-.3.2-.2.3-.5.3-.7s-.1-.5-.3-.7zM5.8 14.7l6.2 6.3 6.2-6.3c.2-.2.3-.5.3-.7s-.1-.5-.3-.7c-.2-.2-.4-.3-.7-.3h-11c-.3 0-.5.1-.7.3-.2.2-.3.5-.3.7s.1.5.3.7z\"\/><\/svg><\/span><\/span><\/span><\/a><\/span><\/div>\n<nav><ul class='ez-toc-list ez-toc-list-level-1 ' ><li class='ez-toc-page-1 ez-toc-heading-level-2'><a class=\"ez-toc-link ez-toc-heading-1\" href=\"https:\/\/idecesos.com\/seguros\/companias\/asociacion-europea\/dar-de-baja\/#Diferentes_opciones_para_cancelar_un_contrato_con_Asociacion_Europea\" >Diferentes opciones para cancelar un contrato con Asociaci\u00f3n Europea<\/a><ul class='ez-toc-list-level-3' ><li class='ez-toc-heading-level-3'><a class=\"ez-toc-link ez-toc-heading-2\" href=\"https:\/\/idecesos.com\/seguros\/companias\/asociacion-europea\/dar-de-baja\/#A_traves_de_la_web_de_Asociacion_Europea\" >A trav\u00e9s de la web de Asociaci\u00f3n Europea<\/a><\/li><li class='ez-toc-page-1 ez-toc-heading-level-3'><a class=\"ez-toc-link ez-toc-heading-3\" href=\"https:\/\/idecesos.com\/seguros\/companias\/asociacion-europea\/dar-de-baja\/#Utilizando_el_correo_electronico_de_Asociacion_Europea\" >Utilizando el correo electr\u00f3nico de Asociaci\u00f3n Europea<\/a><\/li><li class='ez-toc-page-1 ez-toc-heading-level-3'><a class=\"ez-toc-link ez-toc-heading-4\" href=\"https:\/\/idecesos.com\/seguros\/companias\/asociacion-europea\/dar-de-baja\/#Dar_de_baja_Asociacion_Europea_por_fax\" >Dar de baja Asociaci\u00f3n Europea por fax<\/a><\/li><li class='ez-toc-page-1 ez-toc-heading-level-3'><a class=\"ez-toc-link ez-toc-heading-5\" href=\"https:\/\/idecesos.com\/seguros\/companias\/asociacion-europea\/dar-de-baja\/#En_la_oficina_de_Asociacion_Europea\" >En la oficina de Asociaci\u00f3n Europea<\/a><\/li><li class='ez-toc-page-1 ez-toc-heading-level-3'><a class=\"ez-toc-link ez-toc-heading-6\" href=\"https:\/\/idecesos.com\/seguros\/companias\/asociacion-europea\/dar-de-baja\/#Telefono_para_dar_de_baja_Asociacion_Europea\" >Tel\u00e9fono para dar de baja Asociaci\u00f3n Europea<\/a><\/li><\/ul><\/li><li class='ez-toc-page-1 ez-toc-heading-level-2'><a class=\"ez-toc-link ez-toc-heading-7\" href=\"https:\/\/idecesos.com\/seguros\/companias\/asociacion-europea\/dar-de-baja\/#Dar_de_baja_seguro_Asociacion_Europea_de_un_fallecido\" >Dar de baja seguro Asociaci\u00f3n Europea de un fallecido<\/a><ul class='ez-toc-list-level-3' ><li class='ez-toc-heading-level-3'><a class=\"ez-toc-link ez-toc-heading-8\" href=\"https:\/\/idecesos.com\/seguros\/companias\/asociacion-europea\/dar-de-baja\/#Paginas_relacionadas\" >P\u00e1ginas relacionadas<\/a><\/li><\/ul><\/li><\/ul><\/nav><\/div>\n<p> iDecesos ha realizado un estudio para poder explicarle la manera en la que puede dar de baja su seguro de decesos. Es m\u00e1s sencillo de lo que pueda llegar a imaginar y, le indicaremos los pasos que debe dar. De este modo, con la informaci\u00f3n recogida, vas a poder hacerlo mismo y solucionar los problemas que le haya acarreado. Es conveniente que busque un nuevo seguro de decesos, despu\u00e9s de dar de baja el suyo y, de este modo, va a poder prevenir futuras incidencias y, y su familia estar\u00e1n muchos m\u00e1s tranquilos. Para dar de baja su seguro adecuadamente, va a deber informar a la compa\u00f1\u00eda 30 d\u00edas ya antes de su data de renovaci\u00f3n. <div class=\"colorf \"  ><div class=\"container clearfix\"><div class=\"col-md-7\"><\/p>\r\n<h2><span class=\"ez-toc-section\" id=\"Diferentes_opciones_para_cancelar_un_contrato_con_Asociacion_Europea\"><\/span>Diferentes opciones para cancelar un contrato con Asociaci\u00f3n Europea<span class=\"ez-toc-section-end\"><\/span><\/h2>\r\n<!-- \/wp:post-content -->\r\n\r\n<!-- wp:paragraph -->\r\n<p>Cada compa\u00f1\u00eda funciona de una forma diferente pero, en pr\u00e1cticamente todas , va a deber dar un documento en el que pida la baja de su seguro de decesos y, en consecuencia, sus servicios. Contactando con nosotros, a trav\u00e9s del e mail o bien n\u00famero disponible, va a poder obtener el documento de compa\u00f1\u00eda. Si bien existan distintas formas de dar de baja su seguro, al enviar una carta certificada, con el modelo est\u00e1ndar, de cancelaci\u00f3n de su contrato con Asociaci\u00f3n Europea, deber\u00e1 darlo por \u00f3ptimo. Se le recomienda que, no pierda el resguardo del documento y guarde con \u00e9l una copia. Enseguida, le vamos a mostrar diferentes opciones para poder darse de baja de su seguro de decesos Asociaci\u00f3n Europea. <\/div><\/div><\/div><\/p>\r\n<h3><span class=\"ez-toc-section\" id=\"A_traves_de_la_web_de_Asociacion_Europea\"><\/span>A trav\u00e9s de la web de Asociaci\u00f3n Europea<span class=\"ez-toc-section-end\"><\/span><\/h3>\r\n<p>Una de las opciones que tiene disponible para dar de baja su seguro de decesos, es accediendo a la web asociacioneuropea.com\/ de Asociaci\u00f3n Europea y escribiendo en su buscador las dudas que tenga. En ese instante, encontrar\u00e1 un abanico de opciones. Escoja la m\u00e1s adecuada a sus necesidades y contin\u00fae siguiendo los pasos que se le indiquen. Es sencill\u00edsimo. Si en cualquier instante tiene dudas o no encuentra esta opci\u00f3n, tendr\u00e1 la posibilidad de contactar con Asociaci\u00f3n Europea a trav\u00e9s de su n\u00famero de tel\u00e9fono 915 31 15 90. Para finalizar su solicitud y, caso de que s\u00ed le aparezca esa opci\u00f3n, deber\u00e1 rellenar un formulario o bien descargar el documento que se le pida. <div class=\"colorf \"  ><div class=\"container clearfix\"><div class=\"col-md-7\"><\/p>\r\n<h3><span class=\"ez-toc-section\" id=\"Utilizando_el_correo_electronico_de_Asociacion_Europea\"><\/span>Utilizando el correo electr\u00f3nico de Asociaci\u00f3n Europea<span class=\"ez-toc-section-end\"><\/span><\/h3>\r\n<p>Una forma diferente de darse de baja en Asociaci\u00f3n Europea, es mediante su e-mail email Asociaci\u00f3n Europea. Tan solo le llevar\u00e1 unos minutos. La informaci\u00f3n que debe especificar en el mensaje, que env\u00ede al c\u00f3digo postal de Asociaci\u00f3n Europea, va a ser una imitaci\u00f3n de su documento nacional de identidad y la notificaci\u00f3n firmada, complet\u00e1ndola con sus datos personales. Va a deber tener en su poder una copia sellada y un justificante del recibo, para hacer su ejecuci\u00f3n adecuadamente. Asimismo, es esencial que guarde, a buen recaudo, una copia de la notificaci\u00f3n, por si surge alg\u00fan inconveniente en el futuro. <\/div><\/div><\/div><\/p>\r\n<h3><span class=\"ez-toc-section\" id=\"Dar_de_baja_Asociacion_Europea_por_fax\"><\/span>Dar de baja Asociaci\u00f3n Europea por fax<span class=\"ez-toc-section-end\"><\/span><\/h3>\r\n<p>Otro de los m\u00e9todos para dar de baja tu seguro de decesos es a trav\u00e9s del fax. El empleo del fax no tiene mayores complicaciones del mismo modo que el empleo del e-mail. Solo tienes que mandarle a tu compa\u00f1\u00eda de seguro tu copia del documento de identidad y la notificaci\u00f3n firmada. Para conocer d\u00f3nde puedes localizar la notificaci\u00f3n, puedes llamarnos al n\u00famero 951 127 403. Como en las opciones anteriormente detalladas, no olvides guardar la copia sellada y el justificante. La copia de la notificaci\u00f3n con la fecha de env\u00edo tambi\u00e9n es esencial que la guardes. <div class=\"colorf \"  ><div class=\"container clearfix\"><div class=\"col-md-7\"><\/p>\r\n<h3><span class=\"ez-toc-section\" id=\"En_la_oficina_de_Asociacion_Europea\"><\/span>En la oficina de Asociaci\u00f3n Europea<span class=\"ez-toc-section-end\"><\/span><\/h3>\r\n<p>Existen todav\u00eda otros m\u00e9todos por si acaso no eres un buen amigo de las tecnolog\u00edas. La manera m\u00e1s r\u00e1pida para dar de baja tu seguro es acudiendo a tu oficina. Pregunte a su buscador por la oficina m\u00e1s pr\u00f3xima a su casa o al sitio donde se encuentre de Asociaci\u00f3n Europea. Vaya en el horario indicado en la web y si es necesario coja cita para que sus agente puedan atenderle. Tan solo deber\u00e1 ir siguiendo los pasos que le vayan se\u00f1alando para finiquitar de acabar su baja. <\/div><\/div><\/div><\/p>\r\n<h3><span class=\"ez-toc-section\" id=\"Telefono_para_dar_de_baja_Asociacion_Europea\"><\/span>Tel\u00e9fono para dar de baja Asociaci\u00f3n Europea<span class=\"ez-toc-section-end\"><\/span><\/h3>\r\n<p>Tambi\u00e9n puedes solicitar la baja mediante v\u00eda telef\u00f3nica. Solo tendr\u00e1s que buscar el tel\u00e9fono en la red o ponte en contacto con nosotros en el 915 31 15 90\u00a0para darte una mayor informaci\u00f3n. Para resolver tus dudas, un agente se pondr\u00e1 en contacto contigo y as\u00ed poder asistirte de una forma absolutamente adaptada. Siga los pasos que le vaya se\u00f1alando el agente de Asociaci\u00f3n Europea y se pondr\u00e1 manos a la obra para dar de baja sus servicios. Como ya hemos comentado, le recomendamos que no se quede sin un seguro de decesos con lo que no dude en ver todas y cada una de las opciones y equiparar todas y cada una de las ofertas con nuestros en nuestra p\u00e1gina de iDecesos. <div class=\"colorf \"  ><div class=\"container clearfix\"><div class=\"col-md-7\"><\/p>\r\n<h2><span class=\"ez-toc-section\" id=\"Dar_de_baja_seguro_Asociacion_Europea_de_un_fallecido\"><\/span>Dar de baja seguro Asociaci\u00f3n Europea de un fallecido<span class=\"ez-toc-section-end\"><\/span><\/h2>\r\n<p>Para finalizar, va a tener una explicaci\u00f3n en detalle de c\u00f3mo dar de baja el seguro, tras el fallecimiento de la persona asegurada. Nos encargaremos de que este m\u00e9todo, que le puede resultar complejo, sea m\u00e1s f\u00e1cil y f\u00e1cil de lo que cree. No debe preocuparse por los tr\u00e1mites ya mencionados. En el momento que fallezca el asegurado\/a, Asociaci\u00f3n Europea anular\u00e1 inmediatamente su seguro. Para la calma de sus familiares, cuando ocurra el fallecimiento del ser querido, la compa\u00f1\u00eda se va a hacer cargo de todos y cada uno de los tr\u00e1mites precisos. <\/div><\/div><\/div> <div class=\"oficinas\"> <h3><span class=\"ez-toc-section\" id=\"Paginas_relacionadas\"><\/span>P\u00e1ginas relacionadas<span class=\"ez-toc-section-end\"><\/span><\/h3><div class=\"enlazado\"><ul> <li><a href=\"https:\/\/idecesos.com\/seguros\/companias\/asociacion-europea\/opiniones\/\">Opiniones Asociaci\u00f3n Europea<\/a><\/li> <li><a href=\"https:\/\/idecesos.com\/seguros\/companias\/asociacion-europea\/precio\/\">Precio seguro Asociaci\u00f3n Europea<\/a><\/li> <li><a href=\"https:\/\/idecesos.com\/seguros\/companias\/asociacion-europea\/prima-mixta\/\">Asociaci\u00f3n Europea Prima Mixta<\/a><\/li> <li><a href=\"https:\/\/idecesos.com\/seguros\/companias\/asociacion-europea\/prima-natural\/\">Asociaci\u00f3n Europea Prima Natural<\/a><\/li> <li><a href=\"https:\/\/idecesos.com\/seguros\/companias\/asociacion-europea\/prima-nivelada\/\">Asociaci\u00f3n Europea Prima Nivelada<\/a><\/li> <li><a href=\"https:\/\/idecesos.com\/seguros\/companias\/asociacion-europea\/prima-unica\/\">Asociaci\u00f3n Europea Prima \u00danica<\/a><\/li> <li><a href=\"https:\/\/idecesos.com\/seguros\/companias\/asociacion-europea\/repatriacion\/\">Asociaci\u00f3n Europea Repatriaci\u00f3n<\/a><\/li> <li><a href=\"https:\/\/idecesos.com\/seguros\/companias\/asociacion-europea\/telefono\/\">Tel\u00e9fono Gratuito Asociaci\u00f3n Europea<\/a><\/li><\/ul><\/div> <\/div><\/p>","protected":false},"excerpt":{"rendered":"<p>iDecesos ha realizado un estudio para poder explicarle la manera en la que puede dar de baja su seguro de decesos. Es m\u00e1s sencillo de lo que pueda llegar a imaginar y, le indicaremos los pasos que debe dar. De este modo, con la informaci\u00f3n recogida, vas a poder hacerlo mismo y solucionar los problemas&hellip; <\/p>\n","protected":false},"author":1,"featured_media":18650,"parent":6000,"menu_order":0,"comment_status":"closed","ping_status":"closed","template":"single.php","meta":{"footnotes":""},"class_list":["post-18238","page","type-page","status-publish","has-post-thumbnail","hentry"],"yoast_head":"<!-- This site is optimized with the Yoast SEO plugin v27.5 - https:\/\/yoast.com\/product\/yoast-seo-wordpress\/ -->\n<title>\u00bfC\u00f3mo dar de Baja o Cancelar Seguro de Decesos Asociaci\u00f3n Europea?<\/title>\n<meta name=\"description\" content=\"Obt\u00e9n aqu\u00ed\u3010c\u00f3mo dar de baja o cancelar seguro de decesos Asociaci\u00f3n Europea\u3011Modelo carta, fax, correo electr\u00f3nico (email), tel\u00e9fono gratis.\" \/>\n<meta name=\"robots\" content=\"index, follow, max-snippet:-1, max-image-preview:large, max-video-preview:-1\" \/>\n<link rel=\"canonical\" href=\"https:\/\/idecesos.com\/seguros\/companias\/asociacion-europea\/dar-de-baja\/\" \/>\n<meta property=\"og:locale\" content=\"es_ES\" \/>\n<meta property=\"og:type\" content=\"article\" \/>\n<meta property=\"og:title\" content=\"\u00bfC\u00f3mo dar de Baja o Cancelar Seguro de Decesos Asociaci\u00f3n Europea?\" \/>\n<meta property=\"og:description\" content=\"Obt\u00e9n aqu\u00ed\u3010c\u00f3mo dar de baja o cancelar seguro de decesos Asociaci\u00f3n Europea\u3011Modelo carta, fax, correo electr\u00f3nico (email), tel\u00e9fono gratis.\" \/>\n<meta property=\"og:url\" content=\"https:\/\/idecesos.com\/seguros\/companias\/asociacion-europea\/dar-de-baja\/\" \/>\n<meta property=\"article:modified_time\" content=\"2022-01-31T18:10:46+00:00\" \/>\n<meta property=\"og:image\" content=\"https:\/\/idecesos.com\/seguros\/wp-content\/uploads\/2022\/01\/dar-de-baja.jpg\" \/>\n\t<meta property=\"og:image:width\" content=\"1536\" \/>\n\t<meta property=\"og:image:height\" content=\"320\" \/>\n\t<meta property=\"og:image:type\" content=\"image\/jpeg\" \/>\n<meta name=\"twitter:card\" content=\"summary_large_image\" \/>\n<meta name=\"twitter:label1\" content=\"Tiempo de lectura\" \/>\n\t<meta name=\"twitter:data1\" content=\"15 minutos\" \/>\n<script type=\"application\/ld+json\" class=\"yoast-schema-graph\">{\"@context\":\"https:\\\/\\\/schema.org\",\"@graph\":[{\"@type\":\"WebPage\",\"@id\":\"https:\\\/\\\/idecesos.com\\\/seguros\\\/companias\\\/asociacion-europea\\\/dar-de-baja\\\/\",\"url\":\"https:\\\/\\\/idecesos.com\\\/seguros\\\/companias\\\/asociacion-europea\\\/dar-de-baja\\\/\",\"name\":\"\u00bfC\u00f3mo dar de Baja o Cancelar Seguro de Decesos Asociaci\u00f3n Europea?\",\"isPartOf\":{\"@id\":\"https:\\\/\\\/idecesos.com\\\/seguros\\\/#website\"},\"primaryImageOfPage\":{\"@id\":\"https:\\\/\\\/idecesos.com\\\/seguros\\\/companias\\\/asociacion-europea\\\/dar-de-baja\\\/#primaryimage\"},\"image\":{\"@id\":\"https:\\\/\\\/idecesos.com\\\/seguros\\\/companias\\\/asociacion-europea\\\/dar-de-baja\\\/#primaryimage\"},\"thumbnailUrl\":\"https:\\\/\\\/idecesos.com\\\/seguros\\\/wp-content\\\/uploads\\\/2022\\\/01\\\/dar-de-baja.jpg\",\"datePublished\":\"2021-12-29T11:53:24+00:00\",\"dateModified\":\"2022-01-31T18:10:46+00:00\",\"description\":\"Obt\u00e9n aqu\u00ed\u3010c\u00f3mo dar de baja o cancelar seguro de decesos Asociaci\u00f3n Europea\u3011Modelo carta, fax, correo electr\u00f3nico (email), tel\u00e9fono gratis.\",\"breadcrumb\":{\"@id\":\"https:\\\/\\\/idecesos.com\\\/seguros\\\/companias\\\/asociacion-europea\\\/dar-de-baja\\\/#breadcrumb\"},\"inLanguage\":\"es\",\"potentialAction\":[{\"@type\":\"ReadAction\",\"target\":[\"https:\\\/\\\/idecesos.com\\\/seguros\\\/companias\\\/asociacion-europea\\\/dar-de-baja\\\/\"]}]},{\"@type\":\"ImageObject\",\"inLanguage\":\"es\",\"@id\":\"https:\\\/\\\/idecesos.com\\\/seguros\\\/companias\\\/asociacion-europea\\\/dar-de-baja\\\/#primaryimage\",\"url\":\"https:\\\/\\\/idecesos.com\\\/seguros\\\/wp-content\\\/uploads\\\/2022\\\/01\\\/dar-de-baja.jpg\",\"contentUrl\":\"https:\\\/\\\/idecesos.com\\\/seguros\\\/wp-content\\\/uploads\\\/2022\\\/01\\\/dar-de-baja.jpg\",\"width\":1536,\"height\":320,\"caption\":\"Dar de baja\"},{\"@type\":\"BreadcrumbList\",\"@id\":\"https:\\\/\\\/idecesos.com\\\/seguros\\\/companias\\\/asociacion-europea\\\/dar-de-baja\\\/#breadcrumb\",\"itemListElement\":[{\"@type\":\"ListItem\",\"position\":1,\"name\":\"Portada\",\"item\":\"https:\\\/\\\/idecesos.com\\\/seguros\\\/\"},{\"@type\":\"ListItem\",\"position\":2,\"name\":\"Compa\u00f1\u00edas de Seguros de Decesos en Espa\u00f1a\",\"item\":\"https:\\\/\\\/idecesos.com\\\/seguros\\\/companias\\\/\"},{\"@type\":\"ListItem\",\"position\":3,\"name\":\"Seguro de Decesos Asociaci\u00f3n Europea\",\"item\":\"https:\\\/\\\/idecesos.com\\\/seguros\\\/companias\\\/asociacion-europea\\\/\"},{\"@type\":\"ListItem\",\"position\":4,\"name\":\"\u00bfC\u00f3mo dar de baja seguro Asociaci\u00f3n Europea?\"}]},{\"@type\":\"WebSite\",\"@id\":\"https:\\\/\\\/idecesos.com\\\/seguros\\\/#website\",\"url\":\"https:\\\/\\\/idecesos.com\\\/seguros\\\/\",\"name\":\"\",\"description\":\"\",\"potentialAction\":[{\"@type\":\"SearchAction\",\"target\":{\"@type\":\"EntryPoint\",\"urlTemplate\":\"https:\\\/\\\/idecesos.com\\\/seguros\\\/?s={search_term_string}\"},\"query-input\":{\"@type\":\"PropertyValueSpecification\",\"valueRequired\":true,\"valueName\":\"search_term_string\"}}],\"inLanguage\":\"es\"}]}<\/script>\n<!-- \/ Yoast SEO plugin. -->","yoast_head_json":{"title":"\u00bfC\u00f3mo dar de Baja o Cancelar Seguro de Decesos Asociaci\u00f3n Europea?","description":"Obt\u00e9n aqu\u00ed\u3010c\u00f3mo dar de baja o cancelar seguro de decesos Asociaci\u00f3n Europea\u3011Modelo carta, fax, correo electr\u00f3nico (email), tel\u00e9fono gratis.","robots":{"index":"index","follow":"follow","max-snippet":"max-snippet:-1","max-image-preview":"max-image-preview:large","max-video-preview":"max-video-preview:-1"},"canonical":"https:\/\/idecesos.com\/seguros\/companias\/asociacion-europea\/dar-de-baja\/","og_locale":"es_ES","og_type":"article","og_title":"\u00bfC\u00f3mo dar de Baja o Cancelar Seguro de Decesos Asociaci\u00f3n Europea?","og_description":"Obt\u00e9n aqu\u00ed\u3010c\u00f3mo dar de baja o cancelar seguro de decesos Asociaci\u00f3n Europea\u3011Modelo carta, fax, correo electr\u00f3nico (email), tel\u00e9fono gratis.","og_url":"https:\/\/idecesos.com\/seguros\/companias\/asociacion-europea\/dar-de-baja\/","article_modified_time":"2022-01-31T18:10:46+00:00","og_image":[{"width":1536,"height":320,"url":"https:\/\/idecesos.com\/seguros\/wp-content\/uploads\/2022\/01\/dar-de-baja.jpg","type":"image\/jpeg"}],"twitter_card":"summary_large_image","twitter_misc":{"Tiempo de lectura":"15 minutos"},"schema":{"@context":"https:\/\/schema.org","@graph":[{"@type":"WebPage","@id":"https:\/\/idecesos.com\/seguros\/companias\/asociacion-europea\/dar-de-baja\/","url":"https:\/\/idecesos.com\/seguros\/companias\/asociacion-europea\/dar-de-baja\/","name":"\u00bfC\u00f3mo dar de Baja o Cancelar Seguro de Decesos Asociaci\u00f3n Europea?","isPartOf":{"@id":"https:\/\/idecesos.com\/seguros\/#website"},"primaryImageOfPage":{"@id":"https:\/\/idecesos.com\/seguros\/companias\/asociacion-europea\/dar-de-baja\/#primaryimage"},"image":{"@id":"https:\/\/idecesos.com\/seguros\/companias\/asociacion-europea\/dar-de-baja\/#primaryimage"},"thumbnailUrl":"https:\/\/idecesos.com\/seguros\/wp-content\/uploads\/2022\/01\/dar-de-baja.jpg","datePublished":"2021-12-29T11:53:24+00:00","dateModified":"2022-01-31T18:10:46+00:00","description":"Obt\u00e9n aqu\u00ed\u3010c\u00f3mo dar de baja o cancelar seguro de decesos Asociaci\u00f3n Europea\u3011Modelo carta, fax, correo electr\u00f3nico (email), tel\u00e9fono gratis.","breadcrumb":{"@id":"https:\/\/idecesos.com\/seguros\/companias\/asociacion-europea\/dar-de-baja\/#breadcrumb"},"inLanguage":"es","potentialAction":[{"@type":"ReadAction","target":["https:\/\/idecesos.com\/seguros\/companias\/asociacion-europea\/dar-de-baja\/"]}]},{"@type":"ImageObject","inLanguage":"es","@id":"https:\/\/idecesos.com\/seguros\/companias\/asociacion-europea\/dar-de-baja\/#primaryimage","url":"https:\/\/idecesos.com\/seguros\/wp-content\/uploads\/2022\/01\/dar-de-baja.jpg","contentUrl":"https:\/\/idecesos.com\/seguros\/wp-content\/uploads\/2022\/01\/dar-de-baja.jpg","width":1536,"height":320,"caption":"Dar de baja"},{"@type":"BreadcrumbList","@id":"https:\/\/idecesos.com\/seguros\/companias\/asociacion-europea\/dar-de-baja\/#breadcrumb","itemListElement":[{"@type":"ListItem","position":1,"name":"Portada","item":"https:\/\/idecesos.com\/seguros\/"},{"@type":"ListItem","position":2,"name":"Compa\u00f1\u00edas de Seguros de Decesos en Espa\u00f1a","item":"https:\/\/idecesos.com\/seguros\/companias\/"},{"@type":"ListItem","position":3,"name":"Seguro de Decesos Asociaci\u00f3n Europea","item":"https:\/\/idecesos.com\/seguros\/companias\/asociacion-europea\/"},{"@type":"ListItem","position":4,"name":"\u00bfC\u00f3mo dar de baja seguro Asociaci\u00f3n Europea?"}]},{"@type":"WebSite","@id":"https:\/\/idecesos.com\/seguros\/#website","url":"https:\/\/idecesos.com\/seguros\/","name":"","description":"","potentialAction":[{"@type":"SearchAction","target":{"@type":"EntryPoint","urlTemplate":"https:\/\/idecesos.com\/seguros\/?s={search_term_string}"},"query-input":{"@type":"PropertyValueSpecification","valueRequired":true,"valueName":"search_term_string"}}],"inLanguage":"es"}]}},"_links":{"self":[{"href":"https:\/\/idecesos.com\/seguros\/wp-json\/wp\/v2\/pages\/18238","targetHints":{"allow":["GET"]}}],"collection":[{"href":"https:\/\/idecesos.com\/seguros\/wp-json\/wp\/v2\/pages"}],"about":[{"href":"https:\/\/idecesos.com\/seguros\/wp-json\/wp\/v2\/types\/page"}],"author":[{"embeddable":true,"href":"https:\/\/idecesos.com\/seguros\/wp-json\/wp\/v2\/users\/1"}],"replies":[{"embeddable":true,"href":"https:\/\/idecesos.com\/seguros\/wp-json\/wp\/v2\/comments?post=18238"}],"version-history":[{"count":2,"href":"https:\/\/idecesos.com\/seguros\/wp-json\/wp\/v2\/pages\/18238\/revisions"}],"predecessor-version":[{"id":19193,"href":"https:\/\/idecesos.com\/seguros\/wp-json\/wp\/v2\/pages\/18238\/revisions\/19193"}],"up":[{"embeddable":true,"href":"https:\/\/idecesos.com\/seguros\/wp-json\/wp\/v2\/pages\/6000"}],"wp:featuredmedia":[{"embeddable":true,"href":"https:\/\/idecesos.com\/seguros\/wp-json\/wp\/v2\/media\/18650"}],"wp:attachment":[{"href":"https:\/\/idecesos.com\/seguros\/wp-json\/wp\/v2\/media?parent=18238"}],"curies":[{"name":"wp","href":"https:\/\/api.w.org\/{rel}","templated":true}]}}