{"id":18239,"date":"2021-12-29T11:53:24","date_gmt":"2021-12-29T11:53:24","guid":{"rendered":"https:\/\/idecesos.com\/seguros\/companias\/purisima\/dar-de-baja\/"},"modified":"2022-01-31T17:56:56","modified_gmt":"2022-01-31T17:56:56","slug":"dar-de-baja","status":"publish","type":"page","link":"https:\/\/idecesos.com\/seguros\/companias\/purisima\/dar-de-baja\/","title":{"rendered":"\u00bfC\u00f3mo dar de baja seguro Pur\u00edsima?"},"content":{"rendered":"<div id=\"ez-toc-container\" class=\"ez-toc-v2_0_82_2 ez-toc-wrap-center counter-hierarchy ez-toc-counter ez-toc-custom ez-toc-container-direction\">\n<div class=\"ez-toc-title-container\">\n<p class=\"ez-toc-title\" style=\"cursor:inherit\">Tabla de Contenido<\/p>\n<span class=\"ez-toc-title-toggle\"><a href=\"#\" class=\"ez-toc-pull-right ez-toc-btn ez-toc-btn-xs ez-toc-btn-default ez-toc-toggle\" aria-label=\"Alternar tabla de contenidos\"><span class=\"ez-toc-js-icon-con\"><span class=\"\"><span class=\"eztoc-hide\" style=\"display:none;\">Toggle<\/span><span class=\"ez-toc-icon-toggle-span\"><svg style=\"fill: #db6415;color:#db6415\" xmlns=\"http:\/\/www.w3.org\/2000\/svg\" class=\"list-377408\" width=\"20px\" height=\"20px\" viewBox=\"0 0 24 24\" fill=\"none\"><path d=\"M6 6H4v2h2V6zm14 0H8v2h12V6zM4 11h2v2H4v-2zm16 0H8v2h12v-2zM4 16h2v2H4v-2zm16 0H8v2h12v-2z\" fill=\"currentColor\"><\/path><\/svg><svg style=\"fill: #db6415;color:#db6415\" class=\"arrow-unsorted-368013\" xmlns=\"http:\/\/www.w3.org\/2000\/svg\" width=\"10px\" height=\"10px\" viewBox=\"0 0 24 24\" version=\"1.2\" baseProfile=\"tiny\"><path d=\"M18.2 9.3l-6.2-6.3-6.2 6.3c-.2.2-.3.4-.3.7s.1.5.3.7c.2.2.4.3.7.3h11c.3 0 .5-.1.7-.3.2-.2.3-.5.3-.7s-.1-.5-.3-.7zM5.8 14.7l6.2 6.3 6.2-6.3c.2-.2.3-.5.3-.7s-.1-.5-.3-.7c-.2-.2-.4-.3-.7-.3h-11c-.3 0-.5.1-.7.3-.2.2-.3.5-.3.7s.1.5.3.7z\"\/><\/svg><\/span><\/span><\/span><\/a><\/span><\/div>\n<nav><ul class='ez-toc-list ez-toc-list-level-1 ' ><li class='ez-toc-page-1 ez-toc-heading-level-2'><a class=\"ez-toc-link ez-toc-heading-1\" href=\"https:\/\/idecesos.com\/seguros\/companias\/purisima\/dar-de-baja\/#Diferentes_opciones_para_cancelar_un_contrato_con_Purisima\" >Diferentes opciones para cancelar un contrato con Pur\u00edsima<\/a><ul class='ez-toc-list-level-3' ><li class='ez-toc-heading-level-3'><a class=\"ez-toc-link ez-toc-heading-2\" href=\"https:\/\/idecesos.com\/seguros\/companias\/purisima\/dar-de-baja\/#A_traves_de_la_web_de_Purisima\" >A trav\u00e9s de la web de Pur\u00edsima<\/a><\/li><li class='ez-toc-page-1 ez-toc-heading-level-3'><a class=\"ez-toc-link ez-toc-heading-3\" href=\"https:\/\/idecesos.com\/seguros\/companias\/purisima\/dar-de-baja\/#Utilizando_el_correo_electronico_de_Purisima\" >Utilizando el correo electr\u00f3nico de Pur\u00edsima<\/a><\/li><li class='ez-toc-page-1 ez-toc-heading-level-3'><a class=\"ez-toc-link ez-toc-heading-4\" href=\"https:\/\/idecesos.com\/seguros\/companias\/purisima\/dar-de-baja\/#Dar_de_baja_Purisima_por_fax\" >Dar de baja Pur\u00edsima por fax<\/a><\/li><li class='ez-toc-page-1 ez-toc-heading-level-3'><a class=\"ez-toc-link ez-toc-heading-5\" href=\"https:\/\/idecesos.com\/seguros\/companias\/purisima\/dar-de-baja\/#En_la_oficina_de_Purisima\" >En la oficina de Pur\u00edsima<\/a><\/li><li class='ez-toc-page-1 ez-toc-heading-level-3'><a class=\"ez-toc-link ez-toc-heading-6\" href=\"https:\/\/idecesos.com\/seguros\/companias\/purisima\/dar-de-baja\/#Telefono_para_dar_de_baja_Purisima\" >Tel\u00e9fono para dar de baja Pur\u00edsima<\/a><\/li><\/ul><\/li><li class='ez-toc-page-1 ez-toc-heading-level-2'><a class=\"ez-toc-link ez-toc-heading-7\" href=\"https:\/\/idecesos.com\/seguros\/companias\/purisima\/dar-de-baja\/#Dar_de_baja_seguro_Purisima_de_un_fallecido\" >Dar de baja seguro Pur\u00edsima de un fallecido<\/a><ul class='ez-toc-list-level-3' ><li class='ez-toc-heading-level-3'><a class=\"ez-toc-link ez-toc-heading-8\" href=\"https:\/\/idecesos.com\/seguros\/companias\/purisima\/dar-de-baja\/#Paginas_relacionadas\" >P\u00e1ginas relacionadas<\/a><\/li><\/ul><\/li><\/ul><\/nav><\/div>\n<p> iDecesos se ha encargado de estudiar, pormenorizadamente, de qu\u00e9 forma dar de baja su seguro de decesos. Hacerlo puede parecer algo complicado, pero no tiene de qu\u00e9 preocuparse, ahora, le mostraremos los pasos que a de continuar. Merced a esto, en solo dos minutos va a tener la informaci\u00f3n suficiente para poder hacerlo mismo y solucionar el problema que le haya ocasionado. Es conveniente que busque un nuevo seguro de decesos, tras dar de baja el suyo y, as\u00ed, podr\u00e1 prevenir futuras incidencias y, usted y su familia estar\u00e1n considerablemente m\u00e1s tranquilos. Para dar de baja su seguro adecuadamente, deber\u00e1 informar a la compa\u00f1\u00eda 30 d\u00edas antes de su data de renovaci\u00f3n. <div class=\"colorf \"  ><div class=\"container clearfix\"><div class=\"col-md-7\"><\/p>\r\n<h2><span class=\"ez-toc-section\" id=\"Diferentes_opciones_para_cancelar_un_contrato_con_Purisima\"><\/span>Diferentes opciones para cancelar un contrato con Pur\u00edsima<span class=\"ez-toc-section-end\"><\/span><\/h2>\r\n<!-- \/wp:post-content -->\r\n\r\n<!-- wp:paragraph -->\r\n<p>No todas las compa\u00f1\u00edas de seguros de decesos marchan del mismo modo, pero casi todas le solicitan a sus clientes un documento en el que usted pide dar de baja sus servicios. El documento de Pur\u00edsima va a poder lograrlo poni\u00e9ndose en contacto con nosotros, a trav\u00e9s del mail o n\u00famero de tel\u00e9fono. Si bien existan diferentes maneras de dar de baja su seguro, al enviar una carta certificada, con el modelo est\u00e1ndar, de cancelaci\u00f3n de su contrato con Pur\u00edsima, va a deber darlo por perfecto. Le recomendamos que guarde el resguardo del documento y que haga una copia. Seguidamente, podr\u00e1 conocer m\u00e1s m\u00e9todos que le sirva de ayuda para dar de baja su seguro de decesos contratado con Pur\u00edsima. <\/div><\/div><\/div><\/p>\r\n<h3><span class=\"ez-toc-section\" id=\"A_traves_de_la_web_de_Purisima\"><\/span>A trav\u00e9s de la web de Pur\u00edsima<span class=\"ez-toc-section-end\"><\/span><\/h3>\r\n<p>El acceso a su p\u00e1gina web www.purisimamps.es\/ y teclear en su buscador lo que precises saber, es una de las opciones para dar de baja su seguro de decesos. En ese preciso instante, encontrar\u00e1 un abanico de opciones. Tendr\u00e1s que elegir la indicada y seguir los pasos. Es sencill\u00edsimo. Si en cualquier momento tiene dudas o no encuentra esta alternativa, va a tener la posibilidad de contactar con Pur\u00edsima a trav\u00e9s de su n\u00famero 915 215 483. Para finalizar su solicitud y, en caso de que s\u00ed le aparezca esa alternativa, deber\u00e1 rellenar un formulario o descargar el documento que se le pida. <div class=\"colorf \"  ><div class=\"container clearfix\"><div class=\"col-md-7\"><\/p>\r\n<h3><span class=\"ez-toc-section\" id=\"Utilizando_el_correo_electronico_de_Purisima\"><\/span>Utilizando el correo electr\u00f3nico de Pur\u00edsima<span class=\"ez-toc-section-end\"><\/span><\/h3>\r\n<p>Si lo quieres, tambi\u00e9n puede darse de baja con el env\u00edo de un correo electr\u00f3nico. La direcci\u00f3n de correo de la compa\u00f1\u00eda es la siguiente email Pur\u00edsima. Deber\u00e1 enviar lo siguiente: copia de su documento de identidad y, la notificaci\u00f3n apropiadamente firmada con sus datos personales, que podr\u00e1 encontrarla en la p\u00e1gina web de la compa\u00f1\u00eda o, poni\u00e9ndose en contacto con nosotros al 951 127 403 o bien info@idecesos. com. A fin de que el proceso prosiga un buen camino, debe guardar su justificante del recibo y, una copia apropiadamente sellada. Por lo que pueda pasar en un futuro, le aconsejamos que guarde una imitaci\u00f3n de la notificaci\u00f3n con su fecha de env\u00edo, para quedarse todav\u00eda m\u00e1s apacibles y no puedan ponerle ninguna queja. <\/div><\/div><\/div><\/p>\r\n<h3><span class=\"ez-toc-section\" id=\"Dar_de_baja_Purisima_por_fax\"><\/span>Dar de baja Pur\u00edsima por fax<span class=\"ez-toc-section-end\"><\/span><\/h3>\r\n<p>Otro de los m\u00e9todos para dar de baja tu seguro de decesos es a trav\u00e9s del fax. El procedimiento es parecido al env\u00edo del e-mail solo que tendr\u00e1s que emplear el fax. Deber\u00e1s enviarle a tu compa\u00f1\u00eda tanto tu copia del documento nacional de identidad como la notificaci\u00f3n firmada. Ll\u00e1manos en el 951 127 403 y te informaremos sobre donde puedes localizar la notificaci\u00f3n. Le recordamos que, del mismo modo que en todas las opciones, debe guardar una copia sellada y tener un justificante de su recibo. Si deseas evitar problemas, te recomendamos guardar tambi\u00e9n la copia de la notificaci\u00f3n donde se especifique la data de env\u00edo. <div class=\"colorf \"  ><div class=\"container clearfix\"><div class=\"col-md-7\"><\/p>\r\n<h3><span class=\"ez-toc-section\" id=\"En_la_oficina_de_Purisima\"><\/span>En la oficina de Pur\u00edsima<span class=\"ez-toc-section-end\"><\/span><\/h3>\r\n<p>Asimismo puedes decantarse por otras formas para dar de baja tu seguro que no son de forma on line. Asimismo puede dar de baja su seguro de decesos en una oficina de Pur\u00edsima. Si no sabes a qu\u00e9 oficina debes asistir, usa tu buscador para obtener la informaci\u00f3n m\u00e1s detallada. Vaya en el horario indicado en la web y si es preciso coja cita a fin de que sus agente puedan atenderle. Solo debes proseguirse los pasos que te indican para que puedas completar tu petici\u00f3n de baja del seguro de decesos. <\/div><\/div><\/div><\/p>\r\n<h3><span class=\"ez-toc-section\" id=\"Telefono_para_dar_de_baja_Purisima\"><\/span>Tel\u00e9fono para dar de baja Pur\u00edsima<span class=\"ez-toc-section-end\"><\/span><\/h3>\r\n<p>Contacta con ellos mediante su tel\u00e9fono de atenci\u00f3n para proceder a la baja de tu seguro de decesos. Ll\u00e1manos al 915 215 483\u00a0para darte m\u00e1s informaci\u00f3n sobre de qu\u00e9 forma puedes pedir la baja o bien ponte en contacto con tu empresa de seguros tras localizar su tel\u00e9fono por internet. Un agente se encargar\u00e1 de aconsejarte y te va a ayudar en todo cuanto precises. Tras las indicaciones del agente, este se encargar\u00e1 de solucionar todas y cada una de las cuestiones para que puedes dar de baja tu seguro de decesos. Te recomendamos tener contratado un seguro de decesos por lo que pueda pasar en el futuro. Puedes hacer una comparaci\u00f3n en iDecesos para poder ver las distintas posibilidades. <div class=\"colorf \"  ><div class=\"container clearfix\"><div class=\"col-md-7\"><\/p>\r\n<h2><span class=\"ez-toc-section\" id=\"Dar_de_baja_seguro_Purisima_de_un_fallecido\"><\/span>Dar de baja seguro Pur\u00edsima de un fallecido<span class=\"ez-toc-section-end\"><\/span><\/h2>\r\n<p>Finalmente, vamos a informarte c\u00f3mo puedes dar de baja tu seguro si el asegurado fallece. Si bien pueda parecer complicado, es muy sencillo. Es la propia aseguradora la que proceder\u00e1 a dar la baja del seguro de decesos de la persona asegurada tras su fallecimiento. <\/div><\/div><\/div> <div class=\"oficinas\"> <h3><span class=\"ez-toc-section\" id=\"Paginas_relacionadas\"><\/span>P\u00e1ginas relacionadas<span class=\"ez-toc-section-end\"><\/span><\/h3><div class=\"enlazado\"><ul> <li><a href=\"https:\/\/idecesos.com\/seguros\/companias\/purisima\/opiniones\/\">Opiniones Pur\u00edsima<\/a><\/li> <li><a href=\"https:\/\/idecesos.com\/seguros\/companias\/purisima\/precio\/\">Precio seguro Pur\u00edsima<\/a><\/li> <li><a href=\"https:\/\/idecesos.com\/seguros\/companias\/purisima\/prima-mixta\/\">Pur\u00edsima Prima Mixta<\/a><\/li> <li><a href=\"https:\/\/idecesos.com\/seguros\/companias\/purisima\/prima-natural\/\">Pur\u00edsima Prima Natural<\/a><\/li> <li><a href=\"https:\/\/idecesos.com\/seguros\/companias\/purisima\/prima-nivelada\/\">Pur\u00edsima Prima Nivelada<\/a><\/li> <li><a href=\"https:\/\/idecesos.com\/seguros\/companias\/purisima\/prima-unica\/\">Pur\u00edsima Prima \u00danica<\/a><\/li> <li><a href=\"https:\/\/idecesos.com\/seguros\/companias\/purisima\/repatriacion\/\">Pur\u00edsima Repatriaci\u00f3n<\/a><\/li> <li><a href=\"https:\/\/idecesos.com\/seguros\/companias\/purisima\/telefono\/\">Tel\u00e9fono Gratuito Pur\u00edsima<\/a><\/li><\/ul><\/div> <\/div><\/p>","protected":false},"excerpt":{"rendered":"<p>iDecesos se ha encargado de estudiar, pormenorizadamente, de qu\u00e9 forma dar de baja su seguro de decesos. Hacerlo puede parecer algo complicado, pero no tiene de qu\u00e9 preocuparse, ahora, le mostraremos los pasos que a de continuar. Merced a esto, en solo dos minutos va a tener la informaci\u00f3n suficiente para poder hacerlo mismo y&hellip; <\/p>\n","protected":false},"author":1,"featured_media":0,"parent":6005,"menu_order":0,"comment_status":"closed","ping_status":"closed","template":"single.php","meta":{"footnotes":""},"class_list":["post-18239","page","type-page","status-publish","hentry"],"yoast_head":"<!-- This site is optimized with the Yoast SEO plugin v27.3 - https:\/\/yoast.com\/product\/yoast-seo-wordpress\/ -->\n<title>\u00bfC\u00f3mo dar de Baja o Cancelar Seguro de Decesos Pur\u00edsima?<\/title>\n<meta name=\"description\" content=\"Obt\u00e9n aqu\u00ed\u3010c\u00f3mo dar de baja o cancelar seguro de decesos Pur\u00edsima\u3011Modelo carta, fax, correo electr\u00f3nico (email), tel\u00e9fono gratis.\" \/>\n<meta name=\"robots\" content=\"index, follow, max-snippet:-1, max-image-preview:large, max-video-preview:-1\" \/>\n<link rel=\"canonical\" href=\"https:\/\/idecesos.com\/seguros\/companias\/purisima\/dar-de-baja\/\" \/>\n<meta property=\"og:locale\" content=\"es_ES\" \/>\n<meta property=\"og:type\" content=\"article\" \/>\n<meta property=\"og:title\" content=\"\u00bfC\u00f3mo dar de Baja o Cancelar Seguro de Decesos Pur\u00edsima?\" \/>\n<meta property=\"og:description\" content=\"Obt\u00e9n aqu\u00ed\u3010c\u00f3mo dar de baja o cancelar seguro de decesos Pur\u00edsima\u3011Modelo carta, fax, correo electr\u00f3nico (email), tel\u00e9fono gratis.\" \/>\n<meta property=\"og:url\" content=\"https:\/\/idecesos.com\/seguros\/companias\/purisima\/dar-de-baja\/\" \/>\n<meta property=\"article:modified_time\" content=\"2022-01-31T17:56:56+00:00\" \/>\n<meta name=\"twitter:card\" content=\"summary_large_image\" \/>\n<meta name=\"twitter:label1\" content=\"Tiempo de lectura\" \/>\n\t<meta name=\"twitter:data1\" content=\"5 minutos\" \/>\n<script type=\"application\/ld+json\" class=\"yoast-schema-graph\">{\"@context\":\"https:\\\/\\\/schema.org\",\"@graph\":[{\"@type\":\"WebPage\",\"@id\":\"https:\\\/\\\/idecesos.com\\\/seguros\\\/companias\\\/purisima\\\/dar-de-baja\\\/\",\"url\":\"https:\\\/\\\/idecesos.com\\\/seguros\\\/companias\\\/purisima\\\/dar-de-baja\\\/\",\"name\":\"\u00bfC\u00f3mo dar de Baja o Cancelar Seguro de Decesos Pur\u00edsima?\",\"isPartOf\":{\"@id\":\"https:\\\/\\\/idecesos.com\\\/seguros\\\/#website\"},\"datePublished\":\"2021-12-29T11:53:24+00:00\",\"dateModified\":\"2022-01-31T17:56:56+00:00\",\"description\":\"Obt\u00e9n aqu\u00ed\u3010c\u00f3mo dar de baja o cancelar seguro de decesos Pur\u00edsima\u3011Modelo carta, fax, correo electr\u00f3nico (email), tel\u00e9fono gratis.\",\"breadcrumb\":{\"@id\":\"https:\\\/\\\/idecesos.com\\\/seguros\\\/companias\\\/purisima\\\/dar-de-baja\\\/#breadcrumb\"},\"inLanguage\":\"es\",\"potentialAction\":[{\"@type\":\"ReadAction\",\"target\":[\"https:\\\/\\\/idecesos.com\\\/seguros\\\/companias\\\/purisima\\\/dar-de-baja\\\/\"]}]},{\"@type\":\"BreadcrumbList\",\"@id\":\"https:\\\/\\\/idecesos.com\\\/seguros\\\/companias\\\/purisima\\\/dar-de-baja\\\/#breadcrumb\",\"itemListElement\":[{\"@type\":\"ListItem\",\"position\":1,\"name\":\"Portada\",\"item\":\"https:\\\/\\\/idecesos.com\\\/seguros\\\/\"},{\"@type\":\"ListItem\",\"position\":2,\"name\":\"Compa\u00f1\u00edas de Seguros de Decesos en Espa\u00f1a\",\"item\":\"https:\\\/\\\/idecesos.com\\\/seguros\\\/companias\\\/\"},{\"@type\":\"ListItem\",\"position\":3,\"name\":\"Seguro de Decesos Pur\u00edsima\",\"item\":\"https:\\\/\\\/idecesos.com\\\/seguros\\\/companias\\\/purisima\\\/\"},{\"@type\":\"ListItem\",\"position\":4,\"name\":\"\u00bfC\u00f3mo dar de baja seguro Pur\u00edsima?\"}]},{\"@type\":\"WebSite\",\"@id\":\"https:\\\/\\\/idecesos.com\\\/seguros\\\/#website\",\"url\":\"https:\\\/\\\/idecesos.com\\\/seguros\\\/\",\"name\":\"\",\"description\":\"\",\"potentialAction\":[{\"@type\":\"SearchAction\",\"target\":{\"@type\":\"EntryPoint\",\"urlTemplate\":\"https:\\\/\\\/idecesos.com\\\/seguros\\\/?s={search_term_string}\"},\"query-input\":{\"@type\":\"PropertyValueSpecification\",\"valueRequired\":true,\"valueName\":\"search_term_string\"}}],\"inLanguage\":\"es\"}]}<\/script>\n<!-- \/ Yoast SEO plugin. -->","yoast_head_json":{"title":"\u00bfC\u00f3mo dar de Baja o Cancelar Seguro de Decesos Pur\u00edsima?","description":"Obt\u00e9n aqu\u00ed\u3010c\u00f3mo dar de baja o cancelar seguro de decesos Pur\u00edsima\u3011Modelo carta, fax, correo electr\u00f3nico (email), tel\u00e9fono gratis.","robots":{"index":"index","follow":"follow","max-snippet":"max-snippet:-1","max-image-preview":"max-image-preview:large","max-video-preview":"max-video-preview:-1"},"canonical":"https:\/\/idecesos.com\/seguros\/companias\/purisima\/dar-de-baja\/","og_locale":"es_ES","og_type":"article","og_title":"\u00bfC\u00f3mo dar de Baja o Cancelar Seguro de Decesos Pur\u00edsima?","og_description":"Obt\u00e9n aqu\u00ed\u3010c\u00f3mo dar de baja o cancelar seguro de decesos Pur\u00edsima\u3011Modelo carta, fax, correo electr\u00f3nico (email), tel\u00e9fono gratis.","og_url":"https:\/\/idecesos.com\/seguros\/companias\/purisima\/dar-de-baja\/","article_modified_time":"2022-01-31T17:56:56+00:00","twitter_card":"summary_large_image","twitter_misc":{"Tiempo de lectura":"5 minutos"},"schema":{"@context":"https:\/\/schema.org","@graph":[{"@type":"WebPage","@id":"https:\/\/idecesos.com\/seguros\/companias\/purisima\/dar-de-baja\/","url":"https:\/\/idecesos.com\/seguros\/companias\/purisima\/dar-de-baja\/","name":"\u00bfC\u00f3mo dar de Baja o Cancelar Seguro de Decesos Pur\u00edsima?","isPartOf":{"@id":"https:\/\/idecesos.com\/seguros\/#website"},"datePublished":"2021-12-29T11:53:24+00:00","dateModified":"2022-01-31T17:56:56+00:00","description":"Obt\u00e9n aqu\u00ed\u3010c\u00f3mo dar de baja o cancelar seguro de decesos Pur\u00edsima\u3011Modelo carta, fax, correo electr\u00f3nico (email), tel\u00e9fono gratis.","breadcrumb":{"@id":"https:\/\/idecesos.com\/seguros\/companias\/purisima\/dar-de-baja\/#breadcrumb"},"inLanguage":"es","potentialAction":[{"@type":"ReadAction","target":["https:\/\/idecesos.com\/seguros\/companias\/purisima\/dar-de-baja\/"]}]},{"@type":"BreadcrumbList","@id":"https:\/\/idecesos.com\/seguros\/companias\/purisima\/dar-de-baja\/#breadcrumb","itemListElement":[{"@type":"ListItem","position":1,"name":"Portada","item":"https:\/\/idecesos.com\/seguros\/"},{"@type":"ListItem","position":2,"name":"Compa\u00f1\u00edas de Seguros de Decesos en Espa\u00f1a","item":"https:\/\/idecesos.com\/seguros\/companias\/"},{"@type":"ListItem","position":3,"name":"Seguro de Decesos Pur\u00edsima","item":"https:\/\/idecesos.com\/seguros\/companias\/purisima\/"},{"@type":"ListItem","position":4,"name":"\u00bfC\u00f3mo dar de baja seguro Pur\u00edsima?"}]},{"@type":"WebSite","@id":"https:\/\/idecesos.com\/seguros\/#website","url":"https:\/\/idecesos.com\/seguros\/","name":"","description":"","potentialAction":[{"@type":"SearchAction","target":{"@type":"EntryPoint","urlTemplate":"https:\/\/idecesos.com\/seguros\/?s={search_term_string}"},"query-input":{"@type":"PropertyValueSpecification","valueRequired":true,"valueName":"search_term_string"}}],"inLanguage":"es"}]}},"_links":{"self":[{"href":"https:\/\/idecesos.com\/seguros\/wp-json\/wp\/v2\/pages\/18239","targetHints":{"allow":["GET"]}}],"collection":[{"href":"https:\/\/idecesos.com\/seguros\/wp-json\/wp\/v2\/pages"}],"about":[{"href":"https:\/\/idecesos.com\/seguros\/wp-json\/wp\/v2\/types\/page"}],"author":[{"embeddable":true,"href":"https:\/\/idecesos.com\/seguros\/wp-json\/wp\/v2\/users\/1"}],"replies":[{"embeddable":true,"href":"https:\/\/idecesos.com\/seguros\/wp-json\/wp\/v2\/comments?post=18239"}],"version-history":[{"count":1,"href":"https:\/\/idecesos.com\/seguros\/wp-json\/wp\/v2\/pages\/18239\/revisions"}],"predecessor-version":[{"id":19185,"href":"https:\/\/idecesos.com\/seguros\/wp-json\/wp\/v2\/pages\/18239\/revisions\/19185"}],"up":[{"embeddable":true,"href":"https:\/\/idecesos.com\/seguros\/wp-json\/wp\/v2\/pages\/6005"}],"wp:attachment":[{"href":"https:\/\/idecesos.com\/seguros\/wp-json\/wp\/v2\/media?parent=18239"}],"curies":[{"name":"wp","href":"https:\/\/api.w.org\/{rel}","templated":true}]}}