{"id":18241,"date":"2021-12-29T11:53:26","date_gmt":"2021-12-29T11:53:26","guid":{"rendered":"https:\/\/idecesos.com\/seguros\/companias\/linea-directa\/dar-de-baja\/"},"modified":"2022-01-31T18:04:31","modified_gmt":"2022-01-31T18:04:31","slug":"dar-de-baja","status":"publish","type":"page","link":"https:\/\/idecesos.com\/seguros\/companias\/linea-directa\/dar-de-baja\/","title":{"rendered":"\u00bfC\u00f3mo dar de baja seguro L\u00ednea Directa?"},"content":{"rendered":"<div id=\"ez-toc-container\" class=\"ez-toc-v2_0_83 ez-toc-wrap-center counter-hierarchy ez-toc-counter ez-toc-custom ez-toc-container-direction\">\n<div class=\"ez-toc-title-container\">\n<p class=\"ez-toc-title\" style=\"cursor:inherit\">Tabla de Contenido<\/p>\n<span class=\"ez-toc-title-toggle\"><a href=\"#\" class=\"ez-toc-pull-right ez-toc-btn ez-toc-btn-xs ez-toc-btn-default ez-toc-toggle\" aria-label=\"Alternar tabla de contenidos\"><span class=\"ez-toc-js-icon-con\"><span class=\"\"><span class=\"eztoc-hide\" style=\"display:none;\">Toggle<\/span><span class=\"ez-toc-icon-toggle-span\"><svg style=\"fill: #db6415;color:#db6415\" xmlns=\"http:\/\/www.w3.org\/2000\/svg\" class=\"list-377408\" width=\"20px\" height=\"20px\" viewBox=\"0 0 24 24\" fill=\"none\"><path d=\"M6 6H4v2h2V6zm14 0H8v2h12V6zM4 11h2v2H4v-2zm16 0H8v2h12v-2zM4 16h2v2H4v-2zm16 0H8v2h12v-2z\" fill=\"currentColor\"><\/path><\/svg><svg style=\"fill: #db6415;color:#db6415\" class=\"arrow-unsorted-368013\" xmlns=\"http:\/\/www.w3.org\/2000\/svg\" width=\"10px\" height=\"10px\" viewBox=\"0 0 24 24\" version=\"1.2\" baseProfile=\"tiny\"><path d=\"M18.2 9.3l-6.2-6.3-6.2 6.3c-.2.2-.3.4-.3.7s.1.5.3.7c.2.2.4.3.7.3h11c.3 0 .5-.1.7-.3.2-.2.3-.5.3-.7s-.1-.5-.3-.7zM5.8 14.7l6.2 6.3 6.2-6.3c.2-.2.3-.5.3-.7s-.1-.5-.3-.7c-.2-.2-.4-.3-.7-.3h-11c-.3 0-.5.1-.7.3-.2.2-.3.5-.3.7s.1.5.3.7z\"\/><\/svg><\/span><\/span><\/span><\/a><\/span><\/div>\n<nav><ul class='ez-toc-list ez-toc-list-level-1 ' ><li class='ez-toc-page-1 ez-toc-heading-level-2'><a class=\"ez-toc-link ez-toc-heading-1\" href=\"https:\/\/idecesos.com\/seguros\/companias\/linea-directa\/dar-de-baja\/#Diferentes_opciones_para_cancelar_un_contrato_con_Linea_Directa\" >Diferentes opciones para cancelar un contrato con L\u00ednea Directa<\/a><ul class='ez-toc-list-level-3' ><li class='ez-toc-heading-level-3'><a class=\"ez-toc-link ez-toc-heading-2\" href=\"https:\/\/idecesos.com\/seguros\/companias\/linea-directa\/dar-de-baja\/#A_traves_de_la_web_de_Linea_Directa\" >A trav\u00e9s de la web de L\u00ednea Directa<\/a><\/li><li class='ez-toc-page-1 ez-toc-heading-level-3'><a class=\"ez-toc-link ez-toc-heading-3\" href=\"https:\/\/idecesos.com\/seguros\/companias\/linea-directa\/dar-de-baja\/#Utilizando_el_correo_electronico_de_Linea_Directa\" >Utilizando el correo electr\u00f3nico de L\u00ednea Directa<\/a><\/li><li class='ez-toc-page-1 ez-toc-heading-level-3'><a class=\"ez-toc-link ez-toc-heading-4\" href=\"https:\/\/idecesos.com\/seguros\/companias\/linea-directa\/dar-de-baja\/#Dar_de_baja_Linea_Directa_por_fax\" >Dar de baja L\u00ednea Directa por fax<\/a><\/li><li class='ez-toc-page-1 ez-toc-heading-level-3'><a class=\"ez-toc-link ez-toc-heading-5\" href=\"https:\/\/idecesos.com\/seguros\/companias\/linea-directa\/dar-de-baja\/#En_la_oficina_de_Linea_Directa\" >En la oficina de L\u00ednea Directa<\/a><\/li><li class='ez-toc-page-1 ez-toc-heading-level-3'><a class=\"ez-toc-link ez-toc-heading-6\" href=\"https:\/\/idecesos.com\/seguros\/companias\/linea-directa\/dar-de-baja\/#Telefono_para_dar_de_baja_Linea_Directa\" >T\u00e9lefono para dar de baja L\u00ednea Directa<\/a><\/li><\/ul><\/li><li class='ez-toc-page-1 ez-toc-heading-level-2'><a class=\"ez-toc-link ez-toc-heading-7\" href=\"https:\/\/idecesos.com\/seguros\/companias\/linea-directa\/dar-de-baja\/#Dar_de_baja_seguro_Linea_Directa_de_un_fallecido\" >Dar de baja seguro L\u00ednea Directa de un fallecido<\/a><\/li><\/ul><\/nav><\/div>\n<p> iDecesos se encargar\u00e1 de explicarle, con todo detalle, de qu\u00e9 manera puede dar de baja a su seguro. Es m\u00e1s f\u00e1cil de lo que pueda llegar a imaginar y, le indicaremos los pasos que debe dar. Merced a la informaci\u00f3n que vas a poder recabar, en pocos minutos, tendr\u00e1s la posibilidad de realizarlo y dar soluci\u00f3n a sus inconvenientes. Es muy importante que sepa que, una vez dado de baja su seguro de decesos, es conveniente que busque otro que se adapte a sus necesidades, para tu futura tranquilidad y la de tus familiares. Para dar de baja su seguro apropiadamente, deber\u00e1 avisar a la compa\u00f1\u00eda treinta d\u00edas ya antes de su data de renovaci\u00f3n. <div class=\"colorf \"  ><div class=\"container clearfix\"><div class=\"col-md-7\"><\/p>\r\n<h2><span class=\"ez-toc-section\" id=\"Diferentes_opciones_para_cancelar_un_contrato_con_Linea_Directa\"><\/span>Diferentes opciones para cancelar un contrato con L\u00ednea Directa<span class=\"ez-toc-section-end\"><\/span><\/h2>\r\n<!-- \/wp:post-content -->\r\n\r\n<!-- wp:paragraph -->\r\n<p>En la mayor\u00eda de las empresas aseguradoras se solicita a los clientes un documento en el que se deje por escrito el deseo de darse de baja del seguro o alg\u00fan que otro servicio. En nuestro 951 127 403 o en nuestro info@idecesos. com te daremos toda la informaci\u00f3n necesaria para lograr ese documento. Puedes decantarse por mandar una carta certificada con el deseo expreso de anular el contrato con la empresa aseguradora de decesos. Guarde el resguardo del documento y haz una copia de este por lo que pueda pasar en un futuro. Hay otras formas de dar de baja el seguro de decesos en la compa\u00f1\u00eda en la que est\u00e9s. <\/div><\/div><\/div><\/p>\r\n<h3><span class=\"ez-toc-section\" id=\"A_traves_de_la_web_de_Linea_Directa\"><\/span>A trav\u00e9s de la web de L\u00ednea Directa<span class=\"ez-toc-section-end\"><\/span><\/h3>\r\n<p>Uno de los diferentes m\u00e9todos para darse de bajas en el seguro de decesos de L\u00ednea Directa es desde su p\u00e1gina www.lineadirecta.com\/. Tan solo deber\u00e1s poner en su buscador lo que quieres o entrar en la secci\u00f3n de la web de bajas. Siguiendo los pasos indicados, va a poder realizar su baja rellenando un formulario en la p\u00e1gina web o, descargando el documento que le indique L\u00ednea Directa. Puede llamar al n\u00famero 917 707 711 o bien mandar un correo a esta direcci\u00f3n email L\u00ednea Directa, si ocurre alguna incidencia en el proceso. Por el contrario, si sale todo bien, va a recibir por un instante un correo por la parte de la compa\u00f1\u00eda, con la confirmaci\u00f3n de baja de su seguro. <div class=\"colorf \"  ><div class=\"container clearfix\"><div class=\"col-md-7\"><\/p>\r\n<h3><span class=\"ez-toc-section\" id=\"Utilizando_el_correo_electronico_de_Linea_Directa\"><\/span>Utilizando el correo electr\u00f3nico de L\u00ednea Directa<span class=\"ez-toc-section-end\"><\/span><\/h3>\r\n<p>Otra opci\u00f3n, es dar de baja su seguro de decesos L\u00ednea Directa por e mail. La direcci\u00f3n de correo de la compa\u00f1\u00eda es la pr\u00f3xima email L\u00ednea Directa. Le se\u00f1alamos que, debe enviar los pr\u00f3ximos documentos a L\u00ednea Directa: una imitaci\u00f3n de su documento de identidad y, la notificaci\u00f3n firmada por usted y, si no la tiene, puede hallarla en la web de la compa\u00f1\u00eda o bien mismos se la proporcionaremos, a trav\u00e9s de el n\u00famero de tel\u00e9fono 951 127 403 o bien el correo electr\u00f3nico info@idecesos. com. A fin de que el proceso prosiga un buen camino, debe guardar su justificante del recibo y, una copia adecuadamente sellada. Su calma y la de su familia, es fundamental y, para ello, debe guardar una imitaci\u00f3n de la notificaci\u00f3n, en la que conste la data de su env\u00edo. <\/div><\/div><\/div><\/p>\r\n<h3><span class=\"ez-toc-section\" id=\"Dar_de_baja_Linea_Directa_por_fax\"><\/span>Dar de baja L\u00ednea Directa por fax<span class=\"ez-toc-section-end\"><\/span><\/h3>\r\n<p>Fax es otro m\u00e9todo para dar de baja su seguro de decesos. Es muy semejante al que acabamos de explicar anteriormente, el del e-mail, lo \u00fanico que cambia es la forma de enviar los datos. En el fax que env\u00ede, deber\u00e1 aparecer una imitaci\u00f3n de su documento nacional de identidad, junto a la notificaci\u00f3n firmada y, si no la tiene, puede procurarla en la web de L\u00ednea Directa o poni\u00e9ndose en contacto con nosotros a trav\u00e9s de el tel\u00e9fono 951 127 403. Igual que en las otras opciones, le recordamos que debe guardar una copia sellada y tener un justificante de su recibo. Y, naturalmente, no olvide asimismo guardar una copia de la notificaci\u00f3n, en la que aparezca la data de env\u00edo pertinente. <div class=\"colorf \"  ><div class=\"container clearfix\"><div class=\"col-md-7\"><\/p>\r\n<h3><span class=\"ez-toc-section\" id=\"En_la_oficina_de_Linea_Directa\"><\/span>En la oficina de L\u00ednea Directa<span class=\"ez-toc-section-end\"><\/span><\/h3>\r\n<p>Tambi\u00e9n puedes decantarse por otras formas para dar de baja tu seguro que no son de forma on line. La manera m\u00e1s r\u00e1pida para dar de baja tu seguro es acudiendo a tu oficina. Utiliza un buscador de internet para obtener la informaci\u00f3n de la oficina m\u00e1s cercana a tu domicilio. Vaya en el horario indicado en la web y si es necesario coja cita a fin de que sus agente puedan atenderle. Solo debes proseguirse los pasos que te indican para que puedas completar tu solicitud de baja del seguro de decesos. <\/div><\/div><\/div><\/p>\r\n<h3><span class=\"ez-toc-section\" id=\"Telefono_para_dar_de_baja_Linea_Directa\"><\/span>T\u00e9lefono para dar de baja L\u00ednea Directa<span class=\"ez-toc-section-end\"><\/span><\/h3>\r\n<p>Puedes pedir la baja de tu seguro de fallecimiento a trav\u00e9s del tel\u00e9fono de atenci\u00f3n al usuario de la compa\u00f1\u00eda. Te recomendamos que uses el tel\u00e9fono que te se\u00f1alamos a continuaci\u00f3n a fin de que la llamada sea gratis y contactes con un agente que te asesore. Cuando se pongan en contacto contigo, certificar\u00e1n que eres el asegurado de la p\u00f3liza y que puedes pedir la baja al estar en el periodo. Para facilitarte la labor, vas a poder acceder a iDecesos y pedir la baja de tu seguro de decesos con solo solicitar una autorizaci\u00f3n legal. <div class=\"colorf \"  ><div class=\"container clearfix\"><div class=\"col-md-7\"><\/p>\r\n<h2><span class=\"ez-toc-section\" id=\"Dar_de_baja_seguro_Linea_Directa_de_un_fallecido\"><\/span>Dar de baja seguro L\u00ednea Directa de un fallecido<span class=\"ez-toc-section-end\"><\/span><\/h2>\r\n<p>Si no conoces de qu\u00e9 manera puedes dar de baja tu seguro tras el fallecimiento del asegurado, te lo vamos a explicar. Aunque pueda parecer complicado, es muy sencillo. Cuando la prestaci\u00f3n del servicio f\u00fanebre se efect\u00faa, la empresa de seguros se encarga de dar de baja el seguro a fin de que los familiares no deban estar pendientes de efectuar esos tr\u00e1mites en esos duros momentos. <\/div><\/div><\/div> <div class=\"oficinas\"> <h3>P\u00e1ginas relacionadas<\/h3><div class=\"enlazado\"><ul> <li><a href=\"https:\/\/idecesos.com\/seguros\/companias\/linea-directa\/opiniones\/\">Opiniones de Seguro Decesos L\u00ednea Directa<\/a><\/li> <li><a href=\"https:\/\/idecesos.com\/seguros\/companias\/linea-directa\/precio\/\">Precio seguro L\u00ednea Directa<\/a><\/li> <li><a href=\"https:\/\/idecesos.com\/seguros\/companias\/linea-directa\/prima-mixta\/\">L\u00ednea Directa Prima Mixta<\/a><\/li> <li><a href=\"https:\/\/idecesos.com\/seguros\/companias\/linea-directa\/prima-natural\/\">L\u00ednea Directa Prima Natural<\/a><\/li> <li><a href=\"https:\/\/idecesos.com\/seguros\/companias\/linea-directa\/prima-nivelada\/\">L\u00ednea Directa Prima Nivelada<\/a><\/li> <li><a href=\"https:\/\/idecesos.com\/seguros\/companias\/linea-directa\/prima-unica\/\">L\u00ednea Directa Prima \u00danica<\/a><\/li> <li><a href=\"https:\/\/idecesos.com\/seguros\/companias\/linea-directa\/repatriacion\/\">L\u00ednea Directa Repatriaci\u00f3n<\/a><\/li> <li><a href=\"https:\/\/idecesos.com\/seguros\/companias\/linea-directa\/telefono\/\">Tel\u00e9fono Gratuito L\u00ednea Directa<\/a><\/li><\/ul><\/div> <\/div><\/p>","protected":false},"excerpt":{"rendered":"<p>iDecesos se encargar\u00e1 de explicarle, con todo detalle, de qu\u00e9 manera puede dar de baja a su seguro. Es m\u00e1s f\u00e1cil de lo que pueda llegar a imaginar y, le indicaremos los pasos que debe dar. Merced a la informaci\u00f3n que vas a poder recabar, en pocos minutos, tendr\u00e1s la posibilidad de realizarlo y dar&hellip; <\/p>\n","protected":false},"author":1,"featured_media":0,"parent":6197,"menu_order":0,"comment_status":"closed","ping_status":"closed","template":"single.php","meta":{"footnotes":""},"class_list":["post-18241","page","type-page","status-publish","hentry"],"yoast_head":"<!-- This site is optimized with the Yoast SEO plugin v27.5 - https:\/\/yoast.com\/product\/yoast-seo-wordpress\/ -->\n<title>\u00bfC\u00f3mo dar de Baja o Cancelar Seguro de Decesos L\u00ednea Directa?<\/title>\n<meta name=\"description\" content=\"Obt\u00e9n aqu\u00ed\u3010c\u00f3mo dar de baja o cancelar seguro de decesos L\u00ednea Directa\u3011Modelo carta, fax, correo electr\u00f3nico (email), tel\u00e9fono gratis.\" \/>\n<meta name=\"robots\" content=\"index, follow, max-snippet:-1, max-image-preview:large, max-video-preview:-1\" \/>\n<link rel=\"canonical\" href=\"https:\/\/idecesos.com\/seguros\/companias\/linea-directa\/dar-de-baja\/\" \/>\n<meta property=\"og:locale\" content=\"es_ES\" \/>\n<meta property=\"og:type\" content=\"article\" \/>\n<meta property=\"og:title\" content=\"\u00bfC\u00f3mo dar de Baja o Cancelar Seguro de Decesos L\u00ednea Directa?\" \/>\n<meta property=\"og:description\" content=\"Obt\u00e9n aqu\u00ed\u3010c\u00f3mo dar de baja o cancelar seguro de decesos L\u00ednea Directa\u3011Modelo carta, fax, correo electr\u00f3nico (email), tel\u00e9fono gratis.\" \/>\n<meta property=\"og:url\" content=\"https:\/\/idecesos.com\/seguros\/companias\/linea-directa\/dar-de-baja\/\" \/>\n<meta property=\"article:modified_time\" content=\"2022-01-31T18:04:31+00:00\" \/>\n<meta name=\"twitter:card\" content=\"summary_large_image\" \/>\n<meta name=\"twitter:label1\" content=\"Tiempo de lectura\" \/>\n\t<meta name=\"twitter:data1\" content=\"15 minutos\" \/>\n<script type=\"application\/ld+json\" class=\"yoast-schema-graph\">{\"@context\":\"https:\\\/\\\/schema.org\",\"@graph\":[{\"@type\":\"WebPage\",\"@id\":\"https:\\\/\\\/idecesos.com\\\/seguros\\\/companias\\\/linea-directa\\\/dar-de-baja\\\/\",\"url\":\"https:\\\/\\\/idecesos.com\\\/seguros\\\/companias\\\/linea-directa\\\/dar-de-baja\\\/\",\"name\":\"\u00bfC\u00f3mo dar de Baja o Cancelar Seguro de Decesos L\u00ednea Directa?\",\"isPartOf\":{\"@id\":\"https:\\\/\\\/idecesos.com\\\/seguros\\\/#website\"},\"datePublished\":\"2021-12-29T11:53:26+00:00\",\"dateModified\":\"2022-01-31T18:04:31+00:00\",\"description\":\"Obt\u00e9n aqu\u00ed\u3010c\u00f3mo dar de baja o cancelar seguro de decesos L\u00ednea Directa\u3011Modelo carta, fax, correo electr\u00f3nico (email), tel\u00e9fono gratis.\",\"breadcrumb\":{\"@id\":\"https:\\\/\\\/idecesos.com\\\/seguros\\\/companias\\\/linea-directa\\\/dar-de-baja\\\/#breadcrumb\"},\"inLanguage\":\"es\",\"potentialAction\":[{\"@type\":\"ReadAction\",\"target\":[\"https:\\\/\\\/idecesos.com\\\/seguros\\\/companias\\\/linea-directa\\\/dar-de-baja\\\/\"]}]},{\"@type\":\"BreadcrumbList\",\"@id\":\"https:\\\/\\\/idecesos.com\\\/seguros\\\/companias\\\/linea-directa\\\/dar-de-baja\\\/#breadcrumb\",\"itemListElement\":[{\"@type\":\"ListItem\",\"position\":1,\"name\":\"Portada\",\"item\":\"https:\\\/\\\/idecesos.com\\\/seguros\\\/\"},{\"@type\":\"ListItem\",\"position\":2,\"name\":\"Compa\u00f1\u00edas de Seguros de Decesos en Espa\u00f1a\",\"item\":\"https:\\\/\\\/idecesos.com\\\/seguros\\\/companias\\\/\"},{\"@type\":\"ListItem\",\"position\":3,\"name\":\"Seguro de Decesos L\u00ednea Directa\",\"item\":\"https:\\\/\\\/idecesos.com\\\/seguros\\\/companias\\\/linea-directa\\\/\"},{\"@type\":\"ListItem\",\"position\":4,\"name\":\"\u00bfC\u00f3mo dar de baja seguro L\u00ednea Directa?\"}]},{\"@type\":\"WebSite\",\"@id\":\"https:\\\/\\\/idecesos.com\\\/seguros\\\/#website\",\"url\":\"https:\\\/\\\/idecesos.com\\\/seguros\\\/\",\"name\":\"\",\"description\":\"\",\"potentialAction\":[{\"@type\":\"SearchAction\",\"target\":{\"@type\":\"EntryPoint\",\"urlTemplate\":\"https:\\\/\\\/idecesos.com\\\/seguros\\\/?s={search_term_string}\"},\"query-input\":{\"@type\":\"PropertyValueSpecification\",\"valueRequired\":true,\"valueName\":\"search_term_string\"}}],\"inLanguage\":\"es\"}]}<\/script>\n<!-- \/ Yoast SEO plugin. -->","yoast_head_json":{"title":"\u00bfC\u00f3mo dar de Baja o Cancelar Seguro de Decesos L\u00ednea Directa?","description":"Obt\u00e9n aqu\u00ed\u3010c\u00f3mo dar de baja o cancelar seguro de decesos L\u00ednea Directa\u3011Modelo carta, fax, correo electr\u00f3nico (email), tel\u00e9fono gratis.","robots":{"index":"index","follow":"follow","max-snippet":"max-snippet:-1","max-image-preview":"max-image-preview:large","max-video-preview":"max-video-preview:-1"},"canonical":"https:\/\/idecesos.com\/seguros\/companias\/linea-directa\/dar-de-baja\/","og_locale":"es_ES","og_type":"article","og_title":"\u00bfC\u00f3mo dar de Baja o Cancelar Seguro de Decesos L\u00ednea Directa?","og_description":"Obt\u00e9n aqu\u00ed\u3010c\u00f3mo dar de baja o cancelar seguro de decesos L\u00ednea Directa\u3011Modelo carta, fax, correo electr\u00f3nico (email), tel\u00e9fono gratis.","og_url":"https:\/\/idecesos.com\/seguros\/companias\/linea-directa\/dar-de-baja\/","article_modified_time":"2022-01-31T18:04:31+00:00","twitter_card":"summary_large_image","twitter_misc":{"Tiempo de lectura":"15 minutos"},"schema":{"@context":"https:\/\/schema.org","@graph":[{"@type":"WebPage","@id":"https:\/\/idecesos.com\/seguros\/companias\/linea-directa\/dar-de-baja\/","url":"https:\/\/idecesos.com\/seguros\/companias\/linea-directa\/dar-de-baja\/","name":"\u00bfC\u00f3mo dar de Baja o Cancelar Seguro de Decesos L\u00ednea Directa?","isPartOf":{"@id":"https:\/\/idecesos.com\/seguros\/#website"},"datePublished":"2021-12-29T11:53:26+00:00","dateModified":"2022-01-31T18:04:31+00:00","description":"Obt\u00e9n aqu\u00ed\u3010c\u00f3mo dar de baja o cancelar seguro de decesos L\u00ednea Directa\u3011Modelo carta, fax, correo electr\u00f3nico (email), tel\u00e9fono gratis.","breadcrumb":{"@id":"https:\/\/idecesos.com\/seguros\/companias\/linea-directa\/dar-de-baja\/#breadcrumb"},"inLanguage":"es","potentialAction":[{"@type":"ReadAction","target":["https:\/\/idecesos.com\/seguros\/companias\/linea-directa\/dar-de-baja\/"]}]},{"@type":"BreadcrumbList","@id":"https:\/\/idecesos.com\/seguros\/companias\/linea-directa\/dar-de-baja\/#breadcrumb","itemListElement":[{"@type":"ListItem","position":1,"name":"Portada","item":"https:\/\/idecesos.com\/seguros\/"},{"@type":"ListItem","position":2,"name":"Compa\u00f1\u00edas de Seguros de Decesos en Espa\u00f1a","item":"https:\/\/idecesos.com\/seguros\/companias\/"},{"@type":"ListItem","position":3,"name":"Seguro de Decesos L\u00ednea Directa","item":"https:\/\/idecesos.com\/seguros\/companias\/linea-directa\/"},{"@type":"ListItem","position":4,"name":"\u00bfC\u00f3mo dar de baja seguro L\u00ednea Directa?"}]},{"@type":"WebSite","@id":"https:\/\/idecesos.com\/seguros\/#website","url":"https:\/\/idecesos.com\/seguros\/","name":"","description":"","potentialAction":[{"@type":"SearchAction","target":{"@type":"EntryPoint","urlTemplate":"https:\/\/idecesos.com\/seguros\/?s={search_term_string}"},"query-input":{"@type":"PropertyValueSpecification","valueRequired":true,"valueName":"search_term_string"}}],"inLanguage":"es"}]}},"_links":{"self":[{"href":"https:\/\/idecesos.com\/seguros\/wp-json\/wp\/v2\/pages\/18241","targetHints":{"allow":["GET"]}}],"collection":[{"href":"https:\/\/idecesos.com\/seguros\/wp-json\/wp\/v2\/pages"}],"about":[{"href":"https:\/\/idecesos.com\/seguros\/wp-json\/wp\/v2\/types\/page"}],"author":[{"embeddable":true,"href":"https:\/\/idecesos.com\/seguros\/wp-json\/wp\/v2\/users\/1"}],"replies":[{"embeddable":true,"href":"https:\/\/idecesos.com\/seguros\/wp-json\/wp\/v2\/comments?post=18241"}],"version-history":[{"count":2,"href":"https:\/\/idecesos.com\/seguros\/wp-json\/wp\/v2\/pages\/18241\/revisions"}],"predecessor-version":[{"id":19190,"href":"https:\/\/idecesos.com\/seguros\/wp-json\/wp\/v2\/pages\/18241\/revisions\/19190"}],"up":[{"embeddable":true,"href":"https:\/\/idecesos.com\/seguros\/wp-json\/wp\/v2\/pages\/6197"}],"wp:attachment":[{"href":"https:\/\/idecesos.com\/seguros\/wp-json\/wp\/v2\/media?parent=18241"}],"curies":[{"name":"wp","href":"https:\/\/api.w.org\/{rel}","templated":true}]}}