{"id":18242,"date":"2021-12-29T11:53:26","date_gmt":"2021-12-29T11:53:26","guid":{"rendered":"https:\/\/idecesos.com\/seguros\/companias\/martierra\/dar-de-baja\/"},"modified":"2022-01-31T18:08:16","modified_gmt":"2022-01-31T18:08:16","slug":"dar-de-baja","status":"publish","type":"page","link":"https:\/\/idecesos.com\/seguros\/companias\/martierra\/dar-de-baja\/","title":{"rendered":"\u00bfC\u00f3mo dar de baja seguro Martierra?"},"content":{"rendered":"<div id=\"ez-toc-container\" class=\"ez-toc-v2_0_82_2 ez-toc-wrap-center counter-hierarchy ez-toc-counter ez-toc-custom ez-toc-container-direction\">\n<div class=\"ez-toc-title-container\">\n<p class=\"ez-toc-title\" style=\"cursor:inherit\">Tabla de Contenido<\/p>\n<span class=\"ez-toc-title-toggle\"><a href=\"#\" class=\"ez-toc-pull-right ez-toc-btn ez-toc-btn-xs ez-toc-btn-default ez-toc-toggle\" aria-label=\"Alternar tabla de contenidos\"><span class=\"ez-toc-js-icon-con\"><span class=\"\"><span class=\"eztoc-hide\" style=\"display:none;\">Toggle<\/span><span class=\"ez-toc-icon-toggle-span\"><svg style=\"fill: #db6415;color:#db6415\" xmlns=\"http:\/\/www.w3.org\/2000\/svg\" class=\"list-377408\" width=\"20px\" height=\"20px\" viewBox=\"0 0 24 24\" fill=\"none\"><path d=\"M6 6H4v2h2V6zm14 0H8v2h12V6zM4 11h2v2H4v-2zm16 0H8v2h12v-2zM4 16h2v2H4v-2zm16 0H8v2h12v-2z\" fill=\"currentColor\"><\/path><\/svg><svg style=\"fill: #db6415;color:#db6415\" class=\"arrow-unsorted-368013\" xmlns=\"http:\/\/www.w3.org\/2000\/svg\" width=\"10px\" height=\"10px\" viewBox=\"0 0 24 24\" version=\"1.2\" baseProfile=\"tiny\"><path d=\"M18.2 9.3l-6.2-6.3-6.2 6.3c-.2.2-.3.4-.3.7s.1.5.3.7c.2.2.4.3.7.3h11c.3 0 .5-.1.7-.3.2-.2.3-.5.3-.7s-.1-.5-.3-.7zM5.8 14.7l6.2 6.3 6.2-6.3c.2-.2.3-.5.3-.7s-.1-.5-.3-.7c-.2-.2-.4-.3-.7-.3h-11c-.3 0-.5.1-.7.3-.2.2-.3.5-.3.7s.1.5.3.7z\"\/><\/svg><\/span><\/span><\/span><\/a><\/span><\/div>\n<nav><ul class='ez-toc-list ez-toc-list-level-1 ' ><li class='ez-toc-page-1 ez-toc-heading-level-2'><a class=\"ez-toc-link ez-toc-heading-1\" href=\"https:\/\/idecesos.com\/seguros\/companias\/martierra\/dar-de-baja\/#Diferentes_opciones_para_cancelar_un_contrato_con_Martierra\" >Diferentes opciones para cancelar un contrato con Martierra<\/a><ul class='ez-toc-list-level-3' ><li class='ez-toc-heading-level-3'><a class=\"ez-toc-link ez-toc-heading-2\" href=\"https:\/\/idecesos.com\/seguros\/companias\/martierra\/dar-de-baja\/#A_traves_de_la_web_de_Martierra\" >A trav\u00e9s de la web de Martierra<\/a><\/li><li class='ez-toc-page-1 ez-toc-heading-level-3'><a class=\"ez-toc-link ez-toc-heading-3\" href=\"https:\/\/idecesos.com\/seguros\/companias\/martierra\/dar-de-baja\/#Utilizando_el_correo_electronico_de_Martierra\" >Utilizando el correo electr\u00f3nico de Martierra<\/a><\/li><li class='ez-toc-page-1 ez-toc-heading-level-3'><a class=\"ez-toc-link ez-toc-heading-4\" href=\"https:\/\/idecesos.com\/seguros\/companias\/martierra\/dar-de-baja\/#Dar_de_baja_Martierra_por_fax\" >Dar de baja Martierra por fax<\/a><\/li><li class='ez-toc-page-1 ez-toc-heading-level-3'><a class=\"ez-toc-link ez-toc-heading-5\" href=\"https:\/\/idecesos.com\/seguros\/companias\/martierra\/dar-de-baja\/#En_la_oficina_de_Martierra\" >En la oficina de Martierra<\/a><\/li><li class='ez-toc-page-1 ez-toc-heading-level-3'><a class=\"ez-toc-link ez-toc-heading-6\" href=\"https:\/\/idecesos.com\/seguros\/companias\/martierra\/dar-de-baja\/#Telefono_para_dar_de_baja_Martierra\" >T\u00e9lefono para dar de baja Martierra<\/a><\/li><\/ul><\/li><li class='ez-toc-page-1 ez-toc-heading-level-2'><a class=\"ez-toc-link ez-toc-heading-7\" href=\"https:\/\/idecesos.com\/seguros\/companias\/martierra\/dar-de-baja\/#Dar_de_baja_seguro_Martierra_de_un_fallecido\" >Dar de baja seguro Martierra de un fallecido<\/a><ul class='ez-toc-list-level-3' ><li class='ez-toc-heading-level-3'><a class=\"ez-toc-link ez-toc-heading-8\" href=\"https:\/\/idecesos.com\/seguros\/companias\/martierra\/dar-de-baja\/#Paginas_relacionadas\" >P\u00e1ginas relacionadas<\/a><\/li><\/ul><\/li><\/ul><\/nav><\/div>\n<p> Seguidamente, vamos a comentarte de qu\u00e9 forma puedes dar de baja tu seguro de decesos. Si consideras que dar de baja el seguro de decesos es complicado, en esta p\u00e1gina vamos a explic\u00e1rtelo de la manera m\u00e1s f\u00e1cil posible. Ahora le explicaremos cu\u00e1les son los pasos que debe proseguir y las diferentes formas de darse de baja. Vas a poder dar de baja mismo su seguro de decesos tras conocer todas las formas diferentes que tienes para hacer el proceso. Si deseas eludir preocupaciones a tus familiares o bien amigos, te recomendamos tener tu seguro de decesos a fin de que todo quede cubierto en el instante de la defunci\u00f3n. <div class=\"colorf \"  ><div class=\"container clearfix\"><div class=\"col-md-7\"><\/p>\r\n<h2><span class=\"ez-toc-section\" id=\"Diferentes_opciones_para_cancelar_un_contrato_con_Martierra\"><\/span>Diferentes opciones para cancelar un contrato con Martierra<span class=\"ez-toc-section-end\"><\/span><\/h2>\r\n<!-- \/wp:post-content -->\r\n\r\n<!-- wp:paragraph -->\r\n<p>Puede servirte conocer las distintas opciones de las personas que se dieron de baja en el seguro de fallecimiento. La manera de dar de baja un seguro de decesos es igual en todas y cada una de las aseguradoras. Aunque en ciertas compa\u00f1\u00edas de seguros te pueden aceptar la cancelaci\u00f3n del seguro de forma telef\u00f3nica, para eludir que malgastes el tiempo, lo m\u00e1s normal es que asistas a una oficina y entregues el formulario de forma impresa. Puedes ponerte en contacto con nosotros si quieres anular tu seguro de decesos de forma telef\u00f3nica. <\/div><\/div><\/div><\/p>\r\n<h3><span class=\"ez-toc-section\" id=\"A_traves_de_la_web_de_Martierra\"><\/span>A trav\u00e9s de la web de Martierra<span class=\"ez-toc-section-end\"><\/span><\/h3>\r\n<p>Una de las opciones que tiene libre para dar de baja su seguro de decesos, es accediendo a el sitio web www.martierraseguros.es\/ de Martierra y escribiendo en su buscador las dudas que tenga. En ese momento, hallar\u00e1 un abanico de opciones. Tendr\u00e1s que elegir la indicada y seguir los pasos. Es muy simple. Si alg\u00fan momento le surgen dudas o bien tiene inconvenientes, podr\u00e1 contactar con Martierra mediante su n\u00famero de tel\u00e9fono 914 413 435. Finalmente su solicitud y, en caso de que s\u00ed le aparezca esa alternativa, va a deber rellenar un formulario o descargar el documento que se le pida. <div class=\"colorf \"  ><div class=\"container clearfix\"><div class=\"col-md-7\"><\/p>\r\n<h3><span class=\"ez-toc-section\" id=\"Utilizando_el_correo_electronico_de_Martierra\"><\/span>Utilizando el correo electr\u00f3nico de Martierra<span class=\"ez-toc-section-end\"><\/span><\/h3>\r\n<p>Otro procedimiento para darse de baja del seguro de decesos de Martierra es a trav\u00e9s de su mail. A\u00f1ade esta direcci\u00f3n en tu correo email Martierra y en solo uno minutos todo va a estar solucionado. Env\u00edales en un mismo documento los pr\u00f3ximos documentos: una copia del DNI del contratante y la notificaci\u00f3n firmada por el asegurado con sus datos personales, que puedes hallarla en la p\u00e1gina web de Martierra o puedes ped\u00edrnosla a nosotros mediante nuestro n\u00famero de tel\u00e9fono 951 127 403 o bien e-mail info@idecesos. com. Es necesario que tenga un justificante del recibo y, una copia sellada, para una adecuada ejecuci\u00f3n. Para su calma, guarde una copia de la notificaci\u00f3n, en la que aparezca la data de env\u00edo. <\/div><\/div><\/div><\/p>\r\n<h3><span class=\"ez-toc-section\" id=\"Dar_de_baja_Martierra_por_fax\"><\/span>Dar de baja Martierra por fax<span class=\"ez-toc-section-end\"><\/span><\/h3>\r\n<p>La baja con Martierra v\u00eda fax es muy similar a la de mail, simplemente debes remitir los datos personales del tomador de la p\u00f3liza o bien contratante e indicando con el n\u00famero de p\u00f3liza. Deber\u00e1s efectuar todos y cada uno de los tr\u00e1mites antes de que termine el contrato de tu seguro de decesos e incluir la parte delantera y trasera de tu DNI. Toda esta documentaci\u00f3n hay que enviarla marcando el n\u00famero de fax de Martierra. No pierdas ning\u00fan documento por si en un futuro tu compa\u00f1\u00eda aseguradora te lo pidiese. <div class=\"colorf \"  ><div class=\"container clearfix\"><div class=\"col-md-7\"><\/p>\r\n<h3><span class=\"ez-toc-section\" id=\"En_la_oficina_de_Martierra\"><\/span>En la oficina de Martierra<span class=\"ez-toc-section-end\"><\/span><\/h3>\r\n<p>Si tienes alguna duda, te recomendamos que acudas a la oficina de tu compa\u00f1\u00eda a fin de que puedas efectuar la baja de tu seguro y sus agentes te asesoren personalmente. A fin de que la cancelaci\u00f3n del seguro de decesos se realice de forma m\u00e1s efectiva, tendr\u00e1s que presentar un escrito con tu copia del documento de identidad en una oficina que te sellar\u00e1n m\u00e1s tarde con la fecha del d\u00eda. Con este sellado Martierra corrobora que est\u00e1 al tanto de todos los recibos para solicitar la baja de manera correcta, esto con respecto a la forma. Para poder darse de baja, tiene que realizarse en el tiempo estipulado por la Ley General de Seguros o bien lo que es lo mismo, un mes antes del fin del contrato. <\/div><\/div><\/div><\/p>\r\n<h3><span class=\"ez-toc-section\" id=\"Telefono_para_dar_de_baja_Martierra\"><\/span>T\u00e9lefono para dar de baja Martierra<span class=\"ez-toc-section-end\"><\/span><\/h3>\r\n<p>Otro de los m\u00e9todos es a trav\u00e9s de una llamada telef\u00f3nica a la compa\u00f1\u00eda. Busque el tel\u00e9fono de Martierra en la red de redes o llame de manera directa desde ac\u00e1 914 413 435. Deber\u00e1 comunicarle al especialista el por qu\u00e9 de su llamada y le se\u00f1alar\u00e1 los pasos que debe seguir. Prosiga cada paso apropiadamente y, en nada de tiempo, el profesional se va a poner en contacto para comunicarle la finalizaci\u00f3n de su contrato. Si desea contratar un seguro nuevo, iDecesos comparar\u00e1 todas las opciones y, le ayudar\u00e1 a hallar el que se adapte mejor a sus necesidades. <div class=\"colorf \"  ><div class=\"container clearfix\"><div class=\"col-md-7\"><\/p>\r\n<h2><span class=\"ez-toc-section\" id=\"Dar_de_baja_seguro_Martierra_de_un_fallecido\"><\/span>Dar de baja seguro Martierra de un fallecido<span class=\"ez-toc-section-end\"><\/span><\/h2>\r\n<p>Finalmente, le vamos a explicar, con detalle, la manera en la que puede dar de baja su seguro de decesos, despu\u00e9s de fallecer la persona asegurada. Este, es el procedimiento m\u00e1s simple y sencillo para poder anularlo. Para su total calma, los profesionales se ocupar\u00e1n de cerrar y administrar los tr\u00e1mites pertinentes. Tras su fallecimiento, su seguro de decesos quedar\u00e1 anulado, gracias a Martierra. Al prestar su servicio tras el sepelio del usuario, Martierra se ocupar\u00e1 de dar de baja a la persona fallecida, con lo que sus familiares no tienen de qu\u00e9 preocuparse, se encargaran de todo y no tendr\u00e1n que hacer nada al respecto. <\/div><\/div><\/div> <div class=\"oficinas\"> <h3><span class=\"ez-toc-section\" id=\"Paginas_relacionadas\"><\/span>P\u00e1ginas relacionadas<span class=\"ez-toc-section-end\"><\/span><\/h3><div class=\"enlazado\"><ul> <li><a href=\"https:\/\/idecesos.com\/seguros\/companias\/martierra\/opiniones\/\">Opiniones de Seguro Decesos Martierra<\/a><\/li> <li><a href=\"https:\/\/idecesos.com\/seguros\/companias\/martierra\/precio\/\">Precio seguro Martierra<\/a><\/li> <li><a href=\"https:\/\/idecesos.com\/seguros\/companias\/martierra\/prima-mixta\/\">Martierra Prima Mixta<\/a><\/li> <li><a href=\"https:\/\/idecesos.com\/seguros\/companias\/martierra\/prima-natural\/\">Martierra Prima Natural<\/a><\/li> <li><a href=\"https:\/\/idecesos.com\/seguros\/companias\/martierra\/prima-nivelada\/\">Martierra Prima Nivelada<\/a><\/li> <li><a href=\"https:\/\/idecesos.com\/seguros\/companias\/martierra\/prima-unica\/\">Martierra Prima \u00danica<\/a><\/li> <li><a href=\"https:\/\/idecesos.com\/seguros\/companias\/martierra\/repatriacion\/\">Martierra Repatriaci\u00f3n<\/a><\/li> <li><a href=\"https:\/\/idecesos.com\/seguros\/companias\/martierra\/telefono\/\">Tel\u00e9fono Gratuito Martierra<\/a><\/li><\/ul><\/div> <\/div><\/p>","protected":false},"excerpt":{"rendered":"<p>Seguidamente, vamos a comentarte de qu\u00e9 forma puedes dar de baja tu seguro de decesos. Si consideras que dar de baja el seguro de decesos es complicado, en esta p\u00e1gina vamos a explic\u00e1rtelo de la manera m\u00e1s f\u00e1cil posible. Ahora le explicaremos cu\u00e1les son los pasos que debe proseguir y las diferentes formas de darse&hellip; <\/p>\n","protected":false},"author":1,"featured_media":0,"parent":6378,"menu_order":0,"comment_status":"closed","ping_status":"closed","template":"single.php","meta":{"footnotes":""},"class_list":["post-18242","page","type-page","status-publish","hentry"],"yoast_head":"<!-- This site is optimized with the Yoast SEO plugin v27.3 - https:\/\/yoast.com\/product\/yoast-seo-wordpress\/ -->\n<title>\u00bfC\u00f3mo dar de Baja o Cancelar Seguro de Decesos Martierra?<\/title>\n<meta name=\"description\" content=\"Obt\u00e9n aqu\u00ed\u3010c\u00f3mo dar de baja o cancelar seguro de decesos Martierra\u3011Modelo carta, fax, correo electr\u00f3nico (email), tel\u00e9fono gratis.\" \/>\n<meta name=\"robots\" content=\"index, follow, max-snippet:-1, max-image-preview:large, max-video-preview:-1\" \/>\n<link rel=\"canonical\" href=\"https:\/\/idecesos.com\/seguros\/companias\/martierra\/dar-de-baja\/\" \/>\n<meta property=\"og:locale\" content=\"es_ES\" \/>\n<meta property=\"og:type\" content=\"article\" \/>\n<meta property=\"og:title\" content=\"\u00bfC\u00f3mo dar de Baja o Cancelar Seguro de Decesos Martierra?\" \/>\n<meta property=\"og:description\" content=\"Obt\u00e9n aqu\u00ed\u3010c\u00f3mo dar de baja o cancelar seguro de decesos Martierra\u3011Modelo carta, fax, correo electr\u00f3nico (email), tel\u00e9fono gratis.\" \/>\n<meta property=\"og:url\" content=\"https:\/\/idecesos.com\/seguros\/companias\/martierra\/dar-de-baja\/\" \/>\n<meta property=\"article:modified_time\" content=\"2022-01-31T18:08:16+00:00\" \/>\n<meta name=\"twitter:card\" content=\"summary_large_image\" \/>\n<meta name=\"twitter:label1\" content=\"Tiempo de lectura\" \/>\n\t<meta name=\"twitter:data1\" content=\"5 minutos\" \/>\n<script type=\"application\/ld+json\" class=\"yoast-schema-graph\">{\"@context\":\"https:\\\/\\\/schema.org\",\"@graph\":[{\"@type\":\"WebPage\",\"@id\":\"https:\\\/\\\/idecesos.com\\\/seguros\\\/companias\\\/martierra\\\/dar-de-baja\\\/\",\"url\":\"https:\\\/\\\/idecesos.com\\\/seguros\\\/companias\\\/martierra\\\/dar-de-baja\\\/\",\"name\":\"\u00bfC\u00f3mo dar de Baja o Cancelar Seguro de Decesos Martierra?\",\"isPartOf\":{\"@id\":\"https:\\\/\\\/idecesos.com\\\/seguros\\\/#website\"},\"datePublished\":\"2021-12-29T11:53:26+00:00\",\"dateModified\":\"2022-01-31T18:08:16+00:00\",\"description\":\"Obt\u00e9n aqu\u00ed\u3010c\u00f3mo dar de baja o cancelar seguro de decesos Martierra\u3011Modelo carta, fax, correo electr\u00f3nico (email), tel\u00e9fono gratis.\",\"breadcrumb\":{\"@id\":\"https:\\\/\\\/idecesos.com\\\/seguros\\\/companias\\\/martierra\\\/dar-de-baja\\\/#breadcrumb\"},\"inLanguage\":\"es\",\"potentialAction\":[{\"@type\":\"ReadAction\",\"target\":[\"https:\\\/\\\/idecesos.com\\\/seguros\\\/companias\\\/martierra\\\/dar-de-baja\\\/\"]}]},{\"@type\":\"BreadcrumbList\",\"@id\":\"https:\\\/\\\/idecesos.com\\\/seguros\\\/companias\\\/martierra\\\/dar-de-baja\\\/#breadcrumb\",\"itemListElement\":[{\"@type\":\"ListItem\",\"position\":1,\"name\":\"Portada\",\"item\":\"https:\\\/\\\/idecesos.com\\\/seguros\\\/\"},{\"@type\":\"ListItem\",\"position\":2,\"name\":\"Compa\u00f1\u00edas de Seguros de Decesos en Espa\u00f1a\",\"item\":\"https:\\\/\\\/idecesos.com\\\/seguros\\\/companias\\\/\"},{\"@type\":\"ListItem\",\"position\":3,\"name\":\"Seguro de Decesos Martierra\",\"item\":\"https:\\\/\\\/idecesos.com\\\/seguros\\\/companias\\\/martierra\\\/\"},{\"@type\":\"ListItem\",\"position\":4,\"name\":\"\u00bfC\u00f3mo dar de baja seguro Martierra?\"}]},{\"@type\":\"WebSite\",\"@id\":\"https:\\\/\\\/idecesos.com\\\/seguros\\\/#website\",\"url\":\"https:\\\/\\\/idecesos.com\\\/seguros\\\/\",\"name\":\"\",\"description\":\"\",\"potentialAction\":[{\"@type\":\"SearchAction\",\"target\":{\"@type\":\"EntryPoint\",\"urlTemplate\":\"https:\\\/\\\/idecesos.com\\\/seguros\\\/?s={search_term_string}\"},\"query-input\":{\"@type\":\"PropertyValueSpecification\",\"valueRequired\":true,\"valueName\":\"search_term_string\"}}],\"inLanguage\":\"es\"}]}<\/script>\n<!-- \/ Yoast SEO plugin. -->","yoast_head_json":{"title":"\u00bfC\u00f3mo dar de Baja o Cancelar Seguro de Decesos Martierra?","description":"Obt\u00e9n aqu\u00ed\u3010c\u00f3mo dar de baja o cancelar seguro de decesos Martierra\u3011Modelo carta, fax, correo electr\u00f3nico (email), tel\u00e9fono gratis.","robots":{"index":"index","follow":"follow","max-snippet":"max-snippet:-1","max-image-preview":"max-image-preview:large","max-video-preview":"max-video-preview:-1"},"canonical":"https:\/\/idecesos.com\/seguros\/companias\/martierra\/dar-de-baja\/","og_locale":"es_ES","og_type":"article","og_title":"\u00bfC\u00f3mo dar de Baja o Cancelar Seguro de Decesos Martierra?","og_description":"Obt\u00e9n aqu\u00ed\u3010c\u00f3mo dar de baja o cancelar seguro de decesos Martierra\u3011Modelo carta, fax, correo electr\u00f3nico (email), tel\u00e9fono gratis.","og_url":"https:\/\/idecesos.com\/seguros\/companias\/martierra\/dar-de-baja\/","article_modified_time":"2022-01-31T18:08:16+00:00","twitter_card":"summary_large_image","twitter_misc":{"Tiempo de lectura":"5 minutos"},"schema":{"@context":"https:\/\/schema.org","@graph":[{"@type":"WebPage","@id":"https:\/\/idecesos.com\/seguros\/companias\/martierra\/dar-de-baja\/","url":"https:\/\/idecesos.com\/seguros\/companias\/martierra\/dar-de-baja\/","name":"\u00bfC\u00f3mo dar de Baja o Cancelar Seguro de Decesos Martierra?","isPartOf":{"@id":"https:\/\/idecesos.com\/seguros\/#website"},"datePublished":"2021-12-29T11:53:26+00:00","dateModified":"2022-01-31T18:08:16+00:00","description":"Obt\u00e9n aqu\u00ed\u3010c\u00f3mo dar de baja o cancelar seguro de decesos Martierra\u3011Modelo carta, fax, correo electr\u00f3nico (email), tel\u00e9fono gratis.","breadcrumb":{"@id":"https:\/\/idecesos.com\/seguros\/companias\/martierra\/dar-de-baja\/#breadcrumb"},"inLanguage":"es","potentialAction":[{"@type":"ReadAction","target":["https:\/\/idecesos.com\/seguros\/companias\/martierra\/dar-de-baja\/"]}]},{"@type":"BreadcrumbList","@id":"https:\/\/idecesos.com\/seguros\/companias\/martierra\/dar-de-baja\/#breadcrumb","itemListElement":[{"@type":"ListItem","position":1,"name":"Portada","item":"https:\/\/idecesos.com\/seguros\/"},{"@type":"ListItem","position":2,"name":"Compa\u00f1\u00edas de Seguros de Decesos en Espa\u00f1a","item":"https:\/\/idecesos.com\/seguros\/companias\/"},{"@type":"ListItem","position":3,"name":"Seguro de Decesos Martierra","item":"https:\/\/idecesos.com\/seguros\/companias\/martierra\/"},{"@type":"ListItem","position":4,"name":"\u00bfC\u00f3mo dar de baja seguro Martierra?"}]},{"@type":"WebSite","@id":"https:\/\/idecesos.com\/seguros\/#website","url":"https:\/\/idecesos.com\/seguros\/","name":"","description":"","potentialAction":[{"@type":"SearchAction","target":{"@type":"EntryPoint","urlTemplate":"https:\/\/idecesos.com\/seguros\/?s={search_term_string}"},"query-input":{"@type":"PropertyValueSpecification","valueRequired":true,"valueName":"search_term_string"}}],"inLanguage":"es"}]}},"_links":{"self":[{"href":"https:\/\/idecesos.com\/seguros\/wp-json\/wp\/v2\/pages\/18242","targetHints":{"allow":["GET"]}}],"collection":[{"href":"https:\/\/idecesos.com\/seguros\/wp-json\/wp\/v2\/pages"}],"about":[{"href":"https:\/\/idecesos.com\/seguros\/wp-json\/wp\/v2\/types\/page"}],"author":[{"embeddable":true,"href":"https:\/\/idecesos.com\/seguros\/wp-json\/wp\/v2\/users\/1"}],"replies":[{"embeddable":true,"href":"https:\/\/idecesos.com\/seguros\/wp-json\/wp\/v2\/comments?post=18242"}],"version-history":[{"count":2,"href":"https:\/\/idecesos.com\/seguros\/wp-json\/wp\/v2\/pages\/18242\/revisions"}],"predecessor-version":[{"id":19192,"href":"https:\/\/idecesos.com\/seguros\/wp-json\/wp\/v2\/pages\/18242\/revisions\/19192"}],"up":[{"embeddable":true,"href":"https:\/\/idecesos.com\/seguros\/wp-json\/wp\/v2\/pages\/6378"}],"wp:attachment":[{"href":"https:\/\/idecesos.com\/seguros\/wp-json\/wp\/v2\/media?parent=18242"}],"curies":[{"name":"wp","href":"https:\/\/api.w.org\/{rel}","templated":true}]}}