{"id":18244,"date":"2021-12-29T11:53:27","date_gmt":"2021-12-29T11:53:27","guid":{"rendered":"https:\/\/idecesos.com\/seguros\/companias\/vital\/dar-de-baja\/"},"modified":"2022-01-31T16:59:57","modified_gmt":"2022-01-31T16:59:57","slug":"dar-de-baja","status":"publish","type":"page","link":"https:\/\/idecesos.com\/seguros\/companias\/vital\/dar-de-baja\/","title":{"rendered":"\u00bfC\u00f3mo dar de baja seguro Vital?"},"content":{"rendered":"<div id=\"ez-toc-container\" class=\"ez-toc-v2_0_82_2 ez-toc-wrap-center counter-hierarchy ez-toc-counter ez-toc-custom ez-toc-container-direction\">\n<div class=\"ez-toc-title-container\">\n<p class=\"ez-toc-title\" style=\"cursor:inherit\">Tabla de Contenido<\/p>\n<span class=\"ez-toc-title-toggle\"><a href=\"#\" class=\"ez-toc-pull-right ez-toc-btn ez-toc-btn-xs ez-toc-btn-default ez-toc-toggle\" aria-label=\"Alternar tabla de contenidos\"><span class=\"ez-toc-js-icon-con\"><span class=\"\"><span class=\"eztoc-hide\" style=\"display:none;\">Toggle<\/span><span class=\"ez-toc-icon-toggle-span\"><svg style=\"fill: #db6415;color:#db6415\" xmlns=\"http:\/\/www.w3.org\/2000\/svg\" class=\"list-377408\" width=\"20px\" height=\"20px\" viewBox=\"0 0 24 24\" fill=\"none\"><path d=\"M6 6H4v2h2V6zm14 0H8v2h12V6zM4 11h2v2H4v-2zm16 0H8v2h12v-2zM4 16h2v2H4v-2zm16 0H8v2h12v-2z\" fill=\"currentColor\"><\/path><\/svg><svg style=\"fill: #db6415;color:#db6415\" class=\"arrow-unsorted-368013\" xmlns=\"http:\/\/www.w3.org\/2000\/svg\" width=\"10px\" height=\"10px\" viewBox=\"0 0 24 24\" version=\"1.2\" baseProfile=\"tiny\"><path d=\"M18.2 9.3l-6.2-6.3-6.2 6.3c-.2.2-.3.4-.3.7s.1.5.3.7c.2.2.4.3.7.3h11c.3 0 .5-.1.7-.3.2-.2.3-.5.3-.7s-.1-.5-.3-.7zM5.8 14.7l6.2 6.3 6.2-6.3c.2-.2.3-.5.3-.7s-.1-.5-.3-.7c-.2-.2-.4-.3-.7-.3h-11c-.3 0-.5.1-.7.3-.2.2-.3.5-.3.7s.1.5.3.7z\"\/><\/svg><\/span><\/span><\/span><\/a><\/span><\/div>\n<nav><ul class='ez-toc-list ez-toc-list-level-1 ' ><li class='ez-toc-page-1 ez-toc-heading-level-2'><a class=\"ez-toc-link ez-toc-heading-1\" href=\"https:\/\/idecesos.com\/seguros\/companias\/vital\/dar-de-baja\/#Diferentes_opciones_para_cancelar_un_contrato_con_Vital\" >Diferentes opciones para cancelar un contrato con Vital<\/a><ul class='ez-toc-list-level-3' ><li class='ez-toc-heading-level-3'><a class=\"ez-toc-link ez-toc-heading-2\" href=\"https:\/\/idecesos.com\/seguros\/companias\/vital\/dar-de-baja\/#A_traves_de_la_web_de_Vital\" >A trav\u00e9s de la web de Vital<\/a><\/li><li class='ez-toc-page-1 ez-toc-heading-level-3'><a class=\"ez-toc-link ez-toc-heading-3\" href=\"https:\/\/idecesos.com\/seguros\/companias\/vital\/dar-de-baja\/#Utilizando_el_correo_electronico_de_Vital\" >Utilizando el correo electr\u00f3nico de Vital<\/a><\/li><li class='ez-toc-page-1 ez-toc-heading-level-3'><a class=\"ez-toc-link ez-toc-heading-4\" href=\"https:\/\/idecesos.com\/seguros\/companias\/vital\/dar-de-baja\/#Dar_de_baja_Vital_por_fax\" >Dar de baja Vital por fax<\/a><\/li><li class='ez-toc-page-1 ez-toc-heading-level-3'><a class=\"ez-toc-link ez-toc-heading-5\" href=\"https:\/\/idecesos.com\/seguros\/companias\/vital\/dar-de-baja\/#En_la_oficina_de_Vital\" >En la oficina de Vital<\/a><\/li><li class='ez-toc-page-1 ez-toc-heading-level-3'><a class=\"ez-toc-link ez-toc-heading-6\" href=\"https:\/\/idecesos.com\/seguros\/companias\/vital\/dar-de-baja\/#Telefono_para_dar_de_baja_Vital\" >T\u00e9lefono para dar de baja Vital<\/a><\/li><\/ul><\/li><li class='ez-toc-page-1 ez-toc-heading-level-2'><a class=\"ez-toc-link ez-toc-heading-7\" href=\"https:\/\/idecesos.com\/seguros\/companias\/vital\/dar-de-baja\/#Dar_de_baja_seguro_Vital_de_un_fallecido\" >Dar de baja seguro Vital de un fallecido<\/a><ul class='ez-toc-list-level-3' ><li class='ez-toc-heading-level-3'><a class=\"ez-toc-link ez-toc-heading-8\" href=\"https:\/\/idecesos.com\/seguros\/companias\/vital\/dar-de-baja\/#Paginas_relacionadas\" >P\u00e1ginas relacionadas<\/a><\/li><\/ul><\/li><\/ul><\/nav><\/div>\n<p> Solo tendr\u00e1s que seguir las indicaciones que te mostramos a fin de que puedas dar de baja tu seguro. El primer paso que debes proseguir es comprobar tu contrato y conocer los datos de tu aseguradora. En el momento en que tenga esta informaci\u00f3n podr\u00e1 buscar la direcci\u00f3n de la compa\u00f1\u00eda en Internet. Cuando conozcas la direcci\u00f3n de tu compa\u00f1\u00eda de seguros, ponte en contacto con ellos mediante su tel\u00e9fono de atenci\u00f3n al usuario. Tras haber llamado a atenci\u00f3n al usuario deber\u00e1 pedir la baja de su seguro de decesos, podr\u00e1 hacerlo por tel\u00e9fono o por correo. Debes comunicarle a tu aseguradora tu deseo por escrito de darte de baja de tu seguro de decesos a fin de que no se hagan cargo de los servicios. <div class=\"colorf \"  ><div class=\"container clearfix\"><div class=\"col-md-7\"><\/p>\r\n<h2><span class=\"ez-toc-section\" id=\"Diferentes_opciones_para_cancelar_un_contrato_con_Vital\"><\/span>Diferentes opciones para cancelar un contrato con Vital<span class=\"ez-toc-section-end\"><\/span><\/h2>\r\n<!-- \/wp:post-content -->\r\n\r\n<!-- wp:paragraph -->\r\n<p>De qu\u00e9 forma marcha una compa\u00f1\u00eda puede ser muy diferente a otras mas, todas le pedir\u00e1n el documento en el que conste su deseo de dar de baja los servicios ofrecidos por esta. Puede conseguir el documento de Vital contactando a trav\u00e9s del n\u00famero de tel\u00e9fono o e-mail que tenemos a su disposici\u00f3n. La compa\u00f1\u00eda deber\u00e1 darle por v\u00e1lido el env\u00edo de la carta certificada, con el modelo est\u00e1ndar de cancelaci\u00f3n de su contrato, siendo una de las formas de darse de baja. Guardar el resguardo del documento y hacer una copia, es recomendable. Enseguida, le vamos a ense\u00f1ar distintas opciones para poder darse de baja de su seguro de decesos Vital. <\/div><\/div><\/div><\/p>\r\n<h3><span class=\"ez-toc-section\" id=\"A_traves_de_la_web_de_Vital\"><\/span>A trav\u00e9s de la web de Vital<span class=\"ez-toc-section-end\"><\/span><\/h3>\r\n<p>A trav\u00e9s de la web <strong>www.vitalseguro.com\/<\/strong> de Vital, asimismo podr\u00e1 dar de baja su seguro. Ser\u00e1 tan sencillo como entrar en la secci\u00f3n de bajas o, poner en el buscador de la web cuanto quieras saber. Entonces, vas a tener 2 opciones: rellenar el formulario que le dan o, bajar el documento pertinente. Si no halla el resultado esperado no se preocupe, p\u00f3ngase en contacto por tel\u00e9fono con Vital o bien m\u00e1ndales un correo al siguiente apartado comentando el problema que le ha ocurrido email Vital. En el caso contrario, si todo va bien, poco tiempo vas a recibir un e-mail de la compa\u00f1\u00eda inform\u00e1ndole de que, su baja, ha sido completada exitosamente. <div class=\"colorf \"  ><div class=\"container clearfix\"><div class=\"col-md-7\"><\/p>\r\n<h3><span class=\"ez-toc-section\" id=\"Utilizando_el_correo_electronico_de_Vital\"><\/span>Utilizando el correo electr\u00f3nico de Vital<span class=\"ez-toc-section-end\"><\/span><\/h3>\r\n<p>Otra de las formas para dar de baja a su seguro de decesos, es a trav\u00e9s del e mail email Vital de Vital. Solo le ocupar\u00e1 unos minutos de su tiempo. La informaci\u00f3n que debe detallar en el mensaje, que env\u00ede al apartado de correos de Vital, ser\u00e1 una imitaci\u00f3n de su documento nacional de identidad y la notificaci\u00f3n firmada, complet\u00e1ndola con sus datos personales. Va a deber tener en su poder una copia sellada y un justificante del recibo, para realizar su ejecuci\u00f3n correctamente. Adem\u00e1s, por lo que pueda pasar, le aconsejamos que guarde una imitaci\u00f3n de la notificaci\u00f3n con su fecha de env\u00edo por lo que pueda ocurrir en el futuro. <\/div><\/div><\/div><\/p>\r\n<h3><span class=\"ez-toc-section\" id=\"Dar_de_baja_Vital_por_fax\"><\/span>Dar de baja Vital por fax<span class=\"ez-toc-section-end\"><\/span><\/h3>\r\n<p>Si lo prefieres, puedes mandar un fax a tu compa\u00f1\u00eda aseguradora para solicitar la baja. El procedimiento es semejante al env\u00edo del mail solo que deber\u00e1s utilizar el fax. Tendr\u00e1s que enviarle a tu compa\u00f1\u00eda tanto tu copia del DNI como la notificaci\u00f3n firmada. Si no sabes d\u00f3nde puedes toparla, contacta con nosotros en el 951 127 403. Al igual que en las opciones previamente detalladas, no olvides guardar la copia sellada y el justificante. La copia de la notificaci\u00f3n con la fecha de env\u00edo asimismo es esencial que la guardes. <div class=\"colorf \"  ><div class=\"container clearfix\"><div class=\"col-md-7\"><\/p>\r\n<h3><span class=\"ez-toc-section\" id=\"En_la_oficina_de_Vital\"><\/span>En la oficina de Vital<span class=\"ez-toc-section-end\"><\/span><\/h3>\r\n<p>Si tienes alguna duda, te recomendamos que acudas a la oficina de tu compa\u00f1\u00eda para que puedas realizar la baja de tu seguro y sus agentes te asesoren personalmente. Si tienes claro de que quieres anular tu seguro de decesos, deber\u00e1s dejarlo por escrito adjuntando una imitaci\u00f3n de tu documento nacional de identidad. En la oficina te van a aplicar un sello con la data del d\u00eda. Cuando te ponen el sello, se comprende que todos los recibos entregados se han efectuado con correcci\u00f3n. En la fecha debe exponerse que el contrato fue cancelado un mes ya antes del fin del contrato. <\/div><\/div><\/div><\/p>\r\n<h3><span class=\"ez-toc-section\" id=\"Telefono_para_dar_de_baja_Vital\"><\/span>T\u00e9lefono para dar de baja Vital<span class=\"ez-toc-section-end\"><\/span><\/h3>\r\n<p>Para finalizar su contrato con Vital, de manera telef\u00f3nica, solo deber\u00e1 proseguir los f\u00e1ciles pasos que el especialista le vaya indicando. Por ende, podr\u00e1 contactar buscando su n\u00famero en Internet o, llamando al 93 602 06 02. Para su tranquilidad, siguiendo los pasos indicados, cada aspecto va a estar solucionado y, los expertos se encargar\u00e1n de los tr\u00e1mites que falten para cerrar su contrato de baja. <div class=\"colorf \"  ><div class=\"container clearfix\"><div class=\"col-md-7\"><\/p>\r\n<h2><span class=\"ez-toc-section\" id=\"Dar_de_baja_seguro_Vital_de_un_fallecido\"><\/span>Dar de baja seguro Vital de un fallecido<span class=\"ez-toc-section-end\"><\/span><\/h2>\r\n<p>Para finalizar, le explicaremos c\u00f3mo dar de baja el seguro de decesos tras el fallecimiento del asegurado. Nos encargaremos de que este m\u00e9todo, que le puede resultar complejo, sea m\u00e1s sencillo y simple de lo que cree. No debe preocuparse por los tr\u00e1mites ya citados. Vital anular\u00e1 de manera autom\u00e1tica el seguro de decesos tras el fallecimiento de la persona asegurada. Tras el sepelio del asegurado, Vital dar\u00e1 de baja el seguro de la persona fallecida y, su familia, podr\u00e1 estar apacible durante todo el proceso. <\/div><\/div><\/div> <div class=\"oficinas\"> <h3><span class=\"ez-toc-section\" id=\"Paginas_relacionadas\"><\/span>P\u00e1ginas relacionadas<span class=\"ez-toc-section-end\"><\/span><\/h3><div class=\"enlazado\"><ul> <li><a href=\"https:\/\/idecesos.com\/seguros\/companias\/vital\/opiniones\/\">Opiniones Vital<\/a><\/li> <li><a href=\"https:\/\/idecesos.com\/seguros\/companias\/vital\/precio\/\">Precio seguro Vital<\/a><\/li> <li><a href=\"https:\/\/idecesos.com\/seguros\/companias\/vital\/prima-mixta\/\">Vital Prima Mixta<\/a><\/li> <li><a href=\"https:\/\/idecesos.com\/seguros\/companias\/vital\/prima-natural\/\">Vital Prima Natural<\/a><\/li> <li><a href=\"https:\/\/idecesos.com\/seguros\/companias\/vital\/prima-nivelada\/\">Vital Prima Nivelada<\/a><\/li> <li><a href=\"https:\/\/idecesos.com\/seguros\/companias\/vital\/prima-unica\/\">Vital Prima \u00danica<\/a><\/li> <li><a href=\"https:\/\/idecesos.com\/seguros\/companias\/vital\/repatriacion\/\">Vital Repatriaci\u00f3n<\/a><\/li> <li><a href=\"https:\/\/idecesos.com\/seguros\/companias\/vital\/telefono\/\">Tel\u00e9fono Gratuito Vital<\/a><\/li>                                                                                                                                                                                                                                                                                                                                                                                                                                                                                                                                                                                                                                                                                                                                                                                                                                                                                                                                                                                                                                                                                                                                                                                                                                                                                                                                                                                                                                                                                                                                                                                                                                                                                                                                                                                                                                                                                                                                                                                                                                                                                                                                                                                                                                                                                                                                                                                                                                                                                                                                                                                                                                                                                                                                                                                                                                                                                                                                                                                                                                                                                                                              <\/ul><\/div> <\/div><\/p>","protected":false},"excerpt":{"rendered":"<p>Solo tendr\u00e1s que seguir las indicaciones que te mostramos a fin de que puedas dar de baja tu seguro. El primer paso que debes proseguir es comprobar tu contrato y conocer los datos de tu aseguradora. En el momento en que tenga esta informaci\u00f3n podr\u00e1 buscar la direcci\u00f3n de la compa\u00f1\u00eda en Internet. Cuando conozcas&hellip; <\/p>\n","protected":false},"author":1,"featured_media":0,"parent":9454,"menu_order":0,"comment_status":"closed","ping_status":"closed","template":"single.php","meta":{"footnotes":""},"class_list":["post-18244","page","type-page","status-publish","hentry"],"yoast_head":"<!-- This site is optimized with the Yoast SEO plugin v27.3 - https:\/\/yoast.com\/product\/yoast-seo-wordpress\/ -->\n<title>\u00bfC\u00f3mo dar de Baja o Cancelar Seguro de Decesos Vital?<\/title>\n<meta name=\"description\" content=\"Obt\u00e9n aqu\u00ed\u3010c\u00f3mo dar de baja o cancelar seguro de decesos Vital\u3011Modelo carta, fax, correo electr\u00f3nico (email), tel\u00e9fono gratis.\" \/>\n<meta name=\"robots\" content=\"index, follow, max-snippet:-1, max-image-preview:large, max-video-preview:-1\" \/>\n<link rel=\"canonical\" href=\"https:\/\/idecesos.com\/seguros\/companias\/vital\/dar-de-baja\/\" \/>\n<meta property=\"og:locale\" content=\"es_ES\" \/>\n<meta property=\"og:type\" content=\"article\" \/>\n<meta property=\"og:title\" content=\"\u00bfC\u00f3mo dar de Baja o Cancelar Seguro de Decesos Vital?\" \/>\n<meta property=\"og:description\" content=\"Obt\u00e9n aqu\u00ed\u3010c\u00f3mo dar de baja o cancelar seguro de decesos Vital\u3011Modelo carta, fax, correo electr\u00f3nico (email), tel\u00e9fono gratis.\" \/>\n<meta property=\"og:url\" content=\"https:\/\/idecesos.com\/seguros\/companias\/vital\/dar-de-baja\/\" \/>\n<meta property=\"article:modified_time\" content=\"2022-01-31T16:59:57+00:00\" \/>\n<meta name=\"twitter:card\" content=\"summary_large_image\" \/>\n<meta name=\"twitter:label1\" content=\"Tiempo de lectura\" \/>\n\t<meta name=\"twitter:data1\" content=\"15 minutos\" \/>\n<script type=\"application\/ld+json\" class=\"yoast-schema-graph\">{\"@context\":\"https:\\\/\\\/schema.org\",\"@graph\":[{\"@type\":\"WebPage\",\"@id\":\"https:\\\/\\\/idecesos.com\\\/seguros\\\/companias\\\/vital\\\/dar-de-baja\\\/\",\"url\":\"https:\\\/\\\/idecesos.com\\\/seguros\\\/companias\\\/vital\\\/dar-de-baja\\\/\",\"name\":\"\u00bfC\u00f3mo dar de Baja o Cancelar Seguro de Decesos Vital?\",\"isPartOf\":{\"@id\":\"https:\\\/\\\/idecesos.com\\\/seguros\\\/#website\"},\"datePublished\":\"2021-12-29T11:53:27+00:00\",\"dateModified\":\"2022-01-31T16:59:57+00:00\",\"description\":\"Obt\u00e9n aqu\u00ed\u3010c\u00f3mo dar de baja o cancelar seguro de decesos Vital\u3011Modelo carta, fax, correo electr\u00f3nico (email), tel\u00e9fono gratis.\",\"breadcrumb\":{\"@id\":\"https:\\\/\\\/idecesos.com\\\/seguros\\\/companias\\\/vital\\\/dar-de-baja\\\/#breadcrumb\"},\"inLanguage\":\"es\",\"potentialAction\":[{\"@type\":\"ReadAction\",\"target\":[\"https:\\\/\\\/idecesos.com\\\/seguros\\\/companias\\\/vital\\\/dar-de-baja\\\/\"]}]},{\"@type\":\"BreadcrumbList\",\"@id\":\"https:\\\/\\\/idecesos.com\\\/seguros\\\/companias\\\/vital\\\/dar-de-baja\\\/#breadcrumb\",\"itemListElement\":[{\"@type\":\"ListItem\",\"position\":1,\"name\":\"Portada\",\"item\":\"https:\\\/\\\/idecesos.com\\\/seguros\\\/\"},{\"@type\":\"ListItem\",\"position\":2,\"name\":\"Compa\u00f1\u00edas de Seguros de Decesos en Espa\u00f1a\",\"item\":\"https:\\\/\\\/idecesos.com\\\/seguros\\\/companias\\\/\"},{\"@type\":\"ListItem\",\"position\":3,\"name\":\"Seguros de decesos Vital\",\"item\":\"https:\\\/\\\/idecesos.com\\\/seguros\\\/companias\\\/vital\\\/\"},{\"@type\":\"ListItem\",\"position\":4,\"name\":\"\u00bfC\u00f3mo dar de baja seguro Vital?\"}]},{\"@type\":\"WebSite\",\"@id\":\"https:\\\/\\\/idecesos.com\\\/seguros\\\/#website\",\"url\":\"https:\\\/\\\/idecesos.com\\\/seguros\\\/\",\"name\":\"\",\"description\":\"\",\"potentialAction\":[{\"@type\":\"SearchAction\",\"target\":{\"@type\":\"EntryPoint\",\"urlTemplate\":\"https:\\\/\\\/idecesos.com\\\/seguros\\\/?s={search_term_string}\"},\"query-input\":{\"@type\":\"PropertyValueSpecification\",\"valueRequired\":true,\"valueName\":\"search_term_string\"}}],\"inLanguage\":\"es\"}]}<\/script>\n<!-- \/ Yoast SEO plugin. -->","yoast_head_json":{"title":"\u00bfC\u00f3mo dar de Baja o Cancelar Seguro de Decesos Vital?","description":"Obt\u00e9n aqu\u00ed\u3010c\u00f3mo dar de baja o cancelar seguro de decesos Vital\u3011Modelo carta, fax, correo electr\u00f3nico (email), tel\u00e9fono gratis.","robots":{"index":"index","follow":"follow","max-snippet":"max-snippet:-1","max-image-preview":"max-image-preview:large","max-video-preview":"max-video-preview:-1"},"canonical":"https:\/\/idecesos.com\/seguros\/companias\/vital\/dar-de-baja\/","og_locale":"es_ES","og_type":"article","og_title":"\u00bfC\u00f3mo dar de Baja o Cancelar Seguro de Decesos Vital?","og_description":"Obt\u00e9n aqu\u00ed\u3010c\u00f3mo dar de baja o cancelar seguro de decesos Vital\u3011Modelo carta, fax, correo electr\u00f3nico (email), tel\u00e9fono gratis.","og_url":"https:\/\/idecesos.com\/seguros\/companias\/vital\/dar-de-baja\/","article_modified_time":"2022-01-31T16:59:57+00:00","twitter_card":"summary_large_image","twitter_misc":{"Tiempo de lectura":"15 minutos"},"schema":{"@context":"https:\/\/schema.org","@graph":[{"@type":"WebPage","@id":"https:\/\/idecesos.com\/seguros\/companias\/vital\/dar-de-baja\/","url":"https:\/\/idecesos.com\/seguros\/companias\/vital\/dar-de-baja\/","name":"\u00bfC\u00f3mo dar de Baja o Cancelar Seguro de Decesos Vital?","isPartOf":{"@id":"https:\/\/idecesos.com\/seguros\/#website"},"datePublished":"2021-12-29T11:53:27+00:00","dateModified":"2022-01-31T16:59:57+00:00","description":"Obt\u00e9n aqu\u00ed\u3010c\u00f3mo dar de baja o cancelar seguro de decesos Vital\u3011Modelo carta, fax, correo electr\u00f3nico (email), tel\u00e9fono gratis.","breadcrumb":{"@id":"https:\/\/idecesos.com\/seguros\/companias\/vital\/dar-de-baja\/#breadcrumb"},"inLanguage":"es","potentialAction":[{"@type":"ReadAction","target":["https:\/\/idecesos.com\/seguros\/companias\/vital\/dar-de-baja\/"]}]},{"@type":"BreadcrumbList","@id":"https:\/\/idecesos.com\/seguros\/companias\/vital\/dar-de-baja\/#breadcrumb","itemListElement":[{"@type":"ListItem","position":1,"name":"Portada","item":"https:\/\/idecesos.com\/seguros\/"},{"@type":"ListItem","position":2,"name":"Compa\u00f1\u00edas de Seguros de Decesos en Espa\u00f1a","item":"https:\/\/idecesos.com\/seguros\/companias\/"},{"@type":"ListItem","position":3,"name":"Seguros de decesos Vital","item":"https:\/\/idecesos.com\/seguros\/companias\/vital\/"},{"@type":"ListItem","position":4,"name":"\u00bfC\u00f3mo dar de baja seguro Vital?"}]},{"@type":"WebSite","@id":"https:\/\/idecesos.com\/seguros\/#website","url":"https:\/\/idecesos.com\/seguros\/","name":"","description":"","potentialAction":[{"@type":"SearchAction","target":{"@type":"EntryPoint","urlTemplate":"https:\/\/idecesos.com\/seguros\/?s={search_term_string}"},"query-input":{"@type":"PropertyValueSpecification","valueRequired":true,"valueName":"search_term_string"}}],"inLanguage":"es"}]}},"_links":{"self":[{"href":"https:\/\/idecesos.com\/seguros\/wp-json\/wp\/v2\/pages\/18244","targetHints":{"allow":["GET"]}}],"collection":[{"href":"https:\/\/idecesos.com\/seguros\/wp-json\/wp\/v2\/pages"}],"about":[{"href":"https:\/\/idecesos.com\/seguros\/wp-json\/wp\/v2\/types\/page"}],"author":[{"embeddable":true,"href":"https:\/\/idecesos.com\/seguros\/wp-json\/wp\/v2\/users\/1"}],"replies":[{"embeddable":true,"href":"https:\/\/idecesos.com\/seguros\/wp-json\/wp\/v2\/comments?post=18244"}],"version-history":[{"count":1,"href":"https:\/\/idecesos.com\/seguros\/wp-json\/wp\/v2\/pages\/18244\/revisions"}],"predecessor-version":[{"id":19155,"href":"https:\/\/idecesos.com\/seguros\/wp-json\/wp\/v2\/pages\/18244\/revisions\/19155"}],"up":[{"embeddable":true,"href":"https:\/\/idecesos.com\/seguros\/wp-json\/wp\/v2\/pages\/9454"}],"wp:attachment":[{"href":"https:\/\/idecesos.com\/seguros\/wp-json\/wp\/v2\/media?parent=18244"}],"curies":[{"name":"wp","href":"https:\/\/api.w.org\/{rel}","templated":true}]}}