{"id":18245,"date":"2021-12-29T11:53:28","date_gmt":"2021-12-29T11:53:28","guid":{"rendered":"https:\/\/idecesos.com\/seguros\/companias\/amic\/dar-de-baja\/"},"modified":"2021-12-29T11:53:28","modified_gmt":"2021-12-29T11:53:28","slug":"dar-de-baja","status":"publish","type":"page","link":"https:\/\/idecesos.com\/seguros\/companias\/amic\/dar-de-baja\/","title":{"rendered":"\u00bfC\u00f3mo dar de baja seguro Amic?"},"content":{"rendered":"<div id=\"ez-toc-container\" class=\"ez-toc-v2_0_82_2 ez-toc-wrap-center counter-hierarchy ez-toc-counter ez-toc-custom ez-toc-container-direction\">\n<div class=\"ez-toc-title-container\">\n<p class=\"ez-toc-title\" style=\"cursor:inherit\">Tabla de Contenido<\/p>\n<span class=\"ez-toc-title-toggle\"><a href=\"#\" class=\"ez-toc-pull-right ez-toc-btn ez-toc-btn-xs ez-toc-btn-default ez-toc-toggle\" aria-label=\"Alternar tabla de contenidos\"><span class=\"ez-toc-js-icon-con\"><span class=\"\"><span class=\"eztoc-hide\" style=\"display:none;\">Toggle<\/span><span class=\"ez-toc-icon-toggle-span\"><svg style=\"fill: #db6415;color:#db6415\" xmlns=\"http:\/\/www.w3.org\/2000\/svg\" class=\"list-377408\" width=\"20px\" height=\"20px\" viewBox=\"0 0 24 24\" fill=\"none\"><path d=\"M6 6H4v2h2V6zm14 0H8v2h12V6zM4 11h2v2H4v-2zm16 0H8v2h12v-2zM4 16h2v2H4v-2zm16 0H8v2h12v-2z\" fill=\"currentColor\"><\/path><\/svg><svg style=\"fill: #db6415;color:#db6415\" class=\"arrow-unsorted-368013\" xmlns=\"http:\/\/www.w3.org\/2000\/svg\" width=\"10px\" height=\"10px\" viewBox=\"0 0 24 24\" version=\"1.2\" baseProfile=\"tiny\"><path d=\"M18.2 9.3l-6.2-6.3-6.2 6.3c-.2.2-.3.4-.3.7s.1.5.3.7c.2.2.4.3.7.3h11c.3 0 .5-.1.7-.3.2-.2.3-.5.3-.7s-.1-.5-.3-.7zM5.8 14.7l6.2 6.3 6.2-6.3c.2-.2.3-.5.3-.7s-.1-.5-.3-.7c-.2-.2-.4-.3-.7-.3h-11c-.3 0-.5.1-.7.3-.2.2-.3.5-.3.7s.1.5.3.7z\"\/><\/svg><\/span><\/span><\/span><\/a><\/span><\/div>\n<nav><ul class='ez-toc-list ez-toc-list-level-1 ' ><li class='ez-toc-page-1 ez-toc-heading-level-2'><a class=\"ez-toc-link ez-toc-heading-1\" href=\"https:\/\/idecesos.com\/seguros\/companias\/amic\/dar-de-baja\/#Diferentes_opciones_para_cancelar_un_contrato_con_Amic\" >Diferentes opciones para cancelar un contrato con Amic<\/a><ul class='ez-toc-list-level-3' ><li class='ez-toc-heading-level-3'><a class=\"ez-toc-link ez-toc-heading-2\" href=\"https:\/\/idecesos.com\/seguros\/companias\/amic\/dar-de-baja\/#A_traves_de_la_web_de_Amic\" >A trav\u00e9s de la web de Amic<\/a><\/li><li class='ez-toc-page-1 ez-toc-heading-level-3'><a class=\"ez-toc-link ez-toc-heading-3\" href=\"https:\/\/idecesos.com\/seguros\/companias\/amic\/dar-de-baja\/#Utilizando_el_correo_electronico_de_Amic\" >Utilizando el correo electr\u00f3nico de Amic<\/a><\/li><li class='ez-toc-page-1 ez-toc-heading-level-3'><a class=\"ez-toc-link ez-toc-heading-4\" href=\"https:\/\/idecesos.com\/seguros\/companias\/amic\/dar-de-baja\/#Dar_de_baja_Amic_por_fax\" >Dar de baja Amic por fax<\/a><\/li><li class='ez-toc-page-1 ez-toc-heading-level-3'><a class=\"ez-toc-link ez-toc-heading-5\" href=\"https:\/\/idecesos.com\/seguros\/companias\/amic\/dar-de-baja\/#En_la_oficina_de_Amic\" >En la oficina de Amic<\/a><\/li><li class='ez-toc-page-1 ez-toc-heading-level-3'><a class=\"ez-toc-link ez-toc-heading-6\" href=\"https:\/\/idecesos.com\/seguros\/companias\/amic\/dar-de-baja\/#Telefono_para_dar_de_baja_Amic\" >T\u00e9lefono para dar de baja Amic<\/a><\/li><\/ul><\/li><li class='ez-toc-page-1 ez-toc-heading-level-2'><a class=\"ez-toc-link ez-toc-heading-7\" href=\"https:\/\/idecesos.com\/seguros\/companias\/amic\/dar-de-baja\/#Dar_de_baja_seguro_Amic_de_un_fallecido\" >Dar de baja seguro Amic de un fallecido<\/a><ul class='ez-toc-list-level-3' ><li class='ez-toc-heading-level-3'><a class=\"ez-toc-link ez-toc-heading-8\" href=\"https:\/\/idecesos.com\/seguros\/companias\/amic\/dar-de-baja\/#Paginas_relacionadas\" >P\u00e1ginas relacionadas<\/a><\/li><\/ul><\/li><\/ul><\/nav><\/div>\n\r\n\r\nA continuaci\u00f3n, le explicaremos c\u00f3mo dar de baja su seguro de decesos. Si consideras que dar de baja el seguro de decesos es complicado, en esta p\u00e1gina vamos a explic\u00e1rtelo de la manera m\u00e1s f\u00e1cil posible. Ahora le vamos a explicar cu\u00e1les son los pasos que debe continuar y las diferentes formas de darse de baja. En unos momentos, podr\u00e1s tener todos y cada uno de los datos detallados a fin de que elijas la mejor forma de dar de baja tu seguro de decesos. Te recomendamos continuar con tu seguro de decesos ya que es clave a fin de que puedas vivir m\u00e1s apacible y sin preocupaciones. \r\n<div class=\"colorf \"  ><div class=\"container clearfix\"><div class=\"col-md-7\">\r\n\r\n<h2><span class=\"ez-toc-section\" id=\"Diferentes_opciones_para_cancelar_un_contrato_con_Amic\"><\/span>Diferentes opciones para cancelar un contrato con Amic<span class=\"ez-toc-section-end\"><\/span><\/h2>\r\n<!-- \/wp:post-content -->\r\n\r\n<!-- wp:paragraph --> Cada compa\u00f1\u00eda aseguradora de seguros de decesos funciona de una manera diferente, pero la enorme mayor\u00eda le piden a sus clientes que rellenen un documento en el que ponga sus deseos de darse de baja de sus servicios. Si no sabes de qu\u00e9 documento hablamos, puedes llamarnos al tel\u00e9fono 951 127 403 o contactar con nosotros en nuestro info@idecesos. com. Hay diferentes formas de darse de baja, pero, de cualquier forma, si  decide enviar una carta certificada con un modelo est\u00e1ndar de cancelaci\u00f3n de su contrato con Amic esta deber\u00e1 d\u00e1rselo por v\u00e1lido. Si deseas eludir inconvenientes en un futuro, haz una backup a la cancelaci\u00f3n del contrato. Si no te persuade este procedimiento, puedes emplear otras formas para dar de baja tu seguro de decesos en la Amic. \r\n\r\n<\/div><\/div><\/div>\r\n\r\n<h3><span class=\"ez-toc-section\" id=\"A_traves_de_la_web_de_Amic\"><\/span>A trav\u00e9s de la web de Amic<span class=\"ez-toc-section-end\"><\/span><\/h3>\r\n\r\nEs muy importante que revise con detenimiento si tiene todos y cada uno de los datos que solicita Amic ya que en caso contrario no lo va a recibir. \u00bfDe qu\u00e9 forma dar de baja un seguro de decesos mediante la web de la compa\u00f1\u00eda aseguradora?La forma m\u00e1s f\u00e1cil es usando el buscador que vas a poder encontrar en la p\u00e1gina de la compa\u00f1\u00eda y escribiendo lo que necesitas saber. Contacta con tu compa\u00f1\u00eda por tel\u00e9fono si no encuentras de qu\u00e9 forma puedes dar de baja tu seguro de decesos. Asimismo cumplimente el formulario o bien descargue el documento que se le pide para poder completar su solicitud. Si observas que no recibes la confirmaci\u00f3n de la baja del seguro, puede ser pues los datos expuestos est\u00e9n mal escritos. \r\n\r\n<div class=\"colorf \"  ><div class=\"container clearfix\"><div class=\"col-md-7\">\r\n\r\n<h3><span class=\"ez-toc-section\" id=\"Utilizando_el_correo_electronico_de_Amic\"><\/span>Utilizando el correo electr\u00f3nico de Amic<span class=\"ez-toc-section-end\"><\/span><\/h3>\r\n\r\nOtra manera de darse de baja del seguro de decesos de Amic es a trav\u00e9s de su e mail email Amic. No le va a llevar mucho tiempo. Va a deber enviarles a su apartado de correos la pr\u00f3xima informaci\u00f3n: una copia del documento nacional de identidad del contratante y la notificaci\u00f3n, que previamente le hemos dicho c\u00f3mo lograrla, firmada por el asegurado con sus datos personales. Para poder llenar el proceso, debe guardar una copia sellada y, su justificante de recibo. Por cautela a futuros inconvenientes futuros, es recomendable que haga una imitaci\u00f3n de la notificaci\u00f3n con la data de env\u00edo. \r\n<\/div><\/div><\/div>\r\n\r\n<h3><span class=\"ez-toc-section\" id=\"Dar_de_baja_Amic_por_fax\"><\/span>Dar de baja Amic por fax<span class=\"ez-toc-section-end\"><\/span><\/h3>\r\n\r\nDetallando tus datos personales y tu n\u00famero de p\u00f3liza vas a poder pedir la baja de tu seguro de decesos a trav\u00e9s de el fax. Tendr\u00e1s que efectuar todos y cada uno de los tr\u00e1mites antes de que acabe el contrato de tu seguro de decesos y tambi\u00e9n incluir la parte delantera y trasera de tu DNI. Toda esta documentaci\u00f3n hay que mandarla marcando el n\u00famero de fax de Amic. Guarda todos y cada uno de los documentos incluido la confirmaci\u00f3n de env\u00edo para eludir inconvenientes futuros con tu compa\u00f1\u00eda de seguros. \r\n<div class=\"colorf \"  ><div class=\"container clearfix\"><div class=\"col-md-7\">\r\n\r\n\r\n<h3><span class=\"ez-toc-section\" id=\"En_la_oficina_de_Amic\"><\/span>En la oficina de Amic<span class=\"ez-toc-section-end\"><\/span><\/h3>\r\n\r\nSi no le gustan los precedentes m\u00e9todos, podr\u00e1 dar de baja a su seguro de decesos, presencialmente, acudiendo a la oficina pertinente de Amic. Pregunte o busque en su buscador la oficina de Amic m\u00e1s pr\u00f3xima a su casa y dir\u00edjase en el horario estipulado para poder ser atendido. Los especialistas le atender\u00e1n y ayudar\u00e1n en todo cuanto necesite para rellenar y firmar correctamente los documentos. Solo debe seguir los pasos que le indiquen. Es importante que no olvide llevar su documento nacional de identidad. Para finalizar el proceso adecuadamente, los profesionales le van a dar una copia de cada documento firmado y, se ocupar\u00e1n de cerrar el tr\u00e1mite de su baja. \r\n<\/div><\/div><\/div>\r\n\r\n<h3><span class=\"ez-toc-section\" id=\"Telefono_para_dar_de_baja_Amic\"><\/span>T\u00e9lefono para dar de baja Amic<span class=\"ez-toc-section-end\"><\/span><\/h3>\r\n\r\nPonerse en contacto con la compa\u00f1\u00eda a trav\u00e9s de su tel\u00e9fono es uno de los m\u00e9todos m\u00e1s eficientes. Si te pones en contacto con el n\u00famero que te se\u00f1alamos, te pondremos en contacto con una persona que te va a ayudar y te asesorar\u00e1 en todo el proceso. La petici\u00f3n de baja quedar\u00e1 grabada demostrando que es el tomador de la p\u00f3liza el que solicita el fin del contrato del seguro de decesos. Todos los clientes del servicio que deseen dar de baja un seguro de decesos podr\u00e1n hacerlo desde el sitio web de iDecesos sin ning\u00fan g\u00e9nero de coste. \r\n\r\n<div class=\"colorf \"  ><div class=\"container clearfix\"><div class=\"col-md-7\">\r\n<h2><span class=\"ez-toc-section\" id=\"Dar_de_baja_seguro_Amic_de_un_fallecido\"><\/span>Dar de baja seguro Amic de un fallecido<span class=\"ez-toc-section-end\"><\/span><\/h2>\r\n\r\nSi no conoces de qu\u00e9 forma puedes dar de baja tu seguro tras el fallecimiento del asegurado, te lo explicaremos. Es considerablemente m\u00e1s f\u00e1cil de lo que piensas, con lo que no deber\u00e1s preocuparte por nada. Tras la defunci\u00f3n de la persona y la prestaci\u00f3n del servicio mortuorio, es la propia compa\u00f1\u00eda la encargada de los tr\u00e1mites para dar de baja el seguro de decesos. \r\n\r\n<\/div><\/div><\/div> \r\n<div class=\"oficinas\">\r\n<h3><span class=\"ez-toc-section\" id=\"Paginas_relacionadas\"><\/span>P\u00e1ginas relacionadas<span class=\"ez-toc-section-end\"><\/span><\/h3><div class=\"enlazado\"><ul> <li><a href=\"https:\/\/idecesos.com\/seguros\/companias\/amic\/opiniones\/\">Opiniones Amic<\/a><\/li> <li><a href=\"https:\/\/idecesos.com\/seguros\/companias\/amic\/precio\/\">Precio seguro Amic<\/a><\/li> <li><a href=\"https:\/\/idecesos.com\/seguros\/companias\/amic\/prima-mixta\/\">Amic Prima Mixta<\/a><\/li> <li><a href=\"https:\/\/idecesos.com\/seguros\/companias\/amic\/prima-natural\/\">Amic Prima Natural<\/a><\/li> <li><a href=\"https:\/\/idecesos.com\/seguros\/companias\/amic\/prima-nivelada\/\">Amic Prima Nivelada<\/a><\/li> <li><a href=\"https:\/\/idecesos.com\/seguros\/companias\/amic\/prima-unica\/\">Amic Prima \u00danica<\/a><\/li> <li><a href=\"https:\/\/idecesos.com\/seguros\/companias\/amic\/repatriacion\/\">Amic Repatriaci\u00f3n<\/a><\/li> <li><a href=\"https:\/\/idecesos.com\/seguros\/companias\/amic\/telefono\/\">Tel\u00e9fono Gratuito Amic<\/a><\/li><\/ul><\/div>\r\n\r\n<\/div>\r\n\r\n","protected":false},"excerpt":{"rendered":"<p>A continuaci\u00f3n, le explicaremos c\u00f3mo dar de baja su seguro de decesos. Si consideras que dar de baja el seguro de decesos es complicado, en esta p\u00e1gina vamos a explic\u00e1rtelo de la manera m\u00e1s f\u00e1cil posible. Ahora le vamos a explicar cu\u00e1les son los pasos que debe continuar y las diferentes formas de darse de&hellip; <\/p>\n","protected":false},"author":0,"featured_media":0,"parent":9457,"menu_order":0,"comment_status":"closed","ping_status":"closed","template":"single.php","meta":{"footnotes":""},"class_list":["post-18245","page","type-page","status-publish","hentry"],"yoast_head":"<!-- This site is optimized with the Yoast SEO plugin v27.4 - https:\/\/yoast.com\/product\/yoast-seo-wordpress\/ -->\n<title>\u00bfC\u00f3mo dar de Baja o Cancelar Seguro de Decesos Amic?<\/title>\n<meta name=\"description\" content=\"Obt\u00e9n aqu\u00ed\u3010c\u00f3mo dar de baja o cancelar seguro de decesos Amic\u3011Modelo carta, fax, correo electr\u00f3nico (email), tel\u00e9fono gratis.\" \/>\n<meta name=\"robots\" content=\"index, follow, max-snippet:-1, max-image-preview:large, max-video-preview:-1\" \/>\n<link rel=\"canonical\" href=\"https:\/\/idecesos.com\/seguros\/companias\/amic\/dar-de-baja\/\" \/>\n<meta property=\"og:locale\" content=\"es_ES\" \/>\n<meta property=\"og:type\" content=\"article\" \/>\n<meta property=\"og:title\" content=\"\u00bfC\u00f3mo dar de Baja o Cancelar Seguro de Decesos Amic?\" \/>\n<meta property=\"og:description\" content=\"Obt\u00e9n aqu\u00ed\u3010c\u00f3mo dar de baja o cancelar seguro de decesos Amic\u3011Modelo carta, fax, correo electr\u00f3nico (email), tel\u00e9fono gratis.\" \/>\n<meta property=\"og:url\" content=\"https:\/\/idecesos.com\/seguros\/companias\/amic\/dar-de-baja\/\" \/>\n<meta name=\"twitter:card\" content=\"summary_large_image\" \/>\n<meta name=\"twitter:label1\" content=\"Tiempo de lectura\" \/>\n\t<meta name=\"twitter:data1\" content=\"15 minutos\" \/>\n<script type=\"application\/ld+json\" class=\"yoast-schema-graph\">{\"@context\":\"https:\\\/\\\/schema.org\",\"@graph\":[{\"@type\":\"WebPage\",\"@id\":\"https:\\\/\\\/idecesos.com\\\/seguros\\\/companias\\\/amic\\\/dar-de-baja\\\/\",\"url\":\"https:\\\/\\\/idecesos.com\\\/seguros\\\/companias\\\/amic\\\/dar-de-baja\\\/\",\"name\":\"\u00bfC\u00f3mo dar de Baja o Cancelar Seguro de Decesos Amic?\",\"isPartOf\":{\"@id\":\"https:\\\/\\\/idecesos.com\\\/seguros\\\/#website\"},\"datePublished\":\"2021-12-29T11:53:28+00:00\",\"description\":\"Obt\u00e9n aqu\u00ed\u3010c\u00f3mo dar de baja o cancelar seguro de decesos Amic\u3011Modelo carta, fax, correo electr\u00f3nico (email), tel\u00e9fono gratis.\",\"breadcrumb\":{\"@id\":\"https:\\\/\\\/idecesos.com\\\/seguros\\\/companias\\\/amic\\\/dar-de-baja\\\/#breadcrumb\"},\"inLanguage\":\"es\",\"potentialAction\":[{\"@type\":\"ReadAction\",\"target\":[\"https:\\\/\\\/idecesos.com\\\/seguros\\\/companias\\\/amic\\\/dar-de-baja\\\/\"]}]},{\"@type\":\"BreadcrumbList\",\"@id\":\"https:\\\/\\\/idecesos.com\\\/seguros\\\/companias\\\/amic\\\/dar-de-baja\\\/#breadcrumb\",\"itemListElement\":[{\"@type\":\"ListItem\",\"position\":1,\"name\":\"Portada\",\"item\":\"https:\\\/\\\/idecesos.com\\\/seguros\\\/\"},{\"@type\":\"ListItem\",\"position\":2,\"name\":\"Compa\u00f1\u00edas de Seguros de Decesos en Espa\u00f1a\",\"item\":\"https:\\\/\\\/idecesos.com\\\/seguros\\\/companias\\\/\"},{\"@type\":\"ListItem\",\"position\":3,\"name\":\"Seguros de decesos AMIC\",\"item\":\"https:\\\/\\\/idecesos.com\\\/seguros\\\/companias\\\/amic\\\/\"},{\"@type\":\"ListItem\",\"position\":4,\"name\":\"\u00bfC\u00f3mo dar de baja seguro Amic?\"}]},{\"@type\":\"WebSite\",\"@id\":\"https:\\\/\\\/idecesos.com\\\/seguros\\\/#website\",\"url\":\"https:\\\/\\\/idecesos.com\\\/seguros\\\/\",\"name\":\"\",\"description\":\"\",\"potentialAction\":[{\"@type\":\"SearchAction\",\"target\":{\"@type\":\"EntryPoint\",\"urlTemplate\":\"https:\\\/\\\/idecesos.com\\\/seguros\\\/?s={search_term_string}\"},\"query-input\":{\"@type\":\"PropertyValueSpecification\",\"valueRequired\":true,\"valueName\":\"search_term_string\"}}],\"inLanguage\":\"es\"}]}<\/script>\n<!-- \/ Yoast SEO plugin. -->","yoast_head_json":{"title":"\u00bfC\u00f3mo dar de Baja o Cancelar Seguro de Decesos Amic?","description":"Obt\u00e9n aqu\u00ed\u3010c\u00f3mo dar de baja o cancelar seguro de decesos Amic\u3011Modelo carta, fax, correo electr\u00f3nico (email), tel\u00e9fono gratis.","robots":{"index":"index","follow":"follow","max-snippet":"max-snippet:-1","max-image-preview":"max-image-preview:large","max-video-preview":"max-video-preview:-1"},"canonical":"https:\/\/idecesos.com\/seguros\/companias\/amic\/dar-de-baja\/","og_locale":"es_ES","og_type":"article","og_title":"\u00bfC\u00f3mo dar de Baja o Cancelar Seguro de Decesos Amic?","og_description":"Obt\u00e9n aqu\u00ed\u3010c\u00f3mo dar de baja o cancelar seguro de decesos Amic\u3011Modelo carta, fax, correo electr\u00f3nico (email), tel\u00e9fono gratis.","og_url":"https:\/\/idecesos.com\/seguros\/companias\/amic\/dar-de-baja\/","twitter_card":"summary_large_image","twitter_misc":{"Tiempo de lectura":"15 minutos"},"schema":{"@context":"https:\/\/schema.org","@graph":[{"@type":"WebPage","@id":"https:\/\/idecesos.com\/seguros\/companias\/amic\/dar-de-baja\/","url":"https:\/\/idecesos.com\/seguros\/companias\/amic\/dar-de-baja\/","name":"\u00bfC\u00f3mo dar de Baja o Cancelar Seguro de Decesos Amic?","isPartOf":{"@id":"https:\/\/idecesos.com\/seguros\/#website"},"datePublished":"2021-12-29T11:53:28+00:00","description":"Obt\u00e9n aqu\u00ed\u3010c\u00f3mo dar de baja o cancelar seguro de decesos Amic\u3011Modelo carta, fax, correo electr\u00f3nico (email), tel\u00e9fono gratis.","breadcrumb":{"@id":"https:\/\/idecesos.com\/seguros\/companias\/amic\/dar-de-baja\/#breadcrumb"},"inLanguage":"es","potentialAction":[{"@type":"ReadAction","target":["https:\/\/idecesos.com\/seguros\/companias\/amic\/dar-de-baja\/"]}]},{"@type":"BreadcrumbList","@id":"https:\/\/idecesos.com\/seguros\/companias\/amic\/dar-de-baja\/#breadcrumb","itemListElement":[{"@type":"ListItem","position":1,"name":"Portada","item":"https:\/\/idecesos.com\/seguros\/"},{"@type":"ListItem","position":2,"name":"Compa\u00f1\u00edas de Seguros de Decesos en Espa\u00f1a","item":"https:\/\/idecesos.com\/seguros\/companias\/"},{"@type":"ListItem","position":3,"name":"Seguros de decesos AMIC","item":"https:\/\/idecesos.com\/seguros\/companias\/amic\/"},{"@type":"ListItem","position":4,"name":"\u00bfC\u00f3mo dar de baja seguro Amic?"}]},{"@type":"WebSite","@id":"https:\/\/idecesos.com\/seguros\/#website","url":"https:\/\/idecesos.com\/seguros\/","name":"","description":"","potentialAction":[{"@type":"SearchAction","target":{"@type":"EntryPoint","urlTemplate":"https:\/\/idecesos.com\/seguros\/?s={search_term_string}"},"query-input":{"@type":"PropertyValueSpecification","valueRequired":true,"valueName":"search_term_string"}}],"inLanguage":"es"}]}},"_links":{"self":[{"href":"https:\/\/idecesos.com\/seguros\/wp-json\/wp\/v2\/pages\/18245","targetHints":{"allow":["GET"]}}],"collection":[{"href":"https:\/\/idecesos.com\/seguros\/wp-json\/wp\/v2\/pages"}],"about":[{"href":"https:\/\/idecesos.com\/seguros\/wp-json\/wp\/v2\/types\/page"}],"replies":[{"embeddable":true,"href":"https:\/\/idecesos.com\/seguros\/wp-json\/wp\/v2\/comments?post=18245"}],"version-history":[{"count":0,"href":"https:\/\/idecesos.com\/seguros\/wp-json\/wp\/v2\/pages\/18245\/revisions"}],"up":[{"embeddable":true,"href":"https:\/\/idecesos.com\/seguros\/wp-json\/wp\/v2\/pages\/9457"}],"wp:attachment":[{"href":"https:\/\/idecesos.com\/seguros\/wp-json\/wp\/v2\/media?parent=18245"}],"curies":[{"name":"wp","href":"https:\/\/api.w.org\/{rel}","templated":true}]}}