{"id":18246,"date":"2021-12-29T11:53:28","date_gmt":"2021-12-29T11:53:28","guid":{"rendered":"https:\/\/idecesos.com\/seguros\/companias\/soliss\/dar-de-baja\/"},"modified":"2022-01-31T17:01:52","modified_gmt":"2022-01-31T17:01:52","slug":"dar-de-baja","status":"publish","type":"page","link":"https:\/\/idecesos.com\/seguros\/companias\/soliss\/dar-de-baja\/","title":{"rendered":"\u00bfC\u00f3mo dar de baja seguro Soliss?"},"content":{"rendered":"<div id=\"ez-toc-container\" class=\"ez-toc-v2_0_83 ez-toc-wrap-center counter-hierarchy ez-toc-counter ez-toc-custom ez-toc-container-direction\">\n<div class=\"ez-toc-title-container\">\n<p class=\"ez-toc-title\" style=\"cursor:inherit\">Tabla de Contenido<\/p>\n<span class=\"ez-toc-title-toggle\"><a href=\"#\" class=\"ez-toc-pull-right ez-toc-btn ez-toc-btn-xs ez-toc-btn-default ez-toc-toggle\" aria-label=\"Alternar tabla de contenidos\"><span class=\"ez-toc-js-icon-con\"><span class=\"\"><span class=\"eztoc-hide\" style=\"display:none;\">Toggle<\/span><span class=\"ez-toc-icon-toggle-span\"><svg style=\"fill: #db6415;color:#db6415\" xmlns=\"http:\/\/www.w3.org\/2000\/svg\" class=\"list-377408\" width=\"20px\" height=\"20px\" viewBox=\"0 0 24 24\" fill=\"none\"><path d=\"M6 6H4v2h2V6zm14 0H8v2h12V6zM4 11h2v2H4v-2zm16 0H8v2h12v-2zM4 16h2v2H4v-2zm16 0H8v2h12v-2z\" fill=\"currentColor\"><\/path><\/svg><svg style=\"fill: #db6415;color:#db6415\" class=\"arrow-unsorted-368013\" xmlns=\"http:\/\/www.w3.org\/2000\/svg\" width=\"10px\" height=\"10px\" viewBox=\"0 0 24 24\" version=\"1.2\" baseProfile=\"tiny\"><path d=\"M18.2 9.3l-6.2-6.3-6.2 6.3c-.2.2-.3.4-.3.7s.1.5.3.7c.2.2.4.3.7.3h11c.3 0 .5-.1.7-.3.2-.2.3-.5.3-.7s-.1-.5-.3-.7zM5.8 14.7l6.2 6.3 6.2-6.3c.2-.2.3-.5.3-.7s-.1-.5-.3-.7c-.2-.2-.4-.3-.7-.3h-11c-.3 0-.5.1-.7.3-.2.2-.3.5-.3.7s.1.5.3.7z\"\/><\/svg><\/span><\/span><\/span><\/a><\/span><\/div>\n<nav><ul class='ez-toc-list ez-toc-list-level-1 ' ><li class='ez-toc-page-1 ez-toc-heading-level-2'><a class=\"ez-toc-link ez-toc-heading-1\" href=\"https:\/\/idecesos.com\/seguros\/companias\/soliss\/dar-de-baja\/#Diferentes_opciones_para_cancelar_un_contrato_con_Soliss\" >Diferentes opciones para cancelar un contrato con Soliss<\/a><ul class='ez-toc-list-level-3' ><li class='ez-toc-heading-level-3'><a class=\"ez-toc-link ez-toc-heading-2\" href=\"https:\/\/idecesos.com\/seguros\/companias\/soliss\/dar-de-baja\/#A_traves_de_la_web_de_Soliss\" >A trav\u00e9s de la web de Soliss<\/a><\/li><li class='ez-toc-page-1 ez-toc-heading-level-3'><a class=\"ez-toc-link ez-toc-heading-3\" href=\"https:\/\/idecesos.com\/seguros\/companias\/soliss\/dar-de-baja\/#Utilizando_el_correo_electronico_de_Soliss\" >Utilizando el correo electr\u00f3nico de Soliss<\/a><\/li><li class='ez-toc-page-1 ez-toc-heading-level-3'><a class=\"ez-toc-link ez-toc-heading-4\" href=\"https:\/\/idecesos.com\/seguros\/companias\/soliss\/dar-de-baja\/#Dar_de_baja_Soliss_por_fax\" >Dar de baja Soliss por fax<\/a><\/li><li class='ez-toc-page-1 ez-toc-heading-level-3'><a class=\"ez-toc-link ez-toc-heading-5\" href=\"https:\/\/idecesos.com\/seguros\/companias\/soliss\/dar-de-baja\/#En_la_oficina_de_Soliss\" >En la oficina de Soliss<\/a><\/li><li class='ez-toc-page-1 ez-toc-heading-level-3'><a class=\"ez-toc-link ez-toc-heading-6\" href=\"https:\/\/idecesos.com\/seguros\/companias\/soliss\/dar-de-baja\/#Telefono_para_dar_de_baja_Soliss\" >T\u00e9lefono para dar de baja Soliss<\/a><\/li><\/ul><\/li><li class='ez-toc-page-1 ez-toc-heading-level-2'><a class=\"ez-toc-link ez-toc-heading-7\" href=\"https:\/\/idecesos.com\/seguros\/companias\/soliss\/dar-de-baja\/#Dar_de_baja_seguro_Soliss_de_un_fallecido\" >Dar de baja seguro Soliss de un fallecido<\/a><\/li><\/ul><\/nav><\/div>\n<p> Ahora, queremos explicarte los pasos a proseguir para poder dar de baja tu seguro de decesos. Aunque pueda parecer una tarea complicada, en iDecesos vas a poder localizar la manera m\u00e1s r\u00e1pida para dar de baja tu seguro de decesos. En este apartado, vas a ver los pasos a continuar y de qu\u00e9 forma puedes dar de baja el seguro de decesos. Podr\u00e1s dar de baja usted mismo su seguro de decesos tras conocer todas y cada una de las formas diferentes que tienes para hacer el proceso. Le recomendamos que no se quede con un seguro de este g\u00e9nero ya que en el futuro ser\u00e1 importante tener ese instante de su vida asegurado, por su tranquilidad y por la de sus familiares o bien amigos. <div class=\"colorf \"  ><div class=\"container clearfix\"><div class=\"col-md-7\"><\/p>\r\n<h2><span class=\"ez-toc-section\" id=\"Diferentes_opciones_para_cancelar_un_contrato_con_Soliss\"><\/span>Diferentes opciones para cancelar un contrato con Soliss<span class=\"ez-toc-section-end\"><\/span><\/h2>\r\n<!-- \/wp:post-content -->\r\n\r\n<!-- wp:paragraph -->\r\n<p>Es esencial que los clientes del servicio notifiquen a la empresa aseguradora el deseo de darse de baja del seguro de decesos. Para lograr el documento, puedes ponerte en contacto con nosotros en el 951 127 403 o bien en el info@idecesos. com. Hay diferentes formas de darse de baja, pero, de cualquier forma, si decide mandar una carta certificada con un modelo est\u00e1ndar de cancelaci\u00f3n de su contrato con Soliss esta deber\u00e1 d\u00e1rselo por v\u00e1lido. Para una mayor seguridad, debes hacerle una copia al documento entregado para que quede constancia del proceso. Si usted, por \u00faltimo, no decide escoger este m\u00e9todo, a continuaci\u00f3n, le mostramos otras formas por las que podr\u00e1 darse de baja del seguro de decesos de Soliss. <\/div><\/div><\/div><\/p>\r\n<h3><span class=\"ez-toc-section\" id=\"A_traves_de_la_web_de_Soliss\"><\/span>A trav\u00e9s de la web de Soliss<span class=\"ez-toc-section-end\"><\/span><\/h3>\r\n<p>A trav\u00e9s de el sitio web de Soliss es uno de los m\u00e9todos que pueda utilizar para darse de baja de su seguro de decesos. Solo tendr\u00e1s que redactar lo que est\u00e1s buscando en su p\u00e1gina para que te aparezca toda la informaci\u00f3n. Si no dispone de buscador, busque la secci\u00f3n que m\u00e1s se amolde a su necesidad. Para dar de baja con correcci\u00f3n tu seguro de decesos, deber\u00e1s seguir unos pasos que van desde rellenar el formulario o descargar documentos. Puedes llamarnos al 951 127 403 o mandarnos un correo electr\u00f3nico a info@idecesos. com si precisas que te resolvamos otras cuestiones o bien te demos mayor informaci\u00f3n. Si has rellenado de forma correcta el formulario para dar de baja el seguro, no tardar\u00e1s en recibir un documento donde se te informe de la baja tanto por forma en l\u00ednea como por carta. <div class=\"colorf \"  ><div class=\"container clearfix\"><div class=\"col-md-7\"><\/p>\r\n<h3><span class=\"ez-toc-section\" id=\"Utilizando_el_correo_electronico_de_Soliss\"><\/span>Utilizando el correo electr\u00f3nico de Soliss<span class=\"ez-toc-section-end\"><\/span><\/h3>\r\n<p>Si lo prefieres, puedes pedir la baja del seguro de decesos a trav\u00e9s del email de la compa\u00f1\u00eda. En pocos minutos vas a poder tener tu contestaci\u00f3n sobre tu solicitud de darte de baja de tu seguro. Para solicitar la solicitud de baja del seguro, tendr\u00e1s que enviar una copia del DNI y el documento firmado con los datos personales donde se especifica el deseo de darse de baja. Esto puedes pedirlo en el 951 127 403 o bien en el info@idecesos. com. Para que la baja del seguro de decesos se realice de forma correcta, debes tener la copia sellada y el justificante. Con una imitaci\u00f3n de la notificaci\u00f3n te aseguras de no tener ning\u00fan tipo de problema en el futuro. <\/div><\/div><\/div><\/p>\r\n<h3><span class=\"ez-toc-section\" id=\"Dar_de_baja_Soliss_por_fax\"><\/span>Dar de baja Soliss por fax<span class=\"ez-toc-section-end\"><\/span><\/h3>\r\n<p>Otro procedimiento, es el uso del fax. Es muy similar al explicado anteriormente, la diferencia es el m\u00e9todo de env\u00edo. Mediante un fax deber\u00e1 enviar a Soliss una copia de su documento de identidad y la notificaci\u00f3n firma de baja que puede hallarla en la web de Soliss o bien te la podemos facilitar nosotros si nos llamas al 951 127 403. Igual que en las otras opciones, le recordamos que debe guardar una copia sellada y tener un justificante de su recibo. No debe olvidar, guardar al lado de los anteriores documentos, una imitaci\u00f3n de la notificaci\u00f3n y, su fecha de env\u00edo. <div class=\"colorf \"  ><div class=\"container clearfix\"><div class=\"col-md-7\"><\/p>\r\n<h3><span class=\"ez-toc-section\" id=\"En_la_oficina_de_Soliss\"><\/span>En la oficina de Soliss<span class=\"ez-toc-section-end\"><\/span><\/h3>\r\n<p>Si deseas que los agentes de tu compa\u00f1\u00eda te aconsejen, tendr\u00e1s que acudir a la oficina de tu compa\u00f1\u00eda para efectuar los tr\u00e1mites de la baja del seguro de decesos. Si tienes claro de que quieres anular tu seguro de decesos, deber\u00e1s dejarlo por escrito adjuntando una copia de tu documento nacional de identidad. En la oficina te aplicar\u00e1n un sello con la data del d\u00eda. Con el sello queda perseverancia de que todos y cada uno de los datos expuestos est\u00e1n correctos. Para poder efectuar esta baja debe haberse efectuado un mes antes del vencimiento del contrato. <\/div><\/div><\/div><\/p>\r\n<h3><span class=\"ez-toc-section\" id=\"Telefono_para_dar_de_baja_Soliss\"><\/span>T\u00e9lefono para dar de baja Soliss<span class=\"ez-toc-section-end\"><\/span><\/h3>\r\n<p>Dar de baja su seguro de decesos por tel\u00e9fono, ser\u00e1 tan f\u00e1cil como proseguir correctamente los pasos que le indiquen los trabajadores especialistas de Soliss. Por consiguiente, podr\u00e1 contactar buscando su n\u00famero en Internet o bien, llamando al 925 21 12 00. Para su tranquilidad, siguiendo los pasos indicados, cada aspecto estar\u00e1 solucionado y, los expertos se encargar\u00e1n de los tr\u00e1mites que falten para cerrar su contrato de baja. <div class=\"colorf \"  ><div class=\"container clearfix\"><div class=\"col-md-7\"><\/p>\r\n<h2><span class=\"ez-toc-section\" id=\"Dar_de_baja_seguro_Soliss_de_un_fallecido\"><\/span>Dar de baja seguro Soliss de un fallecido<span class=\"ez-toc-section-end\"><\/span><\/h2>\r\n<p>La baja del seguro de decesos se efect\u00faa de forma autom\u00e1tica en el instante en el que la persona ha fallecido. Todos y cada uno de los recibos quedar\u00e1n cancelados en el instante en el que esa persona fallezca. Los precios se realizar\u00e1n teniendo en cuenta la tabla de las primas que los asegurados tienen contratados con la compa\u00f1\u00eda de seguros en cuesti\u00f3n. <\/div><\/div><\/div> <div class=\"oficinas\"> <h3>P\u00e1ginas relacionadas<\/h3><div class=\"enlazado\"><ul> <li><a href=\"https:\/\/idecesos.com\/seguros\/companias\/soliss\/opiniones\/\">Opiniones Soliss<\/a><\/li> <li><a href=\"https:\/\/idecesos.com\/seguros\/companias\/soliss\/precio\/\">Precio seguro Soliss<\/a><\/li> <li><a href=\"https:\/\/idecesos.com\/seguros\/companias\/soliss\/prima-mixta\/\">Soliss Prima Mixta<\/a><\/li> <li><a href=\"https:\/\/idecesos.com\/seguros\/companias\/soliss\/prima-natural\/\">Soliss Prima Natural<\/a><\/li> <li><a href=\"https:\/\/idecesos.com\/seguros\/companias\/soliss\/prima-nivelada\/\">Soliss Prima Nivelada<\/a><\/li> <li><a href=\"https:\/\/idecesos.com\/seguros\/companias\/soliss\/prima-unica\/\">Soliss Prima \u00danica<\/a><\/li> <li><a href=\"https:\/\/idecesos.com\/seguros\/companias\/soliss\/repatriacion\/\">Soliss Repatriaci\u00f3n<\/a><\/li> <li><a href=\"https:\/\/idecesos.com\/seguros\/companias\/soliss\/telefono\/\">Tel\u00e9fono Gratuito Soliss<\/a><\/li><\/ul><\/div> <\/div><\/p>","protected":false},"excerpt":{"rendered":"<p>Ahora, queremos explicarte los pasos a proseguir para poder dar de baja tu seguro de decesos. Aunque pueda parecer una tarea complicada, en iDecesos vas a poder localizar la manera m\u00e1s r\u00e1pida para dar de baja tu seguro de decesos. En este apartado, vas a ver los pasos a continuar y de qu\u00e9 forma puedes&hellip; <\/p>\n","protected":false},"author":1,"featured_media":0,"parent":9463,"menu_order":0,"comment_status":"closed","ping_status":"closed","template":"single.php","meta":{"footnotes":""},"class_list":["post-18246","page","type-page","status-publish","hentry"],"yoast_head":"<!-- This site is optimized with the Yoast SEO plugin v27.5 - https:\/\/yoast.com\/product\/yoast-seo-wordpress\/ -->\n<title>\u00bfC\u00f3mo dar de Baja o Cancelar Seguro de Decesos Soliss?<\/title>\n<meta name=\"description\" content=\"Obt\u00e9n aqu\u00ed\u3010c\u00f3mo dar de baja o cancelar seguro de decesos Soliss\u3011Modelo carta, fax, correo electr\u00f3nico (email), tel\u00e9fono gratis.\" \/>\n<meta name=\"robots\" content=\"index, follow, max-snippet:-1, max-image-preview:large, max-video-preview:-1\" \/>\n<link rel=\"canonical\" href=\"https:\/\/idecesos.com\/seguros\/companias\/soliss\/dar-de-baja\/\" \/>\n<meta property=\"og:locale\" content=\"es_ES\" \/>\n<meta property=\"og:type\" content=\"article\" \/>\n<meta property=\"og:title\" content=\"\u00bfC\u00f3mo dar de Baja o Cancelar Seguro de Decesos Soliss?\" \/>\n<meta property=\"og:description\" content=\"Obt\u00e9n aqu\u00ed\u3010c\u00f3mo dar de baja o cancelar seguro de decesos Soliss\u3011Modelo carta, fax, correo electr\u00f3nico (email), tel\u00e9fono gratis.\" \/>\n<meta property=\"og:url\" content=\"https:\/\/idecesos.com\/seguros\/companias\/soliss\/dar-de-baja\/\" \/>\n<meta property=\"article:modified_time\" content=\"2022-01-31T17:01:52+00:00\" \/>\n<meta name=\"twitter:card\" content=\"summary_large_image\" \/>\n<meta name=\"twitter:label1\" content=\"Tiempo de lectura\" \/>\n\t<meta name=\"twitter:data1\" content=\"5 minutos\" \/>\n<script type=\"application\/ld+json\" class=\"yoast-schema-graph\">{\"@context\":\"https:\\\/\\\/schema.org\",\"@graph\":[{\"@type\":\"WebPage\",\"@id\":\"https:\\\/\\\/idecesos.com\\\/seguros\\\/companias\\\/soliss\\\/dar-de-baja\\\/\",\"url\":\"https:\\\/\\\/idecesos.com\\\/seguros\\\/companias\\\/soliss\\\/dar-de-baja\\\/\",\"name\":\"\u00bfC\u00f3mo dar de Baja o Cancelar Seguro de Decesos Soliss?\",\"isPartOf\":{\"@id\":\"https:\\\/\\\/idecesos.com\\\/seguros\\\/#website\"},\"datePublished\":\"2021-12-29T11:53:28+00:00\",\"dateModified\":\"2022-01-31T17:01:52+00:00\",\"description\":\"Obt\u00e9n aqu\u00ed\u3010c\u00f3mo dar de baja o cancelar seguro de decesos Soliss\u3011Modelo carta, fax, correo electr\u00f3nico (email), tel\u00e9fono gratis.\",\"breadcrumb\":{\"@id\":\"https:\\\/\\\/idecesos.com\\\/seguros\\\/companias\\\/soliss\\\/dar-de-baja\\\/#breadcrumb\"},\"inLanguage\":\"es\",\"potentialAction\":[{\"@type\":\"ReadAction\",\"target\":[\"https:\\\/\\\/idecesos.com\\\/seguros\\\/companias\\\/soliss\\\/dar-de-baja\\\/\"]}]},{\"@type\":\"BreadcrumbList\",\"@id\":\"https:\\\/\\\/idecesos.com\\\/seguros\\\/companias\\\/soliss\\\/dar-de-baja\\\/#breadcrumb\",\"itemListElement\":[{\"@type\":\"ListItem\",\"position\":1,\"name\":\"Portada\",\"item\":\"https:\\\/\\\/idecesos.com\\\/seguros\\\/\"},{\"@type\":\"ListItem\",\"position\":2,\"name\":\"Compa\u00f1\u00edas de Seguros de Decesos en Espa\u00f1a\",\"item\":\"https:\\\/\\\/idecesos.com\\\/seguros\\\/companias\\\/\"},{\"@type\":\"ListItem\",\"position\":3,\"name\":\"Seguros de decesos Soliss\",\"item\":\"https:\\\/\\\/idecesos.com\\\/seguros\\\/companias\\\/soliss\\\/\"},{\"@type\":\"ListItem\",\"position\":4,\"name\":\"\u00bfC\u00f3mo dar de baja seguro Soliss?\"}]},{\"@type\":\"WebSite\",\"@id\":\"https:\\\/\\\/idecesos.com\\\/seguros\\\/#website\",\"url\":\"https:\\\/\\\/idecesos.com\\\/seguros\\\/\",\"name\":\"\",\"description\":\"\",\"potentialAction\":[{\"@type\":\"SearchAction\",\"target\":{\"@type\":\"EntryPoint\",\"urlTemplate\":\"https:\\\/\\\/idecesos.com\\\/seguros\\\/?s={search_term_string}\"},\"query-input\":{\"@type\":\"PropertyValueSpecification\",\"valueRequired\":true,\"valueName\":\"search_term_string\"}}],\"inLanguage\":\"es\"}]}<\/script>\n<!-- \/ Yoast SEO plugin. -->","yoast_head_json":{"title":"\u00bfC\u00f3mo dar de Baja o Cancelar Seguro de Decesos Soliss?","description":"Obt\u00e9n aqu\u00ed\u3010c\u00f3mo dar de baja o cancelar seguro de decesos Soliss\u3011Modelo carta, fax, correo electr\u00f3nico (email), tel\u00e9fono gratis.","robots":{"index":"index","follow":"follow","max-snippet":"max-snippet:-1","max-image-preview":"max-image-preview:large","max-video-preview":"max-video-preview:-1"},"canonical":"https:\/\/idecesos.com\/seguros\/companias\/soliss\/dar-de-baja\/","og_locale":"es_ES","og_type":"article","og_title":"\u00bfC\u00f3mo dar de Baja o Cancelar Seguro de Decesos Soliss?","og_description":"Obt\u00e9n aqu\u00ed\u3010c\u00f3mo dar de baja o cancelar seguro de decesos Soliss\u3011Modelo carta, fax, correo electr\u00f3nico (email), tel\u00e9fono gratis.","og_url":"https:\/\/idecesos.com\/seguros\/companias\/soliss\/dar-de-baja\/","article_modified_time":"2022-01-31T17:01:52+00:00","twitter_card":"summary_large_image","twitter_misc":{"Tiempo de lectura":"5 minutos"},"schema":{"@context":"https:\/\/schema.org","@graph":[{"@type":"WebPage","@id":"https:\/\/idecesos.com\/seguros\/companias\/soliss\/dar-de-baja\/","url":"https:\/\/idecesos.com\/seguros\/companias\/soliss\/dar-de-baja\/","name":"\u00bfC\u00f3mo dar de Baja o Cancelar Seguro de Decesos Soliss?","isPartOf":{"@id":"https:\/\/idecesos.com\/seguros\/#website"},"datePublished":"2021-12-29T11:53:28+00:00","dateModified":"2022-01-31T17:01:52+00:00","description":"Obt\u00e9n aqu\u00ed\u3010c\u00f3mo dar de baja o cancelar seguro de decesos Soliss\u3011Modelo carta, fax, correo electr\u00f3nico (email), tel\u00e9fono gratis.","breadcrumb":{"@id":"https:\/\/idecesos.com\/seguros\/companias\/soliss\/dar-de-baja\/#breadcrumb"},"inLanguage":"es","potentialAction":[{"@type":"ReadAction","target":["https:\/\/idecesos.com\/seguros\/companias\/soliss\/dar-de-baja\/"]}]},{"@type":"BreadcrumbList","@id":"https:\/\/idecesos.com\/seguros\/companias\/soliss\/dar-de-baja\/#breadcrumb","itemListElement":[{"@type":"ListItem","position":1,"name":"Portada","item":"https:\/\/idecesos.com\/seguros\/"},{"@type":"ListItem","position":2,"name":"Compa\u00f1\u00edas de Seguros de Decesos en Espa\u00f1a","item":"https:\/\/idecesos.com\/seguros\/companias\/"},{"@type":"ListItem","position":3,"name":"Seguros de decesos Soliss","item":"https:\/\/idecesos.com\/seguros\/companias\/soliss\/"},{"@type":"ListItem","position":4,"name":"\u00bfC\u00f3mo dar de baja seguro Soliss?"}]},{"@type":"WebSite","@id":"https:\/\/idecesos.com\/seguros\/#website","url":"https:\/\/idecesos.com\/seguros\/","name":"","description":"","potentialAction":[{"@type":"SearchAction","target":{"@type":"EntryPoint","urlTemplate":"https:\/\/idecesos.com\/seguros\/?s={search_term_string}"},"query-input":{"@type":"PropertyValueSpecification","valueRequired":true,"valueName":"search_term_string"}}],"inLanguage":"es"}]}},"_links":{"self":[{"href":"https:\/\/idecesos.com\/seguros\/wp-json\/wp\/v2\/pages\/18246","targetHints":{"allow":["GET"]}}],"collection":[{"href":"https:\/\/idecesos.com\/seguros\/wp-json\/wp\/v2\/pages"}],"about":[{"href":"https:\/\/idecesos.com\/seguros\/wp-json\/wp\/v2\/types\/page"}],"author":[{"embeddable":true,"href":"https:\/\/idecesos.com\/seguros\/wp-json\/wp\/v2\/users\/1"}],"replies":[{"embeddable":true,"href":"https:\/\/idecesos.com\/seguros\/wp-json\/wp\/v2\/comments?post=18246"}],"version-history":[{"count":1,"href":"https:\/\/idecesos.com\/seguros\/wp-json\/wp\/v2\/pages\/18246\/revisions"}],"predecessor-version":[{"id":19156,"href":"https:\/\/idecesos.com\/seguros\/wp-json\/wp\/v2\/pages\/18246\/revisions\/19156"}],"up":[{"embeddable":true,"href":"https:\/\/idecesos.com\/seguros\/wp-json\/wp\/v2\/pages\/9463"}],"wp:attachment":[{"href":"https:\/\/idecesos.com\/seguros\/wp-json\/wp\/v2\/media?parent=18246"}],"curies":[{"name":"wp","href":"https:\/\/api.w.org\/{rel}","templated":true}]}}