{"id":18247,"date":"2021-12-29T11:53:29","date_gmt":"2021-12-29T11:53:29","guid":{"rendered":"https:\/\/idecesos.com\/seguros\/companias\/agrupacio-mutua\/dar-de-baja\/"},"modified":"2022-01-31T17:02:57","modified_gmt":"2022-01-31T17:02:57","slug":"dar-de-baja","status":"publish","type":"page","link":"https:\/\/idecesos.com\/seguros\/companias\/agrupacio-mutua\/dar-de-baja\/","title":{"rendered":"\u00bfC\u00f3mo dar de baja seguro Agrupaci\u00f3 Mutua?"},"content":{"rendered":"<div id=\"ez-toc-container\" class=\"ez-toc-v2_0_82_2 ez-toc-wrap-center counter-hierarchy ez-toc-counter ez-toc-custom ez-toc-container-direction\">\n<div class=\"ez-toc-title-container\">\n<p class=\"ez-toc-title\" style=\"cursor:inherit\">Tabla de Contenido<\/p>\n<span class=\"ez-toc-title-toggle\"><a href=\"#\" class=\"ez-toc-pull-right ez-toc-btn ez-toc-btn-xs ez-toc-btn-default ez-toc-toggle\" aria-label=\"Alternar tabla de contenidos\"><span class=\"ez-toc-js-icon-con\"><span class=\"\"><span class=\"eztoc-hide\" style=\"display:none;\">Toggle<\/span><span class=\"ez-toc-icon-toggle-span\"><svg style=\"fill: #db6415;color:#db6415\" xmlns=\"http:\/\/www.w3.org\/2000\/svg\" class=\"list-377408\" width=\"20px\" height=\"20px\" viewBox=\"0 0 24 24\" fill=\"none\"><path d=\"M6 6H4v2h2V6zm14 0H8v2h12V6zM4 11h2v2H4v-2zm16 0H8v2h12v-2zM4 16h2v2H4v-2zm16 0H8v2h12v-2z\" fill=\"currentColor\"><\/path><\/svg><svg style=\"fill: #db6415;color:#db6415\" class=\"arrow-unsorted-368013\" xmlns=\"http:\/\/www.w3.org\/2000\/svg\" width=\"10px\" height=\"10px\" viewBox=\"0 0 24 24\" version=\"1.2\" baseProfile=\"tiny\"><path d=\"M18.2 9.3l-6.2-6.3-6.2 6.3c-.2.2-.3.4-.3.7s.1.5.3.7c.2.2.4.3.7.3h11c.3 0 .5-.1.7-.3.2-.2.3-.5.3-.7s-.1-.5-.3-.7zM5.8 14.7l6.2 6.3 6.2-6.3c.2-.2.3-.5.3-.7s-.1-.5-.3-.7c-.2-.2-.4-.3-.7-.3h-11c-.3 0-.5.1-.7.3-.2.2-.3.5-.3.7s.1.5.3.7z\"\/><\/svg><\/span><\/span><\/span><\/a><\/span><\/div>\n<nav><ul class='ez-toc-list ez-toc-list-level-1 ' ><li class='ez-toc-page-1 ez-toc-heading-level-2'><a class=\"ez-toc-link ez-toc-heading-1\" href=\"https:\/\/idecesos.com\/seguros\/companias\/agrupacio-mutua\/dar-de-baja\/#Diferentes_opciones_para_cancelar_un_contrato_con_Agrupacio_Mutua\" >Diferentes opciones para cancelar un contrato con Agrupaci\u00f3 Mutua<\/a><ul class='ez-toc-list-level-3' ><li class='ez-toc-heading-level-3'><a class=\"ez-toc-link ez-toc-heading-2\" href=\"https:\/\/idecesos.com\/seguros\/companias\/agrupacio-mutua\/dar-de-baja\/#A_traves_de_la_web_de_Agrupacio_Mutua\" >A trav\u00e9s de la web de Agrupaci\u00f3 Mutua<\/a><\/li><li class='ez-toc-page-1 ez-toc-heading-level-3'><a class=\"ez-toc-link ez-toc-heading-3\" href=\"https:\/\/idecesos.com\/seguros\/companias\/agrupacio-mutua\/dar-de-baja\/#Utilizando_el_correo_electronico_de_Agrupacio_Mutua\" >Utilizando el correo electr\u00f3nico de Agrupaci\u00f3 Mutua<\/a><\/li><li class='ez-toc-page-1 ez-toc-heading-level-3'><a class=\"ez-toc-link ez-toc-heading-4\" href=\"https:\/\/idecesos.com\/seguros\/companias\/agrupacio-mutua\/dar-de-baja\/#Dar_de_baja_Agrupacio_Mutua_por_fax\" >Dar de baja Agrupaci\u00f3 Mutua por fax<\/a><\/li><li class='ez-toc-page-1 ez-toc-heading-level-3'><a class=\"ez-toc-link ez-toc-heading-5\" href=\"https:\/\/idecesos.com\/seguros\/companias\/agrupacio-mutua\/dar-de-baja\/#En_la_oficina_de_Agrupacio_Mutua\" >En la oficina de Agrupaci\u00f3 Mutua<\/a><\/li><li class='ez-toc-page-1 ez-toc-heading-level-3'><a class=\"ez-toc-link ez-toc-heading-6\" href=\"https:\/\/idecesos.com\/seguros\/companias\/agrupacio-mutua\/dar-de-baja\/#Telefono_para_dar_de_baja_Agrupacio_Mutua\" >T\u00e9lefono para dar de baja Agrupaci\u00f3 Mutua<\/a><\/li><\/ul><\/li><li class='ez-toc-page-1 ez-toc-heading-level-2'><a class=\"ez-toc-link ez-toc-heading-7\" href=\"https:\/\/idecesos.com\/seguros\/companias\/agrupacio-mutua\/dar-de-baja\/#Dar_de_baja_seguro_Agrupacio_Mutua_de_un_fallecido\" >Dar de baja seguro Agrupaci\u00f3 Mutua de un fallecido<\/a><\/li><\/ul><\/nav><\/div>\n<p> iDecesos ha trabajado para explicarle de qu\u00e9 forma dar de baja un seguro de decesos. Hacerlo puede parecer algo complicado, pero no tiene de qu\u00e9 preocuparse, ahora, le mostraremos los pasos que a de seguir. Gracias a la informaci\u00f3n que podr\u00e1s recabar, en pocos minutos, tendr\u00e1s la posibilidad de llevarlo a cabo y dar soluci\u00f3n a sus inconvenientes. Tambi\u00e9n podr\u00e1 buscar una nueva opci\u00f3n alternativa a su seguro en tanto que le aconsejamos que no se quede sin uno en tanto que el seguro de decesos le ofrece a usted y a sus familiares una gran calma por todo lo que pueda acontecer en un futuro. Para dar de baja su seguro apropiadamente, deber\u00e1 avisar a la compa\u00f1\u00eda 30 d\u00edas ya antes de su fecha de renovaci\u00f3n. <div class=\"colorf \"  ><div class=\"container clearfix\"><div class=\"col-md-7\"><\/p>\r\n<h2><span class=\"ez-toc-section\" id=\"Diferentes_opciones_para_cancelar_un_contrato_con_Agrupacio_Mutua\"><\/span>Diferentes opciones para cancelar un contrato con Agrupaci\u00f3 Mutua<span class=\"ez-toc-section-end\"><\/span><\/h2>\r\n<!-- \/wp:post-content -->\r\n\r\n<!-- wp:paragraph -->\r\n<p>Cada compa\u00f1\u00eda marcha de una manera diferente mas, en casi todas , va a deber dar un documento en el que pida la baja de su seguro de decesos y, en consecuencia, sus servicios. Si quiere conseguir el documento de Agrupaci\u00f3 Mutua no dude en contactar con nosotros a trav\u00e9s del e mail o bien a trav\u00e9s de nuestro n\u00famero de tel\u00e9fono. Si bien existan distintas maneras de dar de baja su seguro, al enviar una carta certificada, con el modelo est\u00e1ndar, de cancelaci\u00f3n de su contrato con Agrupaci\u00f3 Mutua, deber\u00e1 darlo por inmejorable. Guardar el resguardo del documento y hacer una copia, es conveniente. Ahora, le mostramos otras alternativas diferentes sobre c\u00f3mo darse de baja del seguro de decesos de Agrupaci\u00f3 Mutua. <\/div><\/div><\/div><\/p>\r\n<h3><span class=\"ez-toc-section\" id=\"A_traves_de_la_web_de_Agrupacio_Mutua\"><\/span>A trav\u00e9s de la web de Agrupaci\u00f3 Mutua<span class=\"ez-toc-section-end\"><\/span><\/h3>\r\n<p>Una de las opciones que tiene libre para dar de baja su seguro de decesos, es accediendo a la web www.tomamosimpulso.com\/ de Agrupaci\u00f3 Mutua y escribiendo en su buscador las dudas que tenga. En ese preciso momento, hallar\u00e1 un abanico de opciones. Escoja la m\u00e1s adecuada a sus necesidades y prosiga siguiendo los pasos que se le se\u00f1alen. Es muy f\u00e1cil. Si tiene alguna duda o bien no le aparece esta opci\u00f3n puede ponerse en contacto con Agrupaci\u00f3 Mutua v\u00eda telef\u00f3nica para que le solventen el inconveniente directamente mediante este n\u00famero de tel\u00e9fono 930 039 696. Si se da el caso de que le aparezca, solo tendr\u00e1 que rellenar el formulario o descargar el documento para completar la petici\u00f3n. <div class=\"colorf \"  ><div class=\"container clearfix\"><div class=\"col-md-7\"><\/p>\r\n<h3><span class=\"ez-toc-section\" id=\"Utilizando_el_correo_electronico_de_Agrupacio_Mutua\"><\/span>Utilizando el correo electr\u00f3nico de Agrupaci\u00f3 Mutua<span class=\"ez-toc-section-end\"><\/span><\/h3>\r\n<p>Otra de las maneras para dar de baja a su seguro de decesos, es a trav\u00e9s del correo electr\u00f3nico email Agrupaci\u00f3 Mutua de Agrupaci\u00f3 Mutua. Solo le llevar\u00e1 unos minutos. Deber\u00e1 enviar, al correo de la compa\u00f1\u00eda, una copia de su documento nacional de identidad y la notificaci\u00f3n, citada anteriormente, firmada y completada con sus datos personales pertinentes. Va a deber guardar una copia sellada y tener un justificante de recibo a fin de que su ejecuci\u00f3n pueda realizarse. Asimismo, es importante que guarde, a buen recaudo, una imitaci\u00f3n de la notificaci\u00f3n, por si acaso brota alg\u00fan inconveniente en el futuro. <\/div><\/div><\/div><\/p>\r\n<h3><span class=\"ez-toc-section\" id=\"Dar_de_baja_Agrupacio_Mutua_por_fax\"><\/span>Dar de baja Agrupaci\u00f3 Mutua por fax<span class=\"ez-toc-section-end\"><\/span><\/h3>\r\n<p>Puedes utilizar asimismo el fax para dar de baja tu seguro de fallecimiento. El procedimiento es similar al env\u00edo del mail solo que deber\u00e1s utilizar el fax. Env\u00edale a la compa\u00f1\u00eda una imitaci\u00f3n de tu documento de identidad y el documento firmado con la petici\u00f3n de la baja del seguro de decesos. Para conocer d\u00f3nde puedes hallar la notificaci\u00f3n, puedes llamarnos al n\u00famero de tel\u00e9fono 951 127 403. Guarda la copia sellada y el justificante del recibo para que no tengas ning\u00fan problema en el futuro. Adem\u00e1s, por lo que pueda acontecer en el futuro, guarde una imitaci\u00f3n de la notificaci\u00f3n con la data de env\u00edo para su tranquilidad. <div class=\"colorf \"  ><div class=\"container clearfix\"><div class=\"col-md-7\"><\/p>\r\n<h3><span class=\"ez-toc-section\" id=\"En_la_oficina_de_Agrupacio_Mutua\"><\/span>En la oficina de Agrupaci\u00f3 Mutua<span class=\"ez-toc-section-end\"><\/span><\/h3>\r\n<p>El procedimiento m\u00e1s sencillo y r\u00e1pido para dar de baja tu seguro de decesos es personandote en la oficina de tu compa\u00f1\u00eda aseguradora. Deber\u00e1s presentar un documento dejando perseverancia de tu deseo de anular tu seguro de decesos en la oficina. No olvides llevar una imitaci\u00f3n de tu DNI. Deber\u00e1n ponerte un sello con el que quede reflejado que los datos recibidos por la parte del asegurado son los correctos para proceder a dar la baja al seguro de decesos. En la data debe exponerse que el contrato fue cancelado un mes antes del fin del contrato. <\/div><\/div><\/div><\/p>\r\n<h3><span class=\"ez-toc-section\" id=\"Telefono_para_dar_de_baja_Agrupacio_Mutua\"><\/span>T\u00e9lefono para dar de baja Agrupaci\u00f3 Mutua<span class=\"ez-toc-section-end\"><\/span><\/h3>\r\n<p>La v\u00eda telef\u00f3nica asimismo es una opci\u00f3n para darse de baja. Ll\u00e1manos al 930 039 696\u00a0para darte m\u00e1s informaci\u00f3n sobre de qu\u00e9 forma puedes pedir la baja o bien contacta con tu empresa de seguros tras localizar su tel\u00e9fono en internet. Para solucionar tus dudas, un agente se va a poner en contacto contigo y de esta forma poder asistirte de una forma plenamente personalizada. Tras las indicaciones del agente, este se ocupar\u00e1 de solventar todas las cuestiones a fin de que puedes dar de baja tu seguro de decesos. Si quieres mudar de empresa aseguradora, solo debes utilizar nuestro comparador de iDecesos. Te vamos a dar las mejores ofertas y vas a tener tu seguro absolutamente amoldado a ti. <div class=\"colorf \"  ><div class=\"container clearfix\"><div class=\"col-md-7\"><\/p>\r\n<h2><span class=\"ez-toc-section\" id=\"Dar_de_baja_seguro_Agrupacio_Mutua_de_un_fallecido\"><\/span>Dar de baja seguro Agrupaci\u00f3 Mutua de un fallecido<span class=\"ez-toc-section-end\"><\/span><\/h2>\r\n<p>La baja del seguro de decesos se realiza de manera autom\u00e1tica en el instante en el que la persona ha fallecido. El expediente se cerrar\u00e1 a fin de que no se manden m\u00e1s recibos a esa persona que termina de finar. Los precios se efectuar\u00e1n teniendo presente la tabla de las primas que los asegurados tienen contratados con la empresa de seguros en cuesti\u00f3n. <\/div><\/div><\/div> <div class=\"oficinas\"> <!-- Shortcode [agrupacio-mutua-hijas] does not exist --> <\/div><\/p>","protected":false},"excerpt":{"rendered":"<p>iDecesos ha trabajado para explicarle de qu\u00e9 forma dar de baja un seguro de decesos. Hacerlo puede parecer algo complicado, pero no tiene de qu\u00e9 preocuparse, ahora, le mostraremos los pasos que a de seguir. Gracias a la informaci\u00f3n que podr\u00e1s recabar, en pocos minutos, tendr\u00e1s la posibilidad de llevarlo a cabo y dar soluci\u00f3n&hellip; <\/p>\n","protected":false},"author":1,"featured_media":0,"parent":9467,"menu_order":0,"comment_status":"closed","ping_status":"closed","template":"single.php","meta":{"footnotes":""},"class_list":["post-18247","page","type-page","status-publish","hentry"],"yoast_head":"<!-- This site is optimized with the Yoast SEO plugin v27.5 - https:\/\/yoast.com\/product\/yoast-seo-wordpress\/ -->\n<title>\u00bfC\u00f3mo dar de Baja o Cancelar Seguro de Decesos Agrupaci\u00f3 Mutua?<\/title>\n<meta name=\"description\" content=\"Obt\u00e9n aqu\u00ed\u3010c\u00f3mo dar de baja o cancelar seguro de decesos Agrupaci\u00f3 Mutua\u3011Modelo carta, fax, correo electr\u00f3nico (email), tel\u00e9fono gratis.\" \/>\n<meta name=\"robots\" content=\"index, follow, max-snippet:-1, max-image-preview:large, max-video-preview:-1\" \/>\n<link rel=\"canonical\" href=\"https:\/\/idecesos.com\/seguros\/companias\/agrupacio-mutua\/dar-de-baja\/\" \/>\n<meta property=\"og:locale\" content=\"es_ES\" \/>\n<meta property=\"og:type\" content=\"article\" \/>\n<meta property=\"og:title\" content=\"\u00bfC\u00f3mo dar de Baja o Cancelar Seguro de Decesos Agrupaci\u00f3 Mutua?\" \/>\n<meta property=\"og:description\" content=\"Obt\u00e9n aqu\u00ed\u3010c\u00f3mo dar de baja o cancelar seguro de decesos Agrupaci\u00f3 Mutua\u3011Modelo carta, fax, correo electr\u00f3nico (email), tel\u00e9fono gratis.\" \/>\n<meta property=\"og:url\" content=\"https:\/\/idecesos.com\/seguros\/companias\/agrupacio-mutua\/dar-de-baja\/\" \/>\n<meta property=\"article:modified_time\" content=\"2022-01-31T17:02:57+00:00\" \/>\n<meta name=\"twitter:card\" content=\"summary_large_image\" \/>\n<meta name=\"twitter:label1\" content=\"Tiempo de lectura\" \/>\n\t<meta name=\"twitter:data1\" content=\"15 minutos\" \/>\n<script type=\"application\/ld+json\" class=\"yoast-schema-graph\">{\"@context\":\"https:\\\/\\\/schema.org\",\"@graph\":[{\"@type\":\"WebPage\",\"@id\":\"https:\\\/\\\/idecesos.com\\\/seguros\\\/companias\\\/agrupacio-mutua\\\/dar-de-baja\\\/\",\"url\":\"https:\\\/\\\/idecesos.com\\\/seguros\\\/companias\\\/agrupacio-mutua\\\/dar-de-baja\\\/\",\"name\":\"\u00bfC\u00f3mo dar de Baja o Cancelar Seguro de Decesos Agrupaci\u00f3 Mutua?\",\"isPartOf\":{\"@id\":\"https:\\\/\\\/idecesos.com\\\/seguros\\\/#website\"},\"datePublished\":\"2021-12-29T11:53:29+00:00\",\"dateModified\":\"2022-01-31T17:02:57+00:00\",\"description\":\"Obt\u00e9n aqu\u00ed\u3010c\u00f3mo dar de baja o cancelar seguro de decesos Agrupaci\u00f3 Mutua\u3011Modelo carta, fax, correo electr\u00f3nico (email), tel\u00e9fono gratis.\",\"breadcrumb\":{\"@id\":\"https:\\\/\\\/idecesos.com\\\/seguros\\\/companias\\\/agrupacio-mutua\\\/dar-de-baja\\\/#breadcrumb\"},\"inLanguage\":\"es\",\"potentialAction\":[{\"@type\":\"ReadAction\",\"target\":[\"https:\\\/\\\/idecesos.com\\\/seguros\\\/companias\\\/agrupacio-mutua\\\/dar-de-baja\\\/\"]}]},{\"@type\":\"BreadcrumbList\",\"@id\":\"https:\\\/\\\/idecesos.com\\\/seguros\\\/companias\\\/agrupacio-mutua\\\/dar-de-baja\\\/#breadcrumb\",\"itemListElement\":[{\"@type\":\"ListItem\",\"position\":1,\"name\":\"Portada\",\"item\":\"https:\\\/\\\/idecesos.com\\\/seguros\\\/\"},{\"@type\":\"ListItem\",\"position\":2,\"name\":\"Compa\u00f1\u00edas de Seguros de Decesos en Espa\u00f1a\",\"item\":\"https:\\\/\\\/idecesos.com\\\/seguros\\\/companias\\\/\"},{\"@type\":\"ListItem\",\"position\":3,\"name\":\"Seguro de decesos Agrupaci\u00f3 M\u00fatua\",\"item\":\"https:\\\/\\\/idecesos.com\\\/seguros\\\/companias\\\/agrupacio-mutua\\\/\"},{\"@type\":\"ListItem\",\"position\":4,\"name\":\"\u00bfC\u00f3mo dar de baja seguro Agrupaci\u00f3 Mutua?\"}]},{\"@type\":\"WebSite\",\"@id\":\"https:\\\/\\\/idecesos.com\\\/seguros\\\/#website\",\"url\":\"https:\\\/\\\/idecesos.com\\\/seguros\\\/\",\"name\":\"\",\"description\":\"\",\"potentialAction\":[{\"@type\":\"SearchAction\",\"target\":{\"@type\":\"EntryPoint\",\"urlTemplate\":\"https:\\\/\\\/idecesos.com\\\/seguros\\\/?s={search_term_string}\"},\"query-input\":{\"@type\":\"PropertyValueSpecification\",\"valueRequired\":true,\"valueName\":\"search_term_string\"}}],\"inLanguage\":\"es\"}]}<\/script>\n<!-- \/ Yoast SEO plugin. -->","yoast_head_json":{"title":"\u00bfC\u00f3mo dar de Baja o Cancelar Seguro de Decesos Agrupaci\u00f3 Mutua?","description":"Obt\u00e9n aqu\u00ed\u3010c\u00f3mo dar de baja o cancelar seguro de decesos Agrupaci\u00f3 Mutua\u3011Modelo carta, fax, correo electr\u00f3nico (email), tel\u00e9fono gratis.","robots":{"index":"index","follow":"follow","max-snippet":"max-snippet:-1","max-image-preview":"max-image-preview:large","max-video-preview":"max-video-preview:-1"},"canonical":"https:\/\/idecesos.com\/seguros\/companias\/agrupacio-mutua\/dar-de-baja\/","og_locale":"es_ES","og_type":"article","og_title":"\u00bfC\u00f3mo dar de Baja o Cancelar Seguro de Decesos Agrupaci\u00f3 Mutua?","og_description":"Obt\u00e9n aqu\u00ed\u3010c\u00f3mo dar de baja o cancelar seguro de decesos Agrupaci\u00f3 Mutua\u3011Modelo carta, fax, correo electr\u00f3nico (email), tel\u00e9fono gratis.","og_url":"https:\/\/idecesos.com\/seguros\/companias\/agrupacio-mutua\/dar-de-baja\/","article_modified_time":"2022-01-31T17:02:57+00:00","twitter_card":"summary_large_image","twitter_misc":{"Tiempo de lectura":"15 minutos"},"schema":{"@context":"https:\/\/schema.org","@graph":[{"@type":"WebPage","@id":"https:\/\/idecesos.com\/seguros\/companias\/agrupacio-mutua\/dar-de-baja\/","url":"https:\/\/idecesos.com\/seguros\/companias\/agrupacio-mutua\/dar-de-baja\/","name":"\u00bfC\u00f3mo dar de Baja o Cancelar Seguro de Decesos Agrupaci\u00f3 Mutua?","isPartOf":{"@id":"https:\/\/idecesos.com\/seguros\/#website"},"datePublished":"2021-12-29T11:53:29+00:00","dateModified":"2022-01-31T17:02:57+00:00","description":"Obt\u00e9n aqu\u00ed\u3010c\u00f3mo dar de baja o cancelar seguro de decesos Agrupaci\u00f3 Mutua\u3011Modelo carta, fax, correo electr\u00f3nico (email), tel\u00e9fono gratis.","breadcrumb":{"@id":"https:\/\/idecesos.com\/seguros\/companias\/agrupacio-mutua\/dar-de-baja\/#breadcrumb"},"inLanguage":"es","potentialAction":[{"@type":"ReadAction","target":["https:\/\/idecesos.com\/seguros\/companias\/agrupacio-mutua\/dar-de-baja\/"]}]},{"@type":"BreadcrumbList","@id":"https:\/\/idecesos.com\/seguros\/companias\/agrupacio-mutua\/dar-de-baja\/#breadcrumb","itemListElement":[{"@type":"ListItem","position":1,"name":"Portada","item":"https:\/\/idecesos.com\/seguros\/"},{"@type":"ListItem","position":2,"name":"Compa\u00f1\u00edas de Seguros de Decesos en Espa\u00f1a","item":"https:\/\/idecesos.com\/seguros\/companias\/"},{"@type":"ListItem","position":3,"name":"Seguro de decesos Agrupaci\u00f3 M\u00fatua","item":"https:\/\/idecesos.com\/seguros\/companias\/agrupacio-mutua\/"},{"@type":"ListItem","position":4,"name":"\u00bfC\u00f3mo dar de baja seguro Agrupaci\u00f3 Mutua?"}]},{"@type":"WebSite","@id":"https:\/\/idecesos.com\/seguros\/#website","url":"https:\/\/idecesos.com\/seguros\/","name":"","description":"","potentialAction":[{"@type":"SearchAction","target":{"@type":"EntryPoint","urlTemplate":"https:\/\/idecesos.com\/seguros\/?s={search_term_string}"},"query-input":{"@type":"PropertyValueSpecification","valueRequired":true,"valueName":"search_term_string"}}],"inLanguage":"es"}]}},"_links":{"self":[{"href":"https:\/\/idecesos.com\/seguros\/wp-json\/wp\/v2\/pages\/18247","targetHints":{"allow":["GET"]}}],"collection":[{"href":"https:\/\/idecesos.com\/seguros\/wp-json\/wp\/v2\/pages"}],"about":[{"href":"https:\/\/idecesos.com\/seguros\/wp-json\/wp\/v2\/types\/page"}],"author":[{"embeddable":true,"href":"https:\/\/idecesos.com\/seguros\/wp-json\/wp\/v2\/users\/1"}],"replies":[{"embeddable":true,"href":"https:\/\/idecesos.com\/seguros\/wp-json\/wp\/v2\/comments?post=18247"}],"version-history":[{"count":1,"href":"https:\/\/idecesos.com\/seguros\/wp-json\/wp\/v2\/pages\/18247\/revisions"}],"predecessor-version":[{"id":19157,"href":"https:\/\/idecesos.com\/seguros\/wp-json\/wp\/v2\/pages\/18247\/revisions\/19157"}],"up":[{"embeddable":true,"href":"https:\/\/idecesos.com\/seguros\/wp-json\/wp\/v2\/pages\/9467"}],"wp:attachment":[{"href":"https:\/\/idecesos.com\/seguros\/wp-json\/wp\/v2\/media?parent=18247"}],"curies":[{"name":"wp","href":"https:\/\/api.w.org\/{rel}","templated":true}]}}