{"id":18248,"date":"2021-12-29T11:53:29","date_gmt":"2021-12-29T11:53:29","guid":{"rendered":"https:\/\/idecesos.com\/seguros\/companias\/mgc\/dar-de-baja\/"},"modified":"2022-01-31T17:04:10","modified_gmt":"2022-01-31T17:04:10","slug":"dar-de-baja","status":"publish","type":"page","link":"https:\/\/idecesos.com\/seguros\/companias\/mgc\/dar-de-baja\/","title":{"rendered":"\u00bfC\u00f3mo dar de baja seguro MGC?"},"content":{"rendered":"<div id=\"ez-toc-container\" class=\"ez-toc-v2_0_82_2 ez-toc-wrap-center counter-hierarchy ez-toc-counter ez-toc-custom ez-toc-container-direction\">\n<div class=\"ez-toc-title-container\">\n<p class=\"ez-toc-title\" style=\"cursor:inherit\">Tabla de Contenido<\/p>\n<span class=\"ez-toc-title-toggle\"><a href=\"#\" class=\"ez-toc-pull-right ez-toc-btn ez-toc-btn-xs ez-toc-btn-default ez-toc-toggle\" aria-label=\"Alternar tabla de contenidos\"><span class=\"ez-toc-js-icon-con\"><span class=\"\"><span class=\"eztoc-hide\" style=\"display:none;\">Toggle<\/span><span class=\"ez-toc-icon-toggle-span\"><svg style=\"fill: #db6415;color:#db6415\" xmlns=\"http:\/\/www.w3.org\/2000\/svg\" class=\"list-377408\" width=\"20px\" height=\"20px\" viewBox=\"0 0 24 24\" fill=\"none\"><path d=\"M6 6H4v2h2V6zm14 0H8v2h12V6zM4 11h2v2H4v-2zm16 0H8v2h12v-2zM4 16h2v2H4v-2zm16 0H8v2h12v-2z\" fill=\"currentColor\"><\/path><\/svg><svg style=\"fill: #db6415;color:#db6415\" class=\"arrow-unsorted-368013\" xmlns=\"http:\/\/www.w3.org\/2000\/svg\" width=\"10px\" height=\"10px\" viewBox=\"0 0 24 24\" version=\"1.2\" baseProfile=\"tiny\"><path d=\"M18.2 9.3l-6.2-6.3-6.2 6.3c-.2.2-.3.4-.3.7s.1.5.3.7c.2.2.4.3.7.3h11c.3 0 .5-.1.7-.3.2-.2.3-.5.3-.7s-.1-.5-.3-.7zM5.8 14.7l6.2 6.3 6.2-6.3c.2-.2.3-.5.3-.7s-.1-.5-.3-.7c-.2-.2-.4-.3-.7-.3h-11c-.3 0-.5.1-.7.3-.2.2-.3.5-.3.7s.1.5.3.7z\"\/><\/svg><\/span><\/span><\/span><\/a><\/span><\/div>\n<nav><ul class='ez-toc-list ez-toc-list-level-1 ' ><li class='ez-toc-page-1 ez-toc-heading-level-2'><a class=\"ez-toc-link ez-toc-heading-1\" href=\"https:\/\/idecesos.com\/seguros\/companias\/mgc\/dar-de-baja\/#Diferentes_opciones_para_cancelar_un_contrato_con_MGC\" >Diferentes opciones para cancelar un contrato con MGC<\/a><ul class='ez-toc-list-level-3' ><li class='ez-toc-heading-level-3'><a class=\"ez-toc-link ez-toc-heading-2\" href=\"https:\/\/idecesos.com\/seguros\/companias\/mgc\/dar-de-baja\/#A_traves_de_la_web_de_MGC\" >A trav\u00e9s de la web de MGC<\/a><\/li><li class='ez-toc-page-1 ez-toc-heading-level-3'><a class=\"ez-toc-link ez-toc-heading-3\" href=\"https:\/\/idecesos.com\/seguros\/companias\/mgc\/dar-de-baja\/#Utilizando_el_correo_electronico_de_MGC\" >Utilizando el correo electr\u00f3nico de MGC<\/a><\/li><li class='ez-toc-page-1 ez-toc-heading-level-3'><a class=\"ez-toc-link ez-toc-heading-4\" href=\"https:\/\/idecesos.com\/seguros\/companias\/mgc\/dar-de-baja\/#Dar_de_baja_MGC_por_fax\" >Dar de baja MGC por fax<\/a><\/li><li class='ez-toc-page-1 ez-toc-heading-level-3'><a class=\"ez-toc-link ez-toc-heading-5\" href=\"https:\/\/idecesos.com\/seguros\/companias\/mgc\/dar-de-baja\/#En_la_oficina_de_MGC\" >En la oficina de MGC<\/a><\/li><li class='ez-toc-page-1 ez-toc-heading-level-3'><a class=\"ez-toc-link ez-toc-heading-6\" href=\"https:\/\/idecesos.com\/seguros\/companias\/mgc\/dar-de-baja\/#Telefono_para_dar_de_baja_MGC\" >T\u00e9lefono para dar de baja MGC<\/a><\/li><\/ul><\/li><li class='ez-toc-page-1 ez-toc-heading-level-2'><a class=\"ez-toc-link ez-toc-heading-7\" href=\"https:\/\/idecesos.com\/seguros\/companias\/mgc\/dar-de-baja\/#Dar_de_baja_seguro_MGC_de_un_fallecido\" >Dar de baja seguro MGC de un fallecido<\/a><ul class='ez-toc-list-level-3' ><li class='ez-toc-heading-level-3'><a class=\"ez-toc-link ez-toc-heading-8\" href=\"https:\/\/idecesos.com\/seguros\/companias\/mgc\/dar-de-baja\/#Paginas_relacionadas\" >P\u00e1ginas relacionadas<\/a><\/li><\/ul><\/li><\/ul><\/nav><\/div>\n<p> A continuaci\u00f3n, le explicaremos de qu\u00e9 forma dar de baja su seguro de decesos. Si piensas que dar de baja el seguro de decesos es complicado, en esta p\u00e1gina vamos a explic\u00e1rtelo de la manera m\u00e1s f\u00e1cil posible. Ahora, vas a encontrar de forma detallada los pasos que tienes hacer y las formas que tienes para darte de baja. Podr\u00e1s dar de baja usted mismo su seguro de decesos tras conocer todas las formas diferentes que tienes para llevar a cabo el proceso. Nuestra recomendaci\u00f3n es que no des de baja tu seguro en tanto que en el futuro va a poder servirte para asegurarte y evitarle inconvenientes a tus familiares. <div class=\"colorf \"  ><div class=\"container clearfix\"><div class=\"col-md-7\"><\/p>\r\n<h2><span class=\"ez-toc-section\" id=\"Diferentes_opciones_para_cancelar_un_contrato_con_MGC\"><\/span>Diferentes opciones para cancelar un contrato con MGC<span class=\"ez-toc-section-end\"><\/span><\/h2>\r\n<!-- \/wp:post-content -->\r\n\r\n<!-- wp:paragraph -->\r\n<p>Estas opciones est\u00e1n basadas en la experiencia de los clientes que se dieron de baja y que tambi\u00e9n le podr\u00edan servir a . Existen muchas formas de darse de baja de un seguro de decesos. Todas y cada una son iguales en todas las compa\u00f1\u00edas. Ciertas personas tienen m\u00e1s suerte y puede que resulte posible cancelar su seguro de decesos telef\u00f3nicamente, sin embargo, a fin de que la operadora de la compa\u00f1\u00eda de seguro de decesos le pueda dar de baja de sus servicios, le va a pedir que le env\u00ede el formulario de cancelaci\u00f3n en formato impreso, de lo contrario, usted perder\u00e1 su tiempo por tel\u00e9fono con un operador que le afirmar\u00e1 que debe mandar el formulario de cancelaci\u00f3n impresa. Si usted desea darse de baja de un seguro de decesos de MGC por medio de tel\u00e9fono, no dude en contactar con nosotros mediante nuestro e-mail o bien nuestro n\u00famero de tel\u00e9fono. <\/div><\/div><\/div><\/p>\r\n<h3><span class=\"ez-toc-section\" id=\"A_traves_de_la_web_de_MGC\"><\/span>A trav\u00e9s de la web de MGC<span class=\"ez-toc-section-end\"><\/span><\/h3>\r\n<p>El acceso a su web www.mgc.es\/ y teclear en su buscador lo que precises saber, es una de las opciones para dar de baja su seguro de decesos. En ese instante, hallar\u00e1 un abanico de opciones. Tendr\u00e1s que seleccionar la indicada y seguir los pasos. Es muy f\u00e1cil. Si en cualquier instante tiene dudas o no halla esta opci\u00f3n, tendr\u00e1 la posibilidad de contactar con MGC a trav\u00e9s de su n\u00famero 93 414 36 00. Si le aparece, rellenando el formulario o bien descargando el documento que le pida, va a poder llenar la petici\u00f3n. <div class=\"colorf \"  ><div class=\"container clearfix\"><div class=\"col-md-7\"><\/p>\r\n<h3><span class=\"ez-toc-section\" id=\"Utilizando_el_correo_electronico_de_MGC\"><\/span>Utilizando el correo electr\u00f3nico de MGC<span class=\"ez-toc-section-end\"><\/span><\/h3>\r\n<p>Una manera diferente de darse de baja en MGC, es a trav\u00e9s de su e-mail email MGC. Tan solo le va a llevar unos minutos. Deber\u00e1 enviar, al correo de la compa\u00f1\u00eda, una imitaci\u00f3n de su documento de identidad y la notificaci\u00f3n, citada previamente, firmada y completada con sus datos personales pertinentes. Para poder llenar el proceso, debe guardar una copia sellada y, su justificante de recibo. Para eludir futuros problemas, es esencial que guarde una copia de la notificaci\u00f3n, detallando la fecha de env\u00edo. <\/div><\/div><\/div><\/p>\r\n<h3><span class=\"ez-toc-section\" id=\"Dar_de_baja_MGC_por_fax\"><\/span>Dar de baja MGC por fax<span class=\"ez-toc-section-end\"><\/span><\/h3>\r\n<p>Darse de baja por fax asimismo es una opci\u00f3n. Es muy parecida a la opci\u00f3n del correo electr\u00f3nico. Tendr\u00e1 que continuar exactamente los mismos pasos, en vez de digital, mandarlo mediante fax. Deber\u00e1 mandar a trav\u00e9s de esta herramienta una imitaci\u00f3n de su DNI y la notificaci\u00f3n firma de baja que puede hallarla en la p\u00e1gina web de MGC o bien te la podemos facilitar si nos llamas al 93 414 36 00. Deber\u00e1 tener y, guardar, una copia, apropiadamente sellada, y el justificante del recibo. Para prevenir futuras incidencias, tenga a buen recaudo la copia de la notificaci\u00f3n, con su fecha de env\u00edo correcta. <div class=\"colorf \"  ><div class=\"container clearfix\"><div class=\"col-md-7\"><\/p>\r\n<h3><span class=\"ez-toc-section\" id=\"En_la_oficina_de_MGC\"><\/span>En la oficina de MGC<span class=\"ez-toc-section-end\"><\/span><\/h3>\r\n<p>Tambi\u00e9n va a tener la posibilidad de asistir presencialmente a la oficina de MGC, para dar de baja su seguro de decesos. Busque en la red de redes la oficina m\u00e1s cerca a su hogar y dir\u00edjase a ella. MGC dispone de unos especialistas, altamente cualificados, que estar\u00e1n a su disposici\u00f3n para ayudarle con los documentos que debe rellenar y firmar. Ser\u00e1 tan f\u00e1cil como proseguir los pasos que le se\u00f1alen. Adem\u00e1s, le recordamos que debe llevar su documento de identidad a fin de que todo esto se pueda llevar a cabo, ya que es necesario en este proceso. Todo este proceso es muy f\u00e1cil y sencillo, le entregar\u00e1n las copias de los documentos y el equipo profesional se encargar\u00e1 de finalizar todos y cada uno de los tr\u00e1mites. <\/div><\/div><\/div><\/p>\r\n<h3><span class=\"ez-toc-section\" id=\"Telefono_para_dar_de_baja_MGC\"><\/span>T\u00e9lefono para dar de baja MGC<span class=\"ez-toc-section-end\"><\/span><\/h3>\r\n<p>Si desea dar de baja su seguro, telef\u00f3nicamente, deber\u00e1 continuar los pasos que MGC le indique. Entonces, va a deber buscar en Intenet su n\u00famero de contacto o, llamar directamente a 93 414 36 00. En muy poco tiempo, si prosigue con precisi\u00f3n cada paso recomendado, va a tener su contrato de baja apropiadamente cerrado, gracias tambi\u00e9n, a la colaboraci\u00f3n de los expertos para completar los tr\u00e1mites. <div class=\"colorf \"  ><div class=\"container clearfix\"><div class=\"col-md-7\"><\/p>\r\n<h2><span class=\"ez-toc-section\" id=\"Dar_de_baja_seguro_MGC_de_un_fallecido\"><\/span>Dar de baja seguro MGC de un fallecido<span class=\"ez-toc-section-end\"><\/span><\/h2>\r\n<p>Si no conoces de qu\u00e9 manera puedes dar de baja tu seguro tras el fallecimiento del asegurado, te lo explicaremos. No se preocupe, aunque parece algo complejo es considerablemente m\u00e1s sencillo. MGC es la responsable de anular su seguro de decesos de manera autom\u00e1tica tras la muerte de su asegurado en tanto que, al prestar su servicio tras el sepelio del cliente, ellos mismos se encargasen de dar de baja a la persona fallecida de su empresa aseguradora, por lo que sus familiares no tienen de qu\u00e9 preocuparse. <\/div><\/div><\/div> <div class=\"oficinas\"> <h3><span class=\"ez-toc-section\" id=\"Paginas_relacionadas\"><\/span>P\u00e1ginas relacionadas<span class=\"ez-toc-section-end\"><\/span><\/h3><div class=\"enlazado\"><ul> <li><a href=\"https:\/\/idecesos.com\/seguros\/companias\/mgc\/opiniones\/\">Opiniones MGC<\/a><\/li> <li><a href=\"https:\/\/idecesos.com\/seguros\/companias\/mgc\/precio\/\">Precio seguro MGC<\/a><\/li> <li><a href=\"https:\/\/idecesos.com\/seguros\/companias\/mgc\/prima-mixta\/\">MGC Prima Mixta<\/a><\/li> <li><a href=\"https:\/\/idecesos.com\/seguros\/companias\/mgc\/prima-natural\/\">MGC Prima Natural<\/a><\/li> <li><a href=\"https:\/\/idecesos.com\/seguros\/companias\/mgc\/prima-nivelada\/\">MGC Prima Nivelada<\/a><\/li> <li><a href=\"https:\/\/idecesos.com\/seguros\/companias\/mgc\/prima-unica\/\">MGC Prima \u00danica<\/a><\/li> <li><a href=\"https:\/\/idecesos.com\/seguros\/companias\/mgc\/repatriacion\/\">MGC Repatriaci\u00f3n<\/a><\/li> <li><a href=\"https:\/\/idecesos.com\/seguros\/companias\/mgc\/telefono\/\">Tel\u00e9fono Gratuito MGC<\/a><\/li><\/ul><\/div> <\/div><\/p>","protected":false},"excerpt":{"rendered":"<p>A continuaci\u00f3n, le explicaremos de qu\u00e9 forma dar de baja su seguro de decesos. Si piensas que dar de baja el seguro de decesos es complicado, en esta p\u00e1gina vamos a explic\u00e1rtelo de la manera m\u00e1s f\u00e1cil posible. Ahora, vas a encontrar de forma detallada los pasos que tienes hacer y las formas que tienes&hellip; <\/p>\n","protected":false},"author":1,"featured_media":0,"parent":9472,"menu_order":0,"comment_status":"closed","ping_status":"closed","template":"single.php","meta":{"footnotes":""},"class_list":["post-18248","page","type-page","status-publish","hentry"],"yoast_head":"<!-- This site is optimized with the Yoast SEO plugin v27.3 - https:\/\/yoast.com\/product\/yoast-seo-wordpress\/ -->\n<title>\u00bfC\u00f3mo dar de Baja o Cancelar Seguro de Decesos MGC?<\/title>\n<meta name=\"description\" content=\"Obt\u00e9n aqu\u00ed\u3010c\u00f3mo dar de baja o cancelar seguro de decesos MGC\u3011Modelo carta, fax, correo electr\u00f3nico (email), tel\u00e9fono gratis.\" \/>\n<meta name=\"robots\" content=\"index, follow, max-snippet:-1, max-image-preview:large, max-video-preview:-1\" \/>\n<link rel=\"canonical\" href=\"https:\/\/idecesos.com\/seguros\/companias\/mgc\/dar-de-baja\/\" \/>\n<meta property=\"og:locale\" content=\"es_ES\" \/>\n<meta property=\"og:type\" content=\"article\" \/>\n<meta property=\"og:title\" content=\"\u00bfC\u00f3mo dar de Baja o Cancelar Seguro de Decesos MGC?\" \/>\n<meta property=\"og:description\" content=\"Obt\u00e9n aqu\u00ed\u3010c\u00f3mo dar de baja o cancelar seguro de decesos MGC\u3011Modelo carta, fax, correo electr\u00f3nico (email), tel\u00e9fono gratis.\" \/>\n<meta property=\"og:url\" content=\"https:\/\/idecesos.com\/seguros\/companias\/mgc\/dar-de-baja\/\" \/>\n<meta property=\"article:modified_time\" content=\"2022-01-31T17:04:10+00:00\" \/>\n<meta name=\"twitter:card\" content=\"summary_large_image\" \/>\n<meta name=\"twitter:label1\" content=\"Tiempo de lectura\" \/>\n\t<meta name=\"twitter:data1\" content=\"15 minutos\" \/>\n<script type=\"application\/ld+json\" class=\"yoast-schema-graph\">{\"@context\":\"https:\\\/\\\/schema.org\",\"@graph\":[{\"@type\":\"WebPage\",\"@id\":\"https:\\\/\\\/idecesos.com\\\/seguros\\\/companias\\\/mgc\\\/dar-de-baja\\\/\",\"url\":\"https:\\\/\\\/idecesos.com\\\/seguros\\\/companias\\\/mgc\\\/dar-de-baja\\\/\",\"name\":\"\u00bfC\u00f3mo dar de Baja o Cancelar Seguro de Decesos MGC?\",\"isPartOf\":{\"@id\":\"https:\\\/\\\/idecesos.com\\\/seguros\\\/#website\"},\"datePublished\":\"2021-12-29T11:53:29+00:00\",\"dateModified\":\"2022-01-31T17:04:10+00:00\",\"description\":\"Obt\u00e9n aqu\u00ed\u3010c\u00f3mo dar de baja o cancelar seguro de decesos MGC\u3011Modelo carta, fax, correo electr\u00f3nico (email), tel\u00e9fono gratis.\",\"breadcrumb\":{\"@id\":\"https:\\\/\\\/idecesos.com\\\/seguros\\\/companias\\\/mgc\\\/dar-de-baja\\\/#breadcrumb\"},\"inLanguage\":\"es\",\"potentialAction\":[{\"@type\":\"ReadAction\",\"target\":[\"https:\\\/\\\/idecesos.com\\\/seguros\\\/companias\\\/mgc\\\/dar-de-baja\\\/\"]}]},{\"@type\":\"BreadcrumbList\",\"@id\":\"https:\\\/\\\/idecesos.com\\\/seguros\\\/companias\\\/mgc\\\/dar-de-baja\\\/#breadcrumb\",\"itemListElement\":[{\"@type\":\"ListItem\",\"position\":1,\"name\":\"Portada\",\"item\":\"https:\\\/\\\/idecesos.com\\\/seguros\\\/\"},{\"@type\":\"ListItem\",\"position\":2,\"name\":\"Compa\u00f1\u00edas de Seguros de Decesos en Espa\u00f1a\",\"item\":\"https:\\\/\\\/idecesos.com\\\/seguros\\\/companias\\\/\"},{\"@type\":\"ListItem\",\"position\":3,\"name\":\"Seguros de decesos MGC\",\"item\":\"https:\\\/\\\/idecesos.com\\\/seguros\\\/companias\\\/mgc\\\/\"},{\"@type\":\"ListItem\",\"position\":4,\"name\":\"\u00bfC\u00f3mo dar de baja seguro MGC?\"}]},{\"@type\":\"WebSite\",\"@id\":\"https:\\\/\\\/idecesos.com\\\/seguros\\\/#website\",\"url\":\"https:\\\/\\\/idecesos.com\\\/seguros\\\/\",\"name\":\"\",\"description\":\"\",\"potentialAction\":[{\"@type\":\"SearchAction\",\"target\":{\"@type\":\"EntryPoint\",\"urlTemplate\":\"https:\\\/\\\/idecesos.com\\\/seguros\\\/?s={search_term_string}\"},\"query-input\":{\"@type\":\"PropertyValueSpecification\",\"valueRequired\":true,\"valueName\":\"search_term_string\"}}],\"inLanguage\":\"es\"}]}<\/script>\n<!-- \/ Yoast SEO plugin. -->","yoast_head_json":{"title":"\u00bfC\u00f3mo dar de Baja o Cancelar Seguro de Decesos MGC?","description":"Obt\u00e9n aqu\u00ed\u3010c\u00f3mo dar de baja o cancelar seguro de decesos MGC\u3011Modelo carta, fax, correo electr\u00f3nico (email), tel\u00e9fono gratis.","robots":{"index":"index","follow":"follow","max-snippet":"max-snippet:-1","max-image-preview":"max-image-preview:large","max-video-preview":"max-video-preview:-1"},"canonical":"https:\/\/idecesos.com\/seguros\/companias\/mgc\/dar-de-baja\/","og_locale":"es_ES","og_type":"article","og_title":"\u00bfC\u00f3mo dar de Baja o Cancelar Seguro de Decesos MGC?","og_description":"Obt\u00e9n aqu\u00ed\u3010c\u00f3mo dar de baja o cancelar seguro de decesos MGC\u3011Modelo carta, fax, correo electr\u00f3nico (email), tel\u00e9fono gratis.","og_url":"https:\/\/idecesos.com\/seguros\/companias\/mgc\/dar-de-baja\/","article_modified_time":"2022-01-31T17:04:10+00:00","twitter_card":"summary_large_image","twitter_misc":{"Tiempo de lectura":"15 minutos"},"schema":{"@context":"https:\/\/schema.org","@graph":[{"@type":"WebPage","@id":"https:\/\/idecesos.com\/seguros\/companias\/mgc\/dar-de-baja\/","url":"https:\/\/idecesos.com\/seguros\/companias\/mgc\/dar-de-baja\/","name":"\u00bfC\u00f3mo dar de Baja o Cancelar Seguro de Decesos MGC?","isPartOf":{"@id":"https:\/\/idecesos.com\/seguros\/#website"},"datePublished":"2021-12-29T11:53:29+00:00","dateModified":"2022-01-31T17:04:10+00:00","description":"Obt\u00e9n aqu\u00ed\u3010c\u00f3mo dar de baja o cancelar seguro de decesos MGC\u3011Modelo carta, fax, correo electr\u00f3nico (email), tel\u00e9fono gratis.","breadcrumb":{"@id":"https:\/\/idecesos.com\/seguros\/companias\/mgc\/dar-de-baja\/#breadcrumb"},"inLanguage":"es","potentialAction":[{"@type":"ReadAction","target":["https:\/\/idecesos.com\/seguros\/companias\/mgc\/dar-de-baja\/"]}]},{"@type":"BreadcrumbList","@id":"https:\/\/idecesos.com\/seguros\/companias\/mgc\/dar-de-baja\/#breadcrumb","itemListElement":[{"@type":"ListItem","position":1,"name":"Portada","item":"https:\/\/idecesos.com\/seguros\/"},{"@type":"ListItem","position":2,"name":"Compa\u00f1\u00edas de Seguros de Decesos en Espa\u00f1a","item":"https:\/\/idecesos.com\/seguros\/companias\/"},{"@type":"ListItem","position":3,"name":"Seguros de decesos MGC","item":"https:\/\/idecesos.com\/seguros\/companias\/mgc\/"},{"@type":"ListItem","position":4,"name":"\u00bfC\u00f3mo dar de baja seguro MGC?"}]},{"@type":"WebSite","@id":"https:\/\/idecesos.com\/seguros\/#website","url":"https:\/\/idecesos.com\/seguros\/","name":"","description":"","potentialAction":[{"@type":"SearchAction","target":{"@type":"EntryPoint","urlTemplate":"https:\/\/idecesos.com\/seguros\/?s={search_term_string}"},"query-input":{"@type":"PropertyValueSpecification","valueRequired":true,"valueName":"search_term_string"}}],"inLanguage":"es"}]}},"_links":{"self":[{"href":"https:\/\/idecesos.com\/seguros\/wp-json\/wp\/v2\/pages\/18248","targetHints":{"allow":["GET"]}}],"collection":[{"href":"https:\/\/idecesos.com\/seguros\/wp-json\/wp\/v2\/pages"}],"about":[{"href":"https:\/\/idecesos.com\/seguros\/wp-json\/wp\/v2\/types\/page"}],"author":[{"embeddable":true,"href":"https:\/\/idecesos.com\/seguros\/wp-json\/wp\/v2\/users\/1"}],"replies":[{"embeddable":true,"href":"https:\/\/idecesos.com\/seguros\/wp-json\/wp\/v2\/comments?post=18248"}],"version-history":[{"count":1,"href":"https:\/\/idecesos.com\/seguros\/wp-json\/wp\/v2\/pages\/18248\/revisions"}],"predecessor-version":[{"id":19158,"href":"https:\/\/idecesos.com\/seguros\/wp-json\/wp\/v2\/pages\/18248\/revisions\/19158"}],"up":[{"embeddable":true,"href":"https:\/\/idecesos.com\/seguros\/wp-json\/wp\/v2\/pages\/9472"}],"wp:attachment":[{"href":"https:\/\/idecesos.com\/seguros\/wp-json\/wp\/v2\/media?parent=18248"}],"curies":[{"name":"wp","href":"https:\/\/api.w.org\/{rel}","templated":true}]}}