{"id":18249,"date":"2021-12-29T11:53:30","date_gmt":"2021-12-29T11:53:30","guid":{"rendered":"https:\/\/idecesos.com\/seguros\/companias\/la-paz\/dar-de-baja\/"},"modified":"2022-01-31T17:06:41","modified_gmt":"2022-01-31T17:06:41","slug":"dar-de-baja","status":"publish","type":"page","link":"https:\/\/idecesos.com\/seguros\/companias\/la-paz\/dar-de-baja\/","title":{"rendered":"\u00bfC\u00f3mo dar de baja seguro La Paz?"},"content":{"rendered":"<div id=\"ez-toc-container\" class=\"ez-toc-v2_0_82_2 ez-toc-wrap-center counter-hierarchy ez-toc-counter ez-toc-custom ez-toc-container-direction\">\n<div class=\"ez-toc-title-container\">\n<p class=\"ez-toc-title\" style=\"cursor:inherit\">Tabla de Contenido<\/p>\n<span class=\"ez-toc-title-toggle\"><a href=\"#\" class=\"ez-toc-pull-right ez-toc-btn ez-toc-btn-xs ez-toc-btn-default ez-toc-toggle\" aria-label=\"Alternar tabla de contenidos\"><span class=\"ez-toc-js-icon-con\"><span class=\"\"><span class=\"eztoc-hide\" style=\"display:none;\">Toggle<\/span><span class=\"ez-toc-icon-toggle-span\"><svg style=\"fill: #db6415;color:#db6415\" xmlns=\"http:\/\/www.w3.org\/2000\/svg\" class=\"list-377408\" width=\"20px\" height=\"20px\" viewBox=\"0 0 24 24\" fill=\"none\"><path d=\"M6 6H4v2h2V6zm14 0H8v2h12V6zM4 11h2v2H4v-2zm16 0H8v2h12v-2zM4 16h2v2H4v-2zm16 0H8v2h12v-2z\" fill=\"currentColor\"><\/path><\/svg><svg style=\"fill: #db6415;color:#db6415\" class=\"arrow-unsorted-368013\" xmlns=\"http:\/\/www.w3.org\/2000\/svg\" width=\"10px\" height=\"10px\" viewBox=\"0 0 24 24\" version=\"1.2\" baseProfile=\"tiny\"><path d=\"M18.2 9.3l-6.2-6.3-6.2 6.3c-.2.2-.3.4-.3.7s.1.5.3.7c.2.2.4.3.7.3h11c.3 0 .5-.1.7-.3.2-.2.3-.5.3-.7s-.1-.5-.3-.7zM5.8 14.7l6.2 6.3 6.2-6.3c.2-.2.3-.5.3-.7s-.1-.5-.3-.7c-.2-.2-.4-.3-.7-.3h-11c-.3 0-.5.1-.7.3-.2.2-.3.5-.3.7s.1.5.3.7z\"\/><\/svg><\/span><\/span><\/span><\/a><\/span><\/div>\n<nav><ul class='ez-toc-list ez-toc-list-level-1 ' ><li class='ez-toc-page-1 ez-toc-heading-level-2'><a class=\"ez-toc-link ez-toc-heading-1\" href=\"https:\/\/idecesos.com\/seguros\/companias\/la-paz\/dar-de-baja\/#Diferentes_opciones_para_cancelar_un_contrato_con_La_Paz\" >Diferentes opciones para cancelar un contrato con La Paz<\/a><ul class='ez-toc-list-level-3' ><li class='ez-toc-heading-level-3'><a class=\"ez-toc-link ez-toc-heading-2\" href=\"https:\/\/idecesos.com\/seguros\/companias\/la-paz\/dar-de-baja\/#A_traves_de_la_web_de_La_Paz\" >A trav\u00e9s de la web de La Paz<\/a><\/li><li class='ez-toc-page-1 ez-toc-heading-level-3'><a class=\"ez-toc-link ez-toc-heading-3\" href=\"https:\/\/idecesos.com\/seguros\/companias\/la-paz\/dar-de-baja\/#Utilizando_el_correo_electronico_de_La_Paz\" >Utilizando el correo electr\u00f3nico de La Paz<\/a><\/li><li class='ez-toc-page-1 ez-toc-heading-level-3'><a class=\"ez-toc-link ez-toc-heading-4\" href=\"https:\/\/idecesos.com\/seguros\/companias\/la-paz\/dar-de-baja\/#Dar_de_baja_La_Paz_por_fax\" >Dar de baja La Paz por fax<\/a><\/li><li class='ez-toc-page-1 ez-toc-heading-level-3'><a class=\"ez-toc-link ez-toc-heading-5\" href=\"https:\/\/idecesos.com\/seguros\/companias\/la-paz\/dar-de-baja\/#En_la_oficina_de_La_Paz\" >En la oficina de La Paz<\/a><\/li><li class='ez-toc-page-1 ez-toc-heading-level-3'><a class=\"ez-toc-link ez-toc-heading-6\" href=\"https:\/\/idecesos.com\/seguros\/companias\/la-paz\/dar-de-baja\/#Telefono_para_dar_de_baja_La_Paz\" >T\u00e9lefono para dar de baja La Paz<\/a><\/li><\/ul><\/li><li class='ez-toc-page-1 ez-toc-heading-level-2'><a class=\"ez-toc-link ez-toc-heading-7\" href=\"https:\/\/idecesos.com\/seguros\/companias\/la-paz\/dar-de-baja\/#Dar_de_baja_seguro_La_Paz_de_un_fallecido\" >Dar de baja seguro La Paz de un fallecido<\/a><ul class='ez-toc-list-level-3' ><li class='ez-toc-heading-level-3'><a class=\"ez-toc-link ez-toc-heading-8\" href=\"https:\/\/idecesos.com\/seguros\/companias\/la-paz\/dar-de-baja\/#Paginas_relacionadas\" >P\u00e1ginas relacionadas<\/a><\/li><\/ul><\/li><\/ul><\/nav><\/div>\n<p> Dar de baja un seguro de decesos puede parecer algo complejo, mas no se preocupe, ahora, le mostraremos los pasos que debe proseguir. iDecesos ha trabajado para explicarte paso por paso de qu\u00e9 manera darse de baja en el seguro de decesos que tiene contratado. Tendr\u00e1 su inconveniente solucionado en unos minutos y, es recomendable que busque otro seguro de decesos que se ajuste a sus necesidades, para la tranquilidad y estabilidad en su vida y la de su familia. Le recordamos que es fundamental que para dar de baja su seguro de decesos debe avisar a La Paz por lo menos treinta d\u00edas antes de la fecha de renovaci\u00f3n de su seguro a fin de que de esta manera no tenga ning\u00fan inconveniente m\u00e1s adelante al procurar efectuarlo. <div class=\"colorf \"  ><div class=\"container clearfix\"><div class=\"col-md-7\"><\/p>\r\n<h2><span class=\"ez-toc-section\" id=\"Diferentes_opciones_para_cancelar_un_contrato_con_La_Paz\"><\/span>Diferentes opciones para cancelar un contrato con La Paz<span class=\"ez-toc-section-end\"><\/span><\/h2>\r\n<!-- \/wp:post-content -->\r\n\r\n<!-- wp:paragraph -->\r\n<p>Estas opciones est\u00e1n basadas en la experiencia de los clientes del servicio que se dieron de baja y que asimismo le podr\u00edan servir a usted. Para darse de baja de un seguro de fallecimiento hay muchas opciones comunes en todas las aseguradoras. Ciertas personas tienen m\u00e1s suerte y puede que sea posible cancelar su seguro de decesos por tel\u00e9fono, sin embargo, a fin de que la operadora de la compa\u00f1\u00eda de seguro de decesos le pueda dar de baja de sus servicios, le pedir\u00e1 que le mande el formulario de cancelaci\u00f3n en formato impreso, de lo contrario, va a perder su tiempo telef\u00f3nicamente con un operador que le dir\u00e1 que debe mandar el formulario de cancelaci\u00f3n impresa. Si necesitas ayuda sobre de qu\u00e9 manera puedes cancelar tu seguro de decesos, puedes llamarnos por tel\u00e9fono o bien mandarnos un e-mail a nuestro mail. <\/div><\/div><\/div><\/p>\r\n<h3><span class=\"ez-toc-section\" id=\"A_traves_de_la_web_de_La_Paz\"><\/span>A trav\u00e9s de la web de La Paz<span class=\"ez-toc-section-end\"><\/span><\/h3>\r\n<p>Ya antes de proceder a efectuar la baja del seguro, haz una revisi\u00f3n y verifica que todos y cada uno de los datos est\u00e9n bien. \u00bfDe qu\u00e9 manera se puede darse de baja en el portal de La Paz en el seguro de decesos?. Tras utilizar el buscador en el sitio web de la empresa de seguros, tendr\u00e1s que proseguir los pasos que te se\u00f1alan para dar de baja tu seguro de decesos. Puedes llamar al tel\u00e9fono de atenci\u00f3n al usuario de tu compa\u00f1\u00eda para pedir m\u00e1s informaci\u00f3n sobre de qu\u00e9 forma puedes dar de baja tu seguro por internet. Para conseguir que la solicitud de la baja sea gestionada de forma correcta, tendr\u00e1s que rellenar un formulario. Revisa los datos antes de enviar la petici\u00f3n ya que si est\u00e1n mal expuestos, vas a tener inconvenientes para recibir la confirmaci\u00f3n de la baja del seguro. <div class=\"colorf \"  ><div class=\"container clearfix\"><div class=\"col-md-7\"><\/p>\r\n<h3><span class=\"ez-toc-section\" id=\"Utilizando_el_correo_electronico_de_La_Paz\"><\/span>Utilizando el correo electr\u00f3nico de La Paz<span class=\"ez-toc-section-end\"><\/span><\/h3>\r\n<p>Otra de las formas para dar de baja a su seguro de decesos, es a trav\u00e9s del e-mail email La Paz de La Paz. Solo le ocupar\u00e1 unos minutos de su tiempo. La informaci\u00f3n que debe detallar en el mensaje, que env\u00ede al apartado de correos de La Paz, va a ser una imitaci\u00f3n de su documento de identidad y la notificaci\u00f3n firmada, complet\u00e1ndola con sus datos personales. Para poder llenar el proceso, debe guardar una copia sellada y, su justificante de recibo. Asimismo, es importante que guarde, a buen recaudo, una copia de la notificaci\u00f3n, por si brota alg\u00fan problema en el futuro. <\/div><\/div><\/div><\/p>\r\n<h3><span class=\"ez-toc-section\" id=\"Dar_de_baja_La_Paz_por_fax\"><\/span>Dar de baja La Paz por fax<span class=\"ez-toc-section-end\"><\/span><\/h3>\r\n<p>Fax, es otra de las posibilidades para darse de baja. Es muy similar a la opci\u00f3n del e mail. Solo debe proseguir exactamente los mismos pasos mas en vez de mandarlo digitalmente deber\u00e1 hacerlo v\u00eda fax. Deber\u00e1 mandar a trav\u00e9s de esta herramienta una copia de su DNI y la notificaci\u00f3n firma de baja que puede encontrarla en la p\u00e1gina web de La Paz o bien te la podemos facilitar nosotros si nos llamas al 800 10 1074. Le hacemos un recordatorio importante: debe tener guardada una copia sellada y un justificante del recibo. Adem\u00e1s de esto, con lo que pueda acontecer en el futuro, le aconsejamos que guarde una imitaci\u00f3n de la notificaci\u00f3n con la data de env\u00edo del mismo modo que si lo hace por correo. <div class=\"colorf \"  ><div class=\"container clearfix\"><div class=\"col-md-7\"><\/p>\r\n<h3><span class=\"ez-toc-section\" id=\"En_la_oficina_de_La_Paz\"><\/span>En la oficina de La Paz<span class=\"ez-toc-section-end\"><\/span><\/h3>\r\n<p>Si a\u00fan no se ha decidido por un m\u00e9todo, aqu\u00ed le dejamos otro por si acaso no controla muy bien las nuevas tecnolog\u00edas y estos m\u00e9todos de env\u00edo. Asimismo puede dar de baja su seguro de decesos en una oficina de La Paz. Si no sabes a qu\u00e9 oficina debes asistir, utiliza tu buscador para conseguir la informaci\u00f3n con m\u00e1s detalles. Pide cita ya antes de asistir a la oficina y acude en el horario detallado. Con tan solo proseguirse los pasos detallados, podr\u00e1s llenar tu solicitud de baja del seguro. <\/div><\/div><\/div><\/p>\r\n<h3><span class=\"ez-toc-section\" id=\"Telefono_para_dar_de_baja_La_Paz\"><\/span>T\u00e9lefono para dar de baja La Paz<span class=\"ez-toc-section-end\"><\/span><\/h3>\r\n<p>Para darse de baja de un seguro de decesos, muchos clientes del servicio asisten al tel\u00e9fono de la compa\u00f1\u00eda para efectuar los tr\u00e1mites. Te aconsejamos que emplees el tel\u00e9fono que te se\u00f1alamos ahora para que la llamada sea gratuita y contactes con un agente que te asesore. Va a poder efectuarse la baja del seguro de decesos siempre y cuando se pruebe que es el tomador de la p\u00f3liza el que la pide y que est\u00e1 dentro del periodo legal. En esta web, podr\u00e1s proceder a pedir la baja de tu seguro de decesos sin ning\u00fan tipo de coste. <div class=\"colorf \"  ><div class=\"container clearfix\"><div class=\"col-md-7\"><\/p>\r\n<h2><span class=\"ez-toc-section\" id=\"Dar_de_baja_seguro_La_Paz_de_un_fallecido\"><\/span>Dar de baja seguro La Paz de un fallecido<span class=\"ez-toc-section-end\"><\/span><\/h2>\r\n<p>Cuando el asegurado muere, se avisa a la compa\u00f1\u00eda de seguros a fin de que empiecen a realizarse los tr\u00e1mites para realizar la baja. Todos los recibos van a quedar cancelados en el instante en el que esa persona muera. Se calcular\u00e1 de acuerdo a estimaciones autom\u00e1ticas de la tabla de las primas. <\/div><\/div><\/div> <div class=\"oficinas\"> <h3><span class=\"ez-toc-section\" id=\"Paginas_relacionadas\"><\/span>P\u00e1ginas relacionadas<span class=\"ez-toc-section-end\"><\/span><\/h3><div class=\"enlazado\"><ul> <li><a href=\"https:\/\/idecesos.com\/seguros\/companias\/la-paz\/opiniones\/\">Opiniones La Paz<\/a><\/li> <li><a href=\"https:\/\/idecesos.com\/seguros\/companias\/la-paz\/precio\/\">Precio seguro La Paz<\/a><\/li> <li><a href=\"https:\/\/idecesos.com\/seguros\/companias\/la-paz\/prima-mixta\/\">La Paz Prima Mixta<\/a><\/li> <li><a href=\"https:\/\/idecesos.com\/seguros\/companias\/la-paz\/prima-natural\/\">La Paz Prima Natural<\/a><\/li> <li><a href=\"https:\/\/idecesos.com\/seguros\/companias\/la-paz\/prima-nivelada\/\">La Paz Prima Nivelada<\/a><\/li> <li><a href=\"https:\/\/idecesos.com\/seguros\/companias\/la-paz\/prima-unica\/\">La Paz Prima \u00danica<\/a><\/li> <li><a href=\"https:\/\/idecesos.com\/seguros\/companias\/la-paz\/repatriacion\/\">La Paz Repatriaci\u00f3n<\/a><\/li> <li><a href=\"https:\/\/idecesos.com\/seguros\/companias\/la-paz\/telefono\/\">Tel\u00e9fono Gratuito La Paz<\/a><\/li><\/ul><\/div> <\/div><\/p>","protected":false},"excerpt":{"rendered":"<p>Dar de baja un seguro de decesos puede parecer algo complejo, mas no se preocupe, ahora, le mostraremos los pasos que debe proseguir. iDecesos ha trabajado para explicarte paso por paso de qu\u00e9 manera darse de baja en el seguro de decesos que tiene contratado. Tendr\u00e1 su inconveniente solucionado en unos minutos y, es recomendable&hellip; <\/p>\n","protected":false},"author":1,"featured_media":0,"parent":9475,"menu_order":0,"comment_status":"closed","ping_status":"closed","template":"single.php","meta":{"footnotes":""},"class_list":["post-18249","page","type-page","status-publish","hentry"],"yoast_head":"<!-- This site is optimized with the Yoast SEO plugin v27.3 - https:\/\/yoast.com\/product\/yoast-seo-wordpress\/ -->\n<title>\u00bfC\u00f3mo dar de Baja o Cancelar Seguro de Decesos La Paz?<\/title>\n<meta name=\"description\" content=\"Obt\u00e9n aqu\u00ed\u3010c\u00f3mo dar de baja o cancelar seguro de decesos La Paz\u3011Modelo carta, fax, correo electr\u00f3nico (email), tel\u00e9fono gratis.\" \/>\n<meta name=\"robots\" content=\"index, follow, max-snippet:-1, max-image-preview:large, max-video-preview:-1\" \/>\n<link rel=\"canonical\" href=\"https:\/\/idecesos.com\/seguros\/companias\/la-paz\/dar-de-baja\/\" \/>\n<meta property=\"og:locale\" content=\"es_ES\" \/>\n<meta property=\"og:type\" content=\"article\" \/>\n<meta property=\"og:title\" content=\"\u00bfC\u00f3mo dar de Baja o Cancelar Seguro de Decesos La Paz?\" \/>\n<meta property=\"og:description\" content=\"Obt\u00e9n aqu\u00ed\u3010c\u00f3mo dar de baja o cancelar seguro de decesos La Paz\u3011Modelo carta, fax, correo electr\u00f3nico (email), tel\u00e9fono gratis.\" \/>\n<meta property=\"og:url\" content=\"https:\/\/idecesos.com\/seguros\/companias\/la-paz\/dar-de-baja\/\" \/>\n<meta property=\"article:modified_time\" content=\"2022-01-31T17:06:41+00:00\" \/>\n<meta name=\"twitter:card\" content=\"summary_large_image\" \/>\n<meta name=\"twitter:label1\" content=\"Tiempo de lectura\" \/>\n\t<meta name=\"twitter:data1\" content=\"15 minutos\" \/>\n<script type=\"application\/ld+json\" class=\"yoast-schema-graph\">{\"@context\":\"https:\\\/\\\/schema.org\",\"@graph\":[{\"@type\":\"WebPage\",\"@id\":\"https:\\\/\\\/idecesos.com\\\/seguros\\\/companias\\\/la-paz\\\/dar-de-baja\\\/\",\"url\":\"https:\\\/\\\/idecesos.com\\\/seguros\\\/companias\\\/la-paz\\\/dar-de-baja\\\/\",\"name\":\"\u00bfC\u00f3mo dar de Baja o Cancelar Seguro de Decesos La Paz?\",\"isPartOf\":{\"@id\":\"https:\\\/\\\/idecesos.com\\\/seguros\\\/#website\"},\"datePublished\":\"2021-12-29T11:53:30+00:00\",\"dateModified\":\"2022-01-31T17:06:41+00:00\",\"description\":\"Obt\u00e9n aqu\u00ed\u3010c\u00f3mo dar de baja o cancelar seguro de decesos La Paz\u3011Modelo carta, fax, correo electr\u00f3nico (email), tel\u00e9fono gratis.\",\"breadcrumb\":{\"@id\":\"https:\\\/\\\/idecesos.com\\\/seguros\\\/companias\\\/la-paz\\\/dar-de-baja\\\/#breadcrumb\"},\"inLanguage\":\"es\",\"potentialAction\":[{\"@type\":\"ReadAction\",\"target\":[\"https:\\\/\\\/idecesos.com\\\/seguros\\\/companias\\\/la-paz\\\/dar-de-baja\\\/\"]}]},{\"@type\":\"BreadcrumbList\",\"@id\":\"https:\\\/\\\/idecesos.com\\\/seguros\\\/companias\\\/la-paz\\\/dar-de-baja\\\/#breadcrumb\",\"itemListElement\":[{\"@type\":\"ListItem\",\"position\":1,\"name\":\"Portada\",\"item\":\"https:\\\/\\\/idecesos.com\\\/seguros\\\/\"},{\"@type\":\"ListItem\",\"position\":2,\"name\":\"Compa\u00f1\u00edas de Seguros de Decesos en Espa\u00f1a\",\"item\":\"https:\\\/\\\/idecesos.com\\\/seguros\\\/companias\\\/\"},{\"@type\":\"ListItem\",\"position\":3,\"name\":\"Seguros de decesos La Paz\",\"item\":\"https:\\\/\\\/idecesos.com\\\/seguros\\\/companias\\\/la-paz\\\/\"},{\"@type\":\"ListItem\",\"position\":4,\"name\":\"\u00bfC\u00f3mo dar de baja seguro La Paz?\"}]},{\"@type\":\"WebSite\",\"@id\":\"https:\\\/\\\/idecesos.com\\\/seguros\\\/#website\",\"url\":\"https:\\\/\\\/idecesos.com\\\/seguros\\\/\",\"name\":\"\",\"description\":\"\",\"potentialAction\":[{\"@type\":\"SearchAction\",\"target\":{\"@type\":\"EntryPoint\",\"urlTemplate\":\"https:\\\/\\\/idecesos.com\\\/seguros\\\/?s={search_term_string}\"},\"query-input\":{\"@type\":\"PropertyValueSpecification\",\"valueRequired\":true,\"valueName\":\"search_term_string\"}}],\"inLanguage\":\"es\"}]}<\/script>\n<!-- \/ Yoast SEO plugin. -->","yoast_head_json":{"title":"\u00bfC\u00f3mo dar de Baja o Cancelar Seguro de Decesos La Paz?","description":"Obt\u00e9n aqu\u00ed\u3010c\u00f3mo dar de baja o cancelar seguro de decesos La Paz\u3011Modelo carta, fax, correo electr\u00f3nico (email), tel\u00e9fono gratis.","robots":{"index":"index","follow":"follow","max-snippet":"max-snippet:-1","max-image-preview":"max-image-preview:large","max-video-preview":"max-video-preview:-1"},"canonical":"https:\/\/idecesos.com\/seguros\/companias\/la-paz\/dar-de-baja\/","og_locale":"es_ES","og_type":"article","og_title":"\u00bfC\u00f3mo dar de Baja o Cancelar Seguro de Decesos La Paz?","og_description":"Obt\u00e9n aqu\u00ed\u3010c\u00f3mo dar de baja o cancelar seguro de decesos La Paz\u3011Modelo carta, fax, correo electr\u00f3nico (email), tel\u00e9fono gratis.","og_url":"https:\/\/idecesos.com\/seguros\/companias\/la-paz\/dar-de-baja\/","article_modified_time":"2022-01-31T17:06:41+00:00","twitter_card":"summary_large_image","twitter_misc":{"Tiempo de lectura":"15 minutos"},"schema":{"@context":"https:\/\/schema.org","@graph":[{"@type":"WebPage","@id":"https:\/\/idecesos.com\/seguros\/companias\/la-paz\/dar-de-baja\/","url":"https:\/\/idecesos.com\/seguros\/companias\/la-paz\/dar-de-baja\/","name":"\u00bfC\u00f3mo dar de Baja o Cancelar Seguro de Decesos La Paz?","isPartOf":{"@id":"https:\/\/idecesos.com\/seguros\/#website"},"datePublished":"2021-12-29T11:53:30+00:00","dateModified":"2022-01-31T17:06:41+00:00","description":"Obt\u00e9n aqu\u00ed\u3010c\u00f3mo dar de baja o cancelar seguro de decesos La Paz\u3011Modelo carta, fax, correo electr\u00f3nico (email), tel\u00e9fono gratis.","breadcrumb":{"@id":"https:\/\/idecesos.com\/seguros\/companias\/la-paz\/dar-de-baja\/#breadcrumb"},"inLanguage":"es","potentialAction":[{"@type":"ReadAction","target":["https:\/\/idecesos.com\/seguros\/companias\/la-paz\/dar-de-baja\/"]}]},{"@type":"BreadcrumbList","@id":"https:\/\/idecesos.com\/seguros\/companias\/la-paz\/dar-de-baja\/#breadcrumb","itemListElement":[{"@type":"ListItem","position":1,"name":"Portada","item":"https:\/\/idecesos.com\/seguros\/"},{"@type":"ListItem","position":2,"name":"Compa\u00f1\u00edas de Seguros de Decesos en Espa\u00f1a","item":"https:\/\/idecesos.com\/seguros\/companias\/"},{"@type":"ListItem","position":3,"name":"Seguros de decesos La Paz","item":"https:\/\/idecesos.com\/seguros\/companias\/la-paz\/"},{"@type":"ListItem","position":4,"name":"\u00bfC\u00f3mo dar de baja seguro La Paz?"}]},{"@type":"WebSite","@id":"https:\/\/idecesos.com\/seguros\/#website","url":"https:\/\/idecesos.com\/seguros\/","name":"","description":"","potentialAction":[{"@type":"SearchAction","target":{"@type":"EntryPoint","urlTemplate":"https:\/\/idecesos.com\/seguros\/?s={search_term_string}"},"query-input":{"@type":"PropertyValueSpecification","valueRequired":true,"valueName":"search_term_string"}}],"inLanguage":"es"}]}},"_links":{"self":[{"href":"https:\/\/idecesos.com\/seguros\/wp-json\/wp\/v2\/pages\/18249","targetHints":{"allow":["GET"]}}],"collection":[{"href":"https:\/\/idecesos.com\/seguros\/wp-json\/wp\/v2\/pages"}],"about":[{"href":"https:\/\/idecesos.com\/seguros\/wp-json\/wp\/v2\/types\/page"}],"author":[{"embeddable":true,"href":"https:\/\/idecesos.com\/seguros\/wp-json\/wp\/v2\/users\/1"}],"replies":[{"embeddable":true,"href":"https:\/\/idecesos.com\/seguros\/wp-json\/wp\/v2\/comments?post=18249"}],"version-history":[{"count":1,"href":"https:\/\/idecesos.com\/seguros\/wp-json\/wp\/v2\/pages\/18249\/revisions"}],"predecessor-version":[{"id":19159,"href":"https:\/\/idecesos.com\/seguros\/wp-json\/wp\/v2\/pages\/18249\/revisions\/19159"}],"up":[{"embeddable":true,"href":"https:\/\/idecesos.com\/seguros\/wp-json\/wp\/v2\/pages\/9475"}],"wp:attachment":[{"href":"https:\/\/idecesos.com\/seguros\/wp-json\/wp\/v2\/media?parent=18249"}],"curies":[{"name":"wp","href":"https:\/\/api.w.org\/{rel}","templated":true}]}}