{"id":18250,"date":"2021-12-29T11:53:31","date_gmt":"2021-12-29T11:53:31","guid":{"rendered":"https:\/\/idecesos.com\/seguros\/companias\/mgs\/dar-de-baja\/"},"modified":"2022-01-31T17:08:08","modified_gmt":"2022-01-31T17:08:08","slug":"dar-de-baja","status":"publish","type":"page","link":"https:\/\/idecesos.com\/seguros\/companias\/mgs\/dar-de-baja\/","title":{"rendered":"\u00bfC\u00f3mo dar de baja seguro MGS?"},"content":{"rendered":"<div id=\"ez-toc-container\" class=\"ez-toc-v2_0_82_2 ez-toc-wrap-center counter-hierarchy ez-toc-counter ez-toc-custom ez-toc-container-direction\">\n<div class=\"ez-toc-title-container\">\n<p class=\"ez-toc-title\" style=\"cursor:inherit\">Tabla de Contenido<\/p>\n<span class=\"ez-toc-title-toggle\"><a href=\"#\" class=\"ez-toc-pull-right ez-toc-btn ez-toc-btn-xs ez-toc-btn-default ez-toc-toggle\" aria-label=\"Alternar tabla de contenidos\"><span class=\"ez-toc-js-icon-con\"><span class=\"\"><span class=\"eztoc-hide\" style=\"display:none;\">Toggle<\/span><span class=\"ez-toc-icon-toggle-span\"><svg style=\"fill: #db6415;color:#db6415\" xmlns=\"http:\/\/www.w3.org\/2000\/svg\" class=\"list-377408\" width=\"20px\" height=\"20px\" viewBox=\"0 0 24 24\" fill=\"none\"><path d=\"M6 6H4v2h2V6zm14 0H8v2h12V6zM4 11h2v2H4v-2zm16 0H8v2h12v-2zM4 16h2v2H4v-2zm16 0H8v2h12v-2z\" fill=\"currentColor\"><\/path><\/svg><svg style=\"fill: #db6415;color:#db6415\" class=\"arrow-unsorted-368013\" xmlns=\"http:\/\/www.w3.org\/2000\/svg\" width=\"10px\" height=\"10px\" viewBox=\"0 0 24 24\" version=\"1.2\" baseProfile=\"tiny\"><path d=\"M18.2 9.3l-6.2-6.3-6.2 6.3c-.2.2-.3.4-.3.7s.1.5.3.7c.2.2.4.3.7.3h11c.3 0 .5-.1.7-.3.2-.2.3-.5.3-.7s-.1-.5-.3-.7zM5.8 14.7l6.2 6.3 6.2-6.3c.2-.2.3-.5.3-.7s-.1-.5-.3-.7c-.2-.2-.4-.3-.7-.3h-11c-.3 0-.5.1-.7.3-.2.2-.3.5-.3.7s.1.5.3.7z\"\/><\/svg><\/span><\/span><\/span><\/a><\/span><\/div>\n<nav><ul class='ez-toc-list ez-toc-list-level-1 ' ><li class='ez-toc-page-1 ez-toc-heading-level-2'><a class=\"ez-toc-link ez-toc-heading-1\" href=\"https:\/\/idecesos.com\/seguros\/companias\/mgs\/dar-de-baja\/#Diferentes_opciones_para_cancelar_un_contrato_con_MGS\" >Diferentes opciones para cancelar un contrato con MGS<\/a><ul class='ez-toc-list-level-3' ><li class='ez-toc-heading-level-3'><a class=\"ez-toc-link ez-toc-heading-2\" href=\"https:\/\/idecesos.com\/seguros\/companias\/mgs\/dar-de-baja\/#A_traves_de_la_web_de_MGS\" >A trav\u00e9s de la web de MGS<\/a><\/li><li class='ez-toc-page-1 ez-toc-heading-level-3'><a class=\"ez-toc-link ez-toc-heading-3\" href=\"https:\/\/idecesos.com\/seguros\/companias\/mgs\/dar-de-baja\/#Utilizando_el_correo_electronico_de_MGS\" >Utilizando el correo electr\u00f3nico de MGS<\/a><\/li><li class='ez-toc-page-1 ez-toc-heading-level-3'><a class=\"ez-toc-link ez-toc-heading-4\" href=\"https:\/\/idecesos.com\/seguros\/companias\/mgs\/dar-de-baja\/#Dar_de_baja_MGS_por_fax\" >Dar de baja MGS por fax<\/a><\/li><li class='ez-toc-page-1 ez-toc-heading-level-3'><a class=\"ez-toc-link ez-toc-heading-5\" href=\"https:\/\/idecesos.com\/seguros\/companias\/mgs\/dar-de-baja\/#En_la_oficina_de_MGS\" >En la oficina de MGS<\/a><\/li><li class='ez-toc-page-1 ez-toc-heading-level-3'><a class=\"ez-toc-link ez-toc-heading-6\" href=\"https:\/\/idecesos.com\/seguros\/companias\/mgs\/dar-de-baja\/#Telefono_para_dar_de_baja_MGS\" >T\u00e9lefono para dar de baja MGS<\/a><\/li><\/ul><\/li><li class='ez-toc-page-1 ez-toc-heading-level-2'><a class=\"ez-toc-link ez-toc-heading-7\" href=\"https:\/\/idecesos.com\/seguros\/companias\/mgs\/dar-de-baja\/#Dar_de_baja_seguro_MGS_de_un_fallecido\" >Dar de baja seguro MGS de un fallecido<\/a><ul class='ez-toc-list-level-3' ><li class='ez-toc-heading-level-3'><a class=\"ez-toc-link ez-toc-heading-8\" href=\"https:\/\/idecesos.com\/seguros\/companias\/mgs\/dar-de-baja\/#Paginas_relacionadas\" >P\u00e1ginas relacionadas<\/a><\/li><\/ul><\/li><\/ul><\/nav><\/div>\n<p> Dar de baja un seguro de decesos puede parecer algo complejo, mas no se preocupe, ahora, le mostraremos los pasos que debe seguir. iDecesos se encarga de explicarte de qu\u00e9 forma dar de baja el seguro de decesos que tengas contratado. En poqu\u00edsimo tiempo va a estar solucionado su inconveniente y, es conveniente que, contrate un seguro de decesos con el que est\u00e9 satisfecho\/a para su calma y la de su familia. Es de vital relevancia, para dar de baja correctamente su seguro y que no ocurra ning\u00fan inconveniente al llevar a cabo la acci\u00f3n, que avise a la compa\u00f1\u00eda treinta d\u00edas ya antes de su renovaci\u00f3n. <div class=\"colorf \"  ><div class=\"container clearfix\"><div class=\"col-md-7\"><\/p>\r\n<h2><span class=\"ez-toc-section\" id=\"Diferentes_opciones_para_cancelar_un_contrato_con_MGS\"><\/span>Diferentes opciones para cancelar un contrato con MGS<span class=\"ez-toc-section-end\"><\/span><\/h2>\r\n<!-- \/wp:post-content -->\r\n\r\n<!-- wp:paragraph -->\r\n<p>Es esencial que los clientes notifiquen a la empresa aseguradora el deseo de darse de baja del seguro de decesos. En nuestro 951 127 403 o bien en nuestro info@idecesos. com te daremos toda la informaci\u00f3n necesaria para conseguir ese documento. La compa\u00f1\u00eda de seguros no puede rechazarte el env\u00edo de una carta certificada donde se incluya el modelo de cancelaci\u00f3n del contrato del seguro de decesos. Debes guardar el resguardo y hacerle una copia para una mayor seguridad. Si no te persuade este procedimiento, puedes utilizar otras formas para dar de baja tu seguro de decesos en la MGS. <\/div><\/div><\/div><\/p>\r\n<h3><span class=\"ez-toc-section\" id=\"A_traves_de_la_web_de_MGS\"><\/span>A trav\u00e9s de la web de MGS<span class=\"ez-toc-section-end\"><\/span><\/h3>\r\n<p>Una de las opciones que tiene libre para dar de baja su seguro de decesos, es accediendo a el sitio web www.mgs.es\/ de MGS y escribiendo en su buscador las dudas que tenga. Entonces, tendr\u00e1 la posibilidad de escoger entre diferentes opciones. Deber\u00e1 elegir la m\u00e1s conveniente a y continuar sus pasos. Es muy simple. Si en cualquier momento tiene dudas o no halla esta opci\u00f3n, va a tener la posibilidad de contactar con MGS mediante su n\u00famero de tel\u00e9fono 918 073 709. Si se da el en caso de que le aparezca, solo tendr\u00e1 que rellenar el formulario o descargar el documento para completar la solicitud. <div class=\"colorf \"  ><div class=\"container clearfix\"><div class=\"col-md-7\"><\/p>\r\n<h3><span class=\"ez-toc-section\" id=\"Utilizando_el_correo_electronico_de_MGS\"><\/span>Utilizando el correo electr\u00f3nico de MGS<span class=\"ez-toc-section-end\"><\/span><\/h3>\r\n<p>Otro procedimiento para darse de baja del seguro de decesos de MGS es por medio de su mail. La direcci\u00f3n de correo de la compa\u00f1\u00eda es la siguiente email MGS. Deber\u00e1 mandarle los documentos siguientes: una copia del DNI y, la notificaci\u00f3n firmada, que la encontrar\u00e1 en la p\u00e1gina web de MGS y, si no es as\u00ed, llame a nuestro n\u00famero de tel\u00e9fono 951 127 403 o m\u00e1ndenos un correo info@idecesos. com. Para poder llevar una adecuada ejecuci\u00f3n del proceso, tendr\u00e1s que guardar una copia sellada y, el justificante del recibo. Para su calma, guarde una imitaci\u00f3n de la notificaci\u00f3n, en la que aparezca la fecha de env\u00edo. <\/div><\/div><\/div><\/p>\r\n<h3><span class=\"ez-toc-section\" id=\"Dar_de_baja_MGS_por_fax\"><\/span>Dar de baja MGS por fax<span class=\"ez-toc-section-end\"><\/span><\/h3>\r\n<p>Fax es otro m\u00e9todo para dar de baja su seguro de decesos. Es muy af\u00edn al explicado previamente, la diferencia es el m\u00e9todo de env\u00edo. A trav\u00e9s de un fax tendr\u00e1 que mandar a MGS una imitaci\u00f3n de su documento de identidad y la notificaci\u00f3n firma de baja que puede localizarla en la p\u00e1gina web de MGS o bien te la podemos facilitar nosotros si nos llamas al 951 127 403. Como en los otros m\u00e9todos, debe tener a buen recaudo el justificante del recibo y una copia sellada. No debe olvidar, guardar al lado de los precedentes documentos, una imitaci\u00f3n de la notificaci\u00f3n y, su fecha de env\u00edo. <div class=\"colorf \"  ><div class=\"container clearfix\"><div class=\"col-md-7\"><\/p>\r\n<h3><span class=\"ez-toc-section\" id=\"En_la_oficina_de_MGS\"><\/span>En la oficina de MGS<span class=\"ez-toc-section-end\"><\/span><\/h3>\r\n<p>Asimismo puedes optar por otras formas para dar de baja tu seguro que no son de forma on line. La manera m\u00e1s veloz para dar de baja tu seguro es acudiendo a tu oficina. Usa un buscador de internet para conseguir la informaci\u00f3n de la oficina m\u00e1s cercana a tu domicilio. No olvides ir a tu oficina en los horarios indicados y si resulta necesario, pide cita. Con solo seguir los pasos detallados, vas a poder completar tu petici\u00f3n de baja del seguro. <\/div><\/div><\/div><\/p>\r\n<h3><span class=\"ez-toc-section\" id=\"Telefono_para_dar_de_baja_MGS\"><\/span>T\u00e9lefono para dar de baja MGS<span class=\"ez-toc-section-end\"><\/span><\/h3>\r\n<p>Asimismo va a poder darse de baja a trav\u00e9s de una llamada telef\u00f3nica. Puede ponerse en contacto con MGS llamando, de forma directa, al siguiente n\u00famero de tel\u00e9fono 918 073 709. Indique al asistente para qu\u00e9 ha llamado y prosiga los pasos que este le vaya se\u00f1alando. Siguiendo los pasos indicados, lo tendr\u00e1 todo solucionado velozmente y, el especialista, se ocupar\u00e1 de dar fin a su seguro de decesos. Si quiere contratar un seguro nuevo, iDecesos comparar\u00e1 todas las opciones y, le ayudar\u00e1 a encontrar el que se adapte mejor a sus necesidades. <div class=\"colorf \"  ><div class=\"container clearfix\"><div class=\"col-md-7\"><\/p>\r\n<h2><span class=\"ez-toc-section\" id=\"Dar_de_baja_seguro_MGS_de_un_fallecido\"><\/span>Dar de baja seguro MGS de un fallecido<span class=\"ez-toc-section-end\"><\/span><\/h2>\r\n<p>Por \u00faltimo, le se\u00f1alamos de qu\u00e9 manera dar de baja el seguro en el caso de fallecimiento del cliente. Debido a la ausencia de la persona que ha contratado el seguro, puede parecer bastante dif\u00edcil su baja mas, con nosotros, va a ser mucho m\u00e1s simple de lo que semeja. No tiene que preocuparse por nada ni hacer ninguno de los tr\u00e1mites que le hemos explicado anteriormente. En el instante que muera el asegurado\/a, MGS anular\u00e1 de manera inmediata su seguro. Para la calma de sus familiares, cuando ocurra el fallecimiento del ser querido, la compa\u00f1\u00eda se har\u00e1 cargo de todos los tr\u00e1mites necesarios. <\/div><\/div><\/div> <div class=\"oficinas\"> <h3><span class=\"ez-toc-section\" id=\"Paginas_relacionadas\"><\/span>P\u00e1ginas relacionadas<span class=\"ez-toc-section-end\"><\/span><\/h3><div class=\"enlazado\"><ul> <li><a href=\"https:\/\/idecesos.com\/seguros\/companias\/mgs\/opiniones\/\">Opiniones MGS<\/a><\/li> <li><a href=\"https:\/\/idecesos.com\/seguros\/companias\/mgs\/precio\/\">Precio seguro MGS<\/a><\/li> <li><a href=\"https:\/\/idecesos.com\/seguros\/companias\/mgs\/prima-mixta\/\">MGS Prima Mixta<\/a><\/li> <li><a href=\"https:\/\/idecesos.com\/seguros\/companias\/mgs\/prima-natural\/\">MGS Prima Natural<\/a><\/li> <li><a href=\"https:\/\/idecesos.com\/seguros\/companias\/mgs\/prima-nivelada\/\">MGS Prima Nivelada<\/a><\/li> <li><a href=\"https:\/\/idecesos.com\/seguros\/companias\/mgs\/prima-unica\/\">MGS Prima \u00danica<\/a><\/li> <li><a href=\"https:\/\/idecesos.com\/seguros\/companias\/mgs\/repatriacion\/\">MGS Repatriaci\u00f3n<\/a><\/li> <li><a href=\"https:\/\/idecesos.com\/seguros\/companias\/mgs\/telefono\/\">Tel\u00e9fono Gratuito MGS<\/a><\/li><\/ul><\/div> <\/div><\/p>","protected":false},"excerpt":{"rendered":"<p>Dar de baja un seguro de decesos puede parecer algo complejo, mas no se preocupe, ahora, le mostraremos los pasos que debe seguir. iDecesos se encarga de explicarte de qu\u00e9 forma dar de baja el seguro de decesos que tengas contratado. En poqu\u00edsimo tiempo va a estar solucionado su inconveniente y, es conveniente que, contrate&hellip; <\/p>\n","protected":false},"author":1,"featured_media":0,"parent":9480,"menu_order":0,"comment_status":"closed","ping_status":"closed","template":"single.php","meta":{"footnotes":""},"class_list":["post-18250","page","type-page","status-publish","hentry"],"yoast_head":"<!-- This site is optimized with the Yoast SEO plugin v27.5 - https:\/\/yoast.com\/product\/yoast-seo-wordpress\/ -->\n<title>\u00bfC\u00f3mo dar de Baja o Cancelar Seguro de Decesos MGS?<\/title>\n<meta name=\"description\" content=\"Obt\u00e9n aqu\u00ed\u3010c\u00f3mo dar de baja o cancelar seguro de decesos MGS\u3011Modelo carta, fax, correo electr\u00f3nico (email), tel\u00e9fono gratis.\" \/>\n<meta name=\"robots\" content=\"index, follow, max-snippet:-1, max-image-preview:large, max-video-preview:-1\" \/>\n<link rel=\"canonical\" href=\"https:\/\/idecesos.com\/seguros\/companias\/mgs\/dar-de-baja\/\" \/>\n<meta property=\"og:locale\" content=\"es_ES\" \/>\n<meta property=\"og:type\" content=\"article\" \/>\n<meta property=\"og:title\" content=\"\u00bfC\u00f3mo dar de Baja o Cancelar Seguro de Decesos MGS?\" \/>\n<meta property=\"og:description\" content=\"Obt\u00e9n aqu\u00ed\u3010c\u00f3mo dar de baja o cancelar seguro de decesos MGS\u3011Modelo carta, fax, correo electr\u00f3nico (email), tel\u00e9fono gratis.\" \/>\n<meta property=\"og:url\" content=\"https:\/\/idecesos.com\/seguros\/companias\/mgs\/dar-de-baja\/\" \/>\n<meta property=\"article:modified_time\" content=\"2022-01-31T17:08:08+00:00\" \/>\n<meta name=\"twitter:card\" content=\"summary_large_image\" \/>\n<meta name=\"twitter:label1\" content=\"Tiempo de lectura\" \/>\n\t<meta name=\"twitter:data1\" content=\"5 minutos\" \/>\n<script type=\"application\/ld+json\" class=\"yoast-schema-graph\">{\"@context\":\"https:\\\/\\\/schema.org\",\"@graph\":[{\"@type\":\"WebPage\",\"@id\":\"https:\\\/\\\/idecesos.com\\\/seguros\\\/companias\\\/mgs\\\/dar-de-baja\\\/\",\"url\":\"https:\\\/\\\/idecesos.com\\\/seguros\\\/companias\\\/mgs\\\/dar-de-baja\\\/\",\"name\":\"\u00bfC\u00f3mo dar de Baja o Cancelar Seguro de Decesos MGS?\",\"isPartOf\":{\"@id\":\"https:\\\/\\\/idecesos.com\\\/seguros\\\/#website\"},\"datePublished\":\"2021-12-29T11:53:31+00:00\",\"dateModified\":\"2022-01-31T17:08:08+00:00\",\"description\":\"Obt\u00e9n aqu\u00ed\u3010c\u00f3mo dar de baja o cancelar seguro de decesos MGS\u3011Modelo carta, fax, correo electr\u00f3nico (email), tel\u00e9fono gratis.\",\"breadcrumb\":{\"@id\":\"https:\\\/\\\/idecesos.com\\\/seguros\\\/companias\\\/mgs\\\/dar-de-baja\\\/#breadcrumb\"},\"inLanguage\":\"es\",\"potentialAction\":[{\"@type\":\"ReadAction\",\"target\":[\"https:\\\/\\\/idecesos.com\\\/seguros\\\/companias\\\/mgs\\\/dar-de-baja\\\/\"]}]},{\"@type\":\"BreadcrumbList\",\"@id\":\"https:\\\/\\\/idecesos.com\\\/seguros\\\/companias\\\/mgs\\\/dar-de-baja\\\/#breadcrumb\",\"itemListElement\":[{\"@type\":\"ListItem\",\"position\":1,\"name\":\"Portada\",\"item\":\"https:\\\/\\\/idecesos.com\\\/seguros\\\/\"},{\"@type\":\"ListItem\",\"position\":2,\"name\":\"Compa\u00f1\u00edas de Seguros de Decesos en Espa\u00f1a\",\"item\":\"https:\\\/\\\/idecesos.com\\\/seguros\\\/companias\\\/\"},{\"@type\":\"ListItem\",\"position\":3,\"name\":\"Seguros de decesos MGS\",\"item\":\"https:\\\/\\\/idecesos.com\\\/seguros\\\/companias\\\/mgs\\\/\"},{\"@type\":\"ListItem\",\"position\":4,\"name\":\"\u00bfC\u00f3mo dar de baja seguro MGS?\"}]},{\"@type\":\"WebSite\",\"@id\":\"https:\\\/\\\/idecesos.com\\\/seguros\\\/#website\",\"url\":\"https:\\\/\\\/idecesos.com\\\/seguros\\\/\",\"name\":\"\",\"description\":\"\",\"potentialAction\":[{\"@type\":\"SearchAction\",\"target\":{\"@type\":\"EntryPoint\",\"urlTemplate\":\"https:\\\/\\\/idecesos.com\\\/seguros\\\/?s={search_term_string}\"},\"query-input\":{\"@type\":\"PropertyValueSpecification\",\"valueRequired\":true,\"valueName\":\"search_term_string\"}}],\"inLanguage\":\"es\"}]}<\/script>\n<!-- \/ Yoast SEO plugin. -->","yoast_head_json":{"title":"\u00bfC\u00f3mo dar de Baja o Cancelar Seguro de Decesos MGS?","description":"Obt\u00e9n aqu\u00ed\u3010c\u00f3mo dar de baja o cancelar seguro de decesos MGS\u3011Modelo carta, fax, correo electr\u00f3nico (email), tel\u00e9fono gratis.","robots":{"index":"index","follow":"follow","max-snippet":"max-snippet:-1","max-image-preview":"max-image-preview:large","max-video-preview":"max-video-preview:-1"},"canonical":"https:\/\/idecesos.com\/seguros\/companias\/mgs\/dar-de-baja\/","og_locale":"es_ES","og_type":"article","og_title":"\u00bfC\u00f3mo dar de Baja o Cancelar Seguro de Decesos MGS?","og_description":"Obt\u00e9n aqu\u00ed\u3010c\u00f3mo dar de baja o cancelar seguro de decesos MGS\u3011Modelo carta, fax, correo electr\u00f3nico (email), tel\u00e9fono gratis.","og_url":"https:\/\/idecesos.com\/seguros\/companias\/mgs\/dar-de-baja\/","article_modified_time":"2022-01-31T17:08:08+00:00","twitter_card":"summary_large_image","twitter_misc":{"Tiempo de lectura":"5 minutos"},"schema":{"@context":"https:\/\/schema.org","@graph":[{"@type":"WebPage","@id":"https:\/\/idecesos.com\/seguros\/companias\/mgs\/dar-de-baja\/","url":"https:\/\/idecesos.com\/seguros\/companias\/mgs\/dar-de-baja\/","name":"\u00bfC\u00f3mo dar de Baja o Cancelar Seguro de Decesos MGS?","isPartOf":{"@id":"https:\/\/idecesos.com\/seguros\/#website"},"datePublished":"2021-12-29T11:53:31+00:00","dateModified":"2022-01-31T17:08:08+00:00","description":"Obt\u00e9n aqu\u00ed\u3010c\u00f3mo dar de baja o cancelar seguro de decesos MGS\u3011Modelo carta, fax, correo electr\u00f3nico (email), tel\u00e9fono gratis.","breadcrumb":{"@id":"https:\/\/idecesos.com\/seguros\/companias\/mgs\/dar-de-baja\/#breadcrumb"},"inLanguage":"es","potentialAction":[{"@type":"ReadAction","target":["https:\/\/idecesos.com\/seguros\/companias\/mgs\/dar-de-baja\/"]}]},{"@type":"BreadcrumbList","@id":"https:\/\/idecesos.com\/seguros\/companias\/mgs\/dar-de-baja\/#breadcrumb","itemListElement":[{"@type":"ListItem","position":1,"name":"Portada","item":"https:\/\/idecesos.com\/seguros\/"},{"@type":"ListItem","position":2,"name":"Compa\u00f1\u00edas de Seguros de Decesos en Espa\u00f1a","item":"https:\/\/idecesos.com\/seguros\/companias\/"},{"@type":"ListItem","position":3,"name":"Seguros de decesos MGS","item":"https:\/\/idecesos.com\/seguros\/companias\/mgs\/"},{"@type":"ListItem","position":4,"name":"\u00bfC\u00f3mo dar de baja seguro MGS?"}]},{"@type":"WebSite","@id":"https:\/\/idecesos.com\/seguros\/#website","url":"https:\/\/idecesos.com\/seguros\/","name":"","description":"","potentialAction":[{"@type":"SearchAction","target":{"@type":"EntryPoint","urlTemplate":"https:\/\/idecesos.com\/seguros\/?s={search_term_string}"},"query-input":{"@type":"PropertyValueSpecification","valueRequired":true,"valueName":"search_term_string"}}],"inLanguage":"es"}]}},"_links":{"self":[{"href":"https:\/\/idecesos.com\/seguros\/wp-json\/wp\/v2\/pages\/18250","targetHints":{"allow":["GET"]}}],"collection":[{"href":"https:\/\/idecesos.com\/seguros\/wp-json\/wp\/v2\/pages"}],"about":[{"href":"https:\/\/idecesos.com\/seguros\/wp-json\/wp\/v2\/types\/page"}],"author":[{"embeddable":true,"href":"https:\/\/idecesos.com\/seguros\/wp-json\/wp\/v2\/users\/1"}],"replies":[{"embeddable":true,"href":"https:\/\/idecesos.com\/seguros\/wp-json\/wp\/v2\/comments?post=18250"}],"version-history":[{"count":2,"href":"https:\/\/idecesos.com\/seguros\/wp-json\/wp\/v2\/pages\/18250\/revisions"}],"predecessor-version":[{"id":19161,"href":"https:\/\/idecesos.com\/seguros\/wp-json\/wp\/v2\/pages\/18250\/revisions\/19161"}],"up":[{"embeddable":true,"href":"https:\/\/idecesos.com\/seguros\/wp-json\/wp\/v2\/pages\/9480"}],"wp:attachment":[{"href":"https:\/\/idecesos.com\/seguros\/wp-json\/wp\/v2\/media?parent=18250"}],"curies":[{"name":"wp","href":"https:\/\/api.w.org\/{rel}","templated":true}]}}