{"id":18253,"date":"2021-12-29T11:53:32","date_gmt":"2021-12-29T11:53:32","guid":{"rendered":"https:\/\/idecesos.com\/seguros\/dar-de-baja\/"},"modified":"2022-01-31T17:11:43","modified_gmt":"2022-01-31T17:11:43","slug":"dar-de-baja","status":"publish","type":"page","link":"https:\/\/idecesos.com\/seguros\/companias\/mutua-terrassa\/dar-de-baja\/","title":{"rendered":"\u00bfC\u00f3mo dar de baja seguro Mutua Terrassa?"},"content":{"rendered":"<div id=\"ez-toc-container\" class=\"ez-toc-v2_0_82_2 ez-toc-wrap-center counter-hierarchy ez-toc-counter ez-toc-custom ez-toc-container-direction\">\n<div class=\"ez-toc-title-container\">\n<p class=\"ez-toc-title\" style=\"cursor:inherit\">Tabla de Contenido<\/p>\n<span class=\"ez-toc-title-toggle\"><a href=\"#\" class=\"ez-toc-pull-right ez-toc-btn ez-toc-btn-xs ez-toc-btn-default ez-toc-toggle\" aria-label=\"Alternar tabla de contenidos\"><span class=\"ez-toc-js-icon-con\"><span class=\"\"><span class=\"eztoc-hide\" style=\"display:none;\">Toggle<\/span><span class=\"ez-toc-icon-toggle-span\"><svg style=\"fill: #db6415;color:#db6415\" xmlns=\"http:\/\/www.w3.org\/2000\/svg\" class=\"list-377408\" width=\"20px\" height=\"20px\" viewBox=\"0 0 24 24\" fill=\"none\"><path d=\"M6 6H4v2h2V6zm14 0H8v2h12V6zM4 11h2v2H4v-2zm16 0H8v2h12v-2zM4 16h2v2H4v-2zm16 0H8v2h12v-2z\" fill=\"currentColor\"><\/path><\/svg><svg style=\"fill: #db6415;color:#db6415\" class=\"arrow-unsorted-368013\" xmlns=\"http:\/\/www.w3.org\/2000\/svg\" width=\"10px\" height=\"10px\" viewBox=\"0 0 24 24\" version=\"1.2\" baseProfile=\"tiny\"><path d=\"M18.2 9.3l-6.2-6.3-6.2 6.3c-.2.2-.3.4-.3.7s.1.5.3.7c.2.2.4.3.7.3h11c.3 0 .5-.1.7-.3.2-.2.3-.5.3-.7s-.1-.5-.3-.7zM5.8 14.7l6.2 6.3 6.2-6.3c.2-.2.3-.5.3-.7s-.1-.5-.3-.7c-.2-.2-.4-.3-.7-.3h-11c-.3 0-.5.1-.7.3-.2.2-.3.5-.3.7s.1.5.3.7z\"\/><\/svg><\/span><\/span><\/span><\/a><\/span><\/div>\n<nav><ul class='ez-toc-list ez-toc-list-level-1 ' ><li class='ez-toc-page-1 ez-toc-heading-level-2'><a class=\"ez-toc-link ez-toc-heading-1\" href=\"https:\/\/idecesos.com\/seguros\/companias\/mutua-terrassa\/dar-de-baja\/#Diferentes_opciones_para_cancelar_un_contrato_con_Mutua_Terrassa\" >Diferentes opciones para cancelar un contrato con Mutua Terrassa<\/a><ul class='ez-toc-list-level-3' ><li class='ez-toc-heading-level-3'><a class=\"ez-toc-link ez-toc-heading-2\" href=\"https:\/\/idecesos.com\/seguros\/companias\/mutua-terrassa\/dar-de-baja\/#A_traves_de_la_web_de_Mutua_Terrassa\" >A trav\u00e9s de la web de Mutua Terrassa<\/a><\/li><li class='ez-toc-page-1 ez-toc-heading-level-3'><a class=\"ez-toc-link ez-toc-heading-3\" href=\"https:\/\/idecesos.com\/seguros\/companias\/mutua-terrassa\/dar-de-baja\/#Utilizando_el_correo_electronico_de_Mutua_Terrassa\" >Utilizando el correo electr\u00f3nico de Mutua Terrassa<\/a><\/li><li class='ez-toc-page-1 ez-toc-heading-level-3'><a class=\"ez-toc-link ez-toc-heading-4\" href=\"https:\/\/idecesos.com\/seguros\/companias\/mutua-terrassa\/dar-de-baja\/#Dar_de_baja_Mutua_Terrassa_por_fax\" >Dar de baja Mutua Terrassa por fax<\/a><\/li><li class='ez-toc-page-1 ez-toc-heading-level-3'><a class=\"ez-toc-link ez-toc-heading-5\" href=\"https:\/\/idecesos.com\/seguros\/companias\/mutua-terrassa\/dar-de-baja\/#En_la_oficina_de_Mutua_Terrassa\" >En la oficina de Mutua Terrassa<\/a><\/li><li class='ez-toc-page-1 ez-toc-heading-level-3'><a class=\"ez-toc-link ez-toc-heading-6\" href=\"https:\/\/idecesos.com\/seguros\/companias\/mutua-terrassa\/dar-de-baja\/#Telefono_para_dar_de_baja_Mutua_Terrassa\" >T\u00e9lefono para dar de baja Mutua Terrassa<\/a><\/li><\/ul><\/li><li class='ez-toc-page-1 ez-toc-heading-level-2'><a class=\"ez-toc-link ez-toc-heading-7\" href=\"https:\/\/idecesos.com\/seguros\/companias\/mutua-terrassa\/dar-de-baja\/#Dar_de_baja_seguro_Mutua_Terrassa_de_un_fallecido\" >Dar de baja seguro Mutua Terrassa de un fallecido<\/a><ul class='ez-toc-list-level-3' ><li class='ez-toc-heading-level-3'><a class=\"ez-toc-link ez-toc-heading-8\" href=\"https:\/\/idecesos.com\/seguros\/companias\/mutua-terrassa\/dar-de-baja\/#Paginas_relacionadas\" >P\u00e1ginas relacionadas<\/a><\/li><\/ul><\/li><\/ul><\/nav><\/div>\n<p> Es sencill\u00edsimo dar de baja su seguro de decesos y, le diremos c\u00f3mo hacerlo. iDecesos ha trabajado para explicarte paso por paso de qu\u00e9 forma darse de baja en el seguro de decesos que tiene contratado. Es conveniente que, una vez est\u00e9 todo correctamente solucionado, busque otro seguro de decesos, en tanto que es muy importante para que sus seres queridos est\u00e9n sosegados, si cualquier d\u00eda ocurre un imprevisible. Le recordamos que es muy importante que para dar de baja su seguro de decesos debe informar a Mutua Terrassa por lo menos treinta d\u00edas ya antes de la fecha de renovaci\u00f3n de su seguro a fin de que as\u00ed no tenga ning\u00fan inconveniente m\u00e1s adelante al intentar realizarlo. <div class=\"colorf \"  ><div class=\"container clearfix\"><div class=\"col-md-7\"><\/p>\r\n<h2><span class=\"ez-toc-section\" id=\"Diferentes_opciones_para_cancelar_un_contrato_con_Mutua_Terrassa\"><\/span>Diferentes opciones para cancelar un contrato con Mutua Terrassa<span class=\"ez-toc-section-end\"><\/span><\/h2>\r\n<!-- \/wp:post-content -->\r\n\r\n<!-- wp:paragraph -->\r\n<p>Cada compa\u00f1\u00eda funciona de una forma diferente pero, en pr\u00e1cticamente todas , va a deber entregar un documento en el que solicite la baja de su seguro de decesos y, en consecuencia, sus servicios. El documento de Mutua Terrassa va a poder lograrlo poni\u00e9ndose en contacto con nosotros, a trav\u00e9s del correo electr\u00f3nico o bien n\u00famero. Si bien existan distintas maneras de dar de baja su seguro, al mandar una carta certificada, con el modelo est\u00e1ndar, de cancelaci\u00f3n de su contrato con Mutua Terrassa, deber\u00e1 darlo por inmejorable. Guardar el resguardo del documento y hacer una copia, es recomendable. Seguidamente, va a poder conocer m\u00e1s m\u00e9todos que le sirva de ayuda para dar de baja su seguro de decesos contratado con Mutua Terrassa. <\/div><\/div><\/div><\/p>\r\n<h3><span class=\"ez-toc-section\" id=\"A_traves_de_la_web_de_Mutua_Terrassa\"><\/span>A trav\u00e9s de la web de Mutua Terrassa<span class=\"ez-toc-section-end\"><\/span><\/h3>\r\n<p>El acceso a su p\u00e1gina www.mutuaterrassa.com\/ y teclear en su buscador lo que precises saber, es una de las opciones para dar de baja su seguro de decesos. En ese preciso momento, encontrar\u00e1 un abanico de opciones. Escoja la m\u00e1s adecuada a sus necesidades y siga siguiendo los pasos que se le se\u00f1alen. Es muy simple. Si en cualquier instante tiene dudas o bien no halla esta alternativa, va a tener la posibilidad de contactar con Mutua Terrassa a trav\u00e9s de su n\u00famero de tel\u00e9fono 93 736 50 50. Finalmente su solicitud y, caso de que s\u00ed le aparezca esa opci\u00f3n, va a deber rellenar un formulario o bien descargar el documento que se le solicite. <div class=\"colorf \"  ><div class=\"container clearfix\"><div class=\"col-md-7\"><\/p>\r\n<h3><span class=\"ez-toc-section\" id=\"Utilizando_el_correo_electronico_de_Mutua_Terrassa\"><\/span>Utilizando el correo electr\u00f3nico de Mutua Terrassa<span class=\"ez-toc-section-end\"><\/span><\/h3>\r\n<p>Si lo prefieres, puedes pedir la baja del seguro de decesos a trav\u00e9s del e-mail de la compa\u00f1\u00eda. Solo tienes que agregar la direcci\u00f3n de correo siguiente para tener la baja de tu seguro de decesos solucionada. Tendr\u00e1s que mandarle a la compa\u00f1\u00eda la copia de tu DNI y el documento firmado con tus datos personales para proceder a la baja del contrato del seguro de decesos. Si precisas solucionar alguna pregunta, contacta con nosotros en el 951 127 403 o en el info@idecesos. com. A fin de que la baja del seguro de decesos se realice de manera correcta, debes tener la copia sellada y el justificante. Guarde tambi\u00e9n una imitaci\u00f3n de la notificaci\u00f3n con su data de env\u00edo, para quedarse todav\u00eda m\u00e1s sosegados y no puedan ponerle ninguna pega en un futuro, todo por seguridad. <\/div><\/div><\/div><\/p>\r\n<h3><span class=\"ez-toc-section\" id=\"Dar_de_baja_Mutua_Terrassa_por_fax\"><\/span>Dar de baja Mutua Terrassa por fax<span class=\"ez-toc-section-end\"><\/span><\/h3>\r\n<p>Mediante fax, asimismo puede dar de baja a su seguro. Es muy similar al que terminamos de explicar anteriormente, el del correo, lo \u00fanico que cambia es la forma de mandar los datos. En el fax que env\u00ede, va a deber aparecer una copia de su documento de identidad, junto a la notificaci\u00f3n firmada y, si no la tiene, puede buscarla en la web de Mutua Terrassa o bien poni\u00e9ndose en contacto con nosotros a trav\u00e9s de el tel\u00e9fono 951 127 403. Como en m\u00e9todos precedentes, tendr\u00e1 que guardar el justificante de su recibo y, una copia adecuadamente sellada. Adem\u00e1s, por lo que pueda ocurrir en el futuro, guarde una imitaci\u00f3n de la notificaci\u00f3n con la data de env\u00edo. <div class=\"colorf \"  ><div class=\"container clearfix\"><div class=\"col-md-7\"><\/p>\r\n<h3><span class=\"ez-toc-section\" id=\"En_la_oficina_de_Mutua_Terrassa\"><\/span>En la oficina de Mutua Terrassa<span class=\"ez-toc-section-end\"><\/span><\/h3>\r\n<p>Si prefiere llevar el proceso de su baja, manera presencial, podr\u00e1 hacerlo acudiendo a las oficinas de Mutua Terrassa. Buscando las oficinas m\u00e1s pr\u00f3ximas a su vivienda en Internet, le aparecer\u00e1n las opciones y podr\u00e1 acudir en el horario que tengan estipulado. Los profesionales de la compa\u00f1\u00eda, le van a ayudar a fin de que pueda rellenar y firmar los documentos necesarios de manera correcta. El proceso ser\u00e1 tan f\u00e1cil como seguir las indicaciones de los asesores. Tenga presente que debe llevar el documento de identidad, a fin de que se puedan llevar las gestiones eficazmente. Para su tranquilidad, el experto se ocupar\u00e1 de cerrar los tr\u00e1mites de la baja de su seguro y, le van a dar todas y cada una de las copias de los documentos para que las guarde. <\/div><\/div><\/div><\/p>\r\n<h3><span class=\"ez-toc-section\" id=\"Telefono_para_dar_de_baja_Mutua_Terrassa\"><\/span>T\u00e9lefono para dar de baja Mutua Terrassa<span class=\"ez-toc-section-end\"><\/span><\/h3>\r\n<p>Para darse de baja de su seguro de decesos a trav\u00e9s de v\u00eda telef\u00f3nica tendr\u00e1 que seguir los pasos que el agente de Mutua Terrassa le vaya diciendo. Entonces, va a deber buscar en Intenet su n\u00famero de contacto o, llamar de forma directa a 93 736 50 50. Siguiendo los pasos que le se\u00f1alen, en solo un par de minutos todo va a estar solucionado y el agente se va a poner inmediatamente con todos los tr\u00e1mites para terminar con su contrato de baja, por lo que puede estar tranquilo. <div class=\"colorf \"  ><div class=\"container clearfix\"><div class=\"col-md-7\"><\/p>\r\n<h2><span class=\"ez-toc-section\" id=\"Dar_de_baja_seguro_Mutua_Terrassa_de_un_fallecido\"><\/span>Dar de baja seguro Mutua Terrassa de un fallecido<span class=\"ez-toc-section-end\"><\/span><\/h2>\r\n<p>Para finalizar, le vamos a explicar c\u00f3mo dar de baja el seguro de decesos tras el fallecimiento del asegurado. Este, es el procedimiento m\u00e1s simple y sencillo para poder cancelarlo. Para su total calma, los profesionales se encargar\u00e1n de cerrar y administrar los tr\u00e1mites pertinentes. Mutua Terrassa va a ser la encargada de cancelar su seguro de decesos de manera autom\u00e1tica tras su muerte. Al prestar su servicio tras el sepelio del usuario, Mutua Terrassa se encargar\u00e1 de dar de baja a la persona fallecida, por lo que sus familiares no tienen de qu\u00e9 preocuparse, ellos se encargaran de todo y no tendr\u00e1n que hacer nada a este respecto. <\/div><\/div><\/div> <div class=\"oficinas\"> <h3><span class=\"ez-toc-section\" id=\"Paginas_relacionadas\"><\/span>P\u00e1ginas relacionadas<span class=\"ez-toc-section-end\"><\/span><\/h3><div class=\"enlazado\"><ul> <li><a href=\"https:\/\/idecesos.com\/seguros\/companias\/mutua-terrassa\/opiniones\/\">Opiniones Mutua Terrassa<\/a><\/li> <li><a href=\"https:\/\/idecesos.com\/seguros\/companias\/mutua-terrassa\/prima-mixta\/\">Mutua Terrassa Prima Mixta<\/a><\/li> <li><a href=\"https:\/\/idecesos.com\/seguros\/companias\/mutua-terrassa\/prima-natural\/\">Mutua Terrassa Prima Natural<\/a><\/li> <li><a href=\"https:\/\/idecesos.com\/seguros\/companias\/mutua-terrassa\/prima-nivelada\/\">Mutua Terrassa Prima Nivelada<\/a><\/li> <li><a href=\"https:\/\/idecesos.com\/seguros\/companias\/mutua-terrassa\/prima-unica\/\">Mutua Terrassa Prima \u00danica<\/a><\/li> <li><a href=\"https:\/\/idecesos.com\/seguros\/companias\/mutua-terrassa\/repatriacion\/\">Mutua Terrassa Repatriaci\u00f3n<\/a><\/li> <li><a href=\"https:\/\/idecesos.com\/seguros\/companias\/mutua-terrassa\/telefono\/\">Tel\u00e9fono Gratuito Helvetia<\/a><\/li><\/ul><\/div> <\/div><\/p>","protected":false},"excerpt":{"rendered":"<p>Es sencill\u00edsimo dar de baja su seguro de decesos y, le diremos c\u00f3mo hacerlo. iDecesos ha trabajado para explicarte paso por paso de qu\u00e9 forma darse de baja en el seguro de decesos que tiene contratado. Es conveniente que, una vez est\u00e9 todo correctamente solucionado, busque otro seguro de decesos, en tanto que es muy&hellip; <\/p>\n","protected":false},"author":1,"featured_media":0,"parent":10900,"menu_order":0,"comment_status":"closed","ping_status":"closed","template":"single.php","meta":{"footnotes":""},"class_list":["post-18253","page","type-page","status-publish","hentry"],"yoast_head":"<!-- This site is optimized with the Yoast SEO plugin v27.4 - https:\/\/yoast.com\/product\/yoast-seo-wordpress\/ -->\n<title>\u00bfC\u00f3mo dar de Baja o Cancelar Seguro de Decesos Mutua Terrassa?<\/title>\n<meta name=\"description\" content=\"Obt\u00e9n aqu\u00ed\u3010c\u00f3mo dar de baja o cancelar seguro de decesos Mutua Terrassa\u3011Modelo carta, fax, correo electr\u00f3nico (email), tel\u00e9fono gratis.\" \/>\n<meta name=\"robots\" content=\"index, follow, max-snippet:-1, max-image-preview:large, max-video-preview:-1\" \/>\n<link rel=\"canonical\" href=\"https:\/\/idecesos.com\/seguros\/companias\/mutua-terrassa\/dar-de-baja\/\" \/>\n<meta property=\"og:locale\" content=\"es_ES\" \/>\n<meta property=\"og:type\" content=\"article\" \/>\n<meta property=\"og:title\" content=\"\u00bfC\u00f3mo dar de Baja o Cancelar Seguro de Decesos Mutua Terrassa?\" \/>\n<meta property=\"og:description\" content=\"Obt\u00e9n aqu\u00ed\u3010c\u00f3mo dar de baja o cancelar seguro de decesos Mutua Terrassa\u3011Modelo carta, fax, correo electr\u00f3nico (email), tel\u00e9fono gratis.\" \/>\n<meta property=\"og:url\" content=\"https:\/\/idecesos.com\/seguros\/companias\/mutua-terrassa\/dar-de-baja\/\" \/>\n<meta property=\"article:modified_time\" content=\"2022-01-31T17:11:43+00:00\" \/>\n<meta name=\"twitter:card\" content=\"summary_large_image\" \/>\n<meta name=\"twitter:label1\" content=\"Tiempo de lectura\" \/>\n\t<meta name=\"twitter:data1\" content=\"5 minutos\" \/>\n<script type=\"application\/ld+json\" class=\"yoast-schema-graph\">{\"@context\":\"https:\\\/\\\/schema.org\",\"@graph\":[{\"@type\":\"WebPage\",\"@id\":\"https:\\\/\\\/idecesos.com\\\/seguros\\\/companias\\\/mutua-terrassa\\\/dar-de-baja\\\/\",\"url\":\"https:\\\/\\\/idecesos.com\\\/seguros\\\/companias\\\/mutua-terrassa\\\/dar-de-baja\\\/\",\"name\":\"\u00bfC\u00f3mo dar de Baja o Cancelar Seguro de Decesos Mutua Terrassa?\",\"isPartOf\":{\"@id\":\"https:\\\/\\\/idecesos.com\\\/seguros\\\/#website\"},\"datePublished\":\"2021-12-29T11:53:32+00:00\",\"dateModified\":\"2022-01-31T17:11:43+00:00\",\"description\":\"Obt\u00e9n aqu\u00ed\u3010c\u00f3mo dar de baja o cancelar seguro de decesos Mutua Terrassa\u3011Modelo carta, fax, correo electr\u00f3nico (email), tel\u00e9fono gratis.\",\"breadcrumb\":{\"@id\":\"https:\\\/\\\/idecesos.com\\\/seguros\\\/companias\\\/mutua-terrassa\\\/dar-de-baja\\\/#breadcrumb\"},\"inLanguage\":\"es\",\"potentialAction\":[{\"@type\":\"ReadAction\",\"target\":[\"https:\\\/\\\/idecesos.com\\\/seguros\\\/companias\\\/mutua-terrassa\\\/dar-de-baja\\\/\"]}]},{\"@type\":\"BreadcrumbList\",\"@id\":\"https:\\\/\\\/idecesos.com\\\/seguros\\\/companias\\\/mutua-terrassa\\\/dar-de-baja\\\/#breadcrumb\",\"itemListElement\":[{\"@type\":\"ListItem\",\"position\":1,\"name\":\"Portada\",\"item\":\"https:\\\/\\\/idecesos.com\\\/seguros\\\/\"},{\"@type\":\"ListItem\",\"position\":2,\"name\":\"Compa\u00f1\u00edas de Seguros de Decesos en Espa\u00f1a\",\"item\":\"https:\\\/\\\/idecesos.com\\\/seguros\\\/companias\\\/\"},{\"@type\":\"ListItem\",\"position\":3,\"name\":\"Seguros de decesos Mutua Terrassa\",\"item\":\"https:\\\/\\\/idecesos.com\\\/seguros\\\/companias\\\/mutua-terrassa\\\/\"},{\"@type\":\"ListItem\",\"position\":4,\"name\":\"\u00bfC\u00f3mo dar de baja seguro Mutua Terrassa?\"}]},{\"@type\":\"WebSite\",\"@id\":\"https:\\\/\\\/idecesos.com\\\/seguros\\\/#website\",\"url\":\"https:\\\/\\\/idecesos.com\\\/seguros\\\/\",\"name\":\"\",\"description\":\"\",\"potentialAction\":[{\"@type\":\"SearchAction\",\"target\":{\"@type\":\"EntryPoint\",\"urlTemplate\":\"https:\\\/\\\/idecesos.com\\\/seguros\\\/?s={search_term_string}\"},\"query-input\":{\"@type\":\"PropertyValueSpecification\",\"valueRequired\":true,\"valueName\":\"search_term_string\"}}],\"inLanguage\":\"es\"}]}<\/script>\n<!-- \/ Yoast SEO plugin. -->","yoast_head_json":{"title":"\u00bfC\u00f3mo dar de Baja o Cancelar Seguro de Decesos Mutua Terrassa?","description":"Obt\u00e9n aqu\u00ed\u3010c\u00f3mo dar de baja o cancelar seguro de decesos Mutua Terrassa\u3011Modelo carta, fax, correo electr\u00f3nico (email), tel\u00e9fono gratis.","robots":{"index":"index","follow":"follow","max-snippet":"max-snippet:-1","max-image-preview":"max-image-preview:large","max-video-preview":"max-video-preview:-1"},"canonical":"https:\/\/idecesos.com\/seguros\/companias\/mutua-terrassa\/dar-de-baja\/","og_locale":"es_ES","og_type":"article","og_title":"\u00bfC\u00f3mo dar de Baja o Cancelar Seguro de Decesos Mutua Terrassa?","og_description":"Obt\u00e9n aqu\u00ed\u3010c\u00f3mo dar de baja o cancelar seguro de decesos Mutua Terrassa\u3011Modelo carta, fax, correo electr\u00f3nico (email), tel\u00e9fono gratis.","og_url":"https:\/\/idecesos.com\/seguros\/companias\/mutua-terrassa\/dar-de-baja\/","article_modified_time":"2022-01-31T17:11:43+00:00","twitter_card":"summary_large_image","twitter_misc":{"Tiempo de lectura":"5 minutos"},"schema":{"@context":"https:\/\/schema.org","@graph":[{"@type":"WebPage","@id":"https:\/\/idecesos.com\/seguros\/companias\/mutua-terrassa\/dar-de-baja\/","url":"https:\/\/idecesos.com\/seguros\/companias\/mutua-terrassa\/dar-de-baja\/","name":"\u00bfC\u00f3mo dar de Baja o Cancelar Seguro de Decesos Mutua Terrassa?","isPartOf":{"@id":"https:\/\/idecesos.com\/seguros\/#website"},"datePublished":"2021-12-29T11:53:32+00:00","dateModified":"2022-01-31T17:11:43+00:00","description":"Obt\u00e9n aqu\u00ed\u3010c\u00f3mo dar de baja o cancelar seguro de decesos Mutua Terrassa\u3011Modelo carta, fax, correo electr\u00f3nico (email), tel\u00e9fono gratis.","breadcrumb":{"@id":"https:\/\/idecesos.com\/seguros\/companias\/mutua-terrassa\/dar-de-baja\/#breadcrumb"},"inLanguage":"es","potentialAction":[{"@type":"ReadAction","target":["https:\/\/idecesos.com\/seguros\/companias\/mutua-terrassa\/dar-de-baja\/"]}]},{"@type":"BreadcrumbList","@id":"https:\/\/idecesos.com\/seguros\/companias\/mutua-terrassa\/dar-de-baja\/#breadcrumb","itemListElement":[{"@type":"ListItem","position":1,"name":"Portada","item":"https:\/\/idecesos.com\/seguros\/"},{"@type":"ListItem","position":2,"name":"Compa\u00f1\u00edas de Seguros de Decesos en Espa\u00f1a","item":"https:\/\/idecesos.com\/seguros\/companias\/"},{"@type":"ListItem","position":3,"name":"Seguros de decesos Mutua Terrassa","item":"https:\/\/idecesos.com\/seguros\/companias\/mutua-terrassa\/"},{"@type":"ListItem","position":4,"name":"\u00bfC\u00f3mo dar de baja seguro Mutua Terrassa?"}]},{"@type":"WebSite","@id":"https:\/\/idecesos.com\/seguros\/#website","url":"https:\/\/idecesos.com\/seguros\/","name":"","description":"","potentialAction":[{"@type":"SearchAction","target":{"@type":"EntryPoint","urlTemplate":"https:\/\/idecesos.com\/seguros\/?s={search_term_string}"},"query-input":{"@type":"PropertyValueSpecification","valueRequired":true,"valueName":"search_term_string"}}],"inLanguage":"es"}]}},"_links":{"self":[{"href":"https:\/\/idecesos.com\/seguros\/wp-json\/wp\/v2\/pages\/18253","targetHints":{"allow":["GET"]}}],"collection":[{"href":"https:\/\/idecesos.com\/seguros\/wp-json\/wp\/v2\/pages"}],"about":[{"href":"https:\/\/idecesos.com\/seguros\/wp-json\/wp\/v2\/types\/page"}],"author":[{"embeddable":true,"href":"https:\/\/idecesos.com\/seguros\/wp-json\/wp\/v2\/users\/1"}],"replies":[{"embeddable":true,"href":"https:\/\/idecesos.com\/seguros\/wp-json\/wp\/v2\/comments?post=18253"}],"version-history":[{"count":2,"href":"https:\/\/idecesos.com\/seguros\/wp-json\/wp\/v2\/pages\/18253\/revisions"}],"predecessor-version":[{"id":19164,"href":"https:\/\/idecesos.com\/seguros\/wp-json\/wp\/v2\/pages\/18253\/revisions\/19164"}],"up":[{"embeddable":true,"href":"https:\/\/idecesos.com\/seguros\/wp-json\/wp\/v2\/pages\/10900"}],"wp:attachment":[{"href":"https:\/\/idecesos.com\/seguros\/wp-json\/wp\/v2\/media?parent=18253"}],"curies":[{"name":"wp","href":"https:\/\/api.w.org\/{rel}","templated":true}]}}