{"id":18254,"date":"2021-12-29T11:53:33","date_gmt":"2021-12-29T11:53:33","guid":{"rendered":"https:\/\/idecesos.com\/seguros\/companias\/afemefa\/dar-de-baja\/"},"modified":"2022-01-31T17:13:02","modified_gmt":"2022-01-31T17:13:02","slug":"dar-de-baja","status":"publish","type":"page","link":"https:\/\/idecesos.com\/seguros\/companias\/afemefa\/dar-de-baja\/","title":{"rendered":"\u00bfC\u00f3mo dar de baja seguro Afemefa?"},"content":{"rendered":"<div id=\"ez-toc-container\" class=\"ez-toc-v2_0_82_2 ez-toc-wrap-center counter-hierarchy ez-toc-counter ez-toc-custom ez-toc-container-direction\">\n<div class=\"ez-toc-title-container\">\n<p class=\"ez-toc-title\" style=\"cursor:inherit\">Tabla de Contenido<\/p>\n<span class=\"ez-toc-title-toggle\"><a href=\"#\" class=\"ez-toc-pull-right ez-toc-btn ez-toc-btn-xs ez-toc-btn-default ez-toc-toggle\" aria-label=\"Alternar tabla de contenidos\"><span class=\"ez-toc-js-icon-con\"><span class=\"\"><span class=\"eztoc-hide\" style=\"display:none;\">Toggle<\/span><span class=\"ez-toc-icon-toggle-span\"><svg style=\"fill: #db6415;color:#db6415\" xmlns=\"http:\/\/www.w3.org\/2000\/svg\" class=\"list-377408\" width=\"20px\" height=\"20px\" viewBox=\"0 0 24 24\" fill=\"none\"><path d=\"M6 6H4v2h2V6zm14 0H8v2h12V6zM4 11h2v2H4v-2zm16 0H8v2h12v-2zM4 16h2v2H4v-2zm16 0H8v2h12v-2z\" fill=\"currentColor\"><\/path><\/svg><svg style=\"fill: #db6415;color:#db6415\" class=\"arrow-unsorted-368013\" xmlns=\"http:\/\/www.w3.org\/2000\/svg\" width=\"10px\" height=\"10px\" viewBox=\"0 0 24 24\" version=\"1.2\" baseProfile=\"tiny\"><path d=\"M18.2 9.3l-6.2-6.3-6.2 6.3c-.2.2-.3.4-.3.7s.1.5.3.7c.2.2.4.3.7.3h11c.3 0 .5-.1.7-.3.2-.2.3-.5.3-.7s-.1-.5-.3-.7zM5.8 14.7l6.2 6.3 6.2-6.3c.2-.2.3-.5.3-.7s-.1-.5-.3-.7c-.2-.2-.4-.3-.7-.3h-11c-.3 0-.5.1-.7.3-.2.2-.3.5-.3.7s.1.5.3.7z\"\/><\/svg><\/span><\/span><\/span><\/a><\/span><\/div>\n<nav><ul class='ez-toc-list ez-toc-list-level-1 ' ><li class='ez-toc-page-1 ez-toc-heading-level-2'><a class=\"ez-toc-link ez-toc-heading-1\" href=\"https:\/\/idecesos.com\/seguros\/companias\/afemefa\/dar-de-baja\/#Diferentes_opciones_para_cancelar_un_contrato_con_Afemefa\" >Diferentes opciones para cancelar un contrato con Afemefa<\/a><ul class='ez-toc-list-level-3' ><li class='ez-toc-heading-level-3'><a class=\"ez-toc-link ez-toc-heading-2\" href=\"https:\/\/idecesos.com\/seguros\/companias\/afemefa\/dar-de-baja\/#A_traves_de_la_web_de_Afemefa\" >A trav\u00e9s de la web de Afemefa<\/a><\/li><li class='ez-toc-page-1 ez-toc-heading-level-3'><a class=\"ez-toc-link ez-toc-heading-3\" href=\"https:\/\/idecesos.com\/seguros\/companias\/afemefa\/dar-de-baja\/#Utilizando_el_correo_electronico_de_Afemefa\" >Utilizando el correo electr\u00f3nico de Afemefa<\/a><\/li><li class='ez-toc-page-1 ez-toc-heading-level-3'><a class=\"ez-toc-link ez-toc-heading-4\" href=\"https:\/\/idecesos.com\/seguros\/companias\/afemefa\/dar-de-baja\/#Dar_de_baja_Afemefa_por_fax\" >Dar de baja Afemefa por fax<\/a><\/li><li class='ez-toc-page-1 ez-toc-heading-level-3'><a class=\"ez-toc-link ez-toc-heading-5\" href=\"https:\/\/idecesos.com\/seguros\/companias\/afemefa\/dar-de-baja\/#En_la_oficina_de_Afemefa\" >En la oficina de Afemefa<\/a><\/li><li class='ez-toc-page-1 ez-toc-heading-level-3'><a class=\"ez-toc-link ez-toc-heading-6\" href=\"https:\/\/idecesos.com\/seguros\/companias\/afemefa\/dar-de-baja\/#Telefono_para_dar_de_baja_Afemefa\" >T\u00e9lefono para dar de baja Afemefa<\/a><\/li><\/ul><\/li><li class='ez-toc-page-1 ez-toc-heading-level-2'><a class=\"ez-toc-link ez-toc-heading-7\" href=\"https:\/\/idecesos.com\/seguros\/companias\/afemefa\/dar-de-baja\/#Dar_de_baja_seguro_Afemefa_de_un_fallecido\" >Dar de baja seguro Afemefa de un fallecido<\/a><ul class='ez-toc-list-level-3' ><li class='ez-toc-heading-level-3'><a class=\"ez-toc-link ez-toc-heading-8\" href=\"https:\/\/idecesos.com\/seguros\/companias\/afemefa\/dar-de-baja\/#Paginas_relacionadas\" >P\u00e1ginas relacionadas<\/a><\/li><\/ul><\/li><\/ul><\/nav><\/div>\n<p> Para dar de baja su seguro de decesos en Afemefa va a deber proseguir los siguientes pasos. El paso inicial que debes proseguir es repasar tu contrato y conocer los datos de tu aseguradora. Cuando conozcas la informaci\u00f3n precisa de tu compa\u00f1\u00eda aseguradora, podr\u00e1s buscar en la red la direcci\u00f3n de la compa\u00f1\u00eda. Tras obtener la direcci\u00f3n de la compa\u00f1\u00eda, debe llamar al tel\u00e9fono de atenci\u00f3n al cliente para poder dar de baja su seguro de decesos. Puedes dar de baja tu seguro de decesos mediante email o por tel\u00e9fono. Al haber dado de baja su seguro de decesos va a poder comunicar a la compa\u00f1\u00eda por escrito la decisi\u00f3n, si ha hecho esto ya va a poder comunicar a la compa\u00f1\u00eda que ya no se quiere hacer cargo de su seguro de defunci\u00f3n. <div class=\"colorf \"  ><div class=\"container clearfix\"><div class=\"col-md-7\"><\/p>\r\n<h2><span class=\"ez-toc-section\" id=\"Diferentes_opciones_para_cancelar_un_contrato_con_Afemefa\"><\/span>Diferentes opciones para cancelar un contrato con Afemefa<span class=\"ez-toc-section-end\"><\/span><\/h2>\r\n<!-- \/wp:post-content -->\r\n\r\n<!-- wp:paragraph -->\r\n<p>Un aspecto en com\u00fan de pr\u00e1cticamente todas las compa\u00f1\u00edas es que, piden a sus clientes del servicio, un documento en el que aparezcan los motivos o deseos por los que desea dar de baja su seguro de decesos. Hay diferentes maneras de darse de baja, pero, de cualquier forma, si quiere mandar una carta certificada con un modelo est\u00e1ndar de cancelaci\u00f3n de su contrato con Afemefa esta va a deber d\u00e1rselo por v\u00e1lido. Le sugerimos que realice una copia del documento y guarde su resguardo. Si prefiere otros m\u00e9todos para dar de baja su seguro, se los vamos a ense\u00f1ar ahora. <\/div><\/div><\/div><\/p>\r\n<h3><span class=\"ez-toc-section\" id=\"A_traves_de_la_web_de_Afemefa\"><\/span>A trav\u00e9s de la web de Afemefa<span class=\"ez-toc-section-end\"><\/span><\/h3>\r\n<p>Puede decantarse por la posibilidad de acceder a el sitio web afemefa.com\/ y redactar en su buscador lo que desee saber. En ese momento, le aparecer\u00e1n m\u00faltiples opciones. Elija la indicada y prosiga los pasos que le se\u00f1alan. Es realmente f\u00e1cil. Si en cualquier instante tiene dudas o no encuentra esta alternativa, va a tener la posibilidad de contactar con Afemefa mediante su n\u00famero 915 280 582. Si se da el en caso de que le aparezca, solo tendr\u00e1 que rellenar el formulario o descargar el documento para llenar la petici\u00f3n. <div class=\"colorf \"  ><div class=\"container clearfix\"><div class=\"col-md-7\"><\/p>\r\n<h3><span class=\"ez-toc-section\" id=\"Utilizando_el_correo_electronico_de_Afemefa\"><\/span>Utilizando el correo electr\u00f3nico de Afemefa<span class=\"ez-toc-section-end\"><\/span><\/h3>\r\n<p>Puedes dar de baja asimismo tu seguro de fallecimiento mediante e mail. Es muy simple, a\u00f1ade la siguiente direcci\u00f3n a tu correo email Afemefa y en tan solo un par de minutos vas a poder tenerlo todo solucionado. Env\u00edeles los siguientes documentos: una copia del documento nacional de identidad del contratante y la notificaci\u00f3n firmada por el asegurado con sus datos personales, que puedes localizarla en la p\u00e1gina web de Afemefa o bien puedes ped\u00edrnosla a nosotros a trav\u00e9s de nuestro n\u00famero 951 127 403 o mail info@idecesos. com, como ya hemos comentado anteriormente. Para que la baja del seguro de decesos se realice de manera correcta, debes tener la copia sellada y el justificante. Si quieres estar m\u00e1s tranquilo, no olvides guardar una copia de la notificaci\u00f3n con la data de env\u00edo. <\/div><\/div><\/div><\/p>\r\n<h3><span class=\"ez-toc-section\" id=\"Dar_de_baja_Afemefa_por_fax\"><\/span>Dar de baja Afemefa por fax<span class=\"ez-toc-section-end\"><\/span><\/h3>\r\n<p>Otra de las opciones es darse de baja a trav\u00e9s de el fax. Es muy similar al e-mail. Los pasos son exactamente los mismos, tanto digitalmente como por fax. Va a poder localizar en el sitio web de Afemefa o bien llam\u00e1ndonos al 915 280 582\u00a0la notificaci\u00f3n que debe enviar, firmada, junto con una copia de su documento de identidad. Debe rememorar, tener a su predisposici\u00f3n y, guardar, una copia sellada y el justificante de su recibo. Guardar una imitaci\u00f3n de su notificaci\u00f3n, en la que aparezca la fecha de env\u00edo, ser\u00e1 esencial para evitar futuros problemas. <div class=\"colorf \"  ><div class=\"container clearfix\"><div class=\"col-md-7\"><\/p>\r\n<h3><span class=\"ez-toc-section\" id=\"En_la_oficina_de_Afemefa\"><\/span>En la oficina de Afemefa<span class=\"ez-toc-section-end\"><\/span><\/h3>\r\n<p>Existen todav\u00eda otros m\u00e9todos por si acaso no eres un buen amigo de las tecnolog\u00edas. La forma m\u00e1s r\u00e1pida para dar de baja tu seguro es acudiendo a tu oficina. Emplea un buscador de internet para obtener la informaci\u00f3n de la oficina m\u00e1s pr\u00f3xima a tu domicilio. No olvides ir a tu oficina en los horarios indicados y si es preciso, pide cita. Con solo seguir los pasos detallados, vas a poder completar tu petici\u00f3n de baja del seguro. <\/div><\/div><\/div><\/p>\r\n<h3><span class=\"ez-toc-section\" id=\"Telefono_para_dar_de_baja_Afemefa\"><\/span>T\u00e9lefono para dar de baja Afemefa<span class=\"ez-toc-section-end\"><\/span><\/h3>\r\n<p>Contacta con ellos mediante su telef\u00f3no de atenci\u00f3n para proceder a la baja de tu seguro de decesos. Busque el tel\u00e9fono de Afemefa en internet o llame directamente al tel\u00e9fono que le facilitamos a continuaci\u00f3n 915 280 582. Un agente se ocupar\u00e1 de aconsejarte y te va a ayudar en todo cuanto necesites. Tras las indicaciones del agente, este se ocupar\u00e1 de solucionar todas y cada una de las cuestiones a fin de que puedes dar de baja tu seguro de decesos. Como ya hemos comentado, le aconsejamos que no se quede sin un seguro de decesos por lo que no dude en ver todas las opciones y comparar todas y cada una de las ofertas con nuestros en nuestra p\u00e1gina de iDecesos. <div class=\"colorf \"  ><div class=\"container clearfix\"><div class=\"col-md-7\"><\/p>\r\n<h2><span class=\"ez-toc-section\" id=\"Dar_de_baja_seguro_Afemefa_de_un_fallecido\"><\/span>Dar de baja seguro Afemefa de un fallecido<span class=\"ez-toc-section-end\"><\/span><\/h2>\r\n<p>Finalmente, le daremos los pasos clave para dar de baja su seguro de decesos, una vez fallecido el asegurado. Esta, es la manera m\u00e1s f\u00e1cil de cancelar el contrato de un seguro de estas caracter\u00edsticas. Los tr\u00e1mites que se han citado anteriormente, van a quedar cerrados merced a los especialistas y, va a estar absolutamente sosegado. Afemefa se encargar\u00e1 de cancelar el seguro de decesos que tenga contratado, tras su fallecimiento. Una vez finalizados los servicios del sepelio, los profesionales de Afemefa dar\u00e1n de baja el seguro de decesos de la persona fallecida y, los familiares no tendr\u00e1n que preocuparse por nada. <\/div><\/div><\/div> <div class=\"oficinas\"> <h3><span class=\"ez-toc-section\" id=\"Paginas_relacionadas\"><\/span>P\u00e1ginas relacionadas<span class=\"ez-toc-section-end\"><\/span><\/h3><div class=\"enlazado\"><ul> <li><a href=\"https:\/\/idecesos.com\/seguros\/companias\/afemefa\/opiniones\/\">Opiniones AFEMEFA<\/a><\/li> <li><a href=\"https:\/\/idecesos.com\/seguros\/companias\/afemefa\/precio\/\">Precio seguro Afemefa<\/a><\/li> <li><a href=\"https:\/\/idecesos.com\/seguros\/companias\/afemefa\/prima-mixta\/\">Afemefa Prima Mixta<\/a><\/li> <li><a href=\"https:\/\/idecesos.com\/seguros\/companias\/afemefa\/prima-natural\/\">Afemefa Prima Natural<\/a><\/li> <li><a href=\"https:\/\/idecesos.com\/seguros\/companias\/afemefa\/prima-nivelada\/\">Afemefa Prima Nivelada<\/a><\/li> <li><a href=\"https:\/\/idecesos.com\/seguros\/companias\/afemefa\/prima-unica\/\">Afemefa Prima \u00danica<\/a><\/li> <li><a href=\"https:\/\/idecesos.com\/seguros\/companias\/afemefa\/repatriacion\/\">Afemefa Repatriaci\u00f3n<\/a><\/li> <li><a href=\"https:\/\/idecesos.com\/seguros\/companias\/afemefa\/telefono\/\">Tel\u00e9fono Gratuito Afemefa<\/a><\/li><\/ul><\/div> <\/div><\/p>","protected":false},"excerpt":{"rendered":"<p>Para dar de baja su seguro de decesos en Afemefa va a deber proseguir los siguientes pasos. El paso inicial que debes proseguir es repasar tu contrato y conocer los datos de tu aseguradora. Cuando conozcas la informaci\u00f3n precisa de tu compa\u00f1\u00eda aseguradora, podr\u00e1s buscar en la red la direcci\u00f3n de la compa\u00f1\u00eda. Tras obtener&hellip; <\/p>\n","protected":false},"author":1,"featured_media":0,"parent":9500,"menu_order":0,"comment_status":"closed","ping_status":"closed","template":"single.php","meta":{"footnotes":""},"class_list":["post-18254","page","type-page","status-publish","hentry"],"yoast_head":"<!-- This site is optimized with the Yoast SEO plugin v27.4 - https:\/\/yoast.com\/product\/yoast-seo-wordpress\/ -->\n<title>\u00bfC\u00f3mo dar de Baja o Cancelar Seguro de Decesos Afemefa?<\/title>\n<meta name=\"description\" content=\"Obt\u00e9n aqu\u00ed\u3010c\u00f3mo dar de baja o cancelar seguro de decesos Afemefa\u3011Modelo carta, fax, correo electr\u00f3nico (email), tel\u00e9fono gratis.\" \/>\n<meta name=\"robots\" content=\"index, follow, max-snippet:-1, max-image-preview:large, max-video-preview:-1\" \/>\n<link rel=\"canonical\" href=\"https:\/\/idecesos.com\/seguros\/companias\/afemefa\/dar-de-baja\/\" \/>\n<meta property=\"og:locale\" content=\"es_ES\" \/>\n<meta property=\"og:type\" content=\"article\" \/>\n<meta property=\"og:title\" content=\"\u00bfC\u00f3mo dar de Baja o Cancelar Seguro de Decesos Afemefa?\" \/>\n<meta property=\"og:description\" content=\"Obt\u00e9n aqu\u00ed\u3010c\u00f3mo dar de baja o cancelar seguro de decesos Afemefa\u3011Modelo carta, fax, correo electr\u00f3nico (email), tel\u00e9fono gratis.\" \/>\n<meta property=\"og:url\" content=\"https:\/\/idecesos.com\/seguros\/companias\/afemefa\/dar-de-baja\/\" \/>\n<meta property=\"article:modified_time\" content=\"2022-01-31T17:13:02+00:00\" \/>\n<meta name=\"twitter:card\" content=\"summary_large_image\" \/>\n<meta name=\"twitter:label1\" content=\"Tiempo de lectura\" \/>\n\t<meta name=\"twitter:data1\" content=\"5 minutos\" \/>\n<script type=\"application\/ld+json\" class=\"yoast-schema-graph\">{\"@context\":\"https:\\\/\\\/schema.org\",\"@graph\":[{\"@type\":\"WebPage\",\"@id\":\"https:\\\/\\\/idecesos.com\\\/seguros\\\/companias\\\/afemefa\\\/dar-de-baja\\\/\",\"url\":\"https:\\\/\\\/idecesos.com\\\/seguros\\\/companias\\\/afemefa\\\/dar-de-baja\\\/\",\"name\":\"\u00bfC\u00f3mo dar de Baja o Cancelar Seguro de Decesos Afemefa?\",\"isPartOf\":{\"@id\":\"https:\\\/\\\/idecesos.com\\\/seguros\\\/#website\"},\"datePublished\":\"2021-12-29T11:53:33+00:00\",\"dateModified\":\"2022-01-31T17:13:02+00:00\",\"description\":\"Obt\u00e9n aqu\u00ed\u3010c\u00f3mo dar de baja o cancelar seguro de decesos Afemefa\u3011Modelo carta, fax, correo electr\u00f3nico (email), tel\u00e9fono gratis.\",\"breadcrumb\":{\"@id\":\"https:\\\/\\\/idecesos.com\\\/seguros\\\/companias\\\/afemefa\\\/dar-de-baja\\\/#breadcrumb\"},\"inLanguage\":\"es\",\"potentialAction\":[{\"@type\":\"ReadAction\",\"target\":[\"https:\\\/\\\/idecesos.com\\\/seguros\\\/companias\\\/afemefa\\\/dar-de-baja\\\/\"]}]},{\"@type\":\"BreadcrumbList\",\"@id\":\"https:\\\/\\\/idecesos.com\\\/seguros\\\/companias\\\/afemefa\\\/dar-de-baja\\\/#breadcrumb\",\"itemListElement\":[{\"@type\":\"ListItem\",\"position\":1,\"name\":\"Portada\",\"item\":\"https:\\\/\\\/idecesos.com\\\/seguros\\\/\"},{\"@type\":\"ListItem\",\"position\":2,\"name\":\"Compa\u00f1\u00edas de Seguros de Decesos en Espa\u00f1a\",\"item\":\"https:\\\/\\\/idecesos.com\\\/seguros\\\/companias\\\/\"},{\"@type\":\"ListItem\",\"position\":3,\"name\":\"Seguros de decesos AFEMEFA\",\"item\":\"https:\\\/\\\/idecesos.com\\\/seguros\\\/companias\\\/afemefa\\\/\"},{\"@type\":\"ListItem\",\"position\":4,\"name\":\"\u00bfC\u00f3mo dar de baja seguro Afemefa?\"}]},{\"@type\":\"WebSite\",\"@id\":\"https:\\\/\\\/idecesos.com\\\/seguros\\\/#website\",\"url\":\"https:\\\/\\\/idecesos.com\\\/seguros\\\/\",\"name\":\"\",\"description\":\"\",\"potentialAction\":[{\"@type\":\"SearchAction\",\"target\":{\"@type\":\"EntryPoint\",\"urlTemplate\":\"https:\\\/\\\/idecesos.com\\\/seguros\\\/?s={search_term_string}\"},\"query-input\":{\"@type\":\"PropertyValueSpecification\",\"valueRequired\":true,\"valueName\":\"search_term_string\"}}],\"inLanguage\":\"es\"}]}<\/script>\n<!-- \/ Yoast SEO plugin. -->","yoast_head_json":{"title":"\u00bfC\u00f3mo dar de Baja o Cancelar Seguro de Decesos Afemefa?","description":"Obt\u00e9n aqu\u00ed\u3010c\u00f3mo dar de baja o cancelar seguro de decesos Afemefa\u3011Modelo carta, fax, correo electr\u00f3nico (email), tel\u00e9fono gratis.","robots":{"index":"index","follow":"follow","max-snippet":"max-snippet:-1","max-image-preview":"max-image-preview:large","max-video-preview":"max-video-preview:-1"},"canonical":"https:\/\/idecesos.com\/seguros\/companias\/afemefa\/dar-de-baja\/","og_locale":"es_ES","og_type":"article","og_title":"\u00bfC\u00f3mo dar de Baja o Cancelar Seguro de Decesos Afemefa?","og_description":"Obt\u00e9n aqu\u00ed\u3010c\u00f3mo dar de baja o cancelar seguro de decesos Afemefa\u3011Modelo carta, fax, correo electr\u00f3nico (email), tel\u00e9fono gratis.","og_url":"https:\/\/idecesos.com\/seguros\/companias\/afemefa\/dar-de-baja\/","article_modified_time":"2022-01-31T17:13:02+00:00","twitter_card":"summary_large_image","twitter_misc":{"Tiempo de lectura":"5 minutos"},"schema":{"@context":"https:\/\/schema.org","@graph":[{"@type":"WebPage","@id":"https:\/\/idecesos.com\/seguros\/companias\/afemefa\/dar-de-baja\/","url":"https:\/\/idecesos.com\/seguros\/companias\/afemefa\/dar-de-baja\/","name":"\u00bfC\u00f3mo dar de Baja o Cancelar Seguro de Decesos Afemefa?","isPartOf":{"@id":"https:\/\/idecesos.com\/seguros\/#website"},"datePublished":"2021-12-29T11:53:33+00:00","dateModified":"2022-01-31T17:13:02+00:00","description":"Obt\u00e9n aqu\u00ed\u3010c\u00f3mo dar de baja o cancelar seguro de decesos Afemefa\u3011Modelo carta, fax, correo electr\u00f3nico (email), tel\u00e9fono gratis.","breadcrumb":{"@id":"https:\/\/idecesos.com\/seguros\/companias\/afemefa\/dar-de-baja\/#breadcrumb"},"inLanguage":"es","potentialAction":[{"@type":"ReadAction","target":["https:\/\/idecesos.com\/seguros\/companias\/afemefa\/dar-de-baja\/"]}]},{"@type":"BreadcrumbList","@id":"https:\/\/idecesos.com\/seguros\/companias\/afemefa\/dar-de-baja\/#breadcrumb","itemListElement":[{"@type":"ListItem","position":1,"name":"Portada","item":"https:\/\/idecesos.com\/seguros\/"},{"@type":"ListItem","position":2,"name":"Compa\u00f1\u00edas de Seguros de Decesos en Espa\u00f1a","item":"https:\/\/idecesos.com\/seguros\/companias\/"},{"@type":"ListItem","position":3,"name":"Seguros de decesos AFEMEFA","item":"https:\/\/idecesos.com\/seguros\/companias\/afemefa\/"},{"@type":"ListItem","position":4,"name":"\u00bfC\u00f3mo dar de baja seguro Afemefa?"}]},{"@type":"WebSite","@id":"https:\/\/idecesos.com\/seguros\/#website","url":"https:\/\/idecesos.com\/seguros\/","name":"","description":"","potentialAction":[{"@type":"SearchAction","target":{"@type":"EntryPoint","urlTemplate":"https:\/\/idecesos.com\/seguros\/?s={search_term_string}"},"query-input":{"@type":"PropertyValueSpecification","valueRequired":true,"valueName":"search_term_string"}}],"inLanguage":"es"}]}},"_links":{"self":[{"href":"https:\/\/idecesos.com\/seguros\/wp-json\/wp\/v2\/pages\/18254","targetHints":{"allow":["GET"]}}],"collection":[{"href":"https:\/\/idecesos.com\/seguros\/wp-json\/wp\/v2\/pages"}],"about":[{"href":"https:\/\/idecesos.com\/seguros\/wp-json\/wp\/v2\/types\/page"}],"author":[{"embeddable":true,"href":"https:\/\/idecesos.com\/seguros\/wp-json\/wp\/v2\/users\/1"}],"replies":[{"embeddable":true,"href":"https:\/\/idecesos.com\/seguros\/wp-json\/wp\/v2\/comments?post=18254"}],"version-history":[{"count":1,"href":"https:\/\/idecesos.com\/seguros\/wp-json\/wp\/v2\/pages\/18254\/revisions"}],"predecessor-version":[{"id":19165,"href":"https:\/\/idecesos.com\/seguros\/wp-json\/wp\/v2\/pages\/18254\/revisions\/19165"}],"up":[{"embeddable":true,"href":"https:\/\/idecesos.com\/seguros\/wp-json\/wp\/v2\/pages\/9500"}],"wp:attachment":[{"href":"https:\/\/idecesos.com\/seguros\/wp-json\/wp\/v2\/media?parent=18254"}],"curies":[{"name":"wp","href":"https:\/\/api.w.org\/{rel}","templated":true}]}}