{"id":18255,"date":"2021-12-29T11:53:34","date_gmt":"2021-12-29T11:53:34","guid":{"rendered":"https:\/\/idecesos.com\/seguros\/companias\/sanen-mutua\/dar-de-baja\/"},"modified":"2022-01-31T17:13:52","modified_gmt":"2022-01-31T17:13:52","slug":"dar-de-baja","status":"publish","type":"page","link":"https:\/\/idecesos.com\/seguros\/companias\/sanen-mutua\/dar-de-baja\/","title":{"rendered":"\u00bfC\u00f3mo dar de baja seguro Sanen Mutua?"},"content":{"rendered":"<div id=\"ez-toc-container\" class=\"ez-toc-v2_0_82_2 ez-toc-wrap-center counter-hierarchy ez-toc-counter ez-toc-custom ez-toc-container-direction\">\n<div class=\"ez-toc-title-container\">\n<p class=\"ez-toc-title\" style=\"cursor:inherit\">Tabla de Contenido<\/p>\n<span class=\"ez-toc-title-toggle\"><a href=\"#\" class=\"ez-toc-pull-right ez-toc-btn ez-toc-btn-xs ez-toc-btn-default ez-toc-toggle\" aria-label=\"Alternar tabla de contenidos\"><span class=\"ez-toc-js-icon-con\"><span class=\"\"><span class=\"eztoc-hide\" style=\"display:none;\">Toggle<\/span><span class=\"ez-toc-icon-toggle-span\"><svg style=\"fill: #db6415;color:#db6415\" xmlns=\"http:\/\/www.w3.org\/2000\/svg\" class=\"list-377408\" width=\"20px\" height=\"20px\" viewBox=\"0 0 24 24\" fill=\"none\"><path d=\"M6 6H4v2h2V6zm14 0H8v2h12V6zM4 11h2v2H4v-2zm16 0H8v2h12v-2zM4 16h2v2H4v-2zm16 0H8v2h12v-2z\" fill=\"currentColor\"><\/path><\/svg><svg style=\"fill: #db6415;color:#db6415\" class=\"arrow-unsorted-368013\" xmlns=\"http:\/\/www.w3.org\/2000\/svg\" width=\"10px\" height=\"10px\" viewBox=\"0 0 24 24\" version=\"1.2\" baseProfile=\"tiny\"><path d=\"M18.2 9.3l-6.2-6.3-6.2 6.3c-.2.2-.3.4-.3.7s.1.5.3.7c.2.2.4.3.7.3h11c.3 0 .5-.1.7-.3.2-.2.3-.5.3-.7s-.1-.5-.3-.7zM5.8 14.7l6.2 6.3 6.2-6.3c.2-.2.3-.5.3-.7s-.1-.5-.3-.7c-.2-.2-.4-.3-.7-.3h-11c-.3 0-.5.1-.7.3-.2.2-.3.5-.3.7s.1.5.3.7z\"\/><\/svg><\/span><\/span><\/span><\/a><\/span><\/div>\n<nav><ul class='ez-toc-list ez-toc-list-level-1 ' ><li class='ez-toc-page-1 ez-toc-heading-level-2'><a class=\"ez-toc-link ez-toc-heading-1\" href=\"https:\/\/idecesos.com\/seguros\/companias\/sanen-mutua\/dar-de-baja\/#Diferentes_opciones_para_cancelar_un_contrato_con_Sanen_Mutua\" >Diferentes opciones para cancelar un contrato con Sanen Mutua<\/a><ul class='ez-toc-list-level-3' ><li class='ez-toc-heading-level-3'><a class=\"ez-toc-link ez-toc-heading-2\" href=\"https:\/\/idecesos.com\/seguros\/companias\/sanen-mutua\/dar-de-baja\/#A_traves_de_la_web_de_Sanen_Mutua\" >A trav\u00e9s de la web de Sanen Mutua<\/a><\/li><li class='ez-toc-page-1 ez-toc-heading-level-3'><a class=\"ez-toc-link ez-toc-heading-3\" href=\"https:\/\/idecesos.com\/seguros\/companias\/sanen-mutua\/dar-de-baja\/#Utilizando_el_correo_electronico_de_Sanen_Mutua\" >Utilizando el correo electr\u00f3nico de Sanen Mutua<\/a><\/li><li class='ez-toc-page-1 ez-toc-heading-level-3'><a class=\"ez-toc-link ez-toc-heading-4\" href=\"https:\/\/idecesos.com\/seguros\/companias\/sanen-mutua\/dar-de-baja\/#Dar_de_baja_Sanen_Mutua_por_fax\" >Dar de baja Sanen Mutua por fax<\/a><\/li><li class='ez-toc-page-1 ez-toc-heading-level-3'><a class=\"ez-toc-link ez-toc-heading-5\" href=\"https:\/\/idecesos.com\/seguros\/companias\/sanen-mutua\/dar-de-baja\/#En_la_oficina_de_Sanen_Mutua\" >En la oficina de Sanen Mutua<\/a><\/li><li class='ez-toc-page-1 ez-toc-heading-level-3'><a class=\"ez-toc-link ez-toc-heading-6\" href=\"https:\/\/idecesos.com\/seguros\/companias\/sanen-mutua\/dar-de-baja\/#Telefono_para_dar_de_baja_Sanen_Mutua\" >T\u00e9lefono para dar de baja Sanen Mutua<\/a><\/li><\/ul><\/li><li class='ez-toc-page-1 ez-toc-heading-level-2'><a class=\"ez-toc-link ez-toc-heading-7\" href=\"https:\/\/idecesos.com\/seguros\/companias\/sanen-mutua\/dar-de-baja\/#Dar_de_baja_seguro_Sanen_Mutua_de_un_fallecido\" >Dar de baja seguro Sanen Mutua de un fallecido<\/a><ul class='ez-toc-list-level-3' ><li class='ez-toc-heading-level-3'><a class=\"ez-toc-link ez-toc-heading-8\" href=\"https:\/\/idecesos.com\/seguros\/companias\/sanen-mutua\/dar-de-baja\/#Paginas_relacionadas\" >P\u00e1ginas relacionadas<\/a><\/li><\/ul><\/li><\/ul><\/nav><\/div>\n<p> Ahora, le vamos a explicar c\u00f3mo dar de baja su seguro de decesos. Si bien pueda parecer una tarea complicada, en iDecesos vas a poder hallar la forma m\u00e1s veloz para dar de baja tu seguro de decesos. En este apartado, ver\u00e1s los pasos a continuar y c\u00f3mo puedes dar de baja el seguro de decesos. Merced a iDecesos, conocer\u00e1s las diferentes opciones que tienes para dar de baja tu seguro de decesos. Te recomendamos continuar con tu seguro de decesos puesto que es clave a fin de que puedas vivir m\u00e1s tranquilo y sin preocupaciones. <div class=\"colorf \"  ><div class=\"container clearfix\"><div class=\"col-md-7\"><\/p>\r\n<h2><span class=\"ez-toc-section\" id=\"Diferentes_opciones_para_cancelar_un_contrato_con_Sanen_Mutua\"><\/span>Diferentes opciones para cancelar un contrato con Sanen Mutua<span class=\"ez-toc-section-end\"><\/span><\/h2>\r\n<!-- \/wp:post-content -->\r\n\r\n<!-- wp:paragraph -->\r\n<p>En la mayor\u00eda de las aseguradoras se solicita a los clientes del servicio un documento en el que se deje por escrito el deseo de darse de baja del seguro o alg\u00fan que otro servicio. Si no sabes de qu\u00e9 documento estamos hablando, puedes llamarnos al tel\u00e9fono 951 127 403 o contactar con nosotros en nuestro info@idecesos. com. Hay diferentes formas de darse de baja, pero, de cualquier forma, si decide enviar una carta certificada con un modelo est\u00e1ndar de cancelaci\u00f3n de su contrato con Sanen Mutua esta deber\u00e1 d\u00e1rselo por v\u00e1lido. Para una mayor seguridad, debes hacerle una copia al documento entregado a fin de que quede constancia del proceso. Si , por \u00faltimo, no decide escoger este procedimiento, ahora, le mostramos otras formas por las que va a poder darse de baja del seguro de decesos de Sanen Mutua. <\/div><\/div><\/div><\/p>\r\n<h3><span class=\"ez-toc-section\" id=\"A_traves_de_la_web_de_Sanen_Mutua\"><\/span>A trav\u00e9s de la web de Sanen Mutua<span class=\"ez-toc-section-end\"><\/span><\/h3>\r\n<p>Puedes cancelar tu seguro de fallecimiento de manera directa a trav\u00e9s de la compa\u00f1\u00eda del seguro. Solo deber\u00e1s redactar lo que buscas en su web para que te aparezca toda la informaci\u00f3n. Si la web no tiene buscador, encuentra aquella secci\u00f3n que m\u00e1s se le parezca. Para proceder a dar de baja el seguro, deber\u00e1s rellenar el formulario que se te indique. Puedes llamarnos al 951 127 403 o bien mandarnos un correo a info@idecesos. com si precisas que te resolvamos otras cuestiones o bien te demos mayor informaci\u00f3n. Si has rellenado de forma correcta el formulario para dar de baja el seguro, no tardar\u00e1s en percibir un documento donde se te informe de la baja tanto por forma en l\u00ednea como por carta. <div class=\"colorf \"  ><div class=\"container clearfix\"><div class=\"col-md-7\"><\/p>\r\n<h3><span class=\"ez-toc-section\" id=\"Utilizando_el_correo_electronico_de_Sanen_Mutua\"><\/span>Utilizando el correo electr\u00f3nico de Sanen Mutua<span class=\"ez-toc-section-end\"><\/span><\/h3>\r\n<p>Si lo quieres, tambi\u00e9n puede darse de baja con el env\u00edo de un correo electr\u00f3nico. A\u00f1ade esta direcci\u00f3n en tu correo email Sanen Mutua y en solo uno minutos todo va a estar solucionado. Va a deber enviar lo siguiente: copia de su documento de identidad y, la notificaci\u00f3n adecuadamente firmada con sus datos personales, que podr\u00e1 localizarla en la web de la compa\u00f1\u00eda o bien, poni\u00e9ndose en contacto con nosotros al 951 127 403 o bien info@idecesos. com. Va a deber guardar una copia sellada y tener un justificante de recibo para que su ejecuci\u00f3n pueda hacerse. Es necesario, para prevenir futuros inconvenientes, que guarde, de manera segura, una imitaci\u00f3n de la notificaci\u00f3n con la fecha correcta de env\u00edo. <\/div><\/div><\/div><\/p>\r\n<h3><span class=\"ez-toc-section\" id=\"Dar_de_baja_Sanen_Mutua_por_fax\"><\/span>Dar de baja Sanen Mutua por fax<span class=\"ez-toc-section-end\"><\/span><\/h3>\r\n<p>Fax es otro m\u00e9todo para dar de baja su seguro de decesos. Solo cambia con respecto al anterior, la forma en la que mande los documentos. En el fax que mande, va a deber aparecer una copia de su documento de identidad, al lado de la notificaci\u00f3n firmada y, si no la tiene, puede procurarla en la web de Sanen Mutua o poni\u00e9ndose en contacto con nosotros mediante el tel\u00e9fono 951 127 403. Debe conservar la copia sellada y el justificante de su recibo, como en los otros m\u00e9todos. No debe olvidar, guardar al lado de los precedentes documentos, una imitaci\u00f3n de la notificaci\u00f3n y, su data de env\u00edo. <div class=\"colorf \"  ><div class=\"container clearfix\"><div class=\"col-md-7\"><\/p>\r\n<h3><span class=\"ez-toc-section\" id=\"En_la_oficina_de_Sanen_Mutua\"><\/span>En la oficina de Sanen Mutua<span class=\"ez-toc-section-end\"><\/span><\/h3>\r\n<p>Si no le agradan los anteriores m\u00e9todos, podr\u00e1 dar de baja a su seguro de decesos, presencialmente, acudiendo a la oficina pertinente de Sanen Mutua. Haga una busca sobre la oficina m\u00e1s pr\u00f3xima a su hogar y, acuda en el horario estipulado. Sus agentes especializados le atender\u00e1n y dar\u00e1n todos los documentos precisos a fin de que los rellene y firme correctamente. Todo va a ser muy simple, prosiga las indicaciones que le vayan diciendo. Es importante que no olvide llevar su documento nacional de identidad. Al terminar, le dar\u00e1n una copia de todos y cada uno de los documentos y, los especialistas, se ocupar\u00e1n de concluir el proceso de baja de su seguro de decesos. <\/div><\/div><\/div><\/p>\r\n<h3><span class=\"ez-toc-section\" id=\"Telefono_para_dar_de_baja_Sanen_Mutua\"><\/span>T\u00e9lefono para dar de baja Sanen Mutua<span class=\"ez-toc-section-end\"><\/span><\/h3>\r\n<p>Para darse de baja de su seguro de decesos a trav\u00e9s de v\u00eda telef\u00f3nica tendr\u00e1 que seguir los pasos que el agente de Sanen Mutua le vaya diciendo. Para esto, va a deber buscar en internet el n\u00famero de contacto adecuado o llamar de manera directa a este n\u00famero <span class=\"mw31Ze\" aria-label=\"Llamar al n\u00famero de tel\u00e9fono 915 30 77 28\">915 30 77 28<\/span>. En muy poco tiempo, si prosigue con exactitud cada paso recomendado, tendr\u00e1 su contrato de baja apropiadamente cerrado, gracias asimismo, a la colaboraci\u00f3n de los especialistas para completar los tr\u00e1mites. <div class=\"colorf \"  ><div class=\"container clearfix\"><div class=\"col-md-7\"><\/p>\r\n<h2><span class=\"ez-toc-section\" id=\"Dar_de_baja_seguro_Sanen_Mutua_de_un_fallecido\"><\/span>Dar de baja seguro Sanen Mutua de un fallecido<span class=\"ez-toc-section-end\"><\/span><\/h2>\r\n<p>Por \u00faltimo, le daremos las claves a fin de que sepa de qu\u00e9 manera puede dar de baja el seguro, si la persona asegurada ha fallecido. Nos encargaremos de que este m\u00e9todo, que le puede resultar complejo, sea m\u00e1s sencillo y f\u00e1cil de lo que cree. No tiene que preocuparse por nada ni hacer ninguno de los tr\u00e1mites que le hemos explicado anteriormente. En el mismo instante de la muerte de la persona asegurada, Sanen Mutua se encargar\u00e1 de anular el seguro que ten\u00eda contratado. Para la calma de sus familiares, cuando ocurra el fallecimiento del ser querido, la compa\u00f1\u00eda se va a hacer cargo de todos y cada uno de los tr\u00e1mites precisos. <\/div><\/div><\/div> <div class=\"oficinas\"> <h3><span class=\"ez-toc-section\" id=\"Paginas_relacionadas\"><\/span>P\u00e1ginas relacionadas<span class=\"ez-toc-section-end\"><\/span><\/h3><div class=\"enlazado\"><ul> <li><a href=\"https:\/\/idecesos.com\/seguros\/companias\/sanen-mutua\/opiniones\/\">Opiniones Sanen Mutua<\/a><\/li> <li><a href=\"https:\/\/idecesos.com\/seguros\/companias\/sanen-mutua\/precio\/\">Precio seguro Sanen Mutua<\/a><\/li> <li><a href=\"https:\/\/idecesos.com\/seguros\/companias\/sanen-mutua\/prima-mixta\/\">Sanen Mutua Prima Mixta<\/a><\/li> <li><a href=\"https:\/\/idecesos.com\/seguros\/companias\/sanen-mutua\/prima-natural\/\">Sanen Mutua Prima Natural<\/a><\/li> <li><a href=\"https:\/\/idecesos.com\/seguros\/companias\/sanen-mutua\/prima-nivelada\/\">Sanen Mutua Prima Nivelada<\/a><\/li> <li><a href=\"https:\/\/idecesos.com\/seguros\/companias\/sanen-mutua\/prima-unica\/\">Sanen Mutua Prima \u00danica<\/a><\/li> <li><a href=\"https:\/\/idecesos.com\/seguros\/companias\/sanen-mutua\/repatriacion\/\">Sanen Mutua Repatriaci\u00f3n<\/a><\/li> <li><a href=\"https:\/\/idecesos.com\/seguros\/companias\/sanen-mutua\/telefono\/\">Tel\u00e9fono Gratuito Sanen Mutua<\/a><\/li><\/ul><\/div> <\/div><\/p>","protected":false},"excerpt":{"rendered":"<p>Ahora, le vamos a explicar c\u00f3mo dar de baja su seguro de decesos. Si bien pueda parecer una tarea complicada, en iDecesos vas a poder hallar la forma m\u00e1s veloz para dar de baja tu seguro de decesos. En este apartado, ver\u00e1s los pasos a continuar y c\u00f3mo puedes dar de baja el seguro de&hellip; <\/p>\n","protected":false},"author":1,"featured_media":0,"parent":9503,"menu_order":0,"comment_status":"closed","ping_status":"closed","template":"single.php","meta":{"footnotes":""},"class_list":["post-18255","page","type-page","status-publish","hentry"],"yoast_head":"<!-- This site is optimized with the Yoast SEO plugin v27.3 - https:\/\/yoast.com\/product\/yoast-seo-wordpress\/ -->\n<title>\u00bfC\u00f3mo dar de Baja o Cancelar Seguro de Decesos Sanen Mutua?<\/title>\n<meta name=\"description\" content=\"Obt\u00e9n aqu\u00ed\u3010c\u00f3mo dar de baja o cancelar seguro de decesos Sanen Mutua\u3011Modelo carta, fax, correo electr\u00f3nico (email), tel\u00e9fono gratis.\" \/>\n<meta name=\"robots\" content=\"index, follow, max-snippet:-1, max-image-preview:large, max-video-preview:-1\" \/>\n<link rel=\"canonical\" href=\"https:\/\/idecesos.com\/seguros\/companias\/sanen-mutua\/dar-de-baja\/\" \/>\n<meta property=\"og:locale\" content=\"es_ES\" \/>\n<meta property=\"og:type\" content=\"article\" \/>\n<meta property=\"og:title\" content=\"\u00bfC\u00f3mo dar de Baja o Cancelar Seguro de Decesos Sanen Mutua?\" \/>\n<meta property=\"og:description\" content=\"Obt\u00e9n aqu\u00ed\u3010c\u00f3mo dar de baja o cancelar seguro de decesos Sanen Mutua\u3011Modelo carta, fax, correo electr\u00f3nico (email), tel\u00e9fono gratis.\" \/>\n<meta property=\"og:url\" content=\"https:\/\/idecesos.com\/seguros\/companias\/sanen-mutua\/dar-de-baja\/\" \/>\n<meta property=\"article:modified_time\" content=\"2022-01-31T17:13:52+00:00\" \/>\n<meta name=\"twitter:card\" content=\"summary_large_image\" \/>\n<meta name=\"twitter:label1\" content=\"Tiempo de lectura\" \/>\n\t<meta name=\"twitter:data1\" content=\"5 minutos\" \/>\n<script type=\"application\/ld+json\" class=\"yoast-schema-graph\">{\"@context\":\"https:\\\/\\\/schema.org\",\"@graph\":[{\"@type\":\"WebPage\",\"@id\":\"https:\\\/\\\/idecesos.com\\\/seguros\\\/companias\\\/sanen-mutua\\\/dar-de-baja\\\/\",\"url\":\"https:\\\/\\\/idecesos.com\\\/seguros\\\/companias\\\/sanen-mutua\\\/dar-de-baja\\\/\",\"name\":\"\u00bfC\u00f3mo dar de Baja o Cancelar Seguro de Decesos Sanen Mutua?\",\"isPartOf\":{\"@id\":\"https:\\\/\\\/idecesos.com\\\/seguros\\\/#website\"},\"datePublished\":\"2021-12-29T11:53:34+00:00\",\"dateModified\":\"2022-01-31T17:13:52+00:00\",\"description\":\"Obt\u00e9n aqu\u00ed\u3010c\u00f3mo dar de baja o cancelar seguro de decesos Sanen Mutua\u3011Modelo carta, fax, correo electr\u00f3nico (email), tel\u00e9fono gratis.\",\"breadcrumb\":{\"@id\":\"https:\\\/\\\/idecesos.com\\\/seguros\\\/companias\\\/sanen-mutua\\\/dar-de-baja\\\/#breadcrumb\"},\"inLanguage\":\"es\",\"potentialAction\":[{\"@type\":\"ReadAction\",\"target\":[\"https:\\\/\\\/idecesos.com\\\/seguros\\\/companias\\\/sanen-mutua\\\/dar-de-baja\\\/\"]}]},{\"@type\":\"BreadcrumbList\",\"@id\":\"https:\\\/\\\/idecesos.com\\\/seguros\\\/companias\\\/sanen-mutua\\\/dar-de-baja\\\/#breadcrumb\",\"itemListElement\":[{\"@type\":\"ListItem\",\"position\":1,\"name\":\"Portada\",\"item\":\"https:\\\/\\\/idecesos.com\\\/seguros\\\/\"},{\"@type\":\"ListItem\",\"position\":2,\"name\":\"Compa\u00f1\u00edas de Seguros de Decesos en Espa\u00f1a\",\"item\":\"https:\\\/\\\/idecesos.com\\\/seguros\\\/companias\\\/\"},{\"@type\":\"ListItem\",\"position\":3,\"name\":\"Seguro de decesos Sanen Mutua\",\"item\":\"https:\\\/\\\/idecesos.com\\\/seguros\\\/companias\\\/sanen-mutua\\\/\"},{\"@type\":\"ListItem\",\"position\":4,\"name\":\"\u00bfC\u00f3mo dar de baja seguro Sanen Mutua?\"}]},{\"@type\":\"WebSite\",\"@id\":\"https:\\\/\\\/idecesos.com\\\/seguros\\\/#website\",\"url\":\"https:\\\/\\\/idecesos.com\\\/seguros\\\/\",\"name\":\"\",\"description\":\"\",\"potentialAction\":[{\"@type\":\"SearchAction\",\"target\":{\"@type\":\"EntryPoint\",\"urlTemplate\":\"https:\\\/\\\/idecesos.com\\\/seguros\\\/?s={search_term_string}\"},\"query-input\":{\"@type\":\"PropertyValueSpecification\",\"valueRequired\":true,\"valueName\":\"search_term_string\"}}],\"inLanguage\":\"es\"}]}<\/script>\n<!-- \/ Yoast SEO plugin. -->","yoast_head_json":{"title":"\u00bfC\u00f3mo dar de Baja o Cancelar Seguro de Decesos Sanen Mutua?","description":"Obt\u00e9n aqu\u00ed\u3010c\u00f3mo dar de baja o cancelar seguro de decesos Sanen Mutua\u3011Modelo carta, fax, correo electr\u00f3nico (email), tel\u00e9fono gratis.","robots":{"index":"index","follow":"follow","max-snippet":"max-snippet:-1","max-image-preview":"max-image-preview:large","max-video-preview":"max-video-preview:-1"},"canonical":"https:\/\/idecesos.com\/seguros\/companias\/sanen-mutua\/dar-de-baja\/","og_locale":"es_ES","og_type":"article","og_title":"\u00bfC\u00f3mo dar de Baja o Cancelar Seguro de Decesos Sanen Mutua?","og_description":"Obt\u00e9n aqu\u00ed\u3010c\u00f3mo dar de baja o cancelar seguro de decesos Sanen Mutua\u3011Modelo carta, fax, correo electr\u00f3nico (email), tel\u00e9fono gratis.","og_url":"https:\/\/idecesos.com\/seguros\/companias\/sanen-mutua\/dar-de-baja\/","article_modified_time":"2022-01-31T17:13:52+00:00","twitter_card":"summary_large_image","twitter_misc":{"Tiempo de lectura":"5 minutos"},"schema":{"@context":"https:\/\/schema.org","@graph":[{"@type":"WebPage","@id":"https:\/\/idecesos.com\/seguros\/companias\/sanen-mutua\/dar-de-baja\/","url":"https:\/\/idecesos.com\/seguros\/companias\/sanen-mutua\/dar-de-baja\/","name":"\u00bfC\u00f3mo dar de Baja o Cancelar Seguro de Decesos Sanen Mutua?","isPartOf":{"@id":"https:\/\/idecesos.com\/seguros\/#website"},"datePublished":"2021-12-29T11:53:34+00:00","dateModified":"2022-01-31T17:13:52+00:00","description":"Obt\u00e9n aqu\u00ed\u3010c\u00f3mo dar de baja o cancelar seguro de decesos Sanen Mutua\u3011Modelo carta, fax, correo electr\u00f3nico (email), tel\u00e9fono gratis.","breadcrumb":{"@id":"https:\/\/idecesos.com\/seguros\/companias\/sanen-mutua\/dar-de-baja\/#breadcrumb"},"inLanguage":"es","potentialAction":[{"@type":"ReadAction","target":["https:\/\/idecesos.com\/seguros\/companias\/sanen-mutua\/dar-de-baja\/"]}]},{"@type":"BreadcrumbList","@id":"https:\/\/idecesos.com\/seguros\/companias\/sanen-mutua\/dar-de-baja\/#breadcrumb","itemListElement":[{"@type":"ListItem","position":1,"name":"Portada","item":"https:\/\/idecesos.com\/seguros\/"},{"@type":"ListItem","position":2,"name":"Compa\u00f1\u00edas de Seguros de Decesos en Espa\u00f1a","item":"https:\/\/idecesos.com\/seguros\/companias\/"},{"@type":"ListItem","position":3,"name":"Seguro de decesos Sanen Mutua","item":"https:\/\/idecesos.com\/seguros\/companias\/sanen-mutua\/"},{"@type":"ListItem","position":4,"name":"\u00bfC\u00f3mo dar de baja seguro Sanen Mutua?"}]},{"@type":"WebSite","@id":"https:\/\/idecesos.com\/seguros\/#website","url":"https:\/\/idecesos.com\/seguros\/","name":"","description":"","potentialAction":[{"@type":"SearchAction","target":{"@type":"EntryPoint","urlTemplate":"https:\/\/idecesos.com\/seguros\/?s={search_term_string}"},"query-input":{"@type":"PropertyValueSpecification","valueRequired":true,"valueName":"search_term_string"}}],"inLanguage":"es"}]}},"_links":{"self":[{"href":"https:\/\/idecesos.com\/seguros\/wp-json\/wp\/v2\/pages\/18255","targetHints":{"allow":["GET"]}}],"collection":[{"href":"https:\/\/idecesos.com\/seguros\/wp-json\/wp\/v2\/pages"}],"about":[{"href":"https:\/\/idecesos.com\/seguros\/wp-json\/wp\/v2\/types\/page"}],"author":[{"embeddable":true,"href":"https:\/\/idecesos.com\/seguros\/wp-json\/wp\/v2\/users\/1"}],"replies":[{"embeddable":true,"href":"https:\/\/idecesos.com\/seguros\/wp-json\/wp\/v2\/comments?post=18255"}],"version-history":[{"count":1,"href":"https:\/\/idecesos.com\/seguros\/wp-json\/wp\/v2\/pages\/18255\/revisions"}],"predecessor-version":[{"id":19166,"href":"https:\/\/idecesos.com\/seguros\/wp-json\/wp\/v2\/pages\/18255\/revisions\/19166"}],"up":[{"embeddable":true,"href":"https:\/\/idecesos.com\/seguros\/wp-json\/wp\/v2\/pages\/9503"}],"wp:attachment":[{"href":"https:\/\/idecesos.com\/seguros\/wp-json\/wp\/v2\/media?parent=18255"}],"curies":[{"name":"wp","href":"https:\/\/api.w.org\/{rel}","templated":true}]}}