{"id":18256,"date":"2021-12-29T11:53:34","date_gmt":"2021-12-29T11:53:34","guid":{"rendered":"https:\/\/idecesos.com\/seguros\/companias\/psn\/dar-de-baja\/"},"modified":"2022-01-31T17:14:59","modified_gmt":"2022-01-31T17:14:59","slug":"dar-de-baja","status":"publish","type":"page","link":"https:\/\/idecesos.com\/seguros\/companias\/psn\/dar-de-baja\/","title":{"rendered":"\u00bfC\u00f3mo dar de baja seguro PSN?"},"content":{"rendered":"<div id=\"ez-toc-container\" class=\"ez-toc-v2_0_83 ez-toc-wrap-center counter-hierarchy ez-toc-counter ez-toc-custom ez-toc-container-direction\">\n<div class=\"ez-toc-title-container\">\n<p class=\"ez-toc-title\" style=\"cursor:inherit\">Tabla de Contenido<\/p>\n<span class=\"ez-toc-title-toggle\"><a href=\"#\" class=\"ez-toc-pull-right ez-toc-btn ez-toc-btn-xs ez-toc-btn-default ez-toc-toggle\" aria-label=\"Alternar tabla de contenidos\"><span class=\"ez-toc-js-icon-con\"><span class=\"\"><span class=\"eztoc-hide\" style=\"display:none;\">Toggle<\/span><span class=\"ez-toc-icon-toggle-span\"><svg style=\"fill: #db6415;color:#db6415\" xmlns=\"http:\/\/www.w3.org\/2000\/svg\" class=\"list-377408\" width=\"20px\" height=\"20px\" viewBox=\"0 0 24 24\" fill=\"none\"><path d=\"M6 6H4v2h2V6zm14 0H8v2h12V6zM4 11h2v2H4v-2zm16 0H8v2h12v-2zM4 16h2v2H4v-2zm16 0H8v2h12v-2z\" fill=\"currentColor\"><\/path><\/svg><svg style=\"fill: #db6415;color:#db6415\" class=\"arrow-unsorted-368013\" xmlns=\"http:\/\/www.w3.org\/2000\/svg\" width=\"10px\" height=\"10px\" viewBox=\"0 0 24 24\" version=\"1.2\" baseProfile=\"tiny\"><path d=\"M18.2 9.3l-6.2-6.3-6.2 6.3c-.2.2-.3.4-.3.7s.1.5.3.7c.2.2.4.3.7.3h11c.3 0 .5-.1.7-.3.2-.2.3-.5.3-.7s-.1-.5-.3-.7zM5.8 14.7l6.2 6.3 6.2-6.3c.2-.2.3-.5.3-.7s-.1-.5-.3-.7c-.2-.2-.4-.3-.7-.3h-11c-.3 0-.5.1-.7.3-.2.2-.3.5-.3.7s.1.5.3.7z\"\/><\/svg><\/span><\/span><\/span><\/a><\/span><\/div>\n<nav><ul class='ez-toc-list ez-toc-list-level-1 ' ><li class='ez-toc-page-1 ez-toc-heading-level-2'><a class=\"ez-toc-link ez-toc-heading-1\" href=\"https:\/\/idecesos.com\/seguros\/companias\/psn\/dar-de-baja\/#Diferentes_opciones_para_cancelar_un_contrato_con_PSN\" >Diferentes opciones para cancelar un contrato con PSN<\/a><ul class='ez-toc-list-level-3' ><li class='ez-toc-heading-level-3'><a class=\"ez-toc-link ez-toc-heading-2\" href=\"https:\/\/idecesos.com\/seguros\/companias\/psn\/dar-de-baja\/#A_traves_de_la_web_de_PSN\" >A trav\u00e9s de la web de PSN<\/a><\/li><li class='ez-toc-page-1 ez-toc-heading-level-3'><a class=\"ez-toc-link ez-toc-heading-3\" href=\"https:\/\/idecesos.com\/seguros\/companias\/psn\/dar-de-baja\/#Utilizando_el_correo_electronico_de_PSN\" >Utilizando el correo electr\u00f3nico de PSN<\/a><\/li><li class='ez-toc-page-1 ez-toc-heading-level-3'><a class=\"ez-toc-link ez-toc-heading-4\" href=\"https:\/\/idecesos.com\/seguros\/companias\/psn\/dar-de-baja\/#Dar_de_baja_PSN_por_fax\" >Dar de baja PSN por fax<\/a><\/li><li class='ez-toc-page-1 ez-toc-heading-level-3'><a class=\"ez-toc-link ez-toc-heading-5\" href=\"https:\/\/idecesos.com\/seguros\/companias\/psn\/dar-de-baja\/#En_la_oficina_de_PSN\" >En la oficina de PSN<\/a><\/li><li class='ez-toc-page-1 ez-toc-heading-level-3'><a class=\"ez-toc-link ez-toc-heading-6\" href=\"https:\/\/idecesos.com\/seguros\/companias\/psn\/dar-de-baja\/#Telefono_para_dar_de_baja_PSN\" >T\u00e9lefono para dar de baja PSN<\/a><\/li><\/ul><\/li><li class='ez-toc-page-1 ez-toc-heading-level-2'><a class=\"ez-toc-link ez-toc-heading-7\" href=\"https:\/\/idecesos.com\/seguros\/companias\/psn\/dar-de-baja\/#Dar_de_baja_seguro_PSN_de_un_fallecido\" >Dar de baja seguro PSN de un fallecido<\/a><\/li><\/ul><\/nav><\/div>\n<p> iDecesos se ha encargado de estudiar, exhaustivamente, c\u00f3mo dar de baja su seguro de decesos. Llevarlo a cabo es muy f\u00e1cil y, , le mostraremos cada paso que debe continuar a fin de que no tenga que preocuparse. Merced a la informaci\u00f3n que vas a poder recabar, en pocos minutos, vas a tener la posibilidad de realizarlo y dar soluci\u00f3n a sus inconvenientes. Para la tranquilidad de su familia y, la suya, resulta conveniente que se haga de un seguro de decesos que cumpla sus requisitos para prevenir, de esta forma, posibles incidencias en un futuro. Le recordamos ya antes de iniciar que dar es importante avisar a PSN cuando menos con 30 d\u00edas de antelaci\u00f3n de la data de renovaci\u00f3n de su seguro para que as\u00ed no tenga ning\u00fan problema en el futuro y poder dar de baja su seguro de decesos de manera f\u00e1cil. <div class=\"colorf \"  ><div class=\"container clearfix\"><div class=\"col-md-7\"><\/p>\r\n<h2><span class=\"ez-toc-section\" id=\"Diferentes_opciones_para_cancelar_un_contrato_con_PSN\"><\/span>Diferentes opciones para cancelar un contrato con PSN<span class=\"ez-toc-section-end\"><\/span><\/h2>\r\n<!-- \/wp:post-content -->\r\n\r\n<!-- wp:paragraph -->\r\n<p>Cada una de las diferentes compa\u00f1\u00edas de seguros trabajan de forma diferente aunque en casi todas se les pide a los clientes que avisen su deseo de darse de baja del seguro. Si no sabes de qu\u00e9 documento estamos hablando, puedes llamarnos al tel\u00e9fono 951 127 403 o bien contactar con nosotros en nuestro info@idecesos. com. Hay diferentes formas de darse de baja, mas, de cualquier forma, si usted decide enviar una carta certificada con un modelo est\u00e1ndar de cancelaci\u00f3n de su contrato con PSN esta va a deber d\u00e1rselo por v\u00e1lido. Debes guardar el resguardo y hacerle una copia para una mayor seguridad. El m\u00e9todo previamente nombrado es uno de los m\u00e1s comunes. Sin embargo, puedes emplear otros diferentes para dar de baja tu seguro de decesos. <\/div><\/div><\/div><\/p>\r\n<h3><span class=\"ez-toc-section\" id=\"A_traves_de_la_web_de_PSN\"><\/span>A trav\u00e9s de la web de PSN<span class=\"ez-toc-section-end\"><\/span><\/h3>\r\n<p>Uno de los diferentes m\u00e9todos para darse de bajas en el seguro de decesos de PSN es desde su web psn.es\/. Va a ser tan f\u00e1cil como entrar en la secci\u00f3n de bajas o, poner en el buscador de la web lo que quieras saber. Despu\u00e9s prosiga los pasos que le se\u00f1alan y podr\u00e1 darse de baja de sus servicios, o rellenando el formulario que le indican o baj\u00e1ndose el documento que PSN le proporciona. Puede llamar al n\u00famero 900 866 664\u00a0o bien enviar un correo a esta direcci\u00f3n email PSN, si ocurre alguna incidencia en el proceso. Al contrario, si sale todo bien, recibir\u00e1 instant\u00e1neamente un correo por la parte de la compa\u00f1\u00eda, con la confirmaci\u00f3n de baja de su seguro. <div class=\"colorf \"  ><div class=\"container clearfix\"><div class=\"col-md-7\"><\/p>\r\n<h3><span class=\"ez-toc-section\" id=\"Utilizando_el_correo_electronico_de_PSN\"><\/span>Utilizando el correo electr\u00f3nico de PSN<span class=\"ez-toc-section-end\"><\/span><\/h3>\r\n<p>Puedes ponerte en contacto con tu aseguradora por e-mail si quieres acabar un contrato de tu seguro de decesos con ellos. Tendr\u00e1s que enviarles una copia del documento de identidad del asegurado y una notificaci\u00f3n donde se pida el fin del contrato del seguro de decesos firmada con los datos personales. No olvides guardar una copia sellada y el justificante. Otros documentos que no puedes perder es la copia de la notificaci\u00f3n del correo con la data escrita de cuando se envi\u00f3. Debes mandar en los 30 d\u00edas ya antes del fin del contrato el n\u00famero de tu p\u00f3liza a tu compa\u00f1\u00eda aseguradora por e mail. <\/div><\/div><\/div><\/p>\r\n<h3><span class=\"ez-toc-section\" id=\"Dar_de_baja_PSN_por_fax\"><\/span>Dar de baja PSN por fax<span class=\"ez-toc-section-end\"><\/span><\/h3>\r\n<p>El fax es otro elemento por el que va a poder darse de baja del seguro de decesos de PSN. El uso del fax no tiene mayores dificultades de la misma manera que el uso del mail. Mande a PSN a trav\u00e9s de esta herramienta una imitaci\u00f3n de su DNI y la notificaci\u00f3n firmada de baja que puede localizar en la p\u00e1gina web de PSN. Si no sabes d\u00f3nde puedes toparla, contacta con nosotros en el 951 127 403. Le recordamos que, de la misma manera que en todas y cada una de las opciones, debe guardar una copia sellada y tener un justificante de su recibo. La copia de la notificaci\u00f3n con la fecha de env\u00edo asimismo es esencial que la guardes. <div class=\"colorf \"  ><div class=\"container clearfix\"><div class=\"col-md-7\"><\/p>\r\n<h3><span class=\"ez-toc-section\" id=\"En_la_oficina_de_PSN\"><\/span>En la oficina de PSN<span class=\"ez-toc-section-end\"><\/span><\/h3>\r\n<p>Si prefiere llevar el proceso de su baja, manera presencial, va a poder hacerlo acudiendo a las oficinas de PSN. Pregunte o bien busque en su buscador la oficina de PSN m\u00e1s cercana a su casa y dir\u00edjase en el horario estipulado para ser atendido. Los profesionales de la compa\u00f1\u00eda, le ayudar\u00e1n para que pueda rellenar y firmar los documentos precisos correctamente. Solo debe proseguir los pasos que le se\u00f1alen. Es necesario, que lleve su documento de identidad, para el correcto funcionamiento del tr\u00e1mite. Para su calma, el experto se encargar\u00e1 de cerrar los tr\u00e1mites de la baja de su seguro y, le van a dar todas y cada una de las copias de los documentos para que las guarde. <\/div><\/div><\/div><\/p>\r\n<h3><span class=\"ez-toc-section\" id=\"Telefono_para_dar_de_baja_PSN\"><\/span>T\u00e9lefono para dar de baja PSN<span class=\"ez-toc-section-end\"><\/span><\/h3>\r\n<p>Contacta con ellos mediante su telef\u00f3no de atenci\u00f3n para proceder a la baja de tu seguro de decesos. Busque el tel\u00e9fono de PSN en internet o bien llame de manera directa al tel\u00e9fono que le facilitamos a continuaci\u00f3n 900 866 664. Para resolver tus dudas, un agente se pondr\u00e1 en contacto contigo y as\u00ed poder asistirte de una forma plenamente personalizada. Tras las indicaciones del agente, este se ocupar\u00e1 de solventar todas las cuestiones a fin de que puedes dar de baja tu seguro de decesos. No es recomendable continuar sin un seguro de decesos puesto que este te dejar\u00e1 estar mucho m\u00e1s tranquilo. Puedes optar por emplear nuestro comparador en iDecesos para saber cu\u00e1l es el mejor seguro para ti. <div class=\"colorf \"  ><div class=\"container clearfix\"><div class=\"col-md-7\"><\/p>\r\n<h2><span class=\"ez-toc-section\" id=\"Dar_de_baja_seguro_PSN_de_un_fallecido\"><\/span>Dar de baja seguro PSN de un fallecido<span class=\"ez-toc-section-end\"><\/span><\/h2>\r\n<p>Para finalizar, le indicamos c\u00f3mo dar de baja el seguro en el caso de fallecimiento del cliente. Puede parecer bastante dif\u00edcil pero, es uno de los m\u00e9todos m\u00e1s simples. No debe preocuparse por nada ni hacer ninguno de los tr\u00e1mites que le hemos explicado anteriormente. En el instante que muera el asegurado\/a, PSN anular\u00e1 de manera inmediata su seguro. Tras el sepelio del asegurado, PSN va a dar de baja el seguro de la persona fallecida y, su familia, va a poder estar apacible a lo largo de todo el proceso. <\/div><\/div><\/div> <div class=\"oficinas\"> <h3>P\u00e1ginas relacionadas<\/h3><div class=\"enlazado\"><ul> <li><a href=\"https:\/\/idecesos.com\/seguros\/companias\/psn\/opiniones\/\">Opiniones PSN<\/a><\/li> <li><a href=\"https:\/\/idecesos.com\/seguros\/companias\/psn\/precio\/\">Precio seguro PSN<\/a><\/li> <li><a href=\"https:\/\/idecesos.com\/seguros\/companias\/psn\/prima-mixta\/\">PSN Prima Mixta<\/a><\/li> <li><a href=\"https:\/\/idecesos.com\/seguros\/companias\/psn\/prima-natural\/\">PSN Prima Natural<\/a><\/li> <li><a href=\"https:\/\/idecesos.com\/seguros\/companias\/psn\/prima-nivelada\/\">PSN Prima Nivelada<\/a><\/li> <li><a href=\"https:\/\/idecesos.com\/seguros\/companias\/psn\/prima-unica\/\">PSN Prima \u00danica<\/a><\/li> <li><a href=\"https:\/\/idecesos.com\/seguros\/companias\/psn\/repatriacion\/\">PSN Repatriaci\u00f3n<\/a><\/li> <li><a href=\"https:\/\/idecesos.com\/seguros\/companias\/psn\/telefono\/\">Tel\u00e9fono Gratuito PSN<\/a><\/li><\/ul><\/div> <\/div><\/p>","protected":false},"excerpt":{"rendered":"<p>iDecesos se ha encargado de estudiar, exhaustivamente, c\u00f3mo dar de baja su seguro de decesos. Llevarlo a cabo es muy f\u00e1cil y, , le mostraremos cada paso que debe continuar a fin de que no tenga que preocuparse. Merced a la informaci\u00f3n que vas a poder recabar, en pocos minutos, vas a tener la posibilidad&hellip; <\/p>\n","protected":false},"author":1,"featured_media":0,"parent":9506,"menu_order":0,"comment_status":"closed","ping_status":"closed","template":"single.php","meta":{"footnotes":""},"class_list":["post-18256","page","type-page","status-publish","hentry"],"yoast_head":"<!-- This site is optimized with the Yoast SEO plugin v27.5 - https:\/\/yoast.com\/product\/yoast-seo-wordpress\/ -->\n<title>\u00bfC\u00f3mo dar de Baja o Cancelar Seguro de Decesos PSN?<\/title>\n<meta name=\"description\" content=\"Obt\u00e9n aqu\u00ed\u3010c\u00f3mo dar de baja o cancelar seguro de decesos PSN\u3011Modelo carta, fax, correo electr\u00f3nico (email), tel\u00e9fono gratis.\" \/>\n<meta name=\"robots\" content=\"index, follow, max-snippet:-1, max-image-preview:large, max-video-preview:-1\" \/>\n<link rel=\"canonical\" href=\"https:\/\/idecesos.com\/seguros\/companias\/psn\/dar-de-baja\/\" \/>\n<meta property=\"og:locale\" content=\"es_ES\" \/>\n<meta property=\"og:type\" content=\"article\" \/>\n<meta property=\"og:title\" content=\"\u00bfC\u00f3mo dar de Baja o Cancelar Seguro de Decesos PSN?\" \/>\n<meta property=\"og:description\" content=\"Obt\u00e9n aqu\u00ed\u3010c\u00f3mo dar de baja o cancelar seguro de decesos PSN\u3011Modelo carta, fax, correo electr\u00f3nico (email), tel\u00e9fono gratis.\" \/>\n<meta property=\"og:url\" content=\"https:\/\/idecesos.com\/seguros\/companias\/psn\/dar-de-baja\/\" \/>\n<meta property=\"article:modified_time\" content=\"2022-01-31T17:14:59+00:00\" \/>\n<meta name=\"twitter:card\" content=\"summary_large_image\" \/>\n<meta name=\"twitter:label1\" content=\"Tiempo de lectura\" \/>\n\t<meta name=\"twitter:data1\" content=\"5 minutos\" \/>\n<script type=\"application\/ld+json\" class=\"yoast-schema-graph\">{\"@context\":\"https:\\\/\\\/schema.org\",\"@graph\":[{\"@type\":\"WebPage\",\"@id\":\"https:\\\/\\\/idecesos.com\\\/seguros\\\/companias\\\/psn\\\/dar-de-baja\\\/\",\"url\":\"https:\\\/\\\/idecesos.com\\\/seguros\\\/companias\\\/psn\\\/dar-de-baja\\\/\",\"name\":\"\u00bfC\u00f3mo dar de Baja o Cancelar Seguro de Decesos PSN?\",\"isPartOf\":{\"@id\":\"https:\\\/\\\/idecesos.com\\\/seguros\\\/#website\"},\"datePublished\":\"2021-12-29T11:53:34+00:00\",\"dateModified\":\"2022-01-31T17:14:59+00:00\",\"description\":\"Obt\u00e9n aqu\u00ed\u3010c\u00f3mo dar de baja o cancelar seguro de decesos PSN\u3011Modelo carta, fax, correo electr\u00f3nico (email), tel\u00e9fono gratis.\",\"breadcrumb\":{\"@id\":\"https:\\\/\\\/idecesos.com\\\/seguros\\\/companias\\\/psn\\\/dar-de-baja\\\/#breadcrumb\"},\"inLanguage\":\"es\",\"potentialAction\":[{\"@type\":\"ReadAction\",\"target\":[\"https:\\\/\\\/idecesos.com\\\/seguros\\\/companias\\\/psn\\\/dar-de-baja\\\/\"]}]},{\"@type\":\"BreadcrumbList\",\"@id\":\"https:\\\/\\\/idecesos.com\\\/seguros\\\/companias\\\/psn\\\/dar-de-baja\\\/#breadcrumb\",\"itemListElement\":[{\"@type\":\"ListItem\",\"position\":1,\"name\":\"Portada\",\"item\":\"https:\\\/\\\/idecesos.com\\\/seguros\\\/\"},{\"@type\":\"ListItem\",\"position\":2,\"name\":\"Compa\u00f1\u00edas de Seguros de Decesos en Espa\u00f1a\",\"item\":\"https:\\\/\\\/idecesos.com\\\/seguros\\\/companias\\\/\"},{\"@type\":\"ListItem\",\"position\":3,\"name\":\"Seguros de decesos PSN\",\"item\":\"https:\\\/\\\/idecesos.com\\\/seguros\\\/companias\\\/psn\\\/\"},{\"@type\":\"ListItem\",\"position\":4,\"name\":\"\u00bfC\u00f3mo dar de baja seguro PSN?\"}]},{\"@type\":\"WebSite\",\"@id\":\"https:\\\/\\\/idecesos.com\\\/seguros\\\/#website\",\"url\":\"https:\\\/\\\/idecesos.com\\\/seguros\\\/\",\"name\":\"\",\"description\":\"\",\"potentialAction\":[{\"@type\":\"SearchAction\",\"target\":{\"@type\":\"EntryPoint\",\"urlTemplate\":\"https:\\\/\\\/idecesos.com\\\/seguros\\\/?s={search_term_string}\"},\"query-input\":{\"@type\":\"PropertyValueSpecification\",\"valueRequired\":true,\"valueName\":\"search_term_string\"}}],\"inLanguage\":\"es\"}]}<\/script>\n<!-- \/ Yoast SEO plugin. -->","yoast_head_json":{"title":"\u00bfC\u00f3mo dar de Baja o Cancelar Seguro de Decesos PSN?","description":"Obt\u00e9n aqu\u00ed\u3010c\u00f3mo dar de baja o cancelar seguro de decesos PSN\u3011Modelo carta, fax, correo electr\u00f3nico (email), tel\u00e9fono gratis.","robots":{"index":"index","follow":"follow","max-snippet":"max-snippet:-1","max-image-preview":"max-image-preview:large","max-video-preview":"max-video-preview:-1"},"canonical":"https:\/\/idecesos.com\/seguros\/companias\/psn\/dar-de-baja\/","og_locale":"es_ES","og_type":"article","og_title":"\u00bfC\u00f3mo dar de Baja o Cancelar Seguro de Decesos PSN?","og_description":"Obt\u00e9n aqu\u00ed\u3010c\u00f3mo dar de baja o cancelar seguro de decesos PSN\u3011Modelo carta, fax, correo electr\u00f3nico (email), tel\u00e9fono gratis.","og_url":"https:\/\/idecesos.com\/seguros\/companias\/psn\/dar-de-baja\/","article_modified_time":"2022-01-31T17:14:59+00:00","twitter_card":"summary_large_image","twitter_misc":{"Tiempo de lectura":"5 minutos"},"schema":{"@context":"https:\/\/schema.org","@graph":[{"@type":"WebPage","@id":"https:\/\/idecesos.com\/seguros\/companias\/psn\/dar-de-baja\/","url":"https:\/\/idecesos.com\/seguros\/companias\/psn\/dar-de-baja\/","name":"\u00bfC\u00f3mo dar de Baja o Cancelar Seguro de Decesos PSN?","isPartOf":{"@id":"https:\/\/idecesos.com\/seguros\/#website"},"datePublished":"2021-12-29T11:53:34+00:00","dateModified":"2022-01-31T17:14:59+00:00","description":"Obt\u00e9n aqu\u00ed\u3010c\u00f3mo dar de baja o cancelar seguro de decesos PSN\u3011Modelo carta, fax, correo electr\u00f3nico (email), tel\u00e9fono gratis.","breadcrumb":{"@id":"https:\/\/idecesos.com\/seguros\/companias\/psn\/dar-de-baja\/#breadcrumb"},"inLanguage":"es","potentialAction":[{"@type":"ReadAction","target":["https:\/\/idecesos.com\/seguros\/companias\/psn\/dar-de-baja\/"]}]},{"@type":"BreadcrumbList","@id":"https:\/\/idecesos.com\/seguros\/companias\/psn\/dar-de-baja\/#breadcrumb","itemListElement":[{"@type":"ListItem","position":1,"name":"Portada","item":"https:\/\/idecesos.com\/seguros\/"},{"@type":"ListItem","position":2,"name":"Compa\u00f1\u00edas de Seguros de Decesos en Espa\u00f1a","item":"https:\/\/idecesos.com\/seguros\/companias\/"},{"@type":"ListItem","position":3,"name":"Seguros de decesos PSN","item":"https:\/\/idecesos.com\/seguros\/companias\/psn\/"},{"@type":"ListItem","position":4,"name":"\u00bfC\u00f3mo dar de baja seguro PSN?"}]},{"@type":"WebSite","@id":"https:\/\/idecesos.com\/seguros\/#website","url":"https:\/\/idecesos.com\/seguros\/","name":"","description":"","potentialAction":[{"@type":"SearchAction","target":{"@type":"EntryPoint","urlTemplate":"https:\/\/idecesos.com\/seguros\/?s={search_term_string}"},"query-input":{"@type":"PropertyValueSpecification","valueRequired":true,"valueName":"search_term_string"}}],"inLanguage":"es"}]}},"_links":{"self":[{"href":"https:\/\/idecesos.com\/seguros\/wp-json\/wp\/v2\/pages\/18256","targetHints":{"allow":["GET"]}}],"collection":[{"href":"https:\/\/idecesos.com\/seguros\/wp-json\/wp\/v2\/pages"}],"about":[{"href":"https:\/\/idecesos.com\/seguros\/wp-json\/wp\/v2\/types\/page"}],"author":[{"embeddable":true,"href":"https:\/\/idecesos.com\/seguros\/wp-json\/wp\/v2\/users\/1"}],"replies":[{"embeddable":true,"href":"https:\/\/idecesos.com\/seguros\/wp-json\/wp\/v2\/comments?post=18256"}],"version-history":[{"count":1,"href":"https:\/\/idecesos.com\/seguros\/wp-json\/wp\/v2\/pages\/18256\/revisions"}],"predecessor-version":[{"id":19167,"href":"https:\/\/idecesos.com\/seguros\/wp-json\/wp\/v2\/pages\/18256\/revisions\/19167"}],"up":[{"embeddable":true,"href":"https:\/\/idecesos.com\/seguros\/wp-json\/wp\/v2\/pages\/9506"}],"wp:attachment":[{"href":"https:\/\/idecesos.com\/seguros\/wp-json\/wp\/v2\/media?parent=18256"}],"curies":[{"name":"wp","href":"https:\/\/api.w.org\/{rel}","templated":true}]}}