{"id":18257,"date":"2021-12-29T11:53:35","date_gmt":"2021-12-29T11:53:35","guid":{"rendered":"https:\/\/idecesos.com\/seguros\/companias\/previsora-general\/dar-de-baja\/"},"modified":"2022-01-31T17:16:30","modified_gmt":"2022-01-31T17:16:30","slug":"dar-de-baja","status":"publish","type":"page","link":"https:\/\/idecesos.com\/seguros\/companias\/previsora-general\/dar-de-baja\/","title":{"rendered":"\u00bfC\u00f3mo dar de baja seguro Previsora General?"},"content":{"rendered":"<div id=\"ez-toc-container\" class=\"ez-toc-v2_0_82_2 ez-toc-wrap-center counter-hierarchy ez-toc-counter ez-toc-custom ez-toc-container-direction\">\n<div class=\"ez-toc-title-container\">\n<p class=\"ez-toc-title\" style=\"cursor:inherit\">Tabla de Contenido<\/p>\n<span class=\"ez-toc-title-toggle\"><a href=\"#\" class=\"ez-toc-pull-right ez-toc-btn ez-toc-btn-xs ez-toc-btn-default ez-toc-toggle\" aria-label=\"Alternar tabla de contenidos\"><span class=\"ez-toc-js-icon-con\"><span class=\"\"><span class=\"eztoc-hide\" style=\"display:none;\">Toggle<\/span><span class=\"ez-toc-icon-toggle-span\"><svg style=\"fill: #db6415;color:#db6415\" xmlns=\"http:\/\/www.w3.org\/2000\/svg\" class=\"list-377408\" width=\"20px\" height=\"20px\" viewBox=\"0 0 24 24\" fill=\"none\"><path d=\"M6 6H4v2h2V6zm14 0H8v2h12V6zM4 11h2v2H4v-2zm16 0H8v2h12v-2zM4 16h2v2H4v-2zm16 0H8v2h12v-2z\" fill=\"currentColor\"><\/path><\/svg><svg style=\"fill: #db6415;color:#db6415\" class=\"arrow-unsorted-368013\" xmlns=\"http:\/\/www.w3.org\/2000\/svg\" width=\"10px\" height=\"10px\" viewBox=\"0 0 24 24\" version=\"1.2\" baseProfile=\"tiny\"><path d=\"M18.2 9.3l-6.2-6.3-6.2 6.3c-.2.2-.3.4-.3.7s.1.5.3.7c.2.2.4.3.7.3h11c.3 0 .5-.1.7-.3.2-.2.3-.5.3-.7s-.1-.5-.3-.7zM5.8 14.7l6.2 6.3 6.2-6.3c.2-.2.3-.5.3-.7s-.1-.5-.3-.7c-.2-.2-.4-.3-.7-.3h-11c-.3 0-.5.1-.7.3-.2.2-.3.5-.3.7s.1.5.3.7z\"\/><\/svg><\/span><\/span><\/span><\/a><\/span><\/div>\n<nav><ul class='ez-toc-list ez-toc-list-level-1 ' ><li class='ez-toc-page-1 ez-toc-heading-level-2'><a class=\"ez-toc-link ez-toc-heading-1\" href=\"https:\/\/idecesos.com\/seguros\/companias\/previsora-general\/dar-de-baja\/#Diferentes_opciones_para_cancelar_un_contrato_con_Previsora_General\" >Diferentes opciones para cancelar un contrato con Previsora General<\/a><ul class='ez-toc-list-level-3' ><li class='ez-toc-heading-level-3'><a class=\"ez-toc-link ez-toc-heading-2\" href=\"https:\/\/idecesos.com\/seguros\/companias\/previsora-general\/dar-de-baja\/#A_traves_de_la_web_de_Previsora_General\" >A trav\u00e9s de la web de Previsora General<\/a><\/li><li class='ez-toc-page-1 ez-toc-heading-level-3'><a class=\"ez-toc-link ez-toc-heading-3\" href=\"https:\/\/idecesos.com\/seguros\/companias\/previsora-general\/dar-de-baja\/#Utilizando_el_correo_electronico_de_Previsora_General\" >Utilizando el correo electr\u00f3nico de Previsora General<\/a><\/li><li class='ez-toc-page-1 ez-toc-heading-level-3'><a class=\"ez-toc-link ez-toc-heading-4\" href=\"https:\/\/idecesos.com\/seguros\/companias\/previsora-general\/dar-de-baja\/#Dar_de_baja_Previsora_General_por_fax\" >Dar de baja Previsora General por fax<\/a><\/li><li class='ez-toc-page-1 ez-toc-heading-level-3'><a class=\"ez-toc-link ez-toc-heading-5\" href=\"https:\/\/idecesos.com\/seguros\/companias\/previsora-general\/dar-de-baja\/#En_la_oficina_de_Previsora_General\" >En la oficina de Previsora General<\/a><\/li><li class='ez-toc-page-1 ez-toc-heading-level-3'><a class=\"ez-toc-link ez-toc-heading-6\" href=\"https:\/\/idecesos.com\/seguros\/companias\/previsora-general\/dar-de-baja\/#Telefono_para_dar_de_baja_Previsora_General\" >T\u00e9lefono para dar de baja Previsora General<\/a><\/li><\/ul><\/li><li class='ez-toc-page-1 ez-toc-heading-level-2'><a class=\"ez-toc-link ez-toc-heading-7\" href=\"https:\/\/idecesos.com\/seguros\/companias\/previsora-general\/dar-de-baja\/#Dar_de_baja_seguro_Previsora_General_de_un_fallecido\" >Dar de baja seguro Previsora General de un fallecido<\/a><ul class='ez-toc-list-level-3' ><li class='ez-toc-heading-level-3'><a class=\"ez-toc-link ez-toc-heading-8\" href=\"https:\/\/idecesos.com\/seguros\/companias\/previsora-general\/dar-de-baja\/#Paginas_relacionadas\" >P\u00e1ginas relacionadas<\/a><\/li><\/ul><\/li><\/ul><\/nav><\/div>\n<p> Para dar de baja a su seguro de decesos, solo debe proseguir unos sencillos pasos y, de esta forma, no deber\u00e1 preocuparse por nada. iDecesos ha trabajado para explicarte paso por paso de qu\u00e9 forma darse de baja en el seguro de decesos que tiene contratado. Es recomendable que, una vez est\u00e9 todo adecuadamente solucionado, busque otro seguro de decesos, puesto que es muy importante para que sus seres queridos est\u00e9n tranquilos, si cualquier d\u00eda ocurre un imprevisto. Le recordamos que es muy importante que para dar de baja su seguro de decesos debe avisar a Previsora General por lo menos 30 d\u00edas antes de la fecha de renovaci\u00f3n de su seguro para que as\u00ed no tenga ning\u00fan problema m\u00e1s adelante al intentar realizarlo. <div class=\"colorf \"  ><div class=\"container clearfix\"><div class=\"col-md-7\"><\/p>\r\n<h2><span class=\"ez-toc-section\" id=\"Diferentes_opciones_para_cancelar_un_contrato_con_Previsora_General\"><\/span>Diferentes opciones para cancelar un contrato con Previsora General<span class=\"ez-toc-section-end\"><\/span><\/h2>\r\n<!-- \/wp:post-content -->\r\n\r\n<!-- wp:paragraph -->\r\n<p>Un aspecto en com\u00fan de casi todas las compa\u00f1\u00edas es que, piden a sus clientes, un documento en el que aparezcan los motivos o bien deseos por los que quiere dar de baja su seguro de decesos. Hay diferentes formas de darse de baja, pero, de cualquier forma, si usted desea mandar una carta certificada con un modelo est\u00e1ndar de cancelaci\u00f3n de su contrato con Previsora General esta va a deber d\u00e1rselo por v\u00e1lido. Le recomendamos que conserve el resguardo del documento y, m\u00e1s tarde, haga una copia. Si prefiere otros m\u00e9todos para dar de baja su seguro, se los ense\u00f1aremos ahora. <\/div><\/div><\/div><\/p>\r\n<h3><span class=\"ez-toc-section\" id=\"A_traves_de_la_web_de_Previsora_General\"><\/span>A trav\u00e9s de la web de Previsora General<span class=\"ez-toc-section-end\"><\/span><\/h3>\r\n<p>Una de las formas de darse de baja en el seguro de decesos de Previsora General es meti\u00e9ndose en su web www.previsorageneral.com\/ y poner en su buscador lo que necesitas. En ese momento, le aparecer\u00e1n m\u00faltiples opciones. Tendr\u00e1s que seleccionar la indicada y continuar los pasos. Es bastante f\u00e1cil. El n\u00famero de tel\u00e9fono <span class=\"wpex-inline\">933 041 600<\/span> que tiene libre Previsora General, podr\u00e1 emplearlo, en el mismo momento, que le brote una duda o bien no le aparezca esta opci\u00f3n. Para finalizar su solicitud y, en el caso de que s\u00ed le aparezca esa alternativa, va a deber rellenar un formulario o bien descargar el documento que se le solicite. <div class=\"colorf \"  ><div class=\"container clearfix\"><div class=\"col-md-7\"><\/p>\r\n<h3><span class=\"ez-toc-section\" id=\"Utilizando_el_correo_electronico_de_Previsora_General\"><\/span>Utilizando el correo electr\u00f3nico de Previsora General<span class=\"ez-toc-section-end\"><\/span><\/h3>\r\n<p>Si quiere concluir su seguro de decesos Previsora General y siente que no le ofrece las mejores condiciones, puede hacerlo a trav\u00e9s de su correo. En apenas unos minutos va a poder mandarles a su e-mail la siguiente informaci\u00f3n: una copia del documento de identidad del tomador y la notificaci\u00f3n con un escrito solicitando la baja, que anteriormente le hemos dicho de qu\u00e9 forma lograrla, firmada por el asegurado con sus datos personales. No olvides guardar una copia sellada y el justificante. Otros documentos que no puedes perder es la copia de la notificaci\u00f3n del correo con la fecha escrita de cuando se envi\u00f3. Debes enviar en los 30 d\u00edas antes del fin del contrato el n\u00famero de tu p\u00f3liza a tu compa\u00f1\u00eda de seguros por e-mail. <\/div><\/div><\/div><\/p>\r\n<h3><span class=\"ez-toc-section\" id=\"Dar_de_baja_Previsora_General_por_fax\"><\/span>Dar de baja Previsora General por fax<span class=\"ez-toc-section-end\"><\/span><\/h3>\r\n<p>Puedes solicitar la baja de tu seguro de decesos a trav\u00e9s del fax de una manera sencilla y r\u00e1pida con tan solo mandar los datos personales y tu n\u00famero de p\u00f3liza. Para que puedas efectuar la baja de tu seguro de una forma correcta, no te olvides de adjuntar las dos caras de tu documento nacional de identidad. Deber\u00e1s enviar todos los datos al fax de la compa\u00f1\u00eda. Guarda todos los documentos incluido la confirmaci\u00f3n de env\u00edo para evitar inconvenientes futuros con tu compa\u00f1\u00eda de seguros. <div class=\"colorf \"  ><div class=\"container clearfix\"><div class=\"col-md-7\"><\/p>\r\n<h3><span class=\"ez-toc-section\" id=\"En_la_oficina_de_Previsora_General\"><\/span>En la oficina de Previsora General<span class=\"ez-toc-section-end\"><\/span><\/h3>\r\n<p>El m\u00e9todo m\u00e1s f\u00e1cil y r\u00e1pido para dar de baja tu seguro de decesos es personandote en la oficina de tu empresa aseguradora. Esto puede provocar un instante embarazoso para y si tiene claro que quiere anular su contrato deber\u00e1 aportar un escrito solicit\u00e1ndolo con copia de su dni y que en exactamente la misma oficina le apliquen un sello de entrada con el logo oficial de Previsora General y con la data de ese dia. Cuando te ponen el sello, se comprende que todos los recibos entregados se han realizado de manera correcta. Para poder efectuar esta baja tiene que haberse realizado un mes antes del vencimiento del contrato. <\/div><\/div><\/div><\/p>\r\n<h3><span class=\"ez-toc-section\" id=\"Telefono_para_dar_de_baja_Previsora_General\"><\/span>T\u00e9lefono para dar de baja Previsora General<span class=\"ez-toc-section-end\"><\/span><\/h3>\r\n<p>Otro m\u00e9todo es haciendo una llamada a la compa\u00f1\u00eda. Busque el tel\u00e9fono de Previsora General en la red o llame de manera directa desde aqu\u00ed <span class=\"wpex-inline\">933 041 600<\/span>. Indique al asistente para qu\u00e9 exactamente ha llamado y siga los pasos que este le vaya indicando. Siguiendo los pasos indicados, lo tendr\u00e1 todo solucionado r\u00e1pidamente y, el especialista, se encargar\u00e1 de dar fin a su seguro de decesos. Con iDecesos va a poder encontrar un nuevo seguro que se adapte a sus necesidades, equiparando todas y cada una de las opciones posibles. <div class=\"colorf \"  ><div class=\"container clearfix\"><div class=\"col-md-7\"><\/p>\r\n<h2><span class=\"ez-toc-section\" id=\"Dar_de_baja_seguro_Previsora_General_de_un_fallecido\"><\/span>Dar de baja seguro Previsora General de un fallecido<span class=\"ez-toc-section-end\"><\/span><\/h2>\r\n<p>Para finalizar, va a tener una explicaci\u00f3n en detalle de de qu\u00e9 manera dar de baja el seguro, tras el fallecimiento de la persona asegurada. Puede parecer dif\u00edcil pero, es uno de los m\u00e9todos m\u00e1s simples. No deber\u00e1 preocuparse por los tr\u00e1mites citados anteriormente. Previsora General es la responsable de cancelar su seguro de decesos autom\u00e1ticamente tras la muerte de su asegurado. Al prestar su servicio tras el sepelio del cliente del servicio, Previsora General se encargar\u00e1 de dar de baja a la persona fallecida de su aseguradora, con lo que sus familiares no tienen de qu\u00e9 preocuparse, ellos ser\u00e1n los encargados de hacerlo todo y sus familiares no deber\u00e1n hacer nada a este respecto, con lo que puede estar tranquilo. <\/div><\/div><\/div> <div class=\"oficinas\"> <h3><span class=\"ez-toc-section\" id=\"Paginas_relacionadas\"><\/span>P\u00e1ginas relacionadas<span class=\"ez-toc-section-end\"><\/span><\/h3><div class=\"enlazado\"><ul> <li><a href=\"https:\/\/idecesos.com\/seguros\/companias\/previsora-general\/opiniones\/\">Opiniones Previsora General<\/a><\/li> <li><a href=\"https:\/\/idecesos.com\/seguros\/companias\/previsora-general\/precio\/\">Precio seguro Previsora General<\/a><\/li> <li><a href=\"https:\/\/idecesos.com\/seguros\/companias\/previsora-general\/prima-mixta\/\">Previsora General Prima Mixta<\/a><\/li> <li><a href=\"https:\/\/idecesos.com\/seguros\/companias\/previsora-general\/prima-natural\/\">Previsora General Prima Natural<\/a><\/li> <li><a href=\"https:\/\/idecesos.com\/seguros\/companias\/previsora-general\/prima-nivelada\/\">Previsora General Prima Nivelada<\/a><\/li> <li><a href=\"https:\/\/idecesos.com\/seguros\/companias\/previsora-general\/prima-unica\/\">Previsora General Prima \u00danica<\/a><\/li> <li><a href=\"https:\/\/idecesos.com\/seguros\/companias\/previsora-general\/repatriacion\/\">Previsora General Repatriaci\u00f3n<\/a><\/li> <li><a href=\"https:\/\/idecesos.com\/seguros\/companias\/previsora-general\/telefono\/\">Tel\u00e9fono Gratuito Previsora General<\/a><\/li><\/ul><\/div> <\/div><\/p>","protected":false},"excerpt":{"rendered":"<p>Para dar de baja a su seguro de decesos, solo debe proseguir unos sencillos pasos y, de esta forma, no deber\u00e1 preocuparse por nada. iDecesos ha trabajado para explicarte paso por paso de qu\u00e9 forma darse de baja en el seguro de decesos que tiene contratado. Es recomendable que, una vez est\u00e9 todo adecuadamente solucionado,&hellip; <\/p>\n","protected":false},"author":1,"featured_media":0,"parent":9508,"menu_order":0,"comment_status":"closed","ping_status":"closed","template":"single.php","meta":{"footnotes":""},"class_list":["post-18257","page","type-page","status-publish","hentry"],"yoast_head":"<!-- This site is optimized with the Yoast SEO plugin v27.3 - https:\/\/yoast.com\/product\/yoast-seo-wordpress\/ -->\n<title>\u00bfC\u00f3mo dar de Baja o Cancelar Seguro de Decesos Previsora General?<\/title>\n<meta name=\"description\" content=\"Obt\u00e9n aqu\u00ed\u3010c\u00f3mo dar de baja o cancelar seguro de decesos Previsora General\u3011Modelo carta, fax, correo electr\u00f3nico (email), tel\u00e9fono gratis.\" \/>\n<meta name=\"robots\" content=\"index, follow, max-snippet:-1, max-image-preview:large, max-video-preview:-1\" \/>\n<link rel=\"canonical\" href=\"https:\/\/idecesos.com\/seguros\/companias\/previsora-general\/dar-de-baja\/\" \/>\n<meta property=\"og:locale\" content=\"es_ES\" \/>\n<meta property=\"og:type\" content=\"article\" \/>\n<meta property=\"og:title\" content=\"\u00bfC\u00f3mo dar de Baja o Cancelar Seguro de Decesos Previsora General?\" \/>\n<meta property=\"og:description\" content=\"Obt\u00e9n aqu\u00ed\u3010c\u00f3mo dar de baja o cancelar seguro de decesos Previsora General\u3011Modelo carta, fax, correo electr\u00f3nico (email), tel\u00e9fono gratis.\" \/>\n<meta property=\"og:url\" content=\"https:\/\/idecesos.com\/seguros\/companias\/previsora-general\/dar-de-baja\/\" \/>\n<meta property=\"article:modified_time\" content=\"2022-01-31T17:16:30+00:00\" \/>\n<meta name=\"twitter:card\" content=\"summary_large_image\" \/>\n<meta name=\"twitter:label1\" content=\"Tiempo de lectura\" \/>\n\t<meta name=\"twitter:data1\" content=\"5 minutos\" \/>\n<script type=\"application\/ld+json\" class=\"yoast-schema-graph\">{\"@context\":\"https:\\\/\\\/schema.org\",\"@graph\":[{\"@type\":\"WebPage\",\"@id\":\"https:\\\/\\\/idecesos.com\\\/seguros\\\/companias\\\/previsora-general\\\/dar-de-baja\\\/\",\"url\":\"https:\\\/\\\/idecesos.com\\\/seguros\\\/companias\\\/previsora-general\\\/dar-de-baja\\\/\",\"name\":\"\u00bfC\u00f3mo dar de Baja o Cancelar Seguro de Decesos Previsora General?\",\"isPartOf\":{\"@id\":\"https:\\\/\\\/idecesos.com\\\/seguros\\\/#website\"},\"datePublished\":\"2021-12-29T11:53:35+00:00\",\"dateModified\":\"2022-01-31T17:16:30+00:00\",\"description\":\"Obt\u00e9n aqu\u00ed\u3010c\u00f3mo dar de baja o cancelar seguro de decesos Previsora General\u3011Modelo carta, fax, correo electr\u00f3nico (email), tel\u00e9fono gratis.\",\"breadcrumb\":{\"@id\":\"https:\\\/\\\/idecesos.com\\\/seguros\\\/companias\\\/previsora-general\\\/dar-de-baja\\\/#breadcrumb\"},\"inLanguage\":\"es\",\"potentialAction\":[{\"@type\":\"ReadAction\",\"target\":[\"https:\\\/\\\/idecesos.com\\\/seguros\\\/companias\\\/previsora-general\\\/dar-de-baja\\\/\"]}]},{\"@type\":\"BreadcrumbList\",\"@id\":\"https:\\\/\\\/idecesos.com\\\/seguros\\\/companias\\\/previsora-general\\\/dar-de-baja\\\/#breadcrumb\",\"itemListElement\":[{\"@type\":\"ListItem\",\"position\":1,\"name\":\"Portada\",\"item\":\"https:\\\/\\\/idecesos.com\\\/seguros\\\/\"},{\"@type\":\"ListItem\",\"position\":2,\"name\":\"Compa\u00f1\u00edas de Seguros de Decesos en Espa\u00f1a\",\"item\":\"https:\\\/\\\/idecesos.com\\\/seguros\\\/companias\\\/\"},{\"@type\":\"ListItem\",\"position\":3,\"name\":\"Seguro de decesos Previsora General\",\"item\":\"https:\\\/\\\/idecesos.com\\\/seguros\\\/companias\\\/previsora-general\\\/\"},{\"@type\":\"ListItem\",\"position\":4,\"name\":\"\u00bfC\u00f3mo dar de baja seguro Previsora General?\"}]},{\"@type\":\"WebSite\",\"@id\":\"https:\\\/\\\/idecesos.com\\\/seguros\\\/#website\",\"url\":\"https:\\\/\\\/idecesos.com\\\/seguros\\\/\",\"name\":\"\",\"description\":\"\",\"potentialAction\":[{\"@type\":\"SearchAction\",\"target\":{\"@type\":\"EntryPoint\",\"urlTemplate\":\"https:\\\/\\\/idecesos.com\\\/seguros\\\/?s={search_term_string}\"},\"query-input\":{\"@type\":\"PropertyValueSpecification\",\"valueRequired\":true,\"valueName\":\"search_term_string\"}}],\"inLanguage\":\"es\"}]}<\/script>\n<!-- \/ Yoast SEO plugin. -->","yoast_head_json":{"title":"\u00bfC\u00f3mo dar de Baja o Cancelar Seguro de Decesos Previsora General?","description":"Obt\u00e9n aqu\u00ed\u3010c\u00f3mo dar de baja o cancelar seguro de decesos Previsora General\u3011Modelo carta, fax, correo electr\u00f3nico (email), tel\u00e9fono gratis.","robots":{"index":"index","follow":"follow","max-snippet":"max-snippet:-1","max-image-preview":"max-image-preview:large","max-video-preview":"max-video-preview:-1"},"canonical":"https:\/\/idecesos.com\/seguros\/companias\/previsora-general\/dar-de-baja\/","og_locale":"es_ES","og_type":"article","og_title":"\u00bfC\u00f3mo dar de Baja o Cancelar Seguro de Decesos Previsora General?","og_description":"Obt\u00e9n aqu\u00ed\u3010c\u00f3mo dar de baja o cancelar seguro de decesos Previsora General\u3011Modelo carta, fax, correo electr\u00f3nico (email), tel\u00e9fono gratis.","og_url":"https:\/\/idecesos.com\/seguros\/companias\/previsora-general\/dar-de-baja\/","article_modified_time":"2022-01-31T17:16:30+00:00","twitter_card":"summary_large_image","twitter_misc":{"Tiempo de lectura":"5 minutos"},"schema":{"@context":"https:\/\/schema.org","@graph":[{"@type":"WebPage","@id":"https:\/\/idecesos.com\/seguros\/companias\/previsora-general\/dar-de-baja\/","url":"https:\/\/idecesos.com\/seguros\/companias\/previsora-general\/dar-de-baja\/","name":"\u00bfC\u00f3mo dar de Baja o Cancelar Seguro de Decesos Previsora General?","isPartOf":{"@id":"https:\/\/idecesos.com\/seguros\/#website"},"datePublished":"2021-12-29T11:53:35+00:00","dateModified":"2022-01-31T17:16:30+00:00","description":"Obt\u00e9n aqu\u00ed\u3010c\u00f3mo dar de baja o cancelar seguro de decesos Previsora General\u3011Modelo carta, fax, correo electr\u00f3nico (email), tel\u00e9fono gratis.","breadcrumb":{"@id":"https:\/\/idecesos.com\/seguros\/companias\/previsora-general\/dar-de-baja\/#breadcrumb"},"inLanguage":"es","potentialAction":[{"@type":"ReadAction","target":["https:\/\/idecesos.com\/seguros\/companias\/previsora-general\/dar-de-baja\/"]}]},{"@type":"BreadcrumbList","@id":"https:\/\/idecesos.com\/seguros\/companias\/previsora-general\/dar-de-baja\/#breadcrumb","itemListElement":[{"@type":"ListItem","position":1,"name":"Portada","item":"https:\/\/idecesos.com\/seguros\/"},{"@type":"ListItem","position":2,"name":"Compa\u00f1\u00edas de Seguros de Decesos en Espa\u00f1a","item":"https:\/\/idecesos.com\/seguros\/companias\/"},{"@type":"ListItem","position":3,"name":"Seguro de decesos Previsora General","item":"https:\/\/idecesos.com\/seguros\/companias\/previsora-general\/"},{"@type":"ListItem","position":4,"name":"\u00bfC\u00f3mo dar de baja seguro Previsora General?"}]},{"@type":"WebSite","@id":"https:\/\/idecesos.com\/seguros\/#website","url":"https:\/\/idecesos.com\/seguros\/","name":"","description":"","potentialAction":[{"@type":"SearchAction","target":{"@type":"EntryPoint","urlTemplate":"https:\/\/idecesos.com\/seguros\/?s={search_term_string}"},"query-input":{"@type":"PropertyValueSpecification","valueRequired":true,"valueName":"search_term_string"}}],"inLanguage":"es"}]}},"_links":{"self":[{"href":"https:\/\/idecesos.com\/seguros\/wp-json\/wp\/v2\/pages\/18257","targetHints":{"allow":["GET"]}}],"collection":[{"href":"https:\/\/idecesos.com\/seguros\/wp-json\/wp\/v2\/pages"}],"about":[{"href":"https:\/\/idecesos.com\/seguros\/wp-json\/wp\/v2\/types\/page"}],"author":[{"embeddable":true,"href":"https:\/\/idecesos.com\/seguros\/wp-json\/wp\/v2\/users\/1"}],"replies":[{"embeddable":true,"href":"https:\/\/idecesos.com\/seguros\/wp-json\/wp\/v2\/comments?post=18257"}],"version-history":[{"count":1,"href":"https:\/\/idecesos.com\/seguros\/wp-json\/wp\/v2\/pages\/18257\/revisions"}],"predecessor-version":[{"id":19168,"href":"https:\/\/idecesos.com\/seguros\/wp-json\/wp\/v2\/pages\/18257\/revisions\/19168"}],"up":[{"embeddable":true,"href":"https:\/\/idecesos.com\/seguros\/wp-json\/wp\/v2\/pages\/9508"}],"wp:attachment":[{"href":"https:\/\/idecesos.com\/seguros\/wp-json\/wp\/v2\/media?parent=18257"}],"curies":[{"name":"wp","href":"https:\/\/api.w.org\/{rel}","templated":true}]}}