{"id":18258,"date":"2021-12-29T11:53:36","date_gmt":"2021-12-29T11:53:36","guid":{"rendered":"https:\/\/idecesos.com\/seguros\/companias\/ama-mutua\/dar-de-baja\/"},"modified":"2022-01-31T17:17:31","modified_gmt":"2022-01-31T17:17:31","slug":"dar-de-baja","status":"publish","type":"page","link":"https:\/\/idecesos.com\/seguros\/companias\/ama-mutua\/dar-de-baja\/","title":{"rendered":"\u00bfC\u00f3mo dar de baja seguro Ama Mutua?"},"content":{"rendered":"<div id=\"ez-toc-container\" class=\"ez-toc-v2_0_82_2 ez-toc-wrap-center counter-hierarchy ez-toc-counter ez-toc-custom ez-toc-container-direction\">\n<div class=\"ez-toc-title-container\">\n<p class=\"ez-toc-title\" style=\"cursor:inherit\">Tabla de Contenido<\/p>\n<span class=\"ez-toc-title-toggle\"><a href=\"#\" class=\"ez-toc-pull-right ez-toc-btn ez-toc-btn-xs ez-toc-btn-default ez-toc-toggle\" aria-label=\"Alternar tabla de contenidos\"><span class=\"ez-toc-js-icon-con\"><span class=\"\"><span class=\"eztoc-hide\" style=\"display:none;\">Toggle<\/span><span class=\"ez-toc-icon-toggle-span\"><svg style=\"fill: #db6415;color:#db6415\" xmlns=\"http:\/\/www.w3.org\/2000\/svg\" class=\"list-377408\" width=\"20px\" height=\"20px\" viewBox=\"0 0 24 24\" fill=\"none\"><path d=\"M6 6H4v2h2V6zm14 0H8v2h12V6zM4 11h2v2H4v-2zm16 0H8v2h12v-2zM4 16h2v2H4v-2zm16 0H8v2h12v-2z\" fill=\"currentColor\"><\/path><\/svg><svg style=\"fill: #db6415;color:#db6415\" class=\"arrow-unsorted-368013\" xmlns=\"http:\/\/www.w3.org\/2000\/svg\" width=\"10px\" height=\"10px\" viewBox=\"0 0 24 24\" version=\"1.2\" baseProfile=\"tiny\"><path d=\"M18.2 9.3l-6.2-6.3-6.2 6.3c-.2.2-.3.4-.3.7s.1.5.3.7c.2.2.4.3.7.3h11c.3 0 .5-.1.7-.3.2-.2.3-.5.3-.7s-.1-.5-.3-.7zM5.8 14.7l6.2 6.3 6.2-6.3c.2-.2.3-.5.3-.7s-.1-.5-.3-.7c-.2-.2-.4-.3-.7-.3h-11c-.3 0-.5.1-.7.3-.2.2-.3.5-.3.7s.1.5.3.7z\"\/><\/svg><\/span><\/span><\/span><\/a><\/span><\/div>\n<nav><ul class='ez-toc-list ez-toc-list-level-1 ' ><li class='ez-toc-page-1 ez-toc-heading-level-2'><a class=\"ez-toc-link ez-toc-heading-1\" href=\"https:\/\/idecesos.com\/seguros\/companias\/ama-mutua\/dar-de-baja\/#Diferentes_opciones_para_cancelar_un_contrato_con_Ama_Mutua\" >Diferentes opciones para cancelar un contrato con Ama Mutua<\/a><ul class='ez-toc-list-level-3' ><li class='ez-toc-heading-level-3'><a class=\"ez-toc-link ez-toc-heading-2\" href=\"https:\/\/idecesos.com\/seguros\/companias\/ama-mutua\/dar-de-baja\/#A_traves_de_la_web_de_Ama_Mutua\" >A trav\u00e9s de la web de Ama Mutua<\/a><\/li><li class='ez-toc-page-1 ez-toc-heading-level-3'><a class=\"ez-toc-link ez-toc-heading-3\" href=\"https:\/\/idecesos.com\/seguros\/companias\/ama-mutua\/dar-de-baja\/#Utilizando_el_correo_electronico_de_Ama_Mutua\" >Utilizando el correo electr\u00f3nico de Ama Mutua<\/a><\/li><li class='ez-toc-page-1 ez-toc-heading-level-3'><a class=\"ez-toc-link ez-toc-heading-4\" href=\"https:\/\/idecesos.com\/seguros\/companias\/ama-mutua\/dar-de-baja\/#Dar_de_baja_Ama_Mutua_por_fax\" >Dar de baja Ama Mutua por fax<\/a><\/li><li class='ez-toc-page-1 ez-toc-heading-level-3'><a class=\"ez-toc-link ez-toc-heading-5\" href=\"https:\/\/idecesos.com\/seguros\/companias\/ama-mutua\/dar-de-baja\/#En_la_oficina_de_Ama_Mutua\" >En la oficina de Ama Mutua<\/a><\/li><li class='ez-toc-page-1 ez-toc-heading-level-3'><a class=\"ez-toc-link ez-toc-heading-6\" href=\"https:\/\/idecesos.com\/seguros\/companias\/ama-mutua\/dar-de-baja\/#Telefono_para_dar_de_baja_Ama_Mutua\" >T\u00e9lefono para dar de baja Ama Mutua<\/a><\/li><\/ul><\/li><li class='ez-toc-page-1 ez-toc-heading-level-2'><a class=\"ez-toc-link ez-toc-heading-7\" href=\"https:\/\/idecesos.com\/seguros\/companias\/ama-mutua\/dar-de-baja\/#Dar_de_baja_seguro_Ama_Mutua_de_un_fallecido\" >Dar de baja seguro Ama Mutua de un fallecido<\/a><ul class='ez-toc-list-level-3' ><li class='ez-toc-heading-level-3'><a class=\"ez-toc-link ez-toc-heading-8\" href=\"https:\/\/idecesos.com\/seguros\/companias\/ama-mutua\/dar-de-baja\/#Paginas_relacionadas\" >P\u00e1ginas relacionadas<\/a><\/li><\/ul><\/li><\/ul><\/nav><\/div>\n<p> Ahora, le explicaremos de qu\u00e9 manera dar de baja su seguro de decesos. Si piensas que dar de baja el seguro de decesos es complicado, en esta p\u00e1gina vamos a explic\u00e1rtelo de la manera m\u00e1s sencilla posible. Ahora vas a conocer las diferentes formas que tienes para dar de baja tu seguro y los pasos que debes proseguir. Merced a iDecesos, vas a conocer las diferentes opciones que tienes para dar de baja tu seguro de decesos. Nuestra recomendaci\u00f3n es que no des de baja tu seguro ya que en el futuro va a poder servirte para asegurarte y evitarle inconvenientes a tus familiares. <div class=\"colorf \"  ><div class=\"container clearfix\"><div class=\"col-md-7\"><\/p>\r\n<h2><span class=\"ez-toc-section\" id=\"Diferentes_opciones_para_cancelar_un_contrato_con_Ama_Mutua\"><\/span>Diferentes opciones para cancelar un contrato con Ama Mutua<span class=\"ez-toc-section-end\"><\/span><\/h2>\r\n<!-- \/wp:post-content -->\r\n\r\n<!-- wp:paragraph -->\r\n<p>Un aspecto en com\u00fan de pr\u00e1cticamente todas las compa\u00f1\u00edas es que, solicitan a sus clientes del servicio, un documento en el que aparezcan los motivos o deseos por los que quiere dar de baja su seguro de decesos. Aunque haya muchas formas de realizar la cancelaci\u00f3n de su contrato, es v\u00e1lido el env\u00edo de una carta certificada, con el modelo est\u00e1ndar. Le sugerimos que realice una copia del documento y guarde su resguardo. Si de esta forma lo prefiere, le vamos a mostrar m\u00e1s formas para dar de baja su seguro. <\/div><\/div><\/div><\/p>\r\n<h3><span class=\"ez-toc-section\" id=\"A_traves_de_la_web_de_Ama_Mutua\"><\/span>A trav\u00e9s de la web de Ama Mutua<span class=\"ez-toc-section-end\"><\/span><\/h3>\r\n<p>Otros de los m\u00e9todos es desde la web de Ama Mutua: www.amaseguros.com\/. Lo lograr\u00e1s con el f\u00e1cil acto de teclear en el buscador lo que desees saber o bien, entrar en la secci\u00f3n correspondiente. Seguidamente, tendr\u00e1 la posibilidad de rellenar un formulario o descargar el documento para su baja. Si a lo largo del proceso, sucede alg\u00fan inconveniente o bien inconveniente, llame al 900 82 20 82\u00a0o bien mande un mensaje al siguiente mail email Ama Mutua de la compa\u00f1\u00eda. Por el contrario, si todo sale bien, va a recibir de forma instant\u00e1nea un mail por parte de la compa\u00f1\u00eda, con la confirmaci\u00f3n de baja de su seguro. <div class=\"colorf \"  ><div class=\"container clearfix\"><div class=\"col-md-7\"><\/p>\r\n<h3><span class=\"ez-toc-section\" id=\"Utilizando_el_correo_electronico_de_Ama_Mutua\"><\/span>Utilizando el correo electr\u00f3nico de Ama Mutua<span class=\"ez-toc-section-end\"><\/span><\/h3>\r\n<p>Otra opci\u00f3n, es dar de baja su seguro de decesos Ama Mutua por e mail. Va a tener la soluci\u00f3n utilizando el apartado de correo email Ama Mutua de la compa\u00f1\u00eda. Deber\u00e1 enviarle los documentos siguientes: una copia del documento nacional de identidad y, la notificaci\u00f3n firmada, que la encontrar\u00e1 en la web de Ama Mutua y, si no es as\u00ed, llame a nuestro n\u00famero 951 127 403 o m\u00e1ndenos un correo info@idecesos. com. Para poder llevar una correcta ejecuci\u00f3n del proceso, deber\u00e1s guardar una copia sellada y, el justificante del recibo. Para su tranquilidad, guarde una copia de la notificaci\u00f3n, en la que aparezca la data de env\u00edo. <\/div><\/div><\/div><\/p>\r\n<h3><span class=\"ez-toc-section\" id=\"Dar_de_baja_Ama_Mutua_por_fax\"><\/span>Dar de baja Ama Mutua por fax<span class=\"ez-toc-section-end\"><\/span><\/h3>\r\n<p>La baja con Ama Mutua v\u00eda fax es muy similar a la de correo electr\u00f3nico, sencillamente debes remitir los datos personales del tomador de la p\u00f3liza o contratante e se\u00f1alando con el n\u00famero de p\u00f3liza. Con un mes de antelaci\u00f3n que se cancele su contrato a vencimiento para que no se le pase el recibo de Ama Mutua referente a su p\u00f3liza de decesos y deber\u00e1s anexar en el mismo folio las dos caras del DNI para que sea efectiva y legal. Toda esta documentaci\u00f3n hay que enviarla marcando el n\u00famero de fax de Ama Mutua. Guarda todos y cada uno de los documentos incluido la confirmaci\u00f3n de env\u00edo para eludir inconvenientes futuros con tu aseguradora. <div class=\"colorf \"  ><div class=\"container clearfix\"><div class=\"col-md-7\"><\/p>\r\n<h3><span class=\"ez-toc-section\" id=\"En_la_oficina_de_Ama_Mutua\"><\/span>En la oficina de Ama Mutua<span class=\"ez-toc-section-end\"><\/span><\/h3>\r\n<p>Si tienes alguna duda, te invitamos a que acudas a la oficina de tu compa\u00f1\u00eda a fin de que puedas efectuar la baja de tu seguro y sus agentes te asesoren personalmente. Si tienes claro de que deseas cancelar tu seguro de decesos, deber\u00e1s dejarlo por escrito anexando una copia de tu documento de identidad. En la oficina te van a aplicar un sello con la fecha del d\u00eda. Con el sello queda perseverancia de que todos y cada uno de los datos expuestos est\u00e1n correctos. Para poder darse de baja, debe realizarse en el tiempo estipulado por la Ley General de Seguros o lo que es lo mismo, un mes ya antes del fin del contrato. <\/div><\/div><\/div><\/p>\r\n<h3><span class=\"ez-toc-section\" id=\"Telefono_para_dar_de_baja_Ama_Mutua\"><\/span>T\u00e9lefono para dar de baja Ama Mutua<span class=\"ez-toc-section-end\"><\/span><\/h3>\r\n<p>Asimismo podr\u00e1 darse de baja mediante una llamada telef\u00f3nica. Puede buscar su tel\u00e9fono en Internet o bien, llamando al 900 82 20 82. Indique al asistente para qu\u00e9 ha llamado y siga los pasos que este le vaya se\u00f1alando. Prosiga cada paso adecuadamente y, en nada de tiempo, el profesional se pondr\u00e1 en contacto para comunicarle la finalizaci\u00f3n de su contrato. Si tras esto quiere contratar un nuevo seguro, no dude en ver todas y cada una de las opciones y comparar todas y cada una de las ofertas con iDecesos. <div class=\"colorf \"  ><div class=\"container clearfix\"><div class=\"col-md-7\"><\/p>\r\n<h2><span class=\"ez-toc-section\" id=\"Dar_de_baja_seguro_Ama_Mutua_de_un_fallecido\"><\/span>Dar de baja seguro Ama Mutua de un fallecido<span class=\"ez-toc-section-end\"><\/span><\/h2>\r\n<p>Para acabar, va a tener una explicaci\u00f3n en detalle de de qu\u00e9 manera dar de baja el seguro, tras el fallecimiento de la persona asegurada. Debido a la ausencia de la persona que ha contratado el seguro, puede parecer dif\u00edcil su baja pero, con nosotros, va a ser considerablemente m\u00e1s simple de lo que semeja. No debe preocuparse por nada ni hacer ninguno de los tr\u00e1mites que le hemos explicado anteriormente. Ama Mutua anular\u00e1 de manera autom\u00e1tica el seguro de decesos tras el fallecimiento de la persona asegurada. Al prestar su servicio tras el sepelio del cliente del servicio, Ama Mutua se encargar\u00e1 de dar de baja a la persona fallecida de su empresa de seguros, con lo que sus familiares no tienen de qu\u00e9 preocuparse, van a ser los encargados de hacerlo todo y sus familiares no tendr\u00e1n que hacer nada a este respecto, por lo que puede estar tranquilo. <\/div><\/div><\/div> <div class=\"oficinas\"> <h3><span class=\"ez-toc-section\" id=\"Paginas_relacionadas\"><\/span>P\u00e1ginas relacionadas<span class=\"ez-toc-section-end\"><\/span><\/h3><div class=\"enlazado\"><ul> <li><a href=\"https:\/\/idecesos.com\/seguros\/companias\/ama-mutua\/opiniones\/\">Opiniones AMA Mutua<\/a><\/li> <li><a href=\"https:\/\/idecesos.com\/seguros\/companias\/ama-mutua\/precio\/\">Precio seguro Ama Mutua<\/a><\/li> <li><a href=\"https:\/\/idecesos.com\/seguros\/companias\/ama-mutua\/prima-mixta\/\">Ama Mutua Prima Mixta<\/a><\/li> <li><a href=\"https:\/\/idecesos.com\/seguros\/companias\/ama-mutua\/prima-natural\/\">Ama Mutua Prima Natural<\/a><\/li> <li><a href=\"https:\/\/idecesos.com\/seguros\/companias\/ama-mutua\/prima-nivelada\/\">Ama Mutua Prima Nivelada<\/a><\/li> <li><a href=\"https:\/\/idecesos.com\/seguros\/companias\/ama-mutua\/prima-unica\/\">Ama Mutua Prima \u00danica<\/a><\/li> <li><a href=\"https:\/\/idecesos.com\/seguros\/companias\/ama-mutua\/repatriacion\/\">Ama Mutua Repatriaci\u00f3n<\/a><\/li> <li><a href=\"https:\/\/idecesos.com\/seguros\/companias\/ama-mutua\/telefono\/\">Tel\u00e9fono Gratuito Ama Mutua<\/a><\/li><\/ul><\/div> <\/div><\/p>","protected":false},"excerpt":{"rendered":"<p>Ahora, le explicaremos de qu\u00e9 manera dar de baja su seguro de decesos. Si piensas que dar de baja el seguro de decesos es complicado, en esta p\u00e1gina vamos a explic\u00e1rtelo de la manera m\u00e1s sencilla posible. Ahora vas a conocer las diferentes formas que tienes para dar de baja tu seguro y los pasos&hellip; <\/p>\n","protected":false},"author":1,"featured_media":0,"parent":9510,"menu_order":0,"comment_status":"closed","ping_status":"closed","template":"single.php","meta":{"footnotes":""},"class_list":["post-18258","page","type-page","status-publish","hentry"],"yoast_head":"<!-- This site is optimized with the Yoast SEO plugin v27.3 - https:\/\/yoast.com\/product\/yoast-seo-wordpress\/ -->\n<title>\u00bfC\u00f3mo dar de Baja o Cancelar Seguro de Decesos Ama Mutua?<\/title>\n<meta name=\"description\" content=\"Obt\u00e9n aqu\u00ed\u3010c\u00f3mo dar de baja o cancelar seguro de decesos Ama Mutua\u3011Modelo carta, fax, correo electr\u00f3nico (email), tel\u00e9fono gratis.\" \/>\n<meta name=\"robots\" content=\"index, follow, max-snippet:-1, max-image-preview:large, max-video-preview:-1\" \/>\n<link rel=\"canonical\" href=\"https:\/\/idecesos.com\/seguros\/companias\/ama-mutua\/dar-de-baja\/\" \/>\n<meta property=\"og:locale\" content=\"es_ES\" \/>\n<meta property=\"og:type\" content=\"article\" \/>\n<meta property=\"og:title\" content=\"\u00bfC\u00f3mo dar de Baja o Cancelar Seguro de Decesos Ama Mutua?\" \/>\n<meta property=\"og:description\" content=\"Obt\u00e9n aqu\u00ed\u3010c\u00f3mo dar de baja o cancelar seguro de decesos Ama Mutua\u3011Modelo carta, fax, correo electr\u00f3nico (email), tel\u00e9fono gratis.\" \/>\n<meta property=\"og:url\" content=\"https:\/\/idecesos.com\/seguros\/companias\/ama-mutua\/dar-de-baja\/\" \/>\n<meta property=\"article:modified_time\" content=\"2022-01-31T17:17:31+00:00\" \/>\n<meta name=\"twitter:card\" content=\"summary_large_image\" \/>\n<meta name=\"twitter:label1\" content=\"Tiempo de lectura\" \/>\n\t<meta name=\"twitter:data1\" content=\"15 minutos\" \/>\n<script type=\"application\/ld+json\" class=\"yoast-schema-graph\">{\"@context\":\"https:\\\/\\\/schema.org\",\"@graph\":[{\"@type\":\"WebPage\",\"@id\":\"https:\\\/\\\/idecesos.com\\\/seguros\\\/companias\\\/ama-mutua\\\/dar-de-baja\\\/\",\"url\":\"https:\\\/\\\/idecesos.com\\\/seguros\\\/companias\\\/ama-mutua\\\/dar-de-baja\\\/\",\"name\":\"\u00bfC\u00f3mo dar de Baja o Cancelar Seguro de Decesos Ama Mutua?\",\"isPartOf\":{\"@id\":\"https:\\\/\\\/idecesos.com\\\/seguros\\\/#website\"},\"datePublished\":\"2021-12-29T11:53:36+00:00\",\"dateModified\":\"2022-01-31T17:17:31+00:00\",\"description\":\"Obt\u00e9n aqu\u00ed\u3010c\u00f3mo dar de baja o cancelar seguro de decesos Ama Mutua\u3011Modelo carta, fax, correo electr\u00f3nico (email), tel\u00e9fono gratis.\",\"breadcrumb\":{\"@id\":\"https:\\\/\\\/idecesos.com\\\/seguros\\\/companias\\\/ama-mutua\\\/dar-de-baja\\\/#breadcrumb\"},\"inLanguage\":\"es\",\"potentialAction\":[{\"@type\":\"ReadAction\",\"target\":[\"https:\\\/\\\/idecesos.com\\\/seguros\\\/companias\\\/ama-mutua\\\/dar-de-baja\\\/\"]}]},{\"@type\":\"BreadcrumbList\",\"@id\":\"https:\\\/\\\/idecesos.com\\\/seguros\\\/companias\\\/ama-mutua\\\/dar-de-baja\\\/#breadcrumb\",\"itemListElement\":[{\"@type\":\"ListItem\",\"position\":1,\"name\":\"Portada\",\"item\":\"https:\\\/\\\/idecesos.com\\\/seguros\\\/\"},{\"@type\":\"ListItem\",\"position\":2,\"name\":\"Compa\u00f1\u00edas de Seguros de Decesos en Espa\u00f1a\",\"item\":\"https:\\\/\\\/idecesos.com\\\/seguros\\\/companias\\\/\"},{\"@type\":\"ListItem\",\"position\":3,\"name\":\"Seguro de decesos A.M.A Mutua\",\"item\":\"https:\\\/\\\/idecesos.com\\\/seguros\\\/companias\\\/ama-mutua\\\/\"},{\"@type\":\"ListItem\",\"position\":4,\"name\":\"\u00bfC\u00f3mo dar de baja seguro Ama Mutua?\"}]},{\"@type\":\"WebSite\",\"@id\":\"https:\\\/\\\/idecesos.com\\\/seguros\\\/#website\",\"url\":\"https:\\\/\\\/idecesos.com\\\/seguros\\\/\",\"name\":\"\",\"description\":\"\",\"potentialAction\":[{\"@type\":\"SearchAction\",\"target\":{\"@type\":\"EntryPoint\",\"urlTemplate\":\"https:\\\/\\\/idecesos.com\\\/seguros\\\/?s={search_term_string}\"},\"query-input\":{\"@type\":\"PropertyValueSpecification\",\"valueRequired\":true,\"valueName\":\"search_term_string\"}}],\"inLanguage\":\"es\"}]}<\/script>\n<!-- \/ Yoast SEO plugin. -->","yoast_head_json":{"title":"\u00bfC\u00f3mo dar de Baja o Cancelar Seguro de Decesos Ama Mutua?","description":"Obt\u00e9n aqu\u00ed\u3010c\u00f3mo dar de baja o cancelar seguro de decesos Ama Mutua\u3011Modelo carta, fax, correo electr\u00f3nico (email), tel\u00e9fono gratis.","robots":{"index":"index","follow":"follow","max-snippet":"max-snippet:-1","max-image-preview":"max-image-preview:large","max-video-preview":"max-video-preview:-1"},"canonical":"https:\/\/idecesos.com\/seguros\/companias\/ama-mutua\/dar-de-baja\/","og_locale":"es_ES","og_type":"article","og_title":"\u00bfC\u00f3mo dar de Baja o Cancelar Seguro de Decesos Ama Mutua?","og_description":"Obt\u00e9n aqu\u00ed\u3010c\u00f3mo dar de baja o cancelar seguro de decesos Ama Mutua\u3011Modelo carta, fax, correo electr\u00f3nico (email), tel\u00e9fono gratis.","og_url":"https:\/\/idecesos.com\/seguros\/companias\/ama-mutua\/dar-de-baja\/","article_modified_time":"2022-01-31T17:17:31+00:00","twitter_card":"summary_large_image","twitter_misc":{"Tiempo de lectura":"15 minutos"},"schema":{"@context":"https:\/\/schema.org","@graph":[{"@type":"WebPage","@id":"https:\/\/idecesos.com\/seguros\/companias\/ama-mutua\/dar-de-baja\/","url":"https:\/\/idecesos.com\/seguros\/companias\/ama-mutua\/dar-de-baja\/","name":"\u00bfC\u00f3mo dar de Baja o Cancelar Seguro de Decesos Ama Mutua?","isPartOf":{"@id":"https:\/\/idecesos.com\/seguros\/#website"},"datePublished":"2021-12-29T11:53:36+00:00","dateModified":"2022-01-31T17:17:31+00:00","description":"Obt\u00e9n aqu\u00ed\u3010c\u00f3mo dar de baja o cancelar seguro de decesos Ama Mutua\u3011Modelo carta, fax, correo electr\u00f3nico (email), tel\u00e9fono gratis.","breadcrumb":{"@id":"https:\/\/idecesos.com\/seguros\/companias\/ama-mutua\/dar-de-baja\/#breadcrumb"},"inLanguage":"es","potentialAction":[{"@type":"ReadAction","target":["https:\/\/idecesos.com\/seguros\/companias\/ama-mutua\/dar-de-baja\/"]}]},{"@type":"BreadcrumbList","@id":"https:\/\/idecesos.com\/seguros\/companias\/ama-mutua\/dar-de-baja\/#breadcrumb","itemListElement":[{"@type":"ListItem","position":1,"name":"Portada","item":"https:\/\/idecesos.com\/seguros\/"},{"@type":"ListItem","position":2,"name":"Compa\u00f1\u00edas de Seguros de Decesos en Espa\u00f1a","item":"https:\/\/idecesos.com\/seguros\/companias\/"},{"@type":"ListItem","position":3,"name":"Seguro de decesos A.M.A Mutua","item":"https:\/\/idecesos.com\/seguros\/companias\/ama-mutua\/"},{"@type":"ListItem","position":4,"name":"\u00bfC\u00f3mo dar de baja seguro Ama Mutua?"}]},{"@type":"WebSite","@id":"https:\/\/idecesos.com\/seguros\/#website","url":"https:\/\/idecesos.com\/seguros\/","name":"","description":"","potentialAction":[{"@type":"SearchAction","target":{"@type":"EntryPoint","urlTemplate":"https:\/\/idecesos.com\/seguros\/?s={search_term_string}"},"query-input":{"@type":"PropertyValueSpecification","valueRequired":true,"valueName":"search_term_string"}}],"inLanguage":"es"}]}},"_links":{"self":[{"href":"https:\/\/idecesos.com\/seguros\/wp-json\/wp\/v2\/pages\/18258","targetHints":{"allow":["GET"]}}],"collection":[{"href":"https:\/\/idecesos.com\/seguros\/wp-json\/wp\/v2\/pages"}],"about":[{"href":"https:\/\/idecesos.com\/seguros\/wp-json\/wp\/v2\/types\/page"}],"author":[{"embeddable":true,"href":"https:\/\/idecesos.com\/seguros\/wp-json\/wp\/v2\/users\/1"}],"replies":[{"embeddable":true,"href":"https:\/\/idecesos.com\/seguros\/wp-json\/wp\/v2\/comments?post=18258"}],"version-history":[{"count":1,"href":"https:\/\/idecesos.com\/seguros\/wp-json\/wp\/v2\/pages\/18258\/revisions"}],"predecessor-version":[{"id":19169,"href":"https:\/\/idecesos.com\/seguros\/wp-json\/wp\/v2\/pages\/18258\/revisions\/19169"}],"up":[{"embeddable":true,"href":"https:\/\/idecesos.com\/seguros\/wp-json\/wp\/v2\/pages\/9510"}],"wp:attachment":[{"href":"https:\/\/idecesos.com\/seguros\/wp-json\/wp\/v2\/media?parent=18258"}],"curies":[{"name":"wp","href":"https:\/\/api.w.org\/{rel}","templated":true}]}}