{"id":18259,"date":"2021-12-29T11:53:36","date_gmt":"2021-12-29T11:53:36","guid":{"rendered":"https:\/\/idecesos.com\/seguros\/companias\/aegon\/dar-de-baja\/"},"modified":"2022-01-31T17:44:00","modified_gmt":"2022-01-31T17:44:00","slug":"dar-de-baja","status":"publish","type":"page","link":"https:\/\/idecesos.com\/seguros\/companias\/aegon\/dar-de-baja\/","title":{"rendered":"\u00bfC\u00f3mo dar de baja seguro Aegon?"},"content":{"rendered":"<div id=\"ez-toc-container\" class=\"ez-toc-v2_0_82_2 ez-toc-wrap-center counter-hierarchy ez-toc-counter ez-toc-custom ez-toc-container-direction\">\n<div class=\"ez-toc-title-container\">\n<p class=\"ez-toc-title\" style=\"cursor:inherit\">Tabla de Contenido<\/p>\n<span class=\"ez-toc-title-toggle\"><a href=\"#\" class=\"ez-toc-pull-right ez-toc-btn ez-toc-btn-xs ez-toc-btn-default ez-toc-toggle\" aria-label=\"Alternar tabla de contenidos\"><span class=\"ez-toc-js-icon-con\"><span class=\"\"><span class=\"eztoc-hide\" style=\"display:none;\">Toggle<\/span><span class=\"ez-toc-icon-toggle-span\"><svg style=\"fill: #db6415;color:#db6415\" xmlns=\"http:\/\/www.w3.org\/2000\/svg\" class=\"list-377408\" width=\"20px\" height=\"20px\" viewBox=\"0 0 24 24\" fill=\"none\"><path d=\"M6 6H4v2h2V6zm14 0H8v2h12V6zM4 11h2v2H4v-2zm16 0H8v2h12v-2zM4 16h2v2H4v-2zm16 0H8v2h12v-2z\" fill=\"currentColor\"><\/path><\/svg><svg style=\"fill: #db6415;color:#db6415\" class=\"arrow-unsorted-368013\" xmlns=\"http:\/\/www.w3.org\/2000\/svg\" width=\"10px\" height=\"10px\" viewBox=\"0 0 24 24\" version=\"1.2\" baseProfile=\"tiny\"><path d=\"M18.2 9.3l-6.2-6.3-6.2 6.3c-.2.2-.3.4-.3.7s.1.5.3.7c.2.2.4.3.7.3h11c.3 0 .5-.1.7-.3.2-.2.3-.5.3-.7s-.1-.5-.3-.7zM5.8 14.7l6.2 6.3 6.2-6.3c.2-.2.3-.5.3-.7s-.1-.5-.3-.7c-.2-.2-.4-.3-.7-.3h-11c-.3 0-.5.1-.7.3-.2.2-.3.5-.3.7s.1.5.3.7z\"\/><\/svg><\/span><\/span><\/span><\/a><\/span><\/div>\n<nav><ul class='ez-toc-list ez-toc-list-level-1 ' ><li class='ez-toc-page-1 ez-toc-heading-level-2'><a class=\"ez-toc-link ez-toc-heading-1\" href=\"https:\/\/idecesos.com\/seguros\/companias\/aegon\/dar-de-baja\/#Diferentes_opciones_para_cancelar_un_contrato_con_Aegon\" >Diferentes opciones para cancelar un contrato con Aegon<\/a><ul class='ez-toc-list-level-3' ><li class='ez-toc-heading-level-3'><a class=\"ez-toc-link ez-toc-heading-2\" href=\"https:\/\/idecesos.com\/seguros\/companias\/aegon\/dar-de-baja\/#A_traves_de_la_web_de_Aegon\" >A trav\u00e9s de la web de Aegon<\/a><\/li><li class='ez-toc-page-1 ez-toc-heading-level-3'><a class=\"ez-toc-link ez-toc-heading-3\" href=\"https:\/\/idecesos.com\/seguros\/companias\/aegon\/dar-de-baja\/#Utilizando_el_correo_electronico_de_Aegon\" >Utilizando el correo electr\u00f3nico de Aegon<\/a><\/li><li class='ez-toc-page-1 ez-toc-heading-level-3'><a class=\"ez-toc-link ez-toc-heading-4\" href=\"https:\/\/idecesos.com\/seguros\/companias\/aegon\/dar-de-baja\/#Dar_de_baja_Aegon_por_fax\" >Dar de baja Aegon por fax<\/a><\/li><li class='ez-toc-page-1 ez-toc-heading-level-3'><a class=\"ez-toc-link ez-toc-heading-5\" href=\"https:\/\/idecesos.com\/seguros\/companias\/aegon\/dar-de-baja\/#En_la_oficina_de_Aegon\" >En la oficina de Aegon<\/a><\/li><li class='ez-toc-page-1 ez-toc-heading-level-3'><a class=\"ez-toc-link ez-toc-heading-6\" href=\"https:\/\/idecesos.com\/seguros\/companias\/aegon\/dar-de-baja\/#Telefono_para_dar_de_baja_Aegon\" >T\u00e9lefono para dar de baja Aegon<\/a><\/li><\/ul><\/li><li class='ez-toc-page-1 ez-toc-heading-level-2'><a class=\"ez-toc-link ez-toc-heading-7\" href=\"https:\/\/idecesos.com\/seguros\/companias\/aegon\/dar-de-baja\/#Dar_de_baja_seguro_Aegon_de_un_fallecido\" >Dar de baja seguro Aegon de un fallecido<\/a><ul class='ez-toc-list-level-3' ><li class='ez-toc-heading-level-3'><a class=\"ez-toc-link ez-toc-heading-8\" href=\"https:\/\/idecesos.com\/seguros\/companias\/aegon\/dar-de-baja\/#Paginas_relacionadas\" >P\u00e1ginas relacionadas<\/a><\/li><\/ul><\/li><\/ul><\/nav><\/div>\n<p> Es muy simple dar de baja tu seguro con tan solo proseguir los pasos que te mostramos a continuaci\u00f3n. Hay que comenzar por revisar su factura o contrato de seguro de decesos, ah\u00ed hallar\u00e1 los datos de Aegon a la que pertenece su seguro de decesos. Cuando conozcas la informaci\u00f3n precisa de tu empresa aseguradora, podr\u00e1s buscar en la red de redes la direcci\u00f3n de la compa\u00f1\u00eda. Cuando conozcas la direcci\u00f3n de tu empresa de seguros, ponte en contacto con ellos mediante su tel\u00e9fono de atenci\u00f3n al usuario. Puedes dar de baja tu seguro de decesos mediante email o por tel\u00e9fono. Comunica a tu empresa de seguros tu deseo de darte de baja de su seguro de decesos. <div class=\"colorf \"  ><div class=\"container clearfix\"><div class=\"col-md-7\"><\/p>\r\n<h2><span class=\"ez-toc-section\" id=\"Diferentes_opciones_para_cancelar_un_contrato_con_Aegon\"><\/span>Diferentes opciones para cancelar un contrato con Aegon<span class=\"ez-toc-section-end\"><\/span><\/h2>\r\n<!-- \/wp:post-content -->\r\n\r\n<!-- wp:paragraph -->\r\n<p>Estas opciones est\u00e1n basadas en la experiencia de los clientes del servicio que se dieron de baja y que tambi\u00e9n le podr\u00edan servir a usted. Para darse de baja de un seguro de fallecimiento hay muchas opciones comunes en todas y cada una de las empresas aseguradoras. Si no quieres perder el tiempo haciendo llamadas a tu empresa de seguros para poder cancelar el seguro, te invitamos a que asistas directamente a una oficina y entregues el formulario de cancelaci\u00f3n en papel. Si necesitas ayuda sobre de qu\u00e9 forma puedes cancelar tu seguro de decesos, puedes llamarnos por tel\u00e9fono o bien mandarnos un e-mail a nuestro e-mail. <\/div><\/div><\/div><\/p>\r\n<h3><span class=\"ez-toc-section\" id=\"A_traves_de_la_web_de_Aegon\"><\/span>A trav\u00e9s de la web de Aegon<span class=\"ez-toc-section-end\"><\/span><\/h3>\r\n<p>Una de las formas de darse de baja en el seguro de decesos de Aegon es meti\u00e9ndose en su web www.aegon.es\/ y poner en su buscador lo que precisas. En ese momento, hallar\u00e1 un abanico de opciones. Tendr\u00e1s que elegir la indicada y proseguir los pasos. Es realmente simple. El n\u00famero 91 563 20 00\u00a0que tiene libre Aegon, va a poder utilizarlo, en el mismo instante, que le surja una duda o no le aparezca esta opci\u00f3n. Para finalizar su solicitud y, caso de que s\u00ed le aparezca esa opci\u00f3n, va a deber rellenar un formulario o descargar el documento que se le solicite. <div class=\"colorf \"  ><div class=\"container clearfix\"><div class=\"col-md-7\"><\/p>\r\n<h3><span class=\"ez-toc-section\" id=\"Utilizando_el_correo_electronico_de_Aegon\"><\/span>Utilizando el correo electr\u00f3nico de Aegon<span class=\"ez-toc-section-end\"><\/span><\/h3>\r\n<p>Otro modo de darse de baja del seguro de decesos de Aegon es v\u00eda correo. El proceso es sencill\u00edsimo ya que solo deber\u00e1s enviar un correo y vas a recibir en pocos minutos una respuesta. Deber\u00e1s mandar los pr\u00f3ximos documentos a fin de que puedas pedir la devoluci\u00f3n: copia del documento nacional de identidad del asegurado y la notificaci\u00f3n firmada con los datos personales de la persona asegurada. Si no deseas tener inconvenientes, guarda una copia sellada y el justificante. Guarde tambi\u00e9n una copia de la notificaci\u00f3n con su data de env\u00edo, para quedarse a\u00fan m\u00e1s apacibles y no puedan ponerle ninguna pega en un futuro, todo por seguridad. <\/div><\/div><\/div><\/p>\r\n<h3><span class=\"ez-toc-section\" id=\"Dar_de_baja_Aegon_por_fax\"><\/span>Dar de baja Aegon por fax<span class=\"ez-toc-section-end\"><\/span><\/h3>\r\n<p>Otra de las opciones es darse de baja a trav\u00e9s de el fax. Es muy similar al correo electr\u00f3nico. Deber\u00e1 continuar exactamente los mismos pasos, en vez de digital, mandarlo mediante fax. Va a deber enviar mediante esta herramienta una imitaci\u00f3n de su DNI y la notificaci\u00f3n firma de baja que puede hallarla en la web de Aegon o bien te la podemos facilitar nosotros si nos llamas al 91 563 20 00. Le recordamos que debe guardar una copia sellada y tener un justificante de su recibo. Guardar una copia de su notificaci\u00f3n, en la que aparezca la fecha de env\u00edo, va a ser esencial para eludir futuros problemas. <div class=\"colorf \"  ><div class=\"container clearfix\"><div class=\"col-md-7\"><\/p>\r\n<h3><span class=\"ez-toc-section\" id=\"En_la_oficina_de_Aegon\"><\/span>En la oficina de Aegon<span class=\"ez-toc-section-end\"><\/span><\/h3>\r\n<p>Si todos y cada uno de los m\u00e9todos precedentes le parecen realmente dif\u00edciles por el hecho de que no controla muy bien las nuevas tecnolog\u00edas asimismo puede decantarse por ir presencialmente a una oficina de Aegon y all\u00ed va a poder darse de baja tambi\u00e9n de su seguro de decesos. Buscando las oficinas m\u00e1s pr\u00f3ximas a su vivienda en Internet, le aparecer\u00e1n las opciones y va a poder asistir en el horario que tengan estipulado. A fin de que pueda rellenar, de forma \u00f3ptima, los documentos y, m\u00e1s tarde firmarlos, un experto le ayudar\u00e1. Todo ser\u00e1 muy simple, siga las indicaciones que le vayan diciendo. Tenga presente que debe llevar el documento nacional de identidad, para que se puedan llevar las gestiones eficientemente. Al finalizar, le dar\u00e1n una imitaci\u00f3n de todos los documentos y, los especialistas, se ocupar\u00e1n de acabar el proceso de baja de su seguro de decesos. <\/div><\/div><\/div><\/p>\r\n<h3><span class=\"ez-toc-section\" id=\"Telefono_para_dar_de_baja_Aegon\"><\/span>T\u00e9lefono para dar de baja Aegon<span class=\"ez-toc-section-end\"><\/span><\/h3>\r\n<p>Si quiere dar de baja su seguro, por tel\u00e9fono, va a deber proseguir los pasos que Aegon le indique. Por ende, podr\u00e1 contactar buscando su n\u00famero en Internet o, llamando al 91 563 20 00. Si prosigue los pasos indicados, adecuadamente, en escaso tiempo tendr\u00e1 solucionado cada aspecto de su seguro de baja y, los profesionales, van a cerrar los tr\u00e1mites, de manera \u00f3ptima, para su tranquilidad. <div class=\"colorf \"  ><div class=\"container clearfix\"><div class=\"col-md-7\"><\/p>\r\n<h2><span class=\"ez-toc-section\" id=\"Dar_de_baja_seguro_Aegon_de_un_fallecido\"><\/span>Dar de baja seguro Aegon de un fallecido<span class=\"ez-toc-section-end\"><\/span><\/h2>\r\n<p>Si el asegurado muere, autom\u00e1ticamente la compa\u00f1\u00eda aseguradora se encarga de dar de baja al usuario. El expediente se va a cerrar a fin de que no se env\u00eden m\u00e1s recibos a esa persona que termina de fallecer. Se calcular\u00e1 de acuerdo a estimaciones autom\u00e1ticas de la tabla de las primas. <\/div><\/div><\/div> <div class=\"oficinas\"> <h3><span class=\"ez-toc-section\" id=\"Paginas_relacionadas\"><\/span>P\u00e1ginas relacionadas<span class=\"ez-toc-section-end\"><\/span><\/h3><div class=\"enlazado\"><ul> <li><a href=\"https:\/\/idecesos.com\/seguros\/companias\/aegon\/opiniones\/\">Opiniones AEGON<\/a><\/li> <li><a href=\"https:\/\/idecesos.com\/seguros\/companias\/aegon\/precio\/\">Precio seguro Aegon<\/a><\/li> <li><a href=\"https:\/\/idecesos.com\/seguros\/companias\/aegon\/prima-mixta\/\">Aegon Prima Mixta<\/a><\/li> <li><a href=\"https:\/\/idecesos.com\/seguros\/companias\/aegon\/prima-natural\/\">Aegon Prima Natural<\/a><\/li> <li><a href=\"https:\/\/idecesos.com\/seguros\/companias\/aegon\/prima-nivelada\/\">Aegon Prima Nivelada<\/a><\/li> <li><a href=\"https:\/\/idecesos.com\/seguros\/companias\/aegon\/prima-unica\/\">Aegon Prima \u00danica<\/a><\/li> <li><a href=\"https:\/\/idecesos.com\/seguros\/companias\/aegon\/repatriacion\/\">Aegon Repatriaci\u00f3n<\/a><\/li> <li><a href=\"https:\/\/idecesos.com\/seguros\/companias\/aegon\/telefono\/\">Tel\u00e9fono Gratuito Aegon<\/a><\/li><\/ul><\/div> <\/div><\/p>","protected":false},"excerpt":{"rendered":"<p>Es muy simple dar de baja tu seguro con tan solo proseguir los pasos que te mostramos a continuaci\u00f3n. Hay que comenzar por revisar su factura o contrato de seguro de decesos, ah\u00ed hallar\u00e1 los datos de Aegon a la que pertenece su seguro de decesos. Cuando conozcas la informaci\u00f3n precisa de tu empresa aseguradora,&hellip; <\/p>\n","protected":false},"author":1,"featured_media":0,"parent":9512,"menu_order":0,"comment_status":"closed","ping_status":"closed","template":"single.php","meta":{"footnotes":""},"class_list":["post-18259","page","type-page","status-publish","hentry"],"yoast_head":"<!-- This site is optimized with the Yoast SEO plugin v27.5 - https:\/\/yoast.com\/product\/yoast-seo-wordpress\/ -->\n<title>\u00bfC\u00f3mo dar de Baja o Cancelar Seguro de Decesos Aegon?<\/title>\n<meta name=\"description\" content=\"Obt\u00e9n aqu\u00ed\u3010c\u00f3mo dar de baja o cancelar seguro de decesos Aegon\u3011Modelo carta, fax, correo electr\u00f3nico (email), tel\u00e9fono gratis.\" \/>\n<meta name=\"robots\" content=\"index, follow, max-snippet:-1, max-image-preview:large, max-video-preview:-1\" \/>\n<link rel=\"canonical\" href=\"https:\/\/idecesos.com\/seguros\/companias\/aegon\/dar-de-baja\/\" \/>\n<meta property=\"og:locale\" content=\"es_ES\" \/>\n<meta property=\"og:type\" content=\"article\" \/>\n<meta property=\"og:title\" content=\"\u00bfC\u00f3mo dar de Baja o Cancelar Seguro de Decesos Aegon?\" \/>\n<meta property=\"og:description\" content=\"Obt\u00e9n aqu\u00ed\u3010c\u00f3mo dar de baja o cancelar seguro de decesos Aegon\u3011Modelo carta, fax, correo electr\u00f3nico (email), tel\u00e9fono gratis.\" \/>\n<meta property=\"og:url\" content=\"https:\/\/idecesos.com\/seguros\/companias\/aegon\/dar-de-baja\/\" \/>\n<meta property=\"article:modified_time\" content=\"2022-01-31T17:44:00+00:00\" \/>\n<meta name=\"twitter:card\" content=\"summary_large_image\" \/>\n<meta name=\"twitter:label1\" content=\"Tiempo de lectura\" \/>\n\t<meta name=\"twitter:data1\" content=\"15 minutos\" \/>\n<script type=\"application\/ld+json\" class=\"yoast-schema-graph\">{\"@context\":\"https:\\\/\\\/schema.org\",\"@graph\":[{\"@type\":\"WebPage\",\"@id\":\"https:\\\/\\\/idecesos.com\\\/seguros\\\/companias\\\/aegon\\\/dar-de-baja\\\/\",\"url\":\"https:\\\/\\\/idecesos.com\\\/seguros\\\/companias\\\/aegon\\\/dar-de-baja\\\/\",\"name\":\"\u00bfC\u00f3mo dar de Baja o Cancelar Seguro de Decesos Aegon?\",\"isPartOf\":{\"@id\":\"https:\\\/\\\/idecesos.com\\\/seguros\\\/#website\"},\"datePublished\":\"2021-12-29T11:53:36+00:00\",\"dateModified\":\"2022-01-31T17:44:00+00:00\",\"description\":\"Obt\u00e9n aqu\u00ed\u3010c\u00f3mo dar de baja o cancelar seguro de decesos Aegon\u3011Modelo carta, fax, correo electr\u00f3nico (email), tel\u00e9fono gratis.\",\"breadcrumb\":{\"@id\":\"https:\\\/\\\/idecesos.com\\\/seguros\\\/companias\\\/aegon\\\/dar-de-baja\\\/#breadcrumb\"},\"inLanguage\":\"es\",\"potentialAction\":[{\"@type\":\"ReadAction\",\"target\":[\"https:\\\/\\\/idecesos.com\\\/seguros\\\/companias\\\/aegon\\\/dar-de-baja\\\/\"]}]},{\"@type\":\"BreadcrumbList\",\"@id\":\"https:\\\/\\\/idecesos.com\\\/seguros\\\/companias\\\/aegon\\\/dar-de-baja\\\/#breadcrumb\",\"itemListElement\":[{\"@type\":\"ListItem\",\"position\":1,\"name\":\"Portada\",\"item\":\"https:\\\/\\\/idecesos.com\\\/seguros\\\/\"},{\"@type\":\"ListItem\",\"position\":2,\"name\":\"Compa\u00f1\u00edas de Seguros de Decesos en Espa\u00f1a\",\"item\":\"https:\\\/\\\/idecesos.com\\\/seguros\\\/companias\\\/\"},{\"@type\":\"ListItem\",\"position\":3,\"name\":\"Seguro de decesos AEGON\",\"item\":\"https:\\\/\\\/idecesos.com\\\/seguros\\\/companias\\\/aegon\\\/\"},{\"@type\":\"ListItem\",\"position\":4,\"name\":\"\u00bfC\u00f3mo dar de baja seguro Aegon?\"}]},{\"@type\":\"WebSite\",\"@id\":\"https:\\\/\\\/idecesos.com\\\/seguros\\\/#website\",\"url\":\"https:\\\/\\\/idecesos.com\\\/seguros\\\/\",\"name\":\"\",\"description\":\"\",\"potentialAction\":[{\"@type\":\"SearchAction\",\"target\":{\"@type\":\"EntryPoint\",\"urlTemplate\":\"https:\\\/\\\/idecesos.com\\\/seguros\\\/?s={search_term_string}\"},\"query-input\":{\"@type\":\"PropertyValueSpecification\",\"valueRequired\":true,\"valueName\":\"search_term_string\"}}],\"inLanguage\":\"es\"}]}<\/script>\n<!-- \/ Yoast SEO plugin. -->","yoast_head_json":{"title":"\u00bfC\u00f3mo dar de Baja o Cancelar Seguro de Decesos Aegon?","description":"Obt\u00e9n aqu\u00ed\u3010c\u00f3mo dar de baja o cancelar seguro de decesos Aegon\u3011Modelo carta, fax, correo electr\u00f3nico (email), tel\u00e9fono gratis.","robots":{"index":"index","follow":"follow","max-snippet":"max-snippet:-1","max-image-preview":"max-image-preview:large","max-video-preview":"max-video-preview:-1"},"canonical":"https:\/\/idecesos.com\/seguros\/companias\/aegon\/dar-de-baja\/","og_locale":"es_ES","og_type":"article","og_title":"\u00bfC\u00f3mo dar de Baja o Cancelar Seguro de Decesos Aegon?","og_description":"Obt\u00e9n aqu\u00ed\u3010c\u00f3mo dar de baja o cancelar seguro de decesos Aegon\u3011Modelo carta, fax, correo electr\u00f3nico (email), tel\u00e9fono gratis.","og_url":"https:\/\/idecesos.com\/seguros\/companias\/aegon\/dar-de-baja\/","article_modified_time":"2022-01-31T17:44:00+00:00","twitter_card":"summary_large_image","twitter_misc":{"Tiempo de lectura":"15 minutos"},"schema":{"@context":"https:\/\/schema.org","@graph":[{"@type":"WebPage","@id":"https:\/\/idecesos.com\/seguros\/companias\/aegon\/dar-de-baja\/","url":"https:\/\/idecesos.com\/seguros\/companias\/aegon\/dar-de-baja\/","name":"\u00bfC\u00f3mo dar de Baja o Cancelar Seguro de Decesos Aegon?","isPartOf":{"@id":"https:\/\/idecesos.com\/seguros\/#website"},"datePublished":"2021-12-29T11:53:36+00:00","dateModified":"2022-01-31T17:44:00+00:00","description":"Obt\u00e9n aqu\u00ed\u3010c\u00f3mo dar de baja o cancelar seguro de decesos Aegon\u3011Modelo carta, fax, correo electr\u00f3nico (email), tel\u00e9fono gratis.","breadcrumb":{"@id":"https:\/\/idecesos.com\/seguros\/companias\/aegon\/dar-de-baja\/#breadcrumb"},"inLanguage":"es","potentialAction":[{"@type":"ReadAction","target":["https:\/\/idecesos.com\/seguros\/companias\/aegon\/dar-de-baja\/"]}]},{"@type":"BreadcrumbList","@id":"https:\/\/idecesos.com\/seguros\/companias\/aegon\/dar-de-baja\/#breadcrumb","itemListElement":[{"@type":"ListItem","position":1,"name":"Portada","item":"https:\/\/idecesos.com\/seguros\/"},{"@type":"ListItem","position":2,"name":"Compa\u00f1\u00edas de Seguros de Decesos en Espa\u00f1a","item":"https:\/\/idecesos.com\/seguros\/companias\/"},{"@type":"ListItem","position":3,"name":"Seguro de decesos AEGON","item":"https:\/\/idecesos.com\/seguros\/companias\/aegon\/"},{"@type":"ListItem","position":4,"name":"\u00bfC\u00f3mo dar de baja seguro Aegon?"}]},{"@type":"WebSite","@id":"https:\/\/idecesos.com\/seguros\/#website","url":"https:\/\/idecesos.com\/seguros\/","name":"","description":"","potentialAction":[{"@type":"SearchAction","target":{"@type":"EntryPoint","urlTemplate":"https:\/\/idecesos.com\/seguros\/?s={search_term_string}"},"query-input":{"@type":"PropertyValueSpecification","valueRequired":true,"valueName":"search_term_string"}}],"inLanguage":"es"}]}},"_links":{"self":[{"href":"https:\/\/idecesos.com\/seguros\/wp-json\/wp\/v2\/pages\/18259","targetHints":{"allow":["GET"]}}],"collection":[{"href":"https:\/\/idecesos.com\/seguros\/wp-json\/wp\/v2\/pages"}],"about":[{"href":"https:\/\/idecesos.com\/seguros\/wp-json\/wp\/v2\/types\/page"}],"author":[{"embeddable":true,"href":"https:\/\/idecesos.com\/seguros\/wp-json\/wp\/v2\/users\/1"}],"replies":[{"embeddable":true,"href":"https:\/\/idecesos.com\/seguros\/wp-json\/wp\/v2\/comments?post=18259"}],"version-history":[{"count":1,"href":"https:\/\/idecesos.com\/seguros\/wp-json\/wp\/v2\/pages\/18259\/revisions"}],"predecessor-version":[{"id":19170,"href":"https:\/\/idecesos.com\/seguros\/wp-json\/wp\/v2\/pages\/18259\/revisions\/19170"}],"up":[{"embeddable":true,"href":"https:\/\/idecesos.com\/seguros\/wp-json\/wp\/v2\/pages\/9512"}],"wp:attachment":[{"href":"https:\/\/idecesos.com\/seguros\/wp-json\/wp\/v2\/media?parent=18259"}],"curies":[{"name":"wp","href":"https:\/\/api.w.org\/{rel}","templated":true}]}}