{"id":18260,"date":"2021-12-29T11:53:37","date_gmt":"2021-12-29T11:53:37","guid":{"rendered":"https:\/\/idecesos.com\/seguros\/companias\/mmt\/dar-de-baja\/"},"modified":"2022-01-31T17:46:36","modified_gmt":"2022-01-31T17:46:36","slug":"dar-de-baja","status":"publish","type":"page","link":"https:\/\/idecesos.com\/seguros\/companias\/mmt\/dar-de-baja\/","title":{"rendered":"\u00bfC\u00f3mo dar de baja seguro Mmt?"},"content":{"rendered":"<div id=\"ez-toc-container\" class=\"ez-toc-v2_0_82_2 ez-toc-wrap-center counter-hierarchy ez-toc-counter ez-toc-custom ez-toc-container-direction\">\n<div class=\"ez-toc-title-container\">\n<p class=\"ez-toc-title\" style=\"cursor:inherit\">Tabla de Contenido<\/p>\n<span class=\"ez-toc-title-toggle\"><a href=\"#\" class=\"ez-toc-pull-right ez-toc-btn ez-toc-btn-xs ez-toc-btn-default ez-toc-toggle\" aria-label=\"Alternar tabla de contenidos\"><span class=\"ez-toc-js-icon-con\"><span class=\"\"><span class=\"eztoc-hide\" style=\"display:none;\">Toggle<\/span><span class=\"ez-toc-icon-toggle-span\"><svg style=\"fill: #db6415;color:#db6415\" xmlns=\"http:\/\/www.w3.org\/2000\/svg\" class=\"list-377408\" width=\"20px\" height=\"20px\" viewBox=\"0 0 24 24\" fill=\"none\"><path d=\"M6 6H4v2h2V6zm14 0H8v2h12V6zM4 11h2v2H4v-2zm16 0H8v2h12v-2zM4 16h2v2H4v-2zm16 0H8v2h12v-2z\" fill=\"currentColor\"><\/path><\/svg><svg style=\"fill: #db6415;color:#db6415\" class=\"arrow-unsorted-368013\" xmlns=\"http:\/\/www.w3.org\/2000\/svg\" width=\"10px\" height=\"10px\" viewBox=\"0 0 24 24\" version=\"1.2\" baseProfile=\"tiny\"><path d=\"M18.2 9.3l-6.2-6.3-6.2 6.3c-.2.2-.3.4-.3.7s.1.5.3.7c.2.2.4.3.7.3h11c.3 0 .5-.1.7-.3.2-.2.3-.5.3-.7s-.1-.5-.3-.7zM5.8 14.7l6.2 6.3 6.2-6.3c.2-.2.3-.5.3-.7s-.1-.5-.3-.7c-.2-.2-.4-.3-.7-.3h-11c-.3 0-.5.1-.7.3-.2.2-.3.5-.3.7s.1.5.3.7z\"\/><\/svg><\/span><\/span><\/span><\/a><\/span><\/div>\n<nav><ul class='ez-toc-list ez-toc-list-level-1 ' ><li class='ez-toc-page-1 ez-toc-heading-level-2'><a class=\"ez-toc-link ez-toc-heading-1\" href=\"https:\/\/idecesos.com\/seguros\/companias\/mmt\/dar-de-baja\/#Diferentes_opciones_para_cancelar_un_contrato_con_Mmt\" >Diferentes opciones para cancelar un contrato con Mmt<\/a><ul class='ez-toc-list-level-3' ><li class='ez-toc-heading-level-3'><a class=\"ez-toc-link ez-toc-heading-2\" href=\"https:\/\/idecesos.com\/seguros\/companias\/mmt\/dar-de-baja\/#A_traves_de_la_web_de_Mmt\" >A trav\u00e9s de la web de Mmt<\/a><\/li><li class='ez-toc-page-1 ez-toc-heading-level-3'><a class=\"ez-toc-link ez-toc-heading-3\" href=\"https:\/\/idecesos.com\/seguros\/companias\/mmt\/dar-de-baja\/#Utilizando_el_correo_electronico_de_Mmt\" >Utilizando el correo electr\u00f3nico de Mmt<\/a><\/li><li class='ez-toc-page-1 ez-toc-heading-level-3'><a class=\"ez-toc-link ez-toc-heading-4\" href=\"https:\/\/idecesos.com\/seguros\/companias\/mmt\/dar-de-baja\/#Dar_de_baja_Mmt_por_fax\" >Dar de baja Mmt por fax<\/a><\/li><li class='ez-toc-page-1 ez-toc-heading-level-3'><a class=\"ez-toc-link ez-toc-heading-5\" href=\"https:\/\/idecesos.com\/seguros\/companias\/mmt\/dar-de-baja\/#En_la_oficina_de_Mmt\" >En la oficina de Mmt<\/a><\/li><li class='ez-toc-page-1 ez-toc-heading-level-3'><a class=\"ez-toc-link ez-toc-heading-6\" href=\"https:\/\/idecesos.com\/seguros\/companias\/mmt\/dar-de-baja\/#Telefono_para_dar_de_baja_Mmt\" >T\u00e9lefono para dar de baja Mmt<\/a><\/li><\/ul><\/li><li class='ez-toc-page-1 ez-toc-heading-level-2'><a class=\"ez-toc-link ez-toc-heading-7\" href=\"https:\/\/idecesos.com\/seguros\/companias\/mmt\/dar-de-baja\/#Dar_de_baja_seguro_Mmt_de_un_fallecido\" >Dar de baja seguro Mmt de un fallecido<\/a><ul class='ez-toc-list-level-3' ><li class='ez-toc-heading-level-3'><a class=\"ez-toc-link ez-toc-heading-8\" href=\"https:\/\/idecesos.com\/seguros\/companias\/mmt\/dar-de-baja\/#Paginas_relacionadas\" >P\u00e1ginas relacionadas<\/a><\/li><\/ul><\/li><\/ul><\/nav><\/div>\n<p> Es muy sencillo dar de baja su seguro de decesos y, le afirmaremos de qu\u00e9 forma hacerlo. iDecesos te va a mostrar sus conocimientos para dar de baja su seguro de decesos. En tan solo dos minutos ya tendr\u00e1 todo solucionado y podr\u00e1 buscar una nueva opci\u00f3n alternativa si as\u00ed lo desea en tanto que te recomendamos que no se quede sin un seguro de decesos ya que la tranquilidad que este te ofrece le va a ser muy rentable a sus familiares en el momento que ocurra alg\u00fan imprevisible. Le recordamos que es fundamental que para dar de baja su seguro de decesos debe informar a Mmt por lo menos treinta d\u00edas ya antes de la data de renovaci\u00f3n de su seguro para que de esta manera no tenga ning\u00fan inconveniente m\u00e1s adelante al intentar realizarlo. <div class=\"colorf \"  ><div class=\"container clearfix\"><div class=\"col-md-7\"><\/p>\r\n<h2><span class=\"ez-toc-section\" id=\"Diferentes_opciones_para_cancelar_un_contrato_con_Mmt\"><\/span>Diferentes opciones para cancelar un contrato con Mmt<span class=\"ez-toc-section-end\"><\/span><\/h2>\r\n<!-- \/wp:post-content -->\r\n\r\n<!-- wp:paragraph -->\r\n<p>Estas opciones est\u00e1n basadas en la experiencia de los clientes que se dieron de baja y que asimismo le podr\u00edan servir a usted. La manera de dar de baja un seguro de decesos es igual en todas y cada una de las compa\u00f1\u00edas aseguradoras. Ciertas compa\u00f1\u00edas aseguradoras permiten que puedas dar de baja tu seguro de decesos por telef\u00f3no. Sin embargo, en ocasiones, hay compa\u00f1\u00edas que te solicitar\u00e1n que rellenes y mandes el formulario de cancelaci\u00f3n de forma escrita. Puedes ponerte en contacto con nosotros si quieres cancelar tu seguro de decesos de forma telef\u00f3nica. <\/div><\/div><\/div><\/p>\r\n<h3><span class=\"ez-toc-section\" id=\"A_traves_de_la_web_de_Mmt\"><\/span>A trav\u00e9s de la web de Mmt<span class=\"ez-toc-section-end\"><\/span><\/h3>\r\n<p>Es fundamental que revise con detenimiento si tiene todos y cada uno de los datos que pide Mmt en tanto que en caso contrario no lo va a recibir. \u00bfDe qu\u00e9 forma se puede darse de baja en el portal de Mmt en el seguro de decesos?. Una de las maneras de darse de baja en el seguro de decesos de Mmt es poner en su buscador lo que necesita, en ese momento, le aparecer\u00e1n m\u00faltiples opciones, seleccione la m\u00e1s indicada y siga los pasos que le se\u00f1alan, es sencill\u00edsimo. Si no encuentras la opci\u00f3n de dar de baja tu seguro por la p\u00e1gina de la compa\u00f1\u00eda, deber\u00e1s ponerte en contacto con ellos por tel\u00e9fono. Para conseguir que la solicitud de la baja sea tramitada de manera correcta, deber\u00e1s rellenar un formulario. Revisa los datos ya antes de enviar la petici\u00f3n en tanto que si est\u00e1n mal expuestos, vas a tener inconvenientes para recibir la confirmaci\u00f3n de la baja del seguro. <div class=\"colorf \"  ><div class=\"container clearfix\"><div class=\"col-md-7\"><\/p>\r\n<h3><span class=\"ez-toc-section\" id=\"Utilizando_el_correo_electronico_de_Mmt\"><\/span>Utilizando el correo electr\u00f3nico de Mmt<span class=\"ez-toc-section-end\"><\/span><\/h3>\r\n<p>Puedes dar de baja tambi\u00e9n tu seguro de fallecimiento a trav\u00e9s de e mail. Solo debes a\u00f1adir la direcci\u00f3n de e-mail siguiente para tener la baja de tu seguro de decesos solucionada. Env\u00edeles los pr\u00f3ximos documentos: una copia del documento nacional de identidad del contratante y la notificaci\u00f3n firmada por el asegurado con sus datos personales, que puedes localizarla en la p\u00e1gina web de Mmt o puedes ped\u00edrnosla a nosotros a trav\u00e9s de nuestro n\u00famero de tel\u00e9fono 951 127 403 o bien correo info@idecesos. com, como ya hemos comentado anteriormente. No olvides guardar una copia y el justificante a fin de que no tengas ning\u00fan problema. Con una copia de la notificaci\u00f3n te aseguras de no tener ning\u00fan g\u00e9nero de inconveniente en el futuro. <\/div><\/div><\/div><\/p>\r\n<h3><span class=\"ez-toc-section\" id=\"Dar_de_baja_Mmt_por_fax\"><\/span>Dar de baja Mmt por fax<span class=\"ez-toc-section-end\"><\/span><\/h3>\r\n<p>Detallando tus datos personales y tu n\u00famero de p\u00f3liza vas a poder pedir la baja de tu seguro de decesos a trav\u00e9s de el fax. Debes fotocopiar tu documento nacional de identidad y mandarlo tanto por delante como por detr\u00e1s 1 mes antes del fin del contrato de tu seguro de decesos a fin de que se pueda tramitar correctamente. Todos los datos habr\u00e1 de ser enviada al n\u00famero del fax de tu compa\u00f1\u00eda de seguros. Asimismo recomendamos que guarde la confirmaci\u00f3n de env\u00edo por si le demandan la prima a su renovaci\u00f3n. <div class=\"colorf \"  ><div class=\"container clearfix\"><div class=\"col-md-7\"><\/p>\r\n<h3><span class=\"ez-toc-section\" id=\"En_la_oficina_de_Mmt\"><\/span>En la oficina de Mmt<span class=\"ez-toc-section-end\"><\/span><\/h3>\r\n<p>El procedimiento m\u00e1s sencillo y veloz para dar de baja tu seguro de decesos es personandote en la oficina de tu compa\u00f1\u00eda de seguros. Vas a deber presentar un documento dejando perseverancia de tu deseo de cancelar tu seguro de decesos en la oficina. No olvides llevar una copia de tu documento nacional de identidad. Con este sellado Mmt corrobora que est\u00e1 al tanto de todos los recibos para pedir la baja de forma correcta, esto respecto a la forma. Para poder darse de baja, debe realizarse en el tiempo estipulado por la Ley General de Seguros o bien lo que es exactamente lo mismo, un mes ya antes del fin del contrato. <\/div><\/div><\/div><\/p>\r\n<h3><span class=\"ez-toc-section\" id=\"Telefono_para_dar_de_baja_Mmt\"><\/span>T\u00e9lefono para dar de baja Mmt<span class=\"ez-toc-section-end\"><\/span><\/h3>\r\n<p>Si quiere dar de baja su seguro, telef\u00f3nicamente, deber\u00e1 proseguir los pasos que Mmt le indique. Por ende, va a poder contactar buscando su n\u00famero en Internet o, llamando al 91 594 88 00. Para su calma, siguiendo los pasos indicados, cada aspecto va a estar solucionado y, los expertos se encargar\u00e1n de los tr\u00e1mites que falten para cerrar su contrato de baja. <div class=\"colorf \"  ><div class=\"container clearfix\"><div class=\"col-md-7\"><\/p>\r\n<h2><span class=\"ez-toc-section\" id=\"Dar_de_baja_seguro_Mmt_de_un_fallecido\"><\/span>Dar de baja seguro Mmt de un fallecido<span class=\"ez-toc-section-end\"><\/span><\/h2>\r\n<p>Para finalizar, le vamos a explicar de qu\u00e9 forma dar de baja el seguro de decesos tras el fallecimiento del asegurado. Esta, es la manera m\u00e1s f\u00e1cil de cancelar el contrato de un seguro de estas peculiaridades. No tienes que preocuparte por nada ni hacer ninguno de los tr\u00e1mites que hemos explicado anteriormente, no debe hacer nada. Mmt va a ser la responsable de cancelar su seguro de decesos de manera autom\u00e1tica tras su muerte. Para Mmt es fundamental la calma de los familiares y, por esta raz\u00f3n, al finar el asegurado, se ocupar\u00e1 de dar de baja su seguro. <\/div><\/div><\/div> <div class=\"oficinas\"> <h3><span class=\"ez-toc-section\" id=\"Paginas_relacionadas\"><\/span>P\u00e1ginas relacionadas<span class=\"ez-toc-section-end\"><\/span><\/h3><div class=\"enlazado\"><ul> <li><a href=\"https:\/\/idecesos.com\/seguros\/companias\/mmt\/opiniones\/\">Opiniones MMT<\/a><\/li> <li><a href=\"https:\/\/idecesos.com\/seguros\/companias\/mmt\/precio\/\">Precio seguro Mmt<\/a><\/li> <li><a href=\"https:\/\/idecesos.com\/seguros\/companias\/mmt\/prima-mixta\/\">Mmt Prima Mixta<\/a><\/li> <li><a href=\"https:\/\/idecesos.com\/seguros\/companias\/mmt\/prima-natural\/\">Mmt Prima Natural<\/a><\/li> <li><a href=\"https:\/\/idecesos.com\/seguros\/companias\/mmt\/prima-nivelada\/\">Mmt Prima Nivelada<\/a><\/li> <li><a href=\"https:\/\/idecesos.com\/seguros\/companias\/mmt\/prima-unica\/\">Mmt Prima \u00danica<\/a><\/li> <li><a href=\"https:\/\/idecesos.com\/seguros\/companias\/mmt\/repatriacion\/\">Mmt Repatriaci\u00f3n<\/a><\/li> <li><a href=\"https:\/\/idecesos.com\/seguros\/companias\/mmt\/telefono\/\">Tel\u00e9fono Gratuito Mmt<\/a><\/li><\/ul><\/div> <\/div><\/p>","protected":false},"excerpt":{"rendered":"<p>Es muy sencillo dar de baja su seguro de decesos y, le afirmaremos de qu\u00e9 forma hacerlo. iDecesos te va a mostrar sus conocimientos para dar de baja su seguro de decesos. En tan solo dos minutos ya tendr\u00e1 todo solucionado y podr\u00e1 buscar una nueva opci\u00f3n alternativa si as\u00ed lo desea en tanto que&hellip; <\/p>\n","protected":false},"author":1,"featured_media":0,"parent":9515,"menu_order":0,"comment_status":"closed","ping_status":"closed","template":"single.php","meta":{"footnotes":""},"class_list":["post-18260","page","type-page","status-publish","hentry"],"yoast_head":"<!-- This site is optimized with the Yoast SEO plugin v27.3 - https:\/\/yoast.com\/product\/yoast-seo-wordpress\/ -->\n<title>\u00bfC\u00f3mo dar de Baja o Cancelar Seguro de Decesos Mmt?<\/title>\n<meta name=\"description\" content=\"Obt\u00e9n aqu\u00ed\u3010c\u00f3mo dar de baja o cancelar seguro de decesos Mmt\u3011Modelo carta, fax, correo electr\u00f3nico (email), tel\u00e9fono gratis.\" \/>\n<meta name=\"robots\" content=\"index, follow, max-snippet:-1, max-image-preview:large, max-video-preview:-1\" \/>\n<link rel=\"canonical\" href=\"https:\/\/idecesos.com\/seguros\/companias\/mmt\/dar-de-baja\/\" \/>\n<meta property=\"og:locale\" content=\"es_ES\" \/>\n<meta property=\"og:type\" content=\"article\" \/>\n<meta property=\"og:title\" content=\"\u00bfC\u00f3mo dar de Baja o Cancelar Seguro de Decesos Mmt?\" \/>\n<meta property=\"og:description\" content=\"Obt\u00e9n aqu\u00ed\u3010c\u00f3mo dar de baja o cancelar seguro de decesos Mmt\u3011Modelo carta, fax, correo electr\u00f3nico (email), tel\u00e9fono gratis.\" \/>\n<meta property=\"og:url\" content=\"https:\/\/idecesos.com\/seguros\/companias\/mmt\/dar-de-baja\/\" \/>\n<meta property=\"article:modified_time\" content=\"2022-01-31T17:46:36+00:00\" \/>\n<meta name=\"twitter:card\" content=\"summary_large_image\" \/>\n<meta name=\"twitter:label1\" content=\"Tiempo de lectura\" \/>\n\t<meta name=\"twitter:data1\" content=\"5 minutos\" \/>\n<script type=\"application\/ld+json\" class=\"yoast-schema-graph\">{\"@context\":\"https:\\\/\\\/schema.org\",\"@graph\":[{\"@type\":\"WebPage\",\"@id\":\"https:\\\/\\\/idecesos.com\\\/seguros\\\/companias\\\/mmt\\\/dar-de-baja\\\/\",\"url\":\"https:\\\/\\\/idecesos.com\\\/seguros\\\/companias\\\/mmt\\\/dar-de-baja\\\/\",\"name\":\"\u00bfC\u00f3mo dar de Baja o Cancelar Seguro de Decesos Mmt?\",\"isPartOf\":{\"@id\":\"https:\\\/\\\/idecesos.com\\\/seguros\\\/#website\"},\"datePublished\":\"2021-12-29T11:53:37+00:00\",\"dateModified\":\"2022-01-31T17:46:36+00:00\",\"description\":\"Obt\u00e9n aqu\u00ed\u3010c\u00f3mo dar de baja o cancelar seguro de decesos Mmt\u3011Modelo carta, fax, correo electr\u00f3nico (email), tel\u00e9fono gratis.\",\"breadcrumb\":{\"@id\":\"https:\\\/\\\/idecesos.com\\\/seguros\\\/companias\\\/mmt\\\/dar-de-baja\\\/#breadcrumb\"},\"inLanguage\":\"es\",\"potentialAction\":[{\"@type\":\"ReadAction\",\"target\":[\"https:\\\/\\\/idecesos.com\\\/seguros\\\/companias\\\/mmt\\\/dar-de-baja\\\/\"]}]},{\"@type\":\"BreadcrumbList\",\"@id\":\"https:\\\/\\\/idecesos.com\\\/seguros\\\/companias\\\/mmt\\\/dar-de-baja\\\/#breadcrumb\",\"itemListElement\":[{\"@type\":\"ListItem\",\"position\":1,\"name\":\"Portada\",\"item\":\"https:\\\/\\\/idecesos.com\\\/seguros\\\/\"},{\"@type\":\"ListItem\",\"position\":2,\"name\":\"Compa\u00f1\u00edas de Seguros de Decesos en Espa\u00f1a\",\"item\":\"https:\\\/\\\/idecesos.com\\\/seguros\\\/companias\\\/\"},{\"@type\":\"ListItem\",\"position\":3,\"name\":\"Seguro de decesos MMT\",\"item\":\"https:\\\/\\\/idecesos.com\\\/seguros\\\/companias\\\/mmt\\\/\"},{\"@type\":\"ListItem\",\"position\":4,\"name\":\"\u00bfC\u00f3mo dar de baja seguro Mmt?\"}]},{\"@type\":\"WebSite\",\"@id\":\"https:\\\/\\\/idecesos.com\\\/seguros\\\/#website\",\"url\":\"https:\\\/\\\/idecesos.com\\\/seguros\\\/\",\"name\":\"\",\"description\":\"\",\"potentialAction\":[{\"@type\":\"SearchAction\",\"target\":{\"@type\":\"EntryPoint\",\"urlTemplate\":\"https:\\\/\\\/idecesos.com\\\/seguros\\\/?s={search_term_string}\"},\"query-input\":{\"@type\":\"PropertyValueSpecification\",\"valueRequired\":true,\"valueName\":\"search_term_string\"}}],\"inLanguage\":\"es\"}]}<\/script>\n<!-- \/ Yoast SEO plugin. -->","yoast_head_json":{"title":"\u00bfC\u00f3mo dar de Baja o Cancelar Seguro de Decesos Mmt?","description":"Obt\u00e9n aqu\u00ed\u3010c\u00f3mo dar de baja o cancelar seguro de decesos Mmt\u3011Modelo carta, fax, correo electr\u00f3nico (email), tel\u00e9fono gratis.","robots":{"index":"index","follow":"follow","max-snippet":"max-snippet:-1","max-image-preview":"max-image-preview:large","max-video-preview":"max-video-preview:-1"},"canonical":"https:\/\/idecesos.com\/seguros\/companias\/mmt\/dar-de-baja\/","og_locale":"es_ES","og_type":"article","og_title":"\u00bfC\u00f3mo dar de Baja o Cancelar Seguro de Decesos Mmt?","og_description":"Obt\u00e9n aqu\u00ed\u3010c\u00f3mo dar de baja o cancelar seguro de decesos Mmt\u3011Modelo carta, fax, correo electr\u00f3nico (email), tel\u00e9fono gratis.","og_url":"https:\/\/idecesos.com\/seguros\/companias\/mmt\/dar-de-baja\/","article_modified_time":"2022-01-31T17:46:36+00:00","twitter_card":"summary_large_image","twitter_misc":{"Tiempo de lectura":"5 minutos"},"schema":{"@context":"https:\/\/schema.org","@graph":[{"@type":"WebPage","@id":"https:\/\/idecesos.com\/seguros\/companias\/mmt\/dar-de-baja\/","url":"https:\/\/idecesos.com\/seguros\/companias\/mmt\/dar-de-baja\/","name":"\u00bfC\u00f3mo dar de Baja o Cancelar Seguro de Decesos Mmt?","isPartOf":{"@id":"https:\/\/idecesos.com\/seguros\/#website"},"datePublished":"2021-12-29T11:53:37+00:00","dateModified":"2022-01-31T17:46:36+00:00","description":"Obt\u00e9n aqu\u00ed\u3010c\u00f3mo dar de baja o cancelar seguro de decesos Mmt\u3011Modelo carta, fax, correo electr\u00f3nico (email), tel\u00e9fono gratis.","breadcrumb":{"@id":"https:\/\/idecesos.com\/seguros\/companias\/mmt\/dar-de-baja\/#breadcrumb"},"inLanguage":"es","potentialAction":[{"@type":"ReadAction","target":["https:\/\/idecesos.com\/seguros\/companias\/mmt\/dar-de-baja\/"]}]},{"@type":"BreadcrumbList","@id":"https:\/\/idecesos.com\/seguros\/companias\/mmt\/dar-de-baja\/#breadcrumb","itemListElement":[{"@type":"ListItem","position":1,"name":"Portada","item":"https:\/\/idecesos.com\/seguros\/"},{"@type":"ListItem","position":2,"name":"Compa\u00f1\u00edas de Seguros de Decesos en Espa\u00f1a","item":"https:\/\/idecesos.com\/seguros\/companias\/"},{"@type":"ListItem","position":3,"name":"Seguro de decesos MMT","item":"https:\/\/idecesos.com\/seguros\/companias\/mmt\/"},{"@type":"ListItem","position":4,"name":"\u00bfC\u00f3mo dar de baja seguro Mmt?"}]},{"@type":"WebSite","@id":"https:\/\/idecesos.com\/seguros\/#website","url":"https:\/\/idecesos.com\/seguros\/","name":"","description":"","potentialAction":[{"@type":"SearchAction","target":{"@type":"EntryPoint","urlTemplate":"https:\/\/idecesos.com\/seguros\/?s={search_term_string}"},"query-input":{"@type":"PropertyValueSpecification","valueRequired":true,"valueName":"search_term_string"}}],"inLanguage":"es"}]}},"_links":{"self":[{"href":"https:\/\/idecesos.com\/seguros\/wp-json\/wp\/v2\/pages\/18260","targetHints":{"allow":["GET"]}}],"collection":[{"href":"https:\/\/idecesos.com\/seguros\/wp-json\/wp\/v2\/pages"}],"about":[{"href":"https:\/\/idecesos.com\/seguros\/wp-json\/wp\/v2\/types\/page"}],"author":[{"embeddable":true,"href":"https:\/\/idecesos.com\/seguros\/wp-json\/wp\/v2\/users\/1"}],"replies":[{"embeddable":true,"href":"https:\/\/idecesos.com\/seguros\/wp-json\/wp\/v2\/comments?post=18260"}],"version-history":[{"count":2,"href":"https:\/\/idecesos.com\/seguros\/wp-json\/wp\/v2\/pages\/18260\/revisions"}],"predecessor-version":[{"id":19172,"href":"https:\/\/idecesos.com\/seguros\/wp-json\/wp\/v2\/pages\/18260\/revisions\/19172"}],"up":[{"embeddable":true,"href":"https:\/\/idecesos.com\/seguros\/wp-json\/wp\/v2\/pages\/9515"}],"wp:attachment":[{"href":"https:\/\/idecesos.com\/seguros\/wp-json\/wp\/v2\/media?parent=18260"}],"curies":[{"name":"wp","href":"https:\/\/api.w.org\/{rel}","templated":true}]}}