{"id":18262,"date":"2021-12-29T11:53:38","date_gmt":"2021-12-29T11:53:38","guid":{"rendered":"https:\/\/idecesos.com\/seguros\/companias\/genesis\/dar-de-baja\/"},"modified":"2022-01-31T17:48:50","modified_gmt":"2022-01-31T17:48:50","slug":"dar-de-baja","status":"publish","type":"page","link":"https:\/\/idecesos.com\/seguros\/companias\/genesis\/dar-de-baja\/","title":{"rendered":"\u00bfC\u00f3mo dar de baja seguro Genesis?"},"content":{"rendered":"<div id=\"ez-toc-container\" class=\"ez-toc-v2_0_82_2 ez-toc-wrap-center counter-hierarchy ez-toc-counter ez-toc-custom ez-toc-container-direction\">\n<div class=\"ez-toc-title-container\">\n<p class=\"ez-toc-title\" style=\"cursor:inherit\">Tabla de Contenido<\/p>\n<span class=\"ez-toc-title-toggle\"><a href=\"#\" class=\"ez-toc-pull-right ez-toc-btn ez-toc-btn-xs ez-toc-btn-default ez-toc-toggle\" aria-label=\"Alternar tabla de contenidos\"><span class=\"ez-toc-js-icon-con\"><span class=\"\"><span class=\"eztoc-hide\" style=\"display:none;\">Toggle<\/span><span class=\"ez-toc-icon-toggle-span\"><svg style=\"fill: #db6415;color:#db6415\" xmlns=\"http:\/\/www.w3.org\/2000\/svg\" class=\"list-377408\" width=\"20px\" height=\"20px\" viewBox=\"0 0 24 24\" fill=\"none\"><path d=\"M6 6H4v2h2V6zm14 0H8v2h12V6zM4 11h2v2H4v-2zm16 0H8v2h12v-2zM4 16h2v2H4v-2zm16 0H8v2h12v-2z\" fill=\"currentColor\"><\/path><\/svg><svg style=\"fill: #db6415;color:#db6415\" class=\"arrow-unsorted-368013\" xmlns=\"http:\/\/www.w3.org\/2000\/svg\" width=\"10px\" height=\"10px\" viewBox=\"0 0 24 24\" version=\"1.2\" baseProfile=\"tiny\"><path d=\"M18.2 9.3l-6.2-6.3-6.2 6.3c-.2.2-.3.4-.3.7s.1.5.3.7c.2.2.4.3.7.3h11c.3 0 .5-.1.7-.3.2-.2.3-.5.3-.7s-.1-.5-.3-.7zM5.8 14.7l6.2 6.3 6.2-6.3c.2-.2.3-.5.3-.7s-.1-.5-.3-.7c-.2-.2-.4-.3-.7-.3h-11c-.3 0-.5.1-.7.3-.2.2-.3.5-.3.7s.1.5.3.7z\"\/><\/svg><\/span><\/span><\/span><\/a><\/span><\/div>\n<nav><ul class='ez-toc-list ez-toc-list-level-1 ' ><li class='ez-toc-page-1 ez-toc-heading-level-2'><a class=\"ez-toc-link ez-toc-heading-1\" href=\"https:\/\/idecesos.com\/seguros\/companias\/genesis\/dar-de-baja\/#Diferentes_opciones_para_cancelar_un_contrato_con_Genesis\" >Diferentes opciones para cancelar un contrato con Genesis<\/a><ul class='ez-toc-list-level-3' ><li class='ez-toc-heading-level-3'><a class=\"ez-toc-link ez-toc-heading-2\" href=\"https:\/\/idecesos.com\/seguros\/companias\/genesis\/dar-de-baja\/#A_traves_de_la_web_de_Genesis\" >A trav\u00e9s de la web de Genesis<\/a><\/li><li class='ez-toc-page-1 ez-toc-heading-level-3'><a class=\"ez-toc-link ez-toc-heading-3\" href=\"https:\/\/idecesos.com\/seguros\/companias\/genesis\/dar-de-baja\/#Utilizando_el_correo_electronico_de_Genesis\" >Utilizando el correo electr\u00f3nico de Genesis<\/a><\/li><li class='ez-toc-page-1 ez-toc-heading-level-3'><a class=\"ez-toc-link ez-toc-heading-4\" href=\"https:\/\/idecesos.com\/seguros\/companias\/genesis\/dar-de-baja\/#Dar_de_baja_Genesis_por_fax\" >Dar de baja Genesis por fax<\/a><\/li><li class='ez-toc-page-1 ez-toc-heading-level-3'><a class=\"ez-toc-link ez-toc-heading-5\" href=\"https:\/\/idecesos.com\/seguros\/companias\/genesis\/dar-de-baja\/#En_la_oficina_de_Genesis\" >En la oficina de Genesis<\/a><\/li><li class='ez-toc-page-1 ez-toc-heading-level-3'><a class=\"ez-toc-link ez-toc-heading-6\" href=\"https:\/\/idecesos.com\/seguros\/companias\/genesis\/dar-de-baja\/#Telefono_para_dar_de_baja_Genesis\" >Tel\u00e9fono para dar de baja Genesis<\/a><\/li><\/ul><\/li><li class='ez-toc-page-1 ez-toc-heading-level-2'><a class=\"ez-toc-link ez-toc-heading-7\" href=\"https:\/\/idecesos.com\/seguros\/companias\/genesis\/dar-de-baja\/#Dar_de_baja_seguro_Genesis_de_un_fallecido\" >Dar de baja seguro Genesis de un fallecido<\/a><ul class='ez-toc-list-level-3' ><li class='ez-toc-heading-level-3'><a class=\"ez-toc-link ez-toc-heading-8\" href=\"https:\/\/idecesos.com\/seguros\/companias\/genesis\/dar-de-baja\/#Paginas_relacionadas\" >P\u00e1ginas relacionadas<\/a><\/li><\/ul><\/li><\/ul><\/nav><\/div>\n<p> En este apartado, vamos a mostrarte los pasos para cancelar tu seguro de fallecimiento. En iDecesos, deseamos facilitarte la labor y vamos a darte las explicaciones precisas a fin de que puedas dar de baja tu seguro sin ning\u00fan tipo de preocupaci\u00f3n. En este apartado, ver\u00e1s los pasos a continuar y de qu\u00e9 manera puedes dar de baja el seguro de decesos. Podr\u00e1s dar de baja usted mismo su seguro de decesos tras conocer todas las formas diferentes que tienes para realizar el proceso. Si deseas eludir preocupaciones a tus familiares o bien amigos, te recomendamos tener tu seguro de decesos a fin de que todo quede cubierto en el momento de la defunci\u00f3n. <div class=\"colorf \"  ><div class=\"container clearfix\"><div class=\"col-md-7\"><\/p>\r\n<h2><span class=\"ez-toc-section\" id=\"Diferentes_opciones_para_cancelar_un_contrato_con_Genesis\"><\/span>Diferentes opciones para cancelar un contrato con Genesis<span class=\"ez-toc-section-end\"><\/span><\/h2>\r\n<!-- \/wp:post-content -->\r\n\r\n<!-- wp:paragraph -->\r\n<p>Algo que tienen en com\u00fan todas y cada una de las compa\u00f1\u00edas es que, solicitan un documento en el que exponga la baja de su seguro de decesos. Si quiere conseguir el documento de Genesis no dude en contactar con nosotros a trav\u00e9s del correo electr\u00f3nico o a trav\u00e9s de nuestro n\u00famero. Como ya hemos comentado hay diferentes formas de darse de baja, pero, de cualquier forma, si decide enviar una carta certificada con un modelo est\u00e1ndar de cancelaci\u00f3n de su contrato Genesis deber\u00e1 de d\u00e1rselo como v\u00e1lido. Le recomendamos que guarde el resguardo del documento y que haga una copia. Ahora, se le mostrar\u00e1 diferentes m\u00e9todos para dar de baja su seguro de decesos Genesis. <\/div><\/div><\/div><\/p>\r\n<h3><span class=\"ez-toc-section\" id=\"A_traves_de_la_web_de_Genesis\"><\/span>A trav\u00e9s de la web de Genesis<span class=\"ez-toc-section-end\"><\/span><\/h3>\r\n<p>Puedes cancelar tu seguro de fallecimiento de manera directa por medio de la compa\u00f1\u00eda del seguro. Tan solo tendr\u00e1 que poner en su buscador la pr\u00f3xima p\u00e1gina www.genesis.es\/ y poner en su buscador lo que busca. Si la web no tiene buscador, encuentra aquella secci\u00f3n que m\u00e1s se le parezca. Ahora solo tendr\u00e1 que rellenar el formulario que se le cita ah\u00ed o descargar los documentos que se le solicitan para poder darse de baja. Si de todas formas no halla lo que busca, no debe preocuparse, p\u00f3ngase en contacto con nosotros a fin de que podamos facilitarle toda la informaci\u00f3n que necesita mediante nuestro n\u00famero 951 127 403 o bien por nuestro correo info@idecesos. com. Si por otro lado, todo lo que busca est\u00e1 en la web, vas a poder percibir en unos instantes un documento donde se te informa de la baja de tu seguro de decesos. <div class=\"colorf \"  ><div class=\"container clearfix\"><div class=\"col-md-7\"><\/p>\r\n<h3><span class=\"ez-toc-section\" id=\"Utilizando_el_correo_electronico_de_Genesis\"><\/span>Utilizando el correo electr\u00f3nico de Genesis<span class=\"ez-toc-section-end\"><\/span><\/h3>\r\n<p>Otra de las maneras para dar de baja a su seguro de decesos, es a trav\u00e9s del e-mail email Genesis de Genesis. Le conllevar\u00e1 unas escasos minutos. Va a deber mandar, al correo de la compa\u00f1\u00eda, una copia de su DNI y la notificaci\u00f3n, mentada anteriormente, firmada y completada con sus datos personales correspondientes. Para poder llenar el proceso, debe guardar una copia sellada y, su justificante de recibo. Para eludir futuros problemas, es vital que guarde una imitaci\u00f3n de la notificaci\u00f3n, detallando la fecha de env\u00edo. <\/div><\/div><\/div><\/p>\r\n<h3><span class=\"ez-toc-section\" id=\"Dar_de_baja_Genesis_por_fax\"><\/span>Dar de baja Genesis por fax<span class=\"ez-toc-section-end\"><\/span><\/h3>\r\n<p>Si lo prefieres, puedes mandar un fax a tu aseguradora para solicitar la baja. Su procedimiento es muy semejante al que acabamos de explicar del e-mail puesto que en lugar de mandarlo por correo deber\u00e1 hacerlo v\u00eda fax. Mande a Genesis a trav\u00e9s de esta herramienta una copia de su documento nacional de identidad y la notificaci\u00f3n firmada de baja que puede localizar en la p\u00e1gina web de Genesis. Ll\u00e1manos en el 951 127 403 y te informaremos sobre donde puedes hallar la notificaci\u00f3n. Le recordamos que, del mismo modo que en todas las opciones, debe guardar una copia sellada y tener un justificante de su recibo. Si quieres eludir inconvenientes, te invitamos a guardar asimismo la copia de la notificaci\u00f3n donde se especifique la fecha de env\u00edo. <div class=\"colorf \"  ><div class=\"container clearfix\"><div class=\"col-md-7\"><\/p>\r\n<h3><span class=\"ez-toc-section\" id=\"En_la_oficina_de_Genesis\"><\/span>En la oficina de Genesis<span class=\"ez-toc-section-end\"><\/span><\/h3>\r\n<p>Si eres una persona que no controla las tecnolog\u00edas, te dejamos otros m\u00e9todos igual de eficientes. Asimismo puede dar de baja su seguro de decesos en una oficina de Genesis. En la red de redes vas a poder hallar cu\u00e1l es la oficina m\u00e1s cercana a ti para que puedas dar de baja tu seguro de decesos. Vaya en el horario indicado en la web y si es necesario coja cita para que sus agente puedan atenderle. Con solo proseguirse los pasos detallados, vas a poder completar tu solicitud de baja del seguro. <\/div><\/div><\/div><\/p>\r\n<h3><span class=\"ez-toc-section\" id=\"Telefono_para_dar_de_baja_Genesis\"><\/span>Tel\u00e9fono para dar de baja Genesis<span class=\"ez-toc-section-end\"><\/span><\/h3>\r\n<p>La por tel\u00e9fono tambi\u00e9n es una opci\u00f3n para darse de baja. Ll\u00e1manos al 91 342 25 20 para darte m\u00e1s informaci\u00f3n sobre c\u00f3mo puedes solicitar la baja o bien contacta con tu compa\u00f1\u00eda de seguros tras encontrar su tel\u00e9fono por internet. Un agente se ocupar\u00e1 de asesorarte y te va a ayudar en todo lo que precises. Solo tendr\u00e1s que proseguir las indicaciones del agente de la compa\u00f1\u00eda para proceder a la baja del seguro. Te recomendamos tener contratado un seguro de decesos con lo que pueda pasar en el futuro. Puedes hacer una comparaci\u00f3n en iDecesos para ver las diferentes posibilidades. <div class=\"colorf \"  ><div class=\"container clearfix\"><div class=\"col-md-7\"><\/p>\r\n<h2><span class=\"ez-toc-section\" id=\"Dar_de_baja_seguro_Genesis_de_un_fallecido\"><\/span>Dar de baja seguro Genesis de un fallecido<span class=\"ez-toc-section-end\"><\/span><\/h2>\r\n<p>Si no conoces de qu\u00e9 manera puedes dar de baja tu seguro tras el fallecimiento del asegurado, te lo vamos a explicar. Es mucho m\u00e1s simple de lo que piensas, por lo que no tendr\u00e1s que preocuparte por nada. Cuando la prestaci\u00f3n del servicio mortuorio se efect\u00faa, la empresa de seguros se hace cargo de dar de baja el seguro a fin de que los familiares no tengan que estar pendientes de efectuar esos tr\u00e1mites en esos duros momentos. <\/div><\/div><\/div> <div class=\"oficinas\"> <h3><span class=\"ez-toc-section\" id=\"Paginas_relacionadas\"><\/span>P\u00e1ginas relacionadas<span class=\"ez-toc-section-end\"><\/span><\/h3><div class=\"enlazado\"><ul> <li><a href=\"https:\/\/idecesos.com\/seguros\/companias\/genesis\/opiniones\/\">Opiniones Genesis<\/a><\/li> <li><a href=\"https:\/\/idecesos.com\/seguros\/companias\/genesis\/precio\/\">Precio seguro Genesis<\/a><\/li> <li><a href=\"https:\/\/idecesos.com\/seguros\/companias\/genesis\/prima-mixta\/\">Genesis Prima Mixta<\/a><\/li> <li><a href=\"https:\/\/idecesos.com\/seguros\/companias\/genesis\/prima-natural\/\">Genesis Prima Natural<\/a><\/li> <li><a href=\"https:\/\/idecesos.com\/seguros\/companias\/genesis\/prima-nivelada\/\">Genesis Prima Nivelada<\/a><\/li> <li><a href=\"https:\/\/idecesos.com\/seguros\/companias\/genesis\/prima-unica\/\">Genesis Prima \u00danica<\/a><\/li> <li><a href=\"https:\/\/idecesos.com\/seguros\/companias\/genesis\/repatriacion\/\">Genesis Repatriaci\u00f3n<\/a><\/li> <li><a href=\"https:\/\/idecesos.com\/seguros\/companias\/genesis\/telefono\/\">Tel\u00e9fono Gratuito Genesis<\/a><\/li><\/ul><\/div> <\/div><\/p>","protected":false},"excerpt":{"rendered":"<p>En este apartado, vamos a mostrarte los pasos para cancelar tu seguro de fallecimiento. En iDecesos, deseamos facilitarte la labor y vamos a darte las explicaciones precisas a fin de que puedas dar de baja tu seguro sin ning\u00fan tipo de preocupaci\u00f3n. En este apartado, ver\u00e1s los pasos a continuar y de qu\u00e9 manera puedes&hellip; <\/p>\n","protected":false},"author":1,"featured_media":0,"parent":9519,"menu_order":0,"comment_status":"closed","ping_status":"closed","template":"single.php","meta":{"footnotes":""},"class_list":["post-18262","page","type-page","status-publish","hentry"],"yoast_head":"<!-- This site is optimized with the Yoast SEO plugin v27.3 - https:\/\/yoast.com\/product\/yoast-seo-wordpress\/ -->\n<title>\u00bfC\u00f3mo dar de Baja o Cancelar Seguro de Decesos Genesis?<\/title>\n<meta name=\"description\" content=\"Obt\u00e9n aqu\u00ed\u3010c\u00f3mo dar de baja o cancelar seguro de decesos Genesis\u3011Modelo carta, fax, correo electr\u00f3nico (email), tel\u00e9fono gratis.\" \/>\n<meta name=\"robots\" content=\"index, follow, max-snippet:-1, max-image-preview:large, max-video-preview:-1\" \/>\n<link rel=\"canonical\" href=\"https:\/\/idecesos.com\/seguros\/companias\/genesis\/dar-de-baja\/\" \/>\n<meta property=\"og:locale\" content=\"es_ES\" \/>\n<meta property=\"og:type\" content=\"article\" \/>\n<meta property=\"og:title\" content=\"\u00bfC\u00f3mo dar de Baja o Cancelar Seguro de Decesos Genesis?\" \/>\n<meta property=\"og:description\" content=\"Obt\u00e9n aqu\u00ed\u3010c\u00f3mo dar de baja o cancelar seguro de decesos Genesis\u3011Modelo carta, fax, correo electr\u00f3nico (email), tel\u00e9fono gratis.\" \/>\n<meta property=\"og:url\" content=\"https:\/\/idecesos.com\/seguros\/companias\/genesis\/dar-de-baja\/\" \/>\n<meta property=\"article:modified_time\" content=\"2022-01-31T17:48:50+00:00\" \/>\n<meta name=\"twitter:card\" content=\"summary_large_image\" \/>\n<meta name=\"twitter:label1\" content=\"Tiempo de lectura\" \/>\n\t<meta name=\"twitter:data1\" content=\"15 minutos\" \/>\n<script type=\"application\/ld+json\" class=\"yoast-schema-graph\">{\"@context\":\"https:\\\/\\\/schema.org\",\"@graph\":[{\"@type\":\"WebPage\",\"@id\":\"https:\\\/\\\/idecesos.com\\\/seguros\\\/companias\\\/genesis\\\/dar-de-baja\\\/\",\"url\":\"https:\\\/\\\/idecesos.com\\\/seguros\\\/companias\\\/genesis\\\/dar-de-baja\\\/\",\"name\":\"\u00bfC\u00f3mo dar de Baja o Cancelar Seguro de Decesos Genesis?\",\"isPartOf\":{\"@id\":\"https:\\\/\\\/idecesos.com\\\/seguros\\\/#website\"},\"datePublished\":\"2021-12-29T11:53:38+00:00\",\"dateModified\":\"2022-01-31T17:48:50+00:00\",\"description\":\"Obt\u00e9n aqu\u00ed\u3010c\u00f3mo dar de baja o cancelar seguro de decesos Genesis\u3011Modelo carta, fax, correo electr\u00f3nico (email), tel\u00e9fono gratis.\",\"breadcrumb\":{\"@id\":\"https:\\\/\\\/idecesos.com\\\/seguros\\\/companias\\\/genesis\\\/dar-de-baja\\\/#breadcrumb\"},\"inLanguage\":\"es\",\"potentialAction\":[{\"@type\":\"ReadAction\",\"target\":[\"https:\\\/\\\/idecesos.com\\\/seguros\\\/companias\\\/genesis\\\/dar-de-baja\\\/\"]}]},{\"@type\":\"BreadcrumbList\",\"@id\":\"https:\\\/\\\/idecesos.com\\\/seguros\\\/companias\\\/genesis\\\/dar-de-baja\\\/#breadcrumb\",\"itemListElement\":[{\"@type\":\"ListItem\",\"position\":1,\"name\":\"Portada\",\"item\":\"https:\\\/\\\/idecesos.com\\\/seguros\\\/\"},{\"@type\":\"ListItem\",\"position\":2,\"name\":\"Compa\u00f1\u00edas de Seguros de Decesos en Espa\u00f1a\",\"item\":\"https:\\\/\\\/idecesos.com\\\/seguros\\\/companias\\\/\"},{\"@type\":\"ListItem\",\"position\":3,\"name\":\"Seguro de decesos G\u00e9nesis\",\"item\":\"https:\\\/\\\/idecesos.com\\\/seguros\\\/companias\\\/genesis\\\/\"},{\"@type\":\"ListItem\",\"position\":4,\"name\":\"\u00bfC\u00f3mo dar de baja seguro Genesis?\"}]},{\"@type\":\"WebSite\",\"@id\":\"https:\\\/\\\/idecesos.com\\\/seguros\\\/#website\",\"url\":\"https:\\\/\\\/idecesos.com\\\/seguros\\\/\",\"name\":\"\",\"description\":\"\",\"potentialAction\":[{\"@type\":\"SearchAction\",\"target\":{\"@type\":\"EntryPoint\",\"urlTemplate\":\"https:\\\/\\\/idecesos.com\\\/seguros\\\/?s={search_term_string}\"},\"query-input\":{\"@type\":\"PropertyValueSpecification\",\"valueRequired\":true,\"valueName\":\"search_term_string\"}}],\"inLanguage\":\"es\"}]}<\/script>\n<!-- \/ Yoast SEO plugin. -->","yoast_head_json":{"title":"\u00bfC\u00f3mo dar de Baja o Cancelar Seguro de Decesos Genesis?","description":"Obt\u00e9n aqu\u00ed\u3010c\u00f3mo dar de baja o cancelar seguro de decesos Genesis\u3011Modelo carta, fax, correo electr\u00f3nico (email), tel\u00e9fono gratis.","robots":{"index":"index","follow":"follow","max-snippet":"max-snippet:-1","max-image-preview":"max-image-preview:large","max-video-preview":"max-video-preview:-1"},"canonical":"https:\/\/idecesos.com\/seguros\/companias\/genesis\/dar-de-baja\/","og_locale":"es_ES","og_type":"article","og_title":"\u00bfC\u00f3mo dar de Baja o Cancelar Seguro de Decesos Genesis?","og_description":"Obt\u00e9n aqu\u00ed\u3010c\u00f3mo dar de baja o cancelar seguro de decesos Genesis\u3011Modelo carta, fax, correo electr\u00f3nico (email), tel\u00e9fono gratis.","og_url":"https:\/\/idecesos.com\/seguros\/companias\/genesis\/dar-de-baja\/","article_modified_time":"2022-01-31T17:48:50+00:00","twitter_card":"summary_large_image","twitter_misc":{"Tiempo de lectura":"15 minutos"},"schema":{"@context":"https:\/\/schema.org","@graph":[{"@type":"WebPage","@id":"https:\/\/idecesos.com\/seguros\/companias\/genesis\/dar-de-baja\/","url":"https:\/\/idecesos.com\/seguros\/companias\/genesis\/dar-de-baja\/","name":"\u00bfC\u00f3mo dar de Baja o Cancelar Seguro de Decesos Genesis?","isPartOf":{"@id":"https:\/\/idecesos.com\/seguros\/#website"},"datePublished":"2021-12-29T11:53:38+00:00","dateModified":"2022-01-31T17:48:50+00:00","description":"Obt\u00e9n aqu\u00ed\u3010c\u00f3mo dar de baja o cancelar seguro de decesos Genesis\u3011Modelo carta, fax, correo electr\u00f3nico (email), tel\u00e9fono gratis.","breadcrumb":{"@id":"https:\/\/idecesos.com\/seguros\/companias\/genesis\/dar-de-baja\/#breadcrumb"},"inLanguage":"es","potentialAction":[{"@type":"ReadAction","target":["https:\/\/idecesos.com\/seguros\/companias\/genesis\/dar-de-baja\/"]}]},{"@type":"BreadcrumbList","@id":"https:\/\/idecesos.com\/seguros\/companias\/genesis\/dar-de-baja\/#breadcrumb","itemListElement":[{"@type":"ListItem","position":1,"name":"Portada","item":"https:\/\/idecesos.com\/seguros\/"},{"@type":"ListItem","position":2,"name":"Compa\u00f1\u00edas de Seguros de Decesos en Espa\u00f1a","item":"https:\/\/idecesos.com\/seguros\/companias\/"},{"@type":"ListItem","position":3,"name":"Seguro de decesos G\u00e9nesis","item":"https:\/\/idecesos.com\/seguros\/companias\/genesis\/"},{"@type":"ListItem","position":4,"name":"\u00bfC\u00f3mo dar de baja seguro Genesis?"}]},{"@type":"WebSite","@id":"https:\/\/idecesos.com\/seguros\/#website","url":"https:\/\/idecesos.com\/seguros\/","name":"","description":"","potentialAction":[{"@type":"SearchAction","target":{"@type":"EntryPoint","urlTemplate":"https:\/\/idecesos.com\/seguros\/?s={search_term_string}"},"query-input":{"@type":"PropertyValueSpecification","valueRequired":true,"valueName":"search_term_string"}}],"inLanguage":"es"}]}},"_links":{"self":[{"href":"https:\/\/idecesos.com\/seguros\/wp-json\/wp\/v2\/pages\/18262","targetHints":{"allow":["GET"]}}],"collection":[{"href":"https:\/\/idecesos.com\/seguros\/wp-json\/wp\/v2\/pages"}],"about":[{"href":"https:\/\/idecesos.com\/seguros\/wp-json\/wp\/v2\/types\/page"}],"author":[{"embeddable":true,"href":"https:\/\/idecesos.com\/seguros\/wp-json\/wp\/v2\/users\/1"}],"replies":[{"embeddable":true,"href":"https:\/\/idecesos.com\/seguros\/wp-json\/wp\/v2\/comments?post=18262"}],"version-history":[{"count":2,"href":"https:\/\/idecesos.com\/seguros\/wp-json\/wp\/v2\/pages\/18262\/revisions"}],"predecessor-version":[{"id":19175,"href":"https:\/\/idecesos.com\/seguros\/wp-json\/wp\/v2\/pages\/18262\/revisions\/19175"}],"up":[{"embeddable":true,"href":"https:\/\/idecesos.com\/seguros\/wp-json\/wp\/v2\/pages\/9519"}],"wp:attachment":[{"href":"https:\/\/idecesos.com\/seguros\/wp-json\/wp\/v2\/media?parent=18262"}],"curies":[{"name":"wp","href":"https:\/\/api.w.org\/{rel}","templated":true}]}}