{"id":18263,"date":"2021-12-29T11:53:38","date_gmt":"2021-12-29T11:53:38","guid":{"rendered":"https:\/\/idecesos.com\/seguros\/companias\/prevision-mallorquina\/dar-de-baja\/"},"modified":"2022-01-31T17:49:39","modified_gmt":"2022-01-31T17:49:39","slug":"dar-de-baja","status":"publish","type":"page","link":"https:\/\/idecesos.com\/seguros\/companias\/prevision-mallorquina\/dar-de-baja\/","title":{"rendered":"\u00bfC\u00f3mo dar de baja seguro Previsi\u00f3n Mallorquina?"},"content":{"rendered":"<div id=\"ez-toc-container\" class=\"ez-toc-v2_0_82_2 ez-toc-wrap-center counter-hierarchy ez-toc-counter ez-toc-custom ez-toc-container-direction\">\n<div class=\"ez-toc-title-container\">\n<p class=\"ez-toc-title\" style=\"cursor:inherit\">Tabla de Contenido<\/p>\n<span class=\"ez-toc-title-toggle\"><a href=\"#\" class=\"ez-toc-pull-right ez-toc-btn ez-toc-btn-xs ez-toc-btn-default ez-toc-toggle\" aria-label=\"Alternar tabla de contenidos\"><span class=\"ez-toc-js-icon-con\"><span class=\"\"><span class=\"eztoc-hide\" style=\"display:none;\">Toggle<\/span><span class=\"ez-toc-icon-toggle-span\"><svg style=\"fill: #db6415;color:#db6415\" xmlns=\"http:\/\/www.w3.org\/2000\/svg\" class=\"list-377408\" width=\"20px\" height=\"20px\" viewBox=\"0 0 24 24\" fill=\"none\"><path d=\"M6 6H4v2h2V6zm14 0H8v2h12V6zM4 11h2v2H4v-2zm16 0H8v2h12v-2zM4 16h2v2H4v-2zm16 0H8v2h12v-2z\" fill=\"currentColor\"><\/path><\/svg><svg style=\"fill: #db6415;color:#db6415\" class=\"arrow-unsorted-368013\" xmlns=\"http:\/\/www.w3.org\/2000\/svg\" width=\"10px\" height=\"10px\" viewBox=\"0 0 24 24\" version=\"1.2\" baseProfile=\"tiny\"><path d=\"M18.2 9.3l-6.2-6.3-6.2 6.3c-.2.2-.3.4-.3.7s.1.5.3.7c.2.2.4.3.7.3h11c.3 0 .5-.1.7-.3.2-.2.3-.5.3-.7s-.1-.5-.3-.7zM5.8 14.7l6.2 6.3 6.2-6.3c.2-.2.3-.5.3-.7s-.1-.5-.3-.7c-.2-.2-.4-.3-.7-.3h-11c-.3 0-.5.1-.7.3-.2.2-.3.5-.3.7s.1.5.3.7z\"\/><\/svg><\/span><\/span><\/span><\/a><\/span><\/div>\n<nav><ul class='ez-toc-list ez-toc-list-level-1 ' ><li class='ez-toc-page-1 ez-toc-heading-level-2'><a class=\"ez-toc-link ez-toc-heading-1\" href=\"https:\/\/idecesos.com\/seguros\/companias\/prevision-mallorquina\/dar-de-baja\/#Diferentes_opciones_para_cancelar_un_contrato_con_Prevision_Mallorquina\" >Diferentes opciones para cancelar un contrato con Previsi\u00f3n Mallorquina<\/a><ul class='ez-toc-list-level-3' ><li class='ez-toc-heading-level-3'><a class=\"ez-toc-link ez-toc-heading-2\" href=\"https:\/\/idecesos.com\/seguros\/companias\/prevision-mallorquina\/dar-de-baja\/#A_traves_de_la_web_de_Prevision_Mallorquina\" >A trav\u00e9s de la web de Previsi\u00f3n Mallorquina<\/a><\/li><li class='ez-toc-page-1 ez-toc-heading-level-3'><a class=\"ez-toc-link ez-toc-heading-3\" href=\"https:\/\/idecesos.com\/seguros\/companias\/prevision-mallorquina\/dar-de-baja\/#Utilizando_el_correo_electronico_de_Prevision_Mallorquina\" >Utilizando el correo electr\u00f3nico de Previsi\u00f3n Mallorquina<\/a><\/li><li class='ez-toc-page-1 ez-toc-heading-level-3'><a class=\"ez-toc-link ez-toc-heading-4\" href=\"https:\/\/idecesos.com\/seguros\/companias\/prevision-mallorquina\/dar-de-baja\/#Dar_de_baja_Prevision_Mallorquina_por_fax\" >Dar de baja Previsi\u00f3n Mallorquina por fax<\/a><\/li><li class='ez-toc-page-1 ez-toc-heading-level-3'><a class=\"ez-toc-link ez-toc-heading-5\" href=\"https:\/\/idecesos.com\/seguros\/companias\/prevision-mallorquina\/dar-de-baja\/#En_la_oficina_de_Prevision_Mallorquina\" >En la oficina de Previsi\u00f3n Mallorquina<\/a><\/li><li class='ez-toc-page-1 ez-toc-heading-level-3'><a class=\"ez-toc-link ez-toc-heading-6\" href=\"https:\/\/idecesos.com\/seguros\/companias\/prevision-mallorquina\/dar-de-baja\/#Telefono_para_dar_de_baja_Prevision_Mallorquina\" >T\u00e9lefono para dar de baja Previsi\u00f3n Mallorquina<\/a><\/li><\/ul><\/li><li class='ez-toc-page-1 ez-toc-heading-level-2'><a class=\"ez-toc-link ez-toc-heading-7\" href=\"https:\/\/idecesos.com\/seguros\/companias\/prevision-mallorquina\/dar-de-baja\/#Dar_de_baja_seguro_Prevision_Mallorquina_de_un_fallecido\" >Dar de baja seguro Previsi\u00f3n Mallorquina de un fallecido<\/a><\/li><\/ul><\/nav><\/div>\n<p> Es sencill\u00edsimo dar de baja su seguro de decesos y, le afirmaremos de qu\u00e9 manera hacerlo. iDecesos se hace cargo de explicarte de qu\u00e9 manera dar de baja el seguro de decesos que tengas contratado. En solo un par de minutos ya va a tener todo solucionado y va a poder buscar una nueva alternativa si de esta manera lo desea en tanto que te recomendamos que no se quede sin un seguro de decesos puesto que la calma que este te ofrece le va a ser muy rentable a sus familiares en el instante que ocurra alg\u00fan imprevisible. Le recordamos que es fundamental que para dar de baja su seguro de decesos debe informar a Previsi\u00f3n Mallorquina cuando menos 30 d\u00edas antes de la data de renovaci\u00f3n de su seguro a fin de que de esta forma no tenga ning\u00fan problema m\u00e1s adelante al intentar efectuarlo. <div class=\"colorf \"  ><div class=\"container clearfix\"><div class=\"col-md-7\"><\/p>\r\n<h2><span class=\"ez-toc-section\" id=\"Diferentes_opciones_para_cancelar_un_contrato_con_Prevision_Mallorquina\"><\/span>Diferentes opciones para cancelar un contrato con Previsi\u00f3n Mallorquina<span class=\"ez-toc-section-end\"><\/span><\/h2>\r\n<!-- \/wp:post-content -->\r\n\r\n<!-- wp:paragraph -->\r\n<p>No todas y cada una de las compa\u00f1\u00edas de seguros de decesos marchan de la misma manera, pero pr\u00e1cticamente todas le piden a sus clientes del servicio un documento en el que solicita dar de baja sus servicios. Si desea conseguir el documento de Previsi\u00f3n Mallorquina no dude en contactar con nosotros a trav\u00e9s del e mail o bien mediante nuestro n\u00famero. Aunque existan diferentes formas de dar de baja su seguro, al enviar una carta certificada, con el modelo est\u00e1ndar, de cancelaci\u00f3n de su contrato con Previsi\u00f3n Mallorquina, va a deber darlo por \u00f3ptimo. Le aconsejamos que guarde el resguardo del documento y que haga una copia. Enseguida, le vamos a mostrar diferentes opciones para poder darse de baja de su seguro de decesos Previsi\u00f3n Mallorquina. <\/div><\/div><\/div><\/p>\r\n<h3><span class=\"ez-toc-section\" id=\"A_traves_de_la_web_de_Prevision_Mallorquina\"><\/span>A trav\u00e9s de la web de Previsi\u00f3n Mallorquina<span class=\"ez-toc-section-end\"><\/span><\/h3>\r\n<p>Puedes anular tu seguro de fallecimiento de forma directa mediante la compa\u00f1\u00eda del seguro. Escribe el sitio web www.previsionmallorquina.com\/ en su buscador para conocer la informaci\u00f3n que precisas saber. Usa otra secci\u00f3n en su p\u00e1gina web si no hallas el buscador. Ahora solo deber\u00e1 rellenar el formulario que se le cita ah\u00ed o descargar los documentos que se le piden para poder darse de baja. Para resolver otras dudas o bien darte una mayor informaci\u00f3n, ll\u00e1manos al 951 127 403 o mediante un e-mail en info@idecesos. com. Si has logrado localizar el formulario para dar de baja tu seguro de decesos, recibir\u00e1s en unos pocos minutos un documento donde se te notifique que lo has efectuado correctamente. <div class=\"colorf \"  ><div class=\"container clearfix\"><div class=\"col-md-7\"><\/p>\r\n<h3><span class=\"ez-toc-section\" id=\"Utilizando_el_correo_electronico_de_Prevision_Mallorquina\"><\/span>Utilizando el correo electr\u00f3nico de Previsi\u00f3n Mallorquina<span class=\"ez-toc-section-end\"><\/span><\/h3>\r\n<p>Otra de las formas de dar de baja el seguro de decesos de Previsi\u00f3n Mallorquina, es escribiendo un mensaje a trav\u00e9s del siguiente correo electr\u00f3nico email Previsi\u00f3n Mallorquina. Solo le va a llevar unos minutos. Va a deber enviarles a su apartado de correos la pr\u00f3xima informaci\u00f3n: una copia del DNI del contratante y la notificaci\u00f3n, que previamente le hemos dicho de qu\u00e9 manera conseguirla, firmada por el asegurado con sus datos personales. Es esencial, para finalizar el proceso adecuadamente, guardar la copia sellada y el justificante de recibo. Adem\u00e1s, es importante que guarde, a buen recaudo, una imitaci\u00f3n de la notificaci\u00f3n, por si acaso surge alg\u00fan problema en el futuro. <\/div><\/div><\/div><\/p>\r\n<h3><span class=\"ez-toc-section\" id=\"Dar_de_baja_Prevision_Mallorquina_por_fax\"><\/span>Dar de baja Previsi\u00f3n Mallorquina por fax<span class=\"ez-toc-section-end\"><\/span><\/h3>\r\n<p>Fax es otro m\u00e9todo para dar de baja su seguro de decesos. Se asemeja bastante al precedente, solo cambia la forma en la que se env\u00edan los documentos. Con el fax, debe enviar a la compa\u00f1\u00eda la copia de su documento nacional de identidad y la notificaci\u00f3n sobre su baja, apropiadamente firmada, que podr\u00e1 hallarla en la web de la compa\u00f1\u00eda o bien, llam\u00e1ndonos al 951 127 403. Del mismo modo que en los otros m\u00e9todos, debe tener a buen recaudo el justificante del recibo y una copia sellada. Es muy importante que, no olvide, guardar el documento de la copia de la notificaci\u00f3n, en la que conste su data de env\u00edo. <div class=\"colorf \"  ><div class=\"container clearfix\"><div class=\"col-md-7\"><\/p>\r\n<h3><span class=\"ez-toc-section\" id=\"En_la_oficina_de_Prevision_Mallorquina\"><\/span>En la oficina de Previsi\u00f3n Mallorquina<span class=\"ez-toc-section-end\"><\/span><\/h3>\r\n<p>Si todos y cada uno de los m\u00e9todos anteriores le semejan realmente dif\u00edciles pues no controla muy bien las nuevas tecnolog\u00edas tambi\u00e9n puede optar por ir presencialmente a una oficina de Previsi\u00f3n Mallorquina y all\u00e1 podr\u00e1 darse de baja tambi\u00e9n de su seguro de decesos. Pregunte o bien busque en su buscador la oficina de Previsi\u00f3n Mallorquina m\u00e1s pr\u00f3xima a su casa y dir\u00edjase en el horario estipulado para ser atendido. Sus agentes especializados le atender\u00e1n y dar\u00e1n todos y cada uno de los documentos necesarios a fin de que los rellene y firme correctamente. Solo debe proseguir los pasos que le indiquen. Es necesario, que lleve su DNI, para el correcto funcionamiento del tr\u00e1mite. Para su calma, el especialista se ocupar\u00e1 de cerrar los tr\u00e1mites de la baja de su seguro y, le dar\u00e1n todas las copias de los documentos a fin de que las guarde. <\/div><\/div><\/div><\/p>\r\n<h3><span class=\"ez-toc-section\" id=\"Telefono_para_dar_de_baja_Prevision_Mallorquina\"><\/span>T\u00e9lefono para dar de baja Previsi\u00f3n Mallorquina<span class=\"ez-toc-section-end\"><\/span><\/h3>\r\n<p>Tambi\u00e9n podr\u00e1 darse de baja a trav\u00e9s de una llamada telef\u00f3nica. Puede buscar su tel\u00e9fono en Internet o bien, llamando al <span class=\"white-color\">900 103 057<\/span>. Deber\u00e1 comunicarle al especialista el motivo de su llamada y le indicar\u00e1 los pasos que tiene que seguir. Siga, los pasos que le se\u00f1alen y en tan solo dos minutos todo va a estar solucionado y el agente se pondra en ese mismo instante con su petici\u00f3n para darle de baja por lo que se puede quedar sosegado tras colgar la llamada. iDecesos puede asistirle y asesorarle a fin de que halle un nuevo seguro, que se amolde bien a sus necesidades. <div class=\"colorf \"  ><div class=\"container clearfix\"><div class=\"col-md-7\"><\/p>\r\n<h2><span class=\"ez-toc-section\" id=\"Dar_de_baja_seguro_Prevision_Mallorquina_de_un_fallecido\"><\/span>Dar de baja seguro Previsi\u00f3n Mallorquina de un fallecido<span class=\"ez-toc-section-end\"><\/span><\/h2>\r\n<p>Por \u00faltimo, le se\u00f1alamos de qu\u00e9 manera dar de baja el seguro en el caso de fallecimiento del cliente. Nos encargaremos de que este procedimiento, que le puede resultar complejo, sea m\u00e1s sencillo y f\u00e1cil de lo que cree. No deber\u00e1 preocuparse por los tr\u00e1mites mentados previamente. En exactamente el mismo instante de la muerte de la persona asegurada, Previsi\u00f3n Mallorquina se ocupar\u00e1 de anular el seguro que ten\u00eda contratado. Para la tranquilidad de sus familiares, cuando ocurra el fallecimiento del ser querido, la compa\u00f1\u00eda se har\u00e1 cargo de todos y cada uno de los tr\u00e1mites precisos. <\/div><\/div><\/div> <div class=\"oficinas\"> <!-- Shortcode [prevision-mallorquina-hijas] does not exist --> <\/div><\/p>","protected":false},"excerpt":{"rendered":"<p>Es sencill\u00edsimo dar de baja su seguro de decesos y, le afirmaremos de qu\u00e9 manera hacerlo. iDecesos se hace cargo de explicarte de qu\u00e9 manera dar de baja el seguro de decesos que tengas contratado. En solo un par de minutos ya va a tener todo solucionado y va a poder buscar una nueva alternativa&hellip; <\/p>\n","protected":false},"author":1,"featured_media":0,"parent":9564,"menu_order":0,"comment_status":"closed","ping_status":"closed","template":"single.php","meta":{"footnotes":""},"class_list":["post-18263","page","type-page","status-publish","hentry"],"yoast_head":"<!-- This site is optimized with the Yoast SEO plugin v27.3 - https:\/\/yoast.com\/product\/yoast-seo-wordpress\/ -->\n<title>\u00bfC\u00f3mo dar de Baja o Cancelar Seguro de Decesos Previsi\u00f3n Mallorquina?<\/title>\n<meta name=\"description\" content=\"Obt\u00e9n aqu\u00ed\u3010c\u00f3mo dar de baja o cancelar seguro de decesos Previsi\u00f3n Mallorquina\u3011Modelo carta, fax, correo electr\u00f3nico (email), tel\u00e9fono gratis.\" \/>\n<meta name=\"robots\" content=\"index, follow, max-snippet:-1, max-image-preview:large, max-video-preview:-1\" \/>\n<link rel=\"canonical\" href=\"https:\/\/idecesos.com\/seguros\/companias\/prevision-mallorquina\/dar-de-baja\/\" \/>\n<meta property=\"og:locale\" content=\"es_ES\" \/>\n<meta property=\"og:type\" content=\"article\" \/>\n<meta property=\"og:title\" content=\"\u00bfC\u00f3mo dar de Baja o Cancelar Seguro de Decesos Previsi\u00f3n Mallorquina?\" \/>\n<meta property=\"og:description\" content=\"Obt\u00e9n aqu\u00ed\u3010c\u00f3mo dar de baja o cancelar seguro de decesos Previsi\u00f3n Mallorquina\u3011Modelo carta, fax, correo electr\u00f3nico (email), tel\u00e9fono gratis.\" \/>\n<meta property=\"og:url\" content=\"https:\/\/idecesos.com\/seguros\/companias\/prevision-mallorquina\/dar-de-baja\/\" \/>\n<meta property=\"article:modified_time\" content=\"2022-01-31T17:49:39+00:00\" \/>\n<meta name=\"twitter:card\" content=\"summary_large_image\" \/>\n<meta name=\"twitter:label1\" content=\"Tiempo de lectura\" \/>\n\t<meta name=\"twitter:data1\" content=\"5 minutos\" \/>\n<script type=\"application\/ld+json\" class=\"yoast-schema-graph\">{\"@context\":\"https:\\\/\\\/schema.org\",\"@graph\":[{\"@type\":\"WebPage\",\"@id\":\"https:\\\/\\\/idecesos.com\\\/seguros\\\/companias\\\/prevision-mallorquina\\\/dar-de-baja\\\/\",\"url\":\"https:\\\/\\\/idecesos.com\\\/seguros\\\/companias\\\/prevision-mallorquina\\\/dar-de-baja\\\/\",\"name\":\"\u00bfC\u00f3mo dar de Baja o Cancelar Seguro de Decesos Previsi\u00f3n Mallorquina?\",\"isPartOf\":{\"@id\":\"https:\\\/\\\/idecesos.com\\\/seguros\\\/#website\"},\"datePublished\":\"2021-12-29T11:53:38+00:00\",\"dateModified\":\"2022-01-31T17:49:39+00:00\",\"description\":\"Obt\u00e9n aqu\u00ed\u3010c\u00f3mo dar de baja o cancelar seguro de decesos Previsi\u00f3n Mallorquina\u3011Modelo carta, fax, correo electr\u00f3nico (email), tel\u00e9fono gratis.\",\"breadcrumb\":{\"@id\":\"https:\\\/\\\/idecesos.com\\\/seguros\\\/companias\\\/prevision-mallorquina\\\/dar-de-baja\\\/#breadcrumb\"},\"inLanguage\":\"es\",\"potentialAction\":[{\"@type\":\"ReadAction\",\"target\":[\"https:\\\/\\\/idecesos.com\\\/seguros\\\/companias\\\/prevision-mallorquina\\\/dar-de-baja\\\/\"]}]},{\"@type\":\"BreadcrumbList\",\"@id\":\"https:\\\/\\\/idecesos.com\\\/seguros\\\/companias\\\/prevision-mallorquina\\\/dar-de-baja\\\/#breadcrumb\",\"itemListElement\":[{\"@type\":\"ListItem\",\"position\":1,\"name\":\"Portada\",\"item\":\"https:\\\/\\\/idecesos.com\\\/seguros\\\/\"},{\"@type\":\"ListItem\",\"position\":2,\"name\":\"Compa\u00f1\u00edas de Seguros de Decesos en Espa\u00f1a\",\"item\":\"https:\\\/\\\/idecesos.com\\\/seguros\\\/companias\\\/\"},{\"@type\":\"ListItem\",\"position\":3,\"name\":\"Seguro de decesos Previsi\u00f3n Mallorquina\",\"item\":\"https:\\\/\\\/idecesos.com\\\/seguros\\\/companias\\\/prevision-mallorquina\\\/\"},{\"@type\":\"ListItem\",\"position\":4,\"name\":\"\u00bfC\u00f3mo dar de baja seguro Previsi\u00f3n Mallorquina?\"}]},{\"@type\":\"WebSite\",\"@id\":\"https:\\\/\\\/idecesos.com\\\/seguros\\\/#website\",\"url\":\"https:\\\/\\\/idecesos.com\\\/seguros\\\/\",\"name\":\"\",\"description\":\"\",\"potentialAction\":[{\"@type\":\"SearchAction\",\"target\":{\"@type\":\"EntryPoint\",\"urlTemplate\":\"https:\\\/\\\/idecesos.com\\\/seguros\\\/?s={search_term_string}\"},\"query-input\":{\"@type\":\"PropertyValueSpecification\",\"valueRequired\":true,\"valueName\":\"search_term_string\"}}],\"inLanguage\":\"es\"}]}<\/script>\n<!-- \/ Yoast SEO plugin. -->","yoast_head_json":{"title":"\u00bfC\u00f3mo dar de Baja o Cancelar Seguro de Decesos Previsi\u00f3n Mallorquina?","description":"Obt\u00e9n aqu\u00ed\u3010c\u00f3mo dar de baja o cancelar seguro de decesos Previsi\u00f3n Mallorquina\u3011Modelo carta, fax, correo electr\u00f3nico (email), tel\u00e9fono gratis.","robots":{"index":"index","follow":"follow","max-snippet":"max-snippet:-1","max-image-preview":"max-image-preview:large","max-video-preview":"max-video-preview:-1"},"canonical":"https:\/\/idecesos.com\/seguros\/companias\/prevision-mallorquina\/dar-de-baja\/","og_locale":"es_ES","og_type":"article","og_title":"\u00bfC\u00f3mo dar de Baja o Cancelar Seguro de Decesos Previsi\u00f3n Mallorquina?","og_description":"Obt\u00e9n aqu\u00ed\u3010c\u00f3mo dar de baja o cancelar seguro de decesos Previsi\u00f3n Mallorquina\u3011Modelo carta, fax, correo electr\u00f3nico (email), tel\u00e9fono gratis.","og_url":"https:\/\/idecesos.com\/seguros\/companias\/prevision-mallorquina\/dar-de-baja\/","article_modified_time":"2022-01-31T17:49:39+00:00","twitter_card":"summary_large_image","twitter_misc":{"Tiempo de lectura":"5 minutos"},"schema":{"@context":"https:\/\/schema.org","@graph":[{"@type":"WebPage","@id":"https:\/\/idecesos.com\/seguros\/companias\/prevision-mallorquina\/dar-de-baja\/","url":"https:\/\/idecesos.com\/seguros\/companias\/prevision-mallorquina\/dar-de-baja\/","name":"\u00bfC\u00f3mo dar de Baja o Cancelar Seguro de Decesos Previsi\u00f3n Mallorquina?","isPartOf":{"@id":"https:\/\/idecesos.com\/seguros\/#website"},"datePublished":"2021-12-29T11:53:38+00:00","dateModified":"2022-01-31T17:49:39+00:00","description":"Obt\u00e9n aqu\u00ed\u3010c\u00f3mo dar de baja o cancelar seguro de decesos Previsi\u00f3n Mallorquina\u3011Modelo carta, fax, correo electr\u00f3nico (email), tel\u00e9fono gratis.","breadcrumb":{"@id":"https:\/\/idecesos.com\/seguros\/companias\/prevision-mallorquina\/dar-de-baja\/#breadcrumb"},"inLanguage":"es","potentialAction":[{"@type":"ReadAction","target":["https:\/\/idecesos.com\/seguros\/companias\/prevision-mallorquina\/dar-de-baja\/"]}]},{"@type":"BreadcrumbList","@id":"https:\/\/idecesos.com\/seguros\/companias\/prevision-mallorquina\/dar-de-baja\/#breadcrumb","itemListElement":[{"@type":"ListItem","position":1,"name":"Portada","item":"https:\/\/idecesos.com\/seguros\/"},{"@type":"ListItem","position":2,"name":"Compa\u00f1\u00edas de Seguros de Decesos en Espa\u00f1a","item":"https:\/\/idecesos.com\/seguros\/companias\/"},{"@type":"ListItem","position":3,"name":"Seguro de decesos Previsi\u00f3n Mallorquina","item":"https:\/\/idecesos.com\/seguros\/companias\/prevision-mallorquina\/"},{"@type":"ListItem","position":4,"name":"\u00bfC\u00f3mo dar de baja seguro Previsi\u00f3n Mallorquina?"}]},{"@type":"WebSite","@id":"https:\/\/idecesos.com\/seguros\/#website","url":"https:\/\/idecesos.com\/seguros\/","name":"","description":"","potentialAction":[{"@type":"SearchAction","target":{"@type":"EntryPoint","urlTemplate":"https:\/\/idecesos.com\/seguros\/?s={search_term_string}"},"query-input":{"@type":"PropertyValueSpecification","valueRequired":true,"valueName":"search_term_string"}}],"inLanguage":"es"}]}},"_links":{"self":[{"href":"https:\/\/idecesos.com\/seguros\/wp-json\/wp\/v2\/pages\/18263","targetHints":{"allow":["GET"]}}],"collection":[{"href":"https:\/\/idecesos.com\/seguros\/wp-json\/wp\/v2\/pages"}],"about":[{"href":"https:\/\/idecesos.com\/seguros\/wp-json\/wp\/v2\/types\/page"}],"author":[{"embeddable":true,"href":"https:\/\/idecesos.com\/seguros\/wp-json\/wp\/v2\/users\/1"}],"replies":[{"embeddable":true,"href":"https:\/\/idecesos.com\/seguros\/wp-json\/wp\/v2\/comments?post=18263"}],"version-history":[{"count":1,"href":"https:\/\/idecesos.com\/seguros\/wp-json\/wp\/v2\/pages\/18263\/revisions"}],"predecessor-version":[{"id":19176,"href":"https:\/\/idecesos.com\/seguros\/wp-json\/wp\/v2\/pages\/18263\/revisions\/19176"}],"up":[{"embeddable":true,"href":"https:\/\/idecesos.com\/seguros\/wp-json\/wp\/v2\/pages\/9564"}],"wp:attachment":[{"href":"https:\/\/idecesos.com\/seguros\/wp-json\/wp\/v2\/media?parent=18263"}],"curies":[{"name":"wp","href":"https:\/\/api.w.org\/{rel}","templated":true}]}}