{"id":18265,"date":"2021-12-29T11:53:39","date_gmt":"2021-12-29T11:53:39","guid":{"rendered":"https:\/\/idecesos.com\/seguros\/companias\/mutuavenir\/dar-de-baja\/"},"modified":"2022-01-31T17:53:44","modified_gmt":"2022-01-31T17:53:44","slug":"dar-de-baja","status":"publish","type":"page","link":"https:\/\/idecesos.com\/seguros\/companias\/mutuavenir\/dar-de-baja\/","title":{"rendered":"\u00bfC\u00f3mo dar de baja seguro Mutuavenir?"},"content":{"rendered":"<div id=\"ez-toc-container\" class=\"ez-toc-v2_0_82_2 ez-toc-wrap-center counter-hierarchy ez-toc-counter ez-toc-custom ez-toc-container-direction\">\n<div class=\"ez-toc-title-container\">\n<p class=\"ez-toc-title\" style=\"cursor:inherit\">Tabla de Contenido<\/p>\n<span class=\"ez-toc-title-toggle\"><a href=\"#\" class=\"ez-toc-pull-right ez-toc-btn ez-toc-btn-xs ez-toc-btn-default ez-toc-toggle\" aria-label=\"Alternar tabla de contenidos\"><span class=\"ez-toc-js-icon-con\"><span class=\"\"><span class=\"eztoc-hide\" style=\"display:none;\">Toggle<\/span><span class=\"ez-toc-icon-toggle-span\"><svg style=\"fill: #db6415;color:#db6415\" xmlns=\"http:\/\/www.w3.org\/2000\/svg\" class=\"list-377408\" width=\"20px\" height=\"20px\" viewBox=\"0 0 24 24\" fill=\"none\"><path d=\"M6 6H4v2h2V6zm14 0H8v2h12V6zM4 11h2v2H4v-2zm16 0H8v2h12v-2zM4 16h2v2H4v-2zm16 0H8v2h12v-2z\" fill=\"currentColor\"><\/path><\/svg><svg style=\"fill: #db6415;color:#db6415\" class=\"arrow-unsorted-368013\" xmlns=\"http:\/\/www.w3.org\/2000\/svg\" width=\"10px\" height=\"10px\" viewBox=\"0 0 24 24\" version=\"1.2\" baseProfile=\"tiny\"><path d=\"M18.2 9.3l-6.2-6.3-6.2 6.3c-.2.2-.3.4-.3.7s.1.5.3.7c.2.2.4.3.7.3h11c.3 0 .5-.1.7-.3.2-.2.3-.5.3-.7s-.1-.5-.3-.7zM5.8 14.7l6.2 6.3 6.2-6.3c.2-.2.3-.5.3-.7s-.1-.5-.3-.7c-.2-.2-.4-.3-.7-.3h-11c-.3 0-.5.1-.7.3-.2.2-.3.5-.3.7s.1.5.3.7z\"\/><\/svg><\/span><\/span><\/span><\/a><\/span><\/div>\n<nav><ul class='ez-toc-list ez-toc-list-level-1 ' ><li class='ez-toc-page-1 ez-toc-heading-level-2'><a class=\"ez-toc-link ez-toc-heading-1\" href=\"https:\/\/idecesos.com\/seguros\/companias\/mutuavenir\/dar-de-baja\/#Diferentes_opciones_para_cancelar_un_contrato_con_Mutuavenir\" >Diferentes opciones para cancelar un contrato con Mutuavenir<\/a><ul class='ez-toc-list-level-3' ><li class='ez-toc-heading-level-3'><a class=\"ez-toc-link ez-toc-heading-2\" href=\"https:\/\/idecesos.com\/seguros\/companias\/mutuavenir\/dar-de-baja\/#A_traves_de_la_web_de_Mutuavenir\" >A trav\u00e9s de la web de Mutuavenir<\/a><\/li><li class='ez-toc-page-1 ez-toc-heading-level-3'><a class=\"ez-toc-link ez-toc-heading-3\" href=\"https:\/\/idecesos.com\/seguros\/companias\/mutuavenir\/dar-de-baja\/#Utilizando_el_correo_electronico_de_Mutuavenir\" >Utilizando el correo electr\u00f3nico de Mutuavenir<\/a><\/li><li class='ez-toc-page-1 ez-toc-heading-level-3'><a class=\"ez-toc-link ez-toc-heading-4\" href=\"https:\/\/idecesos.com\/seguros\/companias\/mutuavenir\/dar-de-baja\/#Dar_de_baja_Mutuavenir_por_fax\" >Dar de baja Mutuavenir por fax<\/a><\/li><li class='ez-toc-page-1 ez-toc-heading-level-3'><a class=\"ez-toc-link ez-toc-heading-5\" href=\"https:\/\/idecesos.com\/seguros\/companias\/mutuavenir\/dar-de-baja\/#En_la_oficina_de_Mutuavenir\" >En la oficina de Mutuavenir<\/a><\/li><li class='ez-toc-page-1 ez-toc-heading-level-3'><a class=\"ez-toc-link ez-toc-heading-6\" href=\"https:\/\/idecesos.com\/seguros\/companias\/mutuavenir\/dar-de-baja\/#Telefono_para_dar_de_baja_Mutuavenir\" >T\u00e9lefono para dar de baja Mutuavenir<\/a><\/li><\/ul><\/li><li class='ez-toc-page-1 ez-toc-heading-level-2'><a class=\"ez-toc-link ez-toc-heading-7\" href=\"https:\/\/idecesos.com\/seguros\/companias\/mutuavenir\/dar-de-baja\/#Dar_de_baja_seguro_Mutuavenir_de_un_fallecido\" >Dar de baja seguro Mutuavenir de un fallecido<\/a><ul class='ez-toc-list-level-3' ><li class='ez-toc-heading-level-3'><a class=\"ez-toc-link ez-toc-heading-8\" href=\"https:\/\/idecesos.com\/seguros\/companias\/mutuavenir\/dar-de-baja\/#Paginas_relacionadas\" >P\u00e1ginas relacionadas<\/a><\/li><\/ul><\/li><\/ul><\/nav><\/div>\n<p> En este apartado, vamos a mostrarte los pasos para cancelar tu seguro de fallecimiento. iDecesos ha trabajado para explicarte de qu\u00e9 manera hacerlo y a fin de que no se tenga que preocupar por nada en tanto que esto puede parecer algo dif\u00edcil o complejo. En este apartado, vas a ver los pasos a seguir y de qu\u00e9 manera puedes dar de baja el seguro de decesos. Vas a poder dar de baja usted mismo su seguro de decesos tras conocer todas y cada una de las formas diferentes que tienes para hacer el proceso. Si quieres eludir preocupaciones a tus familiares o bien amigos, te invitamos a tener tu seguro de decesos para que todo quede cubierto en el instante de la defunci\u00f3n. <div class=\"colorf \"  ><div class=\"container clearfix\"><div class=\"col-md-7\"><\/p>\r\n<h2><span class=\"ez-toc-section\" id=\"Diferentes_opciones_para_cancelar_un_contrato_con_Mutuavenir\"><\/span>Diferentes opciones para cancelar un contrato con Mutuavenir<span class=\"ez-toc-section-end\"><\/span><\/h2>\r\n<!-- \/wp:post-content -->\r\n\r\n<!-- wp:paragraph -->\r\n<p>Puede servirte conocer las diferentes opciones de las personas que se dieron de baja en el seguro de fallecimiento. Para darse de baja de un seguro de fallecimiento hay muchas opciones comunes en todas las empresas de seguros. Aunque en ciertas compa\u00f1\u00edas aseguradoras te pueden admitir la cancelaci\u00f3n del seguro de forma telef\u00f3nica, para evitar que malgastes el tiempo, lo m\u00e1s normal es que acudas a una oficina y entregues el formulario de forma impresa. Si quiere darse de baja de un seguro de decesos de Mutuavenir por medio de tel\u00e9fono, no dude en contactar con nosotros mediante nuestro mail o nuestro n\u00famero de tel\u00e9fono. <\/div><\/div><\/div><\/p>\r\n<h3><span class=\"ez-toc-section\" id=\"A_traves_de_la_web_de_Mutuavenir\"><\/span>A trav\u00e9s de la web de Mutuavenir<span class=\"ez-toc-section-end\"><\/span><\/h3>\r\n<p>El acceso a su p\u00e1gina www.mutuavenir.com\/ y teclear en su buscador lo que necesites saber, es una de las opciones para dar de baja su seguro de decesos. En ese instante, le aparecer\u00e1n m\u00faltiples opciones. Deber\u00e1 elegir la m\u00e1s adecuada a y proseguir sus pasos. Es realmente f\u00e1cil. El n\u00famero 900 210 781 que tiene libre Mutuavenir, va a poder usarlo, en el mismo momento, que le surja una duda o bien no le aparezca esta alternativa. Si le aparece, rellenando el formulario o descargando el documento que le pida, podr\u00e1 llenar la petici\u00f3n. <div class=\"colorf \"  ><div class=\"container clearfix\"><div class=\"col-md-7\"><\/p>\r\n<h3><span class=\"ez-toc-section\" id=\"Utilizando_el_correo_electronico_de_Mutuavenir\"><\/span>Utilizando el correo electr\u00f3nico de Mutuavenir<span class=\"ez-toc-section-end\"><\/span><\/h3>\r\n<p>Otra manera de darse de baja del seguro de decesos de Mutuavenir es por medio de su mail email Mutuavenir. Le conllevar\u00e1 unas escasos minutos. Va a deber mandarles a su c\u00f3digo postal la siguiente informaci\u00f3n: una copia del documento de identidad del contratante y la notificaci\u00f3n, que anteriormente le hemos dicho c\u00f3mo lograrla, firmada por el asegurado con sus datos personales. Va a deber tener en su poder una copia sellada y un justificante del recibo, para realizar su ejecuci\u00f3n adecuadamente. Por precauci\u00f3n a futuros inconvenientes futuros, es conveniente que haga una imitaci\u00f3n de la notificaci\u00f3n con la fecha de env\u00edo. <\/div><\/div><\/div><\/p>\r\n<h3><span class=\"ez-toc-section\" id=\"Dar_de_baja_Mutuavenir_por_fax\"><\/span>Dar de baja Mutuavenir por fax<span class=\"ez-toc-section-end\"><\/span><\/h3>\r\n<p>Detallando tus datos personales y tu n\u00famero de p\u00f3liza podr\u00e1s pedir la baja de tu seguro de decesos a trav\u00e9s de el fax. Para que puedas efectuar la baja de tu seguro de una forma adecuada, no te olvides de anexar las dos caras de tu DNI. Cuando tengas todos los datos listos, encuentra el n\u00famero del fax de tu compa\u00f1\u00eda aseguradora para poder enviarlos. Adem\u00e1s recomendamos que guarde la confirmaci\u00f3n de env\u00edo por si le reclaman la prima a su renovaci\u00f3n. <div class=\"colorf \"  ><div class=\"container clearfix\"><div class=\"col-md-7\"><\/p>\r\n<h3><span class=\"ez-toc-section\" id=\"En_la_oficina_de_Mutuavenir\"><\/span>En la oficina de Mutuavenir<span class=\"ez-toc-section-end\"><\/span><\/h3>\r\n<p>Si no le agradan los precedentes m\u00e9todos, podr\u00e1 dar de baja a su seguro de decesos, presencialmente, acudiendo a la oficina pertinente de Mutuavenir. Haga una b\u00fasqueda sobre la oficina m\u00e1s pr\u00f3xima a su hogar y, asista en el horario estipulado. Los profesionales de la compa\u00f1\u00eda, le van a ayudar a fin de que pueda rellenar y firmar los documentos precisos con correcci\u00f3n. Solo debe seguir los pasos que le se\u00f1alen. Le recordamos que lleve su DNI para que todo este tr\u00e1mite se pueda llevar a cabo, en tanto que es necesario. Para finalizar el proceso adecuadamente, los profesionales le dar\u00e1n una imitaci\u00f3n de cada documento firmado y, se ocupar\u00e1n de cerrar el tr\u00e1mite de su baja. <\/div><\/div><\/div><\/p>\r\n<h3><span class=\"ez-toc-section\" id=\"Telefono_para_dar_de_baja_Mutuavenir\"><\/span>T\u00e9lefono para dar de baja Mutuavenir<span class=\"ez-toc-section-end\"><\/span><\/h3>\r\n<p>Recurrir al tel\u00e9fono de Mutuavenir para darse de baja en sus seguro de decesos es muy usual. Si te pones en contacto con el n\u00famero que te se\u00f1alamos, te pondremos en contacto con una persona que te ayudar\u00e1 y te aconsejar\u00e1 en todo el proceso. Podr\u00e1 realizarse la baja del seguro de decesos siempre que se pruebe que es el tomador de la p\u00f3liza el que la pide y que est\u00e1 dentro del periodo legal. En iDecesos ponemos a su disposici\u00f3n nuestro servicio de administraci\u00f3n de baja sin coste a\u00f1adido para todos nuestros clientes de seguro de decesos, \u00fanicamente le requerimos una autorizaci\u00f3n legal. <div class=\"colorf \"  ><div class=\"container clearfix\"><div class=\"col-md-7\"><\/p>\r\n<h2><span class=\"ez-toc-section\" id=\"Dar_de_baja_seguro_Mutuavenir_de_un_fallecido\"><\/span>Dar de baja seguro Mutuavenir de un fallecido<span class=\"ez-toc-section-end\"><\/span><\/h2>\r\n<p>Una vez ocurre el siniestro por fallecimiento el servicio de asistencia del seguro de decesos de Mutuavenir, lo notifica y expone en la intranet de la compa\u00f1\u00eda de seguros para que conste la baja y la descripci\u00f3n del servicio f\u00fanebre. Todos y cada uno de los recibos van a quedar cancelados en el instante en el que esa persona muera. Las primas que tienen contratadas se recalcular\u00e1n de manera que queden estimaciones autom\u00e1ticas. <\/div><\/div><\/div> <div class=\"oficinas\"> <h3><span class=\"ez-toc-section\" id=\"Paginas_relacionadas\"><\/span>P\u00e1ginas relacionadas<span class=\"ez-toc-section-end\"><\/span><\/h3><div class=\"enlazado\"><ul> <li><a href=\"https:\/\/idecesos.com\/seguros\/companias\/mutuavenir\/opiniones\/\">Opiniones Mutuavenir<\/a><\/li> <li><a href=\"https:\/\/idecesos.com\/seguros\/companias\/mutuavenir\/precio\/\">Precio seguro Mutuavenir<\/a><\/li> <li><a href=\"https:\/\/idecesos.com\/seguros\/companias\/mutuavenir\/prima-mixta\/\">Mutuavenir Prima Mixta<\/a><\/li> <li><a href=\"https:\/\/idecesos.com\/seguros\/companias\/mutuavenir\/prima-natural\/\">Mutuavenir Prima Natural<\/a><\/li> <li><a href=\"https:\/\/idecesos.com\/seguros\/companias\/mutuavenir\/prima-nivelada\/\">Mutuavenir Prima Nivelada<\/a><\/li> <li><a href=\"https:\/\/idecesos.com\/seguros\/companias\/mutuavenir\/prima-unica\/\">Mutuavenir Prima \u00danica<\/a><\/li> <li><a href=\"https:\/\/idecesos.com\/seguros\/companias\/mutuavenir\/repatriacion\/\">Mutuavenir Repatriaci\u00f3n<\/a><\/li> <li><a href=\"https:\/\/idecesos.com\/seguros\/companias\/mutuavenir\/telefono\/\">Tel\u00e9fono Gratuito Mutuavenir<\/a><\/li><\/ul><\/div> <\/div><\/p>","protected":false},"excerpt":{"rendered":"<p>En este apartado, vamos a mostrarte los pasos para cancelar tu seguro de fallecimiento. iDecesos ha trabajado para explicarte de qu\u00e9 manera hacerlo y a fin de que no se tenga que preocupar por nada en tanto que esto puede parecer algo dif\u00edcil o complejo. En este apartado, vas a ver los pasos a seguir&hellip; <\/p>\n","protected":false},"author":1,"featured_media":0,"parent":10581,"menu_order":0,"comment_status":"closed","ping_status":"closed","template":"single.php","meta":{"footnotes":""},"class_list":["post-18265","page","type-page","status-publish","hentry"],"yoast_head":"<!-- This site is optimized with the Yoast SEO plugin v27.3 - https:\/\/yoast.com\/product\/yoast-seo-wordpress\/ -->\n<title>\u00bfC\u00f3mo dar de Baja o Cancelar Seguro de Decesos Mutuavenir?<\/title>\n<meta name=\"description\" content=\"Obt\u00e9n aqu\u00ed\u3010c\u00f3mo dar de baja o cancelar seguro de decesos Mutuavenir\u3011Modelo carta, fax, correo electr\u00f3nico (email), tel\u00e9fono gratis.\" \/>\n<meta name=\"robots\" content=\"index, follow, max-snippet:-1, max-image-preview:large, max-video-preview:-1\" \/>\n<link rel=\"canonical\" href=\"https:\/\/idecesos.com\/seguros\/companias\/mutuavenir\/dar-de-baja\/\" \/>\n<meta property=\"og:locale\" content=\"es_ES\" \/>\n<meta property=\"og:type\" content=\"article\" \/>\n<meta property=\"og:title\" content=\"\u00bfC\u00f3mo dar de Baja o Cancelar Seguro de Decesos Mutuavenir?\" \/>\n<meta property=\"og:description\" content=\"Obt\u00e9n aqu\u00ed\u3010c\u00f3mo dar de baja o cancelar seguro de decesos Mutuavenir\u3011Modelo carta, fax, correo electr\u00f3nico (email), tel\u00e9fono gratis.\" \/>\n<meta property=\"og:url\" content=\"https:\/\/idecesos.com\/seguros\/companias\/mutuavenir\/dar-de-baja\/\" \/>\n<meta property=\"article:modified_time\" content=\"2022-01-31T17:53:44+00:00\" \/>\n<meta name=\"twitter:card\" content=\"summary_large_image\" \/>\n<meta name=\"twitter:label1\" content=\"Tiempo de lectura\" \/>\n\t<meta name=\"twitter:data1\" content=\"5 minutos\" \/>\n<script type=\"application\/ld+json\" class=\"yoast-schema-graph\">{\"@context\":\"https:\\\/\\\/schema.org\",\"@graph\":[{\"@type\":\"WebPage\",\"@id\":\"https:\\\/\\\/idecesos.com\\\/seguros\\\/companias\\\/mutuavenir\\\/dar-de-baja\\\/\",\"url\":\"https:\\\/\\\/idecesos.com\\\/seguros\\\/companias\\\/mutuavenir\\\/dar-de-baja\\\/\",\"name\":\"\u00bfC\u00f3mo dar de Baja o Cancelar Seguro de Decesos Mutuavenir?\",\"isPartOf\":{\"@id\":\"https:\\\/\\\/idecesos.com\\\/seguros\\\/#website\"},\"datePublished\":\"2021-12-29T11:53:39+00:00\",\"dateModified\":\"2022-01-31T17:53:44+00:00\",\"description\":\"Obt\u00e9n aqu\u00ed\u3010c\u00f3mo dar de baja o cancelar seguro de decesos Mutuavenir\u3011Modelo carta, fax, correo electr\u00f3nico (email), tel\u00e9fono gratis.\",\"breadcrumb\":{\"@id\":\"https:\\\/\\\/idecesos.com\\\/seguros\\\/companias\\\/mutuavenir\\\/dar-de-baja\\\/#breadcrumb\"},\"inLanguage\":\"es\",\"potentialAction\":[{\"@type\":\"ReadAction\",\"target\":[\"https:\\\/\\\/idecesos.com\\\/seguros\\\/companias\\\/mutuavenir\\\/dar-de-baja\\\/\"]}]},{\"@type\":\"BreadcrumbList\",\"@id\":\"https:\\\/\\\/idecesos.com\\\/seguros\\\/companias\\\/mutuavenir\\\/dar-de-baja\\\/#breadcrumb\",\"itemListElement\":[{\"@type\":\"ListItem\",\"position\":1,\"name\":\"Portada\",\"item\":\"https:\\\/\\\/idecesos.com\\\/seguros\\\/\"},{\"@type\":\"ListItem\",\"position\":2,\"name\":\"Compa\u00f1\u00edas de Seguros de Decesos en Espa\u00f1a\",\"item\":\"https:\\\/\\\/idecesos.com\\\/seguros\\\/companias\\\/\"},{\"@type\":\"ListItem\",\"position\":3,\"name\":\"Seguro Decesos Mutuavenir\",\"item\":\"https:\\\/\\\/idecesos.com\\\/seguros\\\/companias\\\/mutuavenir\\\/\"},{\"@type\":\"ListItem\",\"position\":4,\"name\":\"\u00bfC\u00f3mo dar de baja seguro Mutuavenir?\"}]},{\"@type\":\"WebSite\",\"@id\":\"https:\\\/\\\/idecesos.com\\\/seguros\\\/#website\",\"url\":\"https:\\\/\\\/idecesos.com\\\/seguros\\\/\",\"name\":\"\",\"description\":\"\",\"potentialAction\":[{\"@type\":\"SearchAction\",\"target\":{\"@type\":\"EntryPoint\",\"urlTemplate\":\"https:\\\/\\\/idecesos.com\\\/seguros\\\/?s={search_term_string}\"},\"query-input\":{\"@type\":\"PropertyValueSpecification\",\"valueRequired\":true,\"valueName\":\"search_term_string\"}}],\"inLanguage\":\"es\"}]}<\/script>\n<!-- \/ Yoast SEO plugin. -->","yoast_head_json":{"title":"\u00bfC\u00f3mo dar de Baja o Cancelar Seguro de Decesos Mutuavenir?","description":"Obt\u00e9n aqu\u00ed\u3010c\u00f3mo dar de baja o cancelar seguro de decesos Mutuavenir\u3011Modelo carta, fax, correo electr\u00f3nico (email), tel\u00e9fono gratis.","robots":{"index":"index","follow":"follow","max-snippet":"max-snippet:-1","max-image-preview":"max-image-preview:large","max-video-preview":"max-video-preview:-1"},"canonical":"https:\/\/idecesos.com\/seguros\/companias\/mutuavenir\/dar-de-baja\/","og_locale":"es_ES","og_type":"article","og_title":"\u00bfC\u00f3mo dar de Baja o Cancelar Seguro de Decesos Mutuavenir?","og_description":"Obt\u00e9n aqu\u00ed\u3010c\u00f3mo dar de baja o cancelar seguro de decesos Mutuavenir\u3011Modelo carta, fax, correo electr\u00f3nico (email), tel\u00e9fono gratis.","og_url":"https:\/\/idecesos.com\/seguros\/companias\/mutuavenir\/dar-de-baja\/","article_modified_time":"2022-01-31T17:53:44+00:00","twitter_card":"summary_large_image","twitter_misc":{"Tiempo de lectura":"5 minutos"},"schema":{"@context":"https:\/\/schema.org","@graph":[{"@type":"WebPage","@id":"https:\/\/idecesos.com\/seguros\/companias\/mutuavenir\/dar-de-baja\/","url":"https:\/\/idecesos.com\/seguros\/companias\/mutuavenir\/dar-de-baja\/","name":"\u00bfC\u00f3mo dar de Baja o Cancelar Seguro de Decesos Mutuavenir?","isPartOf":{"@id":"https:\/\/idecesos.com\/seguros\/#website"},"datePublished":"2021-12-29T11:53:39+00:00","dateModified":"2022-01-31T17:53:44+00:00","description":"Obt\u00e9n aqu\u00ed\u3010c\u00f3mo dar de baja o cancelar seguro de decesos Mutuavenir\u3011Modelo carta, fax, correo electr\u00f3nico (email), tel\u00e9fono gratis.","breadcrumb":{"@id":"https:\/\/idecesos.com\/seguros\/companias\/mutuavenir\/dar-de-baja\/#breadcrumb"},"inLanguage":"es","potentialAction":[{"@type":"ReadAction","target":["https:\/\/idecesos.com\/seguros\/companias\/mutuavenir\/dar-de-baja\/"]}]},{"@type":"BreadcrumbList","@id":"https:\/\/idecesos.com\/seguros\/companias\/mutuavenir\/dar-de-baja\/#breadcrumb","itemListElement":[{"@type":"ListItem","position":1,"name":"Portada","item":"https:\/\/idecesos.com\/seguros\/"},{"@type":"ListItem","position":2,"name":"Compa\u00f1\u00edas de Seguros de Decesos en Espa\u00f1a","item":"https:\/\/idecesos.com\/seguros\/companias\/"},{"@type":"ListItem","position":3,"name":"Seguro Decesos Mutuavenir","item":"https:\/\/idecesos.com\/seguros\/companias\/mutuavenir\/"},{"@type":"ListItem","position":4,"name":"\u00bfC\u00f3mo dar de baja seguro Mutuavenir?"}]},{"@type":"WebSite","@id":"https:\/\/idecesos.com\/seguros\/#website","url":"https:\/\/idecesos.com\/seguros\/","name":"","description":"","potentialAction":[{"@type":"SearchAction","target":{"@type":"EntryPoint","urlTemplate":"https:\/\/idecesos.com\/seguros\/?s={search_term_string}"},"query-input":{"@type":"PropertyValueSpecification","valueRequired":true,"valueName":"search_term_string"}}],"inLanguage":"es"}]}},"_links":{"self":[{"href":"https:\/\/idecesos.com\/seguros\/wp-json\/wp\/v2\/pages\/18265","targetHints":{"allow":["GET"]}}],"collection":[{"href":"https:\/\/idecesos.com\/seguros\/wp-json\/wp\/v2\/pages"}],"about":[{"href":"https:\/\/idecesos.com\/seguros\/wp-json\/wp\/v2\/types\/page"}],"author":[{"embeddable":true,"href":"https:\/\/idecesos.com\/seguros\/wp-json\/wp\/v2\/users\/1"}],"replies":[{"embeddable":true,"href":"https:\/\/idecesos.com\/seguros\/wp-json\/wp\/v2\/comments?post=18265"}],"version-history":[{"count":1,"href":"https:\/\/idecesos.com\/seguros\/wp-json\/wp\/v2\/pages\/18265\/revisions"}],"predecessor-version":[{"id":19181,"href":"https:\/\/idecesos.com\/seguros\/wp-json\/wp\/v2\/pages\/18265\/revisions\/19181"}],"up":[{"embeddable":true,"href":"https:\/\/idecesos.com\/seguros\/wp-json\/wp\/v2\/pages\/10581"}],"wp:attachment":[{"href":"https:\/\/idecesos.com\/seguros\/wp-json\/wp\/v2\/media?parent=18265"}],"curies":[{"name":"wp","href":"https:\/\/api.w.org\/{rel}","templated":true}]}}