{"id":18266,"date":"2021-12-29T11:53:40","date_gmt":"2021-12-29T11:53:40","guid":{"rendered":"https:\/\/idecesos.com\/seguros\/companias\/cofidis\/dar-de-baja\/"},"modified":"2022-01-31T16:55:14","modified_gmt":"2022-01-31T16:55:14","slug":"dar-de-baja","status":"publish","type":"page","link":"https:\/\/idecesos.com\/seguros\/companias\/cofidis\/dar-de-baja\/","title":{"rendered":"\u00bfC\u00f3mo dar de baja seguro Cofidis?"},"content":{"rendered":"<div id=\"ez-toc-container\" class=\"ez-toc-v2_0_82_2 ez-toc-wrap-center counter-hierarchy ez-toc-counter ez-toc-custom ez-toc-container-direction\">\n<div class=\"ez-toc-title-container\">\n<p class=\"ez-toc-title\" style=\"cursor:inherit\">Tabla de Contenido<\/p>\n<span class=\"ez-toc-title-toggle\"><a href=\"#\" class=\"ez-toc-pull-right ez-toc-btn ez-toc-btn-xs ez-toc-btn-default ez-toc-toggle\" aria-label=\"Alternar tabla de contenidos\"><span class=\"ez-toc-js-icon-con\"><span class=\"\"><span class=\"eztoc-hide\" style=\"display:none;\">Toggle<\/span><span class=\"ez-toc-icon-toggle-span\"><svg style=\"fill: #db6415;color:#db6415\" xmlns=\"http:\/\/www.w3.org\/2000\/svg\" class=\"list-377408\" width=\"20px\" height=\"20px\" viewBox=\"0 0 24 24\" fill=\"none\"><path d=\"M6 6H4v2h2V6zm14 0H8v2h12V6zM4 11h2v2H4v-2zm16 0H8v2h12v-2zM4 16h2v2H4v-2zm16 0H8v2h12v-2z\" fill=\"currentColor\"><\/path><\/svg><svg style=\"fill: #db6415;color:#db6415\" class=\"arrow-unsorted-368013\" xmlns=\"http:\/\/www.w3.org\/2000\/svg\" width=\"10px\" height=\"10px\" viewBox=\"0 0 24 24\" version=\"1.2\" baseProfile=\"tiny\"><path d=\"M18.2 9.3l-6.2-6.3-6.2 6.3c-.2.2-.3.4-.3.7s.1.5.3.7c.2.2.4.3.7.3h11c.3 0 .5-.1.7-.3.2-.2.3-.5.3-.7s-.1-.5-.3-.7zM5.8 14.7l6.2 6.3 6.2-6.3c.2-.2.3-.5.3-.7s-.1-.5-.3-.7c-.2-.2-.4-.3-.7-.3h-11c-.3 0-.5.1-.7.3-.2.2-.3.5-.3.7s.1.5.3.7z\"\/><\/svg><\/span><\/span><\/span><\/a><\/span><\/div>\n<nav><ul class='ez-toc-list ez-toc-list-level-1 ' ><li class='ez-toc-page-1 ez-toc-heading-level-2'><a class=\"ez-toc-link ez-toc-heading-1\" href=\"https:\/\/idecesos.com\/seguros\/companias\/cofidis\/dar-de-baja\/#Diferentes_opciones_para_cancelar_un_contrato_con_Cofidis\" >Diferentes opciones para cancelar un contrato con Cofidis<\/a><ul class='ez-toc-list-level-3' ><li class='ez-toc-heading-level-3'><a class=\"ez-toc-link ez-toc-heading-2\" href=\"https:\/\/idecesos.com\/seguros\/companias\/cofidis\/dar-de-baja\/#A_traves_de_la_web_de_Cofidis\" >A trav\u00e9s de la web de Cofidis<\/a><\/li><li class='ez-toc-page-1 ez-toc-heading-level-3'><a class=\"ez-toc-link ez-toc-heading-3\" href=\"https:\/\/idecesos.com\/seguros\/companias\/cofidis\/dar-de-baja\/#Utilizando_el_correo_electronico_de_Cofidis\" >Utilizando el correo electr\u00f3nico de Cofidis<\/a><\/li><li class='ez-toc-page-1 ez-toc-heading-level-3'><a class=\"ez-toc-link ez-toc-heading-4\" href=\"https:\/\/idecesos.com\/seguros\/companias\/cofidis\/dar-de-baja\/#Dar_de_baja_Cofidis_por_fax\" >Dar de baja Cofidis por fax<\/a><\/li><li class='ez-toc-page-1 ez-toc-heading-level-3'><a class=\"ez-toc-link ez-toc-heading-5\" href=\"https:\/\/idecesos.com\/seguros\/companias\/cofidis\/dar-de-baja\/#En_la_oficina_de_Cofidis\" >En la oficina de Cofidis<\/a><\/li><li class='ez-toc-page-1 ez-toc-heading-level-3'><a class=\"ez-toc-link ez-toc-heading-6\" href=\"https:\/\/idecesos.com\/seguros\/companias\/cofidis\/dar-de-baja\/#Telefono_para_dar_de_baja_Cofidis\" >T\u00e9lefono para dar de baja Cofidis<\/a><\/li><\/ul><\/li><li class='ez-toc-page-1 ez-toc-heading-level-2'><a class=\"ez-toc-link ez-toc-heading-7\" href=\"https:\/\/idecesos.com\/seguros\/companias\/cofidis\/dar-de-baja\/#Dar_de_baja_seguro_Cofidis_de_un_fallecido\" >Dar de baja seguro Cofidis de un fallecido<\/a><ul class='ez-toc-list-level-3' ><li class='ez-toc-heading-level-3'><a class=\"ez-toc-link ez-toc-heading-8\" href=\"https:\/\/idecesos.com\/seguros\/companias\/cofidis\/dar-de-baja\/#Paginas_relacionadas\" >P\u00e1ginas relacionadas<\/a><\/li><\/ul><\/li><\/ul><\/nav><\/div>\n<p> Es muy sencillo dar de baja su seguro de decesos y, le afirmaremos de qu\u00e9 forma hacerlo. iDecesos ha trabajado para explicarte paso por paso de qu\u00e9 forma darse de baja en el seguro de decesos que tiene contratado. Es conveniente que, una vez est\u00e9 todo adecuadamente solucionado, busque otro seguro de decesos, puesto que es fundamental a fin de que sus seres queridos est\u00e9n sosegados, si cualquier d\u00eda ocurre un imprevisto. Es muy importante que sepa que, para poder dar de baja su seguro de decesos, debe informar a la compa\u00f1\u00eda 30 d\u00edas ya antes de su renovaci\u00f3n y, de esta forma, no va a tener ning\u00fan inconveniente. <div class=\"colorf \"  ><div class=\"container clearfix\"><div class=\"col-md-7\"><\/p>\r\n<h2><span class=\"ez-toc-section\" id=\"Diferentes_opciones_para_cancelar_un_contrato_con_Cofidis\"><\/span>Diferentes opciones para cancelar un contrato con Cofidis<span class=\"ez-toc-section-end\"><\/span><\/h2>\r\n<!-- \/wp:post-content -->\r\n\r\n<!-- wp:paragraph -->\r\n<p>Basadas en la experiencia de los clientes del servicio, puedes conocer las diferentes opciones de esas personas que dieron de baja su seguro. La manera de dar de baja un seguro de decesos es igual en todas y cada una de las compa\u00f1\u00edas aseguradoras. Algunas personas tienen m\u00e1s suerte y puede que resulte posible anular su seguro de decesos por tel\u00e9fono, no obstante, a fin de que la operadora de la compa\u00f1\u00eda de seguro de decesos le pueda dar de baja de sus servicios, le pedir\u00e1 que le mande el formulario de cancelaci\u00f3n en formato impreso, en caso contrario, usted perder\u00e1 su tiempo por tel\u00e9fono con un operador que le dir\u00e1 que debe mandar el formulario de cancelaci\u00f3n impresa. Si quieres anular tu seguro de forma telef\u00f3nica, contacta con nosotros a trav\u00e9s de nuestro tel\u00e9fono o bien e mail. <\/div><\/div><\/div><\/p>\r\n<h3><span class=\"ez-toc-section\" id=\"A_traves_de_la_web_de_Cofidis\"><\/span>A trav\u00e9s de la web de Cofidis<span class=\"ez-toc-section-end\"><\/span><\/h3>\r\n<p>Otros de los m\u00e9todos es desde la web de Cofidis: www.cofidis.es\/. Lo conseguir\u00e1s con el f\u00e1cil acto de teclear en el buscador lo que desees saber o, entrar en la secci\u00f3n correspondiente. Despu\u00e9s prosiga los pasos que le se\u00f1alan y va a poder darse de baja de sus servicios, o bien rellenando el formulario que le indican o baj\u00e1ndose el documento que Cofidis le da. En el caso de tener alg\u00fan inconveniente, llame al n\u00famero de tel\u00e9fono de la compa\u00f1\u00eda 900 85 60 60\u00a0o mande un correo coment\u00e1ndole lo sucedido email Cofidis. Al contrario, si todo sale bien, recibir\u00e1 por un instante un mail por la parte de la compa\u00f1\u00eda, con la confirmaci\u00f3n de baja de su seguro. <div class=\"colorf \"  ><div class=\"container clearfix\"><div class=\"col-md-7\"><\/p>\r\n<h3><span class=\"ez-toc-section\" id=\"Utilizando_el_correo_electronico_de_Cofidis\"><\/span>Utilizando el correo electr\u00f3nico de Cofidis<span class=\"ez-toc-section-end\"><\/span><\/h3>\r\n<p>Por e mail tambi\u00e9n puedes solicitar la baja de tu seguro de decesos. Solo debes a\u00f1adir la direcci\u00f3n de e mail siguiente para tener la baja de tu seguro de decesos solucionada. Para pedir la solicitud de baja del seguro, deber\u00e1s mandar una copia del documento de identidad y el documento firmado con los datos personales donde se especifica el deseo de darse de baja. Esto puedes pedirlo en el 951 127 403 o en el info@idecesos. com. Le recordamos que deber\u00e1 guardar una copia sellada y tener un justificante de recibo para que su ejecuci\u00f3n pueda hacerse. Guarde asimismo una copia de la notificaci\u00f3n con su fecha de env\u00edo, para quedarse a\u00fan m\u00e1s tranquilos y no puedan ponerle ninguna queja en un futuro, todo por seguridad. <\/div><\/div><\/div><\/p>\r\n<h3><span class=\"ez-toc-section\" id=\"Dar_de_baja_Cofidis_por_fax\"><\/span>Dar de baja Cofidis por fax<span class=\"ez-toc-section-end\"><\/span><\/h3>\r\n<p>Puedes emplear tambi\u00e9n el fax para dar de baja tu seguro de fallecimiento. Para enviar tu solicitud a trav\u00e9s de el fax, el proceso a seguir es sencill\u00edsimo de la misma manera que en el correo electr\u00f3nico. Solo debes mandarle a tu compa\u00f1\u00eda de seguro tu copia del DNI y la notificaci\u00f3n firmada. Para conocer d\u00f3nde puedes localizar la notificaci\u00f3n, puedes llamarnos al n\u00famero 951 127 403. Le recordamos que, como en todas y cada una de las opciones, debe guardar una copia sellada y tener un justificante de su recibo. Para tu mayor tranquilidad y bienestar, guarda tambi\u00e9n la copia de la notificaci\u00f3n con la data de env\u00edo. <div class=\"colorf \"  ><div class=\"container clearfix\"><div class=\"col-md-7\"><\/p>\r\n<h3><span class=\"ez-toc-section\" id=\"En_la_oficina_de_Cofidis\"><\/span>En la oficina de Cofidis<span class=\"ez-toc-section-end\"><\/span><\/h3>\r\n<p>Si todos los m\u00e9todos anteriores le semejan realmente dif\u00edciles porque no controla realmente bien las nuevas tecnolog\u00edas tambi\u00e9n puede decantarse por ir presencialmente a una oficina de Cofidis y all\u00ed va a poder darse de baja asimismo de su seguro de decesos. Haga una busca sobre la oficina m\u00e1s cercana a su hogar y, acuda en el horario estipulado. Los profesionales de la compa\u00f1\u00eda, le ayudar\u00e1n a fin de que pueda rellenar y firmar los documentos necesarios con correcci\u00f3n. Todo ser\u00e1 muy simple, prosiga las indicaciones que le vayan diciendo. Es necesario, que lleve su DNI, para el adecuado funcionamiento del tr\u00e1mite. Al finalizar, le dar\u00e1n una copia de todos y cada uno de los documentos y, los expertos, se ocupar\u00e1n de acabar el proceso de baja de su seguro de decesos. <\/div><\/div><\/div><\/p>\r\n<h3><span class=\"ez-toc-section\" id=\"Telefono_para_dar_de_baja_Cofidis\"><\/span>T\u00e9lefono para dar de baja Cofidis<span class=\"ez-toc-section-end\"><\/span><\/h3>\r\n<p>Para darse de baja de un seguro de decesos, muchos clientes del servicio asisten al tel\u00e9fono de la compa\u00f1\u00eda para efectuar los tr\u00e1mites. Si te pones en contacto con el n\u00famero que te indicamos, te pondremos en contacto con una persona que te va a ayudar y te aconsejar\u00e1 en todo el proceso. Cuando se pongan en contacto contigo, certificar\u00e1n que eres el asegurado de la p\u00f3liza y que puedes solicitar la baja al estar dentro del periodo. En esta web, podr\u00e1s proceder a solicitar la baja de tu seguro de decesos sin ning\u00fan g\u00e9nero de coste. <div class=\"colorf \"  ><div class=\"container clearfix\"><div class=\"col-md-7\"><\/p>\r\n<h2><span class=\"ez-toc-section\" id=\"Dar_de_baja_seguro_Cofidis_de_un_fallecido\"><\/span>Dar de baja seguro Cofidis de un fallecido<span class=\"ez-toc-section-end\"><\/span><\/h2>\r\n<p>Por \u00faltimo, le vamos a explicar c\u00f3mo dar de baja el seguro de decesos tras el fallecimiento del asegurado. Este, es el procedimiento m\u00e1s simple y sencillo para poder cancelarlo. Los tr\u00e1mites que se han citado previamente, van a quedar cerrados merced a los expertos y, estar\u00e1 absolutamente tranquilo. Tras su fallecimiento, su seguro de decesos va a quedar anulado, merced a Cofidis. Al prestar su servicio tras el sepelio del cliente del servicio, Cofidis se encargar\u00e1 de dar de baja a la persona fallecida, con lo que sus familiares no tienen de qu\u00e9 preocuparse, ellos se encargasen de todo y no deber\u00e1n hacer nada a este respecto. <\/div><\/div><\/div> <div class=\"oficinas\"> <h3><span class=\"ez-toc-section\" id=\"Paginas_relacionadas\"><\/span>P\u00e1ginas relacionadas<span class=\"ez-toc-section-end\"><\/span><\/h3><div class=\"enlazado\"><ul> <li><a href=\"https:\/\/idecesos.com\/seguros\/companias\/cofidis\/opiniones\/\">Opiniones Cofidis<\/a><\/li> <li><a href=\"https:\/\/idecesos.com\/seguros\/companias\/cofidis\/precio\/\">Precio seguro Cofidis<\/a><\/li> <li><a href=\"https:\/\/idecesos.com\/seguros\/companias\/cofidis\/prima-natural\/\">Cofidis Prima Natural<\/a><\/li> <li><a href=\"https:\/\/idecesos.com\/seguros\/companias\/cofidis\/prima-nivelada\/\">Cofidis Prima Nivelada<\/a><\/li> <li><a href=\"https:\/\/idecesos.com\/seguros\/companias\/cofidis\/prima-unica\/\">Cofidis Prima \u00danica<\/a><\/li> <li><a href=\"https:\/\/idecesos.com\/seguros\/companias\/cofidis\/repatriacion\/\">Cofidis Repatriaci\u00f3n<\/a><\/li> <li><a href=\"https:\/\/idecesos.com\/seguros\/companias\/cofidis\/telefono\/\">Tel\u00e9fono Gratuito Cofidis<\/a><\/li><\/ul><\/div> <\/div><\/p>","protected":false},"excerpt":{"rendered":"<p>Es muy sencillo dar de baja su seguro de decesos y, le afirmaremos de qu\u00e9 forma hacerlo. iDecesos ha trabajado para explicarte paso por paso de qu\u00e9 forma darse de baja en el seguro de decesos que tiene contratado. Es conveniente que, una vez est\u00e9 todo adecuadamente solucionado, busque otro seguro de decesos, puesto que&hellip; <\/p>\n","protected":false},"author":1,"featured_media":0,"parent":13735,"menu_order":0,"comment_status":"closed","ping_status":"closed","template":"single.php","meta":{"footnotes":""},"class_list":["post-18266","page","type-page","status-publish","hentry"],"yoast_head":"<!-- This site is optimized with the Yoast SEO plugin v27.3 - https:\/\/yoast.com\/product\/yoast-seo-wordpress\/ -->\n<title>\u00bfC\u00f3mo dar de Baja o Cancelar Seguro de Decesos Cofidis?<\/title>\n<meta name=\"description\" content=\"Obt\u00e9n aqu\u00ed\u3010c\u00f3mo dar de baja o cancelar seguro de decesos Cofidis\u3011Modelo carta, fax, correo electr\u00f3nico (email), tel\u00e9fono gratis.\" \/>\n<meta name=\"robots\" content=\"index, follow, max-snippet:-1, max-image-preview:large, max-video-preview:-1\" \/>\n<link rel=\"canonical\" href=\"https:\/\/idecesos.com\/seguros\/companias\/cofidis\/dar-de-baja\/\" \/>\n<meta property=\"og:locale\" content=\"es_ES\" \/>\n<meta property=\"og:type\" content=\"article\" \/>\n<meta property=\"og:title\" content=\"\u00bfC\u00f3mo dar de Baja o Cancelar Seguro de Decesos Cofidis?\" \/>\n<meta property=\"og:description\" content=\"Obt\u00e9n aqu\u00ed\u3010c\u00f3mo dar de baja o cancelar seguro de decesos Cofidis\u3011Modelo carta, fax, correo electr\u00f3nico (email), tel\u00e9fono gratis.\" \/>\n<meta property=\"og:url\" content=\"https:\/\/idecesos.com\/seguros\/companias\/cofidis\/dar-de-baja\/\" \/>\n<meta property=\"article:modified_time\" content=\"2022-01-31T16:55:14+00:00\" \/>\n<meta name=\"twitter:card\" content=\"summary_large_image\" \/>\n<meta name=\"twitter:label1\" content=\"Tiempo de lectura\" \/>\n\t<meta name=\"twitter:data1\" content=\"5 minutos\" \/>\n<script type=\"application\/ld+json\" class=\"yoast-schema-graph\">{\"@context\":\"https:\\\/\\\/schema.org\",\"@graph\":[{\"@type\":\"WebPage\",\"@id\":\"https:\\\/\\\/idecesos.com\\\/seguros\\\/companias\\\/cofidis\\\/dar-de-baja\\\/\",\"url\":\"https:\\\/\\\/idecesos.com\\\/seguros\\\/companias\\\/cofidis\\\/dar-de-baja\\\/\",\"name\":\"\u00bfC\u00f3mo dar de Baja o Cancelar Seguro de Decesos Cofidis?\",\"isPartOf\":{\"@id\":\"https:\\\/\\\/idecesos.com\\\/seguros\\\/#website\"},\"datePublished\":\"2021-12-29T11:53:40+00:00\",\"dateModified\":\"2022-01-31T16:55:14+00:00\",\"description\":\"Obt\u00e9n aqu\u00ed\u3010c\u00f3mo dar de baja o cancelar seguro de decesos Cofidis\u3011Modelo carta, fax, correo electr\u00f3nico (email), tel\u00e9fono gratis.\",\"breadcrumb\":{\"@id\":\"https:\\\/\\\/idecesos.com\\\/seguros\\\/companias\\\/cofidis\\\/dar-de-baja\\\/#breadcrumb\"},\"inLanguage\":\"es\",\"potentialAction\":[{\"@type\":\"ReadAction\",\"target\":[\"https:\\\/\\\/idecesos.com\\\/seguros\\\/companias\\\/cofidis\\\/dar-de-baja\\\/\"]}]},{\"@type\":\"BreadcrumbList\",\"@id\":\"https:\\\/\\\/idecesos.com\\\/seguros\\\/companias\\\/cofidis\\\/dar-de-baja\\\/#breadcrumb\",\"itemListElement\":[{\"@type\":\"ListItem\",\"position\":1,\"name\":\"Portada\",\"item\":\"https:\\\/\\\/idecesos.com\\\/seguros\\\/\"},{\"@type\":\"ListItem\",\"position\":2,\"name\":\"Compa\u00f1\u00edas de Seguros de Decesos en Espa\u00f1a\",\"item\":\"https:\\\/\\\/idecesos.com\\\/seguros\\\/companias\\\/\"},{\"@type\":\"ListItem\",\"position\":3,\"name\":\"Seguro de decesos Cofidis\",\"item\":\"https:\\\/\\\/idecesos.com\\\/seguros\\\/companias\\\/cofidis\\\/\"},{\"@type\":\"ListItem\",\"position\":4,\"name\":\"\u00bfC\u00f3mo dar de baja seguro Cofidis?\"}]},{\"@type\":\"WebSite\",\"@id\":\"https:\\\/\\\/idecesos.com\\\/seguros\\\/#website\",\"url\":\"https:\\\/\\\/idecesos.com\\\/seguros\\\/\",\"name\":\"\",\"description\":\"\",\"potentialAction\":[{\"@type\":\"SearchAction\",\"target\":{\"@type\":\"EntryPoint\",\"urlTemplate\":\"https:\\\/\\\/idecesos.com\\\/seguros\\\/?s={search_term_string}\"},\"query-input\":{\"@type\":\"PropertyValueSpecification\",\"valueRequired\":true,\"valueName\":\"search_term_string\"}}],\"inLanguage\":\"es\"}]}<\/script>\n<!-- \/ Yoast SEO plugin. -->","yoast_head_json":{"title":"\u00bfC\u00f3mo dar de Baja o Cancelar Seguro de Decesos Cofidis?","description":"Obt\u00e9n aqu\u00ed\u3010c\u00f3mo dar de baja o cancelar seguro de decesos Cofidis\u3011Modelo carta, fax, correo electr\u00f3nico (email), tel\u00e9fono gratis.","robots":{"index":"index","follow":"follow","max-snippet":"max-snippet:-1","max-image-preview":"max-image-preview:large","max-video-preview":"max-video-preview:-1"},"canonical":"https:\/\/idecesos.com\/seguros\/companias\/cofidis\/dar-de-baja\/","og_locale":"es_ES","og_type":"article","og_title":"\u00bfC\u00f3mo dar de Baja o Cancelar Seguro de Decesos Cofidis?","og_description":"Obt\u00e9n aqu\u00ed\u3010c\u00f3mo dar de baja o cancelar seguro de decesos Cofidis\u3011Modelo carta, fax, correo electr\u00f3nico (email), tel\u00e9fono gratis.","og_url":"https:\/\/idecesos.com\/seguros\/companias\/cofidis\/dar-de-baja\/","article_modified_time":"2022-01-31T16:55:14+00:00","twitter_card":"summary_large_image","twitter_misc":{"Tiempo de lectura":"5 minutos"},"schema":{"@context":"https:\/\/schema.org","@graph":[{"@type":"WebPage","@id":"https:\/\/idecesos.com\/seguros\/companias\/cofidis\/dar-de-baja\/","url":"https:\/\/idecesos.com\/seguros\/companias\/cofidis\/dar-de-baja\/","name":"\u00bfC\u00f3mo dar de Baja o Cancelar Seguro de Decesos Cofidis?","isPartOf":{"@id":"https:\/\/idecesos.com\/seguros\/#website"},"datePublished":"2021-12-29T11:53:40+00:00","dateModified":"2022-01-31T16:55:14+00:00","description":"Obt\u00e9n aqu\u00ed\u3010c\u00f3mo dar de baja o cancelar seguro de decesos Cofidis\u3011Modelo carta, fax, correo electr\u00f3nico (email), tel\u00e9fono gratis.","breadcrumb":{"@id":"https:\/\/idecesos.com\/seguros\/companias\/cofidis\/dar-de-baja\/#breadcrumb"},"inLanguage":"es","potentialAction":[{"@type":"ReadAction","target":["https:\/\/idecesos.com\/seguros\/companias\/cofidis\/dar-de-baja\/"]}]},{"@type":"BreadcrumbList","@id":"https:\/\/idecesos.com\/seguros\/companias\/cofidis\/dar-de-baja\/#breadcrumb","itemListElement":[{"@type":"ListItem","position":1,"name":"Portada","item":"https:\/\/idecesos.com\/seguros\/"},{"@type":"ListItem","position":2,"name":"Compa\u00f1\u00edas de Seguros de Decesos en Espa\u00f1a","item":"https:\/\/idecesos.com\/seguros\/companias\/"},{"@type":"ListItem","position":3,"name":"Seguro de decesos Cofidis","item":"https:\/\/idecesos.com\/seguros\/companias\/cofidis\/"},{"@type":"ListItem","position":4,"name":"\u00bfC\u00f3mo dar de baja seguro Cofidis?"}]},{"@type":"WebSite","@id":"https:\/\/idecesos.com\/seguros\/#website","url":"https:\/\/idecesos.com\/seguros\/","name":"","description":"","potentialAction":[{"@type":"SearchAction","target":{"@type":"EntryPoint","urlTemplate":"https:\/\/idecesos.com\/seguros\/?s={search_term_string}"},"query-input":{"@type":"PropertyValueSpecification","valueRequired":true,"valueName":"search_term_string"}}],"inLanguage":"es"}]}},"_links":{"self":[{"href":"https:\/\/idecesos.com\/seguros\/wp-json\/wp\/v2\/pages\/18266","targetHints":{"allow":["GET"]}}],"collection":[{"href":"https:\/\/idecesos.com\/seguros\/wp-json\/wp\/v2\/pages"}],"about":[{"href":"https:\/\/idecesos.com\/seguros\/wp-json\/wp\/v2\/types\/page"}],"author":[{"embeddable":true,"href":"https:\/\/idecesos.com\/seguros\/wp-json\/wp\/v2\/users\/1"}],"replies":[{"embeddable":true,"href":"https:\/\/idecesos.com\/seguros\/wp-json\/wp\/v2\/comments?post=18266"}],"version-history":[{"count":1,"href":"https:\/\/idecesos.com\/seguros\/wp-json\/wp\/v2\/pages\/18266\/revisions"}],"predecessor-version":[{"id":19150,"href":"https:\/\/idecesos.com\/seguros\/wp-json\/wp\/v2\/pages\/18266\/revisions\/19150"}],"up":[{"embeddable":true,"href":"https:\/\/idecesos.com\/seguros\/wp-json\/wp\/v2\/pages\/13735"}],"wp:attachment":[{"href":"https:\/\/idecesos.com\/seguros\/wp-json\/wp\/v2\/media?parent=18266"}],"curies":[{"name":"wp","href":"https:\/\/api.w.org\/{rel}","templated":true}]}}