{"id":21160,"date":"2022-05-01T20:35:40","date_gmt":"2022-05-01T20:35:40","guid":{"rendered":"https:\/\/idecesos.com\/seguros\/companias\/divina-pastora\/barcelona\/"},"modified":"2022-05-01T20:35:40","modified_gmt":"2022-05-01T20:35:40","slug":"barcelona","status":"publish","type":"page","link":"https:\/\/idecesos.com\/seguros\/companias\/divina-pastora\/barcelona\/","title":{"rendered":"Oficinas seguros de decesos Divina Pastora en Barcelona"},"content":{"rendered":"<div id=\"ez-toc-container\" class=\"ez-toc-v2_0_82_2 ez-toc-wrap-center counter-hierarchy ez-toc-counter ez-toc-custom ez-toc-container-direction\">\n<div class=\"ez-toc-title-container\">\n<p class=\"ez-toc-title\" style=\"cursor:inherit\">Tabla de Contenido<\/p>\n<span class=\"ez-toc-title-toggle\"><a href=\"#\" class=\"ez-toc-pull-right ez-toc-btn ez-toc-btn-xs ez-toc-btn-default ez-toc-toggle\" aria-label=\"Alternar tabla de contenidos\"><span class=\"ez-toc-js-icon-con\"><span class=\"\"><span class=\"eztoc-hide\" style=\"display:none;\">Toggle<\/span><span class=\"ez-toc-icon-toggle-span\"><svg style=\"fill: #db6415;color:#db6415\" xmlns=\"http:\/\/www.w3.org\/2000\/svg\" class=\"list-377408\" width=\"20px\" height=\"20px\" viewBox=\"0 0 24 24\" fill=\"none\"><path d=\"M6 6H4v2h2V6zm14 0H8v2h12V6zM4 11h2v2H4v-2zm16 0H8v2h12v-2zM4 16h2v2H4v-2zm16 0H8v2h12v-2z\" fill=\"currentColor\"><\/path><\/svg><svg style=\"fill: #db6415;color:#db6415\" class=\"arrow-unsorted-368013\" xmlns=\"http:\/\/www.w3.org\/2000\/svg\" width=\"10px\" height=\"10px\" viewBox=\"0 0 24 24\" version=\"1.2\" baseProfile=\"tiny\"><path d=\"M18.2 9.3l-6.2-6.3-6.2 6.3c-.2.2-.3.4-.3.7s.1.5.3.7c.2.2.4.3.7.3h11c.3 0 .5-.1.7-.3.2-.2.3-.5.3-.7s-.1-.5-.3-.7zM5.8 14.7l6.2 6.3 6.2-6.3c.2-.2.3-.5.3-.7s-.1-.5-.3-.7c-.2-.2-.4-.3-.7-.3h-11c-.3 0-.5.1-.7.3-.2.2-.3.5-.3.7s.1.5.3.7z\"\/><\/svg><\/span><\/span><\/span><\/a><\/span><\/div>\n<nav><ul class='ez-toc-list ez-toc-list-level-1 ' ><li class='ez-toc-page-1 ez-toc-heading-level-2'><a class=\"ez-toc-link ez-toc-heading-1\" href=\"https:\/\/idecesos.com\/seguros\/companias\/divina-pastora\/barcelona\/#Seguro_de_decesos_Divina_Pastora_en_Barcelona\" >Seguro de decesos Divina Pastora en Barcelona<\/a><\/li><li class='ez-toc-page-1 ez-toc-heading-level-2'><a class=\"ez-toc-link ez-toc-heading-2\" href=\"https:\/\/idecesos.com\/seguros\/companias\/divina-pastora\/barcelona\/#Mapa_de_sucursales_de_seguros_Divina_Pastora_en_Barcelona\" >Mapa de sucursales de seguros Divina Pastora en Barcelona<\/a><\/li><li class='ez-toc-page-1 ez-toc-heading-level-2'><a class=\"ez-toc-link ez-toc-heading-3\" href=\"https:\/\/idecesos.com\/seguros\/companias\/divina-pastora\/barcelona\/#Listado_de_oficinas_Divina_Pastora_en_Barcelona\" >Listado de oficinas Divina Pastora en Barcelona<\/a><\/li><li class='ez-toc-page-1 ez-toc-heading-level-2'><a class=\"ez-toc-link ez-toc-heading-4\" href=\"https:\/\/idecesos.com\/seguros\/companias\/divina-pastora\/barcelona\/#Sucursales_de_seguros_de_decesos_en_Barcelona\" >Sucursales de seguros de decesos en Barcelona<\/a><ul class='ez-toc-list-level-3' ><li class='ez-toc-heading-level-3'><a class=\"ez-toc-link ez-toc-heading-5\" href=\"https:\/\/idecesos.com\/seguros\/companias\/divina-pastora\/barcelona\/#Listado_de_oficinas_Divina_Pastora_en_Espana\" >Listado de oficinas Divina Pastora en Espa\u00f1a<\/a><\/li><li class='ez-toc-page-1 ez-toc-heading-level-3'><a class=\"ez-toc-link ez-toc-heading-6\" href=\"https:\/\/idecesos.com\/seguros\/companias\/divina-pastora\/barcelona\/#Paginas_relacionadas\" >P\u00e1ginas relacionadas<\/a><\/li><\/ul><\/li><\/ul><\/nav><\/div>\n<p><br \/>\n<a href=\"https:\/\/idecesos.com\/seguros\/companias\/divina-pastora\/\"><img decoding=\"async\" class=\" alignleft\" src=\"https:\/\/idecesos.com\/seguros\/wp-content\/uploads\/2021\/10\/3-150x150.png\" alt=\"Seguro de decesos Divina Pastora\" \/><\/a>La ciudad de Barcelona cuenta con diferentes<strong> sucursales de Divina Pastora donde le dar\u00e1n la atenci\u00f3n que necesite,<\/strong> siempre de la mano de excelentes profesionales en el campo. Para solucionar todos sus inconvenientes relacionados y lo administren de una forma m\u00e1s eficaz. Teniendo en cuenta que cada una tiene un horario correspondiente. \u00bfEs mejor asistir a una oficina presencialmente? En cuesti\u00f3n es m\u00e1s solvente que a la distancia puesto que resolver\u00e1n su problema en el instante. Tan necesario como esencial es poder tener cerca delegaciones de decesos. <\/p>\n<p>Cuentas a tu alcance haya m\u00e1s de ochenta sucursales por zonas. Por ello te <strong>resultara m\u00e1s f\u00e1cil conocer las distintas oficinas de cada Barcelona<\/strong>, garantiz\u00e1ndote en todo momento que la experiencia sea la adecuada y la que necesites en esos instantes. \u00a0<br \/>\nAhora localiza las diferentes <strong>oficinas de Divina Pastora en todos y cada Barcelona<\/strong> con las peculiaridades m\u00e1s precisas, donde te garantizan un proceso seguro para dar con tu oficina referente y de confianza. <\/p>\n<p>Visita nuestra p\u00e1gina de <a href=\"https:\/\/idecesos.com\/seguros\/companias\/divina-pastora\/\">seguros de decesos Divina Pastora<\/a> para m\u00e1s informaci\u00f3n.<\/p>\n<div class=\"colorf \"  ><div class=\"container clearfix\"><div class=\"col-md-7\">\n<h2><span class=\"ez-toc-section\" id=\"Seguro_de_decesos_Divina_Pastora_en_Barcelona\"><\/span>Seguro de decesos Divina Pastora en Barcelona<span class=\"ez-toc-section-end\"><\/span><\/h2>\n<p>Garantizamos el mejor servicio, dentro de los diferentes sucursales en Barcelona prestando una asistencia cualificada y lista para satisfacer a cada uno de ellos de los diferentes clientes que lleguen hasta nosotros. Sabemos que es complicado obtener un presupuesto, donde cuesta entender toda la informaci\u00f3n,  te regalamos la ocasi\u00f3n de poder acceder de inmediato a solicitar tu presupuesto de Divina Pastora en Barcelona, vas a recibir la informaci\u00f3n solicitada en el momento ahorr\u00e1ndote tiempo en todo instante. <\/p>\n<p><strong>Ver m\u00e1s:<\/strong> <a href=\"https:\/\/idecesos.com\/seguros\/ciudades\/barcelona\/\">Seguros de decesos en Barcelona<\/a><\/p>\n<p>Contando con nuestro servicio en diferentes localizaciones de oficinas de Divina Pastora en Barcelona te obsequiamos el poder conocer tu <strong>presupuesto al segundo<\/strong>. Te damos la calidad que deseas, con los fundamentos precisos. Evit\u00e1ndote muchos pasos, en solo unos segundos vas a tener el formulario junto con la informaci\u00f3n que necesites en esas circunstancias. Siendo uno de los m\u00e1s r\u00e1pidos. \u00bfBuscar? Eso ya no se lleva, te lo ponemos f\u00e1cil. <\/p>\n<p><\/div><\/div><\/div>\n\t\t<hr class=\"separador\">\n\t\t<div class=\"bloque-accion\">\n\t\t<p class=\"txt-accion\">Calcula el precio de tu seguro de decesos en menos de 1 minuto<\/p>\n\t\t<a class=\"btn-accion\" href=\"https:\/\/idecesos.com\/\">CALCULAR<\/a>\n\t\t<\/div>\n\t\t<hr class=\"separador\">\n\t\t<\/p>\n<h2><span class=\"ez-toc-section\" id=\"Mapa_de_sucursales_de_seguros_Divina_Pastora_en_Barcelona\"><\/span>Mapa de sucursales de seguros Divina Pastora en Barcelona<span class=\"ez-toc-section-end\"><\/span><\/h2>\n<p>\u00bf<strong>Mapa de oficinas de la Divina Pastora en Barcelona<\/strong>? sirve para encontrarlo de forma veloz, ahorr\u00e1ndote tiempo. De forma de que el d\u00eda que nos haga falta, nos ahorremos el tiempo de estar efectuando b\u00fasquedas lar gas y tambi\u00e9n in\u00fatiles como innecesarias. Teniendo de ello diferentes opciones. Te damos garant\u00eda como calidad en el momento de tu busca. <\/p>\n<p><iframe class=\"page-generator-pro-map\" width=\"100%\" height=\"400\" frameborder=\"0\" style=\"border:0\" src=\"https:\/\/www.google.com\/maps\/embed\/v1\/place?q=Carrer+de+Londres%2C+71%2C+08036+Barcelona%2C+Espa%C3%B1a&#038;zoom=14&#038;maptype=roadmap&#038;key=AIzaSyCNTEOso0tZG6YMSJFoaJEY5Th1stEWrJI\" allowfullscreen><\/iframe><\/p>\n<div class=\"colorf\"><div class=\"container clearfix\"><div class=\"col-md-7\"><div class=\"empresas\">\n<h2><span class=\"ez-toc-section\" id=\"Listado_de_oficinas_Divina_Pastora_en_Barcelona\"><\/span>Listado de oficinas Divina Pastora en Barcelona<span class=\"ez-toc-section-end\"><\/span><\/h2>\n<ul>\n<li><strong>Compa\u00f1\u00eda de seguros Barcelona, Espa\u00f1a:<\/strong> 08036<\/li>\n<\/ul>\n<\/div><\/div><\/div><\/div>\n<h2><span class=\"ez-toc-section\" id=\"Sucursales_de_seguros_de_decesos_en_Barcelona\"><\/span>Sucursales de seguros de decesos en Barcelona<span class=\"ez-toc-section-end\"><\/span><\/h2>\n<p>Deseamos que cuentes en todo instante con un <strong>listado de aseguradoras de defunci\u00f3n en Barcelona<\/strong> mas queremos que lo tengas de forma sencilla y c\u00f3moda. Contando con m\u00e1s cosas, te aportamos la informaci\u00f3n precisa de los pr\u00f3ximos. Todo que precisas saber en cuesti\u00f3n de un clic, soluciona todos tus problemas de inmediato. Nos gusta ponerte las cosas f\u00e1ciles, por esta raz\u00f3n cuentas con nosotros. <\/p>\n<div class=\"colorf\"><div class=\"container clearfix\"><div class=\"col-md-7\"><div class=\"empresas\">\n<h3><span class=\"ez-toc-section\" id=\"Listado_de_oficinas_Divina_Pastora_en_Espana\"><\/span>Listado de oficinas Divina Pastora en Espa\u00f1a<span class=\"ez-toc-section-end\"><\/span><\/h3>\n<p><!-- Shortcode [divina-pastora-oficinas] does not exist --><\/div><\/div><\/div><\/div><\/p>\n<p><div class=\"oficinas\"><br \/>\n<h3><span class=\"ez-toc-section\" id=\"Paginas_relacionadas\"><\/span>P\u00e1ginas relacionadas<span class=\"ez-toc-section-end\"><\/span><\/h3><div class=\"enlazado\"><ul> <li><a href=\"https:\/\/idecesos.com\/seguros\/companias\/divina-pastora\/coberturas\/\">Coberturas Seguro de Decesos Divina Pastora<\/a><\/li> <li><a href=\"https:\/\/idecesos.com\/seguros\/companias\/divina-pastora\/opiniones\/\">Opiniones Divina Pastora<\/a><\/li> <li><a href=\"https:\/\/idecesos.com\/seguros\/companias\/divina-pastora\/precio\/\">Precio seguro Divina Pastora<\/a><\/li> <li><a href=\"https:\/\/idecesos.com\/seguros\/companias\/divina-pastora\/prima-mixta\/\">Divina Pastora Prima Mixta<\/a><\/li> <li><a href=\"https:\/\/idecesos.com\/seguros\/companias\/divina-pastora\/prima-natural\/\">Divina Pastora Prima Natural<\/a><\/li> <li><a href=\"https:\/\/idecesos.com\/seguros\/companias\/divina-pastora\/prima-nivelada\/\">Divina Pastora Prima Nivelada<\/a><\/li> <li><a href=\"https:\/\/idecesos.com\/seguros\/companias\/divina-pastora\/prima-unica\/\">Divina Pastora Prima \u00danica<\/a><\/li> <li><a href=\"https:\/\/idecesos.com\/seguros\/companias\/divina-pastora\/repatriacion\/\">Divina Pastora Repatriaci\u00f3n<\/a><\/li> <li><a href=\"https:\/\/idecesos.com\/seguros\/companias\/divina-pastora\/telefono\/\">Tel\u00e9fono Gratuito Divina Pastora<\/a><\/li><\/ul><\/div><br \/>\n<\/div><\/p>\n","protected":false},"excerpt":{"rendered":"<p>La ciudad de Barcelona cuenta con diferentes sucursales de Divina Pastora donde le dar\u00e1n la atenci\u00f3n que necesite, siempre de la mano de excelentes profesionales en el campo. Para solucionar todos sus inconvenientes relacionados y lo administren de una forma m\u00e1s eficaz. Teniendo en cuenta que cada una tiene un horario correspondiente. \u00bfEs mejor asistir&hellip; <\/p>\n","protected":false},"author":0,"featured_media":0,"parent":304,"menu_order":0,"comment_status":"closed","ping_status":"closed","template":"single.php","meta":{"footnotes":""},"class_list":["post-21160","page","type-page","status-publish","hentry"],"yoast_head":"<!-- This site is optimized with the Yoast SEO plugin v27.5 - https:\/\/yoast.com\/product\/yoast-seo-wordpress\/ -->\n<title>Oficinas Divina Pastora en Barcelona \u25b7Tel\u00e9fonos, Horarios, Direcci\u00f3n<\/title>\n<meta name=\"description\" content=\"Lista completa de Oficinas Divina Pastora en Barcelona Horarios, \u2706 tel\u00e9fonos y direcciones actualizados en 2026 \u2611\ufe0f Verificado por iDecesos.\" \/>\n<meta name=\"robots\" content=\"index, follow, max-snippet:-1, max-image-preview:large, max-video-preview:-1\" \/>\n<link rel=\"canonical\" href=\"https:\/\/idecesos.com\/seguros\/companias\/divina-pastora\/barcelona\/\" \/>\n<meta property=\"og:locale\" content=\"es_ES\" \/>\n<meta property=\"og:type\" content=\"article\" \/>\n<meta property=\"og:title\" content=\"Oficinas Divina Pastora en Barcelona \u25b7Tel\u00e9fonos, Horarios, Direcci\u00f3n\" \/>\n<meta property=\"og:description\" content=\"Lista completa de Oficinas Divina Pastora en Barcelona Horarios, \u2706 tel\u00e9fonos y direcciones actualizados en 2026 \u2611\ufe0f Verificado por iDecesos.\" \/>\n<meta property=\"og:url\" content=\"https:\/\/idecesos.com\/seguros\/companias\/divina-pastora\/barcelona\/\" \/>\n<meta property=\"og:image\" content=\"https:\/\/idecesos.com\/seguros\/wp-content\/uploads\/2021\/10\/3-150x150.png\" \/>\n<meta name=\"twitter:card\" content=\"summary_large_image\" \/>\n<meta name=\"twitter:label1\" content=\"Tiempo de lectura\" \/>\n\t<meta name=\"twitter:data1\" content=\"39 minutos\" \/>\n<script type=\"application\/ld+json\" class=\"yoast-schema-graph\">{\"@context\":\"https:\\\/\\\/schema.org\",\"@graph\":[{\"@type\":\"WebPage\",\"@id\":\"https:\\\/\\\/idecesos.com\\\/seguros\\\/companias\\\/divina-pastora\\\/barcelona\\\/\",\"url\":\"https:\\\/\\\/idecesos.com\\\/seguros\\\/companias\\\/divina-pastora\\\/barcelona\\\/\",\"name\":\"Oficinas Divina Pastora en Barcelona \u25b7Tel\u00e9fonos, Horarios, Direcci\u00f3n\",\"isPartOf\":{\"@id\":\"https:\\\/\\\/idecesos.com\\\/seguros\\\/#website\"},\"primaryImageOfPage\":{\"@id\":\"https:\\\/\\\/idecesos.com\\\/seguros\\\/companias\\\/divina-pastora\\\/barcelona\\\/#primaryimage\"},\"image\":{\"@id\":\"https:\\\/\\\/idecesos.com\\\/seguros\\\/companias\\\/divina-pastora\\\/barcelona\\\/#primaryimage\"},\"thumbnailUrl\":\"https:\\\/\\\/idecesos.com\\\/seguros\\\/wp-content\\\/uploads\\\/2021\\\/10\\\/3-150x150.png\",\"datePublished\":\"2022-05-01T20:35:40+00:00\",\"description\":\"Lista completa de Oficinas Divina Pastora en Barcelona Horarios, \u2706 tel\u00e9fonos y direcciones actualizados en 2026 \u2611\ufe0f Verificado por iDecesos.\",\"breadcrumb\":{\"@id\":\"https:\\\/\\\/idecesos.com\\\/seguros\\\/companias\\\/divina-pastora\\\/barcelona\\\/#breadcrumb\"},\"inLanguage\":\"es\",\"potentialAction\":[{\"@type\":\"ReadAction\",\"target\":[\"https:\\\/\\\/idecesos.com\\\/seguros\\\/companias\\\/divina-pastora\\\/barcelona\\\/\"]}]},{\"@type\":\"ImageObject\",\"inLanguage\":\"es\",\"@id\":\"https:\\\/\\\/idecesos.com\\\/seguros\\\/companias\\\/divina-pastora\\\/barcelona\\\/#primaryimage\",\"url\":\"https:\\\/\\\/idecesos.com\\\/seguros\\\/wp-content\\\/uploads\\\/2021\\\/10\\\/3.png\",\"contentUrl\":\"https:\\\/\\\/idecesos.com\\\/seguros\\\/wp-content\\\/uploads\\\/2021\\\/10\\\/3.png\",\"width\":200,\"height\":200},{\"@type\":\"BreadcrumbList\",\"@id\":\"https:\\\/\\\/idecesos.com\\\/seguros\\\/companias\\\/divina-pastora\\\/barcelona\\\/#breadcrumb\",\"itemListElement\":[{\"@type\":\"ListItem\",\"position\":1,\"name\":\"Portada\",\"item\":\"https:\\\/\\\/idecesos.com\\\/seguros\\\/\"},{\"@type\":\"ListItem\",\"position\":2,\"name\":\"Compa\u00f1\u00edas de Seguros de Decesos en Espa\u00f1a\",\"item\":\"https:\\\/\\\/idecesos.com\\\/seguros\\\/companias\\\/\"},{\"@type\":\"ListItem\",\"position\":3,\"name\":\"Seguro de decesos Divina Pastora\",\"item\":\"https:\\\/\\\/idecesos.com\\\/seguros\\\/companias\\\/divina-pastora\\\/\"},{\"@type\":\"ListItem\",\"position\":4,\"name\":\"Oficinas seguros de decesos Divina Pastora en Barcelona\"}]},{\"@type\":\"WebSite\",\"@id\":\"https:\\\/\\\/idecesos.com\\\/seguros\\\/#website\",\"url\":\"https:\\\/\\\/idecesos.com\\\/seguros\\\/\",\"name\":\"\",\"description\":\"\",\"potentialAction\":[{\"@type\":\"SearchAction\",\"target\":{\"@type\":\"EntryPoint\",\"urlTemplate\":\"https:\\\/\\\/idecesos.com\\\/seguros\\\/?s={search_term_string}\"},\"query-input\":{\"@type\":\"PropertyValueSpecification\",\"valueRequired\":true,\"valueName\":\"search_term_string\"}}],\"inLanguage\":\"es\"}]}<\/script>\n<!-- \/ Yoast SEO plugin. -->","yoast_head_json":{"title":"Oficinas Divina Pastora en Barcelona \u25b7Tel\u00e9fonos, Horarios, Direcci\u00f3n","description":"Lista completa de Oficinas Divina Pastora en Barcelona Horarios, \u2706 tel\u00e9fonos y direcciones actualizados en 2026 \u2611\ufe0f Verificado por iDecesos.","robots":{"index":"index","follow":"follow","max-snippet":"max-snippet:-1","max-image-preview":"max-image-preview:large","max-video-preview":"max-video-preview:-1"},"canonical":"https:\/\/idecesos.com\/seguros\/companias\/divina-pastora\/barcelona\/","og_locale":"es_ES","og_type":"article","og_title":"Oficinas Divina Pastora en Barcelona \u25b7Tel\u00e9fonos, Horarios, Direcci\u00f3n","og_description":"Lista completa de Oficinas Divina Pastora en Barcelona Horarios, \u2706 tel\u00e9fonos y direcciones actualizados en 2026 \u2611\ufe0f Verificado por iDecesos.","og_url":"https:\/\/idecesos.com\/seguros\/companias\/divina-pastora\/barcelona\/","og_image":[{"url":"https:\/\/idecesos.com\/seguros\/wp-content\/uploads\/2021\/10\/3-150x150.png","type":"","width":"","height":""}],"twitter_card":"summary_large_image","twitter_misc":{"Tiempo de lectura":"39 minutos"},"schema":{"@context":"https:\/\/schema.org","@graph":[{"@type":"WebPage","@id":"https:\/\/idecesos.com\/seguros\/companias\/divina-pastora\/barcelona\/","url":"https:\/\/idecesos.com\/seguros\/companias\/divina-pastora\/barcelona\/","name":"Oficinas Divina Pastora en Barcelona \u25b7Tel\u00e9fonos, Horarios, Direcci\u00f3n","isPartOf":{"@id":"https:\/\/idecesos.com\/seguros\/#website"},"primaryImageOfPage":{"@id":"https:\/\/idecesos.com\/seguros\/companias\/divina-pastora\/barcelona\/#primaryimage"},"image":{"@id":"https:\/\/idecesos.com\/seguros\/companias\/divina-pastora\/barcelona\/#primaryimage"},"thumbnailUrl":"https:\/\/idecesos.com\/seguros\/wp-content\/uploads\/2021\/10\/3-150x150.png","datePublished":"2022-05-01T20:35:40+00:00","description":"Lista completa de Oficinas Divina Pastora en Barcelona Horarios, \u2706 tel\u00e9fonos y direcciones actualizados en 2026 \u2611\ufe0f Verificado por iDecesos.","breadcrumb":{"@id":"https:\/\/idecesos.com\/seguros\/companias\/divina-pastora\/barcelona\/#breadcrumb"},"inLanguage":"es","potentialAction":[{"@type":"ReadAction","target":["https:\/\/idecesos.com\/seguros\/companias\/divina-pastora\/barcelona\/"]}]},{"@type":"ImageObject","inLanguage":"es","@id":"https:\/\/idecesos.com\/seguros\/companias\/divina-pastora\/barcelona\/#primaryimage","url":"https:\/\/idecesos.com\/seguros\/wp-content\/uploads\/2021\/10\/3.png","contentUrl":"https:\/\/idecesos.com\/seguros\/wp-content\/uploads\/2021\/10\/3.png","width":200,"height":200},{"@type":"BreadcrumbList","@id":"https:\/\/idecesos.com\/seguros\/companias\/divina-pastora\/barcelona\/#breadcrumb","itemListElement":[{"@type":"ListItem","position":1,"name":"Portada","item":"https:\/\/idecesos.com\/seguros\/"},{"@type":"ListItem","position":2,"name":"Compa\u00f1\u00edas de Seguros de Decesos en Espa\u00f1a","item":"https:\/\/idecesos.com\/seguros\/companias\/"},{"@type":"ListItem","position":3,"name":"Seguro de decesos Divina Pastora","item":"https:\/\/idecesos.com\/seguros\/companias\/divina-pastora\/"},{"@type":"ListItem","position":4,"name":"Oficinas seguros de decesos Divina Pastora en Barcelona"}]},{"@type":"WebSite","@id":"https:\/\/idecesos.com\/seguros\/#website","url":"https:\/\/idecesos.com\/seguros\/","name":"","description":"","potentialAction":[{"@type":"SearchAction","target":{"@type":"EntryPoint","urlTemplate":"https:\/\/idecesos.com\/seguros\/?s={search_term_string}"},"query-input":{"@type":"PropertyValueSpecification","valueRequired":true,"valueName":"search_term_string"}}],"inLanguage":"es"}]}},"_links":{"self":[{"href":"https:\/\/idecesos.com\/seguros\/wp-json\/wp\/v2\/pages\/21160","targetHints":{"allow":["GET"]}}],"collection":[{"href":"https:\/\/idecesos.com\/seguros\/wp-json\/wp\/v2\/pages"}],"about":[{"href":"https:\/\/idecesos.com\/seguros\/wp-json\/wp\/v2\/types\/page"}],"replies":[{"embeddable":true,"href":"https:\/\/idecesos.com\/seguros\/wp-json\/wp\/v2\/comments?post=21160"}],"version-history":[{"count":0,"href":"https:\/\/idecesos.com\/seguros\/wp-json\/wp\/v2\/pages\/21160\/revisions"}],"up":[{"embeddable":true,"href":"https:\/\/idecesos.com\/seguros\/wp-json\/wp\/v2\/pages\/304"}],"wp:attachment":[{"href":"https:\/\/idecesos.com\/seguros\/wp-json\/wp\/v2\/media?parent=21160"}],"curies":[{"name":"wp","href":"https:\/\/api.w.org\/{rel}","templated":true}]}}