{"id":21169,"date":"2022-05-01T20:35:45","date_gmt":"2022-05-01T20:35:45","guid":{"rendered":"https:\/\/idecesos.com\/seguros\/companias\/divina-pastora\/jaen\/"},"modified":"2022-05-01T20:35:45","modified_gmt":"2022-05-01T20:35:45","slug":"jaen","status":"publish","type":"page","link":"https:\/\/idecesos.com\/seguros\/companias\/divina-pastora\/jaen\/","title":{"rendered":"Oficinas seguros de decesos Divina Pastora en Ja\u00e9n"},"content":{"rendered":"<div id=\"ez-toc-container\" class=\"ez-toc-v2_0_82_2 ez-toc-wrap-center counter-hierarchy ez-toc-counter ez-toc-custom ez-toc-container-direction\">\n<div class=\"ez-toc-title-container\">\n<p class=\"ez-toc-title\" style=\"cursor:inherit\">Tabla de Contenido<\/p>\n<span class=\"ez-toc-title-toggle\"><a href=\"#\" class=\"ez-toc-pull-right ez-toc-btn ez-toc-btn-xs ez-toc-btn-default ez-toc-toggle\" aria-label=\"Alternar tabla de contenidos\"><span class=\"ez-toc-js-icon-con\"><span class=\"\"><span class=\"eztoc-hide\" style=\"display:none;\">Toggle<\/span><span class=\"ez-toc-icon-toggle-span\"><svg style=\"fill: #db6415;color:#db6415\" xmlns=\"http:\/\/www.w3.org\/2000\/svg\" class=\"list-377408\" width=\"20px\" height=\"20px\" viewBox=\"0 0 24 24\" fill=\"none\"><path d=\"M6 6H4v2h2V6zm14 0H8v2h12V6zM4 11h2v2H4v-2zm16 0H8v2h12v-2zM4 16h2v2H4v-2zm16 0H8v2h12v-2z\" fill=\"currentColor\"><\/path><\/svg><svg style=\"fill: #db6415;color:#db6415\" class=\"arrow-unsorted-368013\" xmlns=\"http:\/\/www.w3.org\/2000\/svg\" width=\"10px\" height=\"10px\" viewBox=\"0 0 24 24\" version=\"1.2\" baseProfile=\"tiny\"><path d=\"M18.2 9.3l-6.2-6.3-6.2 6.3c-.2.2-.3.4-.3.7s.1.5.3.7c.2.2.4.3.7.3h11c.3 0 .5-.1.7-.3.2-.2.3-.5.3-.7s-.1-.5-.3-.7zM5.8 14.7l6.2 6.3 6.2-6.3c.2-.2.3-.5.3-.7s-.1-.5-.3-.7c-.2-.2-.4-.3-.7-.3h-11c-.3 0-.5.1-.7.3-.2.2-.3.5-.3.7s.1.5.3.7z\"\/><\/svg><\/span><\/span><\/span><\/a><\/span><\/div>\n<nav><ul class='ez-toc-list ez-toc-list-level-1 ' ><li class='ez-toc-page-1 ez-toc-heading-level-2'><a class=\"ez-toc-link ez-toc-heading-1\" href=\"https:\/\/idecesos.com\/seguros\/companias\/divina-pastora\/jaen\/#Seguro_de_decesos_Divina_Pastora_en_Jaen\" >Seguro de decesos Divina Pastora en Ja\u00e9n<\/a><\/li><li class='ez-toc-page-1 ez-toc-heading-level-2'><a class=\"ez-toc-link ez-toc-heading-2\" href=\"https:\/\/idecesos.com\/seguros\/companias\/divina-pastora\/jaen\/#Mapa_de_oficinas_de_seguros_Divina_Pastora_en_Jaen\" >Mapa de oficinas de seguros Divina Pastora en Ja\u00e9n<\/a><\/li><li class='ez-toc-page-1 ez-toc-heading-level-2'><a class=\"ez-toc-link ez-toc-heading-3\" href=\"https:\/\/idecesos.com\/seguros\/companias\/divina-pastora\/jaen\/#Listado_de_agencias_Divina_Pastora_en_Jaen\" >Listado de agencias Divina Pastora en Ja\u00e9n<\/a><\/li><li class='ez-toc-page-1 ez-toc-heading-level-2'><a class=\"ez-toc-link ez-toc-heading-4\" href=\"https:\/\/idecesos.com\/seguros\/companias\/divina-pastora\/jaen\/#Agencias_de_seguros_de_decesos_en_Jaen\" >Agencias de seguros de decesos en Ja\u00e9n<\/a><ul class='ez-toc-list-level-3' ><li class='ez-toc-heading-level-3'><a class=\"ez-toc-link ez-toc-heading-5\" href=\"https:\/\/idecesos.com\/seguros\/companias\/divina-pastora\/jaen\/#Listado_de_oficinas_Divina_Pastora_en_Espana\" >Listado de oficinas Divina Pastora en Espa\u00f1a<\/a><\/li><li class='ez-toc-page-1 ez-toc-heading-level-3'><a class=\"ez-toc-link ez-toc-heading-6\" href=\"https:\/\/idecesos.com\/seguros\/companias\/divina-pastora\/jaen\/#Paginas_relacionadas\" >P\u00e1ginas relacionadas<\/a><\/li><\/ul><\/li><\/ul><\/nav><\/div>\n<p><br \/>\n<a href=\"https:\/\/idecesos.com\/seguros\/companias\/divina-pastora\/\"><img decoding=\"async\" class=\" alignleft\" src=\"https:\/\/idecesos.com\/seguros\/wp-content\/uploads\/2021\/10\/3-150x150.png\" alt=\"Seguro de decesos Divina Pastora\" \/><\/a>La ciudad de Ja\u00e9n cuenta con diferentes<strong> sucursales de Divina Pastora donde le dar\u00e1n la atenci\u00f3n que necesite,<\/strong> siempre y en toda circunstancia de la mano de grandes profesionales en el sector. Para solventar todos sus inconvenientes relacionados y lo gestionen de una forma m\u00e1s eficiente. Teniendo en cuenta que cada una tiene un horario pertinente. \u00bfEs mejor asistir a una oficina presencialmente? En cuesti\u00f3n es m\u00e1s solvente que a la distancia puesto que resolver\u00e1n su inconveniente en el momento. Por ello es importante contar a tu alcance con oficinas de seguros de decesos. <\/p>\n<p>\u00bfHas pensando alguna vez las que dispones a tu alrededor?Te resultara tan c\u00f3modo o bien eficiente saber exactamente en qu\u00e9 lugar se hallan las distintas oficinas de cada Divina Pastora. Siendo uno de los motivos que nos solventaran cualquier inconveniente que pueda surgir.<br \/>\nAhora encuentra las diferentes <strong>oficinas de Divina Pastora en todos y cada Ja\u00e9n<\/strong> con las caracter\u00edsticas m\u00e1s necesarias, donde te garantizan un proceso seguro para dar con tu oficina referente y de confianza. <\/p>\n<p>Visita nuestra p\u00e1gina de <a href=\"https:\/\/idecesos.com\/seguros\/companias\/divina-pastora\/\">seguros de decesos Divina Pastora<\/a> para m\u00e1s informaci\u00f3n.<\/p>\n<div class=\"colorf \"  ><div class=\"container clearfix\"><div class=\"col-md-7\">\n<h2><span class=\"ez-toc-section\" id=\"Seguro_de_decesos_Divina_Pastora_en_Jaen\"><\/span>Seguro de decesos Divina Pastora en Ja\u00e9n<span class=\"ez-toc-section-end\"><\/span><\/h2>\n<p>En las diferentes <strong>empresas de seguros en Ja\u00e9n,<\/strong> resaltamos no solo por el nombre, sobresalimos a la opini\u00f3n y sugerencia de cada cliente del servicio, donde mejoramos para prestarle un servicio de calidad premium. Te damos la alegr\u00eda que con solo acceder conseguir\u00e1s un presupuesto veloz y de f\u00e1cil lectura, ahorr\u00e1ndote tiempo y comederos de cabeza. pide ahora <strong>tu presupuesto de Divina Pastora en Ja\u00e9n,<\/strong> conseguir\u00e1s todos y cada uno de los datos que necesites. Sabemos que lograr entender un presupuesto es un reto. <\/p>\n<p><strong>Ver m\u00e1s:<\/strong> <a href=\"https:\/\/idecesos.com\/seguros\/ciudades\/jaen\/\">Seguros de decesos en Ja\u00e9n<\/a><\/p>\n<p>En Ja\u00e9n queremos cubrirte como compa\u00f1\u00eda aseguradora lo mejor para ti y tu familia donde cuentes con servicio de \u00edndole, amoldado para ti en todo instante. Deseamos que cuentes en todo momento con el poder ayudarte con tus inconvenientes, pudiendo de este modo solicitar tu cita previa en menos de 1 segundo. \u00bfDudas de Divina Pastora? te la solucionamos al instante. Si en alg\u00fan momento te lo has cuestionado, te damos las respuestas a todo de manera m\u00e1s sencilla. Es tan sencillo que con solo rellenar el formulario tendr\u00e1s en el momento tu cita o presupuesto con toda la informaci\u00f3n relevante. Te lo ponemos poco a poco m\u00e1s f\u00e1cil, evit\u00e1ndote cualquier problema que pueda surgir. <\/p>\n<p><\/div><\/div><\/div>\n\t\t<hr class=\"separador\">\n\t\t<div class=\"bloque-accion\">\n\t\t<p class=\"txt-accion\">Calcula el precio de tu seguro de decesos en menos de 1 minuto<\/p>\n\t\t<a class=\"btn-accion\" href=\"https:\/\/idecesos.com\/\">CALCULAR<\/a>\n\t\t<\/div>\n\t\t<hr class=\"separador\">\n\t\t<\/p>\n<h2><span class=\"ez-toc-section\" id=\"Mapa_de_oficinas_de_seguros_Divina_Pastora_en_Jaen\"><\/span>Mapa de oficinas de seguros Divina Pastora en Ja\u00e9n<span class=\"ez-toc-section-end\"><\/span><\/h2>\n<p>Como puedes observar cuentas con un localizador de sucursales de Divina Pastora en Ja\u00e9n con toda la informaci\u00f3n necesaria , incluyendo as\u00ed un mapa por cada Divina Pastora en Ja\u00e9n. Hemos querido facilitarte este proceso de buscar, sabemos que resulta una perdida de tiempo buscar y no encontrar lo que se busca. En menos de instante lo vas a tener a tu disposici\u00f3n. Poner soluciones de forma r\u00e1pida es nuestro trabajo, por este motivo quedase todo solucionado en el momento. <\/p>\n<p><iframe class=\"page-generator-pro-map\" width=\"100%\" height=\"400\" frameborder=\"0\" style=\"border:0\" src=\"https:\/\/www.google.com\/maps\/embed\/v1\/place?q=C.+San+Clemente%2C+3%2C+Edif.+Extremera+3%C2%BA%2C+23004+Ja%C3%A9n%2C+Espa%C3%B1a&#038;zoom=14&#038;maptype=roadmap&#038;key=AIzaSyCNTEOso0tZG6YMSJFoaJEY5Th1stEWrJI\" allowfullscreen><\/iframe><\/p>\n<div class=\"colorf\"><div class=\"container clearfix\"><div class=\"col-md-7\"><div class=\"empresas\">\n<h2><span class=\"ez-toc-section\" id=\"Listado_de_agencias_Divina_Pastora_en_Jaen\"><\/span>Listado de agencias Divina Pastora en Ja\u00e9n<span class=\"ez-toc-section-end\"><\/span><\/h2>\n<ul>\n<li><strong>Compa\u00f1\u00eda de seguros Ja\u00e9n, Espa\u00f1a:<\/strong> 23004<\/li>\n<\/ul>\n<\/div><\/div><\/div><\/div>\n<h2><span class=\"ez-toc-section\" id=\"Agencias_de_seguros_de_decesos_en_Jaen\"><\/span>Agencias de seguros de decesos en Ja\u00e9n<span class=\"ez-toc-section-end\"><\/span><\/h2>\n<p>Garantizamos nuestros mejores servicios de calidad en todos y cada segundo. Es bastante dif\u00edcil tomar las mejores decisiones, por ello te damos un listado con distintas <strong>compa\u00f1\u00edas aseguradoras de decesos en Ja\u00e9n<\/strong> mediante nuestro enlace podr\u00e1s encontrar todo lo que precises. Con la informaci\u00f3n relevante. <\/p>\n<div class=\"colorf\"><div class=\"container clearfix\"><div class=\"col-md-7\"><div class=\"empresas\">\n<h3><span class=\"ez-toc-section\" id=\"Listado_de_oficinas_Divina_Pastora_en_Espana\"><\/span>Listado de oficinas Divina Pastora en Espa\u00f1a<span class=\"ez-toc-section-end\"><\/span><\/h3>\n<p><!-- Shortcode [divina-pastora-oficinas] does not exist --><\/div><\/div><\/div><\/div><\/p>\n<p><div class=\"oficinas\"><br \/>\n<h3><span class=\"ez-toc-section\" id=\"Paginas_relacionadas\"><\/span>P\u00e1ginas relacionadas<span class=\"ez-toc-section-end\"><\/span><\/h3><div class=\"enlazado\"><ul> <li><a href=\"https:\/\/idecesos.com\/seguros\/companias\/divina-pastora\/coberturas\/\">Coberturas Seguro de Decesos Divina Pastora<\/a><\/li> <li><a href=\"https:\/\/idecesos.com\/seguros\/companias\/divina-pastora\/opiniones\/\">Opiniones Divina Pastora<\/a><\/li> <li><a href=\"https:\/\/idecesos.com\/seguros\/companias\/divina-pastora\/precio\/\">Precio seguro Divina Pastora<\/a><\/li> <li><a href=\"https:\/\/idecesos.com\/seguros\/companias\/divina-pastora\/prima-mixta\/\">Divina Pastora Prima Mixta<\/a><\/li> <li><a href=\"https:\/\/idecesos.com\/seguros\/companias\/divina-pastora\/prima-natural\/\">Divina Pastora Prima Natural<\/a><\/li> <li><a href=\"https:\/\/idecesos.com\/seguros\/companias\/divina-pastora\/prima-nivelada\/\">Divina Pastora Prima Nivelada<\/a><\/li> <li><a href=\"https:\/\/idecesos.com\/seguros\/companias\/divina-pastora\/prima-unica\/\">Divina Pastora Prima \u00danica<\/a><\/li> <li><a href=\"https:\/\/idecesos.com\/seguros\/companias\/divina-pastora\/repatriacion\/\">Divina Pastora Repatriaci\u00f3n<\/a><\/li> <li><a href=\"https:\/\/idecesos.com\/seguros\/companias\/divina-pastora\/telefono\/\">Tel\u00e9fono Gratuito Divina Pastora<\/a><\/li><\/ul><\/div><br \/>\n<\/div><\/p>\n","protected":false},"excerpt":{"rendered":"<p>La ciudad de Ja\u00e9n cuenta con diferentes sucursales de Divina Pastora donde le dar\u00e1n la atenci\u00f3n que necesite, siempre y en toda circunstancia de la mano de grandes profesionales en el sector. Para solventar todos sus inconvenientes relacionados y lo gestionen de una forma m\u00e1s eficiente. Teniendo en cuenta que cada una tiene un horario&hellip; <\/p>\n","protected":false},"author":0,"featured_media":0,"parent":304,"menu_order":0,"comment_status":"closed","ping_status":"closed","template":"single.php","meta":{"footnotes":""},"class_list":["post-21169","page","type-page","status-publish","hentry"],"yoast_head":"<!-- This site is optimized with the Yoast SEO plugin v27.5 - https:\/\/yoast.com\/product\/yoast-seo-wordpress\/ -->\n<title>Oficinas Divina Pastora en Ja\u00e9n \u25b7Tel\u00e9fonos, Horarios, Direcci\u00f3n<\/title>\n<meta name=\"description\" content=\"Lista completa de Oficinas Divina Pastora en Ja\u00e9n Horarios, \u2706 tel\u00e9fonos y direcciones actualizados en 2026 \u2611\ufe0f Verificado por iDecesos.\" \/>\n<meta name=\"robots\" content=\"index, follow, max-snippet:-1, max-image-preview:large, max-video-preview:-1\" \/>\n<link rel=\"canonical\" href=\"https:\/\/idecesos.com\/seguros\/companias\/divina-pastora\/jaen\/\" \/>\n<meta property=\"og:locale\" content=\"es_ES\" \/>\n<meta property=\"og:type\" content=\"article\" \/>\n<meta property=\"og:title\" content=\"Oficinas Divina Pastora en Ja\u00e9n \u25b7Tel\u00e9fonos, Horarios, Direcci\u00f3n\" \/>\n<meta property=\"og:description\" content=\"Lista completa de Oficinas Divina Pastora en Ja\u00e9n Horarios, \u2706 tel\u00e9fonos y direcciones actualizados en 2026 \u2611\ufe0f Verificado por iDecesos.\" \/>\n<meta property=\"og:url\" content=\"https:\/\/idecesos.com\/seguros\/companias\/divina-pastora\/jaen\/\" \/>\n<meta property=\"og:image\" content=\"https:\/\/idecesos.com\/seguros\/wp-content\/uploads\/2021\/10\/3-150x150.png\" \/>\n<meta name=\"twitter:card\" content=\"summary_large_image\" \/>\n<meta name=\"twitter:label1\" content=\"Tiempo de lectura\" \/>\n\t<meta name=\"twitter:data1\" content=\"39 minutos\" \/>\n<script type=\"application\/ld+json\" class=\"yoast-schema-graph\">{\"@context\":\"https:\\\/\\\/schema.org\",\"@graph\":[{\"@type\":\"WebPage\",\"@id\":\"https:\\\/\\\/idecesos.com\\\/seguros\\\/companias\\\/divina-pastora\\\/jaen\\\/\",\"url\":\"https:\\\/\\\/idecesos.com\\\/seguros\\\/companias\\\/divina-pastora\\\/jaen\\\/\",\"name\":\"Oficinas Divina Pastora en Ja\u00e9n \u25b7Tel\u00e9fonos, Horarios, Direcci\u00f3n\",\"isPartOf\":{\"@id\":\"https:\\\/\\\/idecesos.com\\\/seguros\\\/#website\"},\"primaryImageOfPage\":{\"@id\":\"https:\\\/\\\/idecesos.com\\\/seguros\\\/companias\\\/divina-pastora\\\/jaen\\\/#primaryimage\"},\"image\":{\"@id\":\"https:\\\/\\\/idecesos.com\\\/seguros\\\/companias\\\/divina-pastora\\\/jaen\\\/#primaryimage\"},\"thumbnailUrl\":\"https:\\\/\\\/idecesos.com\\\/seguros\\\/wp-content\\\/uploads\\\/2021\\\/10\\\/3-150x150.png\",\"datePublished\":\"2022-05-01T20:35:45+00:00\",\"description\":\"Lista completa de Oficinas Divina Pastora en Ja\u00e9n Horarios, \u2706 tel\u00e9fonos y direcciones actualizados en 2026 \u2611\ufe0f Verificado por iDecesos.\",\"breadcrumb\":{\"@id\":\"https:\\\/\\\/idecesos.com\\\/seguros\\\/companias\\\/divina-pastora\\\/jaen\\\/#breadcrumb\"},\"inLanguage\":\"es\",\"potentialAction\":[{\"@type\":\"ReadAction\",\"target\":[\"https:\\\/\\\/idecesos.com\\\/seguros\\\/companias\\\/divina-pastora\\\/jaen\\\/\"]}]},{\"@type\":\"ImageObject\",\"inLanguage\":\"es\",\"@id\":\"https:\\\/\\\/idecesos.com\\\/seguros\\\/companias\\\/divina-pastora\\\/jaen\\\/#primaryimage\",\"url\":\"https:\\\/\\\/idecesos.com\\\/seguros\\\/wp-content\\\/uploads\\\/2021\\\/10\\\/3.png\",\"contentUrl\":\"https:\\\/\\\/idecesos.com\\\/seguros\\\/wp-content\\\/uploads\\\/2021\\\/10\\\/3.png\",\"width\":200,\"height\":200},{\"@type\":\"BreadcrumbList\",\"@id\":\"https:\\\/\\\/idecesos.com\\\/seguros\\\/companias\\\/divina-pastora\\\/jaen\\\/#breadcrumb\",\"itemListElement\":[{\"@type\":\"ListItem\",\"position\":1,\"name\":\"Portada\",\"item\":\"https:\\\/\\\/idecesos.com\\\/seguros\\\/\"},{\"@type\":\"ListItem\",\"position\":2,\"name\":\"Compa\u00f1\u00edas de Seguros de Decesos en Espa\u00f1a\",\"item\":\"https:\\\/\\\/idecesos.com\\\/seguros\\\/companias\\\/\"},{\"@type\":\"ListItem\",\"position\":3,\"name\":\"Seguro de decesos Divina Pastora\",\"item\":\"https:\\\/\\\/idecesos.com\\\/seguros\\\/companias\\\/divina-pastora\\\/\"},{\"@type\":\"ListItem\",\"position\":4,\"name\":\"Oficinas seguros de decesos Divina Pastora en Ja\u00e9n\"}]},{\"@type\":\"WebSite\",\"@id\":\"https:\\\/\\\/idecesos.com\\\/seguros\\\/#website\",\"url\":\"https:\\\/\\\/idecesos.com\\\/seguros\\\/\",\"name\":\"\",\"description\":\"\",\"potentialAction\":[{\"@type\":\"SearchAction\",\"target\":{\"@type\":\"EntryPoint\",\"urlTemplate\":\"https:\\\/\\\/idecesos.com\\\/seguros\\\/?s={search_term_string}\"},\"query-input\":{\"@type\":\"PropertyValueSpecification\",\"valueRequired\":true,\"valueName\":\"search_term_string\"}}],\"inLanguage\":\"es\"}]}<\/script>\n<!-- \/ Yoast SEO plugin. -->","yoast_head_json":{"title":"Oficinas Divina Pastora en Ja\u00e9n \u25b7Tel\u00e9fonos, Horarios, Direcci\u00f3n","description":"Lista completa de Oficinas Divina Pastora en Ja\u00e9n Horarios, \u2706 tel\u00e9fonos y direcciones actualizados en 2026 \u2611\ufe0f Verificado por iDecesos.","robots":{"index":"index","follow":"follow","max-snippet":"max-snippet:-1","max-image-preview":"max-image-preview:large","max-video-preview":"max-video-preview:-1"},"canonical":"https:\/\/idecesos.com\/seguros\/companias\/divina-pastora\/jaen\/","og_locale":"es_ES","og_type":"article","og_title":"Oficinas Divina Pastora en Ja\u00e9n \u25b7Tel\u00e9fonos, Horarios, Direcci\u00f3n","og_description":"Lista completa de Oficinas Divina Pastora en Ja\u00e9n Horarios, \u2706 tel\u00e9fonos y direcciones actualizados en 2026 \u2611\ufe0f Verificado por iDecesos.","og_url":"https:\/\/idecesos.com\/seguros\/companias\/divina-pastora\/jaen\/","og_image":[{"url":"https:\/\/idecesos.com\/seguros\/wp-content\/uploads\/2021\/10\/3-150x150.png","type":"","width":"","height":""}],"twitter_card":"summary_large_image","twitter_misc":{"Tiempo de lectura":"39 minutos"},"schema":{"@context":"https:\/\/schema.org","@graph":[{"@type":"WebPage","@id":"https:\/\/idecesos.com\/seguros\/companias\/divina-pastora\/jaen\/","url":"https:\/\/idecesos.com\/seguros\/companias\/divina-pastora\/jaen\/","name":"Oficinas Divina Pastora en Ja\u00e9n \u25b7Tel\u00e9fonos, Horarios, Direcci\u00f3n","isPartOf":{"@id":"https:\/\/idecesos.com\/seguros\/#website"},"primaryImageOfPage":{"@id":"https:\/\/idecesos.com\/seguros\/companias\/divina-pastora\/jaen\/#primaryimage"},"image":{"@id":"https:\/\/idecesos.com\/seguros\/companias\/divina-pastora\/jaen\/#primaryimage"},"thumbnailUrl":"https:\/\/idecesos.com\/seguros\/wp-content\/uploads\/2021\/10\/3-150x150.png","datePublished":"2022-05-01T20:35:45+00:00","description":"Lista completa de Oficinas Divina Pastora en Ja\u00e9n Horarios, \u2706 tel\u00e9fonos y direcciones actualizados en 2026 \u2611\ufe0f Verificado por iDecesos.","breadcrumb":{"@id":"https:\/\/idecesos.com\/seguros\/companias\/divina-pastora\/jaen\/#breadcrumb"},"inLanguage":"es","potentialAction":[{"@type":"ReadAction","target":["https:\/\/idecesos.com\/seguros\/companias\/divina-pastora\/jaen\/"]}]},{"@type":"ImageObject","inLanguage":"es","@id":"https:\/\/idecesos.com\/seguros\/companias\/divina-pastora\/jaen\/#primaryimage","url":"https:\/\/idecesos.com\/seguros\/wp-content\/uploads\/2021\/10\/3.png","contentUrl":"https:\/\/idecesos.com\/seguros\/wp-content\/uploads\/2021\/10\/3.png","width":200,"height":200},{"@type":"BreadcrumbList","@id":"https:\/\/idecesos.com\/seguros\/companias\/divina-pastora\/jaen\/#breadcrumb","itemListElement":[{"@type":"ListItem","position":1,"name":"Portada","item":"https:\/\/idecesos.com\/seguros\/"},{"@type":"ListItem","position":2,"name":"Compa\u00f1\u00edas de Seguros de Decesos en Espa\u00f1a","item":"https:\/\/idecesos.com\/seguros\/companias\/"},{"@type":"ListItem","position":3,"name":"Seguro de decesos Divina Pastora","item":"https:\/\/idecesos.com\/seguros\/companias\/divina-pastora\/"},{"@type":"ListItem","position":4,"name":"Oficinas seguros de decesos Divina Pastora en Ja\u00e9n"}]},{"@type":"WebSite","@id":"https:\/\/idecesos.com\/seguros\/#website","url":"https:\/\/idecesos.com\/seguros\/","name":"","description":"","potentialAction":[{"@type":"SearchAction","target":{"@type":"EntryPoint","urlTemplate":"https:\/\/idecesos.com\/seguros\/?s={search_term_string}"},"query-input":{"@type":"PropertyValueSpecification","valueRequired":true,"valueName":"search_term_string"}}],"inLanguage":"es"}]}},"_links":{"self":[{"href":"https:\/\/idecesos.com\/seguros\/wp-json\/wp\/v2\/pages\/21169","targetHints":{"allow":["GET"]}}],"collection":[{"href":"https:\/\/idecesos.com\/seguros\/wp-json\/wp\/v2\/pages"}],"about":[{"href":"https:\/\/idecesos.com\/seguros\/wp-json\/wp\/v2\/types\/page"}],"replies":[{"embeddable":true,"href":"https:\/\/idecesos.com\/seguros\/wp-json\/wp\/v2\/comments?post=21169"}],"version-history":[{"count":0,"href":"https:\/\/idecesos.com\/seguros\/wp-json\/wp\/v2\/pages\/21169\/revisions"}],"up":[{"embeddable":true,"href":"https:\/\/idecesos.com\/seguros\/wp-json\/wp\/v2\/pages\/304"}],"wp:attachment":[{"href":"https:\/\/idecesos.com\/seguros\/wp-json\/wp\/v2\/media?parent=21169"}],"curies":[{"name":"wp","href":"https:\/\/api.w.org\/{rel}","templated":true}]}}