{"id":21173,"date":"2022-05-01T20:35:48","date_gmt":"2022-05-01T20:35:48","guid":{"rendered":"https:\/\/idecesos.com\/seguros\/companias\/divina-pastora\/malaga\/"},"modified":"2022-05-01T20:35:48","modified_gmt":"2022-05-01T20:35:48","slug":"malaga","status":"publish","type":"page","link":"https:\/\/idecesos.com\/seguros\/companias\/divina-pastora\/malaga\/","title":{"rendered":"Oficinas seguros de decesos Divina Pastora en M\u00e1laga"},"content":{"rendered":"<div id=\"ez-toc-container\" class=\"ez-toc-v2_0_82_2 ez-toc-wrap-center counter-hierarchy ez-toc-counter ez-toc-custom ez-toc-container-direction\">\n<div class=\"ez-toc-title-container\">\n<p class=\"ez-toc-title\" style=\"cursor:inherit\">Tabla de Contenido<\/p>\n<span class=\"ez-toc-title-toggle\"><a href=\"#\" class=\"ez-toc-pull-right ez-toc-btn ez-toc-btn-xs ez-toc-btn-default ez-toc-toggle\" aria-label=\"Alternar tabla de contenidos\"><span class=\"ez-toc-js-icon-con\"><span class=\"\"><span class=\"eztoc-hide\" style=\"display:none;\">Toggle<\/span><span class=\"ez-toc-icon-toggle-span\"><svg style=\"fill: #db6415;color:#db6415\" xmlns=\"http:\/\/www.w3.org\/2000\/svg\" class=\"list-377408\" width=\"20px\" height=\"20px\" viewBox=\"0 0 24 24\" fill=\"none\"><path d=\"M6 6H4v2h2V6zm14 0H8v2h12V6zM4 11h2v2H4v-2zm16 0H8v2h12v-2zM4 16h2v2H4v-2zm16 0H8v2h12v-2z\" fill=\"currentColor\"><\/path><\/svg><svg style=\"fill: #db6415;color:#db6415\" class=\"arrow-unsorted-368013\" xmlns=\"http:\/\/www.w3.org\/2000\/svg\" width=\"10px\" height=\"10px\" viewBox=\"0 0 24 24\" version=\"1.2\" baseProfile=\"tiny\"><path d=\"M18.2 9.3l-6.2-6.3-6.2 6.3c-.2.2-.3.4-.3.7s.1.5.3.7c.2.2.4.3.7.3h11c.3 0 .5-.1.7-.3.2-.2.3-.5.3-.7s-.1-.5-.3-.7zM5.8 14.7l6.2 6.3 6.2-6.3c.2-.2.3-.5.3-.7s-.1-.5-.3-.7c-.2-.2-.4-.3-.7-.3h-11c-.3 0-.5.1-.7.3-.2.2-.3.5-.3.7s.1.5.3.7z\"\/><\/svg><\/span><\/span><\/span><\/a><\/span><\/div>\n<nav><ul class='ez-toc-list ez-toc-list-level-1 ' ><li class='ez-toc-page-1 ez-toc-heading-level-2'><a class=\"ez-toc-link ez-toc-heading-1\" href=\"https:\/\/idecesos.com\/seguros\/companias\/divina-pastora\/malaga\/#Seguro_de_decesos_Divina_Pastora_en_Malaga\" >Seguro de decesos Divina Pastora en M\u00e1laga<\/a><\/li><li class='ez-toc-page-1 ez-toc-heading-level-2'><a class=\"ez-toc-link ez-toc-heading-2\" href=\"https:\/\/idecesos.com\/seguros\/companias\/divina-pastora\/malaga\/#Mapa_de_sucursales_de_seguros_Divina_Pastora_en_Malaga\" >Mapa de sucursales de seguros Divina Pastora en M\u00e1laga<\/a><\/li><li class='ez-toc-page-1 ez-toc-heading-level-2'><a class=\"ez-toc-link ez-toc-heading-3\" href=\"https:\/\/idecesos.com\/seguros\/companias\/divina-pastora\/malaga\/#Listado_de_oficinas_Divina_Pastora_en_Malaga\" >Listado de oficinas Divina Pastora en M\u00e1laga<\/a><\/li><li class='ez-toc-page-1 ez-toc-heading-level-2'><a class=\"ez-toc-link ez-toc-heading-4\" href=\"https:\/\/idecesos.com\/seguros\/companias\/divina-pastora\/malaga\/#Agencias_de_seguros_de_decesos_en_Malaga\" >Agencias de seguros de decesos en M\u00e1laga<\/a><ul class='ez-toc-list-level-3' ><li class='ez-toc-heading-level-3'><a class=\"ez-toc-link ez-toc-heading-5\" href=\"https:\/\/idecesos.com\/seguros\/companias\/divina-pastora\/malaga\/#Listado_de_oficinas_Divina_Pastora_en_Espana\" >Listado de oficinas Divina Pastora en Espa\u00f1a<\/a><\/li><li class='ez-toc-page-1 ez-toc-heading-level-3'><a class=\"ez-toc-link ez-toc-heading-6\" href=\"https:\/\/idecesos.com\/seguros\/companias\/divina-pastora\/malaga\/#Paginas_relacionadas\" >P\u00e1ginas relacionadas<\/a><\/li><\/ul><\/li><\/ul><\/nav><\/div>\n<p><br \/>\n<a href=\"https:\/\/idecesos.com\/seguros\/companias\/divina-pastora\/\"><img decoding=\"async\" class=\" alignleft\" src=\"https:\/\/idecesos.com\/seguros\/wp-content\/uploads\/2021\/10\/3-150x150.png\" alt=\"Seguro de decesos Divina Pastora\" \/><\/a><strong>La ciudad de M\u00e1laga tiene varias oficinas de Divina Pastora<\/strong> en la que podr\u00e1n atenderle para cualquier necesidad o sugerencia en su horario, en todo instante contases con la ayuda de una persona cualificada en el \u00e1mbito, cada oficina cuenta con trabajadores con a\u00f1os experiencia, para darte la mejor calidad posible. \u00bfEs mejor acudir a una oficina presencialmente? En cuesti\u00f3n es m\u00e1s solvente que a la distancia en tanto que resolver\u00e1n su problema en el instante. Por ello es importante contar a tu alcance con oficinas de seguros de decesos. <\/p>\n<p><strong>Oficinas de Divina Pastora en M\u00e1laga<\/strong> es bastante dif\u00edcil saber donde se halla situado cada uno de ellos, por eso te traemos en exclusiva los que puedes tener cerca de ti, para cuando m\u00e1s lo precises, gestion\u00e1ndote los problemas que que han podido surgir con tu seguro contratado. Cuando se requiere de este servicio tan cerca el desarrollo de cada empresa es asesarte en el proceso de la perdida de un familiar, acudiendo a tu oficina m\u00e1s cerca jam\u00e1s vas a tener problemas cuando se gestione alg\u00fan tramite sobre la p\u00f3liza. \u00a0<\/p>\n<p>Visita nuestra p\u00e1gina de <a href=\"https:\/\/idecesos.com\/seguros\/companias\/divina-pastora\/\">seguros de decesos Divina Pastora<\/a> para m\u00e1s informaci\u00f3n.<\/p>\n<div class=\"colorf \"  ><div class=\"container clearfix\"><div class=\"col-md-7\">\n<h2><span class=\"ez-toc-section\" id=\"Seguro_de_decesos_Divina_Pastora_en_Malaga\"><\/span>Seguro de decesos Divina Pastora en M\u00e1laga<span class=\"ez-toc-section-end\"><\/span><\/h2>\n<p>Prevenir los errores que puedan ocasionar o surgir a lo largo de la administraci\u00f3n documentaria. Te damos esa calma de que jam\u00e1s suceder\u00e1. Teniendo presente que cubren sus deseos en la circunstancia que se encuentre. \u00bfPara qui\u00e9n est\u00e1 dirigido el servicio de oficinas de Divina Pastora en M\u00e1laga? para todas las personas que precisen gestionar de una manera m\u00e1s eficiente y veloz, las gestiones oportunas. Quedara cubierto todas las dudas que tenga y quedado solventado sus inconvenientes de manera m\u00e1s sencilla. <\/p>\n<p><strong>Ver m\u00e1s:<\/strong> <a href=\"https:\/\/idecesos.com\/seguros\/ciudades\/malaga\/\">Seguros de decesos en M\u00e1laga<\/a><\/p>\n<p>Hemos creado un formulario, donde resolver\u00e1n todos tus problemas, evit\u00e1ndote dificultades para la soluci\u00f3n del mismo. jam\u00e1s ha sido tan f\u00e1cil. No solo te ayudase a saber lo que vas a liquidar, vas a aprender a conocer los datos que vienen desglosado en el momento de abonar. Con esto aprendes a donde va tus pagos, sin sentirte enga\u00f1ado, y previni\u00e9ndote de cualquier fallo. Plenamente sin costo, amoldado a sus necesidades m\u00e1s complejas. Accede ahora y cuenta con la calma de tener tu presupuesto, evitando dificultades. Te aseguramos la tranquilidad y la de los tuyos, por ellos te agasajamos toda esta informaci\u00f3n. <\/p>\n<p><\/div><\/div><\/div>\n\t\t<hr class=\"separador\">\n\t\t<div class=\"bloque-accion\">\n\t\t<p class=\"txt-accion\">Calcula el precio de tu seguro de decesos en menos de 1 minuto<\/p>\n\t\t<a class=\"btn-accion\" href=\"https:\/\/idecesos.com\/\">CALCULAR<\/a>\n\t\t<\/div>\n\t\t<hr class=\"separador\">\n\t\t<\/p>\n<h2><span class=\"ez-toc-section\" id=\"Mapa_de_sucursales_de_seguros_Divina_Pastora_en_Malaga\"><\/span>Mapa de sucursales de seguros Divina Pastora en M\u00e1laga<span class=\"ez-toc-section-end\"><\/span><\/h2>\n<p>\u00bfEs \u00fatil un localizador de oficinas como un mapa por empresa? Es mucho m\u00e1s que \u00fatil, de ah\u00ed que te traemos a continuaci\u00f3n un localizador de oficinas de Divina Pastora en M\u00e1laga para obtener toda la informaci\u00f3n de vital inter\u00e9s para cada caso, asimismo ponemo a tu alcance un mapa por M\u00e1laga de las oficinas de Divina Pastora con el objetivo de asegurarte la localizaci\u00f3n de cada una de ellas de una manera m\u00e1s sencilla, evit\u00e1ndote muchas b\u00fasquedas innecesarias. Es tan segura como fiable, aport\u00e1ndote informaci\u00f3n de cada uno de ellas. \u00a0<\/p>\n<p><iframe class=\"page-generator-pro-map\" width=\"100%\" height=\"400\" frameborder=\"0\" style=\"border:0\" src=\"https:\/\/www.google.com\/maps\/embed\/v1\/place?q=Avenida+de+Manuel+Agust%C3%ADn+Heredia%2C+8%2C+29001+M%C3%A1laga%2C+Espa%C3%B1a&#038;zoom=14&#038;maptype=roadmap&#038;key=AIzaSyCNTEOso0tZG6YMSJFoaJEY5Th1stEWrJI\" allowfullscreen><\/iframe><\/p>\n<div class=\"colorf\"><div class=\"container clearfix\"><div class=\"col-md-7\"><div class=\"empresas\">\n<h2><span class=\"ez-toc-section\" id=\"Listado_de_oficinas_Divina_Pastora_en_Malaga\"><\/span>Listado de oficinas Divina Pastora en M\u00e1laga<span class=\"ez-toc-section-end\"><\/span><\/h2>\n<ul>\n<li><strong>Compa\u00f1\u00eda de seguros M\u00e1laga, Espa\u00f1a:<\/strong> 29001<\/li>\n<\/ul>\n<\/div><\/div><\/div><\/div>\n<h2><span class=\"ez-toc-section\" id=\"Agencias_de_seguros_de_decesos_en_Malaga\"><\/span>Agencias de seguros de decesos en M\u00e1laga<span class=\"ez-toc-section-end\"><\/span><\/h2>\n<p>\u00bfQuieres conocer el cat\u00e1logo de seguros de decesos en M\u00e1laga? te lo damos de forma sin costo y simple evit\u00e1ndote todas y cada una contrariedades que puedas llegar a tener. No solo cuentas con eso, asimismo tendr\u00e1s la informaci\u00f3n referente a cada uno de ellos de ellos. \u00bfQu\u00e9 pasa si doy click? Vas a tener a tu predisposici\u00f3n las contestaciones a sus inconvenientes. Jam\u00e1s te lo hab\u00edan puesto tan f\u00e1cil como nosotros. <\/p>\n<div class=\"colorf\"><div class=\"container clearfix\"><div class=\"col-md-7\"><div class=\"empresas\">\n<h3><span class=\"ez-toc-section\" id=\"Listado_de_oficinas_Divina_Pastora_en_Espana\"><\/span>Listado de oficinas Divina Pastora en Espa\u00f1a<span class=\"ez-toc-section-end\"><\/span><\/h3>\n<p><!-- Shortcode [divina-pastora-oficinas] does not exist --><\/div><\/div><\/div><\/div><\/p>\n<p><div class=\"oficinas\"><br \/>\n<h3><span class=\"ez-toc-section\" id=\"Paginas_relacionadas\"><\/span>P\u00e1ginas relacionadas<span class=\"ez-toc-section-end\"><\/span><\/h3><div class=\"enlazado\"><ul> <li><a href=\"https:\/\/idecesos.com\/seguros\/companias\/divina-pastora\/coberturas\/\">Coberturas Seguro de Decesos Divina Pastora<\/a><\/li> <li><a href=\"https:\/\/idecesos.com\/seguros\/companias\/divina-pastora\/opiniones\/\">Opiniones Divina Pastora<\/a><\/li> <li><a href=\"https:\/\/idecesos.com\/seguros\/companias\/divina-pastora\/precio\/\">Precio seguro Divina Pastora<\/a><\/li> <li><a href=\"https:\/\/idecesos.com\/seguros\/companias\/divina-pastora\/prima-mixta\/\">Divina Pastora Prima Mixta<\/a><\/li> <li><a href=\"https:\/\/idecesos.com\/seguros\/companias\/divina-pastora\/prima-natural\/\">Divina Pastora Prima Natural<\/a><\/li> <li><a href=\"https:\/\/idecesos.com\/seguros\/companias\/divina-pastora\/prima-nivelada\/\">Divina Pastora Prima Nivelada<\/a><\/li> <li><a href=\"https:\/\/idecesos.com\/seguros\/companias\/divina-pastora\/prima-unica\/\">Divina Pastora Prima \u00danica<\/a><\/li> <li><a href=\"https:\/\/idecesos.com\/seguros\/companias\/divina-pastora\/repatriacion\/\">Divina Pastora Repatriaci\u00f3n<\/a><\/li> <li><a href=\"https:\/\/idecesos.com\/seguros\/companias\/divina-pastora\/telefono\/\">Tel\u00e9fono Gratuito Divina Pastora<\/a><\/li><\/ul><\/div><br \/>\n<\/div><\/p>\n","protected":false},"excerpt":{"rendered":"<p>La ciudad de M\u00e1laga tiene varias oficinas de Divina Pastora en la que podr\u00e1n atenderle para cualquier necesidad o sugerencia en su horario, en todo instante contases con la ayuda de una persona cualificada en el \u00e1mbito, cada oficina cuenta con trabajadores con a\u00f1os experiencia, para darte la mejor calidad posible. \u00bfEs mejor acudir a&hellip; <\/p>\n","protected":false},"author":0,"featured_media":0,"parent":304,"menu_order":0,"comment_status":"closed","ping_status":"closed","template":"single.php","meta":{"footnotes":""},"class_list":["post-21173","page","type-page","status-publish","hentry"],"yoast_head":"<!-- This site is optimized with the Yoast SEO plugin v27.3 - https:\/\/yoast.com\/product\/yoast-seo-wordpress\/ -->\n<title>Oficinas Divina Pastora en M\u00e1laga \u25b7Tel\u00e9fonos, Horarios, Direcci\u00f3n<\/title>\n<meta name=\"description\" content=\"Lista completa de Oficinas Divina Pastora en M\u00e1laga Horarios, \u2706 tel\u00e9fonos y direcciones actualizados en 2026 \u2611\ufe0f Verificado por iDecesos.\" \/>\n<meta name=\"robots\" content=\"index, follow, max-snippet:-1, max-image-preview:large, max-video-preview:-1\" \/>\n<link rel=\"canonical\" href=\"https:\/\/idecesos.com\/seguros\/companias\/divina-pastora\/malaga\/\" \/>\n<meta property=\"og:locale\" content=\"es_ES\" \/>\n<meta property=\"og:type\" content=\"article\" \/>\n<meta property=\"og:title\" content=\"Oficinas Divina Pastora en M\u00e1laga \u25b7Tel\u00e9fonos, Horarios, Direcci\u00f3n\" \/>\n<meta property=\"og:description\" content=\"Lista completa de Oficinas Divina Pastora en M\u00e1laga Horarios, \u2706 tel\u00e9fonos y direcciones actualizados en 2026 \u2611\ufe0f Verificado por iDecesos.\" \/>\n<meta property=\"og:url\" content=\"https:\/\/idecesos.com\/seguros\/companias\/divina-pastora\/malaga\/\" \/>\n<meta property=\"og:image\" content=\"https:\/\/idecesos.com\/seguros\/wp-content\/uploads\/2021\/10\/3-150x150.png\" \/>\n<meta name=\"twitter:card\" content=\"summary_large_image\" \/>\n<meta name=\"twitter:label1\" content=\"Tiempo de lectura\" \/>\n\t<meta name=\"twitter:data1\" content=\"39 minutos\" \/>\n<script type=\"application\/ld+json\" class=\"yoast-schema-graph\">{\"@context\":\"https:\\\/\\\/schema.org\",\"@graph\":[{\"@type\":\"WebPage\",\"@id\":\"https:\\\/\\\/idecesos.com\\\/seguros\\\/companias\\\/divina-pastora\\\/malaga\\\/\",\"url\":\"https:\\\/\\\/idecesos.com\\\/seguros\\\/companias\\\/divina-pastora\\\/malaga\\\/\",\"name\":\"Oficinas Divina Pastora en M\u00e1laga \u25b7Tel\u00e9fonos, Horarios, Direcci\u00f3n\",\"isPartOf\":{\"@id\":\"https:\\\/\\\/idecesos.com\\\/seguros\\\/#website\"},\"primaryImageOfPage\":{\"@id\":\"https:\\\/\\\/idecesos.com\\\/seguros\\\/companias\\\/divina-pastora\\\/malaga\\\/#primaryimage\"},\"image\":{\"@id\":\"https:\\\/\\\/idecesos.com\\\/seguros\\\/companias\\\/divina-pastora\\\/malaga\\\/#primaryimage\"},\"thumbnailUrl\":\"https:\\\/\\\/idecesos.com\\\/seguros\\\/wp-content\\\/uploads\\\/2021\\\/10\\\/3-150x150.png\",\"datePublished\":\"2022-05-01T20:35:48+00:00\",\"description\":\"Lista completa de Oficinas Divina Pastora en M\u00e1laga Horarios, \u2706 tel\u00e9fonos y direcciones actualizados en 2026 \u2611\ufe0f Verificado por iDecesos.\",\"breadcrumb\":{\"@id\":\"https:\\\/\\\/idecesos.com\\\/seguros\\\/companias\\\/divina-pastora\\\/malaga\\\/#breadcrumb\"},\"inLanguage\":\"es\",\"potentialAction\":[{\"@type\":\"ReadAction\",\"target\":[\"https:\\\/\\\/idecesos.com\\\/seguros\\\/companias\\\/divina-pastora\\\/malaga\\\/\"]}]},{\"@type\":\"ImageObject\",\"inLanguage\":\"es\",\"@id\":\"https:\\\/\\\/idecesos.com\\\/seguros\\\/companias\\\/divina-pastora\\\/malaga\\\/#primaryimage\",\"url\":\"https:\\\/\\\/idecesos.com\\\/seguros\\\/wp-content\\\/uploads\\\/2021\\\/10\\\/3.png\",\"contentUrl\":\"https:\\\/\\\/idecesos.com\\\/seguros\\\/wp-content\\\/uploads\\\/2021\\\/10\\\/3.png\",\"width\":200,\"height\":200},{\"@type\":\"BreadcrumbList\",\"@id\":\"https:\\\/\\\/idecesos.com\\\/seguros\\\/companias\\\/divina-pastora\\\/malaga\\\/#breadcrumb\",\"itemListElement\":[{\"@type\":\"ListItem\",\"position\":1,\"name\":\"Portada\",\"item\":\"https:\\\/\\\/idecesos.com\\\/seguros\\\/\"},{\"@type\":\"ListItem\",\"position\":2,\"name\":\"Compa\u00f1\u00edas de Seguros de Decesos en Espa\u00f1a\",\"item\":\"https:\\\/\\\/idecesos.com\\\/seguros\\\/companias\\\/\"},{\"@type\":\"ListItem\",\"position\":3,\"name\":\"Seguro de decesos Divina Pastora\",\"item\":\"https:\\\/\\\/idecesos.com\\\/seguros\\\/companias\\\/divina-pastora\\\/\"},{\"@type\":\"ListItem\",\"position\":4,\"name\":\"Oficinas seguros de decesos Divina Pastora en M\u00e1laga\"}]},{\"@type\":\"WebSite\",\"@id\":\"https:\\\/\\\/idecesos.com\\\/seguros\\\/#website\",\"url\":\"https:\\\/\\\/idecesos.com\\\/seguros\\\/\",\"name\":\"\",\"description\":\"\",\"potentialAction\":[{\"@type\":\"SearchAction\",\"target\":{\"@type\":\"EntryPoint\",\"urlTemplate\":\"https:\\\/\\\/idecesos.com\\\/seguros\\\/?s={search_term_string}\"},\"query-input\":{\"@type\":\"PropertyValueSpecification\",\"valueRequired\":true,\"valueName\":\"search_term_string\"}}],\"inLanguage\":\"es\"}]}<\/script>\n<!-- \/ Yoast SEO plugin. -->","yoast_head_json":{"title":"Oficinas Divina Pastora en M\u00e1laga \u25b7Tel\u00e9fonos, Horarios, Direcci\u00f3n","description":"Lista completa de Oficinas Divina Pastora en M\u00e1laga Horarios, \u2706 tel\u00e9fonos y direcciones actualizados en 2026 \u2611\ufe0f Verificado por iDecesos.","robots":{"index":"index","follow":"follow","max-snippet":"max-snippet:-1","max-image-preview":"max-image-preview:large","max-video-preview":"max-video-preview:-1"},"canonical":"https:\/\/idecesos.com\/seguros\/companias\/divina-pastora\/malaga\/","og_locale":"es_ES","og_type":"article","og_title":"Oficinas Divina Pastora en M\u00e1laga \u25b7Tel\u00e9fonos, Horarios, Direcci\u00f3n","og_description":"Lista completa de Oficinas Divina Pastora en M\u00e1laga Horarios, \u2706 tel\u00e9fonos y direcciones actualizados en 2026 \u2611\ufe0f Verificado por iDecesos.","og_url":"https:\/\/idecesos.com\/seguros\/companias\/divina-pastora\/malaga\/","og_image":[{"url":"https:\/\/idecesos.com\/seguros\/wp-content\/uploads\/2021\/10\/3-150x150.png","type":"","width":"","height":""}],"twitter_card":"summary_large_image","twitter_misc":{"Tiempo de lectura":"39 minutos"},"schema":{"@context":"https:\/\/schema.org","@graph":[{"@type":"WebPage","@id":"https:\/\/idecesos.com\/seguros\/companias\/divina-pastora\/malaga\/","url":"https:\/\/idecesos.com\/seguros\/companias\/divina-pastora\/malaga\/","name":"Oficinas Divina Pastora en M\u00e1laga \u25b7Tel\u00e9fonos, Horarios, Direcci\u00f3n","isPartOf":{"@id":"https:\/\/idecesos.com\/seguros\/#website"},"primaryImageOfPage":{"@id":"https:\/\/idecesos.com\/seguros\/companias\/divina-pastora\/malaga\/#primaryimage"},"image":{"@id":"https:\/\/idecesos.com\/seguros\/companias\/divina-pastora\/malaga\/#primaryimage"},"thumbnailUrl":"https:\/\/idecesos.com\/seguros\/wp-content\/uploads\/2021\/10\/3-150x150.png","datePublished":"2022-05-01T20:35:48+00:00","description":"Lista completa de Oficinas Divina Pastora en M\u00e1laga Horarios, \u2706 tel\u00e9fonos y direcciones actualizados en 2026 \u2611\ufe0f Verificado por iDecesos.","breadcrumb":{"@id":"https:\/\/idecesos.com\/seguros\/companias\/divina-pastora\/malaga\/#breadcrumb"},"inLanguage":"es","potentialAction":[{"@type":"ReadAction","target":["https:\/\/idecesos.com\/seguros\/companias\/divina-pastora\/malaga\/"]}]},{"@type":"ImageObject","inLanguage":"es","@id":"https:\/\/idecesos.com\/seguros\/companias\/divina-pastora\/malaga\/#primaryimage","url":"https:\/\/idecesos.com\/seguros\/wp-content\/uploads\/2021\/10\/3.png","contentUrl":"https:\/\/idecesos.com\/seguros\/wp-content\/uploads\/2021\/10\/3.png","width":200,"height":200},{"@type":"BreadcrumbList","@id":"https:\/\/idecesos.com\/seguros\/companias\/divina-pastora\/malaga\/#breadcrumb","itemListElement":[{"@type":"ListItem","position":1,"name":"Portada","item":"https:\/\/idecesos.com\/seguros\/"},{"@type":"ListItem","position":2,"name":"Compa\u00f1\u00edas de Seguros de Decesos en Espa\u00f1a","item":"https:\/\/idecesos.com\/seguros\/companias\/"},{"@type":"ListItem","position":3,"name":"Seguro de decesos Divina Pastora","item":"https:\/\/idecesos.com\/seguros\/companias\/divina-pastora\/"},{"@type":"ListItem","position":4,"name":"Oficinas seguros de decesos Divina Pastora en M\u00e1laga"}]},{"@type":"WebSite","@id":"https:\/\/idecesos.com\/seguros\/#website","url":"https:\/\/idecesos.com\/seguros\/","name":"","description":"","potentialAction":[{"@type":"SearchAction","target":{"@type":"EntryPoint","urlTemplate":"https:\/\/idecesos.com\/seguros\/?s={search_term_string}"},"query-input":{"@type":"PropertyValueSpecification","valueRequired":true,"valueName":"search_term_string"}}],"inLanguage":"es"}]}},"_links":{"self":[{"href":"https:\/\/idecesos.com\/seguros\/wp-json\/wp\/v2\/pages\/21173","targetHints":{"allow":["GET"]}}],"collection":[{"href":"https:\/\/idecesos.com\/seguros\/wp-json\/wp\/v2\/pages"}],"about":[{"href":"https:\/\/idecesos.com\/seguros\/wp-json\/wp\/v2\/types\/page"}],"replies":[{"embeddable":true,"href":"https:\/\/idecesos.com\/seguros\/wp-json\/wp\/v2\/comments?post=21173"}],"version-history":[{"count":0,"href":"https:\/\/idecesos.com\/seguros\/wp-json\/wp\/v2\/pages\/21173\/revisions"}],"up":[{"embeddable":true,"href":"https:\/\/idecesos.com\/seguros\/wp-json\/wp\/v2\/pages\/304"}],"wp:attachment":[{"href":"https:\/\/idecesos.com\/seguros\/wp-json\/wp\/v2\/media?parent=21173"}],"curies":[{"name":"wp","href":"https:\/\/api.w.org\/{rel}","templated":true}]}}