{"id":21199,"date":"2022-05-01T20:36:03","date_gmt":"2022-05-01T20:36:03","guid":{"rendered":"https:\/\/idecesos.com\/seguros\/companias\/eterna\/vizcaya\/"},"modified":"2022-05-01T20:36:03","modified_gmt":"2022-05-01T20:36:03","slug":"vizcaya","status":"publish","type":"page","link":"https:\/\/idecesos.com\/seguros\/companias\/eterna\/vizcaya\/","title":{"rendered":"Oficinas seguros de decesos Eterna en Vizcaya"},"content":{"rendered":"<div id=\"ez-toc-container\" class=\"ez-toc-v2_0_82_2 ez-toc-wrap-center counter-hierarchy ez-toc-counter ez-toc-custom ez-toc-container-direction\">\n<div class=\"ez-toc-title-container\">\n<p class=\"ez-toc-title\" style=\"cursor:inherit\">Tabla de Contenido<\/p>\n<span class=\"ez-toc-title-toggle\"><a href=\"#\" class=\"ez-toc-pull-right ez-toc-btn ez-toc-btn-xs ez-toc-btn-default ez-toc-toggle\" aria-label=\"Alternar tabla de contenidos\"><span class=\"ez-toc-js-icon-con\"><span class=\"\"><span class=\"eztoc-hide\" style=\"display:none;\">Toggle<\/span><span class=\"ez-toc-icon-toggle-span\"><svg style=\"fill: #db6415;color:#db6415\" xmlns=\"http:\/\/www.w3.org\/2000\/svg\" class=\"list-377408\" width=\"20px\" height=\"20px\" viewBox=\"0 0 24 24\" fill=\"none\"><path d=\"M6 6H4v2h2V6zm14 0H8v2h12V6zM4 11h2v2H4v-2zm16 0H8v2h12v-2zM4 16h2v2H4v-2zm16 0H8v2h12v-2z\" fill=\"currentColor\"><\/path><\/svg><svg style=\"fill: #db6415;color:#db6415\" class=\"arrow-unsorted-368013\" xmlns=\"http:\/\/www.w3.org\/2000\/svg\" width=\"10px\" height=\"10px\" viewBox=\"0 0 24 24\" version=\"1.2\" baseProfile=\"tiny\"><path d=\"M18.2 9.3l-6.2-6.3-6.2 6.3c-.2.2-.3.4-.3.7s.1.5.3.7c.2.2.4.3.7.3h11c.3 0 .5-.1.7-.3.2-.2.3-.5.3-.7s-.1-.5-.3-.7zM5.8 14.7l6.2 6.3 6.2-6.3c.2-.2.3-.5.3-.7s-.1-.5-.3-.7c-.2-.2-.4-.3-.7-.3h-11c-.3 0-.5.1-.7.3-.2.2-.3.5-.3.7s.1.5.3.7z\"\/><\/svg><\/span><\/span><\/span><\/a><\/span><\/div>\n<nav><ul class='ez-toc-list ez-toc-list-level-1 ' ><li class='ez-toc-page-1 ez-toc-heading-level-2'><a class=\"ez-toc-link ez-toc-heading-1\" href=\"https:\/\/idecesos.com\/seguros\/companias\/eterna\/vizcaya\/#Seguro_de_decesos_Eterna_en_Vizcaya\" >Seguro de decesos Eterna en Vizcaya<\/a><\/li><li class='ez-toc-page-1 ez-toc-heading-level-2'><a class=\"ez-toc-link ez-toc-heading-2\" href=\"https:\/\/idecesos.com\/seguros\/companias\/eterna\/vizcaya\/#Mapa_de_oficinas_de_seguros_Eterna_en_Vizcaya\" >Mapa de oficinas de seguros Eterna en Vizcaya<\/a><\/li><li class='ez-toc-page-1 ez-toc-heading-level-2'><a class=\"ez-toc-link ez-toc-heading-3\" href=\"https:\/\/idecesos.com\/seguros\/companias\/eterna\/vizcaya\/#Listado_de_sucursales_Eterna_en_Vizcaya\" >Listado de sucursales Eterna en Vizcaya<\/a><\/li><li class='ez-toc-page-1 ez-toc-heading-level-2'><a class=\"ez-toc-link ez-toc-heading-4\" href=\"https:\/\/idecesos.com\/seguros\/companias\/eterna\/vizcaya\/#Sucursales_de_seguros_de_decesos_en_Vizcaya\" >Sucursales de seguros de decesos en Vizcaya<\/a><ul class='ez-toc-list-level-3' ><li class='ez-toc-heading-level-3'><a class=\"ez-toc-link ez-toc-heading-5\" href=\"https:\/\/idecesos.com\/seguros\/companias\/eterna\/vizcaya\/#Listado_de_oficinas_Eterna_en_Espana\" >Listado de oficinas Eterna en Espa\u00f1a<\/a><\/li><li class='ez-toc-page-1 ez-toc-heading-level-3'><a class=\"ez-toc-link ez-toc-heading-6\" href=\"https:\/\/idecesos.com\/seguros\/companias\/eterna\/vizcaya\/#Paginas_relacionadas\" >P\u00e1ginas relacionadas<\/a><\/li><\/ul><\/li><\/ul><\/nav><\/div>\n<p><br \/>\n<a href=\"https:\/\/idecesos.com\/seguros\/companias\/eterna\/\"><img decoding=\"async\" class=\" alignleft\" src=\"https:\/\/idecesos.com\/seguros\/wp-content\/uploads\/2021\/10\/Diseno-sin-titulo-3-150x150.png\" alt=\"Seguro de decesos Eterna\" \/><\/a>Te dan calidad en servicio como en atenci\u00f3n, puedes acudir a sus diferentes sucursales de Eterna en Vizcaya. Cada horario cambiara seg\u00fan la temporada en que se encuentre. Es interesante conocer la localizaci\u00f3n de cada uno de ellos de ellos de Eterna en Vizcaya, para poder localizarlo a nuestra cercan\u00eda. Te solventaran todos y cada uno de los errores de una forma m\u00e1s sencilla. <\/p>\n<p>EMPRESA nos proporciona un servicio de calidad con car\u00e1cter m\u00e1s pr\u00f3ximo, con un nivel de comunicaci\u00f3n extraordinaria, merced a contar con su oficina. Es necesario saber d\u00f3nde localizarlo. Sin importar el momento, nos van a dar la calidad de prestaci\u00f3n muy elevada. Cuentas en todo instante de grandes especialistas cualificados, d\u00f3nde vas a poder obtener un presupuesto en el momento. <\/p>\n<p>Visita nuestra p\u00e1gina de <a href=\"https:\/\/idecesos.com\/seguros\/companias\/eterna\/\">seguros de decesos Eterna<\/a> para m\u00e1s informaci\u00f3n.<\/p>\n<div class=\"colorf \"  ><div class=\"container clearfix\"><div class=\"col-md-7\">\n<h2><span class=\"ez-toc-section\" id=\"Seguro_de_decesos_Eterna_en_Vizcaya\"><\/span>Seguro de decesos Eterna en Vizcaya<span class=\"ez-toc-section-end\"><\/span><\/h2>\n<p>Cuentas con <strong>distintas empresas aseguradoras en Vizcaya<\/strong> representamos una de los mejores servicios, donde notoriamente percibir\u00e1s la calidad exclusiva que damos a cada uno. Sabemos que es complicado obtener un presupuesto, donde cuesta comprender toda la informaci\u00f3n,  te obsequiamos la oportunidad de poder acceder de inmediato a pedir tu presupuesto de Eterna en Vizcaya, recibir\u00e1s la informaci\u00f3n solicitada en el instante ahorr\u00e1ndote tiempo en todo instante. <\/p>\n<p><strong>Ver m\u00e1s:<\/strong> <a href=\"https:\/\/idecesos.com\/seguros\/ciudades\/vizcaya\/\">Seguros de decesos en Vizcaya<\/a><\/p>\n<p>Cuentas con un formulario que te va a dar toda la informaci\u00f3n que precises o bien consideres oportunas. Pudiendo de esta forma solicitar cita previa para asistir presencialmente a las delegaciones pertinentes de Eterna en Vizcaya. Cuenta con la seguridad de que solo recibir\u00e1 la informaci\u00f3n que hayas requerido. El formulario esta desarrollado a fin de que tenga la informaci\u00f3n necesaria y sin ning\u00fan inconveniente a la hora de adquirir su cita anterior. Asegurando la seguridad de la administraci\u00f3n de sus datos. <\/p>\n<p><\/div><\/div><\/div>\n\t\t<hr class=\"separador\">\n\t\t<div class=\"bloque-accion\">\n\t\t<p class=\"txt-accion\">Calcula el precio de tu seguro de decesos en menos de 1 minuto<\/p>\n\t\t<a class=\"btn-accion\" href=\"https:\/\/idecesos.com\/\">CALCULAR<\/a>\n\t\t<\/div>\n\t\t<hr class=\"separador\">\n\t\t<\/p>\n<h2><span class=\"ez-toc-section\" id=\"Mapa_de_oficinas_de_seguros_Eterna_en_Vizcaya\"><\/span>Mapa de oficinas de seguros Eterna en Vizcaya<span class=\"ez-toc-section-end\"><\/span><\/h2>\n<p>\u00bfDe qu\u00e9 forma encontrar un <strong>mapa de oficinas de la Eterna en Vizcaya<\/strong>? Conoce como realizarlo, sin tardar m\u00e1s de un minuto en hallarlo. Con esto aprendemos ahorrar nuestro tiempo y gestionarlo de forma m\u00e1s eficiente a la hora de efectuar la b\u00fasqueda. Obteniendo d\u00e9 forma m\u00e1s vers\u00e1til posible. Cuentas con nuestro mejor aliado que es la fiabilidad como garant\u00eda en tu busca. <\/p>\n<p><iframe class=\"page-generator-pro-map\" width=\"100%\" height=\"400\" frameborder=\"0\" style=\"border:0\" src=\"https:\/\/www.google.com\/maps\/embed\/v1\/place?q=Bilbao%2C+Espa%C3%B1a&#038;zoom=14&#038;maptype=roadmap&#038;key=AIzaSyCNTEOso0tZG6YMSJFoaJEY5Th1stEWrJI\" allowfullscreen><\/iframe><\/p>\n<div class=\"colorf\"><div class=\"container clearfix\"><div class=\"col-md-7\"><div class=\"empresas\">\n<h2><span class=\"ez-toc-section\" id=\"Listado_de_sucursales_Eterna_en_Vizcaya\"><\/span>Listado de sucursales Eterna en Vizcaya<span class=\"ez-toc-section-end\"><\/span><\/h2>\n<ul>\n<li><strong>Compa\u00f1\u00eda de seguros Espa\u00f1a:<\/strong> 48001<\/li>\n<\/ul>\n<\/div><\/div><\/div><\/div>\n<h2><span class=\"ez-toc-section\" id=\"Sucursales_de_seguros_de_decesos_en_Vizcaya\"><\/span>Sucursales de seguros de decesos en Vizcaya<span class=\"ez-toc-section-end\"><\/span><\/h2>\n<p>Deseamos mostrarte con un sencillo paso el <strong>cat\u00e1logo de compa\u00f1\u00edas de seguros de decesos en Vizcaya<\/strong> donde encontrases toda la informaci\u00f3n necesaria, donde lo podr\u00e1s gestionar de forma m\u00e1s f\u00e1cil. Sera dif\u00edcil de asumir lo \u00fatil que es y del que encima obtendr\u00e1s todos los datos de gran importancia para ti. Para cuando m\u00e1s falta te haga, lo vas a tener disponible en cualquier tipo de circunstancias, sin precisar dudar tanto. Asegur\u00e1ndote unos resultados de un cien por ciento en tu busca y haci\u00e9ndolo m\u00e1s \u00fatilVas a tener en todo instante el conocimiento de las aseguradoras que se ubican en tu ubicaci\u00f3n. <\/p>\n<div class=\"colorf\"><div class=\"container clearfix\"><div class=\"col-md-7\"><div class=\"empresas\">\n<h3><span class=\"ez-toc-section\" id=\"Listado_de_oficinas_Eterna_en_Espana\"><\/span>Listado de oficinas Eterna en Espa\u00f1a<span class=\"ez-toc-section-end\"><\/span><\/h3>\n<p><!-- Shortcode [eterna-oficinas] does not exist --><\/div><\/div><\/div><\/div><\/p>\n<p><div class=\"oficinas\"><br \/>\n<h3><span class=\"ez-toc-section\" id=\"Paginas_relacionadas\"><\/span>P\u00e1ginas relacionadas<span class=\"ez-toc-section-end\"><\/span><\/h3><div class=\"enlazado\"><ul> <li><a href=\"https:\/\/idecesos.com\/seguros\/companias\/eterna\/opiniones\/\">Opiniones Eterna<\/a><\/li> <li><a href=\"https:\/\/idecesos.com\/seguros\/companias\/eterna\/precio\/\">Precio seguro Eterna<\/a><\/li> <li><a href=\"https:\/\/idecesos.com\/seguros\/companias\/eterna\/prima-mixta\/\">Eterna Prima Mixta<\/a><\/li> <li><a href=\"https:\/\/idecesos.com\/seguros\/companias\/eterna\/prima-natural\/\">Eterna Prima Natural<\/a><\/li> <li><a href=\"https:\/\/idecesos.com\/seguros\/companias\/eterna\/prima-nivelada\/\">Eterna Prima Nivelada<\/a><\/li> <li><a href=\"https:\/\/idecesos.com\/seguros\/companias\/eterna\/prima-unica\/\">Eterna Prima \u00danica<\/a><\/li> <li><a href=\"https:\/\/idecesos.com\/seguros\/companias\/eterna\/repatriacion\/\">Eterna Repatriaci\u00f3n<\/a><\/li> <li><a href=\"https:\/\/idecesos.com\/seguros\/companias\/eterna\/telefono\/\">Tel\u00e9fono Gratuito Eterna<\/a><\/li><\/ul><\/div><br \/>\n<\/div><\/p>\n","protected":false},"excerpt":{"rendered":"<p>Te dan calidad en servicio como en atenci\u00f3n, puedes acudir a sus diferentes sucursales de Eterna en Vizcaya. Cada horario cambiara seg\u00fan la temporada en que se encuentre. Es interesante conocer la localizaci\u00f3n de cada uno de ellos de ellos de Eterna en Vizcaya, para poder localizarlo a nuestra cercan\u00eda. Te solventaran todos y cada&hellip; <\/p>\n","protected":false},"author":0,"featured_media":0,"parent":5997,"menu_order":0,"comment_status":"closed","ping_status":"closed","template":"single.php","meta":{"footnotes":""},"class_list":["post-21199","page","type-page","status-publish","hentry"],"yoast_head":"<!-- This site is optimized with the Yoast SEO plugin v27.3 - https:\/\/yoast.com\/product\/yoast-seo-wordpress\/ -->\n<title>Oficinas Eterna en Vizcaya \u25b7Tel\u00e9fonos, Horarios, Direcci\u00f3n<\/title>\n<meta name=\"description\" content=\"Lista completa de Oficinas Eterna en Vizcaya Horarios, \u2706 tel\u00e9fonos y direcciones actualizados en 2026 \u2611\ufe0f Verificado por iDecesos.\" \/>\n<meta name=\"robots\" content=\"index, follow, max-snippet:-1, max-image-preview:large, max-video-preview:-1\" \/>\n<link rel=\"canonical\" href=\"https:\/\/idecesos.com\/seguros\/companias\/eterna\/vizcaya\/\" \/>\n<meta property=\"og:locale\" content=\"es_ES\" \/>\n<meta property=\"og:type\" content=\"article\" \/>\n<meta property=\"og:title\" content=\"Oficinas Eterna en Vizcaya \u25b7Tel\u00e9fonos, Horarios, Direcci\u00f3n\" \/>\n<meta property=\"og:description\" content=\"Lista completa de Oficinas Eterna en Vizcaya Horarios, \u2706 tel\u00e9fonos y direcciones actualizados en 2026 \u2611\ufe0f Verificado por iDecesos.\" \/>\n<meta property=\"og:url\" content=\"https:\/\/idecesos.com\/seguros\/companias\/eterna\/vizcaya\/\" \/>\n<meta property=\"og:image\" content=\"https:\/\/idecesos.com\/seguros\/wp-content\/uploads\/2021\/10\/Diseno-sin-titulo-3-150x150.png\" \/>\n<meta name=\"twitter:card\" content=\"summary_large_image\" \/>\n<meta name=\"twitter:label1\" content=\"Tiempo de lectura\" \/>\n\t<meta name=\"twitter:data1\" content=\"39 minutos\" \/>\n<script type=\"application\/ld+json\" class=\"yoast-schema-graph\">{\"@context\":\"https:\\\/\\\/schema.org\",\"@graph\":[{\"@type\":\"WebPage\",\"@id\":\"https:\\\/\\\/idecesos.com\\\/seguros\\\/companias\\\/eterna\\\/vizcaya\\\/\",\"url\":\"https:\\\/\\\/idecesos.com\\\/seguros\\\/companias\\\/eterna\\\/vizcaya\\\/\",\"name\":\"Oficinas Eterna en Vizcaya \u25b7Tel\u00e9fonos, Horarios, Direcci\u00f3n\",\"isPartOf\":{\"@id\":\"https:\\\/\\\/idecesos.com\\\/seguros\\\/#website\"},\"primaryImageOfPage\":{\"@id\":\"https:\\\/\\\/idecesos.com\\\/seguros\\\/companias\\\/eterna\\\/vizcaya\\\/#primaryimage\"},\"image\":{\"@id\":\"https:\\\/\\\/idecesos.com\\\/seguros\\\/companias\\\/eterna\\\/vizcaya\\\/#primaryimage\"},\"thumbnailUrl\":\"https:\\\/\\\/idecesos.com\\\/seguros\\\/wp-content\\\/uploads\\\/2021\\\/10\\\/Diseno-sin-titulo-3-150x150.png\",\"datePublished\":\"2022-05-01T20:36:03+00:00\",\"description\":\"Lista completa de Oficinas Eterna en Vizcaya Horarios, \u2706 tel\u00e9fonos y direcciones actualizados en 2026 \u2611\ufe0f Verificado por iDecesos.\",\"breadcrumb\":{\"@id\":\"https:\\\/\\\/idecesos.com\\\/seguros\\\/companias\\\/eterna\\\/vizcaya\\\/#breadcrumb\"},\"inLanguage\":\"es\",\"potentialAction\":[{\"@type\":\"ReadAction\",\"target\":[\"https:\\\/\\\/idecesos.com\\\/seguros\\\/companias\\\/eterna\\\/vizcaya\\\/\"]}]},{\"@type\":\"ImageObject\",\"inLanguage\":\"es\",\"@id\":\"https:\\\/\\\/idecesos.com\\\/seguros\\\/companias\\\/eterna\\\/vizcaya\\\/#primaryimage\",\"url\":\"https:\\\/\\\/idecesos.com\\\/seguros\\\/wp-content\\\/uploads\\\/2021\\\/10\\\/Diseno-sin-titulo-3.png\",\"contentUrl\":\"https:\\\/\\\/idecesos.com\\\/seguros\\\/wp-content\\\/uploads\\\/2021\\\/10\\\/Diseno-sin-titulo-3.png\",\"width\":200,\"height\":200},{\"@type\":\"BreadcrumbList\",\"@id\":\"https:\\\/\\\/idecesos.com\\\/seguros\\\/companias\\\/eterna\\\/vizcaya\\\/#breadcrumb\",\"itemListElement\":[{\"@type\":\"ListItem\",\"position\":1,\"name\":\"Portada\",\"item\":\"https:\\\/\\\/idecesos.com\\\/seguros\\\/\"},{\"@type\":\"ListItem\",\"position\":2,\"name\":\"Compa\u00f1\u00edas de Seguros de Decesos en Espa\u00f1a\",\"item\":\"https:\\\/\\\/idecesos.com\\\/seguros\\\/companias\\\/\"},{\"@type\":\"ListItem\",\"position\":3,\"name\":\"Seguro de Decesos Eterna\",\"item\":\"https:\\\/\\\/idecesos.com\\\/seguros\\\/companias\\\/eterna\\\/\"},{\"@type\":\"ListItem\",\"position\":4,\"name\":\"Oficinas seguros de decesos Eterna en Vizcaya\"}]},{\"@type\":\"WebSite\",\"@id\":\"https:\\\/\\\/idecesos.com\\\/seguros\\\/#website\",\"url\":\"https:\\\/\\\/idecesos.com\\\/seguros\\\/\",\"name\":\"\",\"description\":\"\",\"potentialAction\":[{\"@type\":\"SearchAction\",\"target\":{\"@type\":\"EntryPoint\",\"urlTemplate\":\"https:\\\/\\\/idecesos.com\\\/seguros\\\/?s={search_term_string}\"},\"query-input\":{\"@type\":\"PropertyValueSpecification\",\"valueRequired\":true,\"valueName\":\"search_term_string\"}}],\"inLanguage\":\"es\"}]}<\/script>\n<!-- \/ Yoast SEO plugin. -->","yoast_head_json":{"title":"Oficinas Eterna en Vizcaya \u25b7Tel\u00e9fonos, Horarios, Direcci\u00f3n","description":"Lista completa de Oficinas Eterna en Vizcaya Horarios, \u2706 tel\u00e9fonos y direcciones actualizados en 2026 \u2611\ufe0f Verificado por iDecesos.","robots":{"index":"index","follow":"follow","max-snippet":"max-snippet:-1","max-image-preview":"max-image-preview:large","max-video-preview":"max-video-preview:-1"},"canonical":"https:\/\/idecesos.com\/seguros\/companias\/eterna\/vizcaya\/","og_locale":"es_ES","og_type":"article","og_title":"Oficinas Eterna en Vizcaya \u25b7Tel\u00e9fonos, Horarios, Direcci\u00f3n","og_description":"Lista completa de Oficinas Eterna en Vizcaya Horarios, \u2706 tel\u00e9fonos y direcciones actualizados en 2026 \u2611\ufe0f Verificado por iDecesos.","og_url":"https:\/\/idecesos.com\/seguros\/companias\/eterna\/vizcaya\/","og_image":[{"url":"https:\/\/idecesos.com\/seguros\/wp-content\/uploads\/2021\/10\/Diseno-sin-titulo-3-150x150.png","type":"","width":"","height":""}],"twitter_card":"summary_large_image","twitter_misc":{"Tiempo de lectura":"39 minutos"},"schema":{"@context":"https:\/\/schema.org","@graph":[{"@type":"WebPage","@id":"https:\/\/idecesos.com\/seguros\/companias\/eterna\/vizcaya\/","url":"https:\/\/idecesos.com\/seguros\/companias\/eterna\/vizcaya\/","name":"Oficinas Eterna en Vizcaya \u25b7Tel\u00e9fonos, Horarios, Direcci\u00f3n","isPartOf":{"@id":"https:\/\/idecesos.com\/seguros\/#website"},"primaryImageOfPage":{"@id":"https:\/\/idecesos.com\/seguros\/companias\/eterna\/vizcaya\/#primaryimage"},"image":{"@id":"https:\/\/idecesos.com\/seguros\/companias\/eterna\/vizcaya\/#primaryimage"},"thumbnailUrl":"https:\/\/idecesos.com\/seguros\/wp-content\/uploads\/2021\/10\/Diseno-sin-titulo-3-150x150.png","datePublished":"2022-05-01T20:36:03+00:00","description":"Lista completa de Oficinas Eterna en Vizcaya Horarios, \u2706 tel\u00e9fonos y direcciones actualizados en 2026 \u2611\ufe0f Verificado por iDecesos.","breadcrumb":{"@id":"https:\/\/idecesos.com\/seguros\/companias\/eterna\/vizcaya\/#breadcrumb"},"inLanguage":"es","potentialAction":[{"@type":"ReadAction","target":["https:\/\/idecesos.com\/seguros\/companias\/eterna\/vizcaya\/"]}]},{"@type":"ImageObject","inLanguage":"es","@id":"https:\/\/idecesos.com\/seguros\/companias\/eterna\/vizcaya\/#primaryimage","url":"https:\/\/idecesos.com\/seguros\/wp-content\/uploads\/2021\/10\/Diseno-sin-titulo-3.png","contentUrl":"https:\/\/idecesos.com\/seguros\/wp-content\/uploads\/2021\/10\/Diseno-sin-titulo-3.png","width":200,"height":200},{"@type":"BreadcrumbList","@id":"https:\/\/idecesos.com\/seguros\/companias\/eterna\/vizcaya\/#breadcrumb","itemListElement":[{"@type":"ListItem","position":1,"name":"Portada","item":"https:\/\/idecesos.com\/seguros\/"},{"@type":"ListItem","position":2,"name":"Compa\u00f1\u00edas de Seguros de Decesos en Espa\u00f1a","item":"https:\/\/idecesos.com\/seguros\/companias\/"},{"@type":"ListItem","position":3,"name":"Seguro de Decesos Eterna","item":"https:\/\/idecesos.com\/seguros\/companias\/eterna\/"},{"@type":"ListItem","position":4,"name":"Oficinas seguros de decesos Eterna en Vizcaya"}]},{"@type":"WebSite","@id":"https:\/\/idecesos.com\/seguros\/#website","url":"https:\/\/idecesos.com\/seguros\/","name":"","description":"","potentialAction":[{"@type":"SearchAction","target":{"@type":"EntryPoint","urlTemplate":"https:\/\/idecesos.com\/seguros\/?s={search_term_string}"},"query-input":{"@type":"PropertyValueSpecification","valueRequired":true,"valueName":"search_term_string"}}],"inLanguage":"es"}]}},"_links":{"self":[{"href":"https:\/\/idecesos.com\/seguros\/wp-json\/wp\/v2\/pages\/21199","targetHints":{"allow":["GET"]}}],"collection":[{"href":"https:\/\/idecesos.com\/seguros\/wp-json\/wp\/v2\/pages"}],"about":[{"href":"https:\/\/idecesos.com\/seguros\/wp-json\/wp\/v2\/types\/page"}],"replies":[{"embeddable":true,"href":"https:\/\/idecesos.com\/seguros\/wp-json\/wp\/v2\/comments?post=21199"}],"version-history":[{"count":0,"href":"https:\/\/idecesos.com\/seguros\/wp-json\/wp\/v2\/pages\/21199\/revisions"}],"up":[{"embeddable":true,"href":"https:\/\/idecesos.com\/seguros\/wp-json\/wp\/v2\/pages\/5997"}],"wp:attachment":[{"href":"https:\/\/idecesos.com\/seguros\/wp-json\/wp\/v2\/media?parent=21199"}],"curies":[{"name":"wp","href":"https:\/\/api.w.org\/{rel}","templated":true}]}}