{"id":21207,"date":"2022-05-01T20:36:09","date_gmt":"2022-05-01T20:36:09","guid":{"rendered":"https:\/\/idecesos.com\/seguros\/companias\/liberty\/almeria\/"},"modified":"2022-05-01T20:36:09","modified_gmt":"2022-05-01T20:36:09","slug":"almeria","status":"publish","type":"page","link":"https:\/\/idecesos.com\/seguros\/companias\/liberty\/almeria\/","title":{"rendered":"Oficinas seguros de decesos Liberty en Almer\u00eda"},"content":{"rendered":"<div id=\"ez-toc-container\" class=\"ez-toc-v2_0_82_2 ez-toc-wrap-center counter-hierarchy ez-toc-counter ez-toc-custom ez-toc-container-direction\">\n<div class=\"ez-toc-title-container\">\n<p class=\"ez-toc-title\" style=\"cursor:inherit\">Tabla de Contenido<\/p>\n<span class=\"ez-toc-title-toggle\"><a href=\"#\" class=\"ez-toc-pull-right ez-toc-btn ez-toc-btn-xs ez-toc-btn-default ez-toc-toggle\" aria-label=\"Alternar tabla de contenidos\"><span class=\"ez-toc-js-icon-con\"><span class=\"\"><span class=\"eztoc-hide\" style=\"display:none;\">Toggle<\/span><span class=\"ez-toc-icon-toggle-span\"><svg style=\"fill: #db6415;color:#db6415\" xmlns=\"http:\/\/www.w3.org\/2000\/svg\" class=\"list-377408\" width=\"20px\" height=\"20px\" viewBox=\"0 0 24 24\" fill=\"none\"><path d=\"M6 6H4v2h2V6zm14 0H8v2h12V6zM4 11h2v2H4v-2zm16 0H8v2h12v-2zM4 16h2v2H4v-2zm16 0H8v2h12v-2z\" fill=\"currentColor\"><\/path><\/svg><svg style=\"fill: #db6415;color:#db6415\" class=\"arrow-unsorted-368013\" xmlns=\"http:\/\/www.w3.org\/2000\/svg\" width=\"10px\" height=\"10px\" viewBox=\"0 0 24 24\" version=\"1.2\" baseProfile=\"tiny\"><path d=\"M18.2 9.3l-6.2-6.3-6.2 6.3c-.2.2-.3.4-.3.7s.1.5.3.7c.2.2.4.3.7.3h11c.3 0 .5-.1.7-.3.2-.2.3-.5.3-.7s-.1-.5-.3-.7zM5.8 14.7l6.2 6.3 6.2-6.3c.2-.2.3-.5.3-.7s-.1-.5-.3-.7c-.2-.2-.4-.3-.7-.3h-11c-.3 0-.5.1-.7.3-.2.2-.3.5-.3.7s.1.5.3.7z\"\/><\/svg><\/span><\/span><\/span><\/a><\/span><\/div>\n<nav><ul class='ez-toc-list ez-toc-list-level-1 ' ><li class='ez-toc-page-1 ez-toc-heading-level-2'><a class=\"ez-toc-link ez-toc-heading-1\" href=\"https:\/\/idecesos.com\/seguros\/companias\/liberty\/almeria\/#Seguro_de_decesos_Liberty_en_Almeria\" >Seguro de decesos Liberty en Almer\u00eda<\/a><\/li><li class='ez-toc-page-1 ez-toc-heading-level-2'><a class=\"ez-toc-link ez-toc-heading-2\" href=\"https:\/\/idecesos.com\/seguros\/companias\/liberty\/almeria\/#Mapa_de_agencias_de_seguros_Liberty_en_Almeria\" >Mapa de agencias de seguros Liberty en Almer\u00eda<\/a><\/li><li class='ez-toc-page-1 ez-toc-heading-level-2'><a class=\"ez-toc-link ez-toc-heading-3\" href=\"https:\/\/idecesos.com\/seguros\/companias\/liberty\/almeria\/#Listado_de_agencias_Liberty_en_Almeria\" >Listado de agencias Liberty en Almer\u00eda<\/a><\/li><li class='ez-toc-page-1 ez-toc-heading-level-2'><a class=\"ez-toc-link ez-toc-heading-4\" href=\"https:\/\/idecesos.com\/seguros\/companias\/liberty\/almeria\/#Oficinas_de_seguros_de_decesos_en_Almeria\" >Oficinas de seguros de decesos en Almer\u00eda<\/a><ul class='ez-toc-list-level-3' ><li class='ez-toc-heading-level-3'><a class=\"ez-toc-link ez-toc-heading-5\" href=\"https:\/\/idecesos.com\/seguros\/companias\/liberty\/almeria\/#Listado_de_oficinas_Liberty_en_Espana\" >Listado de oficinas Liberty en Espa\u00f1a<\/a><\/li><li class='ez-toc-page-1 ez-toc-heading-level-3'><a class=\"ez-toc-link ez-toc-heading-6\" href=\"https:\/\/idecesos.com\/seguros\/companias\/liberty\/almeria\/#Paginas_relacionadas\" >P\u00e1ginas relacionadas<\/a><\/li><\/ul><\/li><\/ul><\/nav><\/div>\n<p><br \/>\n<a href=\"https:\/\/idecesos.com\/seguros\/companias\/liberty\/\"><img decoding=\"async\" class=\" alignleft\" src=\"https:\/\/idecesos.com\/seguros\/wp-content\/uploads\/2021\/10\/Disen%CC%83o-sin-ti%CC%81tulo-14-1-150x150.png\" alt=\"Seguro de decesos Liberty\" \/><\/a>Cuentas con distintas sucursales de Liberty en Almer\u00eda recibiendo en todo instante un asesoramiento detallado con una atenci\u00f3n muy personal. En cual vas a poder acudir dentro de sus horarios marcados. Es de suma importancia saber d\u00f3nde se encuentran ubicados cada oficina de Liberty a nuestra proximidad Almer\u00eda. Resolver\u00e1n cualquier problema, gestion\u00e1ndolo por un instante. <\/p>\n<p>\u00bfDeseas calidad en el servicio, evitando problemas? por esta raz\u00f3n te ense\u00f1amos las ubicaciones de cada <strong>oficina de Liberty<\/strong> en Almer\u00eda lo m\u00e1s cerca de ti. Administran tus cuestiones de manera instant\u00e1nea, con su p\u00f3liza le aseguran un servicio cualificado y especializado. Cada oficina de Liberty en Almer\u00eda cuenta con sus ventajas resaltables que juegan una parte esencial en el proceso. <\/p>\n<p>Visita nuestra p\u00e1gina de <a href=\"https:\/\/idecesos.com\/seguros\/companias\/liberty\/\">seguros de decesos Liberty<\/a> para m\u00e1s informaci\u00f3n.<\/p>\n<div class=\"colorf \"  ><div class=\"container clearfix\"><div class=\"col-md-7\">\n<h2><span class=\"ez-toc-section\" id=\"Seguro_de_decesos_Liberty_en_Almeria\"><\/span>Seguro de decesos Liberty en Almer\u00eda<span class=\"ez-toc-section-end\"><\/span><\/h2>\n<p>Prevenir los fallos que puedan ocasionar o surgir durante la administraci\u00f3n documentaria. Te damos esa tranquilidad de que nunca suceder\u00e1. Teniendo en cuenta que cubren sus deseos en la coyuntura que se encuentre. Servicio de delegaciones de Liberty en Almer\u00eda va direccionado para aquellas personas que precisen solucionar de forma eficaz cualquier administraci\u00f3n a este respecto y se haga de manera inmediata. Quedara cubierto todas y cada una de las dudas que tenga y quedado solventado sus problemas de forma m\u00e1s sencilla. <\/p>\n<p><strong>Ver m\u00e1s:<\/strong> <a href=\"https:\/\/idecesos.com\/seguros\/ciudades\/almeria\/\">Seguros de decesos en Almer\u00eda<\/a><\/p>\n<p>Como aseguradora nos ocupamos de tu calma y la de tus seres allegados, por ello hemos querido que en Almer\u00eda, tengas los mejores servicios de calidad amoldados para satisfacer tus necesidades y queden cubiertos. Queremos que dispongas de esta alternativa de poder solventar tus dudas o pedir cita en cuesti\u00f3n de segundos.<br \/>\nSolucionar tus dudas de Liberty nunca hab\u00eda sido tan sencillo. \u00bfTe cuesta lograr las contestaciones? nosotros te la damos de manera inmediata y concreta. Merced al formulario creado para ti vas a poder optar a tener tu cita o un presupuesto a tus medidas. Te lo ponemos poco a poco m\u00e1s simple, evit\u00e1ndote cualquier inconveniente que pueda surgir. <\/p>\n<p><\/div><\/div><\/div>\n\t\t<hr class=\"separador\">\n\t\t<div class=\"bloque-accion\">\n\t\t<p class=\"txt-accion\">Calcula el precio de tu seguro de decesos en menos de 1 minuto<\/p>\n\t\t<a class=\"btn-accion\" href=\"https:\/\/idecesos.com\/\">CALCULAR<\/a>\n\t\t<\/div>\n\t\t<hr class=\"separador\">\n\t\t<\/p>\n<h2><span class=\"ez-toc-section\" id=\"Mapa_de_agencias_de_seguros_Liberty_en_Almeria\"><\/span>Mapa de agencias de seguros Liberty en Almer\u00eda<span class=\"ez-toc-section-end\"><\/span><\/h2>\n<p>\u00bfC\u00f3mo encontrar un <strong>mapa de oficinas de la Liberty en Almer\u00eda<\/strong>? Conoce como efectuarlo, sin tardar m\u00e1s de un minuto en encontrarlo. Con ello aprendemos ahorrar nuestro tiempo y administrarlo de forma m\u00e1s eficiente a la hora de realizar la busca. Consiguiendo d\u00e9 manera m\u00e1s polivalente posible. Te damos garant\u00eda como calidad en el momento de tu busca. <\/p>\n<p><iframe class=\"page-generator-pro-map\" width=\"100%\" height=\"400\" frameborder=\"0\" style=\"border:0\" src=\"https:\/\/www.google.com\/maps\/embed\/v1\/place?q=Moj%C3%A1car%2C+Espa%C3%B1a&#038;zoom=14&#038;maptype=roadmap&#038;key=AIzaSyCNTEOso0tZG6YMSJFoaJEY5Th1stEWrJI\" allowfullscreen><\/iframe><\/p>\n<div class=\"colorf\"><div class=\"container clearfix\"><div class=\"col-md-7\"><div class=\"empresas\">\n<h2><span class=\"ez-toc-section\" id=\"Listado_de_agencias_Liberty_en_Almeria\"><\/span>Listado de agencias Liberty en Almer\u00eda<span class=\"ez-toc-section-end\"><\/span><\/h2>\n<ul>\n<li><strong>Compa\u00f1\u00eda de seguros Espa\u00f1a:<\/strong> 04638<\/li>\n<\/ul>\n<\/div><\/div><\/div><\/div>\n<h2><span class=\"ez-toc-section\" id=\"Oficinas_de_seguros_de_decesos_en_Almeria\"><\/span>Oficinas de seguros de decesos en Almer\u00eda<span class=\"ez-toc-section-end\"><\/span><\/h2>\n<p>\u00bfDeseas conocer el cat\u00e1logo de seguros de decesos en Almer\u00eda? te lo damos de manera gratis y f\u00e1cil evit\u00e1ndote todas y cada una dificultades que puedas llegar a tener. No solo cuentas con eso, tambi\u00e9n tendr\u00e1s la informaci\u00f3n referente a cada uno de ellos de ellos. \u00bfQu\u00e9 ocurre si doy clic? Tendr\u00e1s a tu predisposici\u00f3n las respuestas a sus inconvenientes. Te lo hemos puesto tan sencillo, que nunca dudaras de nuestro trabajo. <\/p>\n<div class=\"colorf\"><div class=\"container clearfix\"><div class=\"col-md-7\"><div class=\"empresas\">\n<h3><span class=\"ez-toc-section\" id=\"Listado_de_oficinas_Liberty_en_Espana\"><\/span>Listado de oficinas Liberty en Espa\u00f1a<span class=\"ez-toc-section-end\"><\/span><\/h3>\n<p><!-- Shortcode [liberty-oficinas] does not exist --><\/div><\/div><\/div><\/div><\/p>\n<p><div class=\"oficinas\"><br \/>\n<h3><span class=\"ez-toc-section\" id=\"Paginas_relacionadas\"><\/span>P\u00e1ginas relacionadas<span class=\"ez-toc-section-end\"><\/span><\/h3><div class=\"enlazado\"><ul> <li><a href=\"https:\/\/idecesos.com\/seguros\/companias\/liberty\/dental\/\">Liberty Dental<\/a><\/li> <li><a href=\"https:\/\/idecesos.com\/seguros\/companias\/liberty\/opiniones\/\">Opiniones Liberty<\/a><\/li> <li><a href=\"https:\/\/idecesos.com\/seguros\/companias\/liberty\/precio\/\">Precio seguro Liberty<\/a><\/li> <li><a href=\"https:\/\/idecesos.com\/seguros\/companias\/liberty\/prima-mixta\/\">Liberty Prima Mixta<\/a><\/li> <li><a href=\"https:\/\/idecesos.com\/seguros\/companias\/liberty\/prima-natural\/\">Liberty Prima Natural<\/a><\/li> <li><a href=\"https:\/\/idecesos.com\/seguros\/companias\/liberty\/prima-nivelada\/\">Liberty Prima Nivelada<\/a><\/li> <li><a href=\"https:\/\/idecesos.com\/seguros\/companias\/liberty\/prima-unica\/\">Liberty Prima \u00danica<\/a><\/li> <li><a href=\"https:\/\/idecesos.com\/seguros\/companias\/liberty\/repatriacion\/\">Liberty Repatriaci\u00f3n<\/a><\/li> <li><a href=\"https:\/\/idecesos.com\/seguros\/companias\/liberty\/telefono\/\">Tel\u00e9fono Gratuito Liberty<\/a><\/li><\/ul><\/div><br \/>\n<\/div><\/p>\n","protected":false},"excerpt":{"rendered":"<p>Cuentas con distintas sucursales de Liberty en Almer\u00eda recibiendo en todo instante un asesoramiento detallado con una atenci\u00f3n muy personal. En cual vas a poder acudir dentro de sus horarios marcados. Es de suma importancia saber d\u00f3nde se encuentran ubicados cada oficina de Liberty a nuestra proximidad Almer\u00eda. Resolver\u00e1n cualquier problema, gestion\u00e1ndolo por un instante.&hellip; <\/p>\n","protected":false},"author":0,"featured_media":0,"parent":403,"menu_order":0,"comment_status":"closed","ping_status":"closed","template":"single.php","meta":{"footnotes":""},"class_list":["post-21207","page","type-page","status-publish","hentry"],"yoast_head":"<!-- This site is optimized with the Yoast SEO plugin v27.3 - https:\/\/yoast.com\/product\/yoast-seo-wordpress\/ -->\n<title>Oficinas Liberty en Almer\u00eda \u25b7Tel\u00e9fonos, Horarios, Direcci\u00f3n<\/title>\n<meta name=\"description\" content=\"Lista completa de Oficinas Liberty en Almer\u00eda Horarios, \u2706 tel\u00e9fonos y direcciones actualizados en 2026 \u2611\ufe0f Verificado por iDecesos.\" \/>\n<meta name=\"robots\" content=\"index, follow, max-snippet:-1, max-image-preview:large, max-video-preview:-1\" \/>\n<link rel=\"canonical\" href=\"https:\/\/idecesos.com\/seguros\/companias\/liberty\/almeria\/\" \/>\n<meta property=\"og:locale\" content=\"es_ES\" \/>\n<meta property=\"og:type\" content=\"article\" \/>\n<meta property=\"og:title\" content=\"Oficinas Liberty en Almer\u00eda \u25b7Tel\u00e9fonos, Horarios, Direcci\u00f3n\" \/>\n<meta property=\"og:description\" content=\"Lista completa de Oficinas Liberty en Almer\u00eda Horarios, \u2706 tel\u00e9fonos y direcciones actualizados en 2026 \u2611\ufe0f Verificado por iDecesos.\" \/>\n<meta property=\"og:url\" content=\"https:\/\/idecesos.com\/seguros\/companias\/liberty\/almeria\/\" \/>\n<meta property=\"og:image\" content=\"https:\/\/idecesos.com\/seguros\/wp-content\/uploads\/2021\/10\/Disen%CC%83o-sin-ti%CC%81tulo-14-1-150x150.png\" \/>\n<meta name=\"twitter:card\" content=\"summary_large_image\" \/>\n<meta name=\"twitter:label1\" content=\"Tiempo de lectura\" \/>\n\t<meta name=\"twitter:data1\" content=\"39 minutos\" \/>\n<script type=\"application\/ld+json\" class=\"yoast-schema-graph\">{\"@context\":\"https:\\\/\\\/schema.org\",\"@graph\":[{\"@type\":\"WebPage\",\"@id\":\"https:\\\/\\\/idecesos.com\\\/seguros\\\/companias\\\/liberty\\\/almeria\\\/\",\"url\":\"https:\\\/\\\/idecesos.com\\\/seguros\\\/companias\\\/liberty\\\/almeria\\\/\",\"name\":\"Oficinas Liberty en Almer\u00eda \u25b7Tel\u00e9fonos, Horarios, Direcci\u00f3n\",\"isPartOf\":{\"@id\":\"https:\\\/\\\/idecesos.com\\\/seguros\\\/#website\"},\"primaryImageOfPage\":{\"@id\":\"https:\\\/\\\/idecesos.com\\\/seguros\\\/companias\\\/liberty\\\/almeria\\\/#primaryimage\"},\"image\":{\"@id\":\"https:\\\/\\\/idecesos.com\\\/seguros\\\/companias\\\/liberty\\\/almeria\\\/#primaryimage\"},\"thumbnailUrl\":\"https:\\\/\\\/idecesos.com\\\/seguros\\\/wp-content\\\/uploads\\\/2021\\\/10\\\/Disen%CC%83o-sin-ti%CC%81tulo-14-1-150x150.png\",\"datePublished\":\"2022-05-01T20:36:09+00:00\",\"description\":\"Lista completa de Oficinas Liberty en Almer\u00eda Horarios, \u2706 tel\u00e9fonos y direcciones actualizados en 2026 \u2611\ufe0f Verificado por iDecesos.\",\"breadcrumb\":{\"@id\":\"https:\\\/\\\/idecesos.com\\\/seguros\\\/companias\\\/liberty\\\/almeria\\\/#breadcrumb\"},\"inLanguage\":\"es\",\"potentialAction\":[{\"@type\":\"ReadAction\",\"target\":[\"https:\\\/\\\/idecesos.com\\\/seguros\\\/companias\\\/liberty\\\/almeria\\\/\"]}]},{\"@type\":\"ImageObject\",\"inLanguage\":\"es\",\"@id\":\"https:\\\/\\\/idecesos.com\\\/seguros\\\/companias\\\/liberty\\\/almeria\\\/#primaryimage\",\"url\":\"https:\\\/\\\/idecesos.com\\\/seguros\\\/wp-content\\\/uploads\\\/2021\\\/10\\\/Disen%CC%83o-sin-ti%CC%81tulo-14-1-150x150.png\",\"contentUrl\":\"https:\\\/\\\/idecesos.com\\\/seguros\\\/wp-content\\\/uploads\\\/2021\\\/10\\\/Disen%CC%83o-sin-ti%CC%81tulo-14-1-150x150.png\"},{\"@type\":\"BreadcrumbList\",\"@id\":\"https:\\\/\\\/idecesos.com\\\/seguros\\\/companias\\\/liberty\\\/almeria\\\/#breadcrumb\",\"itemListElement\":[{\"@type\":\"ListItem\",\"position\":1,\"name\":\"Portada\",\"item\":\"https:\\\/\\\/idecesos.com\\\/seguros\\\/\"},{\"@type\":\"ListItem\",\"position\":2,\"name\":\"Compa\u00f1\u00edas de Seguros de Decesos en Espa\u00f1a\",\"item\":\"https:\\\/\\\/idecesos.com\\\/seguros\\\/companias\\\/\"},{\"@type\":\"ListItem\",\"position\":3,\"name\":\"Seguro de decesos Liberty\",\"item\":\"https:\\\/\\\/idecesos.com\\\/seguros\\\/companias\\\/liberty\\\/\"},{\"@type\":\"ListItem\",\"position\":4,\"name\":\"Oficinas seguros de decesos Liberty en Almer\u00eda\"}]},{\"@type\":\"WebSite\",\"@id\":\"https:\\\/\\\/idecesos.com\\\/seguros\\\/#website\",\"url\":\"https:\\\/\\\/idecesos.com\\\/seguros\\\/\",\"name\":\"\",\"description\":\"\",\"potentialAction\":[{\"@type\":\"SearchAction\",\"target\":{\"@type\":\"EntryPoint\",\"urlTemplate\":\"https:\\\/\\\/idecesos.com\\\/seguros\\\/?s={search_term_string}\"},\"query-input\":{\"@type\":\"PropertyValueSpecification\",\"valueRequired\":true,\"valueName\":\"search_term_string\"}}],\"inLanguage\":\"es\"}]}<\/script>\n<!-- \/ Yoast SEO plugin. -->","yoast_head_json":{"title":"Oficinas Liberty en Almer\u00eda \u25b7Tel\u00e9fonos, Horarios, Direcci\u00f3n","description":"Lista completa de Oficinas Liberty en Almer\u00eda Horarios, \u2706 tel\u00e9fonos y direcciones actualizados en 2026 \u2611\ufe0f Verificado por iDecesos.","robots":{"index":"index","follow":"follow","max-snippet":"max-snippet:-1","max-image-preview":"max-image-preview:large","max-video-preview":"max-video-preview:-1"},"canonical":"https:\/\/idecesos.com\/seguros\/companias\/liberty\/almeria\/","og_locale":"es_ES","og_type":"article","og_title":"Oficinas Liberty en Almer\u00eda \u25b7Tel\u00e9fonos, Horarios, Direcci\u00f3n","og_description":"Lista completa de Oficinas Liberty en Almer\u00eda Horarios, \u2706 tel\u00e9fonos y direcciones actualizados en 2026 \u2611\ufe0f Verificado por iDecesos.","og_url":"https:\/\/idecesos.com\/seguros\/companias\/liberty\/almeria\/","og_image":[{"url":"https:\/\/idecesos.com\/seguros\/wp-content\/uploads\/2021\/10\/Disen%CC%83o-sin-ti%CC%81tulo-14-1-150x150.png","type":"","width":"","height":""}],"twitter_card":"summary_large_image","twitter_misc":{"Tiempo de lectura":"39 minutos"},"schema":{"@context":"https:\/\/schema.org","@graph":[{"@type":"WebPage","@id":"https:\/\/idecesos.com\/seguros\/companias\/liberty\/almeria\/","url":"https:\/\/idecesos.com\/seguros\/companias\/liberty\/almeria\/","name":"Oficinas Liberty en Almer\u00eda \u25b7Tel\u00e9fonos, Horarios, Direcci\u00f3n","isPartOf":{"@id":"https:\/\/idecesos.com\/seguros\/#website"},"primaryImageOfPage":{"@id":"https:\/\/idecesos.com\/seguros\/companias\/liberty\/almeria\/#primaryimage"},"image":{"@id":"https:\/\/idecesos.com\/seguros\/companias\/liberty\/almeria\/#primaryimage"},"thumbnailUrl":"https:\/\/idecesos.com\/seguros\/wp-content\/uploads\/2021\/10\/Disen%CC%83o-sin-ti%CC%81tulo-14-1-150x150.png","datePublished":"2022-05-01T20:36:09+00:00","description":"Lista completa de Oficinas Liberty en Almer\u00eda Horarios, \u2706 tel\u00e9fonos y direcciones actualizados en 2026 \u2611\ufe0f Verificado por iDecesos.","breadcrumb":{"@id":"https:\/\/idecesos.com\/seguros\/companias\/liberty\/almeria\/#breadcrumb"},"inLanguage":"es","potentialAction":[{"@type":"ReadAction","target":["https:\/\/idecesos.com\/seguros\/companias\/liberty\/almeria\/"]}]},{"@type":"ImageObject","inLanguage":"es","@id":"https:\/\/idecesos.com\/seguros\/companias\/liberty\/almeria\/#primaryimage","url":"https:\/\/idecesos.com\/seguros\/wp-content\/uploads\/2021\/10\/Disen%CC%83o-sin-ti%CC%81tulo-14-1-150x150.png","contentUrl":"https:\/\/idecesos.com\/seguros\/wp-content\/uploads\/2021\/10\/Disen%CC%83o-sin-ti%CC%81tulo-14-1-150x150.png"},{"@type":"BreadcrumbList","@id":"https:\/\/idecesos.com\/seguros\/companias\/liberty\/almeria\/#breadcrumb","itemListElement":[{"@type":"ListItem","position":1,"name":"Portada","item":"https:\/\/idecesos.com\/seguros\/"},{"@type":"ListItem","position":2,"name":"Compa\u00f1\u00edas de Seguros de Decesos en Espa\u00f1a","item":"https:\/\/idecesos.com\/seguros\/companias\/"},{"@type":"ListItem","position":3,"name":"Seguro de decesos Liberty","item":"https:\/\/idecesos.com\/seguros\/companias\/liberty\/"},{"@type":"ListItem","position":4,"name":"Oficinas seguros de decesos Liberty en Almer\u00eda"}]},{"@type":"WebSite","@id":"https:\/\/idecesos.com\/seguros\/#website","url":"https:\/\/idecesos.com\/seguros\/","name":"","description":"","potentialAction":[{"@type":"SearchAction","target":{"@type":"EntryPoint","urlTemplate":"https:\/\/idecesos.com\/seguros\/?s={search_term_string}"},"query-input":{"@type":"PropertyValueSpecification","valueRequired":true,"valueName":"search_term_string"}}],"inLanguage":"es"}]}},"_links":{"self":[{"href":"https:\/\/idecesos.com\/seguros\/wp-json\/wp\/v2\/pages\/21207","targetHints":{"allow":["GET"]}}],"collection":[{"href":"https:\/\/idecesos.com\/seguros\/wp-json\/wp\/v2\/pages"}],"about":[{"href":"https:\/\/idecesos.com\/seguros\/wp-json\/wp\/v2\/types\/page"}],"replies":[{"embeddable":true,"href":"https:\/\/idecesos.com\/seguros\/wp-json\/wp\/v2\/comments?post=21207"}],"version-history":[{"count":0,"href":"https:\/\/idecesos.com\/seguros\/wp-json\/wp\/v2\/pages\/21207\/revisions"}],"up":[{"embeddable":true,"href":"https:\/\/idecesos.com\/seguros\/wp-json\/wp\/v2\/pages\/403"}],"wp:attachment":[{"href":"https:\/\/idecesos.com\/seguros\/wp-json\/wp\/v2\/media?parent=21207"}],"curies":[{"name":"wp","href":"https:\/\/api.w.org\/{rel}","templated":true}]}}