{"id":21211,"date":"2022-05-01T20:36:11","date_gmt":"2022-05-01T20:36:11","guid":{"rendered":"https:\/\/idecesos.com\/seguros\/companias\/liberty\/barcelona\/"},"modified":"2022-05-01T20:36:11","modified_gmt":"2022-05-01T20:36:11","slug":"barcelona","status":"publish","type":"page","link":"https:\/\/idecesos.com\/seguros\/companias\/liberty\/barcelona\/","title":{"rendered":"Oficinas seguros de decesos Liberty en Barcelona"},"content":{"rendered":"<div id=\"ez-toc-container\" class=\"ez-toc-v2_0_82_2 ez-toc-wrap-center counter-hierarchy ez-toc-counter ez-toc-custom ez-toc-container-direction\">\n<div class=\"ez-toc-title-container\">\n<p class=\"ez-toc-title\" style=\"cursor:inherit\">Tabla de Contenido<\/p>\n<span class=\"ez-toc-title-toggle\"><a href=\"#\" class=\"ez-toc-pull-right ez-toc-btn ez-toc-btn-xs ez-toc-btn-default ez-toc-toggle\" aria-label=\"Alternar tabla de contenidos\"><span class=\"ez-toc-js-icon-con\"><span class=\"\"><span class=\"eztoc-hide\" style=\"display:none;\">Toggle<\/span><span class=\"ez-toc-icon-toggle-span\"><svg style=\"fill: #db6415;color:#db6415\" xmlns=\"http:\/\/www.w3.org\/2000\/svg\" class=\"list-377408\" width=\"20px\" height=\"20px\" viewBox=\"0 0 24 24\" fill=\"none\"><path d=\"M6 6H4v2h2V6zm14 0H8v2h12V6zM4 11h2v2H4v-2zm16 0H8v2h12v-2zM4 16h2v2H4v-2zm16 0H8v2h12v-2z\" fill=\"currentColor\"><\/path><\/svg><svg style=\"fill: #db6415;color:#db6415\" class=\"arrow-unsorted-368013\" xmlns=\"http:\/\/www.w3.org\/2000\/svg\" width=\"10px\" height=\"10px\" viewBox=\"0 0 24 24\" version=\"1.2\" baseProfile=\"tiny\"><path d=\"M18.2 9.3l-6.2-6.3-6.2 6.3c-.2.2-.3.4-.3.7s.1.5.3.7c.2.2.4.3.7.3h11c.3 0 .5-.1.7-.3.2-.2.3-.5.3-.7s-.1-.5-.3-.7zM5.8 14.7l6.2 6.3 6.2-6.3c.2-.2.3-.5.3-.7s-.1-.5-.3-.7c-.2-.2-.4-.3-.7-.3h-11c-.3 0-.5.1-.7.3-.2.2-.3.5-.3.7s.1.5.3.7z\"\/><\/svg><\/span><\/span><\/span><\/a><\/span><\/div>\n<nav><ul class='ez-toc-list ez-toc-list-level-1 ' ><li class='ez-toc-page-1 ez-toc-heading-level-2'><a class=\"ez-toc-link ez-toc-heading-1\" href=\"https:\/\/idecesos.com\/seguros\/companias\/liberty\/barcelona\/#Seguro_de_decesos_Liberty_en_Barcelona\" >Seguro de decesos Liberty en Barcelona<\/a><\/li><li class='ez-toc-page-1 ez-toc-heading-level-2'><a class=\"ez-toc-link ez-toc-heading-2\" href=\"https:\/\/idecesos.com\/seguros\/companias\/liberty\/barcelona\/#Mapa_de_sucursales_de_seguros_Liberty_en_Barcelona\" >Mapa de sucursales de seguros Liberty en Barcelona<\/a><\/li><li class='ez-toc-page-1 ez-toc-heading-level-2'><a class=\"ez-toc-link ez-toc-heading-3\" href=\"https:\/\/idecesos.com\/seguros\/companias\/liberty\/barcelona\/#Listado_de_agencias_Liberty_en_Barcelona\" >Listado de agencias Liberty en Barcelona<\/a><\/li><li class='ez-toc-page-1 ez-toc-heading-level-2'><a class=\"ez-toc-link ez-toc-heading-4\" href=\"https:\/\/idecesos.com\/seguros\/companias\/liberty\/barcelona\/#Sucursales_de_seguros_de_decesos_en_Barcelona\" >Sucursales de seguros de decesos en Barcelona<\/a><ul class='ez-toc-list-level-3' ><li class='ez-toc-heading-level-3'><a class=\"ez-toc-link ez-toc-heading-5\" href=\"https:\/\/idecesos.com\/seguros\/companias\/liberty\/barcelona\/#Listado_de_oficinas_Liberty_en_Espana\" >Listado de oficinas Liberty en Espa\u00f1a<\/a><\/li><li class='ez-toc-page-1 ez-toc-heading-level-3'><a class=\"ez-toc-link ez-toc-heading-6\" href=\"https:\/\/idecesos.com\/seguros\/companias\/liberty\/barcelona\/#Paginas_relacionadas\" >P\u00e1ginas relacionadas<\/a><\/li><\/ul><\/li><\/ul><\/nav><\/div>\n<p><br \/>\n<a href=\"https:\/\/idecesos.com\/seguros\/companias\/liberty\/\"><img decoding=\"async\" class=\" alignleft\" src=\"https:\/\/idecesos.com\/seguros\/wp-content\/uploads\/2021\/10\/Disen%CC%83o-sin-ti%CC%81tulo-14-1-150x150.png\" alt=\"Seguro de decesos Liberty\" \/><\/a>\u00bfSabes que cuentas con distintas sucursales de Liberty en Barcelona? pues te contamos que dispones de diferentes, donde gestionaran tus problemas o dudas que tengas sobre tu p\u00f3liza. Cada sucursal tiene un horario diferente. Cada delegaci\u00f3n de compa\u00f1\u00eda de seguros, cumplir\u00e1 con diferentes tratos, siempre y en todo momento siendo el m\u00e1s \u00fatil con un trato m\u00e1s cercano, y dentro de ello solventen los errores que pueden causar. <\/p>\n<p>Optamos por lo vers\u00e1til que resulta la <strong>busca de oficinas de Liberty en Barcelona<\/strong> tratasen todos los inconvenientes que puedas suceder quedando resuelto sin ning\u00fan inconveniente inmediatamente. Dando calidad al servicio cerca de ti en cualquier momento. Requiriendo este servicio de manera m\u00e1s eficiente y oportuna, siendo pertinente en cualquier circunstancia, sobre el transcurso de la compa\u00f1\u00eda, podr\u00e1n administrar la parte complicada sobre tu p\u00f3liza. <\/p>\n<p>Visita nuestra p\u00e1gina de <a href=\"https:\/\/idecesos.com\/seguros\/companias\/liberty\/\">seguros de decesos Liberty<\/a> para m\u00e1s informaci\u00f3n.<\/p>\n<div class=\"colorf \"  ><div class=\"container clearfix\"><div class=\"col-md-7\">\n<h2><span class=\"ez-toc-section\" id=\"Seguro_de_decesos_Liberty_en_Barcelona\"><\/span>Seguro de decesos Liberty en Barcelona<span class=\"ez-toc-section-end\"><\/span><\/h2>\n<p>Siendo una de las lideres en el mercado como aseguradora de decesos, vamos a poner a tu predisposici\u00f3n oficinas de Liberty en Barcelona te resultara tan f\u00e1cil que podr\u00e1s obtener tu presupuesto en el instante. Nos gusta regalar comodidad y calma, por ello te damos el beneficio de obtener de manera inmediata tu presupuesto de seguro, evit\u00e1ndote todos y cada uno de los inconvenientes. No precisa de muchos pasos, en menos de 1 minuto vas a tener toda la informaci\u00f3n precisa y separada para que lo gestiones y lo valores de una forma eficiente. <\/p>\n<p><strong>Ver m\u00e1s:<\/strong> <a href=\"https:\/\/idecesos.com\/seguros\/ciudades\/barcelona\/\">Seguros de decesos en Barcelona<\/a><\/p>\n<p>Hemos querido facilitarte el proceso de buscar, de ah\u00ed que te damos este formulario donde recibir\u00e1s toda la informaci\u00f3n necesaria que necesite. Asimismo cuenta con la ventaja de pedir cita anterior, a fin de que pueda asistir a su sucursal de <strong>confianza de Liberty en Barcelona.<\/strong> Libre de recibir publicidad o bien que no sea relacionado con lo que se haya solicitado. El cuestionario est\u00e1 listo para que consigas en calidad los datos precisos, evit\u00e1ndote cualquier error cuando solicites su cita anterior. Donde sus datos quedar\u00e1n protegido en todo momento. <\/p>\n<p><\/div><\/div><\/div>\n\t\t<hr class=\"separador\">\n\t\t<div class=\"bloque-accion\">\n\t\t<p class=\"txt-accion\">Calcula el precio de tu seguro de decesos en menos de 1 minuto<\/p>\n\t\t<a class=\"btn-accion\" href=\"https:\/\/idecesos.com\/\">CALCULAR<\/a>\n\t\t<\/div>\n\t\t<hr class=\"separador\">\n\t\t<\/p>\n<h2><span class=\"ez-toc-section\" id=\"Mapa_de_sucursales_de_seguros_Liberty_en_Barcelona\"><\/span>Mapa de sucursales de seguros Liberty en Barcelona<span class=\"ez-toc-section-end\"><\/span><\/h2>\n<p>Te resultara c\u00f3modo conocer esta informaci\u00f3n que hemos generado para ti exclusivamente donde veras un listado de oficinas de Liberty en Barcelona que te aporta todos los datos necesarios as\u00ed como el <strong>mapa por Barcelona<\/strong> de sucursales de Liberty, haci\u00e9ndote f\u00e1cil el dato de donde se hallan localizados. Es tan segura como fiable, aport\u00e1ndote informaci\u00f3n de cada uno de ellos de ellas. \u00a0<\/p>\n<p><iframe class=\"page-generator-pro-map\" width=\"100%\" height=\"400\" frameborder=\"0\" style=\"border:0\" src=\"https:\/\/www.google.com\/maps\/embed\/v1\/place?q=Barcelona%2C+Espa%C3%B1a&#038;zoom=14&#038;maptype=roadmap&#038;key=AIzaSyCNTEOso0tZG6YMSJFoaJEY5Th1stEWrJI\" allowfullscreen><\/iframe><\/p>\n<div class=\"colorf\"><div class=\"container clearfix\"><div class=\"col-md-7\"><div class=\"empresas\">\n<h2><span class=\"ez-toc-section\" id=\"Listado_de_agencias_Liberty_en_Barcelona\"><\/span>Listado de agencias Liberty en Barcelona<span class=\"ez-toc-section-end\"><\/span><\/h2>\n<ul>\n<li><strong>Compa\u00f1\u00eda de seguros Espa\u00f1a:<\/strong> 08032<\/li>\n<li><strong>Compa\u00f1\u00eda de seguros Espa\u00f1a:<\/strong> 08005<\/li>\n<\/ul>\n<\/div><\/div><\/div><\/div>\n<h2><span class=\"ez-toc-section\" id=\"Sucursales_de_seguros_de_decesos_en_Barcelona\"><\/span>Sucursales de seguros de decesos en Barcelona<span class=\"ez-toc-section-end\"><\/span><\/h2>\n<p>Deseamos mostrarte con un f\u00e1cil paso el <strong>cat\u00e1logo de compa\u00f1\u00edas aseguradoras de decesos en Barcelona<\/strong> donde encontrases toda la informaci\u00f3n necesaria, donde lo podr\u00e1s gestionar de forma m\u00e1s sencilla. Sera bastante dif\u00edcil de aceptar lo \u00fatil que es y del que encima obtendr\u00e1s todos y cada uno de los datos de gran importancia para ti. No hace falta pensarlo tanto ya que lo tienes a tu alcance para cualquier instante cuando m\u00e1s lo necesites. Resolviendo tu b\u00fasqueda de forma m\u00e1s eficaz y con resultados. Vas a poder conocer las diferentes asegurados que se hallen en tus cuidad. <\/p>\n<div class=\"colorf\"><div class=\"container clearfix\"><div class=\"col-md-7\"><div class=\"empresas\">\n<h3><span class=\"ez-toc-section\" id=\"Listado_de_oficinas_Liberty_en_Espana\"><\/span>Listado de oficinas Liberty en Espa\u00f1a<span class=\"ez-toc-section-end\"><\/span><\/h3>\n<p><!-- Shortcode [liberty-oficinas] does not exist --><\/div><\/div><\/div><\/div><\/p>\n<p><div class=\"oficinas\"><br \/>\n<h3><span class=\"ez-toc-section\" id=\"Paginas_relacionadas\"><\/span>P\u00e1ginas relacionadas<span class=\"ez-toc-section-end\"><\/span><\/h3><div class=\"enlazado\"><ul> <li><a href=\"https:\/\/idecesos.com\/seguros\/companias\/liberty\/dental\/\">Liberty Dental<\/a><\/li> <li><a href=\"https:\/\/idecesos.com\/seguros\/companias\/liberty\/opiniones\/\">Opiniones Liberty<\/a><\/li> <li><a href=\"https:\/\/idecesos.com\/seguros\/companias\/liberty\/precio\/\">Precio seguro Liberty<\/a><\/li> <li><a href=\"https:\/\/idecesos.com\/seguros\/companias\/liberty\/prima-mixta\/\">Liberty Prima Mixta<\/a><\/li> <li><a href=\"https:\/\/idecesos.com\/seguros\/companias\/liberty\/prima-natural\/\">Liberty Prima Natural<\/a><\/li> <li><a href=\"https:\/\/idecesos.com\/seguros\/companias\/liberty\/prima-nivelada\/\">Liberty Prima Nivelada<\/a><\/li> <li><a href=\"https:\/\/idecesos.com\/seguros\/companias\/liberty\/prima-unica\/\">Liberty Prima \u00danica<\/a><\/li> <li><a href=\"https:\/\/idecesos.com\/seguros\/companias\/liberty\/repatriacion\/\">Liberty Repatriaci\u00f3n<\/a><\/li> <li><a href=\"https:\/\/idecesos.com\/seguros\/companias\/liberty\/telefono\/\">Tel\u00e9fono Gratuito Liberty<\/a><\/li><\/ul><\/div><br \/>\n<\/div><\/p>\n","protected":false},"excerpt":{"rendered":"<p>\u00bfSabes que cuentas con distintas sucursales de Liberty en Barcelona? pues te contamos que dispones de diferentes, donde gestionaran tus problemas o dudas que tengas sobre tu p\u00f3liza. Cada sucursal tiene un horario diferente. Cada delegaci\u00f3n de compa\u00f1\u00eda de seguros, cumplir\u00e1 con diferentes tratos, siempre y en todo momento siendo el m\u00e1s \u00fatil con un&hellip; <\/p>\n","protected":false},"author":0,"featured_media":0,"parent":403,"menu_order":0,"comment_status":"closed","ping_status":"closed","template":"single.php","meta":{"footnotes":""},"class_list":["post-21211","page","type-page","status-publish","hentry"],"yoast_head":"<!-- This site is optimized with the Yoast SEO plugin v27.5 - https:\/\/yoast.com\/product\/yoast-seo-wordpress\/ -->\n<title>Oficinas Liberty en Barcelona \u25b7Tel\u00e9fonos, Horarios, Direcci\u00f3n<\/title>\n<meta name=\"description\" content=\"Lista completa de Oficinas Liberty en Barcelona Horarios, \u2706 tel\u00e9fonos y direcciones actualizados en 2026 \u2611\ufe0f Verificado por iDecesos.\" \/>\n<meta name=\"robots\" content=\"index, follow, max-snippet:-1, max-image-preview:large, max-video-preview:-1\" \/>\n<link rel=\"canonical\" href=\"https:\/\/idecesos.com\/seguros\/companias\/liberty\/barcelona\/\" \/>\n<meta property=\"og:locale\" content=\"es_ES\" \/>\n<meta property=\"og:type\" content=\"article\" \/>\n<meta property=\"og:title\" content=\"Oficinas Liberty en Barcelona \u25b7Tel\u00e9fonos, Horarios, Direcci\u00f3n\" \/>\n<meta property=\"og:description\" content=\"Lista completa de Oficinas Liberty en Barcelona Horarios, \u2706 tel\u00e9fonos y direcciones actualizados en 2026 \u2611\ufe0f Verificado por iDecesos.\" \/>\n<meta property=\"og:url\" content=\"https:\/\/idecesos.com\/seguros\/companias\/liberty\/barcelona\/\" \/>\n<meta property=\"og:image\" content=\"https:\/\/idecesos.com\/seguros\/wp-content\/uploads\/2021\/10\/Disen%CC%83o-sin-ti%CC%81tulo-14-1-150x150.png\" \/>\n<meta name=\"twitter:card\" content=\"summary_large_image\" \/>\n<meta name=\"twitter:label1\" content=\"Tiempo de lectura\" \/>\n\t<meta name=\"twitter:data1\" content=\"39 minutos\" \/>\n<script type=\"application\/ld+json\" class=\"yoast-schema-graph\">{\"@context\":\"https:\\\/\\\/schema.org\",\"@graph\":[{\"@type\":\"WebPage\",\"@id\":\"https:\\\/\\\/idecesos.com\\\/seguros\\\/companias\\\/liberty\\\/barcelona\\\/\",\"url\":\"https:\\\/\\\/idecesos.com\\\/seguros\\\/companias\\\/liberty\\\/barcelona\\\/\",\"name\":\"Oficinas Liberty en Barcelona \u25b7Tel\u00e9fonos, Horarios, Direcci\u00f3n\",\"isPartOf\":{\"@id\":\"https:\\\/\\\/idecesos.com\\\/seguros\\\/#website\"},\"primaryImageOfPage\":{\"@id\":\"https:\\\/\\\/idecesos.com\\\/seguros\\\/companias\\\/liberty\\\/barcelona\\\/#primaryimage\"},\"image\":{\"@id\":\"https:\\\/\\\/idecesos.com\\\/seguros\\\/companias\\\/liberty\\\/barcelona\\\/#primaryimage\"},\"thumbnailUrl\":\"https:\\\/\\\/idecesos.com\\\/seguros\\\/wp-content\\\/uploads\\\/2021\\\/10\\\/Disen%CC%83o-sin-ti%CC%81tulo-14-1-150x150.png\",\"datePublished\":\"2022-05-01T20:36:11+00:00\",\"description\":\"Lista completa de Oficinas Liberty en Barcelona Horarios, \u2706 tel\u00e9fonos y direcciones actualizados en 2026 \u2611\ufe0f Verificado por iDecesos.\",\"breadcrumb\":{\"@id\":\"https:\\\/\\\/idecesos.com\\\/seguros\\\/companias\\\/liberty\\\/barcelona\\\/#breadcrumb\"},\"inLanguage\":\"es\",\"potentialAction\":[{\"@type\":\"ReadAction\",\"target\":[\"https:\\\/\\\/idecesos.com\\\/seguros\\\/companias\\\/liberty\\\/barcelona\\\/\"]}]},{\"@type\":\"ImageObject\",\"inLanguage\":\"es\",\"@id\":\"https:\\\/\\\/idecesos.com\\\/seguros\\\/companias\\\/liberty\\\/barcelona\\\/#primaryimage\",\"url\":\"https:\\\/\\\/idecesos.com\\\/seguros\\\/wp-content\\\/uploads\\\/2021\\\/10\\\/Disen%CC%83o-sin-ti%CC%81tulo-14-1-150x150.png\",\"contentUrl\":\"https:\\\/\\\/idecesos.com\\\/seguros\\\/wp-content\\\/uploads\\\/2021\\\/10\\\/Disen%CC%83o-sin-ti%CC%81tulo-14-1-150x150.png\"},{\"@type\":\"BreadcrumbList\",\"@id\":\"https:\\\/\\\/idecesos.com\\\/seguros\\\/companias\\\/liberty\\\/barcelona\\\/#breadcrumb\",\"itemListElement\":[{\"@type\":\"ListItem\",\"position\":1,\"name\":\"Portada\",\"item\":\"https:\\\/\\\/idecesos.com\\\/seguros\\\/\"},{\"@type\":\"ListItem\",\"position\":2,\"name\":\"Compa\u00f1\u00edas de Seguros de Decesos en Espa\u00f1a\",\"item\":\"https:\\\/\\\/idecesos.com\\\/seguros\\\/companias\\\/\"},{\"@type\":\"ListItem\",\"position\":3,\"name\":\"Seguro de decesos Liberty\",\"item\":\"https:\\\/\\\/idecesos.com\\\/seguros\\\/companias\\\/liberty\\\/\"},{\"@type\":\"ListItem\",\"position\":4,\"name\":\"Oficinas seguros de decesos Liberty en Barcelona\"}]},{\"@type\":\"WebSite\",\"@id\":\"https:\\\/\\\/idecesos.com\\\/seguros\\\/#website\",\"url\":\"https:\\\/\\\/idecesos.com\\\/seguros\\\/\",\"name\":\"\",\"description\":\"\",\"potentialAction\":[{\"@type\":\"SearchAction\",\"target\":{\"@type\":\"EntryPoint\",\"urlTemplate\":\"https:\\\/\\\/idecesos.com\\\/seguros\\\/?s={search_term_string}\"},\"query-input\":{\"@type\":\"PropertyValueSpecification\",\"valueRequired\":true,\"valueName\":\"search_term_string\"}}],\"inLanguage\":\"es\"}]}<\/script>\n<!-- \/ Yoast SEO plugin. -->","yoast_head_json":{"title":"Oficinas Liberty en Barcelona \u25b7Tel\u00e9fonos, Horarios, Direcci\u00f3n","description":"Lista completa de Oficinas Liberty en Barcelona Horarios, \u2706 tel\u00e9fonos y direcciones actualizados en 2026 \u2611\ufe0f Verificado por iDecesos.","robots":{"index":"index","follow":"follow","max-snippet":"max-snippet:-1","max-image-preview":"max-image-preview:large","max-video-preview":"max-video-preview:-1"},"canonical":"https:\/\/idecesos.com\/seguros\/companias\/liberty\/barcelona\/","og_locale":"es_ES","og_type":"article","og_title":"Oficinas Liberty en Barcelona \u25b7Tel\u00e9fonos, Horarios, Direcci\u00f3n","og_description":"Lista completa de Oficinas Liberty en Barcelona Horarios, \u2706 tel\u00e9fonos y direcciones actualizados en 2026 \u2611\ufe0f Verificado por iDecesos.","og_url":"https:\/\/idecesos.com\/seguros\/companias\/liberty\/barcelona\/","og_image":[{"url":"https:\/\/idecesos.com\/seguros\/wp-content\/uploads\/2021\/10\/Disen%CC%83o-sin-ti%CC%81tulo-14-1-150x150.png","type":"","width":"","height":""}],"twitter_card":"summary_large_image","twitter_misc":{"Tiempo de lectura":"39 minutos"},"schema":{"@context":"https:\/\/schema.org","@graph":[{"@type":"WebPage","@id":"https:\/\/idecesos.com\/seguros\/companias\/liberty\/barcelona\/","url":"https:\/\/idecesos.com\/seguros\/companias\/liberty\/barcelona\/","name":"Oficinas Liberty en Barcelona \u25b7Tel\u00e9fonos, Horarios, Direcci\u00f3n","isPartOf":{"@id":"https:\/\/idecesos.com\/seguros\/#website"},"primaryImageOfPage":{"@id":"https:\/\/idecesos.com\/seguros\/companias\/liberty\/barcelona\/#primaryimage"},"image":{"@id":"https:\/\/idecesos.com\/seguros\/companias\/liberty\/barcelona\/#primaryimage"},"thumbnailUrl":"https:\/\/idecesos.com\/seguros\/wp-content\/uploads\/2021\/10\/Disen%CC%83o-sin-ti%CC%81tulo-14-1-150x150.png","datePublished":"2022-05-01T20:36:11+00:00","description":"Lista completa de Oficinas Liberty en Barcelona Horarios, \u2706 tel\u00e9fonos y direcciones actualizados en 2026 \u2611\ufe0f Verificado por iDecesos.","breadcrumb":{"@id":"https:\/\/idecesos.com\/seguros\/companias\/liberty\/barcelona\/#breadcrumb"},"inLanguage":"es","potentialAction":[{"@type":"ReadAction","target":["https:\/\/idecesos.com\/seguros\/companias\/liberty\/barcelona\/"]}]},{"@type":"ImageObject","inLanguage":"es","@id":"https:\/\/idecesos.com\/seguros\/companias\/liberty\/barcelona\/#primaryimage","url":"https:\/\/idecesos.com\/seguros\/wp-content\/uploads\/2021\/10\/Disen%CC%83o-sin-ti%CC%81tulo-14-1-150x150.png","contentUrl":"https:\/\/idecesos.com\/seguros\/wp-content\/uploads\/2021\/10\/Disen%CC%83o-sin-ti%CC%81tulo-14-1-150x150.png"},{"@type":"BreadcrumbList","@id":"https:\/\/idecesos.com\/seguros\/companias\/liberty\/barcelona\/#breadcrumb","itemListElement":[{"@type":"ListItem","position":1,"name":"Portada","item":"https:\/\/idecesos.com\/seguros\/"},{"@type":"ListItem","position":2,"name":"Compa\u00f1\u00edas de Seguros de Decesos en Espa\u00f1a","item":"https:\/\/idecesos.com\/seguros\/companias\/"},{"@type":"ListItem","position":3,"name":"Seguro de decesos Liberty","item":"https:\/\/idecesos.com\/seguros\/companias\/liberty\/"},{"@type":"ListItem","position":4,"name":"Oficinas seguros de decesos Liberty en Barcelona"}]},{"@type":"WebSite","@id":"https:\/\/idecesos.com\/seguros\/#website","url":"https:\/\/idecesos.com\/seguros\/","name":"","description":"","potentialAction":[{"@type":"SearchAction","target":{"@type":"EntryPoint","urlTemplate":"https:\/\/idecesos.com\/seguros\/?s={search_term_string}"},"query-input":{"@type":"PropertyValueSpecification","valueRequired":true,"valueName":"search_term_string"}}],"inLanguage":"es"}]}},"_links":{"self":[{"href":"https:\/\/idecesos.com\/seguros\/wp-json\/wp\/v2\/pages\/21211","targetHints":{"allow":["GET"]}}],"collection":[{"href":"https:\/\/idecesos.com\/seguros\/wp-json\/wp\/v2\/pages"}],"about":[{"href":"https:\/\/idecesos.com\/seguros\/wp-json\/wp\/v2\/types\/page"}],"replies":[{"embeddable":true,"href":"https:\/\/idecesos.com\/seguros\/wp-json\/wp\/v2\/comments?post=21211"}],"version-history":[{"count":0,"href":"https:\/\/idecesos.com\/seguros\/wp-json\/wp\/v2\/pages\/21211\/revisions"}],"up":[{"embeddable":true,"href":"https:\/\/idecesos.com\/seguros\/wp-json\/wp\/v2\/pages\/403"}],"wp:attachment":[{"href":"https:\/\/idecesos.com\/seguros\/wp-json\/wp\/v2\/media?parent=21211"}],"curies":[{"name":"wp","href":"https:\/\/api.w.org\/{rel}","templated":true}]}}