{"id":21220,"date":"2022-05-01T20:36:18","date_gmt":"2022-05-01T20:36:18","guid":{"rendered":"https:\/\/idecesos.com\/seguros\/companias\/liberty\/valencia\/"},"modified":"2022-05-01T20:36:18","modified_gmt":"2022-05-01T20:36:18","slug":"valencia","status":"publish","type":"page","link":"https:\/\/idecesos.com\/seguros\/companias\/liberty\/valencia\/","title":{"rendered":"Oficinas seguros de decesos Liberty en Valencia"},"content":{"rendered":"<div id=\"ez-toc-container\" class=\"ez-toc-v2_0_82_2 ez-toc-wrap-center counter-hierarchy ez-toc-counter ez-toc-custom ez-toc-container-direction\">\n<div class=\"ez-toc-title-container\">\n<p class=\"ez-toc-title\" style=\"cursor:inherit\">Tabla de Contenido<\/p>\n<span class=\"ez-toc-title-toggle\"><a href=\"#\" class=\"ez-toc-pull-right ez-toc-btn ez-toc-btn-xs ez-toc-btn-default ez-toc-toggle\" aria-label=\"Alternar tabla de contenidos\"><span class=\"ez-toc-js-icon-con\"><span class=\"\"><span class=\"eztoc-hide\" style=\"display:none;\">Toggle<\/span><span class=\"ez-toc-icon-toggle-span\"><svg style=\"fill: #db6415;color:#db6415\" xmlns=\"http:\/\/www.w3.org\/2000\/svg\" class=\"list-377408\" width=\"20px\" height=\"20px\" viewBox=\"0 0 24 24\" fill=\"none\"><path d=\"M6 6H4v2h2V6zm14 0H8v2h12V6zM4 11h2v2H4v-2zm16 0H8v2h12v-2zM4 16h2v2H4v-2zm16 0H8v2h12v-2z\" fill=\"currentColor\"><\/path><\/svg><svg style=\"fill: #db6415;color:#db6415\" class=\"arrow-unsorted-368013\" xmlns=\"http:\/\/www.w3.org\/2000\/svg\" width=\"10px\" height=\"10px\" viewBox=\"0 0 24 24\" version=\"1.2\" baseProfile=\"tiny\"><path d=\"M18.2 9.3l-6.2-6.3-6.2 6.3c-.2.2-.3.4-.3.7s.1.5.3.7c.2.2.4.3.7.3h11c.3 0 .5-.1.7-.3.2-.2.3-.5.3-.7s-.1-.5-.3-.7zM5.8 14.7l6.2 6.3 6.2-6.3c.2-.2.3-.5.3-.7s-.1-.5-.3-.7c-.2-.2-.4-.3-.7-.3h-11c-.3 0-.5.1-.7.3-.2.2-.3.5-.3.7s.1.5.3.7z\"\/><\/svg><\/span><\/span><\/span><\/a><\/span><\/div>\n<nav><ul class='ez-toc-list ez-toc-list-level-1 ' ><li class='ez-toc-page-1 ez-toc-heading-level-2'><a class=\"ez-toc-link ez-toc-heading-1\" href=\"https:\/\/idecesos.com\/seguros\/companias\/liberty\/valencia\/#Seguro_de_decesos_Liberty_en_Valencia\" >Seguro de decesos Liberty en Valencia<\/a><\/li><li class='ez-toc-page-1 ez-toc-heading-level-2'><a class=\"ez-toc-link ez-toc-heading-2\" href=\"https:\/\/idecesos.com\/seguros\/companias\/liberty\/valencia\/#Mapa_de_sucursales_de_seguros_Liberty_en_Valencia\" >Mapa de sucursales de seguros Liberty en Valencia<\/a><\/li><li class='ez-toc-page-1 ez-toc-heading-level-2'><a class=\"ez-toc-link ez-toc-heading-3\" href=\"https:\/\/idecesos.com\/seguros\/companias\/liberty\/valencia\/#Listado_de_sucursales_Liberty_en_Valencia\" >Listado de sucursales Liberty en Valencia<\/a><\/li><li class='ez-toc-page-1 ez-toc-heading-level-2'><a class=\"ez-toc-link ez-toc-heading-4\" href=\"https:\/\/idecesos.com\/seguros\/companias\/liberty\/valencia\/#Sucursales_de_seguros_de_decesos_en_Valencia\" >Sucursales de seguros de decesos en Valencia<\/a><ul class='ez-toc-list-level-3' ><li class='ez-toc-heading-level-3'><a class=\"ez-toc-link ez-toc-heading-5\" href=\"https:\/\/idecesos.com\/seguros\/companias\/liberty\/valencia\/#Listado_de_oficinas_Liberty_en_Espana\" >Listado de oficinas Liberty en Espa\u00f1a<\/a><\/li><li class='ez-toc-page-1 ez-toc-heading-level-3'><a class=\"ez-toc-link ez-toc-heading-6\" href=\"https:\/\/idecesos.com\/seguros\/companias\/liberty\/valencia\/#Paginas_relacionadas\" >P\u00e1ginas relacionadas<\/a><\/li><\/ul><\/li><\/ul><\/nav><\/div>\n<p><br \/>\n<a href=\"https:\/\/idecesos.com\/seguros\/companias\/liberty\/\"><img decoding=\"async\" class=\" alignleft\" src=\"https:\/\/idecesos.com\/seguros\/wp-content\/uploads\/2021\/10\/Disen%CC%83o-sin-ti%CC%81tulo-14-1-150x150.png\" alt=\"Seguro de decesos Liberty\" \/><\/a>Precisas percibir una atenci\u00f3n adaptada y un servicio de calidad exclusiva, tienes a tu alcance distintas oficinas de Liberty en Valencia. Acudiendo a su horario establecido. Es interesante conocer la ubicaci\u00f3n de cada uno de ellos de ellos de Liberty en Valencia, para poder encontrarlo a nuestra cercan\u00eda. Resolver\u00e1n cualquier inconveniente, gestion\u00e1ndolo de forma instant\u00e1nea. <\/p>\n<p>En tu ratio va a poder existir solo el 90 por cien de compa\u00f1\u00edas de seguros pr\u00f3ximas a ti. Te resultara tan c\u00f3modo o bien eficiente saber en qu\u00e9 sitio se encuentran las distintas oficinas de cada Liberty. Siendo uno de los motivos que nos solventaran cualquier problema que pueda surgir. Cada trayectoria tiene una senda conforme las caracterices que queramos proseguir o procuramos, por este motivo encuentra tu oficina referente de Liberty en Valencia d\u00e1ndote la cobertura que te mereces. <\/p>\n<p>Visita nuestra p\u00e1gina de <a href=\"https:\/\/idecesos.com\/seguros\/companias\/liberty\/\">seguros de decesos Liberty<\/a> para m\u00e1s informaci\u00f3n.<\/p>\n<div class=\"colorf \"  ><div class=\"container clearfix\"><div class=\"col-md-7\">\n<h2><span class=\"ez-toc-section\" id=\"Seguro_de_decesos_Liberty_en_Valencia\"><\/span>Seguro de decesos Liberty en Valencia<span class=\"ez-toc-section-end\"><\/span><\/h2>\n<p>Cuentas con <strong>diferentes empresas de seguros en Valencia<\/strong> representamos una de los mejores servicios, donde notoriamente percibir\u00e1s la calidad exclusiva que damos a cada uno de ellos. Te damos la alegr\u00eda que con solo acceder lograr\u00e1s un presupuesto r\u00e1pido y de simple lectura, ahorr\u00e1ndote tiempo y comederos de cabeza. pide ahora <strong>tu presupuesto de Liberty en Valencia,<\/strong> conseguir\u00e1s todos y cada uno de los datos que precises. Sabemos que conseguir entender un presupuesto es un reto. <\/p>\n<p><strong>Ver m\u00e1s:<\/strong> <a href=\"https:\/\/idecesos.com\/seguros\/ciudades\/valencia\/\">Seguros de decesos en Valencia<\/a><\/p>\n<p>Para ello, ahora te facilitamos un formulario para que puedas percibir toda la informaci\u00f3n precisa y oportuna, como pedir cita presencial para poder asistir a sus oficinas m\u00e1s <strong>pr\u00f3ximas de Liberty en Valencia<\/strong>. Asegur\u00e1ndote la buena gesti\u00f3n de la informaci\u00f3n que precises, evitando que recibas publicidad. Gracias al formulario que hemos querido facilitarle conseguir\u00e1 de manera f\u00e1cil su cita presencial, as\u00ed como la informaci\u00f3n filtrada de la que vaya a precisar. Contando en todo instante con la protecci\u00f3n m\u00e1s seguro, sobr\u00e9 sus datos. <\/p>\n<p><\/div><\/div><\/div>\n\t\t<hr class=\"separador\">\n\t\t<div class=\"bloque-accion\">\n\t\t<p class=\"txt-accion\">Calcula el precio de tu seguro de decesos en menos de 1 minuto<\/p>\n\t\t<a class=\"btn-accion\" href=\"https:\/\/idecesos.com\/\">CALCULAR<\/a>\n\t\t<\/div>\n\t\t<hr class=\"separador\">\n\t\t<\/p>\n<h2><span class=\"ez-toc-section\" id=\"Mapa_de_sucursales_de_seguros_Liberty_en_Valencia\"><\/span>Mapa de sucursales de seguros Liberty en Valencia<span class=\"ez-toc-section-end\"><\/span><\/h2>\n<p>Aparte de contar con localizador de sucursales de Liberty en Valencia tambi\u00e9n dispones de un mapa por cada Liberty en Valencia. Nos agrada solucionar inconvenientes eficazmente, danto en todo momento resultado en tu busca. haciendo m\u00e1s entretenido el desarrollo de buscar. Por un momento conseguir\u00e1s tenerlo en tus manos. Poner soluciones de manera r\u00e1pida es nuestro trabajo, por este motivo quedara todo solucionado en el instante. <\/p>\n<p><iframe class=\"page-generator-pro-map\" width=\"100%\" height=\"400\" frameborder=\"0\" style=\"border:0\" src=\"https:\/\/www.google.com\/maps\/embed\/v1\/place?q=Alcira%2C+Espa%C3%B1a&#038;zoom=14&#038;maptype=roadmap&#038;key=AIzaSyCNTEOso0tZG6YMSJFoaJEY5Th1stEWrJI\" allowfullscreen><\/iframe><\/p>\n<div class=\"colorf\"><div class=\"container clearfix\"><div class=\"col-md-7\"><div class=\"empresas\">\n<h2><span class=\"ez-toc-section\" id=\"Listado_de_sucursales_Liberty_en_Valencia\"><\/span>Listado de sucursales Liberty en Valencia<span class=\"ez-toc-section-end\"><\/span><\/h2>\n<ul>\n<li><strong>Compa\u00f1\u00eda de seguros Espa\u00f1a:<\/strong> 46600<\/li>\n<\/ul>\n<\/div><\/div><\/div><\/div>\n<h2><span class=\"ez-toc-section\" id=\"Sucursales_de_seguros_de_decesos_en_Valencia\"><\/span>Sucursales de seguros de decesos en Valencia<span class=\"ez-toc-section-end\"><\/span><\/h2>\n<p>Te traemos la soluci\u00f3n para aquellos que necesitan conocer <strong>seguros de defunci\u00f3n en Valencia<\/strong>, ahorr\u00e1ndote pasos de registros, te damos el listado a fin de que lo tengas a tu entera disposici\u00f3n pudiendo acceder en cualquier instante, quedase siempre y en todo momento actualizado. Va a quedar resuelto cualquier clase de cuesti\u00f3n que tengas a este respecto, gracias a la informaci\u00f3n apartada. <\/p>\n<div class=\"colorf\"><div class=\"container clearfix\"><div class=\"col-md-7\"><div class=\"empresas\">\n<h3><span class=\"ez-toc-section\" id=\"Listado_de_oficinas_Liberty_en_Espana\"><\/span>Listado de oficinas Liberty en Espa\u00f1a<span class=\"ez-toc-section-end\"><\/span><\/h3>\n<p><!-- Shortcode [liberty-oficinas] does not exist --><\/div><\/div><\/div><\/div><\/p>\n<p><div class=\"oficinas\"><br \/>\n<h3><span class=\"ez-toc-section\" id=\"Paginas_relacionadas\"><\/span>P\u00e1ginas relacionadas<span class=\"ez-toc-section-end\"><\/span><\/h3><div class=\"enlazado\"><ul> <li><a href=\"https:\/\/idecesos.com\/seguros\/companias\/liberty\/dental\/\">Liberty Dental<\/a><\/li> <li><a href=\"https:\/\/idecesos.com\/seguros\/companias\/liberty\/opiniones\/\">Opiniones Liberty<\/a><\/li> <li><a href=\"https:\/\/idecesos.com\/seguros\/companias\/liberty\/precio\/\">Precio seguro Liberty<\/a><\/li> <li><a href=\"https:\/\/idecesos.com\/seguros\/companias\/liberty\/prima-mixta\/\">Liberty Prima Mixta<\/a><\/li> <li><a href=\"https:\/\/idecesos.com\/seguros\/companias\/liberty\/prima-natural\/\">Liberty Prima Natural<\/a><\/li> <li><a href=\"https:\/\/idecesos.com\/seguros\/companias\/liberty\/prima-nivelada\/\">Liberty Prima Nivelada<\/a><\/li> <li><a href=\"https:\/\/idecesos.com\/seguros\/companias\/liberty\/prima-unica\/\">Liberty Prima \u00danica<\/a><\/li> <li><a href=\"https:\/\/idecesos.com\/seguros\/companias\/liberty\/repatriacion\/\">Liberty Repatriaci\u00f3n<\/a><\/li> <li><a href=\"https:\/\/idecesos.com\/seguros\/companias\/liberty\/telefono\/\">Tel\u00e9fono Gratuito Liberty<\/a><\/li><\/ul><\/div><br \/>\n<\/div><\/p>\n","protected":false},"excerpt":{"rendered":"<p>Precisas percibir una atenci\u00f3n adaptada y un servicio de calidad exclusiva, tienes a tu alcance distintas oficinas de Liberty en Valencia. Acudiendo a su horario establecido. Es interesante conocer la ubicaci\u00f3n de cada uno de ellos de ellos de Liberty en Valencia, para poder encontrarlo a nuestra cercan\u00eda. Resolver\u00e1n cualquier inconveniente, gestion\u00e1ndolo de forma instant\u00e1nea.&hellip; <\/p>\n","protected":false},"author":0,"featured_media":0,"parent":403,"menu_order":0,"comment_status":"closed","ping_status":"closed","template":"single.php","meta":{"footnotes":""},"class_list":["post-21220","page","type-page","status-publish","hentry"],"yoast_head":"<!-- This site is optimized with the Yoast SEO plugin v27.4 - https:\/\/yoast.com\/product\/yoast-seo-wordpress\/ -->\n<title>Oficinas Liberty en Valencia \u25b7Tel\u00e9fonos, Horarios, Direcci\u00f3n<\/title>\n<meta name=\"description\" content=\"Lista completa de Oficinas Liberty en Valencia Horarios, \u2706 tel\u00e9fonos y direcciones actualizados en 2026 \u2611\ufe0f Verificado por iDecesos.\" \/>\n<meta name=\"robots\" content=\"index, follow, max-snippet:-1, max-image-preview:large, max-video-preview:-1\" \/>\n<link rel=\"canonical\" href=\"https:\/\/idecesos.com\/seguros\/companias\/liberty\/valencia\/\" \/>\n<meta property=\"og:locale\" content=\"es_ES\" \/>\n<meta property=\"og:type\" content=\"article\" \/>\n<meta property=\"og:title\" content=\"Oficinas Liberty en Valencia \u25b7Tel\u00e9fonos, Horarios, Direcci\u00f3n\" \/>\n<meta property=\"og:description\" content=\"Lista completa de Oficinas Liberty en Valencia Horarios, \u2706 tel\u00e9fonos y direcciones actualizados en 2026 \u2611\ufe0f Verificado por iDecesos.\" \/>\n<meta property=\"og:url\" content=\"https:\/\/idecesos.com\/seguros\/companias\/liberty\/valencia\/\" \/>\n<meta property=\"og:image\" content=\"https:\/\/idecesos.com\/seguros\/wp-content\/uploads\/2021\/10\/Disen%CC%83o-sin-ti%CC%81tulo-14-1-150x150.png\" \/>\n<meta name=\"twitter:card\" content=\"summary_large_image\" \/>\n<meta name=\"twitter:label1\" content=\"Tiempo de lectura\" \/>\n\t<meta name=\"twitter:data1\" content=\"39 minutos\" \/>\n<script type=\"application\/ld+json\" class=\"yoast-schema-graph\">{\"@context\":\"https:\\\/\\\/schema.org\",\"@graph\":[{\"@type\":\"WebPage\",\"@id\":\"https:\\\/\\\/idecesos.com\\\/seguros\\\/companias\\\/liberty\\\/valencia\\\/\",\"url\":\"https:\\\/\\\/idecesos.com\\\/seguros\\\/companias\\\/liberty\\\/valencia\\\/\",\"name\":\"Oficinas Liberty en Valencia \u25b7Tel\u00e9fonos, Horarios, Direcci\u00f3n\",\"isPartOf\":{\"@id\":\"https:\\\/\\\/idecesos.com\\\/seguros\\\/#website\"},\"primaryImageOfPage\":{\"@id\":\"https:\\\/\\\/idecesos.com\\\/seguros\\\/companias\\\/liberty\\\/valencia\\\/#primaryimage\"},\"image\":{\"@id\":\"https:\\\/\\\/idecesos.com\\\/seguros\\\/companias\\\/liberty\\\/valencia\\\/#primaryimage\"},\"thumbnailUrl\":\"https:\\\/\\\/idecesos.com\\\/seguros\\\/wp-content\\\/uploads\\\/2021\\\/10\\\/Disen%CC%83o-sin-ti%CC%81tulo-14-1-150x150.png\",\"datePublished\":\"2022-05-01T20:36:18+00:00\",\"description\":\"Lista completa de Oficinas Liberty en Valencia Horarios, \u2706 tel\u00e9fonos y direcciones actualizados en 2026 \u2611\ufe0f Verificado por iDecesos.\",\"breadcrumb\":{\"@id\":\"https:\\\/\\\/idecesos.com\\\/seguros\\\/companias\\\/liberty\\\/valencia\\\/#breadcrumb\"},\"inLanguage\":\"es\",\"potentialAction\":[{\"@type\":\"ReadAction\",\"target\":[\"https:\\\/\\\/idecesos.com\\\/seguros\\\/companias\\\/liberty\\\/valencia\\\/\"]}]},{\"@type\":\"ImageObject\",\"inLanguage\":\"es\",\"@id\":\"https:\\\/\\\/idecesos.com\\\/seguros\\\/companias\\\/liberty\\\/valencia\\\/#primaryimage\",\"url\":\"https:\\\/\\\/idecesos.com\\\/seguros\\\/wp-content\\\/uploads\\\/2021\\\/10\\\/Disen%CC%83o-sin-ti%CC%81tulo-14-1-150x150.png\",\"contentUrl\":\"https:\\\/\\\/idecesos.com\\\/seguros\\\/wp-content\\\/uploads\\\/2021\\\/10\\\/Disen%CC%83o-sin-ti%CC%81tulo-14-1-150x150.png\"},{\"@type\":\"BreadcrumbList\",\"@id\":\"https:\\\/\\\/idecesos.com\\\/seguros\\\/companias\\\/liberty\\\/valencia\\\/#breadcrumb\",\"itemListElement\":[{\"@type\":\"ListItem\",\"position\":1,\"name\":\"Portada\",\"item\":\"https:\\\/\\\/idecesos.com\\\/seguros\\\/\"},{\"@type\":\"ListItem\",\"position\":2,\"name\":\"Compa\u00f1\u00edas de Seguros de Decesos en Espa\u00f1a\",\"item\":\"https:\\\/\\\/idecesos.com\\\/seguros\\\/companias\\\/\"},{\"@type\":\"ListItem\",\"position\":3,\"name\":\"Seguro de decesos Liberty\",\"item\":\"https:\\\/\\\/idecesos.com\\\/seguros\\\/companias\\\/liberty\\\/\"},{\"@type\":\"ListItem\",\"position\":4,\"name\":\"Oficinas seguros de decesos Liberty en Valencia\"}]},{\"@type\":\"WebSite\",\"@id\":\"https:\\\/\\\/idecesos.com\\\/seguros\\\/#website\",\"url\":\"https:\\\/\\\/idecesos.com\\\/seguros\\\/\",\"name\":\"\",\"description\":\"\",\"potentialAction\":[{\"@type\":\"SearchAction\",\"target\":{\"@type\":\"EntryPoint\",\"urlTemplate\":\"https:\\\/\\\/idecesos.com\\\/seguros\\\/?s={search_term_string}\"},\"query-input\":{\"@type\":\"PropertyValueSpecification\",\"valueRequired\":true,\"valueName\":\"search_term_string\"}}],\"inLanguage\":\"es\"}]}<\/script>\n<!-- \/ Yoast SEO plugin. -->","yoast_head_json":{"title":"Oficinas Liberty en Valencia \u25b7Tel\u00e9fonos, Horarios, Direcci\u00f3n","description":"Lista completa de Oficinas Liberty en Valencia Horarios, \u2706 tel\u00e9fonos y direcciones actualizados en 2026 \u2611\ufe0f Verificado por iDecesos.","robots":{"index":"index","follow":"follow","max-snippet":"max-snippet:-1","max-image-preview":"max-image-preview:large","max-video-preview":"max-video-preview:-1"},"canonical":"https:\/\/idecesos.com\/seguros\/companias\/liberty\/valencia\/","og_locale":"es_ES","og_type":"article","og_title":"Oficinas Liberty en Valencia \u25b7Tel\u00e9fonos, Horarios, Direcci\u00f3n","og_description":"Lista completa de Oficinas Liberty en Valencia Horarios, \u2706 tel\u00e9fonos y direcciones actualizados en 2026 \u2611\ufe0f Verificado por iDecesos.","og_url":"https:\/\/idecesos.com\/seguros\/companias\/liberty\/valencia\/","og_image":[{"url":"https:\/\/idecesos.com\/seguros\/wp-content\/uploads\/2021\/10\/Disen%CC%83o-sin-ti%CC%81tulo-14-1-150x150.png","type":"","width":"","height":""}],"twitter_card":"summary_large_image","twitter_misc":{"Tiempo de lectura":"39 minutos"},"schema":{"@context":"https:\/\/schema.org","@graph":[{"@type":"WebPage","@id":"https:\/\/idecesos.com\/seguros\/companias\/liberty\/valencia\/","url":"https:\/\/idecesos.com\/seguros\/companias\/liberty\/valencia\/","name":"Oficinas Liberty en Valencia \u25b7Tel\u00e9fonos, Horarios, Direcci\u00f3n","isPartOf":{"@id":"https:\/\/idecesos.com\/seguros\/#website"},"primaryImageOfPage":{"@id":"https:\/\/idecesos.com\/seguros\/companias\/liberty\/valencia\/#primaryimage"},"image":{"@id":"https:\/\/idecesos.com\/seguros\/companias\/liberty\/valencia\/#primaryimage"},"thumbnailUrl":"https:\/\/idecesos.com\/seguros\/wp-content\/uploads\/2021\/10\/Disen%CC%83o-sin-ti%CC%81tulo-14-1-150x150.png","datePublished":"2022-05-01T20:36:18+00:00","description":"Lista completa de Oficinas Liberty en Valencia Horarios, \u2706 tel\u00e9fonos y direcciones actualizados en 2026 \u2611\ufe0f Verificado por iDecesos.","breadcrumb":{"@id":"https:\/\/idecesos.com\/seguros\/companias\/liberty\/valencia\/#breadcrumb"},"inLanguage":"es","potentialAction":[{"@type":"ReadAction","target":["https:\/\/idecesos.com\/seguros\/companias\/liberty\/valencia\/"]}]},{"@type":"ImageObject","inLanguage":"es","@id":"https:\/\/idecesos.com\/seguros\/companias\/liberty\/valencia\/#primaryimage","url":"https:\/\/idecesos.com\/seguros\/wp-content\/uploads\/2021\/10\/Disen%CC%83o-sin-ti%CC%81tulo-14-1-150x150.png","contentUrl":"https:\/\/idecesos.com\/seguros\/wp-content\/uploads\/2021\/10\/Disen%CC%83o-sin-ti%CC%81tulo-14-1-150x150.png"},{"@type":"BreadcrumbList","@id":"https:\/\/idecesos.com\/seguros\/companias\/liberty\/valencia\/#breadcrumb","itemListElement":[{"@type":"ListItem","position":1,"name":"Portada","item":"https:\/\/idecesos.com\/seguros\/"},{"@type":"ListItem","position":2,"name":"Compa\u00f1\u00edas de Seguros de Decesos en Espa\u00f1a","item":"https:\/\/idecesos.com\/seguros\/companias\/"},{"@type":"ListItem","position":3,"name":"Seguro de decesos Liberty","item":"https:\/\/idecesos.com\/seguros\/companias\/liberty\/"},{"@type":"ListItem","position":4,"name":"Oficinas seguros de decesos Liberty en Valencia"}]},{"@type":"WebSite","@id":"https:\/\/idecesos.com\/seguros\/#website","url":"https:\/\/idecesos.com\/seguros\/","name":"","description":"","potentialAction":[{"@type":"SearchAction","target":{"@type":"EntryPoint","urlTemplate":"https:\/\/idecesos.com\/seguros\/?s={search_term_string}"},"query-input":{"@type":"PropertyValueSpecification","valueRequired":true,"valueName":"search_term_string"}}],"inLanguage":"es"}]}},"_links":{"self":[{"href":"https:\/\/idecesos.com\/seguros\/wp-json\/wp\/v2\/pages\/21220","targetHints":{"allow":["GET"]}}],"collection":[{"href":"https:\/\/idecesos.com\/seguros\/wp-json\/wp\/v2\/pages"}],"about":[{"href":"https:\/\/idecesos.com\/seguros\/wp-json\/wp\/v2\/types\/page"}],"replies":[{"embeddable":true,"href":"https:\/\/idecesos.com\/seguros\/wp-json\/wp\/v2\/comments?post=21220"}],"version-history":[{"count":0,"href":"https:\/\/idecesos.com\/seguros\/wp-json\/wp\/v2\/pages\/21220\/revisions"}],"up":[{"embeddable":true,"href":"https:\/\/idecesos.com\/seguros\/wp-json\/wp\/v2\/pages\/403"}],"wp:attachment":[{"href":"https:\/\/idecesos.com\/seguros\/wp-json\/wp\/v2\/media?parent=21220"}],"curies":[{"name":"wp","href":"https:\/\/api.w.org\/{rel}","templated":true}]}}