{"id":21236,"date":"2022-05-01T20:36:29","date_gmt":"2022-05-01T20:36:29","guid":{"rendered":"https:\/\/idecesos.com\/seguros\/companias\/meridiano\/jaen\/"},"modified":"2022-05-01T20:36:29","modified_gmt":"2022-05-01T20:36:29","slug":"jaen","status":"publish","type":"page","link":"https:\/\/idecesos.com\/seguros\/companias\/meridiano\/jaen\/","title":{"rendered":"Oficinas seguros de decesos Meridiano en Ja\u00e9n"},"content":{"rendered":"<div id=\"ez-toc-container\" class=\"ez-toc-v2_0_82_2 ez-toc-wrap-center counter-hierarchy ez-toc-counter ez-toc-custom ez-toc-container-direction\">\n<div class=\"ez-toc-title-container\">\n<p class=\"ez-toc-title\" style=\"cursor:inherit\">Tabla de Contenido<\/p>\n<span class=\"ez-toc-title-toggle\"><a href=\"#\" class=\"ez-toc-pull-right ez-toc-btn ez-toc-btn-xs ez-toc-btn-default ez-toc-toggle\" aria-label=\"Alternar tabla de contenidos\"><span class=\"ez-toc-js-icon-con\"><span class=\"\"><span class=\"eztoc-hide\" style=\"display:none;\">Toggle<\/span><span class=\"ez-toc-icon-toggle-span\"><svg style=\"fill: #db6415;color:#db6415\" xmlns=\"http:\/\/www.w3.org\/2000\/svg\" class=\"list-377408\" width=\"20px\" height=\"20px\" viewBox=\"0 0 24 24\" fill=\"none\"><path d=\"M6 6H4v2h2V6zm14 0H8v2h12V6zM4 11h2v2H4v-2zm16 0H8v2h12v-2zM4 16h2v2H4v-2zm16 0H8v2h12v-2z\" fill=\"currentColor\"><\/path><\/svg><svg style=\"fill: #db6415;color:#db6415\" class=\"arrow-unsorted-368013\" xmlns=\"http:\/\/www.w3.org\/2000\/svg\" width=\"10px\" height=\"10px\" viewBox=\"0 0 24 24\" version=\"1.2\" baseProfile=\"tiny\"><path d=\"M18.2 9.3l-6.2-6.3-6.2 6.3c-.2.2-.3.4-.3.7s.1.5.3.7c.2.2.4.3.7.3h11c.3 0 .5-.1.7-.3.2-.2.3-.5.3-.7s-.1-.5-.3-.7zM5.8 14.7l6.2 6.3 6.2-6.3c.2-.2.3-.5.3-.7s-.1-.5-.3-.7c-.2-.2-.4-.3-.7-.3h-11c-.3 0-.5.1-.7.3-.2.2-.3.5-.3.7s.1.5.3.7z\"\/><\/svg><\/span><\/span><\/span><\/a><\/span><\/div>\n<nav><ul class='ez-toc-list ez-toc-list-level-1 ' ><li class='ez-toc-page-1 ez-toc-heading-level-2'><a class=\"ez-toc-link ez-toc-heading-1\" href=\"https:\/\/idecesos.com\/seguros\/companias\/meridiano\/jaen\/#Seguro_de_decesos_Meridiano_en_Jaen\" >Seguro de decesos Meridiano en Ja\u00e9n<\/a><\/li><li class='ez-toc-page-1 ez-toc-heading-level-2'><a class=\"ez-toc-link ez-toc-heading-2\" href=\"https:\/\/idecesos.com\/seguros\/companias\/meridiano\/jaen\/#Mapa_de_sucursales_de_seguros_Meridiano_en_Jaen\" >Mapa de sucursales de seguros Meridiano en Ja\u00e9n<\/a><\/li><li class='ez-toc-page-1 ez-toc-heading-level-2'><a class=\"ez-toc-link ez-toc-heading-3\" href=\"https:\/\/idecesos.com\/seguros\/companias\/meridiano\/jaen\/#Listado_de_sucursales_Meridiano_en_Jaen\" >Listado de sucursales Meridiano en Ja\u00e9n<\/a><\/li><li class='ez-toc-page-1 ez-toc-heading-level-2'><a class=\"ez-toc-link ez-toc-heading-4\" href=\"https:\/\/idecesos.com\/seguros\/companias\/meridiano\/jaen\/#Oficinas_de_seguros_de_decesos_en_Jaen\" >Oficinas de seguros de decesos en Ja\u00e9n<\/a><ul class='ez-toc-list-level-3' ><li class='ez-toc-heading-level-3'><a class=\"ez-toc-link ez-toc-heading-5\" href=\"https:\/\/idecesos.com\/seguros\/companias\/meridiano\/jaen\/#Listado_de_oficinas_Meridiano_en_Espana\" >Listado de oficinas Meridiano en Espa\u00f1a<\/a><\/li><li class='ez-toc-page-1 ez-toc-heading-level-3'><a class=\"ez-toc-link ez-toc-heading-6\" href=\"https:\/\/idecesos.com\/seguros\/companias\/meridiano\/jaen\/#Paginas_relacionadas\" >P\u00e1ginas relacionadas<\/a><\/li><\/ul><\/li><\/ul><\/nav><\/div>\n<p><br \/>\n<a href=\"https:\/\/idecesos.com\/seguros\/companias\/meridiano\/\"><img decoding=\"async\" class=\" alignleft\" src=\"https:\/\/idecesos.com\/seguros\/wp-content\/uploads\/2021\/10\/Diseno-sin-titulo-23-150x150.png\" alt=\"Seguro de decesos Meridiano\" \/><\/a>Te dan calidad en servicio como en atenci\u00f3n, puedes asistir a sus diferentes sucursales de Meridiano en Ja\u00e9n. Cada horario cambiara seg\u00fan la temporada en que se encuentre. Es interesante conocer la localizaci\u00f3n de cada uno de ellos de Meridiano en Ja\u00e9n, para poder localizarlo a nuestra proximidad. Ellos se encargasen de administrar todos tus inconvenientes de una forma m\u00e1s r\u00e1pida. \u00a0<\/p>\n<p>\u00bfQuieres calidad en el servicio, evitando problemas? por esta raz\u00f3n te ense\u00f1amos las localizaciones de cada <strong>oficina de Meridiano<\/strong> en Ja\u00e9n lo m\u00e1s cerca de ti. Adem\u00e1s de gestionar tus problemas al momento, te aconsejan en todo instante tarde o bien temprano de tener tu p\u00f3liza, asegurando un servicio m\u00e1s pr\u00f3ximo y eficaz. \u00a0Durante la trayectoria las ciertas ventajas m\u00e1s notable son la de oficinas de Meridiano en Ja\u00e9n. <\/p>\n<p>Visita nuestra p\u00e1gina de <a href=\"https:\/\/idecesos.com\/seguros\/companias\/meridiano\/\">seguros de decesos Meridiano<\/a> para m\u00e1s informaci\u00f3n.<\/p>\n<div class=\"colorf \"  ><div class=\"container clearfix\"><div class=\"col-md-7\">\n<h2><span class=\"ez-toc-section\" id=\"Seguro_de_decesos_Meridiano_en_Jaen\"><\/span>Seguro de decesos Meridiano en Ja\u00e9n<span class=\"ez-toc-section-end\"><\/span><\/h2>\n<p>Somos referente en cuanto a la calidad que recibe cada uno de nuestros clientes del servicio, siendo de excelencia un servicio destacable, contando con las diferentes compa\u00f1\u00edas en Ja\u00e9n. Sabemos que es complicado obtener un presupuesto, donde cuesta comprender toda la informaci\u00f3n,  te obsequiamos la ocasi\u00f3n de poder acceder inmediatamente a pedir tu presupuesto de Meridiano en Ja\u00e9n, recibir\u00e1s la informaci\u00f3n pedida en el instante ahorr\u00e1ndote tiempo en todo instante. <\/p>\n<p><strong>Ver m\u00e1s:<\/strong> <a href=\"https:\/\/idecesos.com\/seguros\/ciudades\/jaen\/\">Seguros de decesos en Ja\u00e9n<\/a><\/p>\n<p>En Ja\u00e9n deseamos cubrirte como compa\u00f1\u00eda aseguradora lo mejor para ti y tu familia donde cuentes con servicio de \u00edndole, amoldado para ti en todo momento. \u00bfDe qu\u00e9 manera solicitar cita? es m\u00e1s simple que jam\u00e1s siendo cuesti\u00f3n de al momento, solucionando todos tus inconvenientes. Resolver tus dudas de Meridiano jam\u00e1s hab\u00eda sido tan sencillo. Con respecto a las distintas cuestiones, te traemos las contestaciones a todas , recopiladas solo para ti. <strong>M\u00e1s simple no te lo hemos podido poner<\/strong>, con este formulario obtendr\u00e1s tu cita o presupuesto, seg\u00fan lo que precises. Sin necesidad de muchos tramites, darte la soluci\u00f3n no nos cuesta nada. <\/p>\n<p><\/div><\/div><\/div>\n\t\t<hr class=\"separador\">\n\t\t<div class=\"bloque-accion\">\n\t\t<p class=\"txt-accion\">Calcula el precio de tu seguro de decesos en menos de 1 minuto<\/p>\n\t\t<a class=\"btn-accion\" href=\"https:\/\/idecesos.com\/\">CALCULAR<\/a>\n\t\t<\/div>\n\t\t<hr class=\"separador\">\n\t\t<\/p>\n<h2><span class=\"ez-toc-section\" id=\"Mapa_de_sucursales_de_seguros_Meridiano_en_Jaen\"><\/span>Mapa de sucursales de seguros Meridiano en Ja\u00e9n<span class=\"ez-toc-section-end\"><\/span><\/h2>\n<p>Un localizador de oficinas Meridiano en Ja\u00e9n ha venido a administrar todos y cada uno de los problemas de manera m\u00e1s f\u00e1cil, <strong>cuentas con un mapa por Meridiano<\/strong> en Ja\u00e9n, con la realizaci\u00f3n a su proximidad. Con el objetivo de que en el proceso dure lo menos posible, ahorr\u00e1ndote tiempo y asegur\u00e1ndote que tu tiempo quede invertido. Vas a poder administrar las horas de una forma m\u00e1s productiva. Sin precisar buscar m\u00e1s, el localizador soluciona y administra con eficacia la busca. <\/p>\n<p><iframe class=\"page-generator-pro-map\" width=\"100%\" height=\"400\" frameborder=\"0\" style=\"border:0\" src=\"https:\/\/www.google.com\/maps\/embed\/v1\/place?q=Linares%2C+Espa%C3%B1a&#038;zoom=14&#038;maptype=roadmap&#038;key=AIzaSyCNTEOso0tZG6YMSJFoaJEY5Th1stEWrJI\" allowfullscreen><\/iframe><\/p>\n<div class=\"colorf\"><div class=\"container clearfix\"><div class=\"col-md-7\"><div class=\"empresas\">\n<h2><span class=\"ez-toc-section\" id=\"Listado_de_sucursales_Meridiano_en_Jaen\"><\/span>Listado de sucursales Meridiano en Ja\u00e9n<span class=\"ez-toc-section-end\"><\/span><\/h2>\n<ul>\n<li><strong>Compa\u00f1\u00eda de seguros Espa\u00f1a:<\/strong> 23700<\/li>\n<\/ul>\n<\/div><\/div><\/div><\/div>\n<h2><span class=\"ez-toc-section\" id=\"Oficinas_de_seguros_de_decesos_en_Jaen\"><\/span>Oficinas de seguros de decesos en Ja\u00e9n<span class=\"ez-toc-section-end\"><\/span><\/h2>\n<p>De una manera m\u00e1s f\u00e1cil podr\u00e1s tener a tu alcance el <strong>listado de aseguradora de defunci\u00f3n en Ja\u00e9n<\/strong> en el encontrases toda la informaci\u00f3n oportuna, para una mejora administraci\u00f3n del mismo. Funcional y eficiente, dando unos resultados incre\u00edble a la informaci\u00f3n que se necesite en el instante que se requiera. Teniendo una mente claro, descubres que lo tienes a tu predisposici\u00f3n en cualquier instante que m\u00e1s lo debas utilizar. Damos resultados, aseguramos una b\u00fasqueda eficiente. Vas a conocer las distintas compa\u00f1\u00edas que se ubiquen en tu zona. <\/p>\n<div class=\"colorf\"><div class=\"container clearfix\"><div class=\"col-md-7\"><div class=\"empresas\">\n<h3><span class=\"ez-toc-section\" id=\"Listado_de_oficinas_Meridiano_en_Espana\"><\/span>Listado de oficinas Meridiano en Espa\u00f1a<span class=\"ez-toc-section-end\"><\/span><\/h3>\n<p><!-- Shortcode [meridiano-oficinas] does not exist --><\/div><\/div><\/div><\/div><\/p>\n<p><div class=\"oficinas\"><br \/>\n<h3><span class=\"ez-toc-section\" id=\"Paginas_relacionadas\"><\/span>P\u00e1ginas relacionadas<span class=\"ez-toc-section-end\"><\/span><\/h3><div class=\"enlazado\"><ul> <li><a href=\"https:\/\/idecesos.com\/seguros\/companias\/meridiano\/coberturas\/\">Coberturas Seguro de Decesos Meridiano<\/a><\/li> <li><a href=\"https:\/\/idecesos.com\/seguros\/companias\/meridiano\/opiniones\/\">Opiniones Meridiano<\/a><\/li> <li><a href=\"https:\/\/idecesos.com\/seguros\/companias\/meridiano\/precio\/\">Precio seguro Meridiano<\/a><\/li> <li><a href=\"https:\/\/idecesos.com\/seguros\/companias\/meridiano\/prima-mixta\/\">Meridiano Prima Mixta<\/a><\/li> <li><a href=\"https:\/\/idecesos.com\/seguros\/companias\/meridiano\/prima-natural\/\">Meridiano Prima Natural<\/a><\/li> <li><a href=\"https:\/\/idecesos.com\/seguros\/companias\/meridiano\/prima-nivelada\/\">Meridiano Prima Nivelada<\/a><\/li> <li><a href=\"https:\/\/idecesos.com\/seguros\/companias\/meridiano\/prima-unica\/\">Meridiano Prima \u00danica<\/a><\/li> <li><a href=\"https:\/\/idecesos.com\/seguros\/companias\/meridiano\/repatriacion\/\">Meridiano Repatriaci\u00f3n<\/a><\/li> <li><a href=\"https:\/\/idecesos.com\/seguros\/companias\/meridiano\/telefono\/\">Tel\u00e9fono Gratuito Meridiano<\/a><\/li>   <\/ul><\/div><br \/>\n<\/div><\/p>\n","protected":false},"excerpt":{"rendered":"<p>Te dan calidad en servicio como en atenci\u00f3n, puedes asistir a sus diferentes sucursales de Meridiano en Ja\u00e9n. Cada horario cambiara seg\u00fan la temporada en que se encuentre. Es interesante conocer la localizaci\u00f3n de cada uno de ellos de Meridiano en Ja\u00e9n, para poder localizarlo a nuestra proximidad. Ellos se encargasen de administrar todos tus&hellip; <\/p>\n","protected":false},"author":0,"featured_media":0,"parent":735,"menu_order":0,"comment_status":"closed","ping_status":"closed","template":"single.php","meta":{"footnotes":""},"class_list":["post-21236","page","type-page","status-publish","hentry"],"yoast_head":"<!-- This site is optimized with the Yoast SEO plugin v27.3 - https:\/\/yoast.com\/product\/yoast-seo-wordpress\/ -->\n<title>Oficinas Meridiano en Ja\u00e9n \u25b7Tel\u00e9fonos, Horarios, Direcci\u00f3n<\/title>\n<meta name=\"description\" content=\"Lista completa de Oficinas Meridiano en Ja\u00e9n Horarios, \u2706 tel\u00e9fonos y direcciones actualizados en 2026 \u2611\ufe0f Verificado por iDecesos.\" \/>\n<meta name=\"robots\" content=\"index, follow, max-snippet:-1, max-image-preview:large, max-video-preview:-1\" \/>\n<link rel=\"canonical\" href=\"https:\/\/idecesos.com\/seguros\/companias\/meridiano\/jaen\/\" \/>\n<meta property=\"og:locale\" content=\"es_ES\" \/>\n<meta property=\"og:type\" content=\"article\" \/>\n<meta property=\"og:title\" content=\"Oficinas Meridiano en Ja\u00e9n \u25b7Tel\u00e9fonos, Horarios, Direcci\u00f3n\" \/>\n<meta property=\"og:description\" content=\"Lista completa de Oficinas Meridiano en Ja\u00e9n Horarios, \u2706 tel\u00e9fonos y direcciones actualizados en 2026 \u2611\ufe0f Verificado por iDecesos.\" \/>\n<meta property=\"og:url\" content=\"https:\/\/idecesos.com\/seguros\/companias\/meridiano\/jaen\/\" \/>\n<meta property=\"og:image\" content=\"https:\/\/idecesos.com\/seguros\/wp-content\/uploads\/2021\/10\/Diseno-sin-titulo-23-150x150.png\" \/>\n<meta name=\"twitter:card\" content=\"summary_large_image\" \/>\n<meta name=\"twitter:label1\" content=\"Tiempo de lectura\" \/>\n\t<meta name=\"twitter:data1\" content=\"39 minutos\" \/>\n<script type=\"application\/ld+json\" class=\"yoast-schema-graph\">{\"@context\":\"https:\\\/\\\/schema.org\",\"@graph\":[{\"@type\":\"WebPage\",\"@id\":\"https:\\\/\\\/idecesos.com\\\/seguros\\\/companias\\\/meridiano\\\/jaen\\\/\",\"url\":\"https:\\\/\\\/idecesos.com\\\/seguros\\\/companias\\\/meridiano\\\/jaen\\\/\",\"name\":\"Oficinas Meridiano en Ja\u00e9n \u25b7Tel\u00e9fonos, Horarios, Direcci\u00f3n\",\"isPartOf\":{\"@id\":\"https:\\\/\\\/idecesos.com\\\/seguros\\\/#website\"},\"primaryImageOfPage\":{\"@id\":\"https:\\\/\\\/idecesos.com\\\/seguros\\\/companias\\\/meridiano\\\/jaen\\\/#primaryimage\"},\"image\":{\"@id\":\"https:\\\/\\\/idecesos.com\\\/seguros\\\/companias\\\/meridiano\\\/jaen\\\/#primaryimage\"},\"thumbnailUrl\":\"https:\\\/\\\/idecesos.com\\\/seguros\\\/wp-content\\\/uploads\\\/2021\\\/10\\\/Diseno-sin-titulo-23-150x150.png\",\"datePublished\":\"2022-05-01T20:36:29+00:00\",\"description\":\"Lista completa de Oficinas Meridiano en Ja\u00e9n Horarios, \u2706 tel\u00e9fonos y direcciones actualizados en 2026 \u2611\ufe0f Verificado por iDecesos.\",\"breadcrumb\":{\"@id\":\"https:\\\/\\\/idecesos.com\\\/seguros\\\/companias\\\/meridiano\\\/jaen\\\/#breadcrumb\"},\"inLanguage\":\"es\",\"potentialAction\":[{\"@type\":\"ReadAction\",\"target\":[\"https:\\\/\\\/idecesos.com\\\/seguros\\\/companias\\\/meridiano\\\/jaen\\\/\"]}]},{\"@type\":\"ImageObject\",\"inLanguage\":\"es\",\"@id\":\"https:\\\/\\\/idecesos.com\\\/seguros\\\/companias\\\/meridiano\\\/jaen\\\/#primaryimage\",\"url\":\"https:\\\/\\\/idecesos.com\\\/seguros\\\/wp-content\\\/uploads\\\/2021\\\/10\\\/Diseno-sin-titulo-23.png\",\"contentUrl\":\"https:\\\/\\\/idecesos.com\\\/seguros\\\/wp-content\\\/uploads\\\/2021\\\/10\\\/Diseno-sin-titulo-23.png\",\"width\":200,\"height\":200},{\"@type\":\"BreadcrumbList\",\"@id\":\"https:\\\/\\\/idecesos.com\\\/seguros\\\/companias\\\/meridiano\\\/jaen\\\/#breadcrumb\",\"itemListElement\":[{\"@type\":\"ListItem\",\"position\":1,\"name\":\"Portada\",\"item\":\"https:\\\/\\\/idecesos.com\\\/seguros\\\/\"},{\"@type\":\"ListItem\",\"position\":2,\"name\":\"Compa\u00f1\u00edas de Seguros de Decesos en Espa\u00f1a\",\"item\":\"https:\\\/\\\/idecesos.com\\\/seguros\\\/companias\\\/\"},{\"@type\":\"ListItem\",\"position\":3,\"name\":\"Seguro de decesos Meridiano\",\"item\":\"https:\\\/\\\/idecesos.com\\\/seguros\\\/companias\\\/meridiano\\\/\"},{\"@type\":\"ListItem\",\"position\":4,\"name\":\"Oficinas seguros de decesos Meridiano en Ja\u00e9n\"}]},{\"@type\":\"WebSite\",\"@id\":\"https:\\\/\\\/idecesos.com\\\/seguros\\\/#website\",\"url\":\"https:\\\/\\\/idecesos.com\\\/seguros\\\/\",\"name\":\"\",\"description\":\"\",\"potentialAction\":[{\"@type\":\"SearchAction\",\"target\":{\"@type\":\"EntryPoint\",\"urlTemplate\":\"https:\\\/\\\/idecesos.com\\\/seguros\\\/?s={search_term_string}\"},\"query-input\":{\"@type\":\"PropertyValueSpecification\",\"valueRequired\":true,\"valueName\":\"search_term_string\"}}],\"inLanguage\":\"es\"}]}<\/script>\n<!-- \/ Yoast SEO plugin. -->","yoast_head_json":{"title":"Oficinas Meridiano en Ja\u00e9n \u25b7Tel\u00e9fonos, Horarios, Direcci\u00f3n","description":"Lista completa de Oficinas Meridiano en Ja\u00e9n Horarios, \u2706 tel\u00e9fonos y direcciones actualizados en 2026 \u2611\ufe0f Verificado por iDecesos.","robots":{"index":"index","follow":"follow","max-snippet":"max-snippet:-1","max-image-preview":"max-image-preview:large","max-video-preview":"max-video-preview:-1"},"canonical":"https:\/\/idecesos.com\/seguros\/companias\/meridiano\/jaen\/","og_locale":"es_ES","og_type":"article","og_title":"Oficinas Meridiano en Ja\u00e9n \u25b7Tel\u00e9fonos, Horarios, Direcci\u00f3n","og_description":"Lista completa de Oficinas Meridiano en Ja\u00e9n Horarios, \u2706 tel\u00e9fonos y direcciones actualizados en 2026 \u2611\ufe0f Verificado por iDecesos.","og_url":"https:\/\/idecesos.com\/seguros\/companias\/meridiano\/jaen\/","og_image":[{"url":"https:\/\/idecesos.com\/seguros\/wp-content\/uploads\/2021\/10\/Diseno-sin-titulo-23-150x150.png","type":"","width":"","height":""}],"twitter_card":"summary_large_image","twitter_misc":{"Tiempo de lectura":"39 minutos"},"schema":{"@context":"https:\/\/schema.org","@graph":[{"@type":"WebPage","@id":"https:\/\/idecesos.com\/seguros\/companias\/meridiano\/jaen\/","url":"https:\/\/idecesos.com\/seguros\/companias\/meridiano\/jaen\/","name":"Oficinas Meridiano en Ja\u00e9n \u25b7Tel\u00e9fonos, Horarios, Direcci\u00f3n","isPartOf":{"@id":"https:\/\/idecesos.com\/seguros\/#website"},"primaryImageOfPage":{"@id":"https:\/\/idecesos.com\/seguros\/companias\/meridiano\/jaen\/#primaryimage"},"image":{"@id":"https:\/\/idecesos.com\/seguros\/companias\/meridiano\/jaen\/#primaryimage"},"thumbnailUrl":"https:\/\/idecesos.com\/seguros\/wp-content\/uploads\/2021\/10\/Diseno-sin-titulo-23-150x150.png","datePublished":"2022-05-01T20:36:29+00:00","description":"Lista completa de Oficinas Meridiano en Ja\u00e9n Horarios, \u2706 tel\u00e9fonos y direcciones actualizados en 2026 \u2611\ufe0f Verificado por iDecesos.","breadcrumb":{"@id":"https:\/\/idecesos.com\/seguros\/companias\/meridiano\/jaen\/#breadcrumb"},"inLanguage":"es","potentialAction":[{"@type":"ReadAction","target":["https:\/\/idecesos.com\/seguros\/companias\/meridiano\/jaen\/"]}]},{"@type":"ImageObject","inLanguage":"es","@id":"https:\/\/idecesos.com\/seguros\/companias\/meridiano\/jaen\/#primaryimage","url":"https:\/\/idecesos.com\/seguros\/wp-content\/uploads\/2021\/10\/Diseno-sin-titulo-23.png","contentUrl":"https:\/\/idecesos.com\/seguros\/wp-content\/uploads\/2021\/10\/Diseno-sin-titulo-23.png","width":200,"height":200},{"@type":"BreadcrumbList","@id":"https:\/\/idecesos.com\/seguros\/companias\/meridiano\/jaen\/#breadcrumb","itemListElement":[{"@type":"ListItem","position":1,"name":"Portada","item":"https:\/\/idecesos.com\/seguros\/"},{"@type":"ListItem","position":2,"name":"Compa\u00f1\u00edas de Seguros de Decesos en Espa\u00f1a","item":"https:\/\/idecesos.com\/seguros\/companias\/"},{"@type":"ListItem","position":3,"name":"Seguro de decesos Meridiano","item":"https:\/\/idecesos.com\/seguros\/companias\/meridiano\/"},{"@type":"ListItem","position":4,"name":"Oficinas seguros de decesos Meridiano en Ja\u00e9n"}]},{"@type":"WebSite","@id":"https:\/\/idecesos.com\/seguros\/#website","url":"https:\/\/idecesos.com\/seguros\/","name":"","description":"","potentialAction":[{"@type":"SearchAction","target":{"@type":"EntryPoint","urlTemplate":"https:\/\/idecesos.com\/seguros\/?s={search_term_string}"},"query-input":{"@type":"PropertyValueSpecification","valueRequired":true,"valueName":"search_term_string"}}],"inLanguage":"es"}]}},"_links":{"self":[{"href":"https:\/\/idecesos.com\/seguros\/wp-json\/wp\/v2\/pages\/21236","targetHints":{"allow":["GET"]}}],"collection":[{"href":"https:\/\/idecesos.com\/seguros\/wp-json\/wp\/v2\/pages"}],"about":[{"href":"https:\/\/idecesos.com\/seguros\/wp-json\/wp\/v2\/types\/page"}],"replies":[{"embeddable":true,"href":"https:\/\/idecesos.com\/seguros\/wp-json\/wp\/v2\/comments?post=21236"}],"version-history":[{"count":0,"href":"https:\/\/idecesos.com\/seguros\/wp-json\/wp\/v2\/pages\/21236\/revisions"}],"up":[{"embeddable":true,"href":"https:\/\/idecesos.com\/seguros\/wp-json\/wp\/v2\/pages\/735"}],"wp:attachment":[{"href":"https:\/\/idecesos.com\/seguros\/wp-json\/wp\/v2\/media?parent=21236"}],"curies":[{"name":"wp","href":"https:\/\/api.w.org\/{rel}","templated":true}]}}