{"id":21258,"date":"2022-05-01T20:36:42","date_gmt":"2022-05-01T20:36:42","guid":{"rendered":"https:\/\/idecesos.com\/seguros\/companias\/mgs\/avila\/"},"modified":"2022-05-01T20:36:42","modified_gmt":"2022-05-01T20:36:42","slug":"avila","status":"publish","type":"page","link":"https:\/\/idecesos.com\/seguros\/companias\/mgs\/avila\/","title":{"rendered":"Oficinas seguros de decesos MGS en \u00c1vila"},"content":{"rendered":"<div id=\"ez-toc-container\" class=\"ez-toc-v2_0_82_2 ez-toc-wrap-center counter-hierarchy ez-toc-counter ez-toc-custom ez-toc-container-direction\">\n<div class=\"ez-toc-title-container\">\n<p class=\"ez-toc-title\" style=\"cursor:inherit\">Tabla de Contenido<\/p>\n<span class=\"ez-toc-title-toggle\"><a href=\"#\" class=\"ez-toc-pull-right ez-toc-btn ez-toc-btn-xs ez-toc-btn-default ez-toc-toggle\" aria-label=\"Alternar tabla de contenidos\"><span class=\"ez-toc-js-icon-con\"><span class=\"\"><span class=\"eztoc-hide\" style=\"display:none;\">Toggle<\/span><span class=\"ez-toc-icon-toggle-span\"><svg style=\"fill: #db6415;color:#db6415\" xmlns=\"http:\/\/www.w3.org\/2000\/svg\" class=\"list-377408\" width=\"20px\" height=\"20px\" viewBox=\"0 0 24 24\" fill=\"none\"><path d=\"M6 6H4v2h2V6zm14 0H8v2h12V6zM4 11h2v2H4v-2zm16 0H8v2h12v-2zM4 16h2v2H4v-2zm16 0H8v2h12v-2z\" fill=\"currentColor\"><\/path><\/svg><svg style=\"fill: #db6415;color:#db6415\" class=\"arrow-unsorted-368013\" xmlns=\"http:\/\/www.w3.org\/2000\/svg\" width=\"10px\" height=\"10px\" viewBox=\"0 0 24 24\" version=\"1.2\" baseProfile=\"tiny\"><path d=\"M18.2 9.3l-6.2-6.3-6.2 6.3c-.2.2-.3.4-.3.7s.1.5.3.7c.2.2.4.3.7.3h11c.3 0 .5-.1.7-.3.2-.2.3-.5.3-.7s-.1-.5-.3-.7zM5.8 14.7l6.2 6.3 6.2-6.3c.2-.2.3-.5.3-.7s-.1-.5-.3-.7c-.2-.2-.4-.3-.7-.3h-11c-.3 0-.5.1-.7.3-.2.2-.3.5-.3.7s.1.5.3.7z\"\/><\/svg><\/span><\/span><\/span><\/a><\/span><\/div>\n<nav><ul class='ez-toc-list ez-toc-list-level-1 ' ><li class='ez-toc-page-1 ez-toc-heading-level-2'><a class=\"ez-toc-link ez-toc-heading-1\" href=\"https:\/\/idecesos.com\/seguros\/companias\/mgs\/avila\/#Seguro_de_decesos_MGS_en_Avila\" >Seguro de decesos MGS en \u00c1vila<\/a><\/li><li class='ez-toc-page-1 ez-toc-heading-level-2'><a class=\"ez-toc-link ez-toc-heading-2\" href=\"https:\/\/idecesos.com\/seguros\/companias\/mgs\/avila\/#Mapa_de_sucursales_de_seguros_MGS_en_Avila\" >Mapa de sucursales de seguros MGS en \u00c1vila<\/a><\/li><li class='ez-toc-page-1 ez-toc-heading-level-2'><a class=\"ez-toc-link ez-toc-heading-3\" href=\"https:\/\/idecesos.com\/seguros\/companias\/mgs\/avila\/#Listado_de_agencias_MGS_en_Avila\" >Listado de agencias MGS en \u00c1vila<\/a><\/li><li class='ez-toc-page-1 ez-toc-heading-level-2'><a class=\"ez-toc-link ez-toc-heading-4\" href=\"https:\/\/idecesos.com\/seguros\/companias\/mgs\/avila\/#Oficinas_de_seguros_de_decesos_en_Avila\" >Oficinas de seguros de decesos en \u00c1vila<\/a><ul class='ez-toc-list-level-3' ><li class='ez-toc-heading-level-3'><a class=\"ez-toc-link ez-toc-heading-5\" href=\"https:\/\/idecesos.com\/seguros\/companias\/mgs\/avila\/#Listado_de_oficinas_MGS_en_Espana\" >Listado de oficinas MGS en Espa\u00f1a<\/a><\/li><li class='ez-toc-page-1 ez-toc-heading-level-3'><a class=\"ez-toc-link ez-toc-heading-6\" href=\"https:\/\/idecesos.com\/seguros\/companias\/mgs\/avila\/#Paginas_relacionadas\" >P\u00e1ginas relacionadas<\/a><\/li><\/ul><\/li><\/ul><\/nav><\/div>\n<p><br \/>\n<a href=\"https:\/\/idecesos.com\/seguros\/companias\/mgs\/\"><img decoding=\"async\" class=\" alignleft\" src=\"https:\/\/idecesos.com\/seguros\/wp-content\/uploads\/2021\/10\/Diseno-sin-titulo-59-150x150.png\" alt=\"Seguro de decesos MGS\" \/><\/a>\u00bfSab\u00edas que \u00c1vila tiene a predisposici\u00f3n diferentes delegaciones de MGS? En cual va a ser atendido por una persona con una trayectoria importante para darle el mejor servicio. Quedando apoyado en todo momento, donde solucionar\u00e1n todos sus inconvenientes al respecto. Es importante contar con oficinas, de este modo solventaran tus problemas presencialmente, sabemos que es m\u00e1s eficiente si se trata a la distancia. Por esta raz\u00f3n es esencial contar a tu alcance con oficinas de seguros de decesos. <\/p>\n<p><strong>Oficinas de MGS en \u00c1vila<\/strong> es dif\u00edcil saber donde se halla ubicado cada uno de ellos de ellos, por eso te traemos en exclusiva los que puedes tener cerca de ti, para cuando m\u00e1s lo necesites, gestion\u00e1ndote los inconvenientes que que han podido surgir con tu seguro contratado. Cuando se requiere de este servicio tan cerca el desarrollo de cada empresa es asesarte en el proceso de la perdida de un familiar, acudiendo a tu oficina m\u00e1s cerca nunca vas a tener inconvenientes cuando se gestione alg\u00fan tramite sobre la p\u00f3liza. \u00a0<\/p>\n<p>Visita nuestra p\u00e1gina de <a href=\"https:\/\/idecesos.com\/seguros\/companias\/mgs\/\">seguros de decesos MGS<\/a> para m\u00e1s informaci\u00f3n.<\/p>\n<div class=\"colorf \"  ><div class=\"container clearfix\"><div class=\"col-md-7\">\n<h2><span class=\"ez-toc-section\" id=\"Seguro_de_decesos_MGS_en_Avila\"><\/span>Seguro de decesos MGS en \u00c1vila<span class=\"ez-toc-section-end\"><\/span><\/h2>\n<p>Prevenir los fallos que puedan causar o surgir a lo largo de la gesti\u00f3n documentaria. Te damos esa tranquilidad de que nunca va a suceder. Acomod\u00e1ndose a su situaci\u00f3n quedando cubierto sus necesidades. \u00bfPara qui\u00e9n est\u00e1 dirigido el servicio de oficinas de MGS en \u00c1vila? para todas y cada una de las personas que precisen administrar de una forma m\u00e1s eficiente y r\u00e1pida, las gestiones oportunas. Obtendr\u00e1s de forma m\u00e1s productiva la soluci\u00f3n al fallo siendo un proceso m\u00e1s f\u00e1cil y adecuada. <\/p>\n<p><strong>Ver m\u00e1s:<\/strong> <a href=\"https:\/\/idecesos.com\/seguros\/ciudades\/avila\/\">Seguros de decesos en \u00c1vila<\/a><\/p>\n<p>Hemos creado un formulario, donde resolver\u00e1n todos tus inconvenientes, evit\u00e1ndote dificultades para la soluci\u00f3n del mismo. jam\u00e1s ha sido tan sencillo. No solamente te ayudase a saber lo que vas a liquidar, vas a aprender a conocer los datos que vienen desglosado a la hora de pagar. As\u00ed podr\u00edas adelantarte a conocer cuando llegar\u00edas a pagar en un futuro y previni\u00e9ndote para cuando llegue ese momento.<br \/>\nAbsolutamente sin costo, adaptado a sus necesidades m\u00e1s complejas. Accede ahora y cuenta con la calma de tener tu presupuesto, eludiendo complicaciones. Aseguramos que tengas la tranquilidad que te mereces, de ah\u00ed que te obsequiamos toda la informaci\u00f3n que precises sin ning\u00fan compromiso. <\/p>\n<p><\/div><\/div><\/div>\n\t\t<hr class=\"separador\">\n\t\t<div class=\"bloque-accion\">\n\t\t<p class=\"txt-accion\">Calcula el precio de tu seguro de decesos en menos de 1 minuto<\/p>\n\t\t<a class=\"btn-accion\" href=\"https:\/\/idecesos.com\/\">CALCULAR<\/a>\n\t\t<\/div>\n\t\t<hr class=\"separador\">\n\t\t<\/p>\n<h2><span class=\"ez-toc-section\" id=\"Mapa_de_sucursales_de_seguros_MGS_en_Avila\"><\/span>Mapa de sucursales de seguros MGS en \u00c1vila<span class=\"ez-toc-section-end\"><\/span><\/h2>\n<p>Jam\u00e1s sabes que tan \u00fatil te resultara conocer un mapa por empresas o un localizador, por ello hemos pensado por ti y hemos tra\u00eddo un localizador de sucursales de MGS en \u00c1vila vas a tener a predisposici\u00f3n toda la informaci\u00f3n relevante y a tu inter\u00e9s, precisamente por eso asimismo hemos logrado traerte y mantengas a tu <strong>alcance un mapa por \u00c1vila de las oficinas de MGS<\/strong> donde podr\u00e1s conocer donde cuentan cada uno de ellas. Siendo de las m\u00e1s segura, te da todos los datos precisos. <\/p>\n<p><iframe class=\"page-generator-pro-map\" width=\"100%\" height=\"400\" frameborder=\"0\" style=\"border:0\" src=\"https:\/\/www.google.com\/maps\/embed\/v1\/place?q=%C3%81vila%2C+Espa%C3%B1a&#038;zoom=14&#038;maptype=roadmap&#038;key=AIzaSyCNTEOso0tZG6YMSJFoaJEY5Th1stEWrJI\" allowfullscreen><\/iframe><\/p>\n<div class=\"colorf\"><div class=\"container clearfix\"><div class=\"col-md-7\"><div class=\"empresas\">\n<h2><span class=\"ez-toc-section\" id=\"Listado_de_agencias_MGS_en_Avila\"><\/span>Listado de agencias MGS en \u00c1vila<span class=\"ez-toc-section-end\"><\/span><\/h2>\n<ul>\n<li><strong>Compa\u00f1\u00eda de seguros Espa\u00f1a:<\/strong> 05001<\/li>\n<\/ul>\n<\/div><\/div><\/div><\/div>\n<h2><span class=\"ez-toc-section\" id=\"Oficinas_de_seguros_de_decesos_en_Avila\"><\/span>Oficinas de seguros de decesos en \u00c1vila<span class=\"ez-toc-section-end\"><\/span><\/h2>\n<p>\u00bfDeseas conocer el cat\u00e1logo de seguros de decesos en \u00c1vila? te lo damos de forma sin coste y f\u00e1cil evit\u00e1ndote todas dificultades que puedas llegar a tener. No solo cuentas con eso, asimismo vas a tener la informaci\u00f3n referente a cada uno de ellos de ellos. No te quedes sin resolver tus dudas, con tan solo un click tendr\u00e1s todo cuanto precisas saber. Nos agrada ponerte las cosas f\u00e1ciles, por ello cuentas con nosotros. <\/p>\n<div class=\"colorf\"><div class=\"container clearfix\"><div class=\"col-md-7\"><div class=\"empresas\">\n<h3><span class=\"ez-toc-section\" id=\"Listado_de_oficinas_MGS_en_Espana\"><\/span>Listado de oficinas MGS en Espa\u00f1a<span class=\"ez-toc-section-end\"><\/span><\/h3>\n<p><!-- Shortcode [mgs-oficinas] does not exist --><\/div><\/div><\/div><\/div><\/p>\n<p><div class=\"oficinas\"><br \/>\n<h3><span class=\"ez-toc-section\" id=\"Paginas_relacionadas\"><\/span>P\u00e1ginas relacionadas<span class=\"ez-toc-section-end\"><\/span><\/h3><div class=\"enlazado\"><ul> <li><a href=\"https:\/\/idecesos.com\/seguros\/companias\/mgs\/opiniones\/\">Opiniones MGS<\/a><\/li> <li><a href=\"https:\/\/idecesos.com\/seguros\/companias\/mgs\/precio\/\">Precio seguro MGS<\/a><\/li> <li><a href=\"https:\/\/idecesos.com\/seguros\/companias\/mgs\/prima-mixta\/\">MGS Prima Mixta<\/a><\/li> <li><a href=\"https:\/\/idecesos.com\/seguros\/companias\/mgs\/prima-natural\/\">MGS Prima Natural<\/a><\/li> <li><a href=\"https:\/\/idecesos.com\/seguros\/companias\/mgs\/prima-nivelada\/\">MGS Prima Nivelada<\/a><\/li> <li><a href=\"https:\/\/idecesos.com\/seguros\/companias\/mgs\/prima-unica\/\">MGS Prima \u00danica<\/a><\/li> <li><a href=\"https:\/\/idecesos.com\/seguros\/companias\/mgs\/repatriacion\/\">MGS Repatriaci\u00f3n<\/a><\/li> <li><a href=\"https:\/\/idecesos.com\/seguros\/companias\/mgs\/telefono\/\">Tel\u00e9fono Gratuito MGS<\/a><\/li><\/ul><\/div><br \/>\n<\/div><\/p>\n","protected":false},"excerpt":{"rendered":"<p>\u00bfSab\u00edas que \u00c1vila tiene a predisposici\u00f3n diferentes delegaciones de MGS? En cual va a ser atendido por una persona con una trayectoria importante para darle el mejor servicio. Quedando apoyado en todo momento, donde solucionar\u00e1n todos sus inconvenientes al respecto. Es importante contar con oficinas, de este modo solventaran tus problemas presencialmente, sabemos que es&hellip; <\/p>\n","protected":false},"author":0,"featured_media":0,"parent":9480,"menu_order":0,"comment_status":"closed","ping_status":"closed","template":"single.php","meta":{"footnotes":""},"class_list":["post-21258","page","type-page","status-publish","hentry"],"yoast_head":"<!-- This site is optimized with the Yoast SEO plugin v27.3 - https:\/\/yoast.com\/product\/yoast-seo-wordpress\/ -->\n<title>Oficinas MGS en \u00c1vila \u25b7Tel\u00e9fonos, Horarios, Direcci\u00f3n<\/title>\n<meta name=\"description\" content=\"Lista completa de Oficinas MGS en \u00c1vila Horarios, \u2706 tel\u00e9fonos y direcciones actualizados en 2026 \u2611\ufe0f Verificado por iDecesos.\" \/>\n<meta name=\"robots\" content=\"index, follow, max-snippet:-1, max-image-preview:large, max-video-preview:-1\" \/>\n<link rel=\"canonical\" href=\"https:\/\/idecesos.com\/seguros\/companias\/mgs\/avila\/\" \/>\n<meta property=\"og:locale\" content=\"es_ES\" \/>\n<meta property=\"og:type\" content=\"article\" \/>\n<meta property=\"og:title\" content=\"Oficinas MGS en \u00c1vila \u25b7Tel\u00e9fonos, Horarios, Direcci\u00f3n\" \/>\n<meta property=\"og:description\" content=\"Lista completa de Oficinas MGS en \u00c1vila Horarios, \u2706 tel\u00e9fonos y direcciones actualizados en 2026 \u2611\ufe0f Verificado por iDecesos.\" \/>\n<meta property=\"og:url\" content=\"https:\/\/idecesos.com\/seguros\/companias\/mgs\/avila\/\" \/>\n<meta property=\"og:image\" content=\"https:\/\/idecesos.com\/seguros\/wp-content\/uploads\/2021\/10\/Diseno-sin-titulo-59-150x150.png\" \/>\n<meta name=\"twitter:card\" content=\"summary_large_image\" \/>\n<meta name=\"twitter:label1\" content=\"Tiempo de lectura\" \/>\n\t<meta name=\"twitter:data1\" content=\"39 minutos\" \/>\n<script type=\"application\/ld+json\" class=\"yoast-schema-graph\">{\"@context\":\"https:\\\/\\\/schema.org\",\"@graph\":[{\"@type\":\"WebPage\",\"@id\":\"https:\\\/\\\/idecesos.com\\\/seguros\\\/companias\\\/mgs\\\/avila\\\/\",\"url\":\"https:\\\/\\\/idecesos.com\\\/seguros\\\/companias\\\/mgs\\\/avila\\\/\",\"name\":\"Oficinas MGS en \u00c1vila \u25b7Tel\u00e9fonos, Horarios, Direcci\u00f3n\",\"isPartOf\":{\"@id\":\"https:\\\/\\\/idecesos.com\\\/seguros\\\/#website\"},\"primaryImageOfPage\":{\"@id\":\"https:\\\/\\\/idecesos.com\\\/seguros\\\/companias\\\/mgs\\\/avila\\\/#primaryimage\"},\"image\":{\"@id\":\"https:\\\/\\\/idecesos.com\\\/seguros\\\/companias\\\/mgs\\\/avila\\\/#primaryimage\"},\"thumbnailUrl\":\"https:\\\/\\\/idecesos.com\\\/seguros\\\/wp-content\\\/uploads\\\/2021\\\/10\\\/Diseno-sin-titulo-59-150x150.png\",\"datePublished\":\"2022-05-01T20:36:42+00:00\",\"description\":\"Lista completa de Oficinas MGS en \u00c1vila Horarios, \u2706 tel\u00e9fonos y direcciones actualizados en 2026 \u2611\ufe0f Verificado por iDecesos.\",\"breadcrumb\":{\"@id\":\"https:\\\/\\\/idecesos.com\\\/seguros\\\/companias\\\/mgs\\\/avila\\\/#breadcrumb\"},\"inLanguage\":\"es\",\"potentialAction\":[{\"@type\":\"ReadAction\",\"target\":[\"https:\\\/\\\/idecesos.com\\\/seguros\\\/companias\\\/mgs\\\/avila\\\/\"]}]},{\"@type\":\"ImageObject\",\"inLanguage\":\"es\",\"@id\":\"https:\\\/\\\/idecesos.com\\\/seguros\\\/companias\\\/mgs\\\/avila\\\/#primaryimage\",\"url\":\"https:\\\/\\\/idecesos.com\\\/seguros\\\/wp-content\\\/uploads\\\/2021\\\/10\\\/Diseno-sin-titulo-59.png\",\"contentUrl\":\"https:\\\/\\\/idecesos.com\\\/seguros\\\/wp-content\\\/uploads\\\/2021\\\/10\\\/Diseno-sin-titulo-59.png\",\"width\":200,\"height\":200},{\"@type\":\"BreadcrumbList\",\"@id\":\"https:\\\/\\\/idecesos.com\\\/seguros\\\/companias\\\/mgs\\\/avila\\\/#breadcrumb\",\"itemListElement\":[{\"@type\":\"ListItem\",\"position\":1,\"name\":\"Portada\",\"item\":\"https:\\\/\\\/idecesos.com\\\/seguros\\\/\"},{\"@type\":\"ListItem\",\"position\":2,\"name\":\"Compa\u00f1\u00edas de Seguros de Decesos en Espa\u00f1a\",\"item\":\"https:\\\/\\\/idecesos.com\\\/seguros\\\/companias\\\/\"},{\"@type\":\"ListItem\",\"position\":3,\"name\":\"Seguros de decesos MGS\",\"item\":\"https:\\\/\\\/idecesos.com\\\/seguros\\\/companias\\\/mgs\\\/\"},{\"@type\":\"ListItem\",\"position\":4,\"name\":\"Oficinas seguros de decesos MGS en \u00c1vila\"}]},{\"@type\":\"WebSite\",\"@id\":\"https:\\\/\\\/idecesos.com\\\/seguros\\\/#website\",\"url\":\"https:\\\/\\\/idecesos.com\\\/seguros\\\/\",\"name\":\"\",\"description\":\"\",\"potentialAction\":[{\"@type\":\"SearchAction\",\"target\":{\"@type\":\"EntryPoint\",\"urlTemplate\":\"https:\\\/\\\/idecesos.com\\\/seguros\\\/?s={search_term_string}\"},\"query-input\":{\"@type\":\"PropertyValueSpecification\",\"valueRequired\":true,\"valueName\":\"search_term_string\"}}],\"inLanguage\":\"es\"}]}<\/script>\n<!-- \/ Yoast SEO plugin. -->","yoast_head_json":{"title":"Oficinas MGS en \u00c1vila \u25b7Tel\u00e9fonos, Horarios, Direcci\u00f3n","description":"Lista completa de Oficinas MGS en \u00c1vila Horarios, \u2706 tel\u00e9fonos y direcciones actualizados en 2026 \u2611\ufe0f Verificado por iDecesos.","robots":{"index":"index","follow":"follow","max-snippet":"max-snippet:-1","max-image-preview":"max-image-preview:large","max-video-preview":"max-video-preview:-1"},"canonical":"https:\/\/idecesos.com\/seguros\/companias\/mgs\/avila\/","og_locale":"es_ES","og_type":"article","og_title":"Oficinas MGS en \u00c1vila \u25b7Tel\u00e9fonos, Horarios, Direcci\u00f3n","og_description":"Lista completa de Oficinas MGS en \u00c1vila Horarios, \u2706 tel\u00e9fonos y direcciones actualizados en 2026 \u2611\ufe0f Verificado por iDecesos.","og_url":"https:\/\/idecesos.com\/seguros\/companias\/mgs\/avila\/","og_image":[{"url":"https:\/\/idecesos.com\/seguros\/wp-content\/uploads\/2021\/10\/Diseno-sin-titulo-59-150x150.png","type":"","width":"","height":""}],"twitter_card":"summary_large_image","twitter_misc":{"Tiempo de lectura":"39 minutos"},"schema":{"@context":"https:\/\/schema.org","@graph":[{"@type":"WebPage","@id":"https:\/\/idecesos.com\/seguros\/companias\/mgs\/avila\/","url":"https:\/\/idecesos.com\/seguros\/companias\/mgs\/avila\/","name":"Oficinas MGS en \u00c1vila \u25b7Tel\u00e9fonos, Horarios, Direcci\u00f3n","isPartOf":{"@id":"https:\/\/idecesos.com\/seguros\/#website"},"primaryImageOfPage":{"@id":"https:\/\/idecesos.com\/seguros\/companias\/mgs\/avila\/#primaryimage"},"image":{"@id":"https:\/\/idecesos.com\/seguros\/companias\/mgs\/avila\/#primaryimage"},"thumbnailUrl":"https:\/\/idecesos.com\/seguros\/wp-content\/uploads\/2021\/10\/Diseno-sin-titulo-59-150x150.png","datePublished":"2022-05-01T20:36:42+00:00","description":"Lista completa de Oficinas MGS en \u00c1vila Horarios, \u2706 tel\u00e9fonos y direcciones actualizados en 2026 \u2611\ufe0f Verificado por iDecesos.","breadcrumb":{"@id":"https:\/\/idecesos.com\/seguros\/companias\/mgs\/avila\/#breadcrumb"},"inLanguage":"es","potentialAction":[{"@type":"ReadAction","target":["https:\/\/idecesos.com\/seguros\/companias\/mgs\/avila\/"]}]},{"@type":"ImageObject","inLanguage":"es","@id":"https:\/\/idecesos.com\/seguros\/companias\/mgs\/avila\/#primaryimage","url":"https:\/\/idecesos.com\/seguros\/wp-content\/uploads\/2021\/10\/Diseno-sin-titulo-59.png","contentUrl":"https:\/\/idecesos.com\/seguros\/wp-content\/uploads\/2021\/10\/Diseno-sin-titulo-59.png","width":200,"height":200},{"@type":"BreadcrumbList","@id":"https:\/\/idecesos.com\/seguros\/companias\/mgs\/avila\/#breadcrumb","itemListElement":[{"@type":"ListItem","position":1,"name":"Portada","item":"https:\/\/idecesos.com\/seguros\/"},{"@type":"ListItem","position":2,"name":"Compa\u00f1\u00edas de Seguros de Decesos en Espa\u00f1a","item":"https:\/\/idecesos.com\/seguros\/companias\/"},{"@type":"ListItem","position":3,"name":"Seguros de decesos MGS","item":"https:\/\/idecesos.com\/seguros\/companias\/mgs\/"},{"@type":"ListItem","position":4,"name":"Oficinas seguros de decesos MGS en \u00c1vila"}]},{"@type":"WebSite","@id":"https:\/\/idecesos.com\/seguros\/#website","url":"https:\/\/idecesos.com\/seguros\/","name":"","description":"","potentialAction":[{"@type":"SearchAction","target":{"@type":"EntryPoint","urlTemplate":"https:\/\/idecesos.com\/seguros\/?s={search_term_string}"},"query-input":{"@type":"PropertyValueSpecification","valueRequired":true,"valueName":"search_term_string"}}],"inLanguage":"es"}]}},"_links":{"self":[{"href":"https:\/\/idecesos.com\/seguros\/wp-json\/wp\/v2\/pages\/21258","targetHints":{"allow":["GET"]}}],"collection":[{"href":"https:\/\/idecesos.com\/seguros\/wp-json\/wp\/v2\/pages"}],"about":[{"href":"https:\/\/idecesos.com\/seguros\/wp-json\/wp\/v2\/types\/page"}],"replies":[{"embeddable":true,"href":"https:\/\/idecesos.com\/seguros\/wp-json\/wp\/v2\/comments?post=21258"}],"version-history":[{"count":0,"href":"https:\/\/idecesos.com\/seguros\/wp-json\/wp\/v2\/pages\/21258\/revisions"}],"up":[{"embeddable":true,"href":"https:\/\/idecesos.com\/seguros\/wp-json\/wp\/v2\/pages\/9480"}],"wp:attachment":[{"href":"https:\/\/idecesos.com\/seguros\/wp-json\/wp\/v2\/media?parent=21258"}],"curies":[{"name":"wp","href":"https:\/\/api.w.org\/{rel}","templated":true}]}}